{"id":9565,"date":"2022-10-13T18:04:45","date_gmt":"2022-10-13T16:04:45","guid":{"rendered":"https:\/\/www.lraloeverashop.eu\/product\/lr-mind-master-bebida-verde\/"},"modified":"2026-02-08T10:18:53","modified_gmt":"2026-02-08T09:18:53","slug":"lr-mind-master-bebida-verde","status":"publish","type":"product","link":"https:\/\/www.lraloeverashop.eu\/pt-pt\/produto\/lr-mind-master-bebida-verde\/","title":{"rendered":"Lr Mind Master Bebida Verde"},"content":{"rendered":"<h2><span style=\"font-size: 16pt;\"><strong>Lr Mind Master Bebida Verde<\/strong><\/span><\/h2>\n<p><span style=\"font-size: 14pt;\"><strong>Lr Mind Master Bebida Verde &#8211; Viva sua vida ativamente e cheia de energia!<\/strong><\/span><\/p>\n<p>Trabalho, fam\u00edlia, esporte e lazer &#8211; manter as coisas sob controle \u00e0s vezes pode ser cansativo. Isso torna ainda mais importante fornecer o equil\u00edbrio de nutrientes com vitaminas e oligoelementos \u00fateis de maneira ideal.<\/p>\n<p>&nbsp;<\/p>\n<p><strong>Lr Mind Master fornece importantes micronutrientes. Eles contribuem para:<\/strong><\/p>\n<ul>\n<li>Para uma varia\u00e7\u00e3o normal de energia,<\/li>\n<li>O funcionamento normal do sistema nervoso,<\/li>\n<li>Para uma fun\u00e7\u00e3o mental normal,<\/li>\n<li>Para reduzir a fadiga,<\/li>\n<li>Para uma fun\u00e7\u00e3o cognitiva normal,<\/li>\n<li>Para proteger as c\u00e9lulas do estresse oxidativo.<\/li>\n<\/ul>\n<p>Lr Mind Master Bebida Verde acompanha voc\u00ea durante todo o dia: para o trabalho, para a escola, para esportes etc. A sua contribui\u00e7\u00e3o di\u00e1ria para o fornecimento ideal de nutrientes com um estilo de vida ativo!<\/p>\n<p><strong>Testado cientificamente pela EFSA *<\/strong><\/p>\n<ul>\n<li>A tiamina e a vitamina B12 contribuem para um <a href=\"https:\/\/www.lraloeverashop.eu\/pt-pt\/produto\/mind-master-po-com-guarana\/\">metabolismo energ\u00e9tico<\/a> normal.<\/li>\n<li>A vitamina B12 contribui para o funcionamento normal do sistema nervoso.<\/li>\n<li>A vitamina B12 contribui para o funcionamento mental normal.<\/li>\n<li>Vitamina B12 e o ferro contribuem para a redu\u00e7\u00e3o da fadiga.<\/li>\n<li>O ferro contribui para uma fun\u00e7\u00e3o cognitiva normal.<\/li>\n<li>A vitamina E ajuda a proteger as c\u00e9lulas contra o estresse oxidativo.<\/li>\n<\/ul>\n<p>&nbsp;<\/p>\n<h3><strong><span style=\"font-size: 16pt;\">Como usar Lr bebida<\/span><\/strong><\/h3>\n<p><strong>Dose di\u00e1ria recomendada:<\/strong><br \/>\nTome 80ml de Mind Master uma vez ao dia, de prefer\u00eancia ap\u00f3s uma refei\u00e7\u00e3o. Dependendo de suas prefer\u00eancias, pode ser consumido puro ou dissolvido em \u00e1gua ou suco. Agite antes de usar. Depois de aberto, guarda-se no frigor\u00edfico.<\/p>\n<p><strong>N\u00e3o exceda a dosagem di\u00e1ria recomendada.<\/strong><br \/>\nOs suplementos alimentares n\u00e3o substituem uma <a href=\"https:\/\/www.lraloeverashop.eu\/pt-pt\/categoria-produto\/suplementosdieteticos\/\">alimenta\u00e7\u00e3o variada<\/a> e equilibrada, aliada a um estilo de vida saud\u00e1vel. Mantenha fora do alcance de crian\u00e7as.<\/p>\n<p>&nbsp;<\/p>\n<h4><span style=\"font-size: 16pt;\"><strong>Perguntas mais frequentes<\/strong><\/span><\/h4>\n<p><strong>Por que o Mind Master \u00e9 verde?<\/strong><br \/>\nA cor verde do Mind Master \u00e9 criada pela clorofila que ele cont\u00e9m. Este corante natural \u00e9 produzido pelas plantas durante a fotoss\u00edntese. Durante a fotoss\u00edntese, a clorofila \u00e9 respons\u00e1vel pela produ\u00e7\u00e3o de luz solar das plantas. Por esta raz\u00e3o, a clorofila \u00e9 uma das fontes de energia mais importantes do planeta. Por se tratar de um material natural, sua cor pode variar ligeiramente.<\/p>\n<p><strong>De onde vem o sabor especial do Lr MindMaster Verde?<\/strong><br \/>\nO sabor \u00e9 particularmente natural, devido ao teor muito elevado de extratos vegetais de <a href=\"https:\/\/www.lraloeverashop.eu\/pt-pt\/pode-o-cha-para-emagrecimento-ajudar-lhe-a-perder-peso\/\">Ch\u00e1 Verde<\/a>, sendo por isso ligeiramente amargo. A composi\u00e7\u00e3o \u00fanica do sabor \u00e9 complementada pela adi\u00e7\u00e3o da subst\u00e2ncia inovadora stevia, um ingrediente natural puro com alto valor ado\u00e7ante.<\/p>\n<p><strong>E Lr Mind Master Bebida Verde adequada para crian\u00e7as?<\/strong><br \/>\nCrian\u00e7as em idade escolar e adolescentes podem consumir Mind Master.<\/p>\n<p><strong>A Bebida \u00e9 adequada para pessoas com diabetes?<\/strong><br \/>\n<a href=\"https:\/\/www.lraloeverashop.eu\/pt-pt\/produto\/mind-master-bebida-de-performance-verde\/\">Mind Master<\/a> cont\u00e9m apenas uma pequena quantidade de a\u00e7\u00facares simples na forma de dextrose. A dose di\u00e1ria de 80 ml cont\u00e9m 0,87 equivalentes de amido. Em caso de d\u00favida sobre a adequa\u00e7\u00e3o do produto, \u00e9 aconselh\u00e1vel informar o m\u00e9dico assistente.<\/p>\n","protected":false},"excerpt":{"rendered":"<ul>\n<li>Suplemento nutricional com importantes vitaminas e oligoelementos<\/li>\n<li>Fornece micronutrientes de alta qualidade para aqueles que moldam ativamente suas vidas<\/li>\n<li>Com vitamina E para proteger as c\u00e9lulas do stress oxidativo<\/li>\n<li>Com o poder do ch\u00e1 verde<\/li>\n<li>Companheiro di\u00e1rio No trabalho, na escola ou ..<\/li>\n<li>Quantidade: 500ml<\/li>\n<\/ul>\n<p><span style=\"color: #ff0000;\"><a style=\"color: #ff0000;\" href=\"https:\/\/shop.lrworld.com\/openpao?PHP=0vFlt7jT938BEnBI3a6e9w%3D%3D\"><span style=\"font-size: 14pt;\"><strong>Registe-se aqui e poupe 35% em todos os pedidos<\/strong><\/span><\/a><\/span><\/p>\n","protected":false},"featured_media":5631,"comment_status":"open","ping_status":"closed","template":"","meta":{"_kad_blocks_custom_css":"","_kad_blocks_head_custom_js":"","_kad_blocks_body_custom_js":"","_kad_blocks_footer_custom_js":"","_kadence_starter_templates_imported_post":false,"_kad_post_transparent":"default","_kad_post_title":"","_kad_post_layout":"default","_kad_post_sidebar_id":"","_kad_post_content_style":"default","_kad_post_vertical_padding":"default","_kad_post_feature":"","_kad_post_feature_position":"","_kad_post_header":false,"_kad_post_footer":false,"_kad_post_classname":""},"product_brand":[],"product_cat":[443,467,503,413],"product_tag":[668],"class_list":{"0":"post-9565","1":"product","2":"type-product","3":"status-publish","4":"has-post-thumbnail","6":"product_cat-desempenho-e-energia","7":"product_cat-lr-especialistas","8":"product_cat-mind-master-pt-pt","9":"product_cat-produtos-especiais","10":"product_tag-energia-pt-pt","12":"first","13":"instock","14":"taxable","15":"shipping-taxable","16":"purchasable","17":"product-type-simple","18":"entry","19":"content-bg","20":"loop-entry"},"yoast_head":"<!-- This site is optimized with the Yoast SEO Premium plugin v27.4 (Yoast SEO v27.4) - https:\/\/yoast.com\/product\/yoast-seo-premium-wordpress\/ -->\n<title>Lr Mind Master Bebida Verde - Viva sua vida com plena energia!<\/title>\n<meta name=\"description\" content=\"Lr Mind Master Bebida Verde para proteger as c\u00e9lulas do estresse oxidativo, reduzir a fadiga, fun\u00e7\u00e3o mental normal, sistema nervoso. Com Tiamina e ch\u00e1 verde\" \/>\n<meta name=\"robots\" content=\"index, follow, max-snippet:-1, max-image-preview:large, max-video-preview:-1\" \/>\n<link rel=\"canonical\" href=\"https:\/\/www.lraloeverashop.eu\/pt-pt\/produto\/lr-mind-master-bebida-verde\/\" \/>\n<meta property=\"og:locale\" content=\"pt_PT\" \/>\n<meta property=\"og:type\" content=\"article\" \/>\n<meta property=\"og:title\" content=\"Lr Mind Master Bebida Verde\" \/>\n<meta property=\"og:description\" content=\"Lr Mind Master Bebida Verde para proteger as c\u00e9lulas do estresse oxidativo, reduzir a fadiga, fun\u00e7\u00e3o mental normal, sistema nervoso. Com Tiamina e ch\u00e1 verde\" \/>\n<meta property=\"og:url\" content=\"https:\/\/www.lraloeverashop.eu\/pt-pt\/produto\/lr-mind-master-bebida-verde\/\" \/>\n<meta property=\"og:site_name\" content=\"Lr Loja Aloe Vera\" \/>\n<meta property=\"article:publisher\" content=\"https:\/\/www.facebook.com\/lraloeverashop.eu\" \/>\n<meta property=\"article:modified_time\" content=\"2026-02-08T09:18:53+00:00\" \/>\n<meta property=\"og:image\" content=\"https:\/\/www.lraloeverashop.eu\/wp-content\/uploads\/2022\/10\/Lr-Mind-master-performance-drink-green.jpg\" \/>\n\t<meta property=\"og:image:width\" content=\"1200\" \/>\n\t<meta property=\"og:image:height\" content=\"1200\" \/>\n\t<meta property=\"og:image:type\" content=\"image\/jpeg\" \/>\n<meta name=\"twitter:card\" content=\"summary_large_image\" \/>\n<meta name=\"twitter:site\" content=\"@natur__kosmetik\" \/>\n<script type=\"application\/ld+json\" class=\"yoast-schema-graph\">{\"@context\":\"https:\\\/\\\/schema.org\",\"@graph\":[{\"@type\":[\"WebPage\",\"ItemPage\"],\"@id\":\"https:\\\/\\\/www.lraloeverashop.eu\\\/pt-pt\\\/produto\\\/lr-mind-master-bebida-verde\\\/\",\"url\":\"https:\\\/\\\/www.lraloeverashop.eu\\\/pt-pt\\\/produto\\\/lr-mind-master-bebida-verde\\\/\",\"name\":\"Lr Mind Master Bebida Verde - Viva sua vida com plena energia!\",\"isPartOf\":{\"@id\":\"https:\\\/\\\/www.lraloeverashop.eu\\\/pt-pt\\\/#website\"},\"primaryImageOfPage\":{\"@id\":\"https:\\\/\\\/www.lraloeverashop.eu\\\/pt-pt\\\/produto\\\/lr-mind-master-bebida-verde\\\/#primaryimage\"},\"image\":{\"@id\":\"https:\\\/\\\/www.lraloeverashop.eu\\\/pt-pt\\\/produto\\\/lr-mind-master-bebida-verde\\\/#primaryimage\"},\"thumbnailUrl\":\"https:\\\/\\\/www.lraloeverashop.eu\\\/wp-content\\\/uploads\\\/2022\\\/10\\\/Lr-Mind-master-performance-drink-green.jpg\",\"datePublished\":\"2022-10-13T16:04:45+00:00\",\"dateModified\":\"2026-02-08T09:18:53+00:00\",\"description\":\"Lr Mind Master Bebida Verde para proteger as c\u00e9lulas do estresse oxidativo, reduzir a fadiga, fun\u00e7\u00e3o mental normal, sistema nervoso. Com Tiamina e ch\u00e1 verde\",\"breadcrumb\":{\"@id\":\"https:\\\/\\\/www.lraloeverashop.eu\\\/pt-pt\\\/produto\\\/lr-mind-master-bebida-verde\\\/#breadcrumb\"},\"inLanguage\":\"pt-PT\",\"potentialAction\":[{\"@type\":\"ReadAction\",\"target\":[\"https:\\\/\\\/www.lraloeverashop.eu\\\/pt-pt\\\/produto\\\/lr-mind-master-bebida-verde\\\/\"]}]},{\"@type\":\"ImageObject\",\"inLanguage\":\"pt-PT\",\"@id\":\"https:\\\/\\\/www.lraloeverashop.eu\\\/pt-pt\\\/produto\\\/lr-mind-master-bebida-verde\\\/#primaryimage\",\"url\":\"https:\\\/\\\/www.lraloeverashop.eu\\\/wp-content\\\/uploads\\\/2022\\\/10\\\/Lr-Mind-master-performance-drink-green.jpg\",\"contentUrl\":\"https:\\\/\\\/www.lraloeverashop.eu\\\/wp-content\\\/uploads\\\/2022\\\/10\\\/Lr-Mind-master-performance-drink-green.jpg\",\"width\":1200,\"height\":1200,\"caption\":\"Lr Mind master performance bebida verde\"},{\"@type\":\"BreadcrumbList\",\"@id\":\"https:\\\/\\\/www.lraloeverashop.eu\\\/pt-pt\\\/produto\\\/lr-mind-master-bebida-verde\\\/#breadcrumb\",\"itemListElement\":[{\"@type\":\"ListItem\",\"position\":1,\"name\":\"Home\",\"item\":\"https:\\\/\\\/www.lraloeverashop.eu\\\/pt-pt\\\/\"},{\"@type\":\"ListItem\",\"position\":2,\"name\":\"Loja\",\"item\":\"https:\\\/\\\/www.lraloeverashop.eu\\\/pt-pt\\\/loja\\\/\"},{\"@type\":\"ListItem\",\"position\":3,\"name\":\"Lr Mind Master Bebida Verde\"}]},{\"@type\":\"WebSite\",\"@id\":\"https:\\\/\\\/www.lraloeverashop.eu\\\/pt-pt\\\/#website\",\"url\":\"https:\\\/\\\/www.lraloeverashop.eu\\\/pt-pt\\\/\",\"name\":\"Lr Loja Aloe Vera\",\"description\":\"High Quality Lr Aloe Vera Gel, Aloe Vera Cream and Shampoo\",\"publisher\":{\"@id\":\"https:\\\/\\\/www.lraloeverashop.eu\\\/pt-pt\\\/#organization\"},\"potentialAction\":[{\"@type\":\"SearchAction\",\"target\":{\"@type\":\"EntryPoint\",\"urlTemplate\":\"https:\\\/\\\/www.lraloeverashop.eu\\\/pt-pt\\\/?s={search_term_string}\"},\"query-input\":{\"@type\":\"PropertyValueSpecification\",\"valueRequired\":true,\"valueName\":\"search_term_string\"}}],\"inLanguage\":\"pt-PT\"},{\"@type\":\"Organization\",\"@id\":\"https:\\\/\\\/www.lraloeverashop.eu\\\/pt-pt\\\/#organization\",\"name\":\"Loja Lr Aloe Vera\",\"alternateName\":\"LR\",\"url\":\"https:\\\/\\\/www.lraloeverashop.eu\\\/pt-pt\\\/\",\"logo\":{\"@type\":\"ImageObject\",\"inLanguage\":\"pt-PT\",\"@id\":\"https:\\\/\\\/www.lraloeverashop.eu\\\/pt-pt\\\/#\\\/schema\\\/logo\\\/image\\\/\",\"url\":\"https:\\\/\\\/www.lraloeverashop.eu\\\/wp-content\\\/uploads\\\/2022\\\/09\\\/cropped-Lr-Aloe-Vera-Shop.jpg\",\"contentUrl\":\"https:\\\/\\\/www.lraloeverashop.eu\\\/wp-content\\\/uploads\\\/2022\\\/09\\\/cropped-Lr-Aloe-Vera-Shop.jpg\",\"width\":228,\"height\":76,\"caption\":\"Loja Lr Aloe Vera\"},\"image\":{\"@id\":\"https:\\\/\\\/www.lraloeverashop.eu\\\/pt-pt\\\/#\\\/schema\\\/logo\\\/image\\\/\"},\"sameAs\":[\"https:\\\/\\\/www.facebook.com\\\/lraloeverashop.eu\",\"https:\\\/\\\/x.com\\\/natur__kosmetik\",\"https:\\\/\\\/www.youtube.com\\\/channel\\\/UC5oN7BJ8nfYb8RpVtjwDEBA\",\"https:\\\/\\\/www.instagram.com\\\/lrbeautyeu\\\/\"],\"description\":\"Loja Lr Aloe Vera \u00e9 o seu destino de confian\u00e7a para os produtos de sa\u00fade e beleza premium da LR, fabricados na Alemanha. Oferecemos solu\u00e7\u00f5es de alta qualidade para o cuidado da pele, nutri\u00e7\u00e3o e antienvelhecimento \u00e0 base de Alo\u00e9 Vera, elaboradas com ingredientes puros e apoiadas em investiga\u00e7\u00e3o cient\u00edfica. Descubra o cuidado natural que regenera, protege e revitaliza a sua pele \u2014 e aproveite as ofertas mensais exclusivas nos nossos produtos LR Alo\u00e9 Vera mais vendidos.\\nComece hoje mesmo a sua jornada de cuidados naturais com a pele e sinta a diferen\u00e7a.\",\"email\":\"info@lraloeverashop.eu\",\"telephone\":\"+49 17670609653\",\"legalName\":\"Lr Aloe Vera Shop\",\"foundingDate\":\"2018-04-21\",\"numberOfEmployees\":{\"@type\":\"QuantitativeValue\",\"minValue\":\"1\",\"maxValue\":\"10\"}}]}<\/script>\n<meta property=\"product:price:amount\" content=\"20.99\" \/>\n<meta property=\"product:price:currency\" content=\"EUR\" \/>\n<meta property=\"og:availability\" content=\"instock\" \/>\n<meta property=\"product:availability\" content=\"instock\" \/>\n<meta property=\"product:retailer_item_id\" content=\"80900-401PT\" \/>\n<meta property=\"product:condition\" content=\"new\" \/>\n<!-- \/ Yoast SEO Premium plugin. -->","yoast_head_json":{"title":"Lr Mind Master Bebida Verde - Viva sua vida com plena energia!","description":"Lr Mind Master Bebida Verde para proteger as c\u00e9lulas do estresse oxidativo, reduzir a fadiga, fun\u00e7\u00e3o mental normal, sistema nervoso. Com Tiamina e ch\u00e1 verde","robots":{"index":"index","follow":"follow","max-snippet":"max-snippet:-1","max-image-preview":"max-image-preview:large","max-video-preview":"max-video-preview:-1"},"canonical":"https:\/\/www.lraloeverashop.eu\/pt-pt\/produto\/lr-mind-master-bebida-verde\/","og_locale":"pt_PT","og_type":"article","og_title":"Lr Mind Master Bebida Verde","og_description":"Lr Mind Master Bebida Verde para proteger as c\u00e9lulas do estresse oxidativo, reduzir a fadiga, fun\u00e7\u00e3o mental normal, sistema nervoso. Com Tiamina e ch\u00e1 verde","og_url":"https:\/\/www.lraloeverashop.eu\/pt-pt\/produto\/lr-mind-master-bebida-verde\/","og_site_name":"Lr Loja Aloe Vera","article_publisher":"https:\/\/www.facebook.com\/lraloeverashop.eu","article_modified_time":"2026-02-08T09:18:53+00:00","og_image":[{"width":1200,"height":1200,"url":"https:\/\/www.lraloeverashop.eu\/wp-content\/uploads\/2022\/10\/Lr-Mind-master-performance-drink-green.jpg","type":"image\/jpeg"}],"twitter_card":"summary_large_image","twitter_site":"@natur__kosmetik","schema":{"@context":"https:\/\/schema.org","@graph":[{"@type":["WebPage","ItemPage"],"@id":"https:\/\/www.lraloeverashop.eu\/pt-pt\/produto\/lr-mind-master-bebida-verde\/","url":"https:\/\/www.lraloeverashop.eu\/pt-pt\/produto\/lr-mind-master-bebida-verde\/","name":"Lr Mind Master Bebida Verde - Viva sua vida com plena energia!","isPartOf":{"@id":"https:\/\/www.lraloeverashop.eu\/pt-pt\/#website"},"primaryImageOfPage":{"@id":"https:\/\/www.lraloeverashop.eu\/pt-pt\/produto\/lr-mind-master-bebida-verde\/#primaryimage"},"image":{"@id":"https:\/\/www.lraloeverashop.eu\/pt-pt\/produto\/lr-mind-master-bebida-verde\/#primaryimage"},"thumbnailUrl":"https:\/\/www.lraloeverashop.eu\/wp-content\/uploads\/2022\/10\/Lr-Mind-master-performance-drink-green.jpg","datePublished":"2022-10-13T16:04:45+00:00","dateModified":"2026-02-08T09:18:53+00:00","description":"Lr Mind Master Bebida Verde para proteger as c\u00e9lulas do estresse oxidativo, reduzir a fadiga, fun\u00e7\u00e3o mental normal, sistema nervoso. Com Tiamina e ch\u00e1 verde","breadcrumb":{"@id":"https:\/\/www.lraloeverashop.eu\/pt-pt\/produto\/lr-mind-master-bebida-verde\/#breadcrumb"},"inLanguage":"pt-PT","potentialAction":[{"@type":"ReadAction","target":["https:\/\/www.lraloeverashop.eu\/pt-pt\/produto\/lr-mind-master-bebida-verde\/"]}]},{"@type":"ImageObject","inLanguage":"pt-PT","@id":"https:\/\/www.lraloeverashop.eu\/pt-pt\/produto\/lr-mind-master-bebida-verde\/#primaryimage","url":"https:\/\/www.lraloeverashop.eu\/wp-content\/uploads\/2022\/10\/Lr-Mind-master-performance-drink-green.jpg","contentUrl":"https:\/\/www.lraloeverashop.eu\/wp-content\/uploads\/2022\/10\/Lr-Mind-master-performance-drink-green.jpg","width":1200,"height":1200,"caption":"Lr Mind master performance bebida verde"},{"@type":"BreadcrumbList","@id":"https:\/\/www.lraloeverashop.eu\/pt-pt\/produto\/lr-mind-master-bebida-verde\/#breadcrumb","itemListElement":[{"@type":"ListItem","position":1,"name":"Home","item":"https:\/\/www.lraloeverashop.eu\/pt-pt\/"},{"@type":"ListItem","position":2,"name":"Loja","item":"https:\/\/www.lraloeverashop.eu\/pt-pt\/loja\/"},{"@type":"ListItem","position":3,"name":"Lr Mind Master Bebida Verde"}]},{"@type":"WebSite","@id":"https:\/\/www.lraloeverashop.eu\/pt-pt\/#website","url":"https:\/\/www.lraloeverashop.eu\/pt-pt\/","name":"Lr Loja Aloe Vera","description":"High Quality Lr Aloe Vera Gel, Aloe Vera Cream and Shampoo","publisher":{"@id":"https:\/\/www.lraloeverashop.eu\/pt-pt\/#organization"},"potentialAction":[{"@type":"SearchAction","target":{"@type":"EntryPoint","urlTemplate":"https:\/\/www.lraloeverashop.eu\/pt-pt\/?s={search_term_string}"},"query-input":{"@type":"PropertyValueSpecification","valueRequired":true,"valueName":"search_term_string"}}],"inLanguage":"pt-PT"},{"@type":"Organization","@id":"https:\/\/www.lraloeverashop.eu\/pt-pt\/#organization","name":"Loja Lr Aloe Vera","alternateName":"LR","url":"https:\/\/www.lraloeverashop.eu\/pt-pt\/","logo":{"@type":"ImageObject","inLanguage":"pt-PT","@id":"https:\/\/www.lraloeverashop.eu\/pt-pt\/#\/schema\/logo\/image\/","url":"https:\/\/www.lraloeverashop.eu\/wp-content\/uploads\/2022\/09\/cropped-Lr-Aloe-Vera-Shop.jpg","contentUrl":"https:\/\/www.lraloeverashop.eu\/wp-content\/uploads\/2022\/09\/cropped-Lr-Aloe-Vera-Shop.jpg","width":228,"height":76,"caption":"Loja Lr Aloe Vera"},"image":{"@id":"https:\/\/www.lraloeverashop.eu\/pt-pt\/#\/schema\/logo\/image\/"},"sameAs":["https:\/\/www.facebook.com\/lraloeverashop.eu","https:\/\/x.com\/natur__kosmetik","https:\/\/www.youtube.com\/channel\/UC5oN7BJ8nfYb8RpVtjwDEBA","https:\/\/www.instagram.com\/lrbeautyeu\/"],"description":"Loja Lr Aloe Vera \u00e9 o seu destino de confian\u00e7a para os produtos de sa\u00fade e beleza premium da LR, fabricados na Alemanha. Oferecemos solu\u00e7\u00f5es de alta qualidade para o cuidado da pele, nutri\u00e7\u00e3o e antienvelhecimento \u00e0 base de Alo\u00e9 Vera, elaboradas com ingredientes puros e apoiadas em investiga\u00e7\u00e3o cient\u00edfica. Descubra o cuidado natural que regenera, protege e revitaliza a sua pele \u2014 e aproveite as ofertas mensais exclusivas nos nossos produtos LR Alo\u00e9 Vera mais vendidos.\nComece hoje mesmo a sua jornada de cuidados naturais com a pele e sinta a diferen\u00e7a.","email":"info@lraloeverashop.eu","telephone":"+49 17670609653","legalName":"Lr Aloe Vera Shop","foundingDate":"2018-04-21","numberOfEmployees":{"@type":"QuantitativeValue","minValue":"1","maxValue":"10"}}]},"product_price_amount":"20.99","product_price_currency":"EUR","og_availability":"instock","product_availability":"instock","product_retailer_item_id":"80900-401PT","product_condition":"new"},"taxonomy_info":{"product_cat":[{"value":443,"label":"Desempenho e Energia"},{"value":467,"label":"Especialistas"},{"value":503,"label":"Mind Master"},{"value":413,"label":"Produtos Especiais"}],"product_tag":[{"value":668,"label":"Energia"}]},"featured_image_src_large":["https:\/\/www.lraloeverashop.eu\/wp-content\/uploads\/2022\/10\/Lr-Mind-master-performance-drink-green-1024x1024.jpg",1024,1024,true],"author_info":[],"comment_info":0,"_links":{"self":[{"href":"https:\/\/www.lraloeverashop.eu\/pt-pt\/wp-json\/wp\/v2\/product\/9565","targetHints":{"allow":["GET"]}}],"collection":[{"href":"https:\/\/www.lraloeverashop.eu\/pt-pt\/wp-json\/wp\/v2\/product"}],"about":[{"href":"https:\/\/www.lraloeverashop.eu\/pt-pt\/wp-json\/wp\/v2\/types\/product"}],"replies":[{"embeddable":true,"href":"https:\/\/www.lraloeverashop.eu\/pt-pt\/wp-json\/wp\/v2\/comments?post=9565"}],"wp:featuredmedia":[{"embeddable":true,"href":"https:\/\/www.lraloeverashop.eu\/pt-pt\/wp-json\/wp\/v2\/media\/5631"}],"wp:attachment":[{"href":"https:\/\/www.lraloeverashop.eu\/pt-pt\/wp-json\/wp\/v2\/media?parent=9565"}],"wp:term":[{"taxonomy":"product_brand","embeddable":true,"href":"https:\/\/www.lraloeverashop.eu\/pt-pt\/wp-json\/wp\/v2\/product_brand?post=9565"},{"taxonomy":"product_cat","embeddable":true,"href":"https:\/\/www.lraloeverashop.eu\/pt-pt\/wp-json\/wp\/v2\/product_cat?post=9565"},{"taxonomy":"product_tag","embeddable":true,"href":"https:\/\/www.lraloeverashop.eu\/pt-pt\/wp-json\/wp\/v2\/product_tag?post=9565"}],"curies":[{"name":"wp","href":"https:\/\/api.w.org\/{rel}","templated":true}]}}