{"id":9516,"date":"2022-10-14T08:54:04","date_gmt":"2022-10-14T06:54:04","guid":{"rendered":"https:\/\/www.lraloeverashop.eu\/product\/set-de-night-master\/"},"modified":"2026-02-08T10:17:49","modified_gmt":"2026-02-08T09:17:49","slug":"set-de-night-master","status":"publish","type":"product","link":"https:\/\/www.lraloeverashop.eu\/pt-pt\/produto\/set-de-night-master\/","title":{"rendered":"Set de Night Master"},"content":{"rendered":"<h2><span style=\"font-size: 16pt;\"><strong>Set de Night Master<\/strong><\/span><\/h2>\n<p><span style=\"font-size: 14pt;\"><strong>Set de Night Master pode ajudar a dormir melhor<\/strong><\/span><\/p>\n<p>Set de Night Master para dormir proporciona um sono regenerativo a longo prazo e assim contribui para a melhoria da qualidade de vida.<\/p>\n<p>Night Master para dormir relaxa corpo e alma a longo prazo se tomado regularmente e permite que voc\u00ea adorme\u00e7a mais r\u00e1pido. Relaxamento e paz para o corpo e a alma s\u00e3o a chave para adormecer rapidamente. Sem eles, os pensamentos n\u00e3o param e os m\u00fasculos n\u00e3o podem relaxar.<\/p>\n<p>Melhora a qualidade do sono e ap\u00f3ia a produ\u00e7\u00e3o natural do horm\u00f4nio do sono melatonina pelo corpo. Muitos fatores contribuem para um bom sono. O n\u00edvel de melatonina \u00e9 crucial. A melatonina regula as fases do sono e da vig\u00edlia. Numa concentra\u00e7\u00e3o adequada, cansa-o e permite-lhe adormecer rapidamente e dormir toda a noite.<\/p>\n<p>Set de Night Master melhora a recupera\u00e7\u00e3o natural do corpo e da alma durante o sono, para que voc\u00ea acorde em forma e bem descansado e recarregue as baterias para o dia. A regenera\u00e7\u00e3o durante o sono \u00e9 essencial: processamos informa\u00e7\u00f5es, impress\u00f5es e est\u00edmulos enquanto dormimos. S\u00e3o liberados horm\u00f4nios de crescimento que estimulam o crescimento muscular e os mecanismos de reparo. O sistema imunol\u00f3gico tamb\u00e9m pode se recuperar.<\/p>\n<h3><img loading=\"lazy\" decoding=\"async\" class=\"alignright wp-image-2905 size-full\" src=\"https:\/\/www.lraloeverashop.eu\/wp-content\/uploads\/2022\/10\/How-to-fall-sleep-and-which-direction-for-sleep-is-the-best-300x292-1.jpg\" alt=\"How to fall sleep and which direction for sleep is the best\" width=\"450\" height=\"438\" srcset=\"https:\/\/www.lraloeverashop.eu\/wp-content\/uploads\/2022\/10\/How-to-fall-sleep-and-which-direction-for-sleep-is-the-best-300x292-1.jpg 450w, https:\/\/www.lraloeverashop.eu\/wp-content\/uploads\/2022\/10\/How-to-fall-sleep-and-which-direction-for-sleep-is-the-best-300x292-1-300x292.jpg 300w\" sizes=\"auto, (max-width: 450px) 100vw, 450px\" \/><\/h3>\n<h3><\/h3>\n<h3><span style=\"font-size: 16pt;\"><strong>Set de Night Master &#8211; Recupera\u00e7\u00e3o natural durante a noite<\/strong><\/span><\/h3>\n<p>Um sono reparador e regenerador \u00e9 essencial para as pessoas &#8211; para o corpo e a mente. A combina\u00e7\u00e3o certa de nutrientes tamb\u00e9m pode apoiar o sono. Al\u00e9m disso, mesmo pequenos ajustes na vida cotidiana podem fazer muito bem para um sono reparador.<\/p>\n<h4><span style=\"font-size: 16pt;\"><strong>Dicas de especialistas:<\/strong><\/span><\/h4>\n<p><strong>Nutri\u00e7\u00e3o<\/strong><br \/>\nOs \u00f3rg\u00e3os internos tamb\u00e9m t\u00eam seu ritmo. P\u00e2ncreas e intestinos, por ex. B. mude para fogo baixo \u00e0 noite. Portanto, o hor\u00e1rio e a quantidade de comida t\u00eam impacto na qualidade do sono e no valor da recupera\u00e7\u00e3o. Lembre-se que ap\u00f3s a \u00faltima refei\u00e7\u00e3o, o corpo tem muitas horas para digerir.<\/p>\n<p>Pelo menos durante a semana, planeje sua refei\u00e7\u00e3o da noite para que voc\u00ea ainda esteja bem saturado, mas n\u00e3o v\u00e1 para a cama completamente. Existem tamb\u00e9m alimentos que podem nos ajudar a dormir.<\/p>\n<p><strong>Modo de vida<\/strong><br \/>\nQuanto mais ativo voc\u00ea passar o dia, melhor poder\u00e1 dormir \u00e0 noite. N\u00e3o fique sentado por mais de 20 minutos de cada vez. Levante-se com mais frequ\u00eancia. A ida \u00e0 m\u00e1quina de caf\u00e9 ou ao banheiro tamb\u00e9m conta.<\/p>\n<p>Se voc\u00ea n\u00e3o sai regularmente ou pode praticar esportes, planeje pequenas unidades de movimento de 1 a 2 minutos durante o dia. Ent\u00e3o o estresse n\u00e3o pode se instalar t\u00e3o facilmente no corpo.<\/p>\n<p><strong>Movimento<\/strong><br \/>\nMuitas influ\u00eancias internas e externas afetam nosso sono. Vale a pena otimiz\u00e1-los. Porque a nossa qualidade de sono depende do nosso bem-estar imediato e, a longo prazo, da nossa sa\u00fade. Pequenas coisas podem ter um grande impacto aqui.<\/p>\n<p>&nbsp;<\/p>\n<p><img loading=\"lazy\" decoding=\"async\" class=\"size-full wp-image-2907 alignleft\" src=\"https:\/\/www.lraloeverashop.eu\/wp-content\/uploads\/2022\/10\/Sleep-quality-improvement.jpg\" alt=\"Sleep quality improvement\" width=\"461\" height=\"510\" srcset=\"https:\/\/www.lraloeverashop.eu\/wp-content\/uploads\/2022\/10\/Sleep-quality-improvement.jpg 461w, https:\/\/www.lraloeverashop.eu\/wp-content\/uploads\/2022\/10\/Sleep-quality-improvement-271x300.jpg 271w\" sizes=\"auto, (max-width: 461px) 100vw, 461px\" \/><\/p>\n<h2><\/h2>\n<h2><span style=\"font-size: 16pt;\"><strong>Ingredientes e efeitos do Set de Night Master<\/strong><\/span><\/h2>\n<p>Set de Night Master cont\u00e9m ingredientes naturais importantes, como Aloe vera, a\u00e7afr\u00e3o e extrato de l\u00fapulo. Al\u00e9m disso, cont\u00e9m L-triptofano, magn\u00e9sio, zinco e quatro vitaminas B.<\/p>\n<p><strong>Aloe vera<\/strong> suporta processos de ac\u00famulo e regenera\u00e7\u00e3o durante a noite e ajuda voc\u00ea a acordar revigorado. Tamb\u00e9m aumenta a utiliza\u00e7\u00e3o de outros ingredientes ativos no corpo e, assim, aumenta a biodisponibilidade.<\/p>\n<p><strong>O a\u00e7afr\u00e3o<\/strong> ajuda a adormecer mais r\u00e1pido, melhora a qualidade do sono e a recupera\u00e7\u00e3o durante a noite.8,9 Al\u00e9m disso, reduz a ansiedade.9 O a\u00e7afr\u00e3o cont\u00e9m antioxidantes, entre outros ingredientes. Respons\u00e1veis por isso s\u00e3o as subst\u00e2ncias vegetais secund\u00e1rias do a\u00e7afr\u00e3o, como os caroten\u00f3ides. Eles s\u00e3o chamados de crocina e crocetina e s\u00e3o respons\u00e1veis pela cor amarela do a\u00e7afr\u00e3o.<\/p>\n<p><strong>O L-triptofano<\/strong> pertence aos amino\u00e1cidos essenciais e n\u00e3o pode ser produzido pelo corpo humano, mas deve ser absorvido atrav\u00e9s dos alimentos. O L-triptofano \u00e9 o precursor da serotonina (tamb\u00e9m conhecida como horm\u00f4nio da felicidade), que por sua vez \u00e9 convertida no horm\u00f4nio do sono melatonina.<\/p>\n<p><strong>O Mineral Magn\u00e9sio<\/strong> est\u00e1 envolvido em praticamente todas as fun\u00e7\u00f5es do corpo e, portanto, influencia, por ex. m\u00fasculos e c\u00e9lulas nervosas. Al\u00e9m disso, tamb\u00e9m \u00e9 respons\u00e1vel pela convers\u00e3o do amino\u00e1cido essencial L-triptofano em serotonina, bem como pela produ\u00e7\u00e3o de melatonina. A melatonina \u00e9 o horm\u00f4nio do sono que controla o ritmo sono-vig\u00edlia do corpo.<\/p>\n<p><strong>O zinco<\/strong> no Set de Night Master Melhorador da Qualidade do Sono \u00e9 um oligoelemento vital e o segundo mais comum no corpo humano. \u00c9 respons\u00e1vel por v\u00e1rios processos metab\u00f3licos: o zinco, por exemplo, desempenha um papel importante durante a regenera\u00e7\u00e3o, como os processos de crescimento do corpo e o fortalecimento do sistema imunol\u00f3gico. O zinco tamb\u00e9m est\u00e1 envolvido na forma\u00e7\u00e3o de serotonina e sua convers\u00e3o em melatonina.<\/p>\n<p><strong>Vitamina B<\/strong> tamb\u00e9m s\u00e3o chamadas de vitaminas nervosas ou energ\u00e9ticas. Eles desempenham um papel importante na forma\u00e7\u00e3o de serotonina e melatonina e, portanto, contribuem para o pr\u00f3prio ritmo natural de sono-vig\u00edlia do corpo.<br \/>\nA niacina (vitamina B3) regula o metabolismo energ\u00e9tico nas c\u00e9lulas (mitoc\u00f4ndrias) e contribui para a regenera\u00e7\u00e3o.<br \/>\nA vitamina B6 \u00e9 importante para o metabolismo dos amino\u00e1cidos e est\u00e1 envolvida na produ\u00e7\u00e3o de neurotransmissores como a serotonina e no sistema imunol\u00f3gico.<\/p>\n<p><strong>A tiamina<\/strong> (vitamina B1) apoia a <a href=\"https:\/\/www.lraloeverashop.eu\/pt-pt\/produto\/aloe-vera-gel-bebivel-imune-plus\/\">regenera\u00e7\u00e3o do corpo<\/a> e da alma.<br \/>\nA vitamina B12 suporta a divis\u00e3o celular e, portanto, promove a regenera\u00e7\u00e3o natural. Reduz o cansa\u00e7o e a fadiga a longo prazo.<\/p>\n<div class=\"entry-content-asset videofit\"><iframe loading=\"lazy\" title=\"LR Lifetakt Night Master, para uma boa noite de sono\" width=\"720\" height=\"405\" src=\"https:\/\/www.youtube.com\/embed\/L_pUvIesBIg?feature=oembed\" frameborder=\"0\" allow=\"accelerometer; autoplay; clipboard-write; encrypted-media; gyroscope; picture-in-picture; web-share\" referrerpolicy=\"strict-origin-when-cross-origin\" allowfullscreen><\/iframe><\/div>\n<h3><span style=\"font-size: 16pt;\"><strong>Voc\u00ea sabia?<\/strong><\/span><\/h3>\n<p>Set de Night Master Reparador do Sono \u00e9 100% vegano, livre de gl\u00faten, lactose e a\u00e7\u00facar. Cont\u00e9m ingredientes naturais importantes, como Aloe vera, a\u00e7afr\u00e3o e extrato de l\u00fapulo. Al\u00e9m disso, cont\u00e9m L-triptofano, magn\u00e9sio, zinco e quatro vitaminas B. Night Master pode ser tomado diariamente por um per\u00edodo mais longo sem qualquer risco de depend\u00eancia.<\/p>\n<p>&nbsp;<\/p>\n<h4><span style=\"font-size: 16pt;\"><strong>Como usar<\/strong><\/span><\/h4>\n<p>Misture o conte\u00fado de um stick em 100ml de \u00e1gua e beba 30 minutos antes de ir para a cama. <a href=\"https:\/\/www.lraloeverashop.eu\/pt-pt\/produto\/night-master-melhorador-do-sono\/\">Night Master<\/a> tamb\u00e9m pode ser tomado ap\u00f3s escovar os dentes, pois n\u00e3o cont\u00e9m a\u00e7\u00facar.<\/p>\n","protected":false},"excerpt":{"rendered":"<ul>\n<li>Adorme\u00e7a mais facilmente gra\u00e7as ao seu efeito relaxante<\/li>\n<li>Durma profundamente com a melhoria da qualidade do sono<\/li>\n<li>Com Aloe vera, a\u00e7afr\u00e3o e extrato de l\u00fapulo.<\/li>\n<li>Cont\u00e9m L-triptofano, magn\u00e9sio, zinco e vitaminas B.<\/li>\n<li>Livre de gl\u00faten, lactose e a\u00e7\u00facar<\/li>\n<li>100% vegano<\/li>\n<li>Quantidade: 3 x 111g \u2013 90 Sticks de 3,7 g cada<\/li>\n<\/ul>\n<p><span style=\"color: #ff0000;\"><a style=\"color: #ff0000;\" href=\"https:\/\/shop.lrworld.com\/openpao?PHP=0vFlt7jT938BEnBI3a6e9w%3D%3D\"><span style=\"font-size: 14pt;\"><strong>Registe-se aqui e poupe 35% em todos os pedidos<\/strong><\/span><\/a><\/span><\/p>\n","protected":false},"featured_media":5787,"comment_status":"open","ping_status":"closed","template":"","meta":{"_kad_blocks_custom_css":"","_kad_blocks_head_custom_js":"","_kad_blocks_body_custom_js":"","_kad_blocks_footer_custom_js":"","_kadence_starter_templates_imported_post":false,"_kad_post_transparent":"default","_kad_post_title":"","_kad_post_layout":"default","_kad_post_sidebar_id":"","_kad_post_content_style":"default","_kad_post_vertical_padding":"default","_kad_post_feature":"","_kad_post_feature_position":"","_kad_post_header":false,"_kad_post_footer":false,"_kad_post_classname":""},"product_brand":[],"product_cat":[460,467,449],"product_tag":[],"class_list":{"0":"post-9516","1":"product","2":"type-product","3":"status-publish","4":"has-post-thumbnail","6":"product_cat-economize-em-conjuntos","7":"product_cat-lr-especialistas","8":"product_cat-relaxamento","10":"first","11":"outofstock","12":"taxable","13":"shipping-taxable","14":"purchasable","15":"product-type-simple","16":"entry","17":"content-bg","18":"loop-entry"},"yoast_head":"<!-- This site is optimized with the Yoast SEO Premium plugin v27.3 (Yoast SEO v27.3) - https:\/\/yoast.com\/product\/yoast-seo-premium-wordpress\/ -->\n<title>Set de Night Master pode ajudar a dormir melhor<\/title>\n<meta name=\"description\" content=\"Set de Night Master para dormir proporciona um sono regenerativo a longo prazo e assim contribui para a melhoria da qualidade de vida. 100% Vegano\" \/>\n<meta name=\"robots\" content=\"index, follow, max-snippet:-1, max-image-preview:large, max-video-preview:-1\" \/>\n<link rel=\"canonical\" href=\"https:\/\/www.lraloeverashop.eu\/pt-pt\/produto\/set-de-night-master\/\" \/>\n<meta property=\"og:locale\" content=\"pt_PT\" \/>\n<meta property=\"og:type\" content=\"article\" \/>\n<meta property=\"og:title\" content=\"Set de Night Master\" \/>\n<meta property=\"og:description\" content=\"Set de Night Master para dormir proporciona um sono regenerativo a longo prazo e assim contribui para a melhoria da qualidade de vida. 100% Vegano\" \/>\n<meta property=\"og:url\" content=\"https:\/\/www.lraloeverashop.eu\/pt-pt\/produto\/set-de-night-master\/\" \/>\n<meta property=\"og:site_name\" content=\"Lr Loja Aloe Vera\" \/>\n<meta property=\"article:publisher\" content=\"https:\/\/www.facebook.com\/lraloeverashop.eu\" \/>\n<meta property=\"article:modified_time\" content=\"2026-02-08T09:17:49+00:00\" \/>\n<meta property=\"og:image\" content=\"https:\/\/www.lraloeverashop.eu\/wp-content\/uploads\/2022\/10\/Night-Master-Set.jpg\" \/>\n\t<meta property=\"og:image:width\" content=\"1200\" \/>\n\t<meta property=\"og:image:height\" content=\"1200\" \/>\n\t<meta property=\"og:image:type\" content=\"image\/jpeg\" \/>\n<meta name=\"twitter:card\" content=\"summary_large_image\" \/>\n<meta name=\"twitter:site\" content=\"@natur__kosmetik\" \/>\n<script type=\"application\/ld+json\" class=\"yoast-schema-graph\">{\"@context\":\"https:\\\/\\\/schema.org\",\"@graph\":[{\"@type\":[\"WebPage\",\"ItemPage\"],\"@id\":\"https:\\\/\\\/www.lraloeverashop.eu\\\/pt-pt\\\/produto\\\/set-de-night-master\\\/\",\"url\":\"https:\\\/\\\/www.lraloeverashop.eu\\\/pt-pt\\\/produto\\\/set-de-night-master\\\/\",\"name\":\"Set de Night Master pode ajudar a dormir melhor\",\"isPartOf\":{\"@id\":\"https:\\\/\\\/www.lraloeverashop.eu\\\/pt-pt\\\/#website\"},\"primaryImageOfPage\":{\"@id\":\"https:\\\/\\\/www.lraloeverashop.eu\\\/pt-pt\\\/produto\\\/set-de-night-master\\\/#primaryimage\"},\"image\":{\"@id\":\"https:\\\/\\\/www.lraloeverashop.eu\\\/pt-pt\\\/produto\\\/set-de-night-master\\\/#primaryimage\"},\"thumbnailUrl\":\"https:\\\/\\\/www.lraloeverashop.eu\\\/wp-content\\\/uploads\\\/2022\\\/10\\\/Night-Master-Set.jpg\",\"datePublished\":\"2022-10-14T06:54:04+00:00\",\"dateModified\":\"2026-02-08T09:17:49+00:00\",\"description\":\"Set de Night Master para dormir proporciona um sono regenerativo a longo prazo e assim contribui para a melhoria da qualidade de vida. 100% Vegano\",\"breadcrumb\":{\"@id\":\"https:\\\/\\\/www.lraloeverashop.eu\\\/pt-pt\\\/produto\\\/set-de-night-master\\\/#breadcrumb\"},\"inLanguage\":\"pt-PT\",\"potentialAction\":[{\"@type\":\"ReadAction\",\"target\":[\"https:\\\/\\\/www.lraloeverashop.eu\\\/pt-pt\\\/produto\\\/set-de-night-master\\\/\"]}]},{\"@type\":\"ImageObject\",\"inLanguage\":\"pt-PT\",\"@id\":\"https:\\\/\\\/www.lraloeverashop.eu\\\/pt-pt\\\/produto\\\/set-de-night-master\\\/#primaryimage\",\"url\":\"https:\\\/\\\/www.lraloeverashop.eu\\\/wp-content\\\/uploads\\\/2022\\\/10\\\/Night-Master-Set.jpg\",\"contentUrl\":\"https:\\\/\\\/www.lraloeverashop.eu\\\/wp-content\\\/uploads\\\/2022\\\/10\\\/Night-Master-Set.jpg\",\"width\":1200,\"height\":1200,\"caption\":\"Night Master conjunto de 3 pe\u00e7as\"},{\"@type\":\"BreadcrumbList\",\"@id\":\"https:\\\/\\\/www.lraloeverashop.eu\\\/pt-pt\\\/produto\\\/set-de-night-master\\\/#breadcrumb\",\"itemListElement\":[{\"@type\":\"ListItem\",\"position\":1,\"name\":\"Home\",\"item\":\"https:\\\/\\\/www.lraloeverashop.eu\\\/pt-pt\\\/\"},{\"@type\":\"ListItem\",\"position\":2,\"name\":\"Loja\",\"item\":\"https:\\\/\\\/www.lraloeverashop.eu\\\/pt-pt\\\/loja\\\/\"},{\"@type\":\"ListItem\",\"position\":3,\"name\":\"Set de Night Master\"}]},{\"@type\":\"WebSite\",\"@id\":\"https:\\\/\\\/www.lraloeverashop.eu\\\/pt-pt\\\/#website\",\"url\":\"https:\\\/\\\/www.lraloeverashop.eu\\\/pt-pt\\\/\",\"name\":\"Lr Loja Aloe Vera\",\"description\":\"High Quality Lr Aloe Vera Gel, Aloe Vera Cream and Shampoo\",\"publisher\":{\"@id\":\"https:\\\/\\\/www.lraloeverashop.eu\\\/pt-pt\\\/#organization\"},\"potentialAction\":[{\"@type\":\"SearchAction\",\"target\":{\"@type\":\"EntryPoint\",\"urlTemplate\":\"https:\\\/\\\/www.lraloeverashop.eu\\\/pt-pt\\\/?s={search_term_string}\"},\"query-input\":{\"@type\":\"PropertyValueSpecification\",\"valueRequired\":true,\"valueName\":\"search_term_string\"}}],\"inLanguage\":\"pt-PT\"},{\"@type\":\"Organization\",\"@id\":\"https:\\\/\\\/www.lraloeverashop.eu\\\/pt-pt\\\/#organization\",\"name\":\"Lr Loja Aloe Vera\",\"alternateName\":\"LR\",\"url\":\"https:\\\/\\\/www.lraloeverashop.eu\\\/pt-pt\\\/\",\"logo\":{\"@type\":\"ImageObject\",\"inLanguage\":\"pt-PT\",\"@id\":\"https:\\\/\\\/www.lraloeverashop.eu\\\/pt-pt\\\/#\\\/schema\\\/logo\\\/image\\\/\",\"url\":\"https:\\\/\\\/www.lraloeverashop.eu\\\/wp-content\\\/uploads\\\/2022\\\/09\\\/cropped-Lr-Aloe-Vera-Shop.jpg\",\"contentUrl\":\"https:\\\/\\\/www.lraloeverashop.eu\\\/wp-content\\\/uploads\\\/2022\\\/09\\\/cropped-Lr-Aloe-Vera-Shop.jpg\",\"width\":228,\"height\":76,\"caption\":\"Lr Loja Aloe Vera\"},\"image\":{\"@id\":\"https:\\\/\\\/www.lraloeverashop.eu\\\/pt-pt\\\/#\\\/schema\\\/logo\\\/image\\\/\"},\"sameAs\":[\"https:\\\/\\\/www.facebook.com\\\/lraloeverashop.eu\",\"https:\\\/\\\/x.com\\\/natur__kosmetik\",\"https:\\\/\\\/www.youtube.com\\\/channel\\\/UC5oN7BJ8nfYb8RpVtjwDEBA\",\"https:\\\/\\\/www.instagram.com\\\/lrbeautyeu\\\/\"]}]}<\/script>\n<meta property=\"product:price:amount\" content=\"218.99\" \/>\n<meta property=\"product:price:currency\" content=\"EUR\" \/>\n<meta property=\"og:availability\" content=\"out of stock\" \/>\n<meta property=\"product:availability\" content=\"out of stock\" \/>\n<meta property=\"product:retailer_item_id\" content=\"81113-1PT\" \/>\n<meta property=\"product:condition\" content=\"new\" \/>\n<!-- \/ Yoast SEO Premium plugin. -->","yoast_head_json":{"title":"Set de Night Master pode ajudar a dormir melhor","description":"Set de Night Master para dormir proporciona um sono regenerativo a longo prazo e assim contribui para a melhoria da qualidade de vida. 100% Vegano","robots":{"index":"index","follow":"follow","max-snippet":"max-snippet:-1","max-image-preview":"max-image-preview:large","max-video-preview":"max-video-preview:-1"},"canonical":"https:\/\/www.lraloeverashop.eu\/pt-pt\/produto\/set-de-night-master\/","og_locale":"pt_PT","og_type":"article","og_title":"Set de Night Master","og_description":"Set de Night Master para dormir proporciona um sono regenerativo a longo prazo e assim contribui para a melhoria da qualidade de vida. 100% Vegano","og_url":"https:\/\/www.lraloeverashop.eu\/pt-pt\/produto\/set-de-night-master\/","og_site_name":"Lr Loja Aloe Vera","article_publisher":"https:\/\/www.facebook.com\/lraloeverashop.eu","article_modified_time":"2026-02-08T09:17:49+00:00","og_image":[{"width":1200,"height":1200,"url":"https:\/\/www.lraloeverashop.eu\/wp-content\/uploads\/2022\/10\/Night-Master-Set.jpg","type":"image\/jpeg"}],"twitter_card":"summary_large_image","twitter_site":"@natur__kosmetik","schema":{"@context":"https:\/\/schema.org","@graph":[{"@type":["WebPage","ItemPage"],"@id":"https:\/\/www.lraloeverashop.eu\/pt-pt\/produto\/set-de-night-master\/","url":"https:\/\/www.lraloeverashop.eu\/pt-pt\/produto\/set-de-night-master\/","name":"Set de Night Master pode ajudar a dormir melhor","isPartOf":{"@id":"https:\/\/www.lraloeverashop.eu\/pt-pt\/#website"},"primaryImageOfPage":{"@id":"https:\/\/www.lraloeverashop.eu\/pt-pt\/produto\/set-de-night-master\/#primaryimage"},"image":{"@id":"https:\/\/www.lraloeverashop.eu\/pt-pt\/produto\/set-de-night-master\/#primaryimage"},"thumbnailUrl":"https:\/\/www.lraloeverashop.eu\/wp-content\/uploads\/2022\/10\/Night-Master-Set.jpg","datePublished":"2022-10-14T06:54:04+00:00","dateModified":"2026-02-08T09:17:49+00:00","description":"Set de Night Master para dormir proporciona um sono regenerativo a longo prazo e assim contribui para a melhoria da qualidade de vida. 100% Vegano","breadcrumb":{"@id":"https:\/\/www.lraloeverashop.eu\/pt-pt\/produto\/set-de-night-master\/#breadcrumb"},"inLanguage":"pt-PT","potentialAction":[{"@type":"ReadAction","target":["https:\/\/www.lraloeverashop.eu\/pt-pt\/produto\/set-de-night-master\/"]}]},{"@type":"ImageObject","inLanguage":"pt-PT","@id":"https:\/\/www.lraloeverashop.eu\/pt-pt\/produto\/set-de-night-master\/#primaryimage","url":"https:\/\/www.lraloeverashop.eu\/wp-content\/uploads\/2022\/10\/Night-Master-Set.jpg","contentUrl":"https:\/\/www.lraloeverashop.eu\/wp-content\/uploads\/2022\/10\/Night-Master-Set.jpg","width":1200,"height":1200,"caption":"Night Master conjunto de 3 pe\u00e7as"},{"@type":"BreadcrumbList","@id":"https:\/\/www.lraloeverashop.eu\/pt-pt\/produto\/set-de-night-master\/#breadcrumb","itemListElement":[{"@type":"ListItem","position":1,"name":"Home","item":"https:\/\/www.lraloeverashop.eu\/pt-pt\/"},{"@type":"ListItem","position":2,"name":"Loja","item":"https:\/\/www.lraloeverashop.eu\/pt-pt\/loja\/"},{"@type":"ListItem","position":3,"name":"Set de Night Master"}]},{"@type":"WebSite","@id":"https:\/\/www.lraloeverashop.eu\/pt-pt\/#website","url":"https:\/\/www.lraloeverashop.eu\/pt-pt\/","name":"Lr Loja Aloe Vera","description":"High Quality Lr Aloe Vera Gel, Aloe Vera Cream and Shampoo","publisher":{"@id":"https:\/\/www.lraloeverashop.eu\/pt-pt\/#organization"},"potentialAction":[{"@type":"SearchAction","target":{"@type":"EntryPoint","urlTemplate":"https:\/\/www.lraloeverashop.eu\/pt-pt\/?s={search_term_string}"},"query-input":{"@type":"PropertyValueSpecification","valueRequired":true,"valueName":"search_term_string"}}],"inLanguage":"pt-PT"},{"@type":"Organization","@id":"https:\/\/www.lraloeverashop.eu\/pt-pt\/#organization","name":"Lr Loja Aloe Vera","alternateName":"LR","url":"https:\/\/www.lraloeverashop.eu\/pt-pt\/","logo":{"@type":"ImageObject","inLanguage":"pt-PT","@id":"https:\/\/www.lraloeverashop.eu\/pt-pt\/#\/schema\/logo\/image\/","url":"https:\/\/www.lraloeverashop.eu\/wp-content\/uploads\/2022\/09\/cropped-Lr-Aloe-Vera-Shop.jpg","contentUrl":"https:\/\/www.lraloeverashop.eu\/wp-content\/uploads\/2022\/09\/cropped-Lr-Aloe-Vera-Shop.jpg","width":228,"height":76,"caption":"Lr Loja Aloe Vera"},"image":{"@id":"https:\/\/www.lraloeverashop.eu\/pt-pt\/#\/schema\/logo\/image\/"},"sameAs":["https:\/\/www.facebook.com\/lraloeverashop.eu","https:\/\/x.com\/natur__kosmetik","https:\/\/www.youtube.com\/channel\/UC5oN7BJ8nfYb8RpVtjwDEBA","https:\/\/www.instagram.com\/lrbeautyeu\/"]}]},"product_price_amount":"218.99","product_price_currency":"EUR","og_availability":"out of stock","product_availability":"out of stock","product_retailer_item_id":"81113-1PT","product_condition":"new"},"taxonomy_info":{"product_cat":[{"value":460,"label":"Economize em conjuntos"},{"value":467,"label":"Especialistas"},{"value":449,"label":"Relaxamento"}]},"featured_image_src_large":["https:\/\/www.lraloeverashop.eu\/wp-content\/uploads\/2022\/10\/Night-Master-Set-1024x1024.jpg",1024,1024,true],"author_info":[],"comment_info":0,"_links":{"self":[{"href":"https:\/\/www.lraloeverashop.eu\/pt-pt\/wp-json\/wp\/v2\/product\/9516","targetHints":{"allow":["GET"]}}],"collection":[{"href":"https:\/\/www.lraloeverashop.eu\/pt-pt\/wp-json\/wp\/v2\/product"}],"about":[{"href":"https:\/\/www.lraloeverashop.eu\/pt-pt\/wp-json\/wp\/v2\/types\/product"}],"replies":[{"embeddable":true,"href":"https:\/\/www.lraloeverashop.eu\/pt-pt\/wp-json\/wp\/v2\/comments?post=9516"}],"wp:featuredmedia":[{"embeddable":true,"href":"https:\/\/www.lraloeverashop.eu\/pt-pt\/wp-json\/wp\/v2\/media\/5787"}],"wp:attachment":[{"href":"https:\/\/www.lraloeverashop.eu\/pt-pt\/wp-json\/wp\/v2\/media?parent=9516"}],"wp:term":[{"taxonomy":"product_brand","embeddable":true,"href":"https:\/\/www.lraloeverashop.eu\/pt-pt\/wp-json\/wp\/v2\/product_brand?post=9516"},{"taxonomy":"product_cat","embeddable":true,"href":"https:\/\/www.lraloeverashop.eu\/pt-pt\/wp-json\/wp\/v2\/product_cat?post=9516"},{"taxonomy":"product_tag","embeddable":true,"href":"https:\/\/www.lraloeverashop.eu\/pt-pt\/wp-json\/wp\/v2\/product_tag?post=9516"}],"curies":[{"name":"wp","href":"https:\/\/api.w.org\/{rel}","templated":true}]}}