{"id":9455,"date":"2022-10-14T10:33:03","date_gmt":"2022-10-14T08:33:03","guid":{"rendered":"https:\/\/www.lraloeverashop.eu\/product\/fiber-boost-bebida-em-po\/"},"modified":"2026-02-08T10:17:10","modified_gmt":"2026-02-08T09:17:10","slug":"fiber-boost-bebida-em-po","status":"publish","type":"product","link":"https:\/\/www.lraloeverashop.eu\/pt-pt\/produto\/fiber-boost-bebida-em-po\/","title":{"rendered":"Fiber Boost Bebida em P\u00f3"},"content":{"rendered":"<h2><span style=\"font-size: 16pt;\"><strong>Fiber Boost Bebida em P\u00f3<\/strong><\/span><\/h2>\n<p><span style=\"font-size: 14pt;\"><strong>Fiber Boost Bebida em P\u00f3 \u2013 O Suplemento Diet\u00e9tico De Alta Fibra Para o Corpo<\/strong><\/span><\/p>\n<p>Na agitada vida de hoje, muitas vezes levamos uma dieta desequilibrada na qual consumimos pouca fibra*. Fiber Boost Bebida em P\u00f3 oferece suporte ao corpo com o seu alto teor de <a href=\"https:\/\/www.lraloeverashop.eu\/pt-pt\/produto\/fiber-boost-bebida-em-po-set\/\">fibras de 3 fontes<\/a> diferentes e com um sabor delicioso.<\/p>\n<p>Todos passamos pelo mesmo: terminamos de comer o pequeno almo\u00e7o ou o almo\u00e7o e nosso est\u00f4mago est\u00e1 novamente a pedir mais alguma coisa &#8211; mas ainda faltam algumas horas para a <a href=\"https:\/\/www.lraloeverashop.eu\/pt-pt\/substituto-de-refeicao-figu-active-a-dieta-inteligente-para-emagrecimento\/\">pr\u00f3xima refei\u00e7\u00e3o<\/a>. N\u00f3s rapidamente pegamos em qualquer petisco de alto teor cal\u00f3rico. Experimente a Bebida em P\u00f3, o suplemento diet\u00e9tico de baixa caloria e alto teor de fibra.<\/p>\n<p>Fiber Boost Bebida em P\u00f3 n\u00e3o s\u00f3 ajuda a n\u00e3o ter sensa\u00e7\u00e3o de fome. Tamb\u00e9m fornece fibra e um importante oligoelemento que \u00e9 o cromo, para regular o <a href=\"https:\/\/pt.wikipedia.org\/wiki\/Metabolismo\">metabolismo<\/a> dos macronutrientes<sup>1<\/sup> e tornar mais est\u00e1veis os n\u00edveis do a\u00e7\u00facar no sangue<sup>2<\/sup>.<\/p>\n<p>A Stevia fornece sabor doce \u2013 n\u00e3o precisando adicionar a\u00e7\u00facares nem mais calorias.<\/p>\n<ol>\n<li>O cromo contribui para o metabolismo normal dos macronutrientes.<\/li>\n<li>O cromo contribui para a manuten\u00e7\u00e3o dos n\u00edveis normais de a\u00e7\u00facar no sangue.<\/li>\n<\/ol>\n<p><strong>*O 69% dos homens e 75% das mulheres n\u00e3o conseguem a meta do DGE de consumir 30 gramas de fibra a cada dia. Fonte: Instituto Max Rubner, Instituto Federal de Pesquisa em Nutri\u00e7\u00e3o e Alimentos. 2008<\/strong><\/p>\n<p>&nbsp;<\/p>\n<h3><strong><span style=\"font-size: 16pt;\">Como usar<\/span><\/strong><\/h3>\n<p>Beba uma vez por dia uma por\u00e7\u00e3o preparada de Fiber Boost Bebida em P\u00f3. Recomenda-se tomar entre as refei\u00e7\u00f5es.<\/p>\n<p>Prepara\u00e7\u00e3o: Misture duas colheres de sopa rasas (uma colher de sopa = aproximadamente 3,5g) em 200ml de leite com baixo teor de gordura (1,5%) e sem lactose ou \u00e1gua. Beba imediatamente. Use um copo de pelo menos 300ml. Para bater a prepara\u00e7\u00e3o n\u00f3s recomendamos o Lifetakt Shaker.<\/p>\n<p><strong>Nota:<\/strong>\u00a0certifique-se de beber \u00e1gua suficiente. N\u00e3o exceda a dose di\u00e1ria recomendada. Os suplementos nutricionais n\u00e3o substituem uma <a href=\"https:\/\/www.lraloeverashop.eu\/pt-pt\/categoria-produto\/suplementosdieteticos\/\">dieta variada<\/a> e equilibrada, que \u00e9 importante em conjunto com um estilo de vida saud\u00e1vel. Mantenha o produto fora do alcance das crian\u00e7as. Mantenha-o bem fechado, e guarde \u00e0 temperatura ambiente em um s\u00edtio seco. Feche novamente depois de abrir.<\/p>\n<p>&nbsp;<\/p>\n<h4><strong><span style=\"font-size: 16pt;\">Voc\u00ea sabia?<\/span><\/strong><\/h4>\n<p><strong>Nota importante:<\/strong>\u00a0Se n\u00e3o fizer a prepara\u00e7\u00e3o de acordo com as instru\u00e7\u00f5es da embalagem, vai alterar o valor nutricional da por\u00e7\u00e3o preparada. A maneira mais eficaz de usar o FiberBoost \u00e9 seguir as instru\u00e7\u00f5es da LR na embalagem do produto ao prepar\u00e1-lo.<\/p>\n","protected":false},"excerpt":{"rendered":"<ul>\n<li>Fibra contra a fome<\/li>\n<li>Para o bem-estar geral na vida cotidiana<\/li>\n<li>Para uma sensa\u00e7\u00e3o corporal agrad\u00e1vel<\/li>\n<li>Baixo em calorias com a do\u00e7ura natural da Stevia<\/li>\n<li>Rico em fibras de 3 fontes diferentes<\/li>\n<li>Com o importante oligoelemento cromo para n\u00edveis regulados de a\u00e7\u00facar no sangue e metabolismo de nutrientes<\/li>\n<li>Quantidade: 210g<\/li>\n<\/ul>\n<p><span style=\"color: #ff0000;\"><a style=\"color: #ff0000;\" href=\"https:\/\/shop.lrworld.com\/openpao?PHP=0vFlt7jT938BEnBI3a6e9w%3D%3D\"><span style=\"font-size: 14pt;\"><strong>Registe-se aqui e poupe 35% em todos os pedidos<\/strong><\/span><\/a><\/span><\/p>\n","protected":false},"featured_media":5439,"comment_status":"open","ping_status":"closed","template":"","meta":{"_kad_blocks_custom_css":"","_kad_blocks_head_custom_js":"","_kad_blocks_body_custom_js":"","_kad_blocks_footer_custom_js":"","_kadence_starter_templates_imported_post":false,"_kad_post_transparent":"default","_kad_post_title":"","_kad_post_layout":"default","_kad_post_sidebar_id":"","_kad_post_content_style":"default","_kad_post_vertical_padding":"default","_kad_post_feature":"","_kad_post_feature_position":"","_kad_post_header":false,"_kad_post_footer":false,"_kad_post_classname":""},"product_brand":[],"product_cat":[342,467,437,336],"product_tag":[613],"class_list":{"0":"post-9455","1":"product","2":"type-product","3":"status-publish","4":"has-post-thumbnail","6":"product_cat-companheiro-de-dieta","7":"product_cat-lr-especialistas","8":"product_cat-intestino-e-digestao","9":"product_cat-suplementosdieteticos","10":"product_tag-dieta-pt-pt","12":"first","13":"instock","14":"taxable","15":"shipping-taxable","16":"purchasable","17":"product-type-simple","18":"entry","19":"content-bg","20":"loop-entry"},"yoast_head":"<!-- This site is optimized with the Yoast SEO Premium plugin v27.4 (Yoast SEO v27.4) - https:\/\/yoast.com\/product\/yoast-seo-premium-wordpress\/ -->\n<title>Fiber Boost Bebida em P\u00f3 De Alta Fibra Para o Corpo<\/title>\n<meta name=\"description\" content=\"Na agitada vida de hoje, muitas vezes levamos uma dieta desequilibrada. Fiber Boost Bebida em P\u00f3 oferece suporte ao corpo com o seu alto teor de fibras.\" \/>\n<meta name=\"robots\" content=\"index, follow, max-snippet:-1, max-image-preview:large, max-video-preview:-1\" \/>\n<link rel=\"canonical\" href=\"https:\/\/www.lraloeverashop.eu\/pt-pt\/produto\/fiber-boost-bebida-em-po\/\" \/>\n<meta property=\"og:locale\" content=\"pt_PT\" \/>\n<meta property=\"og:type\" content=\"article\" \/>\n<meta property=\"og:title\" content=\"Fiber Boost Bebida em P\u00f3\" \/>\n<meta property=\"og:description\" content=\"Na agitada vida de hoje, muitas vezes levamos uma dieta desequilibrada. Fiber Boost Bebida em P\u00f3 oferece suporte ao corpo com o seu alto teor de fibras.\" \/>\n<meta property=\"og:url\" content=\"https:\/\/www.lraloeverashop.eu\/pt-pt\/produto\/fiber-boost-bebida-em-po\/\" \/>\n<meta property=\"og:site_name\" content=\"Lr Loja Aloe Vera\" \/>\n<meta property=\"article:publisher\" content=\"https:\/\/www.facebook.com\/lraloeverashop.eu\" \/>\n<meta property=\"article:modified_time\" content=\"2026-02-08T09:17:10+00:00\" \/>\n<meta property=\"og:image\" content=\"https:\/\/www.lraloeverashop.eu\/wp-content\/uploads\/2022\/10\/Fiber-Boost-Drink-Powder-Supplement.jpg\" \/>\n\t<meta property=\"og:image:width\" content=\"1200\" \/>\n\t<meta property=\"og:image:height\" content=\"1200\" \/>\n\t<meta property=\"og:image:type\" content=\"image\/jpeg\" \/>\n<meta name=\"twitter:card\" content=\"summary_large_image\" \/>\n<meta name=\"twitter:site\" content=\"@natur__kosmetik\" \/>\n<script type=\"application\/ld+json\" class=\"yoast-schema-graph\">{\"@context\":\"https:\\\/\\\/schema.org\",\"@graph\":[{\"@type\":[\"WebPage\",\"ItemPage\"],\"@id\":\"https:\\\/\\\/www.lraloeverashop.eu\\\/pt-pt\\\/produto\\\/fiber-boost-bebida-em-po\\\/\",\"url\":\"https:\\\/\\\/www.lraloeverashop.eu\\\/pt-pt\\\/produto\\\/fiber-boost-bebida-em-po\\\/\",\"name\":\"Fiber Boost Bebida em P\u00f3 De Alta Fibra Para o Corpo\",\"isPartOf\":{\"@id\":\"https:\\\/\\\/www.lraloeverashop.eu\\\/pt-pt\\\/#website\"},\"primaryImageOfPage\":{\"@id\":\"https:\\\/\\\/www.lraloeverashop.eu\\\/pt-pt\\\/produto\\\/fiber-boost-bebida-em-po\\\/#primaryimage\"},\"image\":{\"@id\":\"https:\\\/\\\/www.lraloeverashop.eu\\\/pt-pt\\\/produto\\\/fiber-boost-bebida-em-po\\\/#primaryimage\"},\"thumbnailUrl\":\"https:\\\/\\\/www.lraloeverashop.eu\\\/wp-content\\\/uploads\\\/2022\\\/10\\\/Fiber-Boost-Drink-Powder-Supplement.jpg\",\"datePublished\":\"2022-10-14T08:33:03+00:00\",\"dateModified\":\"2026-02-08T09:17:10+00:00\",\"description\":\"Na agitada vida de hoje, muitas vezes levamos uma dieta desequilibrada. Fiber Boost Bebida em P\u00f3 oferece suporte ao corpo com o seu alto teor de fibras.\",\"breadcrumb\":{\"@id\":\"https:\\\/\\\/www.lraloeverashop.eu\\\/pt-pt\\\/produto\\\/fiber-boost-bebida-em-po\\\/#breadcrumb\"},\"inLanguage\":\"pt-PT\",\"potentialAction\":[{\"@type\":\"ReadAction\",\"target\":[\"https:\\\/\\\/www.lraloeverashop.eu\\\/pt-pt\\\/produto\\\/fiber-boost-bebida-em-po\\\/\"]}]},{\"@type\":\"ImageObject\",\"inLanguage\":\"pt-PT\",\"@id\":\"https:\\\/\\\/www.lraloeverashop.eu\\\/pt-pt\\\/produto\\\/fiber-boost-bebida-em-po\\\/#primaryimage\",\"url\":\"https:\\\/\\\/www.lraloeverashop.eu\\\/wp-content\\\/uploads\\\/2022\\\/10\\\/Fiber-Boost-Drink-Powder-Supplement.jpg\",\"contentUrl\":\"https:\\\/\\\/www.lraloeverashop.eu\\\/wp-content\\\/uploads\\\/2022\\\/10\\\/Fiber-Boost-Drink-Powder-Supplement.jpg\",\"width\":1200,\"height\":1200,\"caption\":\"Fiber Boost Suplemento de bebida em p\u00f3\"},{\"@type\":\"BreadcrumbList\",\"@id\":\"https:\\\/\\\/www.lraloeverashop.eu\\\/pt-pt\\\/produto\\\/fiber-boost-bebida-em-po\\\/#breadcrumb\",\"itemListElement\":[{\"@type\":\"ListItem\",\"position\":1,\"name\":\"Home\",\"item\":\"https:\\\/\\\/www.lraloeverashop.eu\\\/pt-pt\\\/\"},{\"@type\":\"ListItem\",\"position\":2,\"name\":\"Loja\",\"item\":\"https:\\\/\\\/www.lraloeverashop.eu\\\/pt-pt\\\/loja\\\/\"},{\"@type\":\"ListItem\",\"position\":3,\"name\":\"Fiber Boost Bebida em P\u00f3\"}]},{\"@type\":\"WebSite\",\"@id\":\"https:\\\/\\\/www.lraloeverashop.eu\\\/pt-pt\\\/#website\",\"url\":\"https:\\\/\\\/www.lraloeverashop.eu\\\/pt-pt\\\/\",\"name\":\"Lr Loja Aloe Vera\",\"description\":\"High Quality Lr Aloe Vera Gel, Aloe Vera Cream and Shampoo\",\"publisher\":{\"@id\":\"https:\\\/\\\/www.lraloeverashop.eu\\\/pt-pt\\\/#organization\"},\"potentialAction\":[{\"@type\":\"SearchAction\",\"target\":{\"@type\":\"EntryPoint\",\"urlTemplate\":\"https:\\\/\\\/www.lraloeverashop.eu\\\/pt-pt\\\/?s={search_term_string}\"},\"query-input\":{\"@type\":\"PropertyValueSpecification\",\"valueRequired\":true,\"valueName\":\"search_term_string\"}}],\"inLanguage\":\"pt-PT\"},{\"@type\":\"Organization\",\"@id\":\"https:\\\/\\\/www.lraloeverashop.eu\\\/pt-pt\\\/#organization\",\"name\":\"Loja Lr Aloe Vera\",\"alternateName\":\"LR\",\"url\":\"https:\\\/\\\/www.lraloeverashop.eu\\\/pt-pt\\\/\",\"logo\":{\"@type\":\"ImageObject\",\"inLanguage\":\"pt-PT\",\"@id\":\"https:\\\/\\\/www.lraloeverashop.eu\\\/pt-pt\\\/#\\\/schema\\\/logo\\\/image\\\/\",\"url\":\"https:\\\/\\\/www.lraloeverashop.eu\\\/wp-content\\\/uploads\\\/2022\\\/09\\\/cropped-Lr-Aloe-Vera-Shop.jpg\",\"contentUrl\":\"https:\\\/\\\/www.lraloeverashop.eu\\\/wp-content\\\/uploads\\\/2022\\\/09\\\/cropped-Lr-Aloe-Vera-Shop.jpg\",\"width\":228,\"height\":76,\"caption\":\"Loja Lr Aloe Vera\"},\"image\":{\"@id\":\"https:\\\/\\\/www.lraloeverashop.eu\\\/pt-pt\\\/#\\\/schema\\\/logo\\\/image\\\/\"},\"sameAs\":[\"https:\\\/\\\/www.facebook.com\\\/lraloeverashop.eu\",\"https:\\\/\\\/x.com\\\/natur__kosmetik\",\"https:\\\/\\\/www.youtube.com\\\/channel\\\/UC5oN7BJ8nfYb8RpVtjwDEBA\",\"https:\\\/\\\/www.instagram.com\\\/lrbeautyeu\\\/\"],\"description\":\"Loja Lr Aloe Vera \u00e9 o seu destino de confian\u00e7a para os produtos de sa\u00fade e beleza premium da LR, fabricados na Alemanha. Oferecemos solu\u00e7\u00f5es de alta qualidade para o cuidado da pele, nutri\u00e7\u00e3o e antienvelhecimento \u00e0 base de Alo\u00e9 Vera, elaboradas com ingredientes puros e apoiadas em investiga\u00e7\u00e3o cient\u00edfica. Descubra o cuidado natural que regenera, protege e revitaliza a sua pele \u2014 e aproveite as ofertas mensais exclusivas nos nossos produtos LR Alo\u00e9 Vera mais vendidos.\\nComece hoje mesmo a sua jornada de cuidados naturais com a pele e sinta a diferen\u00e7a.\",\"email\":\"info@lraloeverashop.eu\",\"telephone\":\"+49 17670609653\",\"legalName\":\"Lr Aloe Vera Shop\",\"foundingDate\":\"2018-04-21\",\"numberOfEmployees\":{\"@type\":\"QuantitativeValue\",\"minValue\":\"1\",\"maxValue\":\"10\"}}]}<\/script>\n<meta property=\"product:price:amount\" content=\"31.39\" \/>\n<meta property=\"product:price:currency\" content=\"EUR\" \/>\n<meta property=\"og:availability\" content=\"instock\" \/>\n<meta property=\"product:availability\" content=\"instock\" \/>\n<meta property=\"product:retailer_item_id\" content=\"80630-499PT\" \/>\n<meta property=\"product:condition\" content=\"new\" \/>\n<!-- \/ Yoast SEO Premium plugin. -->","yoast_head_json":{"title":"Fiber Boost Bebida em P\u00f3 De Alta Fibra Para o Corpo","description":"Na agitada vida de hoje, muitas vezes levamos uma dieta desequilibrada. Fiber Boost Bebida em P\u00f3 oferece suporte ao corpo com o seu alto teor de fibras.","robots":{"index":"index","follow":"follow","max-snippet":"max-snippet:-1","max-image-preview":"max-image-preview:large","max-video-preview":"max-video-preview:-1"},"canonical":"https:\/\/www.lraloeverashop.eu\/pt-pt\/produto\/fiber-boost-bebida-em-po\/","og_locale":"pt_PT","og_type":"article","og_title":"Fiber Boost Bebida em P\u00f3","og_description":"Na agitada vida de hoje, muitas vezes levamos uma dieta desequilibrada. Fiber Boost Bebida em P\u00f3 oferece suporte ao corpo com o seu alto teor de fibras.","og_url":"https:\/\/www.lraloeverashop.eu\/pt-pt\/produto\/fiber-boost-bebida-em-po\/","og_site_name":"Lr Loja Aloe Vera","article_publisher":"https:\/\/www.facebook.com\/lraloeverashop.eu","article_modified_time":"2026-02-08T09:17:10+00:00","og_image":[{"width":1200,"height":1200,"url":"https:\/\/www.lraloeverashop.eu\/wp-content\/uploads\/2022\/10\/Fiber-Boost-Drink-Powder-Supplement.jpg","type":"image\/jpeg"}],"twitter_card":"summary_large_image","twitter_site":"@natur__kosmetik","schema":{"@context":"https:\/\/schema.org","@graph":[{"@type":["WebPage","ItemPage"],"@id":"https:\/\/www.lraloeverashop.eu\/pt-pt\/produto\/fiber-boost-bebida-em-po\/","url":"https:\/\/www.lraloeverashop.eu\/pt-pt\/produto\/fiber-boost-bebida-em-po\/","name":"Fiber Boost Bebida em P\u00f3 De Alta Fibra Para o Corpo","isPartOf":{"@id":"https:\/\/www.lraloeverashop.eu\/pt-pt\/#website"},"primaryImageOfPage":{"@id":"https:\/\/www.lraloeverashop.eu\/pt-pt\/produto\/fiber-boost-bebida-em-po\/#primaryimage"},"image":{"@id":"https:\/\/www.lraloeverashop.eu\/pt-pt\/produto\/fiber-boost-bebida-em-po\/#primaryimage"},"thumbnailUrl":"https:\/\/www.lraloeverashop.eu\/wp-content\/uploads\/2022\/10\/Fiber-Boost-Drink-Powder-Supplement.jpg","datePublished":"2022-10-14T08:33:03+00:00","dateModified":"2026-02-08T09:17:10+00:00","description":"Na agitada vida de hoje, muitas vezes levamos uma dieta desequilibrada. Fiber Boost Bebida em P\u00f3 oferece suporte ao corpo com o seu alto teor de fibras.","breadcrumb":{"@id":"https:\/\/www.lraloeverashop.eu\/pt-pt\/produto\/fiber-boost-bebida-em-po\/#breadcrumb"},"inLanguage":"pt-PT","potentialAction":[{"@type":"ReadAction","target":["https:\/\/www.lraloeverashop.eu\/pt-pt\/produto\/fiber-boost-bebida-em-po\/"]}]},{"@type":"ImageObject","inLanguage":"pt-PT","@id":"https:\/\/www.lraloeverashop.eu\/pt-pt\/produto\/fiber-boost-bebida-em-po\/#primaryimage","url":"https:\/\/www.lraloeverashop.eu\/wp-content\/uploads\/2022\/10\/Fiber-Boost-Drink-Powder-Supplement.jpg","contentUrl":"https:\/\/www.lraloeverashop.eu\/wp-content\/uploads\/2022\/10\/Fiber-Boost-Drink-Powder-Supplement.jpg","width":1200,"height":1200,"caption":"Fiber Boost Suplemento de bebida em p\u00f3"},{"@type":"BreadcrumbList","@id":"https:\/\/www.lraloeverashop.eu\/pt-pt\/produto\/fiber-boost-bebida-em-po\/#breadcrumb","itemListElement":[{"@type":"ListItem","position":1,"name":"Home","item":"https:\/\/www.lraloeverashop.eu\/pt-pt\/"},{"@type":"ListItem","position":2,"name":"Loja","item":"https:\/\/www.lraloeverashop.eu\/pt-pt\/loja\/"},{"@type":"ListItem","position":3,"name":"Fiber Boost Bebida em P\u00f3"}]},{"@type":"WebSite","@id":"https:\/\/www.lraloeverashop.eu\/pt-pt\/#website","url":"https:\/\/www.lraloeverashop.eu\/pt-pt\/","name":"Lr Loja Aloe Vera","description":"High Quality Lr Aloe Vera Gel, Aloe Vera Cream and Shampoo","publisher":{"@id":"https:\/\/www.lraloeverashop.eu\/pt-pt\/#organization"},"potentialAction":[{"@type":"SearchAction","target":{"@type":"EntryPoint","urlTemplate":"https:\/\/www.lraloeverashop.eu\/pt-pt\/?s={search_term_string}"},"query-input":{"@type":"PropertyValueSpecification","valueRequired":true,"valueName":"search_term_string"}}],"inLanguage":"pt-PT"},{"@type":"Organization","@id":"https:\/\/www.lraloeverashop.eu\/pt-pt\/#organization","name":"Loja Lr Aloe Vera","alternateName":"LR","url":"https:\/\/www.lraloeverashop.eu\/pt-pt\/","logo":{"@type":"ImageObject","inLanguage":"pt-PT","@id":"https:\/\/www.lraloeverashop.eu\/pt-pt\/#\/schema\/logo\/image\/","url":"https:\/\/www.lraloeverashop.eu\/wp-content\/uploads\/2022\/09\/cropped-Lr-Aloe-Vera-Shop.jpg","contentUrl":"https:\/\/www.lraloeverashop.eu\/wp-content\/uploads\/2022\/09\/cropped-Lr-Aloe-Vera-Shop.jpg","width":228,"height":76,"caption":"Loja Lr Aloe Vera"},"image":{"@id":"https:\/\/www.lraloeverashop.eu\/pt-pt\/#\/schema\/logo\/image\/"},"sameAs":["https:\/\/www.facebook.com\/lraloeverashop.eu","https:\/\/x.com\/natur__kosmetik","https:\/\/www.youtube.com\/channel\/UC5oN7BJ8nfYb8RpVtjwDEBA","https:\/\/www.instagram.com\/lrbeautyeu\/"],"description":"Loja Lr Aloe Vera \u00e9 o seu destino de confian\u00e7a para os produtos de sa\u00fade e beleza premium da LR, fabricados na Alemanha. Oferecemos solu\u00e7\u00f5es de alta qualidade para o cuidado da pele, nutri\u00e7\u00e3o e antienvelhecimento \u00e0 base de Alo\u00e9 Vera, elaboradas com ingredientes puros e apoiadas em investiga\u00e7\u00e3o cient\u00edfica. Descubra o cuidado natural que regenera, protege e revitaliza a sua pele \u2014 e aproveite as ofertas mensais exclusivas nos nossos produtos LR Alo\u00e9 Vera mais vendidos.\nComece hoje mesmo a sua jornada de cuidados naturais com a pele e sinta a diferen\u00e7a.","email":"info@lraloeverashop.eu","telephone":"+49 17670609653","legalName":"Lr Aloe Vera Shop","foundingDate":"2018-04-21","numberOfEmployees":{"@type":"QuantitativeValue","minValue":"1","maxValue":"10"}}]},"product_price_amount":"31.39","product_price_currency":"EUR","og_availability":"instock","product_availability":"instock","product_retailer_item_id":"80630-499PT","product_condition":"new"},"taxonomy_info":{"product_cat":[{"value":342,"label":"Companheiro de dieta"},{"value":467,"label":"Especialistas"},{"value":437,"label":"Intestino e Digest\u00e3o"},{"value":336,"label":"Substituto de refei\u00e7\u00e3o"}],"product_tag":[{"value":613,"label":"Dieta"}]},"featured_image_src_large":["https:\/\/www.lraloeverashop.eu\/wp-content\/uploads\/2022\/10\/Fiber-Boost-Drink-Powder-Supplement-1024x1024.jpg",1024,1024,true],"author_info":[],"comment_info":0,"_links":{"self":[{"href":"https:\/\/www.lraloeverashop.eu\/pt-pt\/wp-json\/wp\/v2\/product\/9455","targetHints":{"allow":["GET"]}}],"collection":[{"href":"https:\/\/www.lraloeverashop.eu\/pt-pt\/wp-json\/wp\/v2\/product"}],"about":[{"href":"https:\/\/www.lraloeverashop.eu\/pt-pt\/wp-json\/wp\/v2\/types\/product"}],"replies":[{"embeddable":true,"href":"https:\/\/www.lraloeverashop.eu\/pt-pt\/wp-json\/wp\/v2\/comments?post=9455"}],"wp:featuredmedia":[{"embeddable":true,"href":"https:\/\/www.lraloeverashop.eu\/pt-pt\/wp-json\/wp\/v2\/media\/5439"}],"wp:attachment":[{"href":"https:\/\/www.lraloeverashop.eu\/pt-pt\/wp-json\/wp\/v2\/media?parent=9455"}],"wp:term":[{"taxonomy":"product_brand","embeddable":true,"href":"https:\/\/www.lraloeverashop.eu\/pt-pt\/wp-json\/wp\/v2\/product_brand?post=9455"},{"taxonomy":"product_cat","embeddable":true,"href":"https:\/\/www.lraloeverashop.eu\/pt-pt\/wp-json\/wp\/v2\/product_cat?post=9455"},{"taxonomy":"product_tag","embeddable":true,"href":"https:\/\/www.lraloeverashop.eu\/pt-pt\/wp-json\/wp\/v2\/product_tag?post=9455"}],"curies":[{"name":"wp","href":"https:\/\/api.w.org\/{rel}","templated":true}]}}