{"id":9407,"date":"2022-10-15T07:43:52","date_gmt":"2022-10-15T05:43:52","guid":{"rendered":"https:\/\/www.lraloeverashop.eu\/product\/woman-phyto-para-a-menopausa\/"},"modified":"2026-02-08T10:16:07","modified_gmt":"2026-02-08T09:16:07","slug":"woman-phyto-para-a-menopausa","status":"publish","type":"product","link":"https:\/\/www.lraloeverashop.eu\/pt-pt\/produto\/woman-phyto-para-a-menopausa\/","title":{"rendered":"Woman Phyto Para Menopausa Oferta limitada"},"content":{"rendered":"<h2><span style=\"font-size: 16pt;\"><strong>Woman Phyto para menopausa<\/strong><\/span><\/h2>\n<p><span style=\"font-size: 14pt;\"><strong>Woman Phyto para menopausa Com Extrato de Trevo Vermelho<\/strong><\/span><\/p>\n<p>Woman Phyto Para Menopausa \u2013 Aux\u00edlio natural durante o per\u00edodo do climat\u00e9rio. Cont\u00e9m magn\u00e9sio, c\u00e1lcio, <a href=\"https:\/\/pt.wikipedia.org\/wiki\/Vitamina_D\">vitamina D<\/a>, que ajudam a armazenar o c\u00e1lcio na massa \u00f3ssea. Com extrato de trevo violeta. S\u00f3 dos Alpes! Sem lactose e livre de gl\u00faten.<\/p>\n<p>Woman Phyto ajuda a suprimir os sintomas da menopausa:<\/p>\n<ul>\n<li>Ondas de calor, suor excessivo, irritabilidade, nervosismo, cansa\u00e7o, dist\u00farbios do sono, dores de cabe\u00e7a, tens\u00e3o nos seios\u2026<\/li>\n<li>Preven\u00e7\u00e3o da <a href=\"https:\/\/www.lraloeverashop.eu\/pt-pt\/produto\/active-freedom-em-capsulas\/\">osteoporose<\/a>!<\/li>\n<li>Redu\u00e7\u00e3o do risco de c\u00e2ncer de mama, c\u00f3lon, \u00fatero (endometriose) e ov\u00e1rio!<\/li>\n<li>Preven\u00e7\u00e3o das doen\u00e7as cardiovasculares!<\/li>\n<li>Redu\u00e7\u00e3o da press\u00e3o arterial! Redu\u00e7\u00e3o do colesterol!<\/li>\n<\/ul>\n<p><strong>Dose sugerida: <\/strong>1 c\u00e1psula de 2 a 3 vezes por dia antes ou depois das refei\u00e7\u00f5es.<\/p>\n<p>3 c\u00e1psulas de Woman Phyto para a menopausa cont\u00eam 250mg de extrato de trevo violeta, equivalente a 50mg de isoflavonas de trevo violeta, subst\u00e2ncias semelhantes aos fitoestr\u00f3genos, mas naturais.<\/p>\n<p>\u00c9 ideal usar o Woman Phyto Para Menopausa com o gel de Aloe Vera, que pode ajustar o sistema hormonal feminino e, gra\u00e7as \u00e0 sinergia, o efeito preventivo e terap\u00eautico se multiplica.<br \/>\nAs isoflavonas (fitoestr\u00f3genos) s\u00e3o mol\u00e9culas semelhantes ao estr\u00f3geno e atuam como antioxidantes nas plantas. Cumprem a <a href=\"https:\/\/www.lraloeverashop.eu\/pt-pt\/produto\/woman-phyto-em-capsulas-set-para-a-menopausa\/\">prote\u00e7\u00e3o celular construtiva<\/a>. Eles protegem os vasos sangu\u00edneos da aterosclerose.<\/p>\n<p>Aten\u00e7\u00e3o: at\u00e9 mesmo os anticoncepcionais hormonais usados incorretamente ou o tratamento com prepara\u00e7\u00f5es hormonais sint\u00e9ticas podem contribuir para a interrup\u00e7\u00e3o da propor\u00e7\u00e3o ideal das hormonas sexuais!<\/p>\n<p>&nbsp;<\/p>\n<h2><strong><span style=\"font-size: 16pt;\">Quem deve tomar as Woman Phyto Para Menopausa em C\u00e1psulas?<\/span><\/strong><\/h2>\n<p>Woman Phyto Para Menopausa devem ser usadas por mulheres na idade em que se inicia a menopausa, que desejam desfrutar de maneira ativa dos anos da idade adulta e prevenir complica\u00e7\u00f5es de sa\u00fade. Al\u00e9m disso, tamb\u00e9m as mulheres f\u00e9rteis que desenvolvem problemas de sa\u00fade induzidos pelo estr\u00f3geno.<\/p>\n<p><a href=\"https:\/\/www.lraloeverashop.eu\/pt-pt\/produto\/woman-phyto-em-capsulas-para-a-menopausa\/\">C\u00e1psulas Para Menopausa<\/a> podem ajudar a resolver Suores noturnos e di\u00e1rios, Irregularidade menstrual, Baixa auto-estima, Diminui\u00e7\u00e3o da l\u00edbido, Altera\u00e7\u00f5es de humor, Aumento de peso, Depress\u00e3o, Palpita\u00e7\u00f5es, Ins\u00f3nias e Calores<\/p>\n<p>As mulheres gr\u00e1vidas e lactando devem consultar com o m\u00e9dico o poss\u00edvel uso. As mulheres que t\u00eam ou tiveram alguma doen\u00e7a s\u00e9ria relacionada \u00e0 transi\u00e7\u00e3o devem tomar este produto regularmente, possivelmente com tratamento medicamentoso e outros rem\u00e9dios naturais como o Gel de Aloe Vera, Reishi, <a href=\"https:\/\/www.lraloeverashop.eu\/pt-pt\/produto\/vita-active-frutos-vermelhos\/\">Vita Aktiv<\/a>, etc.<\/p>\n<p>Nos n\u00e3o recomendamos o uso de Woman Phyto Capsulas para a menopausa em adolescentes cujas isoflavonas em quantidades maiores podem enfraquecer o sistema imunol\u00f3gico. Em particular, as m\u00e3es que d\u00e3o aos beb\u00eas f\u00f3rmulas infantis devem garantir que elas n\u00e3o sejam feitas de soja.<\/p>\n<p>&nbsp;<\/p>\n<h3><span style=\"font-size: 16pt;\"><strong>Modo de usar\u00a0<\/strong><\/span><\/h3>\n<p><strong>Dose recomendada de Woman Phyto Para Menopausa:<\/strong>\u00a03 c\u00e1psulas por dia com um pouco de l\u00edquido.<\/p>\n<p>N\u00e3o exceda a dose di\u00e1ria recomendada. Os suplementos diet\u00e9ticos n\u00e3o devem ser usados como substitutos de uma dieta equilibrada e variada. Mantenha o produto fora do alcance das crian\u00e7as. Armazene em local fresco e seco.<\/p>\n<p>&nbsp;<\/p>\n<h4><span style=\"font-size: 16pt;\"><strong>Perguntas mais frequentes<\/strong><\/span><\/h4>\n<p><strong>O que pode fazer pelos ossos?<\/strong><br \/>\nO exerc\u00edcio regular fortalece os m\u00fasculos esquel\u00e9ticos e \u00e9 extremamente importante para construir e manter uma estrutura \u00f3ssea est\u00e1vel. Corrida, ciclismo, nata\u00e7\u00e3o ou at\u00e9 mesmo treinamento de for\u00e7a direcionado da for\u00e7a aos ossos, portanto, mais <a href=\"https:\/\/www.lraloeverashop.eu\/pt-pt\/produto\/aloe-vera-gel-bebivel-freedom\/\">subst\u00e2ncia \u00f3ssea<\/a> \u00e9 gerada.<\/p>\n<p>Especialmente no inverno, devemos nos certificar de receber pelo menos um pouco de sol todos os dias. Porque o sol ajuda o corpo a formar vitamina D, que desempenha um papel importante em muitos processos hormonais.<\/p>\n<p><strong>Como a nutri\u00e7\u00e3o pode ajudar a promover o bem-estar feminino?<\/strong><br \/>\nUma alimenta\u00e7\u00e3o saud\u00e1vel e variada \u00e0 base de vegetais \u00e9 de grande import\u00e2ncia: al\u00e9m das importantes vitaminas, minerais e oligoelementos, as frutas, verduras, legumes e gr\u00e3os integrais tamb\u00e9m cont\u00eam fitoqu\u00edmicos que previnem o envelhecimento precoce.<\/p>\n","protected":false},"excerpt":{"rendered":"<ul>\n<li><span style=\"color: #ff0000;\"><strong>Oferta limitada<\/strong><\/span><\/li>\n<li>Com c\u00e1lcio e vitamina D, mant\u00e9m a sa\u00fade \u00f3ssea.<\/li>\n<li>Para o bem estar do corpo feminino<\/li>\n<li>Preven\u00e7\u00e3o da osteoporose<\/li>\n<li>Cont\u00e9m extrato de trevo vermelho<\/li>\n<li>Sem lactose e sem gl\u00faten<\/li>\n<li>Feito na Alemanha<\/li>\n<li>Conte\u00fado 2 x 90 C\u00e1psulas<\/li>\n<\/ul>\n<p><span style=\"color: #ff0000;\"><a style=\"color: #ff0000;\" href=\"https:\/\/shop.lrworld.com\/openpao?PHP=0vFlt7jT938BEnBI3a6e9w%3D%3D\"><span style=\"font-size: 14pt;\"><strong>Registe-se aqui e poupe 35% em todos os pedidos<\/strong><\/span><\/a><\/span><\/p>\n","protected":false},"featured_media":5127,"comment_status":"open","ping_status":"closed","template":"","meta":{"_kad_blocks_custom_css":"","_kad_blocks_head_custom_js":"","_kad_blocks_body_custom_js":"","_kad_blocks_footer_custom_js":"","_kadence_starter_templates_imported_post":false,"_kad_post_transparent":"default","_kad_post_title":"","_kad_post_layout":"default","_kad_post_sidebar_id":"","_kad_post_content_style":"default","_kad_post_vertical_padding":"default","_kad_post_feature":"","_kad_post_feature_position":"","_kad_post_header":false,"_kad_post_footer":false,"_kad_post_classname":""},"product_brand":[],"product_cat":[431,467,354],"product_tag":[],"class_list":{"0":"post-9407","1":"product","2":"type-product","3":"status-publish","4":"has-post-thumbnail","6":"product_cat-equilibrio-hormonal","7":"product_cat-lr-especialistas","8":"product_cat-promocoes","10":"first","11":"outofstock","12":"sale","13":"taxable","14":"shipping-taxable","15":"purchasable","16":"product-type-simple","17":"entry","18":"content-bg","19":"loop-entry"},"yoast_head":"<!-- This site is optimized with the Yoast SEO Premium plugin v27.5 (Yoast SEO v27.5) - https:\/\/yoast.com\/product\/yoast-seo-premium-wordpress\/ -->\n<title>Woman Phyto para Menopausa Com Extrato de Trevo Vermelho<\/title>\n<meta name=\"description\" content=\"Woman Phyto para Menopausa conter Extrato de Trevo Vermelho, magn\u00e9sio, c\u00e1lcio, vitamina D, que ajudam a armazenar o c\u00e1lcio na massa \u00f3ssea.\" \/>\n<meta name=\"robots\" content=\"index, follow, max-snippet:-1, max-image-preview:large, max-video-preview:-1\" \/>\n<link rel=\"canonical\" href=\"https:\/\/www.lraloeverashop.eu\/pt-pt\/produto\/woman-phyto-para-a-menopausa\/\" \/>\n<meta property=\"og:locale\" content=\"pt_PT\" \/>\n<meta property=\"og:type\" content=\"article\" \/>\n<meta property=\"og:title\" content=\"Woman Phyto Para Menopausa Oferta limitada\" \/>\n<meta property=\"og:description\" content=\"Woman Phyto para Menopausa conter Extrato de Trevo Vermelho, magn\u00e9sio, c\u00e1lcio, vitamina D, que ajudam a armazenar o c\u00e1lcio na massa \u00f3ssea.\" \/>\n<meta property=\"og:url\" content=\"https:\/\/www.lraloeverashop.eu\/pt-pt\/produto\/woman-phyto-para-a-menopausa\/\" \/>\n<meta property=\"og:site_name\" content=\"Lr Loja Aloe Vera\" \/>\n<meta property=\"article:publisher\" content=\"https:\/\/www.facebook.com\/lraloeverashop.eu\" \/>\n<meta property=\"article:modified_time\" content=\"2026-02-08T09:16:07+00:00\" \/>\n<meta property=\"og:image\" content=\"https:\/\/www.lraloeverashop.eu\/wp-content\/uploads\/2022\/10\/phyto-2.jpg\" \/>\n\t<meta property=\"og:image:width\" content=\"1200\" \/>\n\t<meta property=\"og:image:height\" content=\"1200\" \/>\n\t<meta property=\"og:image:type\" content=\"image\/jpeg\" \/>\n<meta name=\"twitter:card\" content=\"summary_large_image\" \/>\n<meta name=\"twitter:site\" content=\"@natur__kosmetik\" \/>\n<script type=\"application\/ld+json\" class=\"yoast-schema-graph\">{\"@context\":\"https:\\\/\\\/schema.org\",\"@graph\":[{\"@type\":[\"WebPage\",\"ItemPage\"],\"@id\":\"https:\\\/\\\/www.lraloeverashop.eu\\\/pt-pt\\\/produto\\\/woman-phyto-para-a-menopausa\\\/\",\"url\":\"https:\\\/\\\/www.lraloeverashop.eu\\\/pt-pt\\\/produto\\\/woman-phyto-para-a-menopausa\\\/\",\"name\":\"Woman Phyto para Menopausa Com Extrato de Trevo Vermelho\",\"isPartOf\":{\"@id\":\"https:\\\/\\\/www.lraloeverashop.eu\\\/pt-pt\\\/#website\"},\"primaryImageOfPage\":{\"@id\":\"https:\\\/\\\/www.lraloeverashop.eu\\\/pt-pt\\\/produto\\\/woman-phyto-para-a-menopausa\\\/#primaryimage\"},\"image\":{\"@id\":\"https:\\\/\\\/www.lraloeverashop.eu\\\/pt-pt\\\/produto\\\/woman-phyto-para-a-menopausa\\\/#primaryimage\"},\"thumbnailUrl\":\"https:\\\/\\\/www.lraloeverashop.eu\\\/wp-content\\\/uploads\\\/2022\\\/10\\\/phyto-2.jpg\",\"datePublished\":\"2022-10-15T05:43:52+00:00\",\"dateModified\":\"2026-02-08T09:16:07+00:00\",\"description\":\"Woman Phyto para Menopausa conter Extrato de Trevo Vermelho, magn\u00e9sio, c\u00e1lcio, vitamina D, que ajudam a armazenar o c\u00e1lcio na massa \u00f3ssea.\",\"breadcrumb\":{\"@id\":\"https:\\\/\\\/www.lraloeverashop.eu\\\/pt-pt\\\/produto\\\/woman-phyto-para-a-menopausa\\\/#breadcrumb\"},\"inLanguage\":\"pt-PT\",\"potentialAction\":[{\"@type\":\"ReadAction\",\"target\":[\"https:\\\/\\\/www.lraloeverashop.eu\\\/pt-pt\\\/produto\\\/woman-phyto-para-a-menopausa\\\/\"]}]},{\"@type\":\"ImageObject\",\"inLanguage\":\"pt-PT\",\"@id\":\"https:\\\/\\\/www.lraloeverashop.eu\\\/pt-pt\\\/produto\\\/woman-phyto-para-a-menopausa\\\/#primaryimage\",\"url\":\"https:\\\/\\\/www.lraloeverashop.eu\\\/wp-content\\\/uploads\\\/2022\\\/10\\\/phyto-2.jpg\",\"contentUrl\":\"https:\\\/\\\/www.lraloeverashop.eu\\\/wp-content\\\/uploads\\\/2022\\\/10\\\/phyto-2.jpg\",\"width\":1200,\"height\":1200,\"caption\":\"Oferta limitada Woman Phyto para menopausa\"},{\"@type\":\"BreadcrumbList\",\"@id\":\"https:\\\/\\\/www.lraloeverashop.eu\\\/pt-pt\\\/produto\\\/woman-phyto-para-a-menopausa\\\/#breadcrumb\",\"itemListElement\":[{\"@type\":\"ListItem\",\"position\":1,\"name\":\"Home\",\"item\":\"https:\\\/\\\/www.lraloeverashop.eu\\\/pt-pt\\\/\"},{\"@type\":\"ListItem\",\"position\":2,\"name\":\"Loja\",\"item\":\"https:\\\/\\\/www.lraloeverashop.eu\\\/pt-pt\\\/loja\\\/\"},{\"@type\":\"ListItem\",\"position\":3,\"name\":\"Woman Phyto Para Menopausa Oferta limitada\"}]},{\"@type\":\"WebSite\",\"@id\":\"https:\\\/\\\/www.lraloeverashop.eu\\\/pt-pt\\\/#website\",\"url\":\"https:\\\/\\\/www.lraloeverashop.eu\\\/pt-pt\\\/\",\"name\":\"Lr Loja Aloe Vera\",\"description\":\"High Quality Lr Aloe Vera Gel, Aloe Vera Cream and Shampoo\",\"publisher\":{\"@id\":\"https:\\\/\\\/www.lraloeverashop.eu\\\/pt-pt\\\/#organization\"},\"alternateName\":\"LR\",\"potentialAction\":[{\"@type\":\"SearchAction\",\"target\":{\"@type\":\"EntryPoint\",\"urlTemplate\":\"https:\\\/\\\/www.lraloeverashop.eu\\\/pt-pt\\\/?s={search_term_string}\"},\"query-input\":{\"@type\":\"PropertyValueSpecification\",\"valueRequired\":true,\"valueName\":\"search_term_string\"}}],\"inLanguage\":\"pt-PT\"},{\"@type\":\"Organization\",\"@id\":\"https:\\\/\\\/www.lraloeverashop.eu\\\/pt-pt\\\/#organization\",\"name\":\"Loja Lr Aloe Vera\",\"alternateName\":\"LR\",\"url\":\"https:\\\/\\\/www.lraloeverashop.eu\\\/pt-pt\\\/\",\"logo\":{\"@type\":\"ImageObject\",\"inLanguage\":\"pt-PT\",\"@id\":\"https:\\\/\\\/www.lraloeverashop.eu\\\/pt-pt\\\/#\\\/schema\\\/logo\\\/image\\\/\",\"url\":\"https:\\\/\\\/www.lraloeverashop.eu\\\/wp-content\\\/uploads\\\/2022\\\/09\\\/cropped-Lr-Aloe-Vera-Shop.jpg\",\"contentUrl\":\"https:\\\/\\\/www.lraloeverashop.eu\\\/wp-content\\\/uploads\\\/2022\\\/09\\\/cropped-Lr-Aloe-Vera-Shop.jpg\",\"width\":228,\"height\":76,\"caption\":\"Loja Lr Aloe Vera\"},\"image\":{\"@id\":\"https:\\\/\\\/www.lraloeverashop.eu\\\/pt-pt\\\/#\\\/schema\\\/logo\\\/image\\\/\"},\"sameAs\":[\"https:\\\/\\\/www.facebook.com\\\/lraloeverashop.eu\",\"https:\\\/\\\/x.com\\\/natur__kosmetik\",\"https:\\\/\\\/www.youtube.com\\\/channel\\\/UC5oN7BJ8nfYb8RpVtjwDEBA\",\"https:\\\/\\\/www.instagram.com\\\/lrbeautyeu\\\/\"],\"description\":\"Loja Lr Aloe Vera \u00e9 o seu destino de confian\u00e7a para os produtos de sa\u00fade e beleza premium da LR, fabricados na Alemanha. Oferecemos solu\u00e7\u00f5es de alta qualidade para o cuidado da pele, nutri\u00e7\u00e3o e antienvelhecimento \u00e0 base de Alo\u00e9 Vera, elaboradas com ingredientes puros e apoiadas em investiga\u00e7\u00e3o cient\u00edfica. Descubra o cuidado natural que regenera, protege e revitaliza a sua pele \u2014 e aproveite as ofertas mensais exclusivas nos nossos produtos LR Alo\u00e9 Vera mais vendidos.\\nComece hoje mesmo a sua jornada de cuidados naturais com a pele e sinta a diferen\u00e7a.\",\"email\":\"info@lraloeverashop.eu\",\"telephone\":\"+49 17670609653\",\"legalName\":\"Lr Aloe Vera Shop\",\"foundingDate\":\"2018-04-21\",\"numberOfEmployees\":{\"@type\":\"QuantitativeValue\",\"minValue\":\"1\",\"maxValue\":\"10\"}}]}<\/script>\n<meta property=\"product:price:amount\" content=\"55.99\" \/>\n<meta property=\"product:price:currency\" content=\"EUR\" \/>\n<meta property=\"og:availability\" content=\"out of stock\" \/>\n<meta property=\"product:availability\" content=\"out of stock\" \/>\n<meta property=\"product:retailer_item_id\" content=\"80522-1PT\" \/>\n<meta property=\"product:condition\" content=\"new\" \/>\n<!-- \/ Yoast SEO Premium plugin. -->","yoast_head_json":{"title":"Woman Phyto para Menopausa Com Extrato de Trevo Vermelho","description":"Woman Phyto para Menopausa conter Extrato de Trevo Vermelho, magn\u00e9sio, c\u00e1lcio, vitamina D, que ajudam a armazenar o c\u00e1lcio na massa \u00f3ssea.","robots":{"index":"index","follow":"follow","max-snippet":"max-snippet:-1","max-image-preview":"max-image-preview:large","max-video-preview":"max-video-preview:-1"},"canonical":"https:\/\/www.lraloeverashop.eu\/pt-pt\/produto\/woman-phyto-para-a-menopausa\/","og_locale":"pt_PT","og_type":"article","og_title":"Woman Phyto Para Menopausa Oferta limitada","og_description":"Woman Phyto para Menopausa conter Extrato de Trevo Vermelho, magn\u00e9sio, c\u00e1lcio, vitamina D, que ajudam a armazenar o c\u00e1lcio na massa \u00f3ssea.","og_url":"https:\/\/www.lraloeverashop.eu\/pt-pt\/produto\/woman-phyto-para-a-menopausa\/","og_site_name":"Lr Loja Aloe Vera","article_publisher":"https:\/\/www.facebook.com\/lraloeverashop.eu","article_modified_time":"2026-02-08T09:16:07+00:00","og_image":[{"width":1200,"height":1200,"url":"https:\/\/www.lraloeverashop.eu\/wp-content\/uploads\/2022\/10\/phyto-2.jpg","type":"image\/jpeg"}],"twitter_card":"summary_large_image","twitter_site":"@natur__kosmetik","schema":{"@context":"https:\/\/schema.org","@graph":[{"@type":["WebPage","ItemPage"],"@id":"https:\/\/www.lraloeverashop.eu\/pt-pt\/produto\/woman-phyto-para-a-menopausa\/","url":"https:\/\/www.lraloeverashop.eu\/pt-pt\/produto\/woman-phyto-para-a-menopausa\/","name":"Woman Phyto para Menopausa Com Extrato de Trevo Vermelho","isPartOf":{"@id":"https:\/\/www.lraloeverashop.eu\/pt-pt\/#website"},"primaryImageOfPage":{"@id":"https:\/\/www.lraloeverashop.eu\/pt-pt\/produto\/woman-phyto-para-a-menopausa\/#primaryimage"},"image":{"@id":"https:\/\/www.lraloeverashop.eu\/pt-pt\/produto\/woman-phyto-para-a-menopausa\/#primaryimage"},"thumbnailUrl":"https:\/\/www.lraloeverashop.eu\/wp-content\/uploads\/2022\/10\/phyto-2.jpg","datePublished":"2022-10-15T05:43:52+00:00","dateModified":"2026-02-08T09:16:07+00:00","description":"Woman Phyto para Menopausa conter Extrato de Trevo Vermelho, magn\u00e9sio, c\u00e1lcio, vitamina D, que ajudam a armazenar o c\u00e1lcio na massa \u00f3ssea.","breadcrumb":{"@id":"https:\/\/www.lraloeverashop.eu\/pt-pt\/produto\/woman-phyto-para-a-menopausa\/#breadcrumb"},"inLanguage":"pt-PT","potentialAction":[{"@type":"ReadAction","target":["https:\/\/www.lraloeverashop.eu\/pt-pt\/produto\/woman-phyto-para-a-menopausa\/"]}]},{"@type":"ImageObject","inLanguage":"pt-PT","@id":"https:\/\/www.lraloeverashop.eu\/pt-pt\/produto\/woman-phyto-para-a-menopausa\/#primaryimage","url":"https:\/\/www.lraloeverashop.eu\/wp-content\/uploads\/2022\/10\/phyto-2.jpg","contentUrl":"https:\/\/www.lraloeverashop.eu\/wp-content\/uploads\/2022\/10\/phyto-2.jpg","width":1200,"height":1200,"caption":"Oferta limitada Woman Phyto para menopausa"},{"@type":"BreadcrumbList","@id":"https:\/\/www.lraloeverashop.eu\/pt-pt\/produto\/woman-phyto-para-a-menopausa\/#breadcrumb","itemListElement":[{"@type":"ListItem","position":1,"name":"Home","item":"https:\/\/www.lraloeverashop.eu\/pt-pt\/"},{"@type":"ListItem","position":2,"name":"Loja","item":"https:\/\/www.lraloeverashop.eu\/pt-pt\/loja\/"},{"@type":"ListItem","position":3,"name":"Woman Phyto Para Menopausa Oferta limitada"}]},{"@type":"WebSite","@id":"https:\/\/www.lraloeverashop.eu\/pt-pt\/#website","url":"https:\/\/www.lraloeverashop.eu\/pt-pt\/","name":"Lr Loja Aloe Vera","description":"High Quality Lr Aloe Vera Gel, Aloe Vera Cream and Shampoo","publisher":{"@id":"https:\/\/www.lraloeverashop.eu\/pt-pt\/#organization"},"alternateName":"LR","potentialAction":[{"@type":"SearchAction","target":{"@type":"EntryPoint","urlTemplate":"https:\/\/www.lraloeverashop.eu\/pt-pt\/?s={search_term_string}"},"query-input":{"@type":"PropertyValueSpecification","valueRequired":true,"valueName":"search_term_string"}}],"inLanguage":"pt-PT"},{"@type":"Organization","@id":"https:\/\/www.lraloeverashop.eu\/pt-pt\/#organization","name":"Loja Lr Aloe Vera","alternateName":"LR","url":"https:\/\/www.lraloeverashop.eu\/pt-pt\/","logo":{"@type":"ImageObject","inLanguage":"pt-PT","@id":"https:\/\/www.lraloeverashop.eu\/pt-pt\/#\/schema\/logo\/image\/","url":"https:\/\/www.lraloeverashop.eu\/wp-content\/uploads\/2022\/09\/cropped-Lr-Aloe-Vera-Shop.jpg","contentUrl":"https:\/\/www.lraloeverashop.eu\/wp-content\/uploads\/2022\/09\/cropped-Lr-Aloe-Vera-Shop.jpg","width":228,"height":76,"caption":"Loja Lr Aloe Vera"},"image":{"@id":"https:\/\/www.lraloeverashop.eu\/pt-pt\/#\/schema\/logo\/image\/"},"sameAs":["https:\/\/www.facebook.com\/lraloeverashop.eu","https:\/\/x.com\/natur__kosmetik","https:\/\/www.youtube.com\/channel\/UC5oN7BJ8nfYb8RpVtjwDEBA","https:\/\/www.instagram.com\/lrbeautyeu\/"],"description":"Loja Lr Aloe Vera \u00e9 o seu destino de confian\u00e7a para os produtos de sa\u00fade e beleza premium da LR, fabricados na Alemanha. Oferecemos solu\u00e7\u00f5es de alta qualidade para o cuidado da pele, nutri\u00e7\u00e3o e antienvelhecimento \u00e0 base de Alo\u00e9 Vera, elaboradas com ingredientes puros e apoiadas em investiga\u00e7\u00e3o cient\u00edfica. Descubra o cuidado natural que regenera, protege e revitaliza a sua pele \u2014 e aproveite as ofertas mensais exclusivas nos nossos produtos LR Alo\u00e9 Vera mais vendidos.\nComece hoje mesmo a sua jornada de cuidados naturais com a pele e sinta a diferen\u00e7a.","email":"info@lraloeverashop.eu","telephone":"+49 17670609653","legalName":"Lr Aloe Vera Shop","foundingDate":"2018-04-21","numberOfEmployees":{"@type":"QuantitativeValue","minValue":"1","maxValue":"10"}}]},"product_price_amount":"55.99","product_price_currency":"EUR","og_availability":"out of stock","product_availability":"out of stock","product_retailer_item_id":"80522-1PT","product_condition":"new"},"taxonomy_info":{"product_cat":[{"value":431,"label":"Equil\u00edbrio Hormonal"},{"value":467,"label":"Especialistas"},{"value":354,"label":"Promo\u00e7\u00f5es"}]},"featured_image_src_large":["https:\/\/www.lraloeverashop.eu\/wp-content\/uploads\/2022\/10\/phyto-2-1024x1024.jpg",1024,1024,true],"author_info":[],"comment_info":0,"_links":{"self":[{"href":"https:\/\/www.lraloeverashop.eu\/pt-pt\/wp-json\/wp\/v2\/product\/9407","targetHints":{"allow":["GET"]}}],"collection":[{"href":"https:\/\/www.lraloeverashop.eu\/pt-pt\/wp-json\/wp\/v2\/product"}],"about":[{"href":"https:\/\/www.lraloeverashop.eu\/pt-pt\/wp-json\/wp\/v2\/types\/product"}],"replies":[{"embeddable":true,"href":"https:\/\/www.lraloeverashop.eu\/pt-pt\/wp-json\/wp\/v2\/comments?post=9407"}],"wp:featuredmedia":[{"embeddable":true,"href":"https:\/\/www.lraloeverashop.eu\/pt-pt\/wp-json\/wp\/v2\/media\/5127"}],"wp:attachment":[{"href":"https:\/\/www.lraloeverashop.eu\/pt-pt\/wp-json\/wp\/v2\/media?parent=9407"}],"wp:term":[{"taxonomy":"product_brand","embeddable":true,"href":"https:\/\/www.lraloeverashop.eu\/pt-pt\/wp-json\/wp\/v2\/product_brand?post=9407"},{"taxonomy":"product_cat","embeddable":true,"href":"https:\/\/www.lraloeverashop.eu\/pt-pt\/wp-json\/wp\/v2\/product_cat?post=9407"},{"taxonomy":"product_tag","embeddable":true,"href":"https:\/\/www.lraloeverashop.eu\/pt-pt\/wp-json\/wp\/v2\/product_tag?post=9407"}],"curies":[{"name":"wp","href":"https:\/\/api.w.org\/{rel}","templated":true}]}}