{"id":9383,"date":"2022-10-15T08:29:04","date_gmt":"2022-10-15T06:29:04","guid":{"rendered":"https:\/\/www.lraloeverashop.eu\/product\/active-freedom-em-capsulas-set2\/"},"modified":"2026-02-08T10:15:27","modified_gmt":"2026-02-08T09:15:27","slug":"active-freedom-em-capsulas-set2","status":"publish","type":"product","link":"https:\/\/www.lraloeverashop.eu\/pt-pt\/produto\/active-freedom-em-capsulas-set2\/","title":{"rendered":"Active Freedom em C\u00e1psulas Set de 2"},"content":{"rendered":"<h2><span style=\"font-size: 16pt;\"><strong>Active Freedom em C\u00e1psulas Set de 2<\/strong><\/span><\/h2>\n<p><strong><span style=\"font-size: 14pt;\">Active Freedom em C\u00e1psulas Set de 2 \u2013 Melhor suporte para sistema musculoceletal<\/span><\/strong><\/p>\n<p>Cartilagens, ossos e m\u00fasculos saud\u00e1veis s\u00e3o essenciais para as articula\u00e7\u00f5es e, portanto, para um sistema m\u00fasculo-esquel\u00e9tico intacto. Um fornecimento adequado de micronutrientes \u00e9, portanto, elementar. Al\u00e9m disso, o aumento da idade pode levar \u00e0 degrada\u00e7\u00e3o da cartilagem e do tecido muscular.<\/p>\n<p>Os micronutrientes do Active Freedom em C\u00e1psulas Set de 2 fornecem suporte direcionado e eficaz para uma rotina di\u00e1ria ativa:<\/p>\n<p>As <a href=\"https:\/\/www.lraloeverashop.eu\/pt-pt\/produto\/active-freedom-em-capsulas\/\">C\u00e1psulas Active Freedom<\/a> fornecem antioxidantes como um mecanismo de prote\u00e7\u00e3o contra os radicais livres, que podem surgir, por exemplo, durante o alto estresse. (1)<\/p>\n<p>As Active Freedom em C\u00e1psulas Set de 2 mant\u00eam uma estrutura \u00f3ssea normal e forma\u00e7\u00e3o de tecido conjuntivo. Nesse processo, a vitamina D auxilia na absor\u00e7\u00e3o de c\u00e1lcio e f\u00f3sforo, que tamb\u00e9m s\u00e3o importantes para a <a href=\"https:\/\/www.lraloeverashop.eu\/pt-pt\/produto\/active-freedom-em-capsulas-set\/\">sa\u00fade dos ossos<\/a>, e est\u00e1 envolvida na manuten\u00e7\u00e3o dos n\u00edveis de c\u00e1lcio no sangue. (2,3,4,5)<\/p>\n<p>As Active Freedom C\u00e1psulas apoiam a for\u00e7a muscular e cont\u00eam sulfato de glucosamina e sulfato de condroitina, os blocos de constru\u00e7\u00e3o b\u00e1sicos da cartilagem e do tecido articular. (6)<\/p>\n<p>Nossas articula\u00e7\u00f5es do joelho e do quadril, em particular, est\u00e3o sujeitas a muito estresse, pois precisam suportar nosso peso corporal, absorver choques ou impactos e ainda reagir com flexibilidade. O l\u00edquido sinovial, uma pel\u00edcula protectora el\u00e1stica e lisa, cobre as nossas superf\u00edcies articulares e actua, entre outras coisas, como uma almofada entre as articula\u00e7\u00f5es.<\/p>\n<p>&nbsp;<\/p>\n<p>(1) O mangan\u00eas e a vitamina E ajudam a proteger as c\u00e9lulas do estresse oxidativo.<br \/>\n(2) O mangan\u00eas e a vitamina D contribuem para a manuten\u00e7\u00e3o de ossos normais.<br \/>\n(3) O mangan\u00eas contribui para a forma\u00e7\u00e3o normal do tecido conjuntivo.<br \/>\n(4) A vitamina D contribui para a absor\u00e7\u00e3o\/utiliza\u00e7\u00e3o normal do c\u00e1lcio e do f\u00f3sforo.<br \/>\n(5) A vitamina D contribui para n\u00edveis normais de c\u00e1lcio no sangue.<br \/>\n(6) A vitamina D contribui para a manuten\u00e7\u00e3o da <a href=\"https:\/\/www.lraloeverashop.eu\/pt-pt\/produto\/beauty-shot-masculino\/\">fun\u00e7\u00e3o muscular normal<\/a>.<\/p>\n<p>&nbsp;<\/p>\n<h3><span style=\"font-size: 16pt;\"><strong>Como usar\u00a0<\/strong><\/span><\/h3>\n<p>1 c\u00e1psula duas vezes ao dia com um pouco de l\u00edquido antes ou depois das refei\u00e7\u00f5es.<\/p>\n<p>N\u00e3o exceda a dose di\u00e1ria recomendada. Os suplementos diet\u00e9ticos n\u00e3o substituem uma dieta rica e equilibrada combinada com um estilo de vida saud\u00e1vel. N\u00e3o use se tem alergia \u00e0 condroitina e ao sulfato de glucosamina. Mantenha fora do alcance das crian\u00e7as. N\u00e3o se destina a pessoas al\u00e9rgicas aos mariscos.<\/p>\n<p>&nbsp;<\/p>\n","protected":false},"excerpt":{"rendered":"<ul>\n<li><span style=\"color: #ff0000;\"><strong>Oferta limitada<\/strong><\/span><\/li>\n<li>Fornece antioxidantes como um mecanismo de prote\u00e7\u00e3o contra os radicais livres (1)<\/li>\n<li>Mant\u00e9m a estrutura \u00f3ssea normal e a forma\u00e7\u00e3o de tecido conjuntivo (2,3)<\/li>\n<li>Suporta for\u00e7a muscular<\/li>\n<li>Quantidade: 2 x 60 c\u00e1psulas<\/li>\n<\/ul>\n<p><span style=\"color: #ff0000;\"><a style=\"color: #ff0000;\" href=\"https:\/\/shop.lrworld.com\/openpao?PHP=0vFlt7jT938BEnBI3a6e9w%3D%3D\"><span style=\"font-size: 14pt;\"><strong>Registe-se aqui e poupe 35% em todos os pedidos<\/strong><\/span><\/a><\/span><\/p>\n","protected":false},"featured_media":5493,"comment_status":"open","ping_status":"closed","template":"","meta":{"_kad_blocks_custom_css":"","_kad_blocks_head_custom_js":"","_kad_blocks_body_custom_js":"","_kad_blocks_footer_custom_js":"","_kadence_starter_templates_imported_post":false,"_kad_post_transparent":"default","_kad_post_title":"","_kad_post_layout":"default","_kad_post_sidebar_id":"","_kad_post_content_style":"default","_kad_post_vertical_padding":"default","_kad_post_feature":"","_kad_post_feature_position":"","_kad_post_header":false,"_kad_post_footer":false,"_kad_post_classname":""},"product_brand":[],"product_cat":[467,419,354],"product_tag":[674],"class_list":{"0":"post-9383","1":"product","2":"type-product","3":"status-publish","4":"has-post-thumbnail","6":"product_cat-lr-especialistas","7":"product_cat-ossos-articulacoes-e-musculos","8":"product_cat-promocoes","9":"product_tag-dores-nas-articulacoes","11":"first","12":"outofstock","13":"sale","14":"taxable","15":"shipping-taxable","16":"purchasable","17":"product-type-simple","18":"entry","19":"content-bg","20":"loop-entry"},"yoast_head":"<!-- This site is optimized with the Yoast SEO Premium plugin v27.5 (Yoast SEO v27.5) - https:\/\/yoast.com\/product\/yoast-seo-premium-wordpress\/ -->\n<title>Active Freedom em C\u00e1psulas Set de 2 para sistema musculoceletal<\/title>\n<meta name=\"description\" content=\"Active Freedom em C\u00e1psulas Set de 2 para sistema musculoceletal Mant\u00e9m a estrutura \u00f3ssea normal e a forma\u00e7\u00e3o de tecido conjuntivo. Suporta for\u00e7a muscular\" \/>\n<meta name=\"robots\" content=\"index, follow, max-snippet:-1, max-image-preview:large, max-video-preview:-1\" \/>\n<link rel=\"canonical\" href=\"https:\/\/www.lraloeverashop.eu\/pt-pt\/produto\/active-freedom-em-capsulas-set2\/\" \/>\n<meta property=\"og:locale\" content=\"pt_PT\" \/>\n<meta property=\"og:type\" content=\"article\" \/>\n<meta property=\"og:title\" content=\"Active Freedom em C\u00e1psulas Set de 2\" \/>\n<meta property=\"og:description\" content=\"Active Freedom em C\u00e1psulas Set de 2 para sistema musculoceletal Mant\u00e9m a estrutura \u00f3ssea normal e a forma\u00e7\u00e3o de tecido conjuntivo. Suporta for\u00e7a muscular\" \/>\n<meta property=\"og:url\" content=\"https:\/\/www.lraloeverashop.eu\/pt-pt\/produto\/active-freedom-em-capsulas-set2\/\" \/>\n<meta property=\"og:site_name\" content=\"Lr Loja Aloe Vera\" \/>\n<meta property=\"article:publisher\" content=\"https:\/\/www.facebook.com\/lraloeverashop.eu\" \/>\n<meta property=\"article:modified_time\" content=\"2026-02-08T09:15:27+00:00\" \/>\n<meta property=\"og:image\" content=\"https:\/\/www.lraloeverashop.eu\/wp-content\/uploads\/2022\/10\/Freedom-Capsules-double-Set.jpg\" \/>\n\t<meta property=\"og:image:width\" content=\"1200\" \/>\n\t<meta property=\"og:image:height\" content=\"1200\" \/>\n\t<meta property=\"og:image:type\" content=\"image\/jpeg\" \/>\n<meta name=\"twitter:card\" content=\"summary_large_image\" \/>\n<meta name=\"twitter:site\" content=\"@natur__kosmetik\" \/>\n<script type=\"application\/ld+json\" class=\"yoast-schema-graph\">{\"@context\":\"https:\\\/\\\/schema.org\",\"@graph\":[{\"@type\":[\"WebPage\",\"ItemPage\"],\"@id\":\"https:\\\/\\\/www.lraloeverashop.eu\\\/pt-pt\\\/produto\\\/active-freedom-em-capsulas-set2\\\/\",\"url\":\"https:\\\/\\\/www.lraloeverashop.eu\\\/pt-pt\\\/produto\\\/active-freedom-em-capsulas-set2\\\/\",\"name\":\"Active Freedom em C\u00e1psulas Set de 2 para sistema musculoceletal\",\"isPartOf\":{\"@id\":\"https:\\\/\\\/www.lraloeverashop.eu\\\/pt-pt\\\/#website\"},\"primaryImageOfPage\":{\"@id\":\"https:\\\/\\\/www.lraloeverashop.eu\\\/pt-pt\\\/produto\\\/active-freedom-em-capsulas-set2\\\/#primaryimage\"},\"image\":{\"@id\":\"https:\\\/\\\/www.lraloeverashop.eu\\\/pt-pt\\\/produto\\\/active-freedom-em-capsulas-set2\\\/#primaryimage\"},\"thumbnailUrl\":\"https:\\\/\\\/www.lraloeverashop.eu\\\/wp-content\\\/uploads\\\/2022\\\/10\\\/Freedom-Capsules-double-Set.jpg\",\"datePublished\":\"2022-10-15T06:29:04+00:00\",\"dateModified\":\"2026-02-08T09:15:27+00:00\",\"description\":\"Active Freedom em C\u00e1psulas Set de 2 para sistema musculoceletal Mant\u00e9m a estrutura \u00f3ssea normal e a forma\u00e7\u00e3o de tecido conjuntivo. Suporta for\u00e7a muscular\",\"breadcrumb\":{\"@id\":\"https:\\\/\\\/www.lraloeverashop.eu\\\/pt-pt\\\/produto\\\/active-freedom-em-capsulas-set2\\\/#breadcrumb\"},\"inLanguage\":\"pt-PT\",\"potentialAction\":[{\"@type\":\"ReadAction\",\"target\":[\"https:\\\/\\\/www.lraloeverashop.eu\\\/pt-pt\\\/produto\\\/active-freedom-em-capsulas-set2\\\/\"]}]},{\"@type\":\"ImageObject\",\"inLanguage\":\"pt-PT\",\"@id\":\"https:\\\/\\\/www.lraloeverashop.eu\\\/pt-pt\\\/produto\\\/active-freedom-em-capsulas-set2\\\/#primaryimage\",\"url\":\"https:\\\/\\\/www.lraloeverashop.eu\\\/wp-content\\\/uploads\\\/2022\\\/10\\\/Freedom-Capsules-double-Set.jpg\",\"contentUrl\":\"https:\\\/\\\/www.lraloeverashop.eu\\\/wp-content\\\/uploads\\\/2022\\\/10\\\/Freedom-Capsules-double-Set.jpg\",\"width\":1200,\"height\":1200,\"caption\":\"Freedom C\u00e1psulas conjunto duplo\"},{\"@type\":\"BreadcrumbList\",\"@id\":\"https:\\\/\\\/www.lraloeverashop.eu\\\/pt-pt\\\/produto\\\/active-freedom-em-capsulas-set2\\\/#breadcrumb\",\"itemListElement\":[{\"@type\":\"ListItem\",\"position\":1,\"name\":\"Home\",\"item\":\"https:\\\/\\\/www.lraloeverashop.eu\\\/pt-pt\\\/\"},{\"@type\":\"ListItem\",\"position\":2,\"name\":\"Loja\",\"item\":\"https:\\\/\\\/www.lraloeverashop.eu\\\/pt-pt\\\/loja\\\/\"},{\"@type\":\"ListItem\",\"position\":3,\"name\":\"Active Freedom em C\u00e1psulas Set de 2\"}]},{\"@type\":\"WebSite\",\"@id\":\"https:\\\/\\\/www.lraloeverashop.eu\\\/pt-pt\\\/#website\",\"url\":\"https:\\\/\\\/www.lraloeverashop.eu\\\/pt-pt\\\/\",\"name\":\"Lr Loja Aloe Vera\",\"description\":\"High Quality Lr Aloe Vera Gel, Aloe Vera Cream and Shampoo\",\"publisher\":{\"@id\":\"https:\\\/\\\/www.lraloeverashop.eu\\\/pt-pt\\\/#organization\"},\"alternateName\":\"LR\",\"potentialAction\":[{\"@type\":\"SearchAction\",\"target\":{\"@type\":\"EntryPoint\",\"urlTemplate\":\"https:\\\/\\\/www.lraloeverashop.eu\\\/pt-pt\\\/?s={search_term_string}\"},\"query-input\":{\"@type\":\"PropertyValueSpecification\",\"valueRequired\":true,\"valueName\":\"search_term_string\"}}],\"inLanguage\":\"pt-PT\"},{\"@type\":\"Organization\",\"@id\":\"https:\\\/\\\/www.lraloeverashop.eu\\\/pt-pt\\\/#organization\",\"name\":\"Loja Lr Aloe Vera\",\"alternateName\":\"LR\",\"url\":\"https:\\\/\\\/www.lraloeverashop.eu\\\/pt-pt\\\/\",\"logo\":{\"@type\":\"ImageObject\",\"inLanguage\":\"pt-PT\",\"@id\":\"https:\\\/\\\/www.lraloeverashop.eu\\\/pt-pt\\\/#\\\/schema\\\/logo\\\/image\\\/\",\"url\":\"https:\\\/\\\/www.lraloeverashop.eu\\\/wp-content\\\/uploads\\\/2022\\\/09\\\/cropped-Lr-Aloe-Vera-Shop.jpg\",\"contentUrl\":\"https:\\\/\\\/www.lraloeverashop.eu\\\/wp-content\\\/uploads\\\/2022\\\/09\\\/cropped-Lr-Aloe-Vera-Shop.jpg\",\"width\":228,\"height\":76,\"caption\":\"Loja Lr Aloe Vera\"},\"image\":{\"@id\":\"https:\\\/\\\/www.lraloeverashop.eu\\\/pt-pt\\\/#\\\/schema\\\/logo\\\/image\\\/\"},\"sameAs\":[\"https:\\\/\\\/www.facebook.com\\\/lraloeverashop.eu\",\"https:\\\/\\\/x.com\\\/natur__kosmetik\",\"https:\\\/\\\/www.youtube.com\\\/channel\\\/UC5oN7BJ8nfYb8RpVtjwDEBA\",\"https:\\\/\\\/www.instagram.com\\\/lrbeautyeu\\\/\"],\"description\":\"Loja Lr Aloe Vera \u00e9 o seu destino de confian\u00e7a para os produtos de sa\u00fade e beleza premium da LR, fabricados na Alemanha. Oferecemos solu\u00e7\u00f5es de alta qualidade para o cuidado da pele, nutri\u00e7\u00e3o e antienvelhecimento \u00e0 base de Alo\u00e9 Vera, elaboradas com ingredientes puros e apoiadas em investiga\u00e7\u00e3o cient\u00edfica. Descubra o cuidado natural que regenera, protege e revitaliza a sua pele \u2014 e aproveite as ofertas mensais exclusivas nos nossos produtos LR Alo\u00e9 Vera mais vendidos.\\nComece hoje mesmo a sua jornada de cuidados naturais com a pele e sinta a diferen\u00e7a.\",\"email\":\"info@lraloeverashop.eu\",\"telephone\":\"+49 17670609653\",\"legalName\":\"Lr Aloe Vera Shop\",\"foundingDate\":\"2018-04-21\",\"numberOfEmployees\":{\"@type\":\"QuantitativeValue\",\"minValue\":\"1\",\"maxValue\":\"10\"}}]}<\/script>\n<meta property=\"product:price:amount\" content=\"52.99\" \/>\n<meta property=\"product:price:currency\" content=\"EUR\" \/>\n<meta property=\"og:availability\" content=\"out of stock\" \/>\n<meta property=\"product:availability\" content=\"out of stock\" \/>\n<meta property=\"product:retailer_item_id\" content=\"80191-1PT\" \/>\n<meta property=\"product:condition\" content=\"new\" \/>\n<!-- \/ Yoast SEO Premium plugin. -->","yoast_head_json":{"title":"Active Freedom em C\u00e1psulas Set de 2 para sistema musculoceletal","description":"Active Freedom em C\u00e1psulas Set de 2 para sistema musculoceletal Mant\u00e9m a estrutura \u00f3ssea normal e a forma\u00e7\u00e3o de tecido conjuntivo. Suporta for\u00e7a muscular","robots":{"index":"index","follow":"follow","max-snippet":"max-snippet:-1","max-image-preview":"max-image-preview:large","max-video-preview":"max-video-preview:-1"},"canonical":"https:\/\/www.lraloeverashop.eu\/pt-pt\/produto\/active-freedom-em-capsulas-set2\/","og_locale":"pt_PT","og_type":"article","og_title":"Active Freedom em C\u00e1psulas Set de 2","og_description":"Active Freedom em C\u00e1psulas Set de 2 para sistema musculoceletal Mant\u00e9m a estrutura \u00f3ssea normal e a forma\u00e7\u00e3o de tecido conjuntivo. Suporta for\u00e7a muscular","og_url":"https:\/\/www.lraloeverashop.eu\/pt-pt\/produto\/active-freedom-em-capsulas-set2\/","og_site_name":"Lr Loja Aloe Vera","article_publisher":"https:\/\/www.facebook.com\/lraloeverashop.eu","article_modified_time":"2026-02-08T09:15:27+00:00","og_image":[{"width":1200,"height":1200,"url":"https:\/\/www.lraloeverashop.eu\/wp-content\/uploads\/2022\/10\/Freedom-Capsules-double-Set.jpg","type":"image\/jpeg"}],"twitter_card":"summary_large_image","twitter_site":"@natur__kosmetik","schema":{"@context":"https:\/\/schema.org","@graph":[{"@type":["WebPage","ItemPage"],"@id":"https:\/\/www.lraloeverashop.eu\/pt-pt\/produto\/active-freedom-em-capsulas-set2\/","url":"https:\/\/www.lraloeverashop.eu\/pt-pt\/produto\/active-freedom-em-capsulas-set2\/","name":"Active Freedom em C\u00e1psulas Set de 2 para sistema musculoceletal","isPartOf":{"@id":"https:\/\/www.lraloeverashop.eu\/pt-pt\/#website"},"primaryImageOfPage":{"@id":"https:\/\/www.lraloeverashop.eu\/pt-pt\/produto\/active-freedom-em-capsulas-set2\/#primaryimage"},"image":{"@id":"https:\/\/www.lraloeverashop.eu\/pt-pt\/produto\/active-freedom-em-capsulas-set2\/#primaryimage"},"thumbnailUrl":"https:\/\/www.lraloeverashop.eu\/wp-content\/uploads\/2022\/10\/Freedom-Capsules-double-Set.jpg","datePublished":"2022-10-15T06:29:04+00:00","dateModified":"2026-02-08T09:15:27+00:00","description":"Active Freedom em C\u00e1psulas Set de 2 para sistema musculoceletal Mant\u00e9m a estrutura \u00f3ssea normal e a forma\u00e7\u00e3o de tecido conjuntivo. Suporta for\u00e7a muscular","breadcrumb":{"@id":"https:\/\/www.lraloeverashop.eu\/pt-pt\/produto\/active-freedom-em-capsulas-set2\/#breadcrumb"},"inLanguage":"pt-PT","potentialAction":[{"@type":"ReadAction","target":["https:\/\/www.lraloeverashop.eu\/pt-pt\/produto\/active-freedom-em-capsulas-set2\/"]}]},{"@type":"ImageObject","inLanguage":"pt-PT","@id":"https:\/\/www.lraloeverashop.eu\/pt-pt\/produto\/active-freedom-em-capsulas-set2\/#primaryimage","url":"https:\/\/www.lraloeverashop.eu\/wp-content\/uploads\/2022\/10\/Freedom-Capsules-double-Set.jpg","contentUrl":"https:\/\/www.lraloeverashop.eu\/wp-content\/uploads\/2022\/10\/Freedom-Capsules-double-Set.jpg","width":1200,"height":1200,"caption":"Freedom C\u00e1psulas conjunto duplo"},{"@type":"BreadcrumbList","@id":"https:\/\/www.lraloeverashop.eu\/pt-pt\/produto\/active-freedom-em-capsulas-set2\/#breadcrumb","itemListElement":[{"@type":"ListItem","position":1,"name":"Home","item":"https:\/\/www.lraloeverashop.eu\/pt-pt\/"},{"@type":"ListItem","position":2,"name":"Loja","item":"https:\/\/www.lraloeverashop.eu\/pt-pt\/loja\/"},{"@type":"ListItem","position":3,"name":"Active Freedom em C\u00e1psulas Set de 2"}]},{"@type":"WebSite","@id":"https:\/\/www.lraloeverashop.eu\/pt-pt\/#website","url":"https:\/\/www.lraloeverashop.eu\/pt-pt\/","name":"Lr Loja Aloe Vera","description":"High Quality Lr Aloe Vera Gel, Aloe Vera Cream and Shampoo","publisher":{"@id":"https:\/\/www.lraloeverashop.eu\/pt-pt\/#organization"},"alternateName":"LR","potentialAction":[{"@type":"SearchAction","target":{"@type":"EntryPoint","urlTemplate":"https:\/\/www.lraloeverashop.eu\/pt-pt\/?s={search_term_string}"},"query-input":{"@type":"PropertyValueSpecification","valueRequired":true,"valueName":"search_term_string"}}],"inLanguage":"pt-PT"},{"@type":"Organization","@id":"https:\/\/www.lraloeverashop.eu\/pt-pt\/#organization","name":"Loja Lr Aloe Vera","alternateName":"LR","url":"https:\/\/www.lraloeverashop.eu\/pt-pt\/","logo":{"@type":"ImageObject","inLanguage":"pt-PT","@id":"https:\/\/www.lraloeverashop.eu\/pt-pt\/#\/schema\/logo\/image\/","url":"https:\/\/www.lraloeverashop.eu\/wp-content\/uploads\/2022\/09\/cropped-Lr-Aloe-Vera-Shop.jpg","contentUrl":"https:\/\/www.lraloeverashop.eu\/wp-content\/uploads\/2022\/09\/cropped-Lr-Aloe-Vera-Shop.jpg","width":228,"height":76,"caption":"Loja Lr Aloe Vera"},"image":{"@id":"https:\/\/www.lraloeverashop.eu\/pt-pt\/#\/schema\/logo\/image\/"},"sameAs":["https:\/\/www.facebook.com\/lraloeverashop.eu","https:\/\/x.com\/natur__kosmetik","https:\/\/www.youtube.com\/channel\/UC5oN7BJ8nfYb8RpVtjwDEBA","https:\/\/www.instagram.com\/lrbeautyeu\/"],"description":"Loja Lr Aloe Vera \u00e9 o seu destino de confian\u00e7a para os produtos de sa\u00fade e beleza premium da LR, fabricados na Alemanha. Oferecemos solu\u00e7\u00f5es de alta qualidade para o cuidado da pele, nutri\u00e7\u00e3o e antienvelhecimento \u00e0 base de Alo\u00e9 Vera, elaboradas com ingredientes puros e apoiadas em investiga\u00e7\u00e3o cient\u00edfica. Descubra o cuidado natural que regenera, protege e revitaliza a sua pele \u2014 e aproveite as ofertas mensais exclusivas nos nossos produtos LR Alo\u00e9 Vera mais vendidos.\nComece hoje mesmo a sua jornada de cuidados naturais com a pele e sinta a diferen\u00e7a.","email":"info@lraloeverashop.eu","telephone":"+49 17670609653","legalName":"Lr Aloe Vera Shop","foundingDate":"2018-04-21","numberOfEmployees":{"@type":"QuantitativeValue","minValue":"1","maxValue":"10"}}]},"product_price_amount":"52.99","product_price_currency":"EUR","og_availability":"out of stock","product_availability":"out of stock","product_retailer_item_id":"80191-1PT","product_condition":"new"},"taxonomy_info":{"product_cat":[{"value":467,"label":"Especialistas"},{"value":419,"label":"Ossos, Articula\u00e7\u00f5es e M\u00fasculos"},{"value":354,"label":"Promo\u00e7\u00f5es"}],"product_tag":[{"value":674,"label":"Dores nas articula\u00e7\u00f5es"}]},"featured_image_src_large":["https:\/\/www.lraloeverashop.eu\/wp-content\/uploads\/2022\/10\/Freedom-Capsules-double-Set-1024x1024.jpg",1024,1024,true],"author_info":[],"comment_info":0,"_links":{"self":[{"href":"https:\/\/www.lraloeverashop.eu\/pt-pt\/wp-json\/wp\/v2\/product\/9383","targetHints":{"allow":["GET"]}}],"collection":[{"href":"https:\/\/www.lraloeverashop.eu\/pt-pt\/wp-json\/wp\/v2\/product"}],"about":[{"href":"https:\/\/www.lraloeverashop.eu\/pt-pt\/wp-json\/wp\/v2\/types\/product"}],"replies":[{"embeddable":true,"href":"https:\/\/www.lraloeverashop.eu\/pt-pt\/wp-json\/wp\/v2\/comments?post=9383"}],"wp:featuredmedia":[{"embeddable":true,"href":"https:\/\/www.lraloeverashop.eu\/pt-pt\/wp-json\/wp\/v2\/media\/5493"}],"wp:attachment":[{"href":"https:\/\/www.lraloeverashop.eu\/pt-pt\/wp-json\/wp\/v2\/media?parent=9383"}],"wp:term":[{"taxonomy":"product_brand","embeddable":true,"href":"https:\/\/www.lraloeverashop.eu\/pt-pt\/wp-json\/wp\/v2\/product_brand?post=9383"},{"taxonomy":"product_cat","embeddable":true,"href":"https:\/\/www.lraloeverashop.eu\/pt-pt\/wp-json\/wp\/v2\/product_cat?post=9383"},{"taxonomy":"product_tag","embeddable":true,"href":"https:\/\/www.lraloeverashop.eu\/pt-pt\/wp-json\/wp\/v2\/product_tag?post=9383"}],"curies":[{"name":"wp","href":"https:\/\/api.w.org\/{rel}","templated":true}]}}