{"id":9343,"date":"2022-10-15T09:42:03","date_gmt":"2022-10-15T07:42:03","guid":{"rendered":"https:\/\/www.lraloeverashop.eu\/product\/protein-power-bebida-proteica-com-sabor-a-baunilha\/"},"modified":"2026-02-08T10:15:17","modified_gmt":"2026-02-08T09:15:17","slug":"protein-power-bebida-proteica-com-sabor-a-baunilha","status":"publish","type":"product","link":"https:\/\/www.lraloeverashop.eu\/pt-pt\/produto\/protein-power-bebida-proteica-com-sabor-a-baunilha\/","title":{"rendered":"Protein Power Bebida Proteica com Sabor a Baunilha"},"content":{"rendered":"<h2><span style=\"font-size: 16pt;\"><strong>Protein Power Bebida Proteica com Sabor a Baunilha<\/strong><\/span><\/h2>\n<p><span style=\"font-size: 14pt;\"><strong>Protein Power Bebida Proteica com Sabor a Baunilha &#8211; Um Suporte Para a Massa Muscular<\/strong><\/span><\/p>\n<p>Protein Power Bebida Proteica com Sabor a Baunilha ajuda eficazmente na preserva\u00e7\u00e3o e constru\u00e7\u00e3o da massa muscular. Contribui para o metabolismo normal das prote\u00ednas, com prote\u00ednas obtidas de 5 fontes diferentes, magn\u00e9sio e <a href=\"https:\/\/en.wikipedia.org\/wiki\/Vitamin_B6\">vitamin B6.<\/a><\/p>\n<p><strong>Provado cientificamente pela EFSA (Autoridade Europeia para a Seguran\u00e7a dos Alimentos):<\/strong><\/p>\n<p>1. As prote\u00ednas contribuem \u00e0 preserva\u00e7\u00e3o e constru\u00e7\u00e3o da massa muscular<br \/>\n2. O magn\u00e9sio contribui para a s\u00edntese normal das prote\u00ednas e para a fun\u00e7\u00e3o muscular normal<br \/>\n3. A vitamina B6 contribui para a fun\u00e7\u00e3o normal do <a href=\"https:\/\/www.lraloeverashop.eu\/pt-pt\/produto\/proteina-em-po-baunilha\/\">metabolismo das prote\u00ednas<\/a> e do glicog\u00eanio<\/p>\n<p>&nbsp;<\/p>\n<h3><span style=\"font-size: 16pt;\"><strong>Modo de Usar<\/strong><\/span><\/h3>\n<p><strong>Dose Di\u00e1ria Recomendada:<br \/>\n<\/strong><\/p>\n<p>Misture o conte\u00fado de uma colher de ch\u00e1 (12,5g) de p\u00f3 com 125ml de alguma bebida de baixo teor de gordura (1,5%) ou 100ml de \u00e1gua.<\/p>\n<p>Recomenda-se preparar a bebida com leite e consumir \u00e0 noite. Se recomenda usar um Shaker ou batedeira.<br \/>\nCertifique-se de ter uma alimenta\u00e7\u00e3o variada e equilibrada, e um <a href=\"https:\/\/www.lraloeverashop.eu\/pt-pt\/produto\/batido-para-emagrecer-sabor-baunilha\/\">estilo de vida saud\u00e1vel<\/a>. Pode conter vest\u00edgios de gl\u00faten e tremo\u00e7os. Mexa bem antes de beber.<br \/>\nO volume do produto est\u00e1 sujeito \u00e0s especifica\u00e7\u00f5es t\u00e9cnicas.<br \/>\nArmazene em local fresco e seco e consuma logo depois de abrir.<\/p>\n<p>&nbsp;<\/p>\n<h4><span style=\"font-size: 16pt;\"><strong>Voc\u00ea sabia?<\/strong><\/span><\/h4>\n<p>Os m\u00fasculos desempenham um papel muito importante na <a href=\"https:\/\/www.lraloeverashop.eu\/pt-pt\/substituto-de-refeicao-figu-active-a-dieta-inteligente-para-emagrecimento\/\">queima de gordura<\/a>. Aquelas pessoas que est\u00e3o ativamente envolvidas no desporto e aquelas que procuram emagrecer devem prestar aten\u00e7\u00e3o especial em preservar (e mesmo aumentar) sua massa muscular, pois os m\u00fasculos consomem energia, que leva \u00e0 <a href=\"https:\/\/www.lraloeverashop.eu\/pt-pt\/categoria-produto\/suplementosdieteticos\/\">perda de peso<\/a>.<br \/>\nEsta combina\u00e7\u00e3o especial de 5 componentes proteicos \u00e9 \u00fanica no mercado. Oferece o suporte necess\u00e1rio ao metabolismo das prote\u00ednas.<\/p>\n<p>Protein Power \u00e9 um produto de alta qualidade, <a href=\"https:\/\/www.lraloeverashop.eu\/pt-pt\/produto\/sopa-de-batata-doce\/\">criado por nutricionistas<\/a> de renome segundo os princ\u00edpios mais modernos da ci\u00eancia da sa\u00fade.<br \/>\nProtein Power fabrica-se na Alemanha: todas as etapas da produ\u00e7\u00e3o, desde a sele\u00e7\u00e3o da mat\u00e9ria-prima at\u00e9 a embalagem, est\u00e3o sujeitas a r\u00edgidos controles segundo os padr\u00f5es de qualidade da LR.<\/p>\n","protected":false},"excerpt":{"rendered":"<ul>\n<li>Bebida de prote\u00edna para apoiar a massa muscular<\/li>\n<li>Cont\u00e9m prote\u00ednas e nutrientes valiosos que ajudam a preservar e aumentar a massa muscular<\/li>\n<li>Com 80 prote\u00ednas de 5 fontes diferentes<\/li>\n<li>Com magn\u00e9sio e vitamina B6<\/li>\n<li>Quantidade: 375 g<\/li>\n<\/ul>\n<p><span style=\"color: #ff0000;\"><a style=\"color: #ff0000;\" href=\"https:\/\/shop.lrworld.com\/openpao?PHP=0vFlt7jT938BEnBI3a6e9w%3D%3D\"><span style=\"font-size: 14pt;\"><strong>Registe-se aqui e poupe 35% em todos os pedidos<\/strong><\/span><\/a><\/span><\/p>\n","protected":false},"featured_media":5709,"comment_status":"open","ping_status":"closed","template":"","meta":{"_kad_blocks_custom_css":"","_kad_blocks_head_custom_js":"","_kad_blocks_body_custom_js":"","_kad_blocks_footer_custom_js":"","_kadence_starter_templates_imported_post":false,"_kad_post_transparent":"default","_kad_post_title":"","_kad_post_layout":"default","_kad_post_sidebar_id":"","_kad_post_content_style":"default","_kad_post_vertical_padding":"default","_kad_post_feature":"","_kad_post_feature_position":"","_kad_post_header":false,"_kad_post_footer":false,"_kad_post_classname":""},"product_brand":[],"product_cat":[342,467,419,336],"product_tag":[613],"class_list":{"0":"post-9343","1":"product","2":"type-product","3":"status-publish","4":"has-post-thumbnail","6":"product_cat-companheiro-de-dieta","7":"product_cat-lr-especialistas","8":"product_cat-ossos-articulacoes-e-musculos","9":"product_cat-suplementosdieteticos","10":"product_tag-dieta-pt-pt","12":"first","13":"instock","14":"taxable","15":"shipping-taxable","16":"purchasable","17":"product-type-simple","18":"entry","19":"content-bg","20":"loop-entry"},"yoast_head":"<!-- This site is optimized with the Yoast SEO Premium plugin v27.4 (Yoast SEO v27.4) - https:\/\/yoast.com\/product\/yoast-seo-premium-wordpress\/ -->\n<title>Protein Power Bebida Proteica com magn\u00e9sio e vitamina B6<\/title>\n<meta name=\"description\" content=\"Protein Power Bebida Proteica com Sabor a Baunilha ajuda eficazmente na preserva\u00e7\u00e3o e constru\u00e7\u00e3o da massa muscular. Com 80 prote\u00ednas de 5 fontes diferentes\" \/>\n<meta name=\"robots\" content=\"index, follow, max-snippet:-1, max-image-preview:large, max-video-preview:-1\" \/>\n<link rel=\"canonical\" href=\"https:\/\/www.lraloeverashop.eu\/pt-pt\/produto\/protein-power-bebida-proteica-com-sabor-a-baunilha\/\" \/>\n<meta property=\"og:locale\" content=\"pt_PT\" \/>\n<meta property=\"og:type\" content=\"article\" \/>\n<meta property=\"og:title\" content=\"Protein Power Bebida Proteica com Sabor a Baunilha\" \/>\n<meta property=\"og:description\" content=\"Protein Power Bebida Proteica com Sabor a Baunilha ajuda eficazmente na preserva\u00e7\u00e3o e constru\u00e7\u00e3o da massa muscular. Com 80 prote\u00ednas de 5 fontes diferentes\" \/>\n<meta property=\"og:url\" content=\"https:\/\/www.lraloeverashop.eu\/pt-pt\/produto\/protein-power-bebida-proteica-com-sabor-a-baunilha\/\" \/>\n<meta property=\"og:site_name\" content=\"Lr Loja Aloe Vera\" \/>\n<meta property=\"article:publisher\" content=\"https:\/\/www.facebook.com\/lraloeverashop.eu\" \/>\n<meta property=\"article:modified_time\" content=\"2026-02-08T09:15:17+00:00\" \/>\n<meta property=\"og:image\" content=\"https:\/\/www.lraloeverashop.eu\/wp-content\/uploads\/2022\/10\/Muscle-Protein-Drink.jpg\" \/>\n\t<meta property=\"og:image:width\" content=\"1200\" \/>\n\t<meta property=\"og:image:height\" content=\"1200\" \/>\n\t<meta property=\"og:image:type\" content=\"image\/jpeg\" \/>\n<meta name=\"twitter:card\" content=\"summary_large_image\" \/>\n<meta name=\"twitter:site\" content=\"@natur__kosmetik\" \/>\n<script type=\"application\/ld+json\" class=\"yoast-schema-graph\">{\"@context\":\"https:\\\/\\\/schema.org\",\"@graph\":[{\"@type\":[\"WebPage\",\"ItemPage\"],\"@id\":\"https:\\\/\\\/www.lraloeverashop.eu\\\/pt-pt\\\/produto\\\/protein-power-bebida-proteica-com-sabor-a-baunilha\\\/\",\"url\":\"https:\\\/\\\/www.lraloeverashop.eu\\\/pt-pt\\\/produto\\\/protein-power-bebida-proteica-com-sabor-a-baunilha\\\/\",\"name\":\"Protein Power Bebida Proteica com magn\u00e9sio e vitamina B6\",\"isPartOf\":{\"@id\":\"https:\\\/\\\/www.lraloeverashop.eu\\\/pt-pt\\\/#website\"},\"primaryImageOfPage\":{\"@id\":\"https:\\\/\\\/www.lraloeverashop.eu\\\/pt-pt\\\/produto\\\/protein-power-bebida-proteica-com-sabor-a-baunilha\\\/#primaryimage\"},\"image\":{\"@id\":\"https:\\\/\\\/www.lraloeverashop.eu\\\/pt-pt\\\/produto\\\/protein-power-bebida-proteica-com-sabor-a-baunilha\\\/#primaryimage\"},\"thumbnailUrl\":\"https:\\\/\\\/www.lraloeverashop.eu\\\/wp-content\\\/uploads\\\/2022\\\/10\\\/Muscle-Protein-Drink.jpg\",\"datePublished\":\"2022-10-15T07:42:03+00:00\",\"dateModified\":\"2026-02-08T09:15:17+00:00\",\"description\":\"Protein Power Bebida Proteica com Sabor a Baunilha ajuda eficazmente na preserva\u00e7\u00e3o e constru\u00e7\u00e3o da massa muscular. Com 80 prote\u00ednas de 5 fontes diferentes\",\"breadcrumb\":{\"@id\":\"https:\\\/\\\/www.lraloeverashop.eu\\\/pt-pt\\\/produto\\\/protein-power-bebida-proteica-com-sabor-a-baunilha\\\/#breadcrumb\"},\"inLanguage\":\"pt-PT\",\"potentialAction\":[{\"@type\":\"ReadAction\",\"target\":[\"https:\\\/\\\/www.lraloeverashop.eu\\\/pt-pt\\\/produto\\\/protein-power-bebida-proteica-com-sabor-a-baunilha\\\/\"]}]},{\"@type\":\"ImageObject\",\"inLanguage\":\"pt-PT\",\"@id\":\"https:\\\/\\\/www.lraloeverashop.eu\\\/pt-pt\\\/produto\\\/protein-power-bebida-proteica-com-sabor-a-baunilha\\\/#primaryimage\",\"url\":\"https:\\\/\\\/www.lraloeverashop.eu\\\/wp-content\\\/uploads\\\/2022\\\/10\\\/Muscle-Protein-Drink.jpg\",\"contentUrl\":\"https:\\\/\\\/www.lraloeverashop.eu\\\/wp-content\\\/uploads\\\/2022\\\/10\\\/Muscle-Protein-Drink.jpg\",\"width\":1200,\"height\":1200,\"caption\":\"Protein Power Bebida Proteica com Sabor a Baunilha para apoiar a massa muscular\"},{\"@type\":\"BreadcrumbList\",\"@id\":\"https:\\\/\\\/www.lraloeverashop.eu\\\/pt-pt\\\/produto\\\/protein-power-bebida-proteica-com-sabor-a-baunilha\\\/#breadcrumb\",\"itemListElement\":[{\"@type\":\"ListItem\",\"position\":1,\"name\":\"Home\",\"item\":\"https:\\\/\\\/www.lraloeverashop.eu\\\/pt-pt\\\/\"},{\"@type\":\"ListItem\",\"position\":2,\"name\":\"Loja\",\"item\":\"https:\\\/\\\/www.lraloeverashop.eu\\\/pt-pt\\\/loja\\\/\"},{\"@type\":\"ListItem\",\"position\":3,\"name\":\"Protein Power Bebida Proteica com Sabor a Baunilha\"}]},{\"@type\":\"WebSite\",\"@id\":\"https:\\\/\\\/www.lraloeverashop.eu\\\/pt-pt\\\/#website\",\"url\":\"https:\\\/\\\/www.lraloeverashop.eu\\\/pt-pt\\\/\",\"name\":\"Lr Loja Aloe Vera\",\"description\":\"High Quality Lr Aloe Vera Gel, Aloe Vera Cream and Shampoo\",\"publisher\":{\"@id\":\"https:\\\/\\\/www.lraloeverashop.eu\\\/pt-pt\\\/#organization\"},\"potentialAction\":[{\"@type\":\"SearchAction\",\"target\":{\"@type\":\"EntryPoint\",\"urlTemplate\":\"https:\\\/\\\/www.lraloeverashop.eu\\\/pt-pt\\\/?s={search_term_string}\"},\"query-input\":{\"@type\":\"PropertyValueSpecification\",\"valueRequired\":true,\"valueName\":\"search_term_string\"}}],\"inLanguage\":\"pt-PT\"},{\"@type\":\"Organization\",\"@id\":\"https:\\\/\\\/www.lraloeverashop.eu\\\/pt-pt\\\/#organization\",\"name\":\"Loja Lr Aloe Vera\",\"alternateName\":\"LR\",\"url\":\"https:\\\/\\\/www.lraloeverashop.eu\\\/pt-pt\\\/\",\"logo\":{\"@type\":\"ImageObject\",\"inLanguage\":\"pt-PT\",\"@id\":\"https:\\\/\\\/www.lraloeverashop.eu\\\/pt-pt\\\/#\\\/schema\\\/logo\\\/image\\\/\",\"url\":\"https:\\\/\\\/www.lraloeverashop.eu\\\/wp-content\\\/uploads\\\/2022\\\/09\\\/cropped-Lr-Aloe-Vera-Shop.jpg\",\"contentUrl\":\"https:\\\/\\\/www.lraloeverashop.eu\\\/wp-content\\\/uploads\\\/2022\\\/09\\\/cropped-Lr-Aloe-Vera-Shop.jpg\",\"width\":228,\"height\":76,\"caption\":\"Loja Lr Aloe Vera\"},\"image\":{\"@id\":\"https:\\\/\\\/www.lraloeverashop.eu\\\/pt-pt\\\/#\\\/schema\\\/logo\\\/image\\\/\"},\"sameAs\":[\"https:\\\/\\\/www.facebook.com\\\/lraloeverashop.eu\",\"https:\\\/\\\/x.com\\\/natur__kosmetik\",\"https:\\\/\\\/www.youtube.com\\\/channel\\\/UC5oN7BJ8nfYb8RpVtjwDEBA\",\"https:\\\/\\\/www.instagram.com\\\/lrbeautyeu\\\/\"],\"description\":\"Loja Lr Aloe Vera \u00e9 o seu destino de confian\u00e7a para os produtos de sa\u00fade e beleza premium da LR, fabricados na Alemanha. Oferecemos solu\u00e7\u00f5es de alta qualidade para o cuidado da pele, nutri\u00e7\u00e3o e antienvelhecimento \u00e0 base de Alo\u00e9 Vera, elaboradas com ingredientes puros e apoiadas em investiga\u00e7\u00e3o cient\u00edfica. Descubra o cuidado natural que regenera, protege e revitaliza a sua pele \u2014 e aproveite as ofertas mensais exclusivas nos nossos produtos LR Alo\u00e9 Vera mais vendidos.\\nComece hoje mesmo a sua jornada de cuidados naturais com a pele e sinta a diferen\u00e7a.\",\"email\":\"info@lraloeverashop.eu\",\"telephone\":\"+49 17670609653\",\"legalName\":\"Lr Aloe Vera Shop\",\"foundingDate\":\"2018-04-21\",\"numberOfEmployees\":{\"@type\":\"QuantitativeValue\",\"minValue\":\"1\",\"maxValue\":\"10\"}}]}<\/script>\n<meta property=\"product:price:amount\" content=\"49.29\" \/>\n<meta property=\"product:price:currency\" content=\"EUR\" \/>\n<meta property=\"og:availability\" content=\"instock\" \/>\n<meta property=\"product:availability\" content=\"instock\" \/>\n<meta property=\"product:retailer_item_id\" content=\"80550-401PT\" \/>\n<meta property=\"product:condition\" content=\"new\" \/>\n<!-- \/ Yoast SEO Premium plugin. -->","yoast_head_json":{"title":"Protein Power Bebida Proteica com magn\u00e9sio e vitamina B6","description":"Protein Power Bebida Proteica com Sabor a Baunilha ajuda eficazmente na preserva\u00e7\u00e3o e constru\u00e7\u00e3o da massa muscular. Com 80 prote\u00ednas de 5 fontes diferentes","robots":{"index":"index","follow":"follow","max-snippet":"max-snippet:-1","max-image-preview":"max-image-preview:large","max-video-preview":"max-video-preview:-1"},"canonical":"https:\/\/www.lraloeverashop.eu\/pt-pt\/produto\/protein-power-bebida-proteica-com-sabor-a-baunilha\/","og_locale":"pt_PT","og_type":"article","og_title":"Protein Power Bebida Proteica com Sabor a Baunilha","og_description":"Protein Power Bebida Proteica com Sabor a Baunilha ajuda eficazmente na preserva\u00e7\u00e3o e constru\u00e7\u00e3o da massa muscular. Com 80 prote\u00ednas de 5 fontes diferentes","og_url":"https:\/\/www.lraloeverashop.eu\/pt-pt\/produto\/protein-power-bebida-proteica-com-sabor-a-baunilha\/","og_site_name":"Lr Loja Aloe Vera","article_publisher":"https:\/\/www.facebook.com\/lraloeverashop.eu","article_modified_time":"2026-02-08T09:15:17+00:00","og_image":[{"width":1200,"height":1200,"url":"https:\/\/www.lraloeverashop.eu\/wp-content\/uploads\/2022\/10\/Muscle-Protein-Drink.jpg","type":"image\/jpeg"}],"twitter_card":"summary_large_image","twitter_site":"@natur__kosmetik","schema":{"@context":"https:\/\/schema.org","@graph":[{"@type":["WebPage","ItemPage"],"@id":"https:\/\/www.lraloeverashop.eu\/pt-pt\/produto\/protein-power-bebida-proteica-com-sabor-a-baunilha\/","url":"https:\/\/www.lraloeverashop.eu\/pt-pt\/produto\/protein-power-bebida-proteica-com-sabor-a-baunilha\/","name":"Protein Power Bebida Proteica com magn\u00e9sio e vitamina B6","isPartOf":{"@id":"https:\/\/www.lraloeverashop.eu\/pt-pt\/#website"},"primaryImageOfPage":{"@id":"https:\/\/www.lraloeverashop.eu\/pt-pt\/produto\/protein-power-bebida-proteica-com-sabor-a-baunilha\/#primaryimage"},"image":{"@id":"https:\/\/www.lraloeverashop.eu\/pt-pt\/produto\/protein-power-bebida-proteica-com-sabor-a-baunilha\/#primaryimage"},"thumbnailUrl":"https:\/\/www.lraloeverashop.eu\/wp-content\/uploads\/2022\/10\/Muscle-Protein-Drink.jpg","datePublished":"2022-10-15T07:42:03+00:00","dateModified":"2026-02-08T09:15:17+00:00","description":"Protein Power Bebida Proteica com Sabor a Baunilha ajuda eficazmente na preserva\u00e7\u00e3o e constru\u00e7\u00e3o da massa muscular. Com 80 prote\u00ednas de 5 fontes diferentes","breadcrumb":{"@id":"https:\/\/www.lraloeverashop.eu\/pt-pt\/produto\/protein-power-bebida-proteica-com-sabor-a-baunilha\/#breadcrumb"},"inLanguage":"pt-PT","potentialAction":[{"@type":"ReadAction","target":["https:\/\/www.lraloeverashop.eu\/pt-pt\/produto\/protein-power-bebida-proteica-com-sabor-a-baunilha\/"]}]},{"@type":"ImageObject","inLanguage":"pt-PT","@id":"https:\/\/www.lraloeverashop.eu\/pt-pt\/produto\/protein-power-bebida-proteica-com-sabor-a-baunilha\/#primaryimage","url":"https:\/\/www.lraloeverashop.eu\/wp-content\/uploads\/2022\/10\/Muscle-Protein-Drink.jpg","contentUrl":"https:\/\/www.lraloeverashop.eu\/wp-content\/uploads\/2022\/10\/Muscle-Protein-Drink.jpg","width":1200,"height":1200,"caption":"Protein Power Bebida Proteica com Sabor a Baunilha para apoiar a massa muscular"},{"@type":"BreadcrumbList","@id":"https:\/\/www.lraloeverashop.eu\/pt-pt\/produto\/protein-power-bebida-proteica-com-sabor-a-baunilha\/#breadcrumb","itemListElement":[{"@type":"ListItem","position":1,"name":"Home","item":"https:\/\/www.lraloeverashop.eu\/pt-pt\/"},{"@type":"ListItem","position":2,"name":"Loja","item":"https:\/\/www.lraloeverashop.eu\/pt-pt\/loja\/"},{"@type":"ListItem","position":3,"name":"Protein Power Bebida Proteica com Sabor a Baunilha"}]},{"@type":"WebSite","@id":"https:\/\/www.lraloeverashop.eu\/pt-pt\/#website","url":"https:\/\/www.lraloeverashop.eu\/pt-pt\/","name":"Lr Loja Aloe Vera","description":"High Quality Lr Aloe Vera Gel, Aloe Vera Cream and Shampoo","publisher":{"@id":"https:\/\/www.lraloeverashop.eu\/pt-pt\/#organization"},"potentialAction":[{"@type":"SearchAction","target":{"@type":"EntryPoint","urlTemplate":"https:\/\/www.lraloeverashop.eu\/pt-pt\/?s={search_term_string}"},"query-input":{"@type":"PropertyValueSpecification","valueRequired":true,"valueName":"search_term_string"}}],"inLanguage":"pt-PT"},{"@type":"Organization","@id":"https:\/\/www.lraloeverashop.eu\/pt-pt\/#organization","name":"Loja Lr Aloe Vera","alternateName":"LR","url":"https:\/\/www.lraloeverashop.eu\/pt-pt\/","logo":{"@type":"ImageObject","inLanguage":"pt-PT","@id":"https:\/\/www.lraloeverashop.eu\/pt-pt\/#\/schema\/logo\/image\/","url":"https:\/\/www.lraloeverashop.eu\/wp-content\/uploads\/2022\/09\/cropped-Lr-Aloe-Vera-Shop.jpg","contentUrl":"https:\/\/www.lraloeverashop.eu\/wp-content\/uploads\/2022\/09\/cropped-Lr-Aloe-Vera-Shop.jpg","width":228,"height":76,"caption":"Loja Lr Aloe Vera"},"image":{"@id":"https:\/\/www.lraloeverashop.eu\/pt-pt\/#\/schema\/logo\/image\/"},"sameAs":["https:\/\/www.facebook.com\/lraloeverashop.eu","https:\/\/x.com\/natur__kosmetik","https:\/\/www.youtube.com\/channel\/UC5oN7BJ8nfYb8RpVtjwDEBA","https:\/\/www.instagram.com\/lrbeautyeu\/"],"description":"Loja Lr Aloe Vera \u00e9 o seu destino de confian\u00e7a para os produtos de sa\u00fade e beleza premium da LR, fabricados na Alemanha. Oferecemos solu\u00e7\u00f5es de alta qualidade para o cuidado da pele, nutri\u00e7\u00e3o e antienvelhecimento \u00e0 base de Alo\u00e9 Vera, elaboradas com ingredientes puros e apoiadas em investiga\u00e7\u00e3o cient\u00edfica. Descubra o cuidado natural que regenera, protege e revitaliza a sua pele \u2014 e aproveite as ofertas mensais exclusivas nos nossos produtos LR Alo\u00e9 Vera mais vendidos.\nComece hoje mesmo a sua jornada de cuidados naturais com a pele e sinta a diferen\u00e7a.","email":"info@lraloeverashop.eu","telephone":"+49 17670609653","legalName":"Lr Aloe Vera Shop","foundingDate":"2018-04-21","numberOfEmployees":{"@type":"QuantitativeValue","minValue":"1","maxValue":"10"}}]},"product_price_amount":"49.29","product_price_currency":"EUR","og_availability":"instock","product_availability":"instock","product_retailer_item_id":"80550-401PT","product_condition":"new"},"taxonomy_info":{"product_cat":[{"value":342,"label":"Companheiro de dieta"},{"value":467,"label":"Especialistas"},{"value":419,"label":"Ossos, Articula\u00e7\u00f5es e M\u00fasculos"},{"value":336,"label":"Substituto de refei\u00e7\u00e3o"}],"product_tag":[{"value":613,"label":"Dieta"}]},"featured_image_src_large":["https:\/\/www.lraloeverashop.eu\/wp-content\/uploads\/2022\/10\/Muscle-Protein-Drink-1024x1024.jpg",1024,1024,true],"author_info":[],"comment_info":0,"_links":{"self":[{"href":"https:\/\/www.lraloeverashop.eu\/pt-pt\/wp-json\/wp\/v2\/product\/9343","targetHints":{"allow":["GET"]}}],"collection":[{"href":"https:\/\/www.lraloeverashop.eu\/pt-pt\/wp-json\/wp\/v2\/product"}],"about":[{"href":"https:\/\/www.lraloeverashop.eu\/pt-pt\/wp-json\/wp\/v2\/types\/product"}],"replies":[{"embeddable":true,"href":"https:\/\/www.lraloeverashop.eu\/pt-pt\/wp-json\/wp\/v2\/comments?post=9343"}],"wp:featuredmedia":[{"embeddable":true,"href":"https:\/\/www.lraloeverashop.eu\/pt-pt\/wp-json\/wp\/v2\/media\/5709"}],"wp:attachment":[{"href":"https:\/\/www.lraloeverashop.eu\/pt-pt\/wp-json\/wp\/v2\/media?parent=9343"}],"wp:term":[{"taxonomy":"product_brand","embeddable":true,"href":"https:\/\/www.lraloeverashop.eu\/pt-pt\/wp-json\/wp\/v2\/product_brand?post=9343"},{"taxonomy":"product_cat","embeddable":true,"href":"https:\/\/www.lraloeverashop.eu\/pt-pt\/wp-json\/wp\/v2\/product_cat?post=9343"},{"taxonomy":"product_tag","embeddable":true,"href":"https:\/\/www.lraloeverashop.eu\/pt-pt\/wp-json\/wp\/v2\/product_tag?post=9343"}],"curies":[{"name":"wp","href":"https:\/\/api.w.org\/{rel}","templated":true}]}}