{"id":9329,"date":"2022-10-15T12:59:08","date_gmt":"2022-10-15T10:59:08","guid":{"rendered":"https:\/\/www.lraloeverashop.eu\/product\/lr-beauty-elixir-5-em-1\/"},"modified":"2026-04-18T20:37:47","modified_gmt":"2026-04-18T18:37:47","slug":"lr-beauty-elixir-5-em-1","status":"publish","type":"product","link":"https:\/\/www.lraloeverashop.eu\/pt-pt\/produto\/lr-beauty-elixir-5-em-1\/","title":{"rendered":"Lr Beauty Elixir 5 em 1"},"content":{"rendered":"<h2><span style=\"font-size: 16pt;\"><strong>Lr Beauty Elixir 5 em 1<\/strong><\/span><\/h2>\n<p><span style=\"font-size: 14pt;\"><strong>Lr Beauty Elixir 5 em 1 &#8211; Beba a Po\u00e7\u00e3o M\u00e1gica da Beleza<\/strong><\/span><\/p>\n<p>Com seu complexo inovador de ingredientes duplos, o Lr Beauty Elixir 5 em 1 atende aos seus maiores desejos de beleza de uma vez: uma apar\u00eancia jovem, pele mais clara, um corpo firme, cabelos sedutores e unhas fortes!<span style=\"font-size: 14px;\"><sup>1-4<\/sup><\/span> O uma dose di\u00e1ria ativa efetivamente os processos de beleza do corpo e protege das principais causas do envelhecimento, oferecendo-lhe uma beleza integral para todas as faixas et\u00e1rias<span style=\"font-size: 14px;\"><sup>6<\/sup><\/span>.<\/p>\n<h3><span style=\"font-size: 16pt;\"><strong>1.<\/strong> <strong>Beauty Elixir 5 em 1 &#8211; Aspeto jovem com menos rugas<\/strong><\/span><\/h3>\n<p>&#8211; Redu\u00e7\u00e3o de rugas gra\u00e7as \u00e0 vitamina C1 e aos pept\u00eddeos de col\u00e1geno profundamente penetrantes.<span style=\"font-size: 14px;\"><sup>6<\/sup><\/span><br \/>\n&#8211; 15% Maior elasticidade da pele gra\u00e7as a pept\u00eddeos de col\u00e1geno eficazes<span style=\"font-size: 14px;\"><sup>7<\/sup><\/span><br \/>\n&#8211; <strong>Aloe vera gel<\/strong>, blood orange, golden root and green tea extract protect your skin from the main causes of aging such as UV radiation<\/p>\n<p>&nbsp;<\/p>\n<h4><span style=\"font-size: 16pt;\"><strong>2<\/strong>. <strong>Uma tez clara e saud\u00e1vel sem irrita\u00e7\u00f5es<\/strong><\/span><\/h4>\n<p>&#8211; Prote\u00e7\u00e3o contra agress\u00f5es externas gra\u00e7as ao extrato de arando e a vitamina E5<br \/>\n&#8211; Melhora a fun\u00e7\u00e3o e <a href=\"https:\/\/www.lraloeverashop.eu\/pt-pt\/produto\/lr-beauty-elixir-5-em-1-set\/\">pigmenta\u00e7\u00e3o da pele<\/a> por meio de vitaminas A, E, tiamina, riboflavina, niacina, B6, biotina, B12, C, al\u00e9m do zinco como um oligoelemento essencia<span style=\"font-size: 14px;\"><sup>1<\/sup><\/span><\/p>\n<p>&nbsp;<\/p>\n<h2><span style=\"font-size: 16pt;\"><strong>3. Um corpo firme com menos celulite<\/strong><\/span><\/h2>\n<p>&#8211; Os pept\u00eddeos de col\u00e1geno aumentam a densidade da pele e <strong>reduzem comprovadamente a celulite<\/strong><span style=\"font-size: 14px;\"><sup>8<\/sup><\/span><br \/>\n&#8211; O Zinco<span style=\"font-size: 14px;\"><sup>2<\/sup><\/span> e <a href=\"https:\/\/www.lraloeverashop.eu\/pt-pt\/produto\/lr-aloe-vera-gel-modelador-corporal\/\">gel de Aloe vera<\/a> fortalecem o tecido conjuntivo<\/p>\n<p>&nbsp;<\/p>\n<h3><span style=\"font-size: 16pt;\"><strong>4. Cabelo sedutor e brilhante<\/strong><\/span><\/h3>\n<p>&#8211; A biotina fortalece o cabelo e o nutre por dentro<span style=\"font-size: 14px;\"><sup>3<\/sup><\/span><br \/>\n&#8211; O cobre garante a pigmenta\u00e7\u00e3o normal do cabelo para um brilho saud\u00e1vel<span style=\"font-size: 14px;\"><sup>3<\/sup><\/span><\/p>\n<p>&nbsp;<\/p>\n<h4><span style=\"font-size: 16pt;\"><strong>5. Unhas fortes e saud\u00e1veis<\/strong><\/span><\/h4>\n<p>&#8211; Os pept\u00eddeos de col\u00e1geno aceleram comprovadamente o crescimento das unhas. Podem reduzir a quebra das unhas 42%<span style=\"font-size: 14px;\"><sup>9<\/sup><\/span><br \/>\n&#8211; O Zinco fortalece as unhas<span style=\"font-size: 14px;\"><sup>4<\/sup><\/span><\/p>\n<p>&nbsp;<\/p>\n<p><span style=\"font-size: 16pt;\"><strong><span style=\"font-size: 16pt;\">Exclusivo no mercado: Complexo duplo<\/span><br \/>\n<\/strong><\/span><\/p>\n<p><strong><span style=\"font-size: 14pt;\">Complexo Ativo<\/span><\/strong><\/p>\n<p>O complexo de princ\u00edpios ativos ativa os processos de beleza do corpo e combate os sinais do envelhecimento<span style=\"font-size: 14px;\"><sup>1-5<\/sup><\/span>. Cont\u00e9m os <a href=\"https:\/\/www.lraloeverashop.eu\/pt-pt\/elixir-de-beleza-natural-para-aparencia-jovem\/\">ingredientes de beleza mais importantes<\/a> em alta concentra\u00e7\u00e3o:<\/p>\n<p>&#8211; 2.5g de pept\u00eddeos de col\u00e1geno<br \/>\n&#8211; 50mg de \u00e1cido hialur\u00f4nico<br \/>\n&#8211; Com cobre e zinco-+5<\/p>\n<p>9 vitaminas em alta concentra\u00e7\u00e3o: 100 Vitaminas B6 e B12, vitamina C, tiamina, riboflavina, niacina, biotina por dose di\u00e1ria* e 75% vitaminas por dose di\u00e1ria *<\/p>\n<p>&nbsp;<\/p>\n<p><strong><span style=\"font-size: 14pt;\">Complexo Preventivo <\/span><\/strong><\/p>\n<p>O complexo de ingredientes preventivos protege dos agressores ambientais e previne o aparecimento dos primeiros sinais de envelhecimento. Combine os ingredientes naturais mais valiosos:<\/p>\n<p>&#8211; 20% Gel de Aloe Vera<br \/>\n&#8211; Extrato de Laranja<br \/>\n&#8211; Extrato de Arando<br \/>\n&#8211; Extrato de Raiz de Ouro (rhodiola rosea)<br \/>\n&#8211; Extrato de Ch\u00e1 Verde<\/p>\n<p>&nbsp;<\/p>\n<h2><strong><span style=\"font-size: 16pt;\">Como usar Lr Beauty Elixir 5 em 1<\/span><\/strong><\/h2>\n<p><strong>Ingest\u00e3o recomendada:<\/strong> uma ampola beb\u00edvel por dia. Agite antes de usar.<\/p>\n<p>N\u00e3o exceda a dose di\u00e1ria recomendada. Os suplementos diet\u00e9ticos n\u00e3o substituem uma dieta variada e equilibrada e um estilo de vida saud\u00e1vel. Mantenha fora do alcance das crian\u00e7as. Cont\u00e9m cafe\u00edna. N\u00e3o \u00e9 recomendado para crian\u00e7as e mulheres gr\u00e1vidas (teor de cafe\u00edna 0,8mg por 25ml).<\/p>\n<p>Instru\u00e7\u00f5es de armazenamento: Proteja da luz solar direta. Guarde em local seco \u00e0 temperatura ambiente.<br \/>\nN\u00e3o h\u00e1 necessidade de esfriar!<\/p>\n<p>* O valor de refer\u00eancia para ingest\u00e3o di\u00e1ria est\u00e1 de acordo com o Regulamento de Informa\u00e7\u00e3o de Alimentos<\/p>\n<p>&nbsp;<\/p>\n<p><span style=\"font-size: 14px;\"><sup>1<\/sup><\/span> Biotina, zinco, vitamina A, riboflavina e niacina ajudam a preservar a pele normal. O cobre ajuda a manter a pigmenta\u00e7\u00e3o regular da pele. A vitamina C apoia a forma\u00e7\u00e3o regular de col\u00e1geno para manter a fun\u00e7\u00e3o natural da pele.<br \/>\n<span style=\"font-size: 14px;\"><sup>2<\/sup><\/span> O cobre ajuda a sustentar o tecido conjuntivo.<br \/>\n<span style=\"font-size: 14px;\"><sup>3<\/sup><\/span> A biotina e o zinco ajudam a manter o <a href=\"https:\/\/www.lraloeverashop.eu\/pt-pt\/produto\/aloe-vera-mascara-nutri-repair\/\">cabelo saud\u00e1vel<\/a>. O cobre ajuda a manter a pigmenta\u00e7\u00e3o regular do cabelo.<br \/>\n<span style=\"font-size: 14px;\"><sup>4<\/sup><\/span> O zinco ajuda na preserva\u00e7\u00e3o de unhas saud\u00e1veis.<br \/>\n<span style=\"font-size: 14px;\"><sup>5<\/sup><\/span> A vitamina E ajuda a proteger as c\u00e9lulas do estresse oxidativo. A tiamina contribui para o metabolismo energ\u00e9tico normal. As Vitaminas B6 e B12 ajudam a reduzir a fadiga e a exaust\u00e3o.<br \/>\n<span style=\"font-size: 14px;\"><sup>6<\/sup><\/span> Proksch et al., 2014, Skin Pharmacol Physiol; 27:113-119. Redu\u00e7\u00e3o significativa de rugas e aumento da concentra\u00e7\u00e3o de col\u00e1geno na pele depois de 4 semanas de aplica\u00e7\u00e3o. Testado em 100 mulheres entre 45 e 65 anos<br \/>\n<span style=\"font-size: 14px;\"><sup>7<\/sup><\/span> Proksch et al., 2014, Skin Pharmacol Physiol; 27: 47-55. 15 maior elasticidade da pele depois de 4 semanas de aplica\u00e7\u00e3o. Testado em 69 mulheres de 35 a 55 anos<br \/>\n<span style=\"font-size: 14px;\"><sup>8<\/sup><\/span> Schunck et al., 2015, Journal of Medicinal Food; 18 (12) 1340-1348. Redu\u00e7\u00e3o significativa da celulite depois de s\u00f3 3 meses e aumento percept\u00edvel na densidade da pele depois de 6 meses da aplica\u00e7\u00e3o. Testado em 105 mulheres com idades entre 25 e 50 anos<br \/>\n<span style=\"font-size: 14px;\"><sup>9<\/sup><\/span> Hexsel et al., 2017, Journal of Cosmetic Dermatology; <span style=\"font-size: 14px;\"><sup>1-7<\/sup><\/span>. Redu\u00e7\u00e3o significativa da quebra das unhas depois de 2 meses da aplica\u00e7\u00e3o e aumento do crescimento das unhas depois de 3 meses. Testado em 25 mulheres entre 18 e 50 anos<\/p>\n<p>*Valor de refer\u00eancia para ingest\u00e3o di\u00e1ria de acordo com o Regulamento de Informa\u00e7\u00e3o de Alimentos<\/p>\n<p>&nbsp;<\/p>\n","protected":false},"excerpt":{"rendered":"<ul>\n<li>Inova\u00e7\u00e3o!<\/li>\n<li>Elixir de beleza \u00fanico com complexo de dois ingredientes<\/li>\n<li>Cumpra 5 desejos de beleza de uma vez: apar\u00eancia jovem, pele clara, corpo firme, cabelo atraente e unhas fortes <sup>1-4<\/sup><\/li>\n<li>Com a\u00e7\u00e3o ativa e preventiva<\/li>\n<li>N\u00e3o cont\u00e9m ado\u00e7antes, cores artificiais, lactose e gl\u00faten<\/li>\n<li>30 tiros x 25ml cada<\/li>\n<\/ul>\n<p><span style=\"color: #ff0000;\"><a style=\"color: #ff0000;\" href=\"https:\/\/shop.lrworld.com\/openpao?PHP=0vFlt7jT938BEnBI3a6e9w%3D%3D\"><span style=\"font-size: 14pt;\"><strong>Registe-se aqui e poupe 35% em todos os pedidos<\/strong><\/span><\/a><\/span><\/p>\n","protected":false},"featured_media":30447,"comment_status":"open","ping_status":"closed","template":"","meta":{"_kad_blocks_custom_css":"","_kad_blocks_head_custom_js":"","_kad_blocks_body_custom_js":"","_kad_blocks_footer_custom_js":"","_kadence_starter_templates_imported_post":false,"_kad_post_transparent":"default","_kad_post_title":"","_kad_post_layout":"default","_kad_post_sidebar_id":"","_kad_post_content_style":"default","_kad_post_vertical_padding":"default","_kad_post_feature":"","_kad_post_feature_position":"","_kad_post_header":false,"_kad_post_footer":false,"_kad_post_classname":""},"product_brand":[],"product_cat":[479,473,467,413],"product_tag":[],"class_list":{"0":"post-9329","1":"product","2":"type-product","3":"status-publish","4":"has-post-thumbnail","6":"product_cat-beauty-shot-pt-pt","7":"product_cat-beleza-de-dentro","8":"product_cat-lr-especialistas","9":"product_cat-produtos-especiais","11":"first","12":"instock","13":"taxable","14":"shipping-taxable","15":"purchasable","16":"product-type-simple","17":"entry","18":"content-bg","19":"loop-entry"},"yoast_head":"<!-- This site is optimized with the Yoast SEO Premium plugin v27.4 (Yoast SEO v27.4) - https:\/\/yoast.com\/product\/yoast-seo-premium-wordpress\/ -->\n<title>Lr Beauty Elixir 5 em 1 - A \u00fanica coisa que uma mulher precisa<\/title>\n<meta name=\"description\" content=\"Lr Beauty Elixir 5 em 1 suporta apar\u00eancia jovem com menos rugas, um corpo firme com menos celulite. Cabelos sedosos e brilhantes e unhas fortes e saud\u00e1veis.\" \/>\n<meta name=\"robots\" content=\"index, follow, max-snippet:-1, max-image-preview:large, max-video-preview:-1\" \/>\n<link rel=\"canonical\" href=\"https:\/\/www.lraloeverashop.eu\/pt-pt\/produto\/lr-beauty-elixir-5-em-1\/\" \/>\n<meta property=\"og:locale\" content=\"pt_PT\" \/>\n<meta property=\"og:type\" content=\"article\" \/>\n<meta property=\"og:title\" content=\"Lr Beauty Elixir 5 em 1\" \/>\n<meta property=\"og:description\" content=\"Lr Beauty Elixir 5 em 1 suporta apar\u00eancia jovem com menos rugas, um corpo firme com menos celulite. Cabelos sedosos e brilhantes e unhas fortes e saud\u00e1veis.\" \/>\n<meta property=\"og:url\" content=\"https:\/\/www.lraloeverashop.eu\/pt-pt\/produto\/lr-beauty-elixir-5-em-1\/\" \/>\n<meta property=\"og:site_name\" content=\"Lr Loja Aloe Vera\" \/>\n<meta property=\"article:publisher\" content=\"https:\/\/www.facebook.com\/lraloeverashop.eu\" \/>\n<meta property=\"article:modified_time\" content=\"2026-04-18T18:37:47+00:00\" \/>\n<meta property=\"og:image\" content=\"https:\/\/www.lraloeverashop.eu\/wp-content\/uploads\/2026\/04\/Lr-Natural-Beauty-Elixir-Drink.jpeg\" \/>\n\t<meta property=\"og:image:width\" content=\"1200\" \/>\n\t<meta property=\"og:image:height\" content=\"1200\" \/>\n\t<meta property=\"og:image:type\" content=\"image\/jpeg\" \/>\n<meta name=\"twitter:card\" content=\"summary_large_image\" \/>\n<meta name=\"twitter:site\" content=\"@natur__kosmetik\" \/>\n<script type=\"application\/ld+json\" class=\"yoast-schema-graph\">{\"@context\":\"https:\\\/\\\/schema.org\",\"@graph\":[{\"@type\":[\"WebPage\",\"ItemPage\"],\"@id\":\"https:\\\/\\\/www.lraloeverashop.eu\\\/pt-pt\\\/produto\\\/lr-beauty-elixir-5-em-1\\\/\",\"url\":\"https:\\\/\\\/www.lraloeverashop.eu\\\/pt-pt\\\/produto\\\/lr-beauty-elixir-5-em-1\\\/\",\"name\":\"Lr Beauty Elixir 5 em 1 - A \u00fanica coisa que uma mulher precisa\",\"isPartOf\":{\"@id\":\"https:\\\/\\\/www.lraloeverashop.eu\\\/pt-pt\\\/#website\"},\"primaryImageOfPage\":{\"@id\":\"https:\\\/\\\/www.lraloeverashop.eu\\\/pt-pt\\\/produto\\\/lr-beauty-elixir-5-em-1\\\/#primaryimage\"},\"image\":{\"@id\":\"https:\\\/\\\/www.lraloeverashop.eu\\\/pt-pt\\\/produto\\\/lr-beauty-elixir-5-em-1\\\/#primaryimage\"},\"thumbnailUrl\":\"https:\\\/\\\/www.lraloeverashop.eu\\\/wp-content\\\/uploads\\\/2026\\\/04\\\/Lr-Natural-Beauty-Elixir-Drink.jpeg\",\"datePublished\":\"2022-10-15T10:59:08+00:00\",\"dateModified\":\"2026-04-18T18:37:47+00:00\",\"description\":\"Lr Beauty Elixir 5 em 1 suporta apar\u00eancia jovem com menos rugas, um corpo firme com menos celulite. Cabelos sedosos e brilhantes e unhas fortes e saud\u00e1veis.\",\"breadcrumb\":{\"@id\":\"https:\\\/\\\/www.lraloeverashop.eu\\\/pt-pt\\\/produto\\\/lr-beauty-elixir-5-em-1\\\/#breadcrumb\"},\"inLanguage\":\"pt-PT\",\"potentialAction\":[{\"@type\":\"ReadAction\",\"target\":[\"https:\\\/\\\/www.lraloeverashop.eu\\\/pt-pt\\\/produto\\\/lr-beauty-elixir-5-em-1\\\/\"]}]},{\"@type\":\"ImageObject\",\"inLanguage\":\"pt-PT\",\"@id\":\"https:\\\/\\\/www.lraloeverashop.eu\\\/pt-pt\\\/produto\\\/lr-beauty-elixir-5-em-1\\\/#primaryimage\",\"url\":\"https:\\\/\\\/www.lraloeverashop.eu\\\/wp-content\\\/uploads\\\/2026\\\/04\\\/Lr-Natural-Beauty-Elixir-Drink.jpeg\",\"contentUrl\":\"https:\\\/\\\/www.lraloeverashop.eu\\\/wp-content\\\/uploads\\\/2026\\\/04\\\/Lr-Natural-Beauty-Elixir-Drink.jpeg\",\"width\":1200,\"height\":1200,\"caption\":\"Lr Beauty Elixir 5em1 natural para apar\u00eancia jovem com menos rugas\"},{\"@type\":\"BreadcrumbList\",\"@id\":\"https:\\\/\\\/www.lraloeverashop.eu\\\/pt-pt\\\/produto\\\/lr-beauty-elixir-5-em-1\\\/#breadcrumb\",\"itemListElement\":[{\"@type\":\"ListItem\",\"position\":1,\"name\":\"Home\",\"item\":\"https:\\\/\\\/www.lraloeverashop.eu\\\/pt-pt\\\/\"},{\"@type\":\"ListItem\",\"position\":2,\"name\":\"Loja\",\"item\":\"https:\\\/\\\/www.lraloeverashop.eu\\\/pt-pt\\\/loja\\\/\"},{\"@type\":\"ListItem\",\"position\":3,\"name\":\"Lr Beauty Elixir 5 em 1\"}]},{\"@type\":\"WebSite\",\"@id\":\"https:\\\/\\\/www.lraloeverashop.eu\\\/pt-pt\\\/#website\",\"url\":\"https:\\\/\\\/www.lraloeverashop.eu\\\/pt-pt\\\/\",\"name\":\"Lr Loja Aloe Vera\",\"description\":\"High Quality Lr Aloe Vera Gel, Aloe Vera Cream and Shampoo\",\"publisher\":{\"@id\":\"https:\\\/\\\/www.lraloeverashop.eu\\\/pt-pt\\\/#organization\"},\"potentialAction\":[{\"@type\":\"SearchAction\",\"target\":{\"@type\":\"EntryPoint\",\"urlTemplate\":\"https:\\\/\\\/www.lraloeverashop.eu\\\/pt-pt\\\/?s={search_term_string}\"},\"query-input\":{\"@type\":\"PropertyValueSpecification\",\"valueRequired\":true,\"valueName\":\"search_term_string\"}}],\"inLanguage\":\"pt-PT\"},{\"@type\":\"Organization\",\"@id\":\"https:\\\/\\\/www.lraloeverashop.eu\\\/pt-pt\\\/#organization\",\"name\":\"Loja Lr Aloe Vera\",\"alternateName\":\"LR\",\"url\":\"https:\\\/\\\/www.lraloeverashop.eu\\\/pt-pt\\\/\",\"logo\":{\"@type\":\"ImageObject\",\"inLanguage\":\"pt-PT\",\"@id\":\"https:\\\/\\\/www.lraloeverashop.eu\\\/pt-pt\\\/#\\\/schema\\\/logo\\\/image\\\/\",\"url\":\"https:\\\/\\\/www.lraloeverashop.eu\\\/wp-content\\\/uploads\\\/2022\\\/09\\\/cropped-Lr-Aloe-Vera-Shop.jpg\",\"contentUrl\":\"https:\\\/\\\/www.lraloeverashop.eu\\\/wp-content\\\/uploads\\\/2022\\\/09\\\/cropped-Lr-Aloe-Vera-Shop.jpg\",\"width\":228,\"height\":76,\"caption\":\"Loja Lr Aloe Vera\"},\"image\":{\"@id\":\"https:\\\/\\\/www.lraloeverashop.eu\\\/pt-pt\\\/#\\\/schema\\\/logo\\\/image\\\/\"},\"sameAs\":[\"https:\\\/\\\/www.facebook.com\\\/lraloeverashop.eu\",\"https:\\\/\\\/x.com\\\/natur__kosmetik\",\"https:\\\/\\\/www.youtube.com\\\/channel\\\/UC5oN7BJ8nfYb8RpVtjwDEBA\",\"https:\\\/\\\/www.instagram.com\\\/lrbeautyeu\\\/\"],\"description\":\"Loja Lr Aloe Vera \u00e9 o seu destino de confian\u00e7a para os produtos de sa\u00fade e beleza premium da LR, fabricados na Alemanha. Oferecemos solu\u00e7\u00f5es de alta qualidade para o cuidado da pele, nutri\u00e7\u00e3o e antienvelhecimento \u00e0 base de Alo\u00e9 Vera, elaboradas com ingredientes puros e apoiadas em investiga\u00e7\u00e3o cient\u00edfica. Descubra o cuidado natural que regenera, protege e revitaliza a sua pele \u2014 e aproveite as ofertas mensais exclusivas nos nossos produtos LR Alo\u00e9 Vera mais vendidos.\\nComece hoje mesmo a sua jornada de cuidados naturais com a pele e sinta a diferen\u00e7a.\",\"email\":\"info@lraloeverashop.eu\",\"telephone\":\"+49 17670609653\",\"legalName\":\"Lr Aloe Vera Shop\",\"foundingDate\":\"2018-04-21\",\"numberOfEmployees\":{\"@type\":\"QuantitativeValue\",\"minValue\":\"1\",\"maxValue\":\"10\"}}]}<\/script>\n<meta property=\"product:price:amount\" content=\"172.99\" \/>\n<meta property=\"product:price:currency\" content=\"EUR\" \/>\n<meta property=\"og:availability\" content=\"instock\" \/>\n<meta property=\"product:availability\" content=\"instock\" \/>\n<meta property=\"product:retailer_item_id\" content=\"81140-1PT\" \/>\n<meta property=\"product:condition\" content=\"new\" \/>\n<!-- \/ Yoast SEO Premium plugin. -->","yoast_head_json":{"title":"Lr Beauty Elixir 5 em 1 - A \u00fanica coisa que uma mulher precisa","description":"Lr Beauty Elixir 5 em 1 suporta apar\u00eancia jovem com menos rugas, um corpo firme com menos celulite. Cabelos sedosos e brilhantes e unhas fortes e saud\u00e1veis.","robots":{"index":"index","follow":"follow","max-snippet":"max-snippet:-1","max-image-preview":"max-image-preview:large","max-video-preview":"max-video-preview:-1"},"canonical":"https:\/\/www.lraloeverashop.eu\/pt-pt\/produto\/lr-beauty-elixir-5-em-1\/","og_locale":"pt_PT","og_type":"article","og_title":"Lr Beauty Elixir 5 em 1","og_description":"Lr Beauty Elixir 5 em 1 suporta apar\u00eancia jovem com menos rugas, um corpo firme com menos celulite. Cabelos sedosos e brilhantes e unhas fortes e saud\u00e1veis.","og_url":"https:\/\/www.lraloeverashop.eu\/pt-pt\/produto\/lr-beauty-elixir-5-em-1\/","og_site_name":"Lr Loja Aloe Vera","article_publisher":"https:\/\/www.facebook.com\/lraloeverashop.eu","article_modified_time":"2026-04-18T18:37:47+00:00","og_image":[{"width":1200,"height":1200,"url":"https:\/\/www.lraloeverashop.eu\/wp-content\/uploads\/2026\/04\/Lr-Natural-Beauty-Elixir-Drink.jpeg","type":"image\/jpeg"}],"twitter_card":"summary_large_image","twitter_site":"@natur__kosmetik","schema":{"@context":"https:\/\/schema.org","@graph":[{"@type":["WebPage","ItemPage"],"@id":"https:\/\/www.lraloeverashop.eu\/pt-pt\/produto\/lr-beauty-elixir-5-em-1\/","url":"https:\/\/www.lraloeverashop.eu\/pt-pt\/produto\/lr-beauty-elixir-5-em-1\/","name":"Lr Beauty Elixir 5 em 1 - A \u00fanica coisa que uma mulher precisa","isPartOf":{"@id":"https:\/\/www.lraloeverashop.eu\/pt-pt\/#website"},"primaryImageOfPage":{"@id":"https:\/\/www.lraloeverashop.eu\/pt-pt\/produto\/lr-beauty-elixir-5-em-1\/#primaryimage"},"image":{"@id":"https:\/\/www.lraloeverashop.eu\/pt-pt\/produto\/lr-beauty-elixir-5-em-1\/#primaryimage"},"thumbnailUrl":"https:\/\/www.lraloeverashop.eu\/wp-content\/uploads\/2026\/04\/Lr-Natural-Beauty-Elixir-Drink.jpeg","datePublished":"2022-10-15T10:59:08+00:00","dateModified":"2026-04-18T18:37:47+00:00","description":"Lr Beauty Elixir 5 em 1 suporta apar\u00eancia jovem com menos rugas, um corpo firme com menos celulite. Cabelos sedosos e brilhantes e unhas fortes e saud\u00e1veis.","breadcrumb":{"@id":"https:\/\/www.lraloeverashop.eu\/pt-pt\/produto\/lr-beauty-elixir-5-em-1\/#breadcrumb"},"inLanguage":"pt-PT","potentialAction":[{"@type":"ReadAction","target":["https:\/\/www.lraloeverashop.eu\/pt-pt\/produto\/lr-beauty-elixir-5-em-1\/"]}]},{"@type":"ImageObject","inLanguage":"pt-PT","@id":"https:\/\/www.lraloeverashop.eu\/pt-pt\/produto\/lr-beauty-elixir-5-em-1\/#primaryimage","url":"https:\/\/www.lraloeverashop.eu\/wp-content\/uploads\/2026\/04\/Lr-Natural-Beauty-Elixir-Drink.jpeg","contentUrl":"https:\/\/www.lraloeverashop.eu\/wp-content\/uploads\/2026\/04\/Lr-Natural-Beauty-Elixir-Drink.jpeg","width":1200,"height":1200,"caption":"Lr Beauty Elixir 5em1 natural para apar\u00eancia jovem com menos rugas"},{"@type":"BreadcrumbList","@id":"https:\/\/www.lraloeverashop.eu\/pt-pt\/produto\/lr-beauty-elixir-5-em-1\/#breadcrumb","itemListElement":[{"@type":"ListItem","position":1,"name":"Home","item":"https:\/\/www.lraloeverashop.eu\/pt-pt\/"},{"@type":"ListItem","position":2,"name":"Loja","item":"https:\/\/www.lraloeverashop.eu\/pt-pt\/loja\/"},{"@type":"ListItem","position":3,"name":"Lr Beauty Elixir 5 em 1"}]},{"@type":"WebSite","@id":"https:\/\/www.lraloeverashop.eu\/pt-pt\/#website","url":"https:\/\/www.lraloeverashop.eu\/pt-pt\/","name":"Lr Loja Aloe Vera","description":"High Quality Lr Aloe Vera Gel, Aloe Vera Cream and Shampoo","publisher":{"@id":"https:\/\/www.lraloeverashop.eu\/pt-pt\/#organization"},"potentialAction":[{"@type":"SearchAction","target":{"@type":"EntryPoint","urlTemplate":"https:\/\/www.lraloeverashop.eu\/pt-pt\/?s={search_term_string}"},"query-input":{"@type":"PropertyValueSpecification","valueRequired":true,"valueName":"search_term_string"}}],"inLanguage":"pt-PT"},{"@type":"Organization","@id":"https:\/\/www.lraloeverashop.eu\/pt-pt\/#organization","name":"Loja Lr Aloe Vera","alternateName":"LR","url":"https:\/\/www.lraloeverashop.eu\/pt-pt\/","logo":{"@type":"ImageObject","inLanguage":"pt-PT","@id":"https:\/\/www.lraloeverashop.eu\/pt-pt\/#\/schema\/logo\/image\/","url":"https:\/\/www.lraloeverashop.eu\/wp-content\/uploads\/2022\/09\/cropped-Lr-Aloe-Vera-Shop.jpg","contentUrl":"https:\/\/www.lraloeverashop.eu\/wp-content\/uploads\/2022\/09\/cropped-Lr-Aloe-Vera-Shop.jpg","width":228,"height":76,"caption":"Loja Lr Aloe Vera"},"image":{"@id":"https:\/\/www.lraloeverashop.eu\/pt-pt\/#\/schema\/logo\/image\/"},"sameAs":["https:\/\/www.facebook.com\/lraloeverashop.eu","https:\/\/x.com\/natur__kosmetik","https:\/\/www.youtube.com\/channel\/UC5oN7BJ8nfYb8RpVtjwDEBA","https:\/\/www.instagram.com\/lrbeautyeu\/"],"description":"Loja Lr Aloe Vera \u00e9 o seu destino de confian\u00e7a para os produtos de sa\u00fade e beleza premium da LR, fabricados na Alemanha. Oferecemos solu\u00e7\u00f5es de alta qualidade para o cuidado da pele, nutri\u00e7\u00e3o e antienvelhecimento \u00e0 base de Alo\u00e9 Vera, elaboradas com ingredientes puros e apoiadas em investiga\u00e7\u00e3o cient\u00edfica. Descubra o cuidado natural que regenera, protege e revitaliza a sua pele \u2014 e aproveite as ofertas mensais exclusivas nos nossos produtos LR Alo\u00e9 Vera mais vendidos.\nComece hoje mesmo a sua jornada de cuidados naturais com a pele e sinta a diferen\u00e7a.","email":"info@lraloeverashop.eu","telephone":"+49 17670609653","legalName":"Lr Aloe Vera Shop","foundingDate":"2018-04-21","numberOfEmployees":{"@type":"QuantitativeValue","minValue":"1","maxValue":"10"}}]},"product_price_amount":"172.99","product_price_currency":"EUR","og_availability":"instock","product_availability":"instock","product_retailer_item_id":"81140-1PT","product_condition":"new"},"taxonomy_info":{"product_cat":[{"value":479,"label":"Beauty Shot"},{"value":473,"label":"Beleza de dentro"},{"value":467,"label":"Especialistas"},{"value":413,"label":"Produtos Especiais"}]},"featured_image_src_large":["https:\/\/www.lraloeverashop.eu\/wp-content\/uploads\/2026\/04\/Lr-Natural-Beauty-Elixir-Drink-1024x1024.jpeg",1024,1024,true],"author_info":[],"comment_info":0,"_links":{"self":[{"href":"https:\/\/www.lraloeverashop.eu\/pt-pt\/wp-json\/wp\/v2\/product\/9329","targetHints":{"allow":["GET"]}}],"collection":[{"href":"https:\/\/www.lraloeverashop.eu\/pt-pt\/wp-json\/wp\/v2\/product"}],"about":[{"href":"https:\/\/www.lraloeverashop.eu\/pt-pt\/wp-json\/wp\/v2\/types\/product"}],"replies":[{"embeddable":true,"href":"https:\/\/www.lraloeverashop.eu\/pt-pt\/wp-json\/wp\/v2\/comments?post=9329"}],"wp:featuredmedia":[{"embeddable":true,"href":"https:\/\/www.lraloeverashop.eu\/pt-pt\/wp-json\/wp\/v2\/media\/30447"}],"wp:attachment":[{"href":"https:\/\/www.lraloeverashop.eu\/pt-pt\/wp-json\/wp\/v2\/media?parent=9329"}],"wp:term":[{"taxonomy":"product_brand","embeddable":true,"href":"https:\/\/www.lraloeverashop.eu\/pt-pt\/wp-json\/wp\/v2\/product_brand?post=9329"},{"taxonomy":"product_cat","embeddable":true,"href":"https:\/\/www.lraloeverashop.eu\/pt-pt\/wp-json\/wp\/v2\/product_cat?post=9329"},{"taxonomy":"product_tag","embeddable":true,"href":"https:\/\/www.lraloeverashop.eu\/pt-pt\/wp-json\/wp\/v2\/product_tag?post=9329"}],"curies":[{"name":"wp","href":"https:\/\/api.w.org\/{rel}","templated":true}]}}