{"id":9300,"date":"2022-10-15T13:49:48","date_gmt":"2022-10-15T11:49:48","guid":{"rendered":"https:\/\/www.lraloeverashop.eu\/product\/beauty-shot-masculino\/"},"modified":"2026-04-18T20:46:12","modified_gmt":"2026-04-18T18:46:12","slug":"beauty-shot-masculino","status":"publish","type":"product","link":"https:\/\/www.lraloeverashop.eu\/pt-pt\/produto\/beauty-shot-masculino\/","title":{"rendered":"Beauty Shot Masculino"},"content":{"rendered":"<h2><strong><span style=\"font-size: 16pt;\">Beauty Shot Masculino<\/span><\/strong><\/h2>\n<p><span style=\"font-size: 14pt;\"><strong>Beauty Shot Masculino &#8211; tudo em um o que seu corpo precisa<\/strong><\/span><\/p>\n<p>Beauty Shot Masculino cont\u00e9m o poder concentrado de ingredientes ativos selecionados da natureza e do mundo da ci\u00eancia, especificamente adaptados \u00e0s necessidades dos homens.<\/p>\n<p>O complexo ativo ativa os cinco processos de <a href=\"https:\/\/www.lraloeverashop.eu\/pt-pt\/produto\/beauty-shot-masculino-set\/\">constru\u00e7\u00e3o da masculinidade pura<\/a> dentro do corpo:<br \/>\numa mistura inovadora de ingredientes potentes fornece essenciais como col\u00e1geno e L-arginina.<\/p>\n<p>Com cinco refor\u00e7os minerais eficazes \u2013 zinco, cobre, magn\u00e9sio, mangan\u00eas e sel\u00eanio \u2013 e 10 vitaminas concentradas para:<\/p>\n<p><strong>1. ENERGIA PURA:<\/strong> Aumenta a sua energia e suporta o seu metabolismo energ\u00e9tico para obter mais energia ao longo do dia.<sup>1,2<\/sup><\/p>\n<p><strong>2. PELE SAUD\u00c1VEL:<\/strong> Refor\u00e7a a estrutura da pele e previne rugas com nutrientes valiosos como biotina, zinco e cobre.<sup>3<\/sup><\/p>\n<p><strong>3. CABELO FORTE:<\/strong> Os ingredientes ativos eficazes v\u00e3o direto para a raiz do cabelo e fornecem os nutrientes de que ele precisa. A estrutura do cabelo parece nutrida para mais brilho e espessura.<sup>4<\/sup><\/p>\n<p><strong>4. M\u00daSCULOS ATRATIVOS:<\/strong> Promove a forma\u00e7\u00e3o de prote\u00ednas e o crescimento muscular.<sup>1,5<\/sup><\/p>\n<p><strong>5. FORTE POT\u00caNCIA:<\/strong> Incentiva a forma\u00e7\u00e3o natural de testosterona e influencia positivamente a masculinidade.<sup>6<\/sup><\/p>\n<p>O complexo duplo altamente eficaz do Lr Lifetakt 5in1 Beauty Shot Masculino inclui tudo o que um homem precisa: ingredientes poderosos baseados na ci\u00eancia e na natureza.<\/p>\n<p>&nbsp;<\/p>\n<h3><strong><span style=\"font-size: 16pt;\">COMPLEX Active no Beauty Shot Masculino<\/span><\/strong><\/h3>\n<p>Ativa cinco importantes processos do <a href=\"https:\/\/www.lraloeverashop.eu\/es\/categoria-producto\/aloe-vera-es\/cuidado-masculino\/\">corpo masculino<\/a> gra\u00e7as \u00e0 sua inovadora combina\u00e7\u00e3o de ingredientes:<\/p>\n<p>\u2022 Col\u00e1geno e L-arginina<br \/>\n\u2022 5 minerais eficazes, como zinco, cobre, magn\u00e9sio, mangan\u00eas e sel\u00eanio<br \/>\n\u2022 10 vitaminas em alta concentra\u00e7\u00e3o<\/p>\n<p>&nbsp;<\/p>\n<h3><span style=\"font-size: 16pt;\">COMPLEXO Preventivo<\/span><\/h3>\n<p>Prote\u00e7\u00e3o e preven\u00e7\u00e3o gra\u00e7as a uma combina\u00e7\u00e3o altamente eficaz de ingredientes naturais:<\/p>\n<p>\u2022 Extrato de pimenta preta<br \/>\n\u2022 Cafe\u00edna do ch\u00e1 verde<br \/>\n\u2022 Groselha Preta<br \/>\n\u2022 Laranja-de-sangue<\/p>\n<p>&nbsp;<\/p>\n<p>A LR desenvolveu outro grande produto para homem: Beauty Shot Masculino. O metabolismo do corpo masculino tem suas pr\u00f3prias qualidades distintivas.<\/p>\n<p>\u00c9 por isso que 5in1 Shot Masculino combina ingredientes da ci\u00eancia e da natureza, que visam as necessidades dos homens. Uma solu\u00e7\u00e3o pr\u00e1tica e simples que pode ser f\u00e1cil e permanentemente integrada na vida quotidiana.<\/p>\n<p>1. Tiamina, vitamina B6, vitamina B12 e magn\u00e9sio contribuem para o metabolismo energ\u00e9tico normal.<\/p>\n<p>2. Vitamina B6, vitamina B12 e magn\u00e9sio ajudam a reduzir o <a href=\"https:\/\/www.lraloeverashop.eu\/pt-pt\/produto\/mind-master-po-com-guarana\/\">cansa\u00e7o e a fadiga<\/a>.<\/p>\n<p>3. Riboflavina, vitamina A, niacina, biotina e zinco ajudam a manter a pele normal. A vitamina C contribui para a forma\u00e7\u00e3o normal de col\u00e1geno para o funcionamento normal da pele.<\/p>\n<p>4. Biotina e zinco en Beauty Shot Masculino ajudam a manter o <a href=\"https:\/\/www.lraloeverashop.eu\/pt-pt\/produto\/aloe-vera-nutri-repair-champo\/\">cabelo normal<\/a>. Vitamina E, vitamina C, sel\u00eanio e zinco ajudam a proteger as c\u00e9lulas do estresse oxidativo. O cobre ajuda a manter a pigmenta\u00e7\u00e3o normal do cabelo.<\/p>\n<p>5. O magn\u00e9sio ajuda a manter a musculatura normal. A vitamina D ajuda a manter a fun\u00e7\u00e3o muscular normal. O zinco contribui para a s\u00edntese normal de prote\u00ednas.<\/p>\n<p>6. O zinco ajuda a manter os n\u00edveis normais de testosterona no sangue. O sel\u00e9nio contribui para a forma\u00e7\u00e3o normal do esperma. O zinco contribui para uma fertilidade e reprodu\u00e7\u00e3o normais.<\/p>\n<p>&nbsp;<\/p>\n<h4><strong><span style=\"font-size: 16pt;\">Como usar<\/span><\/strong><\/h4>\n<p>Uma ampola do Beauty Shot Masculino por dia. Por favor, agite antes de usar. N\u00e3o exceder a dose di\u00e1ria recomendada. Os suplementos diet\u00e9ticos n\u00e3o substituem uma dieta variada e equilibrada e um estilo de vida saud\u00e1vel. Mantenha o produto fora do alcance de crian\u00e7as pequenas. Cont\u00e9m cafe\u00edna. N\u00e3o recomendado para crian\u00e7as e mulheres gr\u00e1vidas (teor de cafe\u00edna 7,5 mg por 25 ml).<\/p>\n<p><strong>Recomenda\u00e7\u00e3o:<\/strong> proteger da luz solar direta. Conservar em local seco \u00e0 temperatura ambiente.<\/p>\n<p>&nbsp;<\/p>\n","protected":false},"excerpt":{"rendered":"<ul>\n<li>A nova solu\u00e7\u00e3o tudo-em-um com duplo complexo<\/li>\n<li>Cobre 5 necessidades b\u00e1sicas: mais energia, pele saud\u00e1vel, cabelos grossos, m\u00fasculos atraentes e pot\u00eancia forte<\/li>\n<li>Ativa e fornece prote\u00e7\u00e3o preventiva<\/li>\n<li>Livre de a\u00e7\u00facar, corantes artificiais, lactose e gl\u00faten<\/li>\n<li>Cont\u00e9m 30 ampolas x 25ml cada<\/li>\n<\/ul>\n<p><span style=\"color: #ff0000;\"><a style=\"color: #ff0000;\" href=\"https:\/\/shop.lrworld.com\/openpao?PHP=0vFlt7jT938BEnBI3a6e9w%3D%3D\"><span style=\"font-size: 14pt;\"><strong>Registe-se aqui e poupe 35% em todos os pedidos<\/strong><\/span><\/a><\/span><\/p>\n","protected":false},"featured_media":30433,"comment_status":"open","ping_status":"closed","template":"","meta":{"_kad_blocks_custom_css":"","_kad_blocks_head_custom_js":"","_kad_blocks_body_custom_js":"","_kad_blocks_footer_custom_js":"","_kadence_starter_templates_imported_post":false,"_kad_post_transparent":"default","_kad_post_title":"","_kad_post_layout":"default","_kad_post_sidebar_id":"","_kad_post_content_style":"default","_kad_post_vertical_padding":"default","_kad_post_feature":"","_kad_post_feature_position":"","_kad_post_header":false,"_kad_post_footer":false,"_kad_post_classname":""},"product_brand":[],"product_cat":[479,473,467,413],"product_tag":[],"class_list":{"0":"post-9300","1":"product","2":"type-product","3":"status-publish","4":"has-post-thumbnail","6":"product_cat-beauty-shot-pt-pt","7":"product_cat-beleza-de-dentro","8":"product_cat-lr-especialistas","9":"product_cat-produtos-especiais","11":"first","12":"instock","13":"taxable","14":"shipping-taxable","15":"purchasable","16":"product-type-simple","17":"entry","18":"content-bg","19":"loop-entry"},"yoast_head":"<!-- This site is optimized with the Yoast SEO Premium plugin v27.5 (Yoast SEO v27.5) - https:\/\/yoast.com\/product\/yoast-seo-premium-wordpress\/ -->\n<title>Beauty Shot Masculino - tudo em um o que seu corpo precisa<\/title>\n<meta name=\"description\" content=\"Beauty Shot Masculino cobre 5 necessidades b\u00e1sicas: mais energia, pele saud\u00e1vel, cabelos grossos, m\u00fasculos atraentes e pot\u00eancia forte. Livre de lactose.\" \/>\n<meta name=\"robots\" content=\"index, follow, max-snippet:-1, max-image-preview:large, max-video-preview:-1\" \/>\n<link rel=\"canonical\" href=\"https:\/\/www.lraloeverashop.eu\/pt-pt\/produto\/beauty-shot-masculino\/\" \/>\n<meta property=\"og:locale\" content=\"pt_PT\" \/>\n<meta property=\"og:type\" content=\"article\" \/>\n<meta property=\"og:title\" content=\"Beauty Shot Masculino\" \/>\n<meta property=\"og:description\" content=\"Beauty Shot Masculino cobre 5 necessidades b\u00e1sicas: mais energia, pele saud\u00e1vel, cabelos grossos, m\u00fasculos atraentes e pot\u00eancia forte. Livre de lactose.\" \/>\n<meta property=\"og:url\" content=\"https:\/\/www.lraloeverashop.eu\/pt-pt\/produto\/beauty-shot-masculino\/\" \/>\n<meta property=\"og:site_name\" content=\"Lr Loja Aloe Vera\" \/>\n<meta property=\"article:publisher\" content=\"https:\/\/www.facebook.com\/lraloeverashop.eu\" \/>\n<meta property=\"article:modified_time\" content=\"2026-04-18T18:46:12+00:00\" \/>\n<meta property=\"og:image\" content=\"https:\/\/www.lraloeverashop.eu\/wp-content\/uploads\/2026\/04\/Lr-5in1-Mens-Shot-with-collagen.jpeg\" \/>\n\t<meta property=\"og:image:width\" content=\"1200\" \/>\n\t<meta property=\"og:image:height\" content=\"1200\" \/>\n\t<meta property=\"og:image:type\" content=\"image\/jpeg\" \/>\n<meta name=\"twitter:card\" content=\"summary_large_image\" \/>\n<meta name=\"twitter:site\" content=\"@natur__kosmetik\" \/>\n<script type=\"application\/ld+json\" class=\"yoast-schema-graph\">{\"@context\":\"https:\\\/\\\/schema.org\",\"@graph\":[{\"@type\":[\"WebPage\",\"ItemPage\"],\"@id\":\"https:\\\/\\\/www.lraloeverashop.eu\\\/pt-pt\\\/produto\\\/beauty-shot-masculino\\\/\",\"url\":\"https:\\\/\\\/www.lraloeverashop.eu\\\/pt-pt\\\/produto\\\/beauty-shot-masculino\\\/\",\"name\":\"Beauty Shot Masculino - tudo em um o que seu corpo precisa\",\"isPartOf\":{\"@id\":\"https:\\\/\\\/www.lraloeverashop.eu\\\/pt-pt\\\/#website\"},\"primaryImageOfPage\":{\"@id\":\"https:\\\/\\\/www.lraloeverashop.eu\\\/pt-pt\\\/produto\\\/beauty-shot-masculino\\\/#primaryimage\"},\"image\":{\"@id\":\"https:\\\/\\\/www.lraloeverashop.eu\\\/pt-pt\\\/produto\\\/beauty-shot-masculino\\\/#primaryimage\"},\"thumbnailUrl\":\"https:\\\/\\\/www.lraloeverashop.eu\\\/wp-content\\\/uploads\\\/2026\\\/04\\\/Lr-5in1-Mens-Shot-with-collagen.jpeg\",\"datePublished\":\"2022-10-15T11:49:48+00:00\",\"dateModified\":\"2026-04-18T18:46:12+00:00\",\"description\":\"Beauty Shot Masculino cobre 5 necessidades b\u00e1sicas: mais energia, pele saud\u00e1vel, cabelos grossos, m\u00fasculos atraentes e pot\u00eancia forte. Livre de lactose.\",\"breadcrumb\":{\"@id\":\"https:\\\/\\\/www.lraloeverashop.eu\\\/pt-pt\\\/produto\\\/beauty-shot-masculino\\\/#breadcrumb\"},\"inLanguage\":\"pt-PT\",\"potentialAction\":[{\"@type\":\"ReadAction\",\"target\":[\"https:\\\/\\\/www.lraloeverashop.eu\\\/pt-pt\\\/produto\\\/beauty-shot-masculino\\\/\"]}]},{\"@type\":\"ImageObject\",\"inLanguage\":\"pt-PT\",\"@id\":\"https:\\\/\\\/www.lraloeverashop.eu\\\/pt-pt\\\/produto\\\/beauty-shot-masculino\\\/#primaryimage\",\"url\":\"https:\\\/\\\/www.lraloeverashop.eu\\\/wp-content\\\/uploads\\\/2026\\\/04\\\/Lr-5in1-Mens-Shot-with-collagen.jpeg\",\"contentUrl\":\"https:\\\/\\\/www.lraloeverashop.eu\\\/wp-content\\\/uploads\\\/2026\\\/04\\\/Lr-5in1-Mens-Shot-with-collagen.jpeg\",\"width\":1200,\"height\":1200,\"caption\":\"Lr 5in1 Men's Shot com col\u00e1geno\"},{\"@type\":\"BreadcrumbList\",\"@id\":\"https:\\\/\\\/www.lraloeverashop.eu\\\/pt-pt\\\/produto\\\/beauty-shot-masculino\\\/#breadcrumb\",\"itemListElement\":[{\"@type\":\"ListItem\",\"position\":1,\"name\":\"Home\",\"item\":\"https:\\\/\\\/www.lraloeverashop.eu\\\/pt-pt\\\/\"},{\"@type\":\"ListItem\",\"position\":2,\"name\":\"Loja\",\"item\":\"https:\\\/\\\/www.lraloeverashop.eu\\\/pt-pt\\\/loja\\\/\"},{\"@type\":\"ListItem\",\"position\":3,\"name\":\"Beauty Shot Masculino\"}]},{\"@type\":\"WebSite\",\"@id\":\"https:\\\/\\\/www.lraloeverashop.eu\\\/pt-pt\\\/#website\",\"url\":\"https:\\\/\\\/www.lraloeverashop.eu\\\/pt-pt\\\/\",\"name\":\"Lr Loja Aloe Vera\",\"description\":\"High Quality Lr Aloe Vera Gel, Aloe Vera Cream and Shampoo\",\"publisher\":{\"@id\":\"https:\\\/\\\/www.lraloeverashop.eu\\\/pt-pt\\\/#organization\"},\"alternateName\":\"LR\",\"potentialAction\":[{\"@type\":\"SearchAction\",\"target\":{\"@type\":\"EntryPoint\",\"urlTemplate\":\"https:\\\/\\\/www.lraloeverashop.eu\\\/pt-pt\\\/?s={search_term_string}\"},\"query-input\":{\"@type\":\"PropertyValueSpecification\",\"valueRequired\":true,\"valueName\":\"search_term_string\"}}],\"inLanguage\":\"pt-PT\"},{\"@type\":\"Organization\",\"@id\":\"https:\\\/\\\/www.lraloeverashop.eu\\\/pt-pt\\\/#organization\",\"name\":\"Loja Lr Aloe Vera\",\"alternateName\":\"LR\",\"url\":\"https:\\\/\\\/www.lraloeverashop.eu\\\/pt-pt\\\/\",\"logo\":{\"@type\":\"ImageObject\",\"inLanguage\":\"pt-PT\",\"@id\":\"https:\\\/\\\/www.lraloeverashop.eu\\\/pt-pt\\\/#\\\/schema\\\/logo\\\/image\\\/\",\"url\":\"https:\\\/\\\/www.lraloeverashop.eu\\\/wp-content\\\/uploads\\\/2022\\\/09\\\/cropped-Lr-Aloe-Vera-Shop.jpg\",\"contentUrl\":\"https:\\\/\\\/www.lraloeverashop.eu\\\/wp-content\\\/uploads\\\/2022\\\/09\\\/cropped-Lr-Aloe-Vera-Shop.jpg\",\"width\":228,\"height\":76,\"caption\":\"Loja Lr Aloe Vera\"},\"image\":{\"@id\":\"https:\\\/\\\/www.lraloeverashop.eu\\\/pt-pt\\\/#\\\/schema\\\/logo\\\/image\\\/\"},\"sameAs\":[\"https:\\\/\\\/www.facebook.com\\\/lraloeverashop.eu\",\"https:\\\/\\\/x.com\\\/natur__kosmetik\",\"https:\\\/\\\/www.youtube.com\\\/channel\\\/UC5oN7BJ8nfYb8RpVtjwDEBA\",\"https:\\\/\\\/www.instagram.com\\\/lrbeautyeu\\\/\"],\"description\":\"Loja Lr Aloe Vera \u00e9 o seu destino de confian\u00e7a para os produtos de sa\u00fade e beleza premium da LR, fabricados na Alemanha. Oferecemos solu\u00e7\u00f5es de alta qualidade para o cuidado da pele, nutri\u00e7\u00e3o e antienvelhecimento \u00e0 base de Alo\u00e9 Vera, elaboradas com ingredientes puros e apoiadas em investiga\u00e7\u00e3o cient\u00edfica. Descubra o cuidado natural que regenera, protege e revitaliza a sua pele \u2014 e aproveite as ofertas mensais exclusivas nos nossos produtos LR Alo\u00e9 Vera mais vendidos.\\nComece hoje mesmo a sua jornada de cuidados naturais com a pele e sinta a diferen\u00e7a.\",\"email\":\"info@lraloeverashop.eu\",\"telephone\":\"+49 17670609653\",\"legalName\":\"Lr Aloe Vera Shop\",\"foundingDate\":\"2018-04-21\",\"numberOfEmployees\":{\"@type\":\"QuantitativeValue\",\"minValue\":\"1\",\"maxValue\":\"10\"}}]}<\/script>\n<meta property=\"product:price:amount\" content=\"172.99\" \/>\n<meta property=\"product:price:currency\" content=\"EUR\" \/>\n<meta property=\"og:availability\" content=\"instock\" \/>\n<meta property=\"product:availability\" content=\"instock\" \/>\n<meta property=\"product:retailer_item_id\" content=\"81170-1PT\" \/>\n<meta property=\"product:condition\" content=\"new\" \/>\n<!-- \/ Yoast SEO Premium plugin. -->","yoast_head_json":{"title":"Beauty Shot Masculino - tudo em um o que seu corpo precisa","description":"Beauty Shot Masculino cobre 5 necessidades b\u00e1sicas: mais energia, pele saud\u00e1vel, cabelos grossos, m\u00fasculos atraentes e pot\u00eancia forte. Livre de lactose.","robots":{"index":"index","follow":"follow","max-snippet":"max-snippet:-1","max-image-preview":"max-image-preview:large","max-video-preview":"max-video-preview:-1"},"canonical":"https:\/\/www.lraloeverashop.eu\/pt-pt\/produto\/beauty-shot-masculino\/","og_locale":"pt_PT","og_type":"article","og_title":"Beauty Shot Masculino","og_description":"Beauty Shot Masculino cobre 5 necessidades b\u00e1sicas: mais energia, pele saud\u00e1vel, cabelos grossos, m\u00fasculos atraentes e pot\u00eancia forte. Livre de lactose.","og_url":"https:\/\/www.lraloeverashop.eu\/pt-pt\/produto\/beauty-shot-masculino\/","og_site_name":"Lr Loja Aloe Vera","article_publisher":"https:\/\/www.facebook.com\/lraloeverashop.eu","article_modified_time":"2026-04-18T18:46:12+00:00","og_image":[{"width":1200,"height":1200,"url":"https:\/\/www.lraloeverashop.eu\/wp-content\/uploads\/2026\/04\/Lr-5in1-Mens-Shot-with-collagen.jpeg","type":"image\/jpeg"}],"twitter_card":"summary_large_image","twitter_site":"@natur__kosmetik","schema":{"@context":"https:\/\/schema.org","@graph":[{"@type":["WebPage","ItemPage"],"@id":"https:\/\/www.lraloeverashop.eu\/pt-pt\/produto\/beauty-shot-masculino\/","url":"https:\/\/www.lraloeverashop.eu\/pt-pt\/produto\/beauty-shot-masculino\/","name":"Beauty Shot Masculino - tudo em um o que seu corpo precisa","isPartOf":{"@id":"https:\/\/www.lraloeverashop.eu\/pt-pt\/#website"},"primaryImageOfPage":{"@id":"https:\/\/www.lraloeverashop.eu\/pt-pt\/produto\/beauty-shot-masculino\/#primaryimage"},"image":{"@id":"https:\/\/www.lraloeverashop.eu\/pt-pt\/produto\/beauty-shot-masculino\/#primaryimage"},"thumbnailUrl":"https:\/\/www.lraloeverashop.eu\/wp-content\/uploads\/2026\/04\/Lr-5in1-Mens-Shot-with-collagen.jpeg","datePublished":"2022-10-15T11:49:48+00:00","dateModified":"2026-04-18T18:46:12+00:00","description":"Beauty Shot Masculino cobre 5 necessidades b\u00e1sicas: mais energia, pele saud\u00e1vel, cabelos grossos, m\u00fasculos atraentes e pot\u00eancia forte. Livre de lactose.","breadcrumb":{"@id":"https:\/\/www.lraloeverashop.eu\/pt-pt\/produto\/beauty-shot-masculino\/#breadcrumb"},"inLanguage":"pt-PT","potentialAction":[{"@type":"ReadAction","target":["https:\/\/www.lraloeverashop.eu\/pt-pt\/produto\/beauty-shot-masculino\/"]}]},{"@type":"ImageObject","inLanguage":"pt-PT","@id":"https:\/\/www.lraloeverashop.eu\/pt-pt\/produto\/beauty-shot-masculino\/#primaryimage","url":"https:\/\/www.lraloeverashop.eu\/wp-content\/uploads\/2026\/04\/Lr-5in1-Mens-Shot-with-collagen.jpeg","contentUrl":"https:\/\/www.lraloeverashop.eu\/wp-content\/uploads\/2026\/04\/Lr-5in1-Mens-Shot-with-collagen.jpeg","width":1200,"height":1200,"caption":"Lr 5in1 Men's Shot com col\u00e1geno"},{"@type":"BreadcrumbList","@id":"https:\/\/www.lraloeverashop.eu\/pt-pt\/produto\/beauty-shot-masculino\/#breadcrumb","itemListElement":[{"@type":"ListItem","position":1,"name":"Home","item":"https:\/\/www.lraloeverashop.eu\/pt-pt\/"},{"@type":"ListItem","position":2,"name":"Loja","item":"https:\/\/www.lraloeverashop.eu\/pt-pt\/loja\/"},{"@type":"ListItem","position":3,"name":"Beauty Shot Masculino"}]},{"@type":"WebSite","@id":"https:\/\/www.lraloeverashop.eu\/pt-pt\/#website","url":"https:\/\/www.lraloeverashop.eu\/pt-pt\/","name":"Lr Loja Aloe Vera","description":"High Quality Lr Aloe Vera Gel, Aloe Vera Cream and Shampoo","publisher":{"@id":"https:\/\/www.lraloeverashop.eu\/pt-pt\/#organization"},"alternateName":"LR","potentialAction":[{"@type":"SearchAction","target":{"@type":"EntryPoint","urlTemplate":"https:\/\/www.lraloeverashop.eu\/pt-pt\/?s={search_term_string}"},"query-input":{"@type":"PropertyValueSpecification","valueRequired":true,"valueName":"search_term_string"}}],"inLanguage":"pt-PT"},{"@type":"Organization","@id":"https:\/\/www.lraloeverashop.eu\/pt-pt\/#organization","name":"Loja Lr Aloe Vera","alternateName":"LR","url":"https:\/\/www.lraloeverashop.eu\/pt-pt\/","logo":{"@type":"ImageObject","inLanguage":"pt-PT","@id":"https:\/\/www.lraloeverashop.eu\/pt-pt\/#\/schema\/logo\/image\/","url":"https:\/\/www.lraloeverashop.eu\/wp-content\/uploads\/2022\/09\/cropped-Lr-Aloe-Vera-Shop.jpg","contentUrl":"https:\/\/www.lraloeverashop.eu\/wp-content\/uploads\/2022\/09\/cropped-Lr-Aloe-Vera-Shop.jpg","width":228,"height":76,"caption":"Loja Lr Aloe Vera"},"image":{"@id":"https:\/\/www.lraloeverashop.eu\/pt-pt\/#\/schema\/logo\/image\/"},"sameAs":["https:\/\/www.facebook.com\/lraloeverashop.eu","https:\/\/x.com\/natur__kosmetik","https:\/\/www.youtube.com\/channel\/UC5oN7BJ8nfYb8RpVtjwDEBA","https:\/\/www.instagram.com\/lrbeautyeu\/"],"description":"Loja Lr Aloe Vera \u00e9 o seu destino de confian\u00e7a para os produtos de sa\u00fade e beleza premium da LR, fabricados na Alemanha. Oferecemos solu\u00e7\u00f5es de alta qualidade para o cuidado da pele, nutri\u00e7\u00e3o e antienvelhecimento \u00e0 base de Alo\u00e9 Vera, elaboradas com ingredientes puros e apoiadas em investiga\u00e7\u00e3o cient\u00edfica. Descubra o cuidado natural que regenera, protege e revitaliza a sua pele \u2014 e aproveite as ofertas mensais exclusivas nos nossos produtos LR Alo\u00e9 Vera mais vendidos.\nComece hoje mesmo a sua jornada de cuidados naturais com a pele e sinta a diferen\u00e7a.","email":"info@lraloeverashop.eu","telephone":"+49 17670609653","legalName":"Lr Aloe Vera Shop","foundingDate":"2018-04-21","numberOfEmployees":{"@type":"QuantitativeValue","minValue":"1","maxValue":"10"}}]},"product_price_amount":"172.99","product_price_currency":"EUR","og_availability":"instock","product_availability":"instock","product_retailer_item_id":"81170-1PT","product_condition":"new"},"taxonomy_info":{"product_cat":[{"value":479,"label":"Beauty Shot"},{"value":473,"label":"Beleza de dentro"},{"value":467,"label":"Especialistas"},{"value":413,"label":"Produtos Especiais"}]},"featured_image_src_large":["https:\/\/www.lraloeverashop.eu\/wp-content\/uploads\/2026\/04\/Lr-5in1-Mens-Shot-with-collagen-1024x1024.jpeg",1024,1024,true],"author_info":[],"comment_info":0,"_links":{"self":[{"href":"https:\/\/www.lraloeverashop.eu\/pt-pt\/wp-json\/wp\/v2\/product\/9300","targetHints":{"allow":["GET"]}}],"collection":[{"href":"https:\/\/www.lraloeverashop.eu\/pt-pt\/wp-json\/wp\/v2\/product"}],"about":[{"href":"https:\/\/www.lraloeverashop.eu\/pt-pt\/wp-json\/wp\/v2\/types\/product"}],"replies":[{"embeddable":true,"href":"https:\/\/www.lraloeverashop.eu\/pt-pt\/wp-json\/wp\/v2\/comments?post=9300"}],"wp:featuredmedia":[{"embeddable":true,"href":"https:\/\/www.lraloeverashop.eu\/pt-pt\/wp-json\/wp\/v2\/media\/30433"}],"wp:attachment":[{"href":"https:\/\/www.lraloeverashop.eu\/pt-pt\/wp-json\/wp\/v2\/media?parent=9300"}],"wp:term":[{"taxonomy":"product_brand","embeddable":true,"href":"https:\/\/www.lraloeverashop.eu\/pt-pt\/wp-json\/wp\/v2\/product_brand?post=9300"},{"taxonomy":"product_cat","embeddable":true,"href":"https:\/\/www.lraloeverashop.eu\/pt-pt\/wp-json\/wp\/v2\/product_cat?post=9300"},{"taxonomy":"product_tag","embeddable":true,"href":"https:\/\/www.lraloeverashop.eu\/pt-pt\/wp-json\/wp\/v2\/product_tag?post=9300"}],"curies":[{"name":"wp","href":"https:\/\/api.w.org\/{rel}","templated":true}]}}