{"id":9232,"date":"2022-10-15T18:00:56","date_gmt":"2022-10-15T16:00:56","guid":{"rendered":"https:\/\/www.lraloeverashop.eu\/product\/figu-active-flocos-dieteticos-crocantes-com-arando\/"},"modified":"2026-02-08T10:14:02","modified_gmt":"2026-02-08T09:14:02","slug":"figu-active-flocos-dieteticos-crocantes-com-arando","status":"publish","type":"product","link":"https:\/\/www.lraloeverashop.eu\/pt-pt\/produto\/figu-active-flocos-dieteticos-crocantes-com-arando\/","title":{"rendered":"Flocos Crocantes Com Framboesas"},"content":{"rendered":"<h2><span style=\"font-size: 16pt;\"><strong>Flocos Crocantes Com Framboesas<\/strong><\/span><\/h2>\n<p><span style=\"font-size: 14pt;\"><strong>Flocos Crocantes Com Framboesas, nozes e delicados peda\u00e7os de chocolate<\/strong><\/span><\/p>\n<p>A perda de peso costuma estar associada \u00e0 priva\u00e7\u00e3o daqueles alimentos que mais gostamos. Se n\u00e3o consegue viver sem os seus flocos, Figu Active Flocos Crocantes Com Framboesas \u00e9 uma excelente escolha, que proporciona uma alternativa para um delicioso pequeno-almo\u00e7o com todos os <a href=\"https:\/\/www.lraloeverashop.eu\/pt-pt\/produto\/sopa-de-batata-doce\/\">nutrientes necess\u00e1rios<\/a> e s\u00f3 metade das calorias!<\/p>\n<p>Seja perdendo peso, mantendo o peso ou apenas economizando tempo. Os Flocos Crocantes Figu Active s\u00e3o irresistivelmente deliciosos, substituem uma <span style=\"color: #000000;\"><strong><a style=\"color: #000000;\" href=\"https:\/\/www.lraloeverashop.eu\/pt-pt\/substituto-de-refeicao-figu-active-a-dieta-inteligente-para-emagrecimento\/\">refei\u00e7\u00e3o completa<\/a><\/strong><\/span> e cont\u00eam muitos ingredientes naturais valiosos. Flocos Crocantes Com Framboesas \u00e9 uma refei\u00e7\u00e3o saud\u00e1vel com um equil\u00edbrio perfeito entre a redu\u00e7\u00e3o de calorias e o fornecimento de todos os nutrientes de que o corpo necessita.<\/p>\n<p>Os Flocos Crocantes Com Framboesas cont\u00e9m inulina. Uma vez que a inulina tem um efeito estimulante sobre a fun\u00e7\u00e3o intestinal e a flora intestinal, uma ingest\u00e3o aumentada pode levar a problemas digestivos (flatul\u00eancia, diarreia). Pessoas com trato gastrointestinal sens\u00edvel devem consultar seu m\u00e9dico antes de consumir o produto.<\/p>\n<p>&nbsp;<\/p>\n<h3><strong><span style=\"font-size: 16pt;\"><a href=\"https:\/\/www.lraloeverashop.eu\/wp-content\/uploads\/2024\/09\/weight-loss-diet-review-300x300.jpeg\"><img loading=\"lazy\" decoding=\"async\" class=\"alignleft wp-image-16352 size-medium\" src=\"https:\/\/www.lraloeverashop.eu\/wp-content\/uploads\/2024\/09\/weight-loss-diet-review-300x300.jpeg\" alt=\"Revis\u00e3o da dieta para emagrecer\" width=\"300\" height=\"300\" srcset=\"https:\/\/www.lraloeverashop.eu\/wp-content\/uploads\/2024\/09\/weight-loss-diet-review-300x300.jpeg 300w, https:\/\/www.lraloeverashop.eu\/wp-content\/uploads\/2024\/09\/weight-loss-diet-review-1024x1024.jpeg 1024w, https:\/\/www.lraloeverashop.eu\/wp-content\/uploads\/2024\/09\/weight-loss-diet-review-150x150.jpeg 150w, https:\/\/www.lraloeverashop.eu\/wp-content\/uploads\/2024\/09\/weight-loss-diet-review-768x768.jpeg 768w, https:\/\/www.lraloeverashop.eu\/wp-content\/uploads\/2024\/09\/weight-loss-diet-review-600x600.jpeg 600w, https:\/\/www.lraloeverashop.eu\/wp-content\/uploads\/2024\/09\/weight-loss-diet-review-100x100.jpeg 100w, https:\/\/www.lraloeverashop.eu\/wp-content\/uploads\/2024\/09\/weight-loss-diet-review.jpeg 1200w\" sizes=\"auto, (max-width: 300px) 100vw, 300px\" \/><\/a>Modo de usar<\/span><\/strong><\/h3>\n<p>O Figu Active Flocos Diet\u00e9ticos Crocantes ajuda a perder peso ou a manter o peso desejado.<\/p>\n<p>Misture 6 colheres de sopa em 300 ml de leite sem lactose com baixo teor de gordura (1,5% de gordura) em uma caneca grande de pelo menos 500 ml de capacidade. Deixe descansar um pouco, misture novamente e est\u00e1 pronto seu caf\u00e9 da manh\u00e3, almo\u00e7o ou jantar! Consumir imediatamente ap\u00f3s o preparo.<\/p>\n<p>Certifique-se de beber l\u00edquido suficiente durante sua dieta. Beba, de prefer\u00eancia, de 2 a 3 litros de <a href=\"https:\/\/www.lraloeverashop.eu\/pt-pt\/produto\/cha-para-emagrecer\/\">Ch\u00e1 Diet\u00e9tico<\/a> sem calorias e sem a\u00e7\u00facar. O produto atende a sua finalidade s\u00f3 no contexto de uma dieta de baixa caloria. Certifique-se de ter uma dieta variada e equilibrada e um estilo de vida saud\u00e1vel. Sua dieta deve incluir outros alimentos.<\/p>\n<p>&nbsp;<\/p>\n<p>&nbsp;<\/p>\n<p><a href=\"https:\/\/www.lraloeverashop.eu\/wp-content\/uploads\/2024\/09\/man-weight-loss-before-and-after-300x300.jpeg\"><img loading=\"lazy\" decoding=\"async\" class=\"alignleft wp-image-16359 size-medium\" src=\"https:\/\/www.lraloeverashop.eu\/wp-content\/uploads\/2024\/09\/man-weight-loss-before-and-after-300x300.jpeg\" alt=\"Dieta para perder peso antes e depois\" width=\"300\" height=\"300\" srcset=\"https:\/\/www.lraloeverashop.eu\/wp-content\/uploads\/2024\/09\/man-weight-loss-before-and-after-300x300.jpeg 300w, https:\/\/www.lraloeverashop.eu\/wp-content\/uploads\/2024\/09\/man-weight-loss-before-and-after-1024x1024.jpeg 1024w, https:\/\/www.lraloeverashop.eu\/wp-content\/uploads\/2024\/09\/man-weight-loss-before-and-after-150x150.jpeg 150w, https:\/\/www.lraloeverashop.eu\/wp-content\/uploads\/2024\/09\/man-weight-loss-before-and-after-768x768.jpeg 768w, https:\/\/www.lraloeverashop.eu\/wp-content\/uploads\/2024\/09\/man-weight-loss-before-and-after-600x600.jpeg 600w, https:\/\/www.lraloeverashop.eu\/wp-content\/uploads\/2024\/09\/man-weight-loss-before-and-after-100x100.jpeg 100w, https:\/\/www.lraloeverashop.eu\/wp-content\/uploads\/2024\/09\/man-weight-loss-before-and-after.jpeg 1200w\" sizes=\"auto, (max-width: 300px) 100vw, 300px\" \/><\/a>Os substitutos cont\u00eam todos os nutrientes necess\u00e1rios em quantidades suficientes.<\/p>\n<p><strong>Observe as instru\u00e7\u00f5es de prepara\u00e7\u00e3o.\u00a0<\/strong><\/p>\n<p>Agite o pacote antes de usar.<\/p>\n<p>O volume do produto est\u00e1 sujeito a varia\u00e7\u00f5es de ordem t\u00e9cnica. Armazene em local fresco e seco e consuma depois de abrir.<\/p>\n<p>1. A substitui\u00e7\u00e3o de duas refei\u00e7\u00f5es di\u00e1rias por uma dieta hipocal\u00f3rica contribui para a <a href=\"https:\/\/www.lraloeverashop.eu\/pt-pt\/produto\/batido-para-emagrecer-chocolate-cremoso\/\">perda de peso<\/a>.<\/p>\n<p>2. Substituir uma de suas refei\u00e7\u00f5es di\u00e1rias por uma dieta de baixa caloria ajuda a manter o peso desejado ap\u00f3s a perda de peso.<\/p>\n<p>&nbsp;<\/p>\n","protected":false},"excerpt":{"rendered":"<ul>\n<li>Flocos crocantes com framboesas, nozes e delicados peda\u00e7os de chocolate<\/li>\n<li>Cada por\u00e7\u00e3o substitui uma refei\u00e7\u00e3o completa<\/li>\n<li>Suporta perda de peso com apenas 220 calorias por por\u00e7\u00e3o<\/li>\n<li>100% vegan, ado\u00e7ado com est\u00e9via, apenas sabores naturais<\/li>\n<li>Alto teor de fibras e prote\u00ednas<\/li>\n<li>Livre de lactose<\/li>\n<li>Quantidade: 500g<\/li>\n<\/ul>\n<p><span style=\"color: #ff0000;\"><a style=\"color: #ff0000;\" href=\"https:\/\/shop.lrworld.com\/openpao?PHP=0vFlt7jT938BEnBI3a6e9w%3D%3D\"><span style=\"font-size: 14pt;\"><strong>Registe-se aqui e poupe 35% em todos os pedidos<\/strong><\/span><\/a><\/span><\/p>\n","protected":false},"featured_media":9731,"comment_status":"open","ping_status":"closed","template":"","meta":{"_kad_blocks_custom_css":"","_kad_blocks_head_custom_js":"","_kad_blocks_body_custom_js":"","_kad_blocks_footer_custom_js":"","_kadence_starter_templates_imported_post":false,"_kad_post_transparent":"default","_kad_post_title":"","_kad_post_layout":"default","_kad_post_sidebar_id":"","_kad_post_content_style":"default","_kad_post_vertical_padding":"default","_kad_post_feature":"","_kad_post_feature_position":"","_kad_post_header":false,"_kad_post_footer":false,"_kad_post_classname":""},"product_brand":[],"product_cat":[324,336],"product_tag":[613],"class_list":{"0":"post-9232","1":"product","2":"type-product","3":"status-publish","4":"has-post-thumbnail","6":"product_cat-flocos","7":"product_cat-suplementosdieteticos","8":"product_tag-dieta-pt-pt","10":"first","11":"instock","12":"taxable","13":"shipping-taxable","14":"purchasable","15":"product-type-simple","16":"entry","17":"content-bg","18":"loop-entry"},"yoast_head":"<!-- This site is optimized with the Yoast SEO Premium plugin v27.4 (Yoast SEO v27.4) - https:\/\/yoast.com\/product\/yoast-seo-premium-wordpress\/ -->\n<title>Flocos Crocantes Com Framboesas suporta perda de peso.<\/title>\n<meta name=\"description\" content=\"Flocos Crocantes Com Framboesas, nozes e delicados peda\u00e7os de chocolate. Com alto teor de fibras e prote\u00ednas suporta perda de peso com apenas 220 calorias.\" \/>\n<meta name=\"robots\" content=\"index, follow, max-snippet:-1, max-image-preview:large, max-video-preview:-1\" \/>\n<link rel=\"canonical\" href=\"https:\/\/www.lraloeverashop.eu\/pt-pt\/produto\/figu-active-flocos-dieteticos-crocantes-com-arando\/\" \/>\n<meta property=\"og:locale\" content=\"pt_PT\" \/>\n<meta property=\"og:type\" content=\"article\" \/>\n<meta property=\"og:title\" content=\"Flocos Crocantes Com Framboesas\" \/>\n<meta property=\"og:description\" content=\"Flocos Crocantes Com Framboesas, nozes e delicados peda\u00e7os de chocolate. Com alto teor de fibras e prote\u00ednas suporta perda de peso com apenas 220 calorias.\" \/>\n<meta property=\"og:url\" content=\"https:\/\/www.lraloeverashop.eu\/pt-pt\/produto\/figu-active-flocos-dieteticos-crocantes-com-arando\/\" \/>\n<meta property=\"og:site_name\" content=\"Lr Loja Aloe Vera\" \/>\n<meta property=\"article:publisher\" content=\"https:\/\/www.facebook.com\/lraloeverashop.eu\" \/>\n<meta property=\"article:modified_time\" content=\"2026-02-08T09:14:02+00:00\" \/>\n<meta property=\"og:image\" content=\"https:\/\/www.lraloeverashop.eu\/wp-content\/uploads\/2023\/01\/Figuactive-Flakes-with-Raspberry.jpg\" \/>\n\t<meta property=\"og:image:width\" content=\"1200\" \/>\n\t<meta property=\"og:image:height\" content=\"1200\" \/>\n\t<meta property=\"og:image:type\" content=\"image\/jpeg\" \/>\n<meta name=\"twitter:card\" content=\"summary_large_image\" \/>\n<meta name=\"twitter:site\" content=\"@natur__kosmetik\" \/>\n<script type=\"application\/ld+json\" class=\"yoast-schema-graph\">{\"@context\":\"https:\\\/\\\/schema.org\",\"@graph\":[{\"@type\":[\"WebPage\",\"ItemPage\"],\"@id\":\"https:\\\/\\\/www.lraloeverashop.eu\\\/pt-pt\\\/produto\\\/figu-active-flocos-dieteticos-crocantes-com-arando\\\/\",\"url\":\"https:\\\/\\\/www.lraloeverashop.eu\\\/pt-pt\\\/produto\\\/figu-active-flocos-dieteticos-crocantes-com-arando\\\/\",\"name\":\"Flocos Crocantes Com Framboesas suporta perda de peso.\",\"isPartOf\":{\"@id\":\"https:\\\/\\\/www.lraloeverashop.eu\\\/pt-pt\\\/#website\"},\"primaryImageOfPage\":{\"@id\":\"https:\\\/\\\/www.lraloeverashop.eu\\\/pt-pt\\\/produto\\\/figu-active-flocos-dieteticos-crocantes-com-arando\\\/#primaryimage\"},\"image\":{\"@id\":\"https:\\\/\\\/www.lraloeverashop.eu\\\/pt-pt\\\/produto\\\/figu-active-flocos-dieteticos-crocantes-com-arando\\\/#primaryimage\"},\"thumbnailUrl\":\"https:\\\/\\\/www.lraloeverashop.eu\\\/wp-content\\\/uploads\\\/2023\\\/01\\\/Figuactive-Flakes-with-Raspberry.jpg\",\"datePublished\":\"2022-10-15T16:00:56+00:00\",\"dateModified\":\"2026-02-08T09:14:02+00:00\",\"description\":\"Flocos Crocantes Com Framboesas, nozes e delicados peda\u00e7os de chocolate. Com alto teor de fibras e prote\u00ednas suporta perda de peso com apenas 220 calorias.\",\"breadcrumb\":{\"@id\":\"https:\\\/\\\/www.lraloeverashop.eu\\\/pt-pt\\\/produto\\\/figu-active-flocos-dieteticos-crocantes-com-arando\\\/#breadcrumb\"},\"inLanguage\":\"pt-PT\",\"potentialAction\":[{\"@type\":\"ReadAction\",\"target\":[\"https:\\\/\\\/www.lraloeverashop.eu\\\/pt-pt\\\/produto\\\/figu-active-flocos-dieteticos-crocantes-com-arando\\\/\"]}]},{\"@type\":\"ImageObject\",\"inLanguage\":\"pt-PT\",\"@id\":\"https:\\\/\\\/www.lraloeverashop.eu\\\/pt-pt\\\/produto\\\/figu-active-flocos-dieteticos-crocantes-com-arando\\\/#primaryimage\",\"url\":\"https:\\\/\\\/www.lraloeverashop.eu\\\/wp-content\\\/uploads\\\/2023\\\/01\\\/Figuactive-Flakes-with-Raspberry.jpg\",\"contentUrl\":\"https:\\\/\\\/www.lraloeverashop.eu\\\/wp-content\\\/uploads\\\/2023\\\/01\\\/Figuactive-Flakes-with-Raspberry.jpg\",\"width\":1200,\"height\":1200,\"caption\":\"Flocos crocantes com framboesas, nozes e delicados peda\u00e7os de chocolate para perda de peso\"},{\"@type\":\"BreadcrumbList\",\"@id\":\"https:\\\/\\\/www.lraloeverashop.eu\\\/pt-pt\\\/produto\\\/figu-active-flocos-dieteticos-crocantes-com-arando\\\/#breadcrumb\",\"itemListElement\":[{\"@type\":\"ListItem\",\"position\":1,\"name\":\"Home\",\"item\":\"https:\\\/\\\/www.lraloeverashop.eu\\\/pt-pt\\\/\"},{\"@type\":\"ListItem\",\"position\":2,\"name\":\"Loja\",\"item\":\"https:\\\/\\\/www.lraloeverashop.eu\\\/pt-pt\\\/loja\\\/\"},{\"@type\":\"ListItem\",\"position\":3,\"name\":\"Flocos Crocantes Com Framboesas\"}]},{\"@type\":\"WebSite\",\"@id\":\"https:\\\/\\\/www.lraloeverashop.eu\\\/pt-pt\\\/#website\",\"url\":\"https:\\\/\\\/www.lraloeverashop.eu\\\/pt-pt\\\/\",\"name\":\"Lr Loja Aloe Vera\",\"description\":\"High Quality Lr Aloe Vera Gel, Aloe Vera Cream and Shampoo\",\"publisher\":{\"@id\":\"https:\\\/\\\/www.lraloeverashop.eu\\\/pt-pt\\\/#organization\"},\"potentialAction\":[{\"@type\":\"SearchAction\",\"target\":{\"@type\":\"EntryPoint\",\"urlTemplate\":\"https:\\\/\\\/www.lraloeverashop.eu\\\/pt-pt\\\/?s={search_term_string}\"},\"query-input\":{\"@type\":\"PropertyValueSpecification\",\"valueRequired\":true,\"valueName\":\"search_term_string\"}}],\"inLanguage\":\"pt-PT\"},{\"@type\":\"Organization\",\"@id\":\"https:\\\/\\\/www.lraloeverashop.eu\\\/pt-pt\\\/#organization\",\"name\":\"Loja Lr Aloe Vera\",\"alternateName\":\"LR\",\"url\":\"https:\\\/\\\/www.lraloeverashop.eu\\\/pt-pt\\\/\",\"logo\":{\"@type\":\"ImageObject\",\"inLanguage\":\"pt-PT\",\"@id\":\"https:\\\/\\\/www.lraloeverashop.eu\\\/pt-pt\\\/#\\\/schema\\\/logo\\\/image\\\/\",\"url\":\"https:\\\/\\\/www.lraloeverashop.eu\\\/wp-content\\\/uploads\\\/2022\\\/09\\\/cropped-Lr-Aloe-Vera-Shop.jpg\",\"contentUrl\":\"https:\\\/\\\/www.lraloeverashop.eu\\\/wp-content\\\/uploads\\\/2022\\\/09\\\/cropped-Lr-Aloe-Vera-Shop.jpg\",\"width\":228,\"height\":76,\"caption\":\"Loja Lr Aloe Vera\"},\"image\":{\"@id\":\"https:\\\/\\\/www.lraloeverashop.eu\\\/pt-pt\\\/#\\\/schema\\\/logo\\\/image\\\/\"},\"sameAs\":[\"https:\\\/\\\/www.facebook.com\\\/lraloeverashop.eu\",\"https:\\\/\\\/x.com\\\/natur__kosmetik\",\"https:\\\/\\\/www.youtube.com\\\/channel\\\/UC5oN7BJ8nfYb8RpVtjwDEBA\",\"https:\\\/\\\/www.instagram.com\\\/lrbeautyeu\\\/\"],\"description\":\"Loja Lr Aloe Vera \u00e9 o seu destino de confian\u00e7a para os produtos de sa\u00fade e beleza premium da LR, fabricados na Alemanha. Oferecemos solu\u00e7\u00f5es de alta qualidade para o cuidado da pele, nutri\u00e7\u00e3o e antienvelhecimento \u00e0 base de Alo\u00e9 Vera, elaboradas com ingredientes puros e apoiadas em investiga\u00e7\u00e3o cient\u00edfica. Descubra o cuidado natural que regenera, protege e revitaliza a sua pele \u2014 e aproveite as ofertas mensais exclusivas nos nossos produtos LR Alo\u00e9 Vera mais vendidos.\\nComece hoje mesmo a sua jornada de cuidados naturais com a pele e sinta a diferen\u00e7a.\",\"email\":\"info@lraloeverashop.eu\",\"telephone\":\"+49 17670609653\",\"legalName\":\"Lr Aloe Vera Shop\",\"foundingDate\":\"2018-04-21\",\"numberOfEmployees\":{\"@type\":\"QuantitativeValue\",\"minValue\":\"1\",\"maxValue\":\"10\"}}]}<\/script>\n<meta property=\"product:price:amount\" content=\"48.59\" \/>\n<meta property=\"product:price:currency\" content=\"EUR\" \/>\n<meta property=\"og:availability\" content=\"instock\" \/>\n<meta property=\"product:availability\" content=\"instock\" \/>\n<meta property=\"product:retailer_item_id\" content=\"81247-1PT\" \/>\n<meta property=\"product:condition\" content=\"new\" \/>\n<!-- \/ Yoast SEO Premium plugin. -->","yoast_head_json":{"title":"Flocos Crocantes Com Framboesas suporta perda de peso.","description":"Flocos Crocantes Com Framboesas, nozes e delicados peda\u00e7os de chocolate. Com alto teor de fibras e prote\u00ednas suporta perda de peso com apenas 220 calorias.","robots":{"index":"index","follow":"follow","max-snippet":"max-snippet:-1","max-image-preview":"max-image-preview:large","max-video-preview":"max-video-preview:-1"},"canonical":"https:\/\/www.lraloeverashop.eu\/pt-pt\/produto\/figu-active-flocos-dieteticos-crocantes-com-arando\/","og_locale":"pt_PT","og_type":"article","og_title":"Flocos Crocantes Com Framboesas","og_description":"Flocos Crocantes Com Framboesas, nozes e delicados peda\u00e7os de chocolate. Com alto teor de fibras e prote\u00ednas suporta perda de peso com apenas 220 calorias.","og_url":"https:\/\/www.lraloeverashop.eu\/pt-pt\/produto\/figu-active-flocos-dieteticos-crocantes-com-arando\/","og_site_name":"Lr Loja Aloe Vera","article_publisher":"https:\/\/www.facebook.com\/lraloeverashop.eu","article_modified_time":"2026-02-08T09:14:02+00:00","og_image":[{"width":1200,"height":1200,"url":"https:\/\/www.lraloeverashop.eu\/wp-content\/uploads\/2023\/01\/Figuactive-Flakes-with-Raspberry.jpg","type":"image\/jpeg"}],"twitter_card":"summary_large_image","twitter_site":"@natur__kosmetik","schema":{"@context":"https:\/\/schema.org","@graph":[{"@type":["WebPage","ItemPage"],"@id":"https:\/\/www.lraloeverashop.eu\/pt-pt\/produto\/figu-active-flocos-dieteticos-crocantes-com-arando\/","url":"https:\/\/www.lraloeverashop.eu\/pt-pt\/produto\/figu-active-flocos-dieteticos-crocantes-com-arando\/","name":"Flocos Crocantes Com Framboesas suporta perda de peso.","isPartOf":{"@id":"https:\/\/www.lraloeverashop.eu\/pt-pt\/#website"},"primaryImageOfPage":{"@id":"https:\/\/www.lraloeverashop.eu\/pt-pt\/produto\/figu-active-flocos-dieteticos-crocantes-com-arando\/#primaryimage"},"image":{"@id":"https:\/\/www.lraloeverashop.eu\/pt-pt\/produto\/figu-active-flocos-dieteticos-crocantes-com-arando\/#primaryimage"},"thumbnailUrl":"https:\/\/www.lraloeverashop.eu\/wp-content\/uploads\/2023\/01\/Figuactive-Flakes-with-Raspberry.jpg","datePublished":"2022-10-15T16:00:56+00:00","dateModified":"2026-02-08T09:14:02+00:00","description":"Flocos Crocantes Com Framboesas, nozes e delicados peda\u00e7os de chocolate. Com alto teor de fibras e prote\u00ednas suporta perda de peso com apenas 220 calorias.","breadcrumb":{"@id":"https:\/\/www.lraloeverashop.eu\/pt-pt\/produto\/figu-active-flocos-dieteticos-crocantes-com-arando\/#breadcrumb"},"inLanguage":"pt-PT","potentialAction":[{"@type":"ReadAction","target":["https:\/\/www.lraloeverashop.eu\/pt-pt\/produto\/figu-active-flocos-dieteticos-crocantes-com-arando\/"]}]},{"@type":"ImageObject","inLanguage":"pt-PT","@id":"https:\/\/www.lraloeverashop.eu\/pt-pt\/produto\/figu-active-flocos-dieteticos-crocantes-com-arando\/#primaryimage","url":"https:\/\/www.lraloeverashop.eu\/wp-content\/uploads\/2023\/01\/Figuactive-Flakes-with-Raspberry.jpg","contentUrl":"https:\/\/www.lraloeverashop.eu\/wp-content\/uploads\/2023\/01\/Figuactive-Flakes-with-Raspberry.jpg","width":1200,"height":1200,"caption":"Flocos crocantes com framboesas, nozes e delicados peda\u00e7os de chocolate para perda de peso"},{"@type":"BreadcrumbList","@id":"https:\/\/www.lraloeverashop.eu\/pt-pt\/produto\/figu-active-flocos-dieteticos-crocantes-com-arando\/#breadcrumb","itemListElement":[{"@type":"ListItem","position":1,"name":"Home","item":"https:\/\/www.lraloeverashop.eu\/pt-pt\/"},{"@type":"ListItem","position":2,"name":"Loja","item":"https:\/\/www.lraloeverashop.eu\/pt-pt\/loja\/"},{"@type":"ListItem","position":3,"name":"Flocos Crocantes Com Framboesas"}]},{"@type":"WebSite","@id":"https:\/\/www.lraloeverashop.eu\/pt-pt\/#website","url":"https:\/\/www.lraloeverashop.eu\/pt-pt\/","name":"Lr Loja Aloe Vera","description":"High Quality Lr Aloe Vera Gel, Aloe Vera Cream and Shampoo","publisher":{"@id":"https:\/\/www.lraloeverashop.eu\/pt-pt\/#organization"},"potentialAction":[{"@type":"SearchAction","target":{"@type":"EntryPoint","urlTemplate":"https:\/\/www.lraloeverashop.eu\/pt-pt\/?s={search_term_string}"},"query-input":{"@type":"PropertyValueSpecification","valueRequired":true,"valueName":"search_term_string"}}],"inLanguage":"pt-PT"},{"@type":"Organization","@id":"https:\/\/www.lraloeverashop.eu\/pt-pt\/#organization","name":"Loja Lr Aloe Vera","alternateName":"LR","url":"https:\/\/www.lraloeverashop.eu\/pt-pt\/","logo":{"@type":"ImageObject","inLanguage":"pt-PT","@id":"https:\/\/www.lraloeverashop.eu\/pt-pt\/#\/schema\/logo\/image\/","url":"https:\/\/www.lraloeverashop.eu\/wp-content\/uploads\/2022\/09\/cropped-Lr-Aloe-Vera-Shop.jpg","contentUrl":"https:\/\/www.lraloeverashop.eu\/wp-content\/uploads\/2022\/09\/cropped-Lr-Aloe-Vera-Shop.jpg","width":228,"height":76,"caption":"Loja Lr Aloe Vera"},"image":{"@id":"https:\/\/www.lraloeverashop.eu\/pt-pt\/#\/schema\/logo\/image\/"},"sameAs":["https:\/\/www.facebook.com\/lraloeverashop.eu","https:\/\/x.com\/natur__kosmetik","https:\/\/www.youtube.com\/channel\/UC5oN7BJ8nfYb8RpVtjwDEBA","https:\/\/www.instagram.com\/lrbeautyeu\/"],"description":"Loja Lr Aloe Vera \u00e9 o seu destino de confian\u00e7a para os produtos de sa\u00fade e beleza premium da LR, fabricados na Alemanha. Oferecemos solu\u00e7\u00f5es de alta qualidade para o cuidado da pele, nutri\u00e7\u00e3o e antienvelhecimento \u00e0 base de Alo\u00e9 Vera, elaboradas com ingredientes puros e apoiadas em investiga\u00e7\u00e3o cient\u00edfica. Descubra o cuidado natural que regenera, protege e revitaliza a sua pele \u2014 e aproveite as ofertas mensais exclusivas nos nossos produtos LR Alo\u00e9 Vera mais vendidos.\nComece hoje mesmo a sua jornada de cuidados naturais com a pele e sinta a diferen\u00e7a.","email":"info@lraloeverashop.eu","telephone":"+49 17670609653","legalName":"Lr Aloe Vera Shop","foundingDate":"2018-04-21","numberOfEmployees":{"@type":"QuantitativeValue","minValue":"1","maxValue":"10"}}]},"product_price_amount":"48.59","product_price_currency":"EUR","og_availability":"instock","product_availability":"instock","product_retailer_item_id":"81247-1PT","product_condition":"new"},"taxonomy_info":{"product_cat":[{"value":324,"label":"Flocos"},{"value":336,"label":"Substituto de refei\u00e7\u00e3o"}],"product_tag":[{"value":613,"label":"Dieta"}]},"featured_image_src_large":["https:\/\/www.lraloeverashop.eu\/wp-content\/uploads\/2023\/01\/Figuactive-Flakes-with-Raspberry-1024x1024.jpg",1024,1024,true],"author_info":[],"comment_info":0,"_links":{"self":[{"href":"https:\/\/www.lraloeverashop.eu\/pt-pt\/wp-json\/wp\/v2\/product\/9232","targetHints":{"allow":["GET"]}}],"collection":[{"href":"https:\/\/www.lraloeverashop.eu\/pt-pt\/wp-json\/wp\/v2\/product"}],"about":[{"href":"https:\/\/www.lraloeverashop.eu\/pt-pt\/wp-json\/wp\/v2\/types\/product"}],"replies":[{"embeddable":true,"href":"https:\/\/www.lraloeverashop.eu\/pt-pt\/wp-json\/wp\/v2\/comments?post=9232"}],"wp:featuredmedia":[{"embeddable":true,"href":"https:\/\/www.lraloeverashop.eu\/pt-pt\/wp-json\/wp\/v2\/media\/9731"}],"wp:attachment":[{"href":"https:\/\/www.lraloeverashop.eu\/pt-pt\/wp-json\/wp\/v2\/media?parent=9232"}],"wp:term":[{"taxonomy":"product_brand","embeddable":true,"href":"https:\/\/www.lraloeverashop.eu\/pt-pt\/wp-json\/wp\/v2\/product_brand?post=9232"},{"taxonomy":"product_cat","embeddable":true,"href":"https:\/\/www.lraloeverashop.eu\/pt-pt\/wp-json\/wp\/v2\/product_cat?post=9232"},{"taxonomy":"product_tag","embeddable":true,"href":"https:\/\/www.lraloeverashop.eu\/pt-pt\/wp-json\/wp\/v2\/product_tag?post=9232"}],"curies":[{"name":"wp","href":"https:\/\/api.w.org\/{rel}","templated":true}]}}