{"id":9005,"date":"2022-10-17T17:02:41","date_gmt":"2022-10-17T15:02:41","guid":{"rendered":"https:\/\/www.lraloeverashop.eu\/product\/creme-dia-e-noite-racine\/"},"modified":"2026-02-08T10:05:52","modified_gmt":"2026-02-08T09:05:52","slug":"creme-dia-e-noite-racine","status":"publish","type":"product","link":"https:\/\/www.lraloeverashop.eu\/pt-pt\/produto\/creme-dia-e-noite-racine\/","title":{"rendered":"Creme Dia e Noite Racine"},"content":{"rendered":"<h2><span style=\"font-size: 16pt;\"><strong>Creme Dia e Noite Racine<\/strong><\/span><\/h2>\n<p><span style=\"font-size: 14pt;\"><strong>Creme de dia e noite Racine com coenzima Q10 e algas<\/strong><\/span><\/p>\n<p>O Creme de Dia e Noite Racine \u00e9 um cuidado b\u00e1sico eficaz para <a href=\"https:\/\/www.lraloeverashop.eu\/pt-pt\/produto\/aloe-vera-mascara-facial-de-hidratacao-imediata\/\">pele cansada e estressada<\/a>. O conjunto ir\u00e1 fornecer-lhe muita umidade e nova energia. Para uma tez fresca e vital! Mesmo antes do aparecimento das primeiras rugas, pode retardar o processo de envelhecimento da pele com o complexo de cuidado da coenzima Q10 e algas contidas nos cremes. A s\u00e9rie de cuidados ativa a sua pele e d\u00e1-lhe mais frescura e luminosidade.<\/p>\n<ul>\n<li>O <a href=\"https:\/\/www.lraloeverashop.eu\/pt-pt\/produto\/creme-de-dia-racine-q10\/\">creme de dia Racine Q10<\/a> d\u00e1 \u00e0 pele mais energia para uma prote\u00e7\u00e3o ideal e previne a forma\u00e7\u00e3o de rugas<\/li>\n<li>O <a href=\"https:\/\/www.lraloeverashop.eu\/pt-pt\/produto\/creme-de-noite-racine-q10\/\">creme de noite Racine Q10<\/a> regenera a sua pele enquanto dorme<\/li>\n<\/ul>\n<p>&nbsp;<\/p>\n<h3><strong><span style=\"font-size: 16pt;\">Como usar<\/span><\/strong><\/h3>\n<p>Ap\u00f3s a limpeza, aplique o creme de noite Racine todas as noites no rosto, pesco\u00e7o e decote.<br \/>\nAp\u00f3s a limpeza, aplique Racine Day Cream todas as manh\u00e3s no rosto, pesco\u00e7o e decote.<\/p>\n","protected":false},"excerpt":{"rendered":"<ul>\n<li>Ativa\u00e7\u00e3o de cuidados b\u00e1sicos para iniciantes<\/li>\n<li>Para uma tez fresca e vital<\/li>\n<li>Com coenzima Q10 e algas<\/li>\n<li>Previne o envelhecimento da pele<\/li>\n<li>Set composto por creme de dia e creme de noite<\/li>\n<\/ul>\n<p><span style=\"color: #ff0000;\"><a style=\"color: #ff0000;\" href=\"https:\/\/shop.lrworld.com\/openpao?PHP=0vFlt7jT938BEnBI3a6e9w%3D%3D\"><span style=\"font-size: 14pt;\"><strong>Registe-se aqui e poupe 35% em todos os pedidos<\/strong><\/span><\/a><\/span><\/p>\n","protected":false},"featured_media":9031,"comment_status":"open","ping_status":"closed","template":"","meta":{"_kad_blocks_custom_css":"","_kad_blocks_head_custom_js":"","_kad_blocks_body_custom_js":"","_kad_blocks_footer_custom_js":"","_kadence_starter_templates_imported_post":false,"_kad_post_transparent":"default","_kad_post_title":"","_kad_post_layout":"default","_kad_post_sidebar_id":"","_kad_post_content_style":"default","_kad_post_vertical_padding":"default","_kad_post_feature":"","_kad_post_feature_position":"","_kad_post_header":false,"_kad_post_footer":false,"_kad_post_classname":""},"product_brand":[],"product_cat":[269,287,330,354,383],"product_tag":[],"class_list":{"0":"post-9005","1":"product","2":"type-product","3":"status-publish","4":"has-post-thumbnail","6":"product_cat-cuidado-anti-idade","7":"product_cat-mulheres-ate-40","8":"product_cat-produtos-anti-idade","9":"product_cat-promocoes","10":"product_cat-racine-pt-pt","12":"first","13":"outofstock","14":"sale","15":"taxable","16":"shipping-taxable","17":"purchasable","18":"product-type-simple","19":"entry","20":"content-bg","21":"loop-entry"},"yoast_head":"<!-- This site is optimized with the Yoast SEO Premium plugin v27.3 (Yoast SEO v27.3) - https:\/\/yoast.com\/product\/yoast-seo-premium-wordpress\/ -->\n<title>Creme de dia e noite Racine com coenzima Q10 e algas<\/title>\n<meta name=\"description\" content=\"O Creme de Dia e Noite Racine \u00e9 um cuidado b\u00e1sico eficaz para pele cansada e estressada. O conjunto ir\u00e1 fornecer-lhe muita umidade e nova energia.\" \/>\n<meta name=\"robots\" content=\"index, follow, max-snippet:-1, max-image-preview:large, max-video-preview:-1\" \/>\n<link rel=\"canonical\" href=\"https:\/\/www.lraloeverashop.eu\/pt-pt\/produto\/creme-dia-e-noite-racine\/\" \/>\n<meta property=\"og:locale\" content=\"pt_PT\" \/>\n<meta property=\"og:type\" content=\"article\" \/>\n<meta property=\"og:title\" content=\"Creme Dia e Noite Racine\" \/>\n<meta property=\"og:description\" content=\"O Creme de Dia e Noite Racine \u00e9 um cuidado b\u00e1sico eficaz para pele cansada e estressada. O conjunto ir\u00e1 fornecer-lhe muita umidade e nova energia.\" \/>\n<meta property=\"og:url\" content=\"https:\/\/www.lraloeverashop.eu\/pt-pt\/produto\/creme-dia-e-noite-racine\/\" \/>\n<meta property=\"og:site_name\" content=\"Lr Loja Aloe Vera\" \/>\n<meta property=\"article:publisher\" content=\"https:\/\/www.facebook.com\/lraloeverashop.eu\" \/>\n<meta property=\"article:modified_time\" content=\"2026-02-08T09:05:52+00:00\" \/>\n<meta property=\"og:image\" content=\"https:\/\/www.lraloeverashop.eu\/wp-content\/uploads\/2022\/12\/Racine-Q10-Day-and-night-Set.jpg\" \/>\n\t<meta property=\"og:image:width\" content=\"1200\" \/>\n\t<meta property=\"og:image:height\" content=\"1200\" \/>\n\t<meta property=\"og:image:type\" content=\"image\/jpeg\" \/>\n<meta name=\"twitter:card\" content=\"summary_large_image\" \/>\n<meta name=\"twitter:site\" content=\"@natur__kosmetik\" \/>\n<script type=\"application\/ld+json\" class=\"yoast-schema-graph\">{\"@context\":\"https:\\\/\\\/schema.org\",\"@graph\":[{\"@type\":[\"WebPage\",\"ItemPage\"],\"@id\":\"https:\\\/\\\/www.lraloeverashop.eu\\\/pt-pt\\\/produto\\\/creme-dia-e-noite-racine\\\/\",\"url\":\"https:\\\/\\\/www.lraloeverashop.eu\\\/pt-pt\\\/produto\\\/creme-dia-e-noite-racine\\\/\",\"name\":\"Creme de dia e noite Racine com coenzima Q10 e algas\",\"isPartOf\":{\"@id\":\"https:\\\/\\\/www.lraloeverashop.eu\\\/pt-pt\\\/#website\"},\"primaryImageOfPage\":{\"@id\":\"https:\\\/\\\/www.lraloeverashop.eu\\\/pt-pt\\\/produto\\\/creme-dia-e-noite-racine\\\/#primaryimage\"},\"image\":{\"@id\":\"https:\\\/\\\/www.lraloeverashop.eu\\\/pt-pt\\\/produto\\\/creme-dia-e-noite-racine\\\/#primaryimage\"},\"thumbnailUrl\":\"https:\\\/\\\/www.lraloeverashop.eu\\\/wp-content\\\/uploads\\\/2022\\\/12\\\/Racine-Q10-Day-and-night-Set.jpg\",\"datePublished\":\"2022-10-17T15:02:41+00:00\",\"dateModified\":\"2026-02-08T09:05:52+00:00\",\"description\":\"O Creme de Dia e Noite Racine \u00e9 um cuidado b\u00e1sico eficaz para pele cansada e estressada. O conjunto ir\u00e1 fornecer-lhe muita umidade e nova energia.\",\"breadcrumb\":{\"@id\":\"https:\\\/\\\/www.lraloeverashop.eu\\\/pt-pt\\\/produto\\\/creme-dia-e-noite-racine\\\/#breadcrumb\"},\"inLanguage\":\"pt-PT\",\"potentialAction\":[{\"@type\":\"ReadAction\",\"target\":[\"https:\\\/\\\/www.lraloeverashop.eu\\\/pt-pt\\\/produto\\\/creme-dia-e-noite-racine\\\/\"]}]},{\"@type\":\"ImageObject\",\"inLanguage\":\"pt-PT\",\"@id\":\"https:\\\/\\\/www.lraloeverashop.eu\\\/pt-pt\\\/produto\\\/creme-dia-e-noite-racine\\\/#primaryimage\",\"url\":\"https:\\\/\\\/www.lraloeverashop.eu\\\/wp-content\\\/uploads\\\/2022\\\/12\\\/Racine-Q10-Day-and-night-Set.jpg\",\"contentUrl\":\"https:\\\/\\\/www.lraloeverashop.eu\\\/wp-content\\\/uploads\\\/2022\\\/12\\\/Racine-Q10-Day-and-night-Set.jpg\",\"width\":1200,\"height\":1200,\"caption\":\"Racine Q10 Creme dia e noite\"},{\"@type\":\"BreadcrumbList\",\"@id\":\"https:\\\/\\\/www.lraloeverashop.eu\\\/pt-pt\\\/produto\\\/creme-dia-e-noite-racine\\\/#breadcrumb\",\"itemListElement\":[{\"@type\":\"ListItem\",\"position\":1,\"name\":\"Home\",\"item\":\"https:\\\/\\\/www.lraloeverashop.eu\\\/pt-pt\\\/\"},{\"@type\":\"ListItem\",\"position\":2,\"name\":\"Loja\",\"item\":\"https:\\\/\\\/www.lraloeverashop.eu\\\/pt-pt\\\/loja\\\/\"},{\"@type\":\"ListItem\",\"position\":3,\"name\":\"Creme Dia e Noite Racine\"}]},{\"@type\":\"WebSite\",\"@id\":\"https:\\\/\\\/www.lraloeverashop.eu\\\/pt-pt\\\/#website\",\"url\":\"https:\\\/\\\/www.lraloeverashop.eu\\\/pt-pt\\\/\",\"name\":\"Lr Loja Aloe Vera\",\"description\":\"High Quality Lr Aloe Vera Gel, Aloe Vera Cream and Shampoo\",\"publisher\":{\"@id\":\"https:\\\/\\\/www.lraloeverashop.eu\\\/pt-pt\\\/#organization\"},\"potentialAction\":[{\"@type\":\"SearchAction\",\"target\":{\"@type\":\"EntryPoint\",\"urlTemplate\":\"https:\\\/\\\/www.lraloeverashop.eu\\\/pt-pt\\\/?s={search_term_string}\"},\"query-input\":{\"@type\":\"PropertyValueSpecification\",\"valueRequired\":true,\"valueName\":\"search_term_string\"}}],\"inLanguage\":\"pt-PT\"},{\"@type\":\"Organization\",\"@id\":\"https:\\\/\\\/www.lraloeverashop.eu\\\/pt-pt\\\/#organization\",\"name\":\"Lr Loja Aloe Vera\",\"alternateName\":\"LR\",\"url\":\"https:\\\/\\\/www.lraloeverashop.eu\\\/pt-pt\\\/\",\"logo\":{\"@type\":\"ImageObject\",\"inLanguage\":\"pt-PT\",\"@id\":\"https:\\\/\\\/www.lraloeverashop.eu\\\/pt-pt\\\/#\\\/schema\\\/logo\\\/image\\\/\",\"url\":\"https:\\\/\\\/www.lraloeverashop.eu\\\/wp-content\\\/uploads\\\/2022\\\/09\\\/cropped-Lr-Aloe-Vera-Shop.jpg\",\"contentUrl\":\"https:\\\/\\\/www.lraloeverashop.eu\\\/wp-content\\\/uploads\\\/2022\\\/09\\\/cropped-Lr-Aloe-Vera-Shop.jpg\",\"width\":228,\"height\":76,\"caption\":\"Lr Loja Aloe Vera\"},\"image\":{\"@id\":\"https:\\\/\\\/www.lraloeverashop.eu\\\/pt-pt\\\/#\\\/schema\\\/logo\\\/image\\\/\"},\"sameAs\":[\"https:\\\/\\\/www.facebook.com\\\/lraloeverashop.eu\",\"https:\\\/\\\/x.com\\\/natur__kosmetik\",\"https:\\\/\\\/www.youtube.com\\\/channel\\\/UC5oN7BJ8nfYb8RpVtjwDEBA\",\"https:\\\/\\\/www.instagram.com\\\/lrbeautyeu\\\/\"]}]}<\/script>\n<meta property=\"product:price:amount\" content=\"26.28\" \/>\n<meta property=\"product:price:currency\" content=\"EUR\" \/>\n<meta property=\"og:availability\" content=\"out of stock\" \/>\n<meta property=\"product:availability\" content=\"out of stock\" \/>\n<meta property=\"product:retailer_item_id\" content=\"28507-1PT\" \/>\n<meta property=\"product:condition\" content=\"new\" \/>\n<!-- \/ Yoast SEO Premium plugin. -->","yoast_head_json":{"title":"Creme de dia e noite Racine com coenzima Q10 e algas","description":"O Creme de Dia e Noite Racine \u00e9 um cuidado b\u00e1sico eficaz para pele cansada e estressada. O conjunto ir\u00e1 fornecer-lhe muita umidade e nova energia.","robots":{"index":"index","follow":"follow","max-snippet":"max-snippet:-1","max-image-preview":"max-image-preview:large","max-video-preview":"max-video-preview:-1"},"canonical":"https:\/\/www.lraloeverashop.eu\/pt-pt\/produto\/creme-dia-e-noite-racine\/","og_locale":"pt_PT","og_type":"article","og_title":"Creme Dia e Noite Racine","og_description":"O Creme de Dia e Noite Racine \u00e9 um cuidado b\u00e1sico eficaz para pele cansada e estressada. O conjunto ir\u00e1 fornecer-lhe muita umidade e nova energia.","og_url":"https:\/\/www.lraloeverashop.eu\/pt-pt\/produto\/creme-dia-e-noite-racine\/","og_site_name":"Lr Loja Aloe Vera","article_publisher":"https:\/\/www.facebook.com\/lraloeverashop.eu","article_modified_time":"2026-02-08T09:05:52+00:00","og_image":[{"width":1200,"height":1200,"url":"https:\/\/www.lraloeverashop.eu\/wp-content\/uploads\/2022\/12\/Racine-Q10-Day-and-night-Set.jpg","type":"image\/jpeg"}],"twitter_card":"summary_large_image","twitter_site":"@natur__kosmetik","schema":{"@context":"https:\/\/schema.org","@graph":[{"@type":["WebPage","ItemPage"],"@id":"https:\/\/www.lraloeverashop.eu\/pt-pt\/produto\/creme-dia-e-noite-racine\/","url":"https:\/\/www.lraloeverashop.eu\/pt-pt\/produto\/creme-dia-e-noite-racine\/","name":"Creme de dia e noite Racine com coenzima Q10 e algas","isPartOf":{"@id":"https:\/\/www.lraloeverashop.eu\/pt-pt\/#website"},"primaryImageOfPage":{"@id":"https:\/\/www.lraloeverashop.eu\/pt-pt\/produto\/creme-dia-e-noite-racine\/#primaryimage"},"image":{"@id":"https:\/\/www.lraloeverashop.eu\/pt-pt\/produto\/creme-dia-e-noite-racine\/#primaryimage"},"thumbnailUrl":"https:\/\/www.lraloeverashop.eu\/wp-content\/uploads\/2022\/12\/Racine-Q10-Day-and-night-Set.jpg","datePublished":"2022-10-17T15:02:41+00:00","dateModified":"2026-02-08T09:05:52+00:00","description":"O Creme de Dia e Noite Racine \u00e9 um cuidado b\u00e1sico eficaz para pele cansada e estressada. O conjunto ir\u00e1 fornecer-lhe muita umidade e nova energia.","breadcrumb":{"@id":"https:\/\/www.lraloeverashop.eu\/pt-pt\/produto\/creme-dia-e-noite-racine\/#breadcrumb"},"inLanguage":"pt-PT","potentialAction":[{"@type":"ReadAction","target":["https:\/\/www.lraloeverashop.eu\/pt-pt\/produto\/creme-dia-e-noite-racine\/"]}]},{"@type":"ImageObject","inLanguage":"pt-PT","@id":"https:\/\/www.lraloeverashop.eu\/pt-pt\/produto\/creme-dia-e-noite-racine\/#primaryimage","url":"https:\/\/www.lraloeverashop.eu\/wp-content\/uploads\/2022\/12\/Racine-Q10-Day-and-night-Set.jpg","contentUrl":"https:\/\/www.lraloeverashop.eu\/wp-content\/uploads\/2022\/12\/Racine-Q10-Day-and-night-Set.jpg","width":1200,"height":1200,"caption":"Racine Q10 Creme dia e noite"},{"@type":"BreadcrumbList","@id":"https:\/\/www.lraloeverashop.eu\/pt-pt\/produto\/creme-dia-e-noite-racine\/#breadcrumb","itemListElement":[{"@type":"ListItem","position":1,"name":"Home","item":"https:\/\/www.lraloeverashop.eu\/pt-pt\/"},{"@type":"ListItem","position":2,"name":"Loja","item":"https:\/\/www.lraloeverashop.eu\/pt-pt\/loja\/"},{"@type":"ListItem","position":3,"name":"Creme Dia e Noite Racine"}]},{"@type":"WebSite","@id":"https:\/\/www.lraloeverashop.eu\/pt-pt\/#website","url":"https:\/\/www.lraloeverashop.eu\/pt-pt\/","name":"Lr Loja Aloe Vera","description":"High Quality Lr Aloe Vera Gel, Aloe Vera Cream and Shampoo","publisher":{"@id":"https:\/\/www.lraloeverashop.eu\/pt-pt\/#organization"},"potentialAction":[{"@type":"SearchAction","target":{"@type":"EntryPoint","urlTemplate":"https:\/\/www.lraloeverashop.eu\/pt-pt\/?s={search_term_string}"},"query-input":{"@type":"PropertyValueSpecification","valueRequired":true,"valueName":"search_term_string"}}],"inLanguage":"pt-PT"},{"@type":"Organization","@id":"https:\/\/www.lraloeverashop.eu\/pt-pt\/#organization","name":"Lr Loja Aloe Vera","alternateName":"LR","url":"https:\/\/www.lraloeverashop.eu\/pt-pt\/","logo":{"@type":"ImageObject","inLanguage":"pt-PT","@id":"https:\/\/www.lraloeverashop.eu\/pt-pt\/#\/schema\/logo\/image\/","url":"https:\/\/www.lraloeverashop.eu\/wp-content\/uploads\/2022\/09\/cropped-Lr-Aloe-Vera-Shop.jpg","contentUrl":"https:\/\/www.lraloeverashop.eu\/wp-content\/uploads\/2022\/09\/cropped-Lr-Aloe-Vera-Shop.jpg","width":228,"height":76,"caption":"Lr Loja Aloe Vera"},"image":{"@id":"https:\/\/www.lraloeverashop.eu\/pt-pt\/#\/schema\/logo\/image\/"},"sameAs":["https:\/\/www.facebook.com\/lraloeverashop.eu","https:\/\/x.com\/natur__kosmetik","https:\/\/www.youtube.com\/channel\/UC5oN7BJ8nfYb8RpVtjwDEBA","https:\/\/www.instagram.com\/lrbeautyeu\/"]}]},"product_price_amount":"26.28","product_price_currency":"EUR","og_availability":"out of stock","product_availability":"out of stock","product_retailer_item_id":"28507-1PT","product_condition":"new"},"taxonomy_info":{"product_cat":[{"value":269,"label":"Cuidado Anti-idade"},{"value":287,"label":"Mulheres at\u00e9 40"},{"value":330,"label":"Produtos anti-idade"},{"value":354,"label":"Promo\u00e7\u00f5es"},{"value":383,"label":"Racine"}]},"featured_image_src_large":["https:\/\/www.lraloeverashop.eu\/wp-content\/uploads\/2022\/12\/Racine-Q10-Day-and-night-Set-1024x1024.jpg",1024,1024,true],"author_info":[],"comment_info":0,"_links":{"self":[{"href":"https:\/\/www.lraloeverashop.eu\/pt-pt\/wp-json\/wp\/v2\/product\/9005","targetHints":{"allow":["GET"]}}],"collection":[{"href":"https:\/\/www.lraloeverashop.eu\/pt-pt\/wp-json\/wp\/v2\/product"}],"about":[{"href":"https:\/\/www.lraloeverashop.eu\/pt-pt\/wp-json\/wp\/v2\/types\/product"}],"replies":[{"embeddable":true,"href":"https:\/\/www.lraloeverashop.eu\/pt-pt\/wp-json\/wp\/v2\/comments?post=9005"}],"wp:featuredmedia":[{"embeddable":true,"href":"https:\/\/www.lraloeverashop.eu\/pt-pt\/wp-json\/wp\/v2\/media\/9031"}],"wp:attachment":[{"href":"https:\/\/www.lraloeverashop.eu\/pt-pt\/wp-json\/wp\/v2\/media?parent=9005"}],"wp:term":[{"taxonomy":"product_brand","embeddable":true,"href":"https:\/\/www.lraloeverashop.eu\/pt-pt\/wp-json\/wp\/v2\/product_brand?post=9005"},{"taxonomy":"product_cat","embeddable":true,"href":"https:\/\/www.lraloeverashop.eu\/pt-pt\/wp-json\/wp\/v2\/product_cat?post=9005"},{"taxonomy":"product_tag","embeddable":true,"href":"https:\/\/www.lraloeverashop.eu\/pt-pt\/wp-json\/wp\/v2\/product_tag?post=9005"}],"curies":[{"name":"wp","href":"https:\/\/api.w.org\/{rel}","templated":true}]}}