{"id":8984,"date":"2022-10-17T18:22:59","date_gmt":"2022-10-17T16:22:59","guid":{"rendered":"https:\/\/www.lraloeverashop.eu\/product\/creme-de-dia-anti-idade-nanogold\/"},"modified":"2026-02-08T10:05:34","modified_gmt":"2026-02-08T09:05:34","slug":"creme-de-dia-anti-idade-nanogold","status":"publish","type":"product","link":"https:\/\/www.lraloeverashop.eu\/pt-pt\/produto\/creme-de-dia-anti-idade-nanogold\/","title":{"rendered":"Creme de dia anti idade Nanogold"},"content":{"rendered":"<h2><span style=\"font-size: 16pt;\"><strong>Creme de dia anti idade Nanogold<\/strong><\/span><\/h2>\n<p><span style=\"font-size: 14pt;\"><strong>Creme de dia anti idade Nanogold &#8211; Diga adeus \u00e0s rugas e desfrute de um novo visual.<\/strong><\/span><\/p>\n<p>A luxuosa textura do creme Silky aumenta a elasticidade e resili\u00eancia da pele e constr\u00f3i sua barreira de umidade. O \u00f3leo e as prote\u00ednas da semente de damasco, glicoprote\u00ednas e polissacar\u00eddeos da soja estimulam as fun\u00e7\u00f5es regenerativas da pele. Promovem a forma\u00e7\u00e3o de col\u00e1geno, o que melhora a resist\u00eancia da pele.<\/p>\n<p>Ao mesmo tempo, combate os sinais de envelhecimento da pele induzidos pelos raios UV e retarda o processo de envelhecimento da pele. Rugas e linhas finas s\u00e3o visivelmente reduzidas. Para uma <a href=\"https:\/\/www.lraloeverashop.eu\/pt-pt\/produto\/creme-de-dia-antirrugas-beauty-diamonds\/\">pele fortalecida<\/a> com uma tez uniforme e suave.<\/p>\n<p>O Creme de Dia Anti-Idade Nanogold com part\u00edculas de ouro e seda para a pele at\u00e9 aos 40 anos reduz visivelmente as rugas. Part\u00edculas de ouro baseadas em um refor\u00e7o de col\u00e1geno melhoram a elasticidade da pele. As prote\u00ednas da seda garantem uma sensa\u00e7\u00e3o de pele visivelmente macia e protegem a pele das influ\u00eancias ambientais.<\/p>\n<p>Agora reformulado com o inovador sistema de transporte de princ\u00edpios ativos e um princ\u00edpio ativo encapsulado especial que <a href=\"https:\/\/www.lraloeverashop.eu\/pt-pt\/produto\/creme-de-noite-anti-idade-nanogold\/\">reduz as linhas de express\u00e3o<\/a>.<\/p>\n<p>&nbsp;<\/p>\n<h3><strong><span style=\"font-size: 16pt;\">Como usar<\/span><\/strong><\/h3>\n<p>O Creme Anti-Idade Nanogold deve ser aplicado generosamente todas as manh\u00e3s ap\u00f3s a limpeza do rosto e massajado suavemente na pele.<\/p>\n<p><strong>Para m\u00e1xima efic\u00e1cia em combina\u00e7\u00e3o com o Zeitgard Pro Kit Anti Rugas.:<\/strong><\/p>\n<p><strong>PASSO 1:<\/strong> Limpe a pele do rosto com \u00e1gua ou use o <a href=\"https:\/\/www.lraloeverashop.eu\/pt-pt\/produto\/zeitgard-pro-set-de-limpeza-facial\/\">Kit Limpeza Facial Zeitgard Pro<\/a> ou o Zeitgard Pro Acess\u00f3rio De Esfolia\u00e7\u00e3o.<\/p>\n<p><strong>PASSO 2:<\/strong> Aplique o seu Creme de dia antirrugas Nanogold e massageie com as m\u00e3os ou usando a <a href=\"https:\/\/www.lraloeverashop.eu\/pt-pt\/produto\/zeitgard-pro-kit-anti-rugas\/\">Zeitgard Pro Kit Anti Rugas<\/a>. Trate os lados esquerdo e direito do rosto e a testa por 30 segundos cada. Preste aten\u00e7\u00e3o aos movimentos circulares de dentro para fora e de baixo para cima.<\/p>\n","protected":false},"excerpt":{"rendered":"<ul>\n<li>Luxuoso creme antirrugas<\/li>\n<li>Protege as fibras de col\u00e1geno<\/li>\n<li>O \u00f3leo de semente de damasco e as prote\u00ednas da soja estimulam a regenera\u00e7\u00e3o da pele<\/li>\n<li>Para obter o melhor resultado, use com o Zeitgard Pro Kit Anti Rugas<\/li>\n<li>Conte\u00fado: 50 ml<\/li>\n<\/ul>\n<p><span style=\"color: #ff0000;\"><a style=\"color: #ff0000;\" href=\"https:\/\/shop.lrworld.com\/openpao?PHP=0vFlt7jT938BEnBI3a6e9w%3D%3D\"><span style=\"font-size: 14pt;\"><strong>Registe-se aqui e poupe 35% em todos os pedidos<\/strong><\/span><\/a><\/span><\/p>\n","protected":false},"featured_media":5943,"comment_status":"open","ping_status":"closed","template":"","meta":{"_kad_blocks_custom_css":"","_kad_blocks_head_custom_js":"","_kad_blocks_body_custom_js":"","_kad_blocks_footer_custom_js":"","_kadence_starter_templates_imported_post":false,"_kad_post_transparent":"default","_kad_post_title":"","_kad_post_layout":"default","_kad_post_sidebar_id":"","_kad_post_content_style":"default","_kad_post_vertical_padding":"default","_kad_post_feature":"","_kad_post_feature_position":"","_kad_post_header":false,"_kad_post_footer":false,"_kad_post_classname":""},"product_brand":[],"product_cat":[269,287,371,330],"product_tag":[704],"class_list":{"0":"post-8984","1":"product","2":"type-product","3":"status-publish","4":"has-post-thumbnail","6":"product_cat-cuidado-anti-idade","7":"product_cat-mulheres-ate-40","8":"product_cat-nano-gold-pt-pt","9":"product_cat-produtos-anti-idade","10":"product_tag-para-rugas-no-rosto","12":"first","13":"instock","14":"taxable","15":"shipping-taxable","16":"purchasable","17":"product-type-simple","18":"entry","19":"content-bg","20":"loop-entry"},"yoast_head":"<!-- This site is optimized with the Yoast SEO Premium plugin v27.3 (Yoast SEO v27.3) - https:\/\/yoast.com\/product\/yoast-seo-premium-wordpress\/ -->\n<title>Creme de dia anti idade Nanogold - Diga adeus \u00e0s rugas.<\/title>\n<meta name=\"description\" content=\"Creme de dia anti idade Nanogold com o \u00f3leo de semente de damasco e prote\u00ednas da soja. Luxuoso creme antirrugas para mulheres a partir dos 30 anos.\" \/>\n<meta name=\"robots\" content=\"index, follow, max-snippet:-1, max-image-preview:large, max-video-preview:-1\" \/>\n<link rel=\"canonical\" href=\"https:\/\/www.lraloeverashop.eu\/pt-pt\/produto\/creme-de-dia-anti-idade-nanogold\/\" \/>\n<meta property=\"og:locale\" content=\"pt_PT\" \/>\n<meta property=\"og:type\" content=\"article\" \/>\n<meta property=\"og:title\" content=\"Creme de dia anti idade Nanogold\" \/>\n<meta property=\"og:description\" content=\"Creme de dia anti idade Nanogold com o \u00f3leo de semente de damasco e prote\u00ednas da soja. Luxuoso creme antirrugas para mulheres a partir dos 30 anos.\" \/>\n<meta property=\"og:url\" content=\"https:\/\/www.lraloeverashop.eu\/pt-pt\/produto\/creme-de-dia-anti-idade-nanogold\/\" \/>\n<meta property=\"og:site_name\" content=\"Lr Loja Aloe Vera\" \/>\n<meta property=\"article:publisher\" content=\"https:\/\/www.facebook.com\/lraloeverashop.eu\" \/>\n<meta property=\"article:modified_time\" content=\"2026-02-08T09:05:34+00:00\" \/>\n<meta property=\"og:image\" content=\"https:\/\/www.lraloeverashop.eu\/wp-content\/uploads\/2022\/10\/Nano-Gold-Day-Cream.jpg\" \/>\n\t<meta property=\"og:image:width\" content=\"1200\" \/>\n\t<meta property=\"og:image:height\" content=\"1200\" \/>\n\t<meta property=\"og:image:type\" content=\"image\/jpeg\" \/>\n<meta name=\"twitter:card\" content=\"summary_large_image\" \/>\n<meta name=\"twitter:site\" content=\"@natur__kosmetik\" \/>\n<script type=\"application\/ld+json\" class=\"yoast-schema-graph\">{\"@context\":\"https:\\\/\\\/schema.org\",\"@graph\":[{\"@type\":[\"WebPage\",\"ItemPage\"],\"@id\":\"https:\\\/\\\/www.lraloeverashop.eu\\\/pt-pt\\\/produto\\\/creme-de-dia-anti-idade-nanogold\\\/\",\"url\":\"https:\\\/\\\/www.lraloeverashop.eu\\\/pt-pt\\\/produto\\\/creme-de-dia-anti-idade-nanogold\\\/\",\"name\":\"Creme de dia anti idade Nanogold - Diga adeus \u00e0s rugas.\",\"isPartOf\":{\"@id\":\"https:\\\/\\\/www.lraloeverashop.eu\\\/pt-pt\\\/#website\"},\"primaryImageOfPage\":{\"@id\":\"https:\\\/\\\/www.lraloeverashop.eu\\\/pt-pt\\\/produto\\\/creme-de-dia-anti-idade-nanogold\\\/#primaryimage\"},\"image\":{\"@id\":\"https:\\\/\\\/www.lraloeverashop.eu\\\/pt-pt\\\/produto\\\/creme-de-dia-anti-idade-nanogold\\\/#primaryimage\"},\"thumbnailUrl\":\"https:\\\/\\\/www.lraloeverashop.eu\\\/wp-content\\\/uploads\\\/2022\\\/10\\\/Nano-Gold-Day-Cream.jpg\",\"datePublished\":\"2022-10-17T16:22:59+00:00\",\"dateModified\":\"2026-02-08T09:05:34+00:00\",\"description\":\"Creme de dia anti idade Nanogold com o \u00f3leo de semente de damasco e prote\u00ednas da soja. Luxuoso creme antirrugas para mulheres a partir dos 30 anos.\",\"breadcrumb\":{\"@id\":\"https:\\\/\\\/www.lraloeverashop.eu\\\/pt-pt\\\/produto\\\/creme-de-dia-anti-idade-nanogold\\\/#breadcrumb\"},\"inLanguage\":\"pt-PT\",\"potentialAction\":[{\"@type\":\"ReadAction\",\"target\":[\"https:\\\/\\\/www.lraloeverashop.eu\\\/pt-pt\\\/produto\\\/creme-de-dia-anti-idade-nanogold\\\/\"]}]},{\"@type\":\"ImageObject\",\"inLanguage\":\"pt-PT\",\"@id\":\"https:\\\/\\\/www.lraloeverashop.eu\\\/pt-pt\\\/produto\\\/creme-de-dia-anti-idade-nanogold\\\/#primaryimage\",\"url\":\"https:\\\/\\\/www.lraloeverashop.eu\\\/wp-content\\\/uploads\\\/2022\\\/10\\\/Nano-Gold-Day-Cream.jpg\",\"contentUrl\":\"https:\\\/\\\/www.lraloeverashop.eu\\\/wp-content\\\/uploads\\\/2022\\\/10\\\/Nano-Gold-Day-Cream.jpg\",\"width\":1200,\"height\":1200,\"caption\":\"Nano Gold creme de dia anti-idade\"},{\"@type\":\"BreadcrumbList\",\"@id\":\"https:\\\/\\\/www.lraloeverashop.eu\\\/pt-pt\\\/produto\\\/creme-de-dia-anti-idade-nanogold\\\/#breadcrumb\",\"itemListElement\":[{\"@type\":\"ListItem\",\"position\":1,\"name\":\"Home\",\"item\":\"https:\\\/\\\/www.lraloeverashop.eu\\\/pt-pt\\\/\"},{\"@type\":\"ListItem\",\"position\":2,\"name\":\"Loja\",\"item\":\"https:\\\/\\\/www.lraloeverashop.eu\\\/pt-pt\\\/loja\\\/\"},{\"@type\":\"ListItem\",\"position\":3,\"name\":\"Creme de dia anti idade Nanogold\"}]},{\"@type\":\"WebSite\",\"@id\":\"https:\\\/\\\/www.lraloeverashop.eu\\\/pt-pt\\\/#website\",\"url\":\"https:\\\/\\\/www.lraloeverashop.eu\\\/pt-pt\\\/\",\"name\":\"Lr Loja Aloe Vera\",\"description\":\"High Quality Lr Aloe Vera Gel, Aloe Vera Cream and Shampoo\",\"publisher\":{\"@id\":\"https:\\\/\\\/www.lraloeverashop.eu\\\/pt-pt\\\/#organization\"},\"potentialAction\":[{\"@type\":\"SearchAction\",\"target\":{\"@type\":\"EntryPoint\",\"urlTemplate\":\"https:\\\/\\\/www.lraloeverashop.eu\\\/pt-pt\\\/?s={search_term_string}\"},\"query-input\":{\"@type\":\"PropertyValueSpecification\",\"valueRequired\":true,\"valueName\":\"search_term_string\"}}],\"inLanguage\":\"pt-PT\"},{\"@type\":\"Organization\",\"@id\":\"https:\\\/\\\/www.lraloeverashop.eu\\\/pt-pt\\\/#organization\",\"name\":\"Lr Loja Aloe Vera\",\"alternateName\":\"LR\",\"url\":\"https:\\\/\\\/www.lraloeverashop.eu\\\/pt-pt\\\/\",\"logo\":{\"@type\":\"ImageObject\",\"inLanguage\":\"pt-PT\",\"@id\":\"https:\\\/\\\/www.lraloeverashop.eu\\\/pt-pt\\\/#\\\/schema\\\/logo\\\/image\\\/\",\"url\":\"https:\\\/\\\/www.lraloeverashop.eu\\\/wp-content\\\/uploads\\\/2022\\\/09\\\/cropped-Lr-Aloe-Vera-Shop.jpg\",\"contentUrl\":\"https:\\\/\\\/www.lraloeverashop.eu\\\/wp-content\\\/uploads\\\/2022\\\/09\\\/cropped-Lr-Aloe-Vera-Shop.jpg\",\"width\":228,\"height\":76,\"caption\":\"Lr Loja Aloe Vera\"},\"image\":{\"@id\":\"https:\\\/\\\/www.lraloeverashop.eu\\\/pt-pt\\\/#\\\/schema\\\/logo\\\/image\\\/\"},\"sameAs\":[\"https:\\\/\\\/www.facebook.com\\\/lraloeverashop.eu\",\"https:\\\/\\\/x.com\\\/natur__kosmetik\",\"https:\\\/\\\/www.youtube.com\\\/channel\\\/UC5oN7BJ8nfYb8RpVtjwDEBA\",\"https:\\\/\\\/www.instagram.com\\\/lrbeautyeu\\\/\"]}]}<\/script>\n<meta property=\"product:price:amount\" content=\"42.99\" \/>\n<meta property=\"product:price:currency\" content=\"EUR\" \/>\n<meta property=\"og:availability\" content=\"instock\" \/>\n<meta property=\"product:availability\" content=\"instock\" \/>\n<meta property=\"product:retailer_item_id\" content=\"28192-1PT\" \/>\n<meta property=\"product:condition\" content=\"new\" \/>\n<!-- \/ Yoast SEO Premium plugin. -->","yoast_head_json":{"title":"Creme de dia anti idade Nanogold - Diga adeus \u00e0s rugas.","description":"Creme de dia anti idade Nanogold com o \u00f3leo de semente de damasco e prote\u00ednas da soja. Luxuoso creme antirrugas para mulheres a partir dos 30 anos.","robots":{"index":"index","follow":"follow","max-snippet":"max-snippet:-1","max-image-preview":"max-image-preview:large","max-video-preview":"max-video-preview:-1"},"canonical":"https:\/\/www.lraloeverashop.eu\/pt-pt\/produto\/creme-de-dia-anti-idade-nanogold\/","og_locale":"pt_PT","og_type":"article","og_title":"Creme de dia anti idade Nanogold","og_description":"Creme de dia anti idade Nanogold com o \u00f3leo de semente de damasco e prote\u00ednas da soja. Luxuoso creme antirrugas para mulheres a partir dos 30 anos.","og_url":"https:\/\/www.lraloeverashop.eu\/pt-pt\/produto\/creme-de-dia-anti-idade-nanogold\/","og_site_name":"Lr Loja Aloe Vera","article_publisher":"https:\/\/www.facebook.com\/lraloeverashop.eu","article_modified_time":"2026-02-08T09:05:34+00:00","og_image":[{"width":1200,"height":1200,"url":"https:\/\/www.lraloeverashop.eu\/wp-content\/uploads\/2022\/10\/Nano-Gold-Day-Cream.jpg","type":"image\/jpeg"}],"twitter_card":"summary_large_image","twitter_site":"@natur__kosmetik","schema":{"@context":"https:\/\/schema.org","@graph":[{"@type":["WebPage","ItemPage"],"@id":"https:\/\/www.lraloeverashop.eu\/pt-pt\/produto\/creme-de-dia-anti-idade-nanogold\/","url":"https:\/\/www.lraloeverashop.eu\/pt-pt\/produto\/creme-de-dia-anti-idade-nanogold\/","name":"Creme de dia anti idade Nanogold - Diga adeus \u00e0s rugas.","isPartOf":{"@id":"https:\/\/www.lraloeverashop.eu\/pt-pt\/#website"},"primaryImageOfPage":{"@id":"https:\/\/www.lraloeverashop.eu\/pt-pt\/produto\/creme-de-dia-anti-idade-nanogold\/#primaryimage"},"image":{"@id":"https:\/\/www.lraloeverashop.eu\/pt-pt\/produto\/creme-de-dia-anti-idade-nanogold\/#primaryimage"},"thumbnailUrl":"https:\/\/www.lraloeverashop.eu\/wp-content\/uploads\/2022\/10\/Nano-Gold-Day-Cream.jpg","datePublished":"2022-10-17T16:22:59+00:00","dateModified":"2026-02-08T09:05:34+00:00","description":"Creme de dia anti idade Nanogold com o \u00f3leo de semente de damasco e prote\u00ednas da soja. Luxuoso creme antirrugas para mulheres a partir dos 30 anos.","breadcrumb":{"@id":"https:\/\/www.lraloeverashop.eu\/pt-pt\/produto\/creme-de-dia-anti-idade-nanogold\/#breadcrumb"},"inLanguage":"pt-PT","potentialAction":[{"@type":"ReadAction","target":["https:\/\/www.lraloeverashop.eu\/pt-pt\/produto\/creme-de-dia-anti-idade-nanogold\/"]}]},{"@type":"ImageObject","inLanguage":"pt-PT","@id":"https:\/\/www.lraloeverashop.eu\/pt-pt\/produto\/creme-de-dia-anti-idade-nanogold\/#primaryimage","url":"https:\/\/www.lraloeverashop.eu\/wp-content\/uploads\/2022\/10\/Nano-Gold-Day-Cream.jpg","contentUrl":"https:\/\/www.lraloeverashop.eu\/wp-content\/uploads\/2022\/10\/Nano-Gold-Day-Cream.jpg","width":1200,"height":1200,"caption":"Nano Gold creme de dia anti-idade"},{"@type":"BreadcrumbList","@id":"https:\/\/www.lraloeverashop.eu\/pt-pt\/produto\/creme-de-dia-anti-idade-nanogold\/#breadcrumb","itemListElement":[{"@type":"ListItem","position":1,"name":"Home","item":"https:\/\/www.lraloeverashop.eu\/pt-pt\/"},{"@type":"ListItem","position":2,"name":"Loja","item":"https:\/\/www.lraloeverashop.eu\/pt-pt\/loja\/"},{"@type":"ListItem","position":3,"name":"Creme de dia anti idade Nanogold"}]},{"@type":"WebSite","@id":"https:\/\/www.lraloeverashop.eu\/pt-pt\/#website","url":"https:\/\/www.lraloeverashop.eu\/pt-pt\/","name":"Lr Loja Aloe Vera","description":"High Quality Lr Aloe Vera Gel, Aloe Vera Cream and Shampoo","publisher":{"@id":"https:\/\/www.lraloeverashop.eu\/pt-pt\/#organization"},"potentialAction":[{"@type":"SearchAction","target":{"@type":"EntryPoint","urlTemplate":"https:\/\/www.lraloeverashop.eu\/pt-pt\/?s={search_term_string}"},"query-input":{"@type":"PropertyValueSpecification","valueRequired":true,"valueName":"search_term_string"}}],"inLanguage":"pt-PT"},{"@type":"Organization","@id":"https:\/\/www.lraloeverashop.eu\/pt-pt\/#organization","name":"Lr Loja Aloe Vera","alternateName":"LR","url":"https:\/\/www.lraloeverashop.eu\/pt-pt\/","logo":{"@type":"ImageObject","inLanguage":"pt-PT","@id":"https:\/\/www.lraloeverashop.eu\/pt-pt\/#\/schema\/logo\/image\/","url":"https:\/\/www.lraloeverashop.eu\/wp-content\/uploads\/2022\/09\/cropped-Lr-Aloe-Vera-Shop.jpg","contentUrl":"https:\/\/www.lraloeverashop.eu\/wp-content\/uploads\/2022\/09\/cropped-Lr-Aloe-Vera-Shop.jpg","width":228,"height":76,"caption":"Lr Loja Aloe Vera"},"image":{"@id":"https:\/\/www.lraloeverashop.eu\/pt-pt\/#\/schema\/logo\/image\/"},"sameAs":["https:\/\/www.facebook.com\/lraloeverashop.eu","https:\/\/x.com\/natur__kosmetik","https:\/\/www.youtube.com\/channel\/UC5oN7BJ8nfYb8RpVtjwDEBA","https:\/\/www.instagram.com\/lrbeautyeu\/"]}]},"product_price_amount":"42.99","product_price_currency":"EUR","og_availability":"instock","product_availability":"instock","product_retailer_item_id":"28192-1PT","product_condition":"new"},"taxonomy_info":{"product_cat":[{"value":269,"label":"Cuidado Anti-idade"},{"value":287,"label":"Mulheres at\u00e9 40"},{"value":371,"label":"Nano Gold"},{"value":330,"label":"Produtos anti-idade"}],"product_tag":[{"value":704,"label":"para rugas no rosto"}]},"featured_image_src_large":["https:\/\/www.lraloeverashop.eu\/wp-content\/uploads\/2022\/10\/Nano-Gold-Day-Cream-1024x1024.jpg",1024,1024,true],"author_info":[],"comment_info":0,"_links":{"self":[{"href":"https:\/\/www.lraloeverashop.eu\/pt-pt\/wp-json\/wp\/v2\/product\/8984","targetHints":{"allow":["GET"]}}],"collection":[{"href":"https:\/\/www.lraloeverashop.eu\/pt-pt\/wp-json\/wp\/v2\/product"}],"about":[{"href":"https:\/\/www.lraloeverashop.eu\/pt-pt\/wp-json\/wp\/v2\/types\/product"}],"replies":[{"embeddable":true,"href":"https:\/\/www.lraloeverashop.eu\/pt-pt\/wp-json\/wp\/v2\/comments?post=8984"}],"wp:featuredmedia":[{"embeddable":true,"href":"https:\/\/www.lraloeverashop.eu\/pt-pt\/wp-json\/wp\/v2\/media\/5943"}],"wp:attachment":[{"href":"https:\/\/www.lraloeverashop.eu\/pt-pt\/wp-json\/wp\/v2\/media?parent=8984"}],"wp:term":[{"taxonomy":"product_brand","embeddable":true,"href":"https:\/\/www.lraloeverashop.eu\/pt-pt\/wp-json\/wp\/v2\/product_brand?post=8984"},{"taxonomy":"product_cat","embeddable":true,"href":"https:\/\/www.lraloeverashop.eu\/pt-pt\/wp-json\/wp\/v2\/product_cat?post=8984"},{"taxonomy":"product_tag","embeddable":true,"href":"https:\/\/www.lraloeverashop.eu\/pt-pt\/wp-json\/wp\/v2\/product_tag?post=8984"}],"curies":[{"name":"wp","href":"https:\/\/api.w.org\/{rel}","templated":true}]}}