{"id":8884,"date":"2022-10-19T20:05:25","date_gmt":"2022-10-19T18:05:25","guid":{"rendered":"https:\/\/www.lraloeverashop.eu\/product\/aperfeicoador-de-pele-instantaneo-serox\/"},"modified":"2026-02-08T10:04:03","modified_gmt":"2026-02-08T09:04:03","slug":"aperfeicoador-de-pele-instantaneo-serox","status":"publish","type":"product","link":"https:\/\/www.lraloeverashop.eu\/pt-pt\/produto\/aperfeicoador-de-pele-instantaneo-serox\/","title":{"rendered":"Aperfei\u00e7oador de pele instant\u00e2neo Serox"},"content":{"rendered":"<h2><span style=\"font-size: 16pt;\"><strong>Aperfei\u00e7oador da pele instant\u00e2neo Serox<\/strong><\/span><\/h2>\n<p><span style=\"font-size: 14pt;\"><strong>Aperfei\u00e7oador da pele instant\u00e2neo Serox para Rejuvenescimento \u00f3ptico da tez em segundos!<\/strong><\/span><\/p>\n<p>Para as mulheres, para quem a idade \u00e9 um assunto menor, mas a boa apar\u00eancia n\u00e3o.<br \/>\nPara quem deseja um cuidado com a pele no dia a dia, que garante em segundos uma apar\u00eancia perfeita da pele e faz desaparecer pequenas rugas e incha\u00e7os.<\/p>\n<p>Uma pele impec\u00e1vel, com poucas rugas e lindamente esticada, s\u00e3o sinais de <a href=\"https:\/\/www.lraloeverashop.eu\/pt-pt\/produto\/aloe-vera-mascara-facial-de-hidratacao-imediata\/\">apar\u00eancia jovem<\/a>, que queremos preservar ou restaurar.<\/p>\n<p>A apar\u00eancia da pele muda com a idade, as irregularidades da pele aumentam e os poros tornam-se maiores. Al\u00e9m disso, a pele perde cada vez mais elasticidade e firmeza. Para neutralizar os sinais de envelhecimento da pele, o Aperfei\u00e7oador de pele instant\u00e2neo \u00e9 o companheiro ideal para o <a href=\"https:\/\/www.lraloeverashop.eu\/pt-pt\/produto\/aloe-vera-esfoliante-facial-aperfeicoador\/\">cuidado di\u00e1rio<\/a> do rosto.<\/p>\n<p>A tecnologia de efeito com duplo efeito antienvelhecimento impressiona com perfei\u00e7\u00e3o imediata \u2013 um rejuvenescimento visual da pele em segundos! A f\u00f3rmula aperfei\u00e7oadora de lamina\u00e7\u00e3o, aveludada e macia, com pigmentos de cores sutis, deixa a pele transformada.<\/p>\n<p>Poros, incha\u00e7os e rugas s\u00e3o minimizados e a pele brilhante emaranhada. Por outro lado, atrav\u00e9s da perfei\u00e7\u00e3o sustent\u00e1vel \u2013 uma <a href=\"https:\/\/www.lraloeverashop.eu\/pt-pt\/produto\/aloe-vera-creme-de-olhos-aperfeicoador\/\">regenera\u00e7\u00e3o<\/a> da estrutura da pele dia ap\u00f3s dia!<\/p>\n<p>Isso \u00e9 obtido por meio dos ingredientes ativos antienvelhecimento de a\u00e7\u00e3o profunda Gatuline\u00ae In-Tense e Ultra Filling SpheresTM. Eles fortalecem de forma sustent\u00e1vel a firmeza e a elasticidade da pele, tornando-a mais suave e flex\u00edvel, com apar\u00eancia mais firme.<\/p>\n<p>Para apoiar o efeito antiaging, recomenda-se o seguinte ritual de cuidados: Comece com o S\u00e9rum Facial Anti-Rugas Serox, depois o <a href=\"https:\/\/www.lraloeverashop.eu\/pt-pt\/produto\/creme-antienvelhecimento-platinum\/\">Creme anti-idade<\/a>\u00a0 e finalize com o Aperfei\u00e7oador de pele instant\u00e2neo Serox.<\/p>\n<p>&nbsp;<\/p>\n<h3><span style=\"font-size: 16pt;\"><strong>Como usar<\/strong><\/span><\/h3>\n<p>Aperfei\u00e7oador da pele instant\u00e2neo Serox pode ser usado a qualquer hora do dia. Aplique o seu creme de dia habitual e depois aplique uma noz Aperfei\u00e7oador distribuindo bem por todo o rosto. Aguarde alguns segundos antes de continuar com a maquiagem.<\/p>\n<p>&nbsp;<\/p>\n<h4><span style=\"font-size: 16pt;\"><strong>Voc\u00ea sabia?<\/strong><\/span><\/h4>\n<p><strong>Gatuline\u00ae In-Tense<\/strong><br \/>\nEste \u00e9 um extrato oleoso concentrado da planta Spilanthes Acmella, tamb\u00e9m chamada de Paracress.<br \/>\nGatuline\u00ae In-Tense atua estimulando os fibroblastos (c\u00e9lulas do tecido conjuntivo), reorganizando a estrutura e a densidade da camada d\u00e9rmica. A densidade e a firmeza da pele s\u00e3o aumentadas e fazem com que a pele brilhe uniformemente.<\/p>\n<p><strong>Esferas de Ultra Preenchimento<\/strong><br \/>\nEsta tecnologia faz uso da capacidade de esferas desidratadas e reticuladas (constitu\u00eddas por biopol\u00edmeros), que penetram na camada superior da pele (epiderme) para absorver a \u00e1gua que evapora da camada subjacente da pele (derme). O volume das bolinhas aumenta e assim a pele fica mais firme, alisada e hidratada.<\/p>\n","protected":false},"excerpt":{"rendered":"<ul>\n<li>Tecnologia inovadora com duplo efeito antienvelhecimento<\/li>\n<li>Perfei\u00e7\u00e3o sustent\u00e1vel da estrutura da pele<\/li>\n<li>Adequado em combina\u00e7\u00e3o com maquiagem<\/li>\n<li>Perfei\u00e7\u00e3o imediata da pele<\/li>\n<li>Cuidado antienvelhecimento de uso di\u00e1rio<\/li>\n<li>Ingredientes de alta qualidade<\/li>\n<li>Quantidade: 30ml<\/li>\n<\/ul>\n<p><span style=\"color: #ff0000;\"><a style=\"color: #ff0000;\" href=\"https:\/\/shop.lrworld.com\/openpao?PHP=0vFlt7jT938BEnBI3a6e9w%3D%3D\"><span style=\"font-size: 14pt;\"><strong>Registe-se aqui e poupe 35% em todos os pedidos<\/strong><\/span><\/a><\/span><\/p>\n","protected":false},"featured_media":5859,"comment_status":"open","ping_status":"closed","template":"","meta":{"_kad_blocks_custom_css":"","_kad_blocks_head_custom_js":"","_kad_blocks_body_custom_js":"","_kad_blocks_footer_custom_js":"","_kadence_starter_templates_imported_post":false,"_kad_post_transparent":"default","_kad_post_title":"","_kad_post_layout":"default","_kad_post_sidebar_id":"","_kad_post_content_style":"default","_kad_post_vertical_padding":"default","_kad_post_feature":"","_kad_post_feature_position":"","_kad_post_header":false,"_kad_post_footer":false,"_kad_post_classname":""},"product_brand":[],"product_cat":[269,281,287,330,389],"product_tag":[704],"class_list":{"0":"post-8884","1":"product","2":"type-product","3":"status-publish","4":"has-post-thumbnail","6":"product_cat-cuidado-anti-idade","7":"product_cat-mulheres-acima-de-40","8":"product_cat-mulheres-ate-40","9":"product_cat-produtos-anti-idade","10":"product_cat-serox-pt-pt","11":"product_tag-para-rugas-no-rosto","13":"first","14":"instock","15":"taxable","16":"shipping-taxable","17":"purchasable","18":"product-type-simple","19":"entry","20":"content-bg","21":"loop-entry"},"yoast_head":"<!-- This site is optimized with the Yoast SEO Premium plugin v27.5 (Yoast SEO v27.5) - https:\/\/yoast.com\/product\/yoast-seo-premium-wordpress\/ -->\n<title>Aperfei\u00e7oador da pele instant\u00e2neo Serox para Rejuvenescimento<\/title>\n<meta name=\"description\" content=\"Aperfei\u00e7oador da pele instant\u00e2neo Serox com a tecnologia inovadora com duplo efeito antienvelhecimento para Perfei\u00e7\u00e3o imediata da pele. Alta qualidade.\" \/>\n<meta name=\"robots\" content=\"index, follow, max-snippet:-1, max-image-preview:large, max-video-preview:-1\" \/>\n<link rel=\"canonical\" href=\"https:\/\/www.lraloeverashop.eu\/pt-pt\/produto\/aperfeicoador-de-pele-instantaneo-serox\/\" \/>\n<meta property=\"og:locale\" content=\"pt_PT\" \/>\n<meta property=\"og:type\" content=\"article\" \/>\n<meta property=\"og:title\" content=\"Aperfei\u00e7oador de pele instant\u00e2neo Serox\" \/>\n<meta property=\"og:description\" content=\"Aperfei\u00e7oador da pele instant\u00e2neo Serox com a tecnologia inovadora com duplo efeito antienvelhecimento para Perfei\u00e7\u00e3o imediata da pele. Alta qualidade.\" \/>\n<meta property=\"og:url\" content=\"https:\/\/www.lraloeverashop.eu\/pt-pt\/produto\/aperfeicoador-de-pele-instantaneo-serox\/\" \/>\n<meta property=\"og:site_name\" content=\"Lr Loja Aloe Vera\" \/>\n<meta property=\"article:publisher\" content=\"https:\/\/www.facebook.com\/lraloeverashop.eu\" \/>\n<meta property=\"article:modified_time\" content=\"2026-02-08T09:04:03+00:00\" \/>\n<meta property=\"og:image\" content=\"https:\/\/www.lraloeverashop.eu\/wp-content\/uploads\/2022\/10\/Serox-Instant-Skin-Perfector.jpg\" \/>\n\t<meta property=\"og:image:width\" content=\"1200\" \/>\n\t<meta property=\"og:image:height\" content=\"1200\" \/>\n\t<meta property=\"og:image:type\" content=\"image\/jpeg\" \/>\n<meta name=\"twitter:card\" content=\"summary_large_image\" \/>\n<meta name=\"twitter:site\" content=\"@natur__kosmetik\" \/>\n<script type=\"application\/ld+json\" class=\"yoast-schema-graph\">{\"@context\":\"https:\\\/\\\/schema.org\",\"@graph\":[{\"@type\":[\"WebPage\",\"ItemPage\"],\"@id\":\"https:\\\/\\\/www.lraloeverashop.eu\\\/pt-pt\\\/produto\\\/aperfeicoador-de-pele-instantaneo-serox\\\/\",\"url\":\"https:\\\/\\\/www.lraloeverashop.eu\\\/pt-pt\\\/produto\\\/aperfeicoador-de-pele-instantaneo-serox\\\/\",\"name\":\"Aperfei\u00e7oador da pele instant\u00e2neo Serox para Rejuvenescimento\",\"isPartOf\":{\"@id\":\"https:\\\/\\\/www.lraloeverashop.eu\\\/pt-pt\\\/#website\"},\"primaryImageOfPage\":{\"@id\":\"https:\\\/\\\/www.lraloeverashop.eu\\\/pt-pt\\\/produto\\\/aperfeicoador-de-pele-instantaneo-serox\\\/#primaryimage\"},\"image\":{\"@id\":\"https:\\\/\\\/www.lraloeverashop.eu\\\/pt-pt\\\/produto\\\/aperfeicoador-de-pele-instantaneo-serox\\\/#primaryimage\"},\"thumbnailUrl\":\"https:\\\/\\\/www.lraloeverashop.eu\\\/wp-content\\\/uploads\\\/2022\\\/10\\\/Serox-Instant-Skin-Perfector.jpg\",\"datePublished\":\"2022-10-19T18:05:25+00:00\",\"dateModified\":\"2026-02-08T09:04:03+00:00\",\"description\":\"Aperfei\u00e7oador da pele instant\u00e2neo Serox com a tecnologia inovadora com duplo efeito antienvelhecimento para Perfei\u00e7\u00e3o imediata da pele. Alta qualidade.\",\"breadcrumb\":{\"@id\":\"https:\\\/\\\/www.lraloeverashop.eu\\\/pt-pt\\\/produto\\\/aperfeicoador-de-pele-instantaneo-serox\\\/#breadcrumb\"},\"inLanguage\":\"pt-PT\",\"potentialAction\":[{\"@type\":\"ReadAction\",\"target\":[\"https:\\\/\\\/www.lraloeverashop.eu\\\/pt-pt\\\/produto\\\/aperfeicoador-de-pele-instantaneo-serox\\\/\"]}]},{\"@type\":\"ImageObject\",\"inLanguage\":\"pt-PT\",\"@id\":\"https:\\\/\\\/www.lraloeverashop.eu\\\/pt-pt\\\/produto\\\/aperfeicoador-de-pele-instantaneo-serox\\\/#primaryimage\",\"url\":\"https:\\\/\\\/www.lraloeverashop.eu\\\/wp-content\\\/uploads\\\/2022\\\/10\\\/Serox-Instant-Skin-Perfector.jpg\",\"contentUrl\":\"https:\\\/\\\/www.lraloeverashop.eu\\\/wp-content\\\/uploads\\\/2022\\\/10\\\/Serox-Instant-Skin-Perfector.jpg\",\"width\":1200,\"height\":1200,\"caption\":\"Serox Aperfei\u00e7oador de pele instant\u00e2neo\"},{\"@type\":\"BreadcrumbList\",\"@id\":\"https:\\\/\\\/www.lraloeverashop.eu\\\/pt-pt\\\/produto\\\/aperfeicoador-de-pele-instantaneo-serox\\\/#breadcrumb\",\"itemListElement\":[{\"@type\":\"ListItem\",\"position\":1,\"name\":\"Home\",\"item\":\"https:\\\/\\\/www.lraloeverashop.eu\\\/pt-pt\\\/\"},{\"@type\":\"ListItem\",\"position\":2,\"name\":\"Loja\",\"item\":\"https:\\\/\\\/www.lraloeverashop.eu\\\/pt-pt\\\/loja\\\/\"},{\"@type\":\"ListItem\",\"position\":3,\"name\":\"Aperfei\u00e7oador de pele instant\u00e2neo Serox\"}]},{\"@type\":\"WebSite\",\"@id\":\"https:\\\/\\\/www.lraloeverashop.eu\\\/pt-pt\\\/#website\",\"url\":\"https:\\\/\\\/www.lraloeverashop.eu\\\/pt-pt\\\/\",\"name\":\"Lr Loja Aloe Vera\",\"description\":\"High Quality Lr Aloe Vera Gel, Aloe Vera Cream and Shampoo\",\"publisher\":{\"@id\":\"https:\\\/\\\/www.lraloeverashop.eu\\\/pt-pt\\\/#organization\"},\"alternateName\":\"LR\",\"potentialAction\":[{\"@type\":\"SearchAction\",\"target\":{\"@type\":\"EntryPoint\",\"urlTemplate\":\"https:\\\/\\\/www.lraloeverashop.eu\\\/pt-pt\\\/?s={search_term_string}\"},\"query-input\":{\"@type\":\"PropertyValueSpecification\",\"valueRequired\":true,\"valueName\":\"search_term_string\"}}],\"inLanguage\":\"pt-PT\"},{\"@type\":\"Organization\",\"@id\":\"https:\\\/\\\/www.lraloeverashop.eu\\\/pt-pt\\\/#organization\",\"name\":\"Loja Lr Aloe Vera\",\"alternateName\":\"LR\",\"url\":\"https:\\\/\\\/www.lraloeverashop.eu\\\/pt-pt\\\/\",\"logo\":{\"@type\":\"ImageObject\",\"inLanguage\":\"pt-PT\",\"@id\":\"https:\\\/\\\/www.lraloeverashop.eu\\\/pt-pt\\\/#\\\/schema\\\/logo\\\/image\\\/\",\"url\":\"https:\\\/\\\/www.lraloeverashop.eu\\\/wp-content\\\/uploads\\\/2022\\\/09\\\/cropped-Lr-Aloe-Vera-Shop.jpg\",\"contentUrl\":\"https:\\\/\\\/www.lraloeverashop.eu\\\/wp-content\\\/uploads\\\/2022\\\/09\\\/cropped-Lr-Aloe-Vera-Shop.jpg\",\"width\":228,\"height\":76,\"caption\":\"Loja Lr Aloe Vera\"},\"image\":{\"@id\":\"https:\\\/\\\/www.lraloeverashop.eu\\\/pt-pt\\\/#\\\/schema\\\/logo\\\/image\\\/\"},\"sameAs\":[\"https:\\\/\\\/www.facebook.com\\\/lraloeverashop.eu\",\"https:\\\/\\\/x.com\\\/natur__kosmetik\",\"https:\\\/\\\/www.youtube.com\\\/channel\\\/UC5oN7BJ8nfYb8RpVtjwDEBA\",\"https:\\\/\\\/www.instagram.com\\\/lrbeautyeu\\\/\"],\"description\":\"Loja Lr Aloe Vera \u00e9 o seu destino de confian\u00e7a para os produtos de sa\u00fade e beleza premium da LR, fabricados na Alemanha. Oferecemos solu\u00e7\u00f5es de alta qualidade para o cuidado da pele, nutri\u00e7\u00e3o e antienvelhecimento \u00e0 base de Alo\u00e9 Vera, elaboradas com ingredientes puros e apoiadas em investiga\u00e7\u00e3o cient\u00edfica. Descubra o cuidado natural que regenera, protege e revitaliza a sua pele \u2014 e aproveite as ofertas mensais exclusivas nos nossos produtos LR Alo\u00e9 Vera mais vendidos.\\nComece hoje mesmo a sua jornada de cuidados naturais com a pele e sinta a diferen\u00e7a.\",\"email\":\"info@lraloeverashop.eu\",\"telephone\":\"+49 17670609653\",\"legalName\":\"Lr Aloe Vera Shop\",\"foundingDate\":\"2018-04-21\",\"numberOfEmployees\":{\"@type\":\"QuantitativeValue\",\"minValue\":\"1\",\"maxValue\":\"10\"}}]}<\/script>\n<meta property=\"product:price:amount\" content=\"58.10\" \/>\n<meta property=\"product:price:currency\" content=\"EUR\" \/>\n<meta property=\"og:availability\" content=\"instock\" \/>\n<meta property=\"product:availability\" content=\"instock\" \/>\n<meta property=\"product:retailer_item_id\" content=\"28250-1PT\" \/>\n<meta property=\"product:condition\" content=\"new\" \/>\n<!-- \/ Yoast SEO Premium plugin. -->","yoast_head_json":{"title":"Aperfei\u00e7oador da pele instant\u00e2neo Serox para Rejuvenescimento","description":"Aperfei\u00e7oador da pele instant\u00e2neo Serox com a tecnologia inovadora com duplo efeito antienvelhecimento para Perfei\u00e7\u00e3o imediata da pele. Alta qualidade.","robots":{"index":"index","follow":"follow","max-snippet":"max-snippet:-1","max-image-preview":"max-image-preview:large","max-video-preview":"max-video-preview:-1"},"canonical":"https:\/\/www.lraloeverashop.eu\/pt-pt\/produto\/aperfeicoador-de-pele-instantaneo-serox\/","og_locale":"pt_PT","og_type":"article","og_title":"Aperfei\u00e7oador de pele instant\u00e2neo Serox","og_description":"Aperfei\u00e7oador da pele instant\u00e2neo Serox com a tecnologia inovadora com duplo efeito antienvelhecimento para Perfei\u00e7\u00e3o imediata da pele. Alta qualidade.","og_url":"https:\/\/www.lraloeverashop.eu\/pt-pt\/produto\/aperfeicoador-de-pele-instantaneo-serox\/","og_site_name":"Lr Loja Aloe Vera","article_publisher":"https:\/\/www.facebook.com\/lraloeverashop.eu","article_modified_time":"2026-02-08T09:04:03+00:00","og_image":[{"width":1200,"height":1200,"url":"https:\/\/www.lraloeverashop.eu\/wp-content\/uploads\/2022\/10\/Serox-Instant-Skin-Perfector.jpg","type":"image\/jpeg"}],"twitter_card":"summary_large_image","twitter_site":"@natur__kosmetik","schema":{"@context":"https:\/\/schema.org","@graph":[{"@type":["WebPage","ItemPage"],"@id":"https:\/\/www.lraloeverashop.eu\/pt-pt\/produto\/aperfeicoador-de-pele-instantaneo-serox\/","url":"https:\/\/www.lraloeverashop.eu\/pt-pt\/produto\/aperfeicoador-de-pele-instantaneo-serox\/","name":"Aperfei\u00e7oador da pele instant\u00e2neo Serox para Rejuvenescimento","isPartOf":{"@id":"https:\/\/www.lraloeverashop.eu\/pt-pt\/#website"},"primaryImageOfPage":{"@id":"https:\/\/www.lraloeverashop.eu\/pt-pt\/produto\/aperfeicoador-de-pele-instantaneo-serox\/#primaryimage"},"image":{"@id":"https:\/\/www.lraloeverashop.eu\/pt-pt\/produto\/aperfeicoador-de-pele-instantaneo-serox\/#primaryimage"},"thumbnailUrl":"https:\/\/www.lraloeverashop.eu\/wp-content\/uploads\/2022\/10\/Serox-Instant-Skin-Perfector.jpg","datePublished":"2022-10-19T18:05:25+00:00","dateModified":"2026-02-08T09:04:03+00:00","description":"Aperfei\u00e7oador da pele instant\u00e2neo Serox com a tecnologia inovadora com duplo efeito antienvelhecimento para Perfei\u00e7\u00e3o imediata da pele. Alta qualidade.","breadcrumb":{"@id":"https:\/\/www.lraloeverashop.eu\/pt-pt\/produto\/aperfeicoador-de-pele-instantaneo-serox\/#breadcrumb"},"inLanguage":"pt-PT","potentialAction":[{"@type":"ReadAction","target":["https:\/\/www.lraloeverashop.eu\/pt-pt\/produto\/aperfeicoador-de-pele-instantaneo-serox\/"]}]},{"@type":"ImageObject","inLanguage":"pt-PT","@id":"https:\/\/www.lraloeverashop.eu\/pt-pt\/produto\/aperfeicoador-de-pele-instantaneo-serox\/#primaryimage","url":"https:\/\/www.lraloeverashop.eu\/wp-content\/uploads\/2022\/10\/Serox-Instant-Skin-Perfector.jpg","contentUrl":"https:\/\/www.lraloeverashop.eu\/wp-content\/uploads\/2022\/10\/Serox-Instant-Skin-Perfector.jpg","width":1200,"height":1200,"caption":"Serox Aperfei\u00e7oador de pele instant\u00e2neo"},{"@type":"BreadcrumbList","@id":"https:\/\/www.lraloeverashop.eu\/pt-pt\/produto\/aperfeicoador-de-pele-instantaneo-serox\/#breadcrumb","itemListElement":[{"@type":"ListItem","position":1,"name":"Home","item":"https:\/\/www.lraloeverashop.eu\/pt-pt\/"},{"@type":"ListItem","position":2,"name":"Loja","item":"https:\/\/www.lraloeverashop.eu\/pt-pt\/loja\/"},{"@type":"ListItem","position":3,"name":"Aperfei\u00e7oador de pele instant\u00e2neo Serox"}]},{"@type":"WebSite","@id":"https:\/\/www.lraloeverashop.eu\/pt-pt\/#website","url":"https:\/\/www.lraloeverashop.eu\/pt-pt\/","name":"Lr Loja Aloe Vera","description":"High Quality Lr Aloe Vera Gel, Aloe Vera Cream and Shampoo","publisher":{"@id":"https:\/\/www.lraloeverashop.eu\/pt-pt\/#organization"},"alternateName":"LR","potentialAction":[{"@type":"SearchAction","target":{"@type":"EntryPoint","urlTemplate":"https:\/\/www.lraloeverashop.eu\/pt-pt\/?s={search_term_string}"},"query-input":{"@type":"PropertyValueSpecification","valueRequired":true,"valueName":"search_term_string"}}],"inLanguage":"pt-PT"},{"@type":"Organization","@id":"https:\/\/www.lraloeverashop.eu\/pt-pt\/#organization","name":"Loja Lr Aloe Vera","alternateName":"LR","url":"https:\/\/www.lraloeverashop.eu\/pt-pt\/","logo":{"@type":"ImageObject","inLanguage":"pt-PT","@id":"https:\/\/www.lraloeverashop.eu\/pt-pt\/#\/schema\/logo\/image\/","url":"https:\/\/www.lraloeverashop.eu\/wp-content\/uploads\/2022\/09\/cropped-Lr-Aloe-Vera-Shop.jpg","contentUrl":"https:\/\/www.lraloeverashop.eu\/wp-content\/uploads\/2022\/09\/cropped-Lr-Aloe-Vera-Shop.jpg","width":228,"height":76,"caption":"Loja Lr Aloe Vera"},"image":{"@id":"https:\/\/www.lraloeverashop.eu\/pt-pt\/#\/schema\/logo\/image\/"},"sameAs":["https:\/\/www.facebook.com\/lraloeverashop.eu","https:\/\/x.com\/natur__kosmetik","https:\/\/www.youtube.com\/channel\/UC5oN7BJ8nfYb8RpVtjwDEBA","https:\/\/www.instagram.com\/lrbeautyeu\/"],"description":"Loja Lr Aloe Vera \u00e9 o seu destino de confian\u00e7a para os produtos de sa\u00fade e beleza premium da LR, fabricados na Alemanha. Oferecemos solu\u00e7\u00f5es de alta qualidade para o cuidado da pele, nutri\u00e7\u00e3o e antienvelhecimento \u00e0 base de Alo\u00e9 Vera, elaboradas com ingredientes puros e apoiadas em investiga\u00e7\u00e3o cient\u00edfica. Descubra o cuidado natural que regenera, protege e revitaliza a sua pele \u2014 e aproveite as ofertas mensais exclusivas nos nossos produtos LR Alo\u00e9 Vera mais vendidos.\nComece hoje mesmo a sua jornada de cuidados naturais com a pele e sinta a diferen\u00e7a.","email":"info@lraloeverashop.eu","telephone":"+49 17670609653","legalName":"Lr Aloe Vera Shop","foundingDate":"2018-04-21","numberOfEmployees":{"@type":"QuantitativeValue","minValue":"1","maxValue":"10"}}]},"product_price_amount":"58.10","product_price_currency":"EUR","og_availability":"instock","product_availability":"instock","product_retailer_item_id":"28250-1PT","product_condition":"new"},"taxonomy_info":{"product_cat":[{"value":269,"label":"Cuidado Anti-idade"},{"value":281,"label":"Mulheres acima de 40"},{"value":287,"label":"Mulheres at\u00e9 40"},{"value":330,"label":"Produtos anti-idade"},{"value":389,"label":"Serox"}],"product_tag":[{"value":704,"label":"para rugas no rosto"}]},"featured_image_src_large":["https:\/\/www.lraloeverashop.eu\/wp-content\/uploads\/2022\/10\/Serox-Instant-Skin-Perfector-1024x1024.jpg",1024,1024,true],"author_info":[],"comment_info":0,"_links":{"self":[{"href":"https:\/\/www.lraloeverashop.eu\/pt-pt\/wp-json\/wp\/v2\/product\/8884","targetHints":{"allow":["GET"]}}],"collection":[{"href":"https:\/\/www.lraloeverashop.eu\/pt-pt\/wp-json\/wp\/v2\/product"}],"about":[{"href":"https:\/\/www.lraloeverashop.eu\/pt-pt\/wp-json\/wp\/v2\/types\/product"}],"replies":[{"embeddable":true,"href":"https:\/\/www.lraloeverashop.eu\/pt-pt\/wp-json\/wp\/v2\/comments?post=8884"}],"wp:featuredmedia":[{"embeddable":true,"href":"https:\/\/www.lraloeverashop.eu\/pt-pt\/wp-json\/wp\/v2\/media\/5859"}],"wp:attachment":[{"href":"https:\/\/www.lraloeverashop.eu\/pt-pt\/wp-json\/wp\/v2\/media?parent=8884"}],"wp:term":[{"taxonomy":"product_brand","embeddable":true,"href":"https:\/\/www.lraloeverashop.eu\/pt-pt\/wp-json\/wp\/v2\/product_brand?post=8884"},{"taxonomy":"product_cat","embeddable":true,"href":"https:\/\/www.lraloeverashop.eu\/pt-pt\/wp-json\/wp\/v2\/product_cat?post=8884"},{"taxonomy":"product_tag","embeddable":true,"href":"https:\/\/www.lraloeverashop.eu\/pt-pt\/wp-json\/wp\/v2\/product_tag?post=8884"}],"curies":[{"name":"wp","href":"https:\/\/api.w.org\/{rel}","templated":true}]}}