{"id":8854,"date":"2022-10-20T04:56:24","date_gmt":"2022-10-20T02:56:24","guid":{"rendered":"https:\/\/www.lraloeverashop.eu\/product\/patches-olhos-anti-rugas-serox\/"},"modified":"2025-03-29T12:43:24","modified_gmt":"2025-03-29T11:43:24","slug":"patches-olhos-anti-rugas-serox","status":"publish","type":"product","link":"https:\/\/www.lraloeverashop.eu\/pt-pt\/produto\/patches-olhos-anti-rugas-serox\/","title":{"rendered":"Patches Olhos Anti Rugas Serox"},"content":{"rendered":"<h2><span style=\"font-size: 16pt;\"><strong>Patches Olhos Anti Rugas Serox<\/strong><\/span><\/h2>\n<p><span style=\"font-size: 14pt;\"><strong>Patches Olhos Anti Rugas Serox &#8211; ICuidados intensivos, igual \u00e0 qualidade de um centro est\u00e9tico<\/strong><\/span><\/p>\n<p>As Patches Olhos Anti Rugas Serox s\u00e3o um produto antienvelhecimento inovador para cuidados com os olhos. As mol\u00e9culas de col\u00e1geno ajudam a pele a reter a hidrata\u00e7\u00e3o e os pr\u00f3prios pept\u00eddeos da pele estimulam a regenera\u00e7\u00e3o. Ent\u00e3o rugas de<br \/>\na secura reduz e combate a forma\u00e7\u00e3o de linhas de express\u00e3o. As almofadas oculares s\u00e3o feitas de col\u00e1geno puro liofilizado e s\u00e3o molhadas com o fluido de ativa\u00e7\u00e3o. Cont\u00e9m uma solu\u00e7\u00e3o ativa de Argireline\u00ae, Gatuline Expression\u00ae e \u00e1cido hialur\u00f4nico.<\/p>\n<p>Coloque suavemente os adesivos nos olhos \u00e0 noite em frente \u00e0 TV ou ao falar ao telefone &#8211; e d\u00ea a si mesmo um tratamento intensivo, igual \u00e0 qualidade de um centro de est\u00e9tica.<br \/>\nA embalagem cont\u00e9m 4 x 2 Pads<\/p>\n<p>As Patches Olhos Anti Rugas s\u00e3o feitas de col\u00e1geno liofilizado e desenvolvem seu efeito em conjunto com o fluido de ativa\u00e7\u00e3o. A aplica\u00e7\u00e3o \u00e9 ideal em combina\u00e7\u00e3o com o Serox Instant Result Serum.<\/p>\n<p>&nbsp;<\/p>\n<h3><span style=\"font-size: 16pt;\"><strong>Como usar<\/strong><\/span><\/h3>\n<p>Pressione o l\u00edquido na c\u00e2mara da almofada e abra-o Twin Pack quando as almofadas estiverem completamente molhadas. Coloque os pads com o lado liso na pele e deixe por 15 min. Aja. A pele cuida da Aplica\u00e7\u00e3o mantida e renovada. Repita essa aplica\u00e7\u00e3o semanalmente.<\/p>\n<p><img loading=\"lazy\" decoding=\"async\" class=\"aligncenter size-full wp-image-3088\" src=\"https:\/\/www.lraloeverashop.eu\/wp-content\/uploads\/2022\/10\/How-to-use-serox-eye-pads.jpg\" alt=\"How to use serox eye pads\" width=\"966\" height=\"463\" srcset=\"https:\/\/www.lraloeverashop.eu\/wp-content\/uploads\/2022\/10\/How-to-use-serox-eye-pads.jpg 966w, https:\/\/www.lraloeverashop.eu\/wp-content\/uploads\/2022\/10\/How-to-use-serox-eye-pads-600x288.jpg 600w, https:\/\/www.lraloeverashop.eu\/wp-content\/uploads\/2022\/10\/How-to-use-serox-eye-pads-300x144.jpg 300w, https:\/\/www.lraloeverashop.eu\/wp-content\/uploads\/2022\/10\/How-to-use-serox-eye-pads-768x368.jpg 768w\" sizes=\"auto, (max-width: 966px) 100vw, 966px\" \/><\/p>\n<p>&nbsp;<\/p>\n<h4><span style=\"font-size: 16pt;\"><strong>Como funcionam as Patches Anti Rugas Serox?<\/strong><\/span><\/h4>\n<p>1. Os patches s\u00e3o basicamente feitos de col\u00e1geno puro liofilizado. Quando ativados, oferecem hidrata\u00e7\u00e3o concentrada na \u00e1rea dos olhos.<br \/>\n2. Hidrata\u00e7\u00e3o intensiva e ingredientes inovadores reduzem a profundidade das rugas e suavizam a apar\u00eancia da pele.<br \/>\n3. A solu\u00e7\u00e3o ativadora, com seus ingredientes ativos especializados, d\u00e1 suporte \u00e0 pele. ingredients, supports skin.<\/p>\n","protected":false},"excerpt":{"rendered":"<ul>\n<li>4 x 2 Patches Anti Rugas profissionais com qualidade de est\u00fadio de beleza<\/li>\n<li>Feito de col\u00e1geno liofilizado<\/li>\n<li>Com solu\u00e7\u00e3o ativa de Argireline\u00ae, Gatuline Expression\u00ae e \u00e1cido hialur\u00f4nico<\/li>\n<li>Faz com que as linhas faciais de 35 anos pare\u00e7am mais suaves<\/li>\n<li>Como cuidado intensivo para a \u00e1rea das rugas dos olhos uma vez por semana<\/li>\n<li>Produto fabricado na Alemanha<\/li>\n<\/ul>\n<p>&nbsp;<\/p>\n","protected":false},"featured_media":5847,"comment_status":"open","ping_status":"closed","template":"","meta":{"_kad_blocks_custom_css":"","_kad_blocks_head_custom_js":"","_kad_blocks_body_custom_js":"","_kad_blocks_footer_custom_js":"","_kadence_starter_templates_imported_post":false,"_kad_post_transparent":"default","_kad_post_title":"","_kad_post_layout":"default","_kad_post_sidebar_id":"","_kad_post_content_style":"default","_kad_post_vertical_padding":"default","_kad_post_feature":"","_kad_post_feature_position":"","_kad_post_header":false,"_kad_post_footer":false,"_kad_post_classname":""},"product_brand":[],"product_cat":[269,281,330,389],"product_tag":[705],"class_list":{"0":"post-8854","1":"product","2":"type-product","3":"status-publish","4":"has-post-thumbnail","6":"product_cat-cuidado-anti-idade","7":"product_cat-mulheres-acima-de-40","8":"product_cat-produtos-anti-idade","9":"product_cat-serox-pt-pt","10":"product_tag-para-rugas-sob-os-olhos","12":"first","13":"outofstock","14":"taxable","15":"shipping-taxable","16":"purchasable","17":"product-type-simple","18":"entry","19":"content-bg","20":"loop-entry"},"yoast_head":"<!-- This site is optimized with the Yoast SEO Premium plugin v27.4 (Yoast SEO v27.4) - https:\/\/yoast.com\/product\/yoast-seo-premium-wordpress\/ -->\n<title>Patches Olhos Anti Rugas Serox - Lr Loja Aloe Vera<\/title>\n<meta name=\"robots\" content=\"index, follow, max-snippet:-1, max-image-preview:large, max-video-preview:-1\" \/>\n<link rel=\"canonical\" href=\"https:\/\/www.lraloeverashop.eu\/pt-pt\/produto\/patches-olhos-anti-rugas-serox\/\" \/>\n<meta property=\"og:locale\" content=\"pt_PT\" \/>\n<meta property=\"og:type\" content=\"article\" \/>\n<meta property=\"og:title\" content=\"Patches Olhos Anti Rugas Serox\" \/>\n<meta property=\"og:description\" content=\"4 x 2 Patches Anti Rugas profissionais com qualidade de est\u00fadio de beleza  Feito de col\u00e1geno liofilizado  Com solu\u00e7\u00e3o ativa de Argireline\u00ae, Gatuline Expression\u00ae e \u00e1cido hialur\u00f4nico  Faz com que as linhas faciais de 35 anos pare\u00e7am mais suaves  Como cuidado intensivo para a \u00e1rea das rugas dos olhos uma vez por semana  Produto fabricado na Alemanha  &nbsp;\" \/>\n<meta property=\"og:url\" content=\"https:\/\/www.lraloeverashop.eu\/pt-pt\/produto\/patches-olhos-anti-rugas-serox\/\" \/>\n<meta property=\"og:site_name\" content=\"Lr Loja Aloe Vera\" \/>\n<meta property=\"article:publisher\" content=\"https:\/\/www.facebook.com\/lraloeverashop.eu\" \/>\n<meta property=\"article:modified_time\" content=\"2025-03-29T11:43:24+00:00\" \/>\n<meta property=\"og:image\" content=\"https:\/\/www.lraloeverashop.eu\/wp-content\/uploads\/2022\/10\/Serox-Eye-Pads.jpg\" \/>\n\t<meta property=\"og:image:width\" content=\"1200\" \/>\n\t<meta property=\"og:image:height\" content=\"1200\" \/>\n\t<meta property=\"og:image:type\" content=\"image\/jpeg\" \/>\n<meta name=\"twitter:card\" content=\"summary_large_image\" \/>\n<meta name=\"twitter:site\" content=\"@natur__kosmetik\" \/>\n<script type=\"application\/ld+json\" class=\"yoast-schema-graph\">{\"@context\":\"https:\\\/\\\/schema.org\",\"@graph\":[{\"@type\":[\"WebPage\",\"ItemPage\"],\"@id\":\"https:\\\/\\\/www.lraloeverashop.eu\\\/pt-pt\\\/produto\\\/patches-olhos-anti-rugas-serox\\\/\",\"url\":\"https:\\\/\\\/www.lraloeverashop.eu\\\/pt-pt\\\/produto\\\/patches-olhos-anti-rugas-serox\\\/\",\"name\":\"Patches Olhos Anti Rugas Serox - Lr Loja Aloe Vera\",\"isPartOf\":{\"@id\":\"https:\\\/\\\/www.lraloeverashop.eu\\\/pt-pt\\\/#website\"},\"primaryImageOfPage\":{\"@id\":\"https:\\\/\\\/www.lraloeverashop.eu\\\/pt-pt\\\/produto\\\/patches-olhos-anti-rugas-serox\\\/#primaryimage\"},\"image\":{\"@id\":\"https:\\\/\\\/www.lraloeverashop.eu\\\/pt-pt\\\/produto\\\/patches-olhos-anti-rugas-serox\\\/#primaryimage\"},\"thumbnailUrl\":\"https:\\\/\\\/www.lraloeverashop.eu\\\/wp-content\\\/uploads\\\/2022\\\/10\\\/Serox-Eye-Pads.jpg\",\"datePublished\":\"2022-10-20T02:56:24+00:00\",\"dateModified\":\"2025-03-29T11:43:24+00:00\",\"breadcrumb\":{\"@id\":\"https:\\\/\\\/www.lraloeverashop.eu\\\/pt-pt\\\/produto\\\/patches-olhos-anti-rugas-serox\\\/#breadcrumb\"},\"inLanguage\":\"pt-PT\",\"potentialAction\":[{\"@type\":\"ReadAction\",\"target\":[\"https:\\\/\\\/www.lraloeverashop.eu\\\/pt-pt\\\/produto\\\/patches-olhos-anti-rugas-serox\\\/\"]}]},{\"@type\":\"ImageObject\",\"inLanguage\":\"pt-PT\",\"@id\":\"https:\\\/\\\/www.lraloeverashop.eu\\\/pt-pt\\\/produto\\\/patches-olhos-anti-rugas-serox\\\/#primaryimage\",\"url\":\"https:\\\/\\\/www.lraloeverashop.eu\\\/wp-content\\\/uploads\\\/2022\\\/10\\\/Serox-Eye-Pads.jpg\",\"contentUrl\":\"https:\\\/\\\/www.lraloeverashop.eu\\\/wp-content\\\/uploads\\\/2022\\\/10\\\/Serox-Eye-Pads.jpg\",\"width\":1200,\"height\":1200,\"caption\":\"Almofadas para os olhos anti-idade Serox\"},{\"@type\":\"BreadcrumbList\",\"@id\":\"https:\\\/\\\/www.lraloeverashop.eu\\\/pt-pt\\\/produto\\\/patches-olhos-anti-rugas-serox\\\/#breadcrumb\",\"itemListElement\":[{\"@type\":\"ListItem\",\"position\":1,\"name\":\"Home\",\"item\":\"https:\\\/\\\/www.lraloeverashop.eu\\\/pt-pt\\\/\"},{\"@type\":\"ListItem\",\"position\":2,\"name\":\"Loja\",\"item\":\"https:\\\/\\\/www.lraloeverashop.eu\\\/pt-pt\\\/loja\\\/\"},{\"@type\":\"ListItem\",\"position\":3,\"name\":\"Patches Olhos Anti Rugas Serox\"}]},{\"@type\":\"WebSite\",\"@id\":\"https:\\\/\\\/www.lraloeverashop.eu\\\/pt-pt\\\/#website\",\"url\":\"https:\\\/\\\/www.lraloeverashop.eu\\\/pt-pt\\\/\",\"name\":\"Lr Loja Aloe Vera\",\"description\":\"High Quality Lr Aloe Vera Gel, Aloe Vera Cream and Shampoo\",\"publisher\":{\"@id\":\"https:\\\/\\\/www.lraloeverashop.eu\\\/pt-pt\\\/#organization\"},\"potentialAction\":[{\"@type\":\"SearchAction\",\"target\":{\"@type\":\"EntryPoint\",\"urlTemplate\":\"https:\\\/\\\/www.lraloeverashop.eu\\\/pt-pt\\\/?s={search_term_string}\"},\"query-input\":{\"@type\":\"PropertyValueSpecification\",\"valueRequired\":true,\"valueName\":\"search_term_string\"}}],\"inLanguage\":\"pt-PT\"},{\"@type\":\"Organization\",\"@id\":\"https:\\\/\\\/www.lraloeverashop.eu\\\/pt-pt\\\/#organization\",\"name\":\"Loja Lr Aloe Vera\",\"alternateName\":\"LR\",\"url\":\"https:\\\/\\\/www.lraloeverashop.eu\\\/pt-pt\\\/\",\"logo\":{\"@type\":\"ImageObject\",\"inLanguage\":\"pt-PT\",\"@id\":\"https:\\\/\\\/www.lraloeverashop.eu\\\/pt-pt\\\/#\\\/schema\\\/logo\\\/image\\\/\",\"url\":\"https:\\\/\\\/www.lraloeverashop.eu\\\/wp-content\\\/uploads\\\/2022\\\/09\\\/cropped-Lr-Aloe-Vera-Shop.jpg\",\"contentUrl\":\"https:\\\/\\\/www.lraloeverashop.eu\\\/wp-content\\\/uploads\\\/2022\\\/09\\\/cropped-Lr-Aloe-Vera-Shop.jpg\",\"width\":228,\"height\":76,\"caption\":\"Loja Lr Aloe Vera\"},\"image\":{\"@id\":\"https:\\\/\\\/www.lraloeverashop.eu\\\/pt-pt\\\/#\\\/schema\\\/logo\\\/image\\\/\"},\"sameAs\":[\"https:\\\/\\\/www.facebook.com\\\/lraloeverashop.eu\",\"https:\\\/\\\/x.com\\\/natur__kosmetik\",\"https:\\\/\\\/www.youtube.com\\\/channel\\\/UC5oN7BJ8nfYb8RpVtjwDEBA\",\"https:\\\/\\\/www.instagram.com\\\/lrbeautyeu\\\/\"],\"description\":\"Loja Lr Aloe Vera \u00e9 o seu destino de confian\u00e7a para os produtos de sa\u00fade e beleza premium da LR, fabricados na Alemanha. Oferecemos solu\u00e7\u00f5es de alta qualidade para o cuidado da pele, nutri\u00e7\u00e3o e antienvelhecimento \u00e0 base de Alo\u00e9 Vera, elaboradas com ingredientes puros e apoiadas em investiga\u00e7\u00e3o cient\u00edfica. Descubra o cuidado natural que regenera, protege e revitaliza a sua pele \u2014 e aproveite as ofertas mensais exclusivas nos nossos produtos LR Alo\u00e9 Vera mais vendidos.\\nComece hoje mesmo a sua jornada de cuidados naturais com a pele e sinta a diferen\u00e7a.\",\"email\":\"info@lraloeverashop.eu\",\"telephone\":\"+49 17670609653\",\"legalName\":\"Lr Aloe Vera Shop\",\"foundingDate\":\"2018-04-21\",\"numberOfEmployees\":{\"@type\":\"QuantitativeValue\",\"minValue\":\"1\",\"maxValue\":\"10\"}}]}<\/script>\n<meta property=\"product:price:amount\" content=\"45.49\" \/>\n<meta property=\"product:price:currency\" content=\"EUR\" \/>\n<meta property=\"og:availability\" content=\"out of stock\" \/>\n<meta property=\"product:availability\" content=\"out of stock\" \/>\n<meta property=\"product:retailer_item_id\" content=\"28235PT\" \/>\n<meta property=\"product:condition\" content=\"new\" \/>\n<!-- \/ Yoast SEO Premium plugin. -->","yoast_head_json":{"title":"Patches Olhos Anti Rugas Serox - Lr Loja Aloe Vera","robots":{"index":"index","follow":"follow","max-snippet":"max-snippet:-1","max-image-preview":"max-image-preview:large","max-video-preview":"max-video-preview:-1"},"canonical":"https:\/\/www.lraloeverashop.eu\/pt-pt\/produto\/patches-olhos-anti-rugas-serox\/","og_locale":"pt_PT","og_type":"article","og_title":"Patches Olhos Anti Rugas Serox","og_description":"4 x 2 Patches Anti Rugas profissionais com qualidade de est\u00fadio de beleza  Feito de col\u00e1geno liofilizado  Com solu\u00e7\u00e3o ativa de Argireline\u00ae, Gatuline Expression\u00ae e \u00e1cido hialur\u00f4nico  Faz com que as linhas faciais de 35 anos pare\u00e7am mais suaves  Como cuidado intensivo para a \u00e1rea das rugas dos olhos uma vez por semana  Produto fabricado na Alemanha  &nbsp;","og_url":"https:\/\/www.lraloeverashop.eu\/pt-pt\/produto\/patches-olhos-anti-rugas-serox\/","og_site_name":"Lr Loja Aloe Vera","article_publisher":"https:\/\/www.facebook.com\/lraloeverashop.eu","article_modified_time":"2025-03-29T11:43:24+00:00","og_image":[{"width":1200,"height":1200,"url":"https:\/\/www.lraloeverashop.eu\/wp-content\/uploads\/2022\/10\/Serox-Eye-Pads.jpg","type":"image\/jpeg"}],"twitter_card":"summary_large_image","twitter_site":"@natur__kosmetik","schema":{"@context":"https:\/\/schema.org","@graph":[{"@type":["WebPage","ItemPage"],"@id":"https:\/\/www.lraloeverashop.eu\/pt-pt\/produto\/patches-olhos-anti-rugas-serox\/","url":"https:\/\/www.lraloeverashop.eu\/pt-pt\/produto\/patches-olhos-anti-rugas-serox\/","name":"Patches Olhos Anti Rugas Serox - Lr Loja Aloe Vera","isPartOf":{"@id":"https:\/\/www.lraloeverashop.eu\/pt-pt\/#website"},"primaryImageOfPage":{"@id":"https:\/\/www.lraloeverashop.eu\/pt-pt\/produto\/patches-olhos-anti-rugas-serox\/#primaryimage"},"image":{"@id":"https:\/\/www.lraloeverashop.eu\/pt-pt\/produto\/patches-olhos-anti-rugas-serox\/#primaryimage"},"thumbnailUrl":"https:\/\/www.lraloeverashop.eu\/wp-content\/uploads\/2022\/10\/Serox-Eye-Pads.jpg","datePublished":"2022-10-20T02:56:24+00:00","dateModified":"2025-03-29T11:43:24+00:00","breadcrumb":{"@id":"https:\/\/www.lraloeverashop.eu\/pt-pt\/produto\/patches-olhos-anti-rugas-serox\/#breadcrumb"},"inLanguage":"pt-PT","potentialAction":[{"@type":"ReadAction","target":["https:\/\/www.lraloeverashop.eu\/pt-pt\/produto\/patches-olhos-anti-rugas-serox\/"]}]},{"@type":"ImageObject","inLanguage":"pt-PT","@id":"https:\/\/www.lraloeverashop.eu\/pt-pt\/produto\/patches-olhos-anti-rugas-serox\/#primaryimage","url":"https:\/\/www.lraloeverashop.eu\/wp-content\/uploads\/2022\/10\/Serox-Eye-Pads.jpg","contentUrl":"https:\/\/www.lraloeverashop.eu\/wp-content\/uploads\/2022\/10\/Serox-Eye-Pads.jpg","width":1200,"height":1200,"caption":"Almofadas para os olhos anti-idade Serox"},{"@type":"BreadcrumbList","@id":"https:\/\/www.lraloeverashop.eu\/pt-pt\/produto\/patches-olhos-anti-rugas-serox\/#breadcrumb","itemListElement":[{"@type":"ListItem","position":1,"name":"Home","item":"https:\/\/www.lraloeverashop.eu\/pt-pt\/"},{"@type":"ListItem","position":2,"name":"Loja","item":"https:\/\/www.lraloeverashop.eu\/pt-pt\/loja\/"},{"@type":"ListItem","position":3,"name":"Patches Olhos Anti Rugas Serox"}]},{"@type":"WebSite","@id":"https:\/\/www.lraloeverashop.eu\/pt-pt\/#website","url":"https:\/\/www.lraloeverashop.eu\/pt-pt\/","name":"Lr Loja Aloe Vera","description":"High Quality Lr Aloe Vera Gel, Aloe Vera Cream and Shampoo","publisher":{"@id":"https:\/\/www.lraloeverashop.eu\/pt-pt\/#organization"},"potentialAction":[{"@type":"SearchAction","target":{"@type":"EntryPoint","urlTemplate":"https:\/\/www.lraloeverashop.eu\/pt-pt\/?s={search_term_string}"},"query-input":{"@type":"PropertyValueSpecification","valueRequired":true,"valueName":"search_term_string"}}],"inLanguage":"pt-PT"},{"@type":"Organization","@id":"https:\/\/www.lraloeverashop.eu\/pt-pt\/#organization","name":"Loja Lr Aloe Vera","alternateName":"LR","url":"https:\/\/www.lraloeverashop.eu\/pt-pt\/","logo":{"@type":"ImageObject","inLanguage":"pt-PT","@id":"https:\/\/www.lraloeverashop.eu\/pt-pt\/#\/schema\/logo\/image\/","url":"https:\/\/www.lraloeverashop.eu\/wp-content\/uploads\/2022\/09\/cropped-Lr-Aloe-Vera-Shop.jpg","contentUrl":"https:\/\/www.lraloeverashop.eu\/wp-content\/uploads\/2022\/09\/cropped-Lr-Aloe-Vera-Shop.jpg","width":228,"height":76,"caption":"Loja Lr Aloe Vera"},"image":{"@id":"https:\/\/www.lraloeverashop.eu\/pt-pt\/#\/schema\/logo\/image\/"},"sameAs":["https:\/\/www.facebook.com\/lraloeverashop.eu","https:\/\/x.com\/natur__kosmetik","https:\/\/www.youtube.com\/channel\/UC5oN7BJ8nfYb8RpVtjwDEBA","https:\/\/www.instagram.com\/lrbeautyeu\/"],"description":"Loja Lr Aloe Vera \u00e9 o seu destino de confian\u00e7a para os produtos de sa\u00fade e beleza premium da LR, fabricados na Alemanha. Oferecemos solu\u00e7\u00f5es de alta qualidade para o cuidado da pele, nutri\u00e7\u00e3o e antienvelhecimento \u00e0 base de Alo\u00e9 Vera, elaboradas com ingredientes puros e apoiadas em investiga\u00e7\u00e3o cient\u00edfica. Descubra o cuidado natural que regenera, protege e revitaliza a sua pele \u2014 e aproveite as ofertas mensais exclusivas nos nossos produtos LR Alo\u00e9 Vera mais vendidos.\nComece hoje mesmo a sua jornada de cuidados naturais com a pele e sinta a diferen\u00e7a.","email":"info@lraloeverashop.eu","telephone":"+49 17670609653","legalName":"Lr Aloe Vera Shop","foundingDate":"2018-04-21","numberOfEmployees":{"@type":"QuantitativeValue","minValue":"1","maxValue":"10"}}]},"product_price_amount":"45.49","product_price_currency":"EUR","og_availability":"out of stock","product_availability":"out of stock","product_retailer_item_id":"28235PT","product_condition":"new"},"taxonomy_info":{"product_cat":[{"value":269,"label":"Cuidado Anti-idade"},{"value":281,"label":"Mulheres acima de 40"},{"value":330,"label":"Produtos anti-idade"},{"value":389,"label":"Serox"}],"product_tag":[{"value":705,"label":"para rugas sob os olhos"}]},"featured_image_src_large":["https:\/\/www.lraloeverashop.eu\/wp-content\/uploads\/2022\/10\/Serox-Eye-Pads-1024x1024.jpg",1024,1024,true],"author_info":[],"comment_info":0,"_links":{"self":[{"href":"https:\/\/www.lraloeverashop.eu\/pt-pt\/wp-json\/wp\/v2\/product\/8854","targetHints":{"allow":["GET"]}}],"collection":[{"href":"https:\/\/www.lraloeverashop.eu\/pt-pt\/wp-json\/wp\/v2\/product"}],"about":[{"href":"https:\/\/www.lraloeverashop.eu\/pt-pt\/wp-json\/wp\/v2\/types\/product"}],"replies":[{"embeddable":true,"href":"https:\/\/www.lraloeverashop.eu\/pt-pt\/wp-json\/wp\/v2\/comments?post=8854"}],"wp:featuredmedia":[{"embeddable":true,"href":"https:\/\/www.lraloeverashop.eu\/pt-pt\/wp-json\/wp\/v2\/media\/5847"}],"wp:attachment":[{"href":"https:\/\/www.lraloeverashop.eu\/pt-pt\/wp-json\/wp\/v2\/media?parent=8854"}],"wp:term":[{"taxonomy":"product_brand","embeddable":true,"href":"https:\/\/www.lraloeverashop.eu\/pt-pt\/wp-json\/wp\/v2\/product_brand?post=8854"},{"taxonomy":"product_cat","embeddable":true,"href":"https:\/\/www.lraloeverashop.eu\/pt-pt\/wp-json\/wp\/v2\/product_cat?post=8854"},{"taxonomy":"product_tag","embeddable":true,"href":"https:\/\/www.lraloeverashop.eu\/pt-pt\/wp-json\/wp\/v2\/product_tag?post=8854"}],"curies":[{"name":"wp","href":"https:\/\/api.w.org\/{rel}","templated":true}]}}