{"id":8844,"date":"2022-10-20T06:47:50","date_gmt":"2022-10-20T04:47:50","guid":{"rendered":"https:\/\/www.lraloeverashop.eu\/product\/oleo-facial-beauty-diamonds\/"},"modified":"2026-02-08T10:02:05","modified_gmt":"2026-02-08T09:02:05","slug":"oleo-facial-beauty-diamonds","status":"publish","type":"product","link":"https:\/\/www.lraloeverashop.eu\/pt-pt\/produto\/oleo-facial-beauty-diamonds\/","title":{"rendered":"\u00d3leo Facial Beauty Diamonds"},"content":{"rendered":"<h2><span style=\"font-size: 16pt;\"><strong>\u00d3leo Facial Beauty Diamonds<\/strong><\/span><\/h2>\n<p><span style=\"font-size: 14pt;\"><strong>\u00d3leo Facial Beauty Diamonds &#8211; 3 em 1 Cuidado Facial Intensivo Anti-Idade<\/strong><\/span><\/p>\n<p>Para mulheres que querem fazer algo realmente bom para a pele seca do rosto. Mas mesmo a pele madura e castigada pelo inverno precisa de aten\u00e7\u00e3o. D\u00ea a si mesmo flexibilidade e pele aveludada. Chegou a hora do carisma juvenil!<\/p>\n<p>Devido \u00e0s influ\u00eancias ambientais, nossa pele \u00e9 particularmente estressada. Nos meses de inverno, ainda vem o ar frio e o aquecimento \u00e9 adicionado. Muitas vezes a pele fica fraca e seca e a tez p\u00e1lida. Devido \u00e0s influ\u00eancias externas, a pele perde umidade e as rugas podem se desenvolver mais rapidamente.<\/p>\n<p>Uma creche normal muitas vezes n\u00e3o \u00e9 suficiente para manter a pele macia e prevenir rugas. Acima de tudo, a pele madura precisa de algum suporte para suportar as adversidades di\u00e1rias. O \u00d3leo Facial Beauty Diamonds \u00e9 um cuidado facial antienvelhecimento intensivo e o parceiro perfeito ao seu lado.<\/p>\n<p>A combina\u00e7\u00e3o inovadora de 6 \u00f3leos valiosos de origem natural e vitaminas selecionadas, regenera a pele seca, quebradi\u00e7a e fraca e d\u00e1-lhe um brilho jovem. Os \u00f3leos de a\u00e7\u00e3o profunda nutrem intensamente a pele e previnem a perda de hidrata\u00e7\u00e3o atrav\u00e9s de uma barreira lip\u00eddica fortalecida. Assim, a pele fica carnuda, macia e aveludada. As vitaminas A, E e F fornecem nutrientes \u00e0 pele.<\/p>\n<p>Eles fazem a pele parecer mais jovem e favorecem sua regenera\u00e7\u00e3o. A pele fica mais lisa, <a href=\"https:\/\/www.lraloeverashop.eu\/pt-pt\/produto\/zeitgard-pro-kit-anti-rugas\/\">firme e jovem<\/a>. Os \u00f3leos ricos usados para suavizar a aspereza da pele seca e dar uma tez jovem, radiante e uniforme, sem brilho<\/p>\n<h3><span style=\"font-size: 16pt;\"><strong>Este produto oferece tr\u00eas grandes usos:<\/strong><\/span><\/h3>\n<p><strong>\u00d3leo anti-idade<\/strong><br \/>\nO cuidado b\u00e1sico ideal para uma tez radiante. Logo ap\u00f3s a limpeza, aplique 3-5 gotas de manh\u00e3 ou \u00e0 noite. Em seguida, aplique o cuidado di\u00e1rio LR.<\/p>\n<p><strong>Boost de \u00f3leo anti-idade<\/strong><br \/>\nUm rico cuidado-plus para uma pele suave e macia. Aplique algumas gotas de \u00f3leo no <a href=\"https:\/\/www.lraloeverashop.eu\/pt-pt\/produto\/creme-de-dia-antirrugas-beauty-diamonds\/\">creme de dia<\/a> ou de noite na m\u00e3o, misture tudo e aplique no rosto.<\/p>\n<p><strong>M\u00e1scara anti-envelhecimento<\/strong><br \/>\nO cuidado de regenera\u00e7\u00e3o intensivo e rico para uma pele lisa e firme.<\/p>\n<p>&nbsp;<\/p>\n<h3><span style=\"font-size: 16pt;\"><strong>Como usar<\/strong><\/span><\/h3>\n<p>Distribua generosamente cerca de 10 gotas de \u00d3leo Facial Beauty Diamonds no rosto, pesco\u00e7o e decote. Deixe agir por 10 minutos, em seguida massageie e ap\u00f3s retire o restante da textura.<\/p>\n<p>Um suporte maravilhoso tamb\u00e9m em combina\u00e7\u00e3o direta com o \u00f3leo \u00e9 o creme de dia e <a href=\"https:\/\/www.lraloeverashop.eu\/pt-pt\/produto\/creme-noite-antirrugas-beauty-diamonds\/\">de noite<\/a> da Beauty Diamonds.<\/p>\n<p>&nbsp;<\/p>\n<h4><span style=\"font-size: 16pt;\"><strong>Voc\u00ea sabia?<\/strong><\/span><\/h4>\n<p>Devido \u00e0s suas propriedades maravilhosas, os \u00f3leos s\u00e3o uma parte indispens\u00e1vel da cosm\u00e9tica. Os diferentes \u00f3leos protegem nossa pele, s\u00e3o nutritivos, fornecem prote\u00e7\u00e3o de barreira e <a href=\"https:\/\/www.lraloeverashop.eu\/pt-pt\/produto\/creme-de-dia-racine-q10\/\">ret\u00eam a umidade<\/a>. Combinados, isso resulta em produtos de cuidado balanceados. No \u00d3leo Facial Beauty Diamonds usamos \u00f3leo de am\u00eandoa, \u00f3leo de argan, \u00f3leo de abacate, \u00f3leo de semente de uva, \u00f3leo de macad\u00e2mia e \u00f3leo de jojoba.<\/p>\n","protected":false},"excerpt":{"rendered":"<ul>\n<li>Com \u00f3leo de am\u00eandoa, argan, abacate, semente de uva, macad\u00e2mia e jojoba.<\/li>\n<li>Nutre e regenera a pele com vitaminas A, E e F.<\/li>\n<li>Protege contra a perda de umidade<\/li>\n<li>95% dos testadores recomendariam o produto para a namorada<\/li>\n<li>Quantidade: 30ml<\/li>\n<\/ul>\n<p><span style=\"color: #ff0000;\"><a style=\"color: #ff0000;\" href=\"https:\/\/shop.lrworld.com\/openpao?PHP=0vFlt7jT938BEnBI3a6e9w%3D%3D\"><span style=\"font-size: 14pt;\"><strong>Registe-se aqui e poupe 35% em todos os pedidos<\/strong><\/span><\/a><\/span><\/p>\n","protected":false},"featured_media":5961,"comment_status":"open","ping_status":"closed","template":"","meta":{"_kad_blocks_custom_css":"","_kad_blocks_head_custom_js":"","_kad_blocks_body_custom_js":"","_kad_blocks_footer_custom_js":"","_kadence_starter_templates_imported_post":false,"_kad_post_transparent":"default","_kad_post_title":"","_kad_post_layout":"default","_kad_post_sidebar_id":"","_kad_post_content_style":"default","_kad_post_vertical_padding":"default","_kad_post_feature":"","_kad_post_feature_position":"","_kad_post_header":false,"_kad_post_footer":false,"_kad_post_classname":""},"product_brand":[],"product_cat":[365,269,281,330],"product_tag":[],"class_list":{"0":"post-8844","1":"product","2":"type-product","3":"status-publish","4":"has-post-thumbnail","6":"product_cat-beauty-diamonds-pt-pt","7":"product_cat-cuidado-anti-idade","8":"product_cat-mulheres-acima-de-40","9":"product_cat-produtos-anti-idade","11":"first","12":"instock","13":"taxable","14":"shipping-taxable","15":"purchasable","16":"product-type-simple","17":"entry","18":"content-bg","19":"loop-entry"},"yoast_head":"<!-- This site is optimized with the Yoast SEO Premium plugin v27.4 (Yoast SEO v27.4) - https:\/\/yoast.com\/product\/yoast-seo-premium-wordpress\/ -->\n<title>\u00d3leo Facial Beauty Diamonds - Cuidado Facial Intensivo Anti-Idade<\/title>\n<meta name=\"description\" content=\"\u00d3leo Facial Beauty Diamonds com \u00f3leo de am\u00eandoa, argan, abacate, semente de uva, macad\u00e2mia e jojoba. Este produto oferece tr\u00eas grandes usos. Produto de luxo\" \/>\n<meta name=\"robots\" content=\"index, follow, max-snippet:-1, max-image-preview:large, max-video-preview:-1\" \/>\n<link rel=\"canonical\" href=\"https:\/\/www.lraloeverashop.eu\/pt-pt\/produto\/oleo-facial-beauty-diamonds\/\" \/>\n<meta property=\"og:locale\" content=\"pt_PT\" \/>\n<meta property=\"og:type\" content=\"article\" \/>\n<meta property=\"og:title\" content=\"\u00d3leo Facial Beauty Diamonds\" \/>\n<meta property=\"og:description\" content=\"\u00d3leo Facial Beauty Diamonds com \u00f3leo de am\u00eandoa, argan, abacate, semente de uva, macad\u00e2mia e jojoba. Este produto oferece tr\u00eas grandes usos. Produto de luxo\" \/>\n<meta property=\"og:url\" content=\"https:\/\/www.lraloeverashop.eu\/pt-pt\/produto\/oleo-facial-beauty-diamonds\/\" \/>\n<meta property=\"og:site_name\" content=\"Lr Loja Aloe Vera\" \/>\n<meta property=\"article:publisher\" content=\"https:\/\/www.facebook.com\/lraloeverashop.eu\" \/>\n<meta property=\"article:modified_time\" content=\"2026-02-08T09:02:05+00:00\" \/>\n<meta property=\"og:image\" content=\"https:\/\/www.lraloeverashop.eu\/wp-content\/uploads\/2022\/10\/Beauty-Diamonds-Radiant-Youth-Oil.jpg\" \/>\n\t<meta property=\"og:image:width\" content=\"1200\" \/>\n\t<meta property=\"og:image:height\" content=\"1200\" \/>\n\t<meta property=\"og:image:type\" content=\"image\/jpeg\" \/>\n<meta name=\"twitter:card\" content=\"summary_large_image\" \/>\n<meta name=\"twitter:site\" content=\"@natur__kosmetik\" \/>\n<script type=\"application\/ld+json\" class=\"yoast-schema-graph\">{\"@context\":\"https:\\\/\\\/schema.org\",\"@graph\":[{\"@type\":[\"WebPage\",\"ItemPage\"],\"@id\":\"https:\\\/\\\/www.lraloeverashop.eu\\\/pt-pt\\\/produto\\\/oleo-facial-beauty-diamonds\\\/\",\"url\":\"https:\\\/\\\/www.lraloeverashop.eu\\\/pt-pt\\\/produto\\\/oleo-facial-beauty-diamonds\\\/\",\"name\":\"\u00d3leo Facial Beauty Diamonds - Cuidado Facial Intensivo Anti-Idade\",\"isPartOf\":{\"@id\":\"https:\\\/\\\/www.lraloeverashop.eu\\\/pt-pt\\\/#website\"},\"primaryImageOfPage\":{\"@id\":\"https:\\\/\\\/www.lraloeverashop.eu\\\/pt-pt\\\/produto\\\/oleo-facial-beauty-diamonds\\\/#primaryimage\"},\"image\":{\"@id\":\"https:\\\/\\\/www.lraloeverashop.eu\\\/pt-pt\\\/produto\\\/oleo-facial-beauty-diamonds\\\/#primaryimage\"},\"thumbnailUrl\":\"https:\\\/\\\/www.lraloeverashop.eu\\\/wp-content\\\/uploads\\\/2022\\\/10\\\/Beauty-Diamonds-Radiant-Youth-Oil.jpg\",\"datePublished\":\"2022-10-20T04:47:50+00:00\",\"dateModified\":\"2026-02-08T09:02:05+00:00\",\"description\":\"\u00d3leo Facial Beauty Diamonds com \u00f3leo de am\u00eandoa, argan, abacate, semente de uva, macad\u00e2mia e jojoba. Este produto oferece tr\u00eas grandes usos. Produto de luxo\",\"breadcrumb\":{\"@id\":\"https:\\\/\\\/www.lraloeverashop.eu\\\/pt-pt\\\/produto\\\/oleo-facial-beauty-diamonds\\\/#breadcrumb\"},\"inLanguage\":\"pt-PT\",\"potentialAction\":[{\"@type\":\"ReadAction\",\"target\":[\"https:\\\/\\\/www.lraloeverashop.eu\\\/pt-pt\\\/produto\\\/oleo-facial-beauty-diamonds\\\/\"]}]},{\"@type\":\"ImageObject\",\"inLanguage\":\"pt-PT\",\"@id\":\"https:\\\/\\\/www.lraloeverashop.eu\\\/pt-pt\\\/produto\\\/oleo-facial-beauty-diamonds\\\/#primaryimage\",\"url\":\"https:\\\/\\\/www.lraloeverashop.eu\\\/wp-content\\\/uploads\\\/2022\\\/10\\\/Beauty-Diamonds-Radiant-Youth-Oil.jpg\",\"contentUrl\":\"https:\\\/\\\/www.lraloeverashop.eu\\\/wp-content\\\/uploads\\\/2022\\\/10\\\/Beauty-Diamonds-Radiant-Youth-Oil.jpg\",\"width\":1200,\"height\":1200,\"caption\":\"\u00d3leo de juventude radiante Beauty Diamonds\"},{\"@type\":\"BreadcrumbList\",\"@id\":\"https:\\\/\\\/www.lraloeverashop.eu\\\/pt-pt\\\/produto\\\/oleo-facial-beauty-diamonds\\\/#breadcrumb\",\"itemListElement\":[{\"@type\":\"ListItem\",\"position\":1,\"name\":\"Home\",\"item\":\"https:\\\/\\\/www.lraloeverashop.eu\\\/pt-pt\\\/\"},{\"@type\":\"ListItem\",\"position\":2,\"name\":\"Loja\",\"item\":\"https:\\\/\\\/www.lraloeverashop.eu\\\/pt-pt\\\/loja\\\/\"},{\"@type\":\"ListItem\",\"position\":3,\"name\":\"\u00d3leo Facial Beauty Diamonds\"}]},{\"@type\":\"WebSite\",\"@id\":\"https:\\\/\\\/www.lraloeverashop.eu\\\/pt-pt\\\/#website\",\"url\":\"https:\\\/\\\/www.lraloeverashop.eu\\\/pt-pt\\\/\",\"name\":\"Lr Loja Aloe Vera\",\"description\":\"High Quality Lr Aloe Vera Gel, Aloe Vera Cream and Shampoo\",\"publisher\":{\"@id\":\"https:\\\/\\\/www.lraloeverashop.eu\\\/pt-pt\\\/#organization\"},\"potentialAction\":[{\"@type\":\"SearchAction\",\"target\":{\"@type\":\"EntryPoint\",\"urlTemplate\":\"https:\\\/\\\/www.lraloeverashop.eu\\\/pt-pt\\\/?s={search_term_string}\"},\"query-input\":{\"@type\":\"PropertyValueSpecification\",\"valueRequired\":true,\"valueName\":\"search_term_string\"}}],\"inLanguage\":\"pt-PT\"},{\"@type\":\"Organization\",\"@id\":\"https:\\\/\\\/www.lraloeverashop.eu\\\/pt-pt\\\/#organization\",\"name\":\"Loja Lr Aloe Vera\",\"alternateName\":\"LR\",\"url\":\"https:\\\/\\\/www.lraloeverashop.eu\\\/pt-pt\\\/\",\"logo\":{\"@type\":\"ImageObject\",\"inLanguage\":\"pt-PT\",\"@id\":\"https:\\\/\\\/www.lraloeverashop.eu\\\/pt-pt\\\/#\\\/schema\\\/logo\\\/image\\\/\",\"url\":\"https:\\\/\\\/www.lraloeverashop.eu\\\/wp-content\\\/uploads\\\/2022\\\/09\\\/cropped-Lr-Aloe-Vera-Shop.jpg\",\"contentUrl\":\"https:\\\/\\\/www.lraloeverashop.eu\\\/wp-content\\\/uploads\\\/2022\\\/09\\\/cropped-Lr-Aloe-Vera-Shop.jpg\",\"width\":228,\"height\":76,\"caption\":\"Loja Lr Aloe Vera\"},\"image\":{\"@id\":\"https:\\\/\\\/www.lraloeverashop.eu\\\/pt-pt\\\/#\\\/schema\\\/logo\\\/image\\\/\"},\"sameAs\":[\"https:\\\/\\\/www.facebook.com\\\/lraloeverashop.eu\",\"https:\\\/\\\/x.com\\\/natur__kosmetik\",\"https:\\\/\\\/www.youtube.com\\\/channel\\\/UC5oN7BJ8nfYb8RpVtjwDEBA\",\"https:\\\/\\\/www.instagram.com\\\/lrbeautyeu\\\/\"],\"description\":\"Loja Lr Aloe Vera \u00e9 o seu destino de confian\u00e7a para os produtos de sa\u00fade e beleza premium da LR, fabricados na Alemanha. Oferecemos solu\u00e7\u00f5es de alta qualidade para o cuidado da pele, nutri\u00e7\u00e3o e antienvelhecimento \u00e0 base de Alo\u00e9 Vera, elaboradas com ingredientes puros e apoiadas em investiga\u00e7\u00e3o cient\u00edfica. Descubra o cuidado natural que regenera, protege e revitaliza a sua pele \u2014 e aproveite as ofertas mensais exclusivas nos nossos produtos LR Alo\u00e9 Vera mais vendidos.\\nComece hoje mesmo a sua jornada de cuidados naturais com a pele e sinta a diferen\u00e7a.\",\"email\":\"info@lraloeverashop.eu\",\"telephone\":\"+49 17670609653\",\"legalName\":\"Lr Aloe Vera Shop\",\"foundingDate\":\"2018-04-21\",\"numberOfEmployees\":{\"@type\":\"QuantitativeValue\",\"minValue\":\"1\",\"maxValue\":\"10\"}}]}<\/script>\n<meta property=\"product:price:amount\" content=\"48.59\" \/>\n<meta property=\"product:price:currency\" content=\"EUR\" \/>\n<meta property=\"og:availability\" content=\"instock\" \/>\n<meta property=\"product:availability\" content=\"instock\" \/>\n<meta property=\"product:retailer_item_id\" content=\"28314-1PT\" \/>\n<meta property=\"product:condition\" content=\"new\" \/>\n<!-- \/ Yoast SEO Premium plugin. -->","yoast_head_json":{"title":"\u00d3leo Facial Beauty Diamonds - Cuidado Facial Intensivo Anti-Idade","description":"\u00d3leo Facial Beauty Diamonds com \u00f3leo de am\u00eandoa, argan, abacate, semente de uva, macad\u00e2mia e jojoba. Este produto oferece tr\u00eas grandes usos. Produto de luxo","robots":{"index":"index","follow":"follow","max-snippet":"max-snippet:-1","max-image-preview":"max-image-preview:large","max-video-preview":"max-video-preview:-1"},"canonical":"https:\/\/www.lraloeverashop.eu\/pt-pt\/produto\/oleo-facial-beauty-diamonds\/","og_locale":"pt_PT","og_type":"article","og_title":"\u00d3leo Facial Beauty Diamonds","og_description":"\u00d3leo Facial Beauty Diamonds com \u00f3leo de am\u00eandoa, argan, abacate, semente de uva, macad\u00e2mia e jojoba. Este produto oferece tr\u00eas grandes usos. Produto de luxo","og_url":"https:\/\/www.lraloeverashop.eu\/pt-pt\/produto\/oleo-facial-beauty-diamonds\/","og_site_name":"Lr Loja Aloe Vera","article_publisher":"https:\/\/www.facebook.com\/lraloeverashop.eu","article_modified_time":"2026-02-08T09:02:05+00:00","og_image":[{"width":1200,"height":1200,"url":"https:\/\/www.lraloeverashop.eu\/wp-content\/uploads\/2022\/10\/Beauty-Diamonds-Radiant-Youth-Oil.jpg","type":"image\/jpeg"}],"twitter_card":"summary_large_image","twitter_site":"@natur__kosmetik","schema":{"@context":"https:\/\/schema.org","@graph":[{"@type":["WebPage","ItemPage"],"@id":"https:\/\/www.lraloeverashop.eu\/pt-pt\/produto\/oleo-facial-beauty-diamonds\/","url":"https:\/\/www.lraloeverashop.eu\/pt-pt\/produto\/oleo-facial-beauty-diamonds\/","name":"\u00d3leo Facial Beauty Diamonds - Cuidado Facial Intensivo Anti-Idade","isPartOf":{"@id":"https:\/\/www.lraloeverashop.eu\/pt-pt\/#website"},"primaryImageOfPage":{"@id":"https:\/\/www.lraloeverashop.eu\/pt-pt\/produto\/oleo-facial-beauty-diamonds\/#primaryimage"},"image":{"@id":"https:\/\/www.lraloeverashop.eu\/pt-pt\/produto\/oleo-facial-beauty-diamonds\/#primaryimage"},"thumbnailUrl":"https:\/\/www.lraloeverashop.eu\/wp-content\/uploads\/2022\/10\/Beauty-Diamonds-Radiant-Youth-Oil.jpg","datePublished":"2022-10-20T04:47:50+00:00","dateModified":"2026-02-08T09:02:05+00:00","description":"\u00d3leo Facial Beauty Diamonds com \u00f3leo de am\u00eandoa, argan, abacate, semente de uva, macad\u00e2mia e jojoba. Este produto oferece tr\u00eas grandes usos. Produto de luxo","breadcrumb":{"@id":"https:\/\/www.lraloeverashop.eu\/pt-pt\/produto\/oleo-facial-beauty-diamonds\/#breadcrumb"},"inLanguage":"pt-PT","potentialAction":[{"@type":"ReadAction","target":["https:\/\/www.lraloeverashop.eu\/pt-pt\/produto\/oleo-facial-beauty-diamonds\/"]}]},{"@type":"ImageObject","inLanguage":"pt-PT","@id":"https:\/\/www.lraloeverashop.eu\/pt-pt\/produto\/oleo-facial-beauty-diamonds\/#primaryimage","url":"https:\/\/www.lraloeverashop.eu\/wp-content\/uploads\/2022\/10\/Beauty-Diamonds-Radiant-Youth-Oil.jpg","contentUrl":"https:\/\/www.lraloeverashop.eu\/wp-content\/uploads\/2022\/10\/Beauty-Diamonds-Radiant-Youth-Oil.jpg","width":1200,"height":1200,"caption":"\u00d3leo de juventude radiante Beauty Diamonds"},{"@type":"BreadcrumbList","@id":"https:\/\/www.lraloeverashop.eu\/pt-pt\/produto\/oleo-facial-beauty-diamonds\/#breadcrumb","itemListElement":[{"@type":"ListItem","position":1,"name":"Home","item":"https:\/\/www.lraloeverashop.eu\/pt-pt\/"},{"@type":"ListItem","position":2,"name":"Loja","item":"https:\/\/www.lraloeverashop.eu\/pt-pt\/loja\/"},{"@type":"ListItem","position":3,"name":"\u00d3leo Facial Beauty Diamonds"}]},{"@type":"WebSite","@id":"https:\/\/www.lraloeverashop.eu\/pt-pt\/#website","url":"https:\/\/www.lraloeverashop.eu\/pt-pt\/","name":"Lr Loja Aloe Vera","description":"High Quality Lr Aloe Vera Gel, Aloe Vera Cream and Shampoo","publisher":{"@id":"https:\/\/www.lraloeverashop.eu\/pt-pt\/#organization"},"potentialAction":[{"@type":"SearchAction","target":{"@type":"EntryPoint","urlTemplate":"https:\/\/www.lraloeverashop.eu\/pt-pt\/?s={search_term_string}"},"query-input":{"@type":"PropertyValueSpecification","valueRequired":true,"valueName":"search_term_string"}}],"inLanguage":"pt-PT"},{"@type":"Organization","@id":"https:\/\/www.lraloeverashop.eu\/pt-pt\/#organization","name":"Loja Lr Aloe Vera","alternateName":"LR","url":"https:\/\/www.lraloeverashop.eu\/pt-pt\/","logo":{"@type":"ImageObject","inLanguage":"pt-PT","@id":"https:\/\/www.lraloeverashop.eu\/pt-pt\/#\/schema\/logo\/image\/","url":"https:\/\/www.lraloeverashop.eu\/wp-content\/uploads\/2022\/09\/cropped-Lr-Aloe-Vera-Shop.jpg","contentUrl":"https:\/\/www.lraloeverashop.eu\/wp-content\/uploads\/2022\/09\/cropped-Lr-Aloe-Vera-Shop.jpg","width":228,"height":76,"caption":"Loja Lr Aloe Vera"},"image":{"@id":"https:\/\/www.lraloeverashop.eu\/pt-pt\/#\/schema\/logo\/image\/"},"sameAs":["https:\/\/www.facebook.com\/lraloeverashop.eu","https:\/\/x.com\/natur__kosmetik","https:\/\/www.youtube.com\/channel\/UC5oN7BJ8nfYb8RpVtjwDEBA","https:\/\/www.instagram.com\/lrbeautyeu\/"],"description":"Loja Lr Aloe Vera \u00e9 o seu destino de confian\u00e7a para os produtos de sa\u00fade e beleza premium da LR, fabricados na Alemanha. Oferecemos solu\u00e7\u00f5es de alta qualidade para o cuidado da pele, nutri\u00e7\u00e3o e antienvelhecimento \u00e0 base de Alo\u00e9 Vera, elaboradas com ingredientes puros e apoiadas em investiga\u00e7\u00e3o cient\u00edfica. Descubra o cuidado natural que regenera, protege e revitaliza a sua pele \u2014 e aproveite as ofertas mensais exclusivas nos nossos produtos LR Alo\u00e9 Vera mais vendidos.\nComece hoje mesmo a sua jornada de cuidados naturais com a pele e sinta a diferen\u00e7a.","email":"info@lraloeverashop.eu","telephone":"+49 17670609653","legalName":"Lr Aloe Vera Shop","foundingDate":"2018-04-21","numberOfEmployees":{"@type":"QuantitativeValue","minValue":"1","maxValue":"10"}}]},"product_price_amount":"48.59","product_price_currency":"EUR","og_availability":"instock","product_availability":"instock","product_retailer_item_id":"28314-1PT","product_condition":"new"},"taxonomy_info":{"product_cat":[{"value":365,"label":"Beauty Diamonds"},{"value":269,"label":"Cuidado Anti-idade"},{"value":281,"label":"Mulheres acima de 40"},{"value":330,"label":"Produtos anti-idade"}]},"featured_image_src_large":["https:\/\/www.lraloeverashop.eu\/wp-content\/uploads\/2022\/10\/Beauty-Diamonds-Radiant-Youth-Oil-1024x1024.jpg",1024,1024,true],"author_info":[],"comment_info":1,"_links":{"self":[{"href":"https:\/\/www.lraloeverashop.eu\/pt-pt\/wp-json\/wp\/v2\/product\/8844","targetHints":{"allow":["GET"]}}],"collection":[{"href":"https:\/\/www.lraloeverashop.eu\/pt-pt\/wp-json\/wp\/v2\/product"}],"about":[{"href":"https:\/\/www.lraloeverashop.eu\/pt-pt\/wp-json\/wp\/v2\/types\/product"}],"replies":[{"embeddable":true,"href":"https:\/\/www.lraloeverashop.eu\/pt-pt\/wp-json\/wp\/v2\/comments?post=8844"}],"wp:featuredmedia":[{"embeddable":true,"href":"https:\/\/www.lraloeverashop.eu\/pt-pt\/wp-json\/wp\/v2\/media\/5961"}],"wp:attachment":[{"href":"https:\/\/www.lraloeverashop.eu\/pt-pt\/wp-json\/wp\/v2\/media?parent=8844"}],"wp:term":[{"taxonomy":"product_brand","embeddable":true,"href":"https:\/\/www.lraloeverashop.eu\/pt-pt\/wp-json\/wp\/v2\/product_brand?post=8844"},{"taxonomy":"product_cat","embeddable":true,"href":"https:\/\/www.lraloeverashop.eu\/pt-pt\/wp-json\/wp\/v2\/product_cat?post=8844"},{"taxonomy":"product_tag","embeddable":true,"href":"https:\/\/www.lraloeverashop.eu\/pt-pt\/wp-json\/wp\/v2\/product_tag?post=8844"}],"curies":[{"name":"wp","href":"https:\/\/api.w.org\/{rel}","templated":true}]}}