{"id":8834,"date":"2022-10-20T07:28:09","date_gmt":"2022-10-20T05:28:09","guid":{"rendered":"https:\/\/www.lraloeverashop.eu\/product\/creme-noite-antirrugas-beauty-diamonds\/"},"modified":"2026-02-08T10:01:44","modified_gmt":"2026-02-08T09:01:44","slug":"creme-noite-antirrugas-beauty-diamonds","status":"publish","type":"product","link":"https:\/\/www.lraloeverashop.eu\/pt-pt\/produto\/creme-noite-antirrugas-beauty-diamonds\/","title":{"rendered":"Creme Noite Antirrugas Beauty Diamonds"},"content":{"rendered":"<h2><span style=\"font-size: 16pt;\"><strong>Creme Noite Antirrugas Beauty Diamonds<\/strong><\/span><\/h2>\n<p><span style=\"font-size: 14pt;\"><strong>Creme Noite Antirrugas Beauty Diamonds para tez radiante pela manh\u00e3.<\/strong><\/span><\/p>\n<p>Mais jovem e bonita enquanto dorme: o nutritivo Creme de Noite Beauty Diamonds ajuda a sua pele a reduzir os sinais vis\u00edveis de envelhecimento durante a noite. Enquanto voc\u00ea dorme, o mecanismo de prote\u00e7\u00e3o celular natural da sua pele \u00e9 estimulado por um complexo sin\u00e9rgico de dois pept\u00eddeos patenteados (Replexium\u2122), para que sua <a href=\"https:\/\/www.lraloeverashop.eu\/pt-pt\/produto\/beauty-diamonds-set-cremes-antirrugas\/\">pele fique firme<\/a>, flex\u00edvel e macia na manh\u00e3 seguinte.<\/p>\n<p>Os \u00f3leos de pistache e semente de uva s\u00e3o particularmente ricos em \u00e1cidos graxos essenciais e poliinsaturados e s\u00e3o particularmente adequados para peles maduras. O Creme Noite Antirrugas tamb\u00e9m ajuda a definir os contornos do rosto e aumenta a densidade e o volume da pele, para que voc\u00ea se olhe no espelho cheia de vitalidade pela <a href=\"https:\/\/www.lraloeverashop.eu\/pt-pt\/produto\/creme-de-dia-antirrugas-beauty-diamonds\/\">manh\u00e3<\/a>. Para uma pele nutrida e contornos faciais definidos.<\/p>\n<p><strong>For women\u2026<\/strong><br \/>\n\u2026 de cerca de 40 anos<br \/>\n\u2026 com pele seca e exigente<br \/>\n\u2026 colocar \u00eanfase em cuidados de luxo<br \/>\n\u2026 quem quer um grande carisma<br \/>\n\u2026 quem quer reduzir as rugas<br \/>\n\u2026 quem quer mais <a href=\"https:\/\/www.lraloeverashop.eu\/pt-pt\/creme-de-noite-aloe-vera-natural-e-eficaz\/\">elasticidade da pele<\/a><\/p>\n<p>O Creme de Noite Antirrugas refirmante Beauty Diamonds fortalece a pele a partir dos 40 anos e reduz visivelmente as rugas.<\/p>\n<p>Com base nas propriedades dos diamantes em combina\u00e7\u00e3o com prote\u00ednas, garante que o processo de envelhecimento da pele seja retardado e o mecanismo de prote\u00e7\u00e3o celular fortalecido.<\/p>\n<p>Agora reformulado com o inovador sistema de transporte de princ\u00edpios ativos e um princ\u00edpio ativo encapsulado que reduz as rugas e a profundidade das rugas.<\/p>\n<p>Para m\u00e1xima efic\u00e1cia em combina\u00e7\u00e3o com o <a href=\"https:\/\/www.lraloeverashop.eu\/pt-pt\/produto\/zeitgard-pro-kit-anti-rugas\/\">Kit Anti Rugas<\/a>.<\/p>\n<p>&nbsp;<\/p>\n<h3><span style=\"font-size: 16pt;\"><strong>Como usar<\/strong><\/span><\/h3>\n<p><strong>PASSO 1:<\/strong> Limpe a pele do rosto com \u00e1gua ou use o <a href=\"https:\/\/www.lraloeverashop.eu\/pt-pt\/produto\/zeitgard-pro-set-de-limpeza-facial\/\">Kit Limpeza Facial<\/a> Zeitgard Pro ou o Zeitgard Pro Acess\u00f3rio De Esfolia\u00e7\u00e3o.<\/p>\n<p><strong>PASSO 2:<\/strong> Aplique o seu Creme noite antirrugas Beauty Diamonds e massageie com as m\u00e3os ou usando a Zeitgard Pro Kit Anti Rugas. Trate os lados esquerdo e direito do rosto e a testa por 30 segundos cada. Preste aten\u00e7\u00e3o aos movimentos circulares de dentro para fora e de baixo para cima.<\/p>\n","protected":false},"excerpt":{"rendered":"<ul>\n<li>Com pistache e \u00f3leo de semente de uva define os contornos faciais durante a noite<\/li>\n<li>Aumenta a densidade e o volume da pele<\/li>\n<li>Estimula os mecanismos de prote\u00e7\u00e3o celular para uma pele firme e flex\u00edvel<\/li>\n<li>Recomendado para usar com a ferramenta de suaviza\u00e7\u00e3o de rosto<\/li>\n<li>Quantidade: 50ml<\/li>\n<\/ul>\n<p><span style=\"color: #ff0000;\"><a style=\"color: #ff0000;\" href=\"https:\/\/shop.lrworld.com\/openpao?PHP=0vFlt7jT938BEnBI3a6e9w%3D%3D\"><span style=\"font-size: 14pt;\"><strong>Registe-se aqui e poupe 35% em todos os pedidos<\/strong><\/span><\/a><\/span><\/p>\n","protected":false},"featured_media":5979,"comment_status":"open","ping_status":"closed","template":"","meta":{"_kad_blocks_custom_css":"","_kad_blocks_head_custom_js":"","_kad_blocks_body_custom_js":"","_kad_blocks_footer_custom_js":"","_kadence_starter_templates_imported_post":false,"_kad_post_transparent":"default","_kad_post_title":"","_kad_post_layout":"default","_kad_post_sidebar_id":"","_kad_post_content_style":"default","_kad_post_vertical_padding":"default","_kad_post_feature":"","_kad_post_feature_position":"","_kad_post_header":false,"_kad_post_footer":false,"_kad_post_classname":""},"product_brand":[],"product_cat":[365,269,281,330],"product_tag":[704],"class_list":{"0":"post-8834","1":"product","2":"type-product","3":"status-publish","4":"has-post-thumbnail","6":"product_cat-beauty-diamonds-pt-pt","7":"product_cat-cuidado-anti-idade","8":"product_cat-mulheres-acima-de-40","9":"product_cat-produtos-anti-idade","10":"product_tag-para-rugas-no-rosto","12":"first","13":"instock","14":"taxable","15":"shipping-taxable","16":"purchasable","17":"product-type-simple","18":"entry","19":"content-bg","20":"loop-entry"},"yoast_head":"<!-- This site is optimized with the Yoast SEO Premium plugin v27.3 (Yoast SEO v27.3) - https:\/\/yoast.com\/product\/yoast-seo-premium-wordpress\/ -->\n<title>Creme Noite Antirrugas Beauty Diamonds com F\u00f3rmula reafirmante<\/title>\n<meta name=\"description\" content=\"Mais jovem e bonita enquanto dorme. O Creme Noite Antirrugas Beauty Diamonds ajuda a sua pele a reduzir os sinais vis\u00edveis de envelhecimento durante a noite\" \/>\n<meta name=\"robots\" content=\"index, follow, max-snippet:-1, max-image-preview:large, max-video-preview:-1\" \/>\n<link rel=\"canonical\" href=\"https:\/\/www.lraloeverashop.eu\/pt-pt\/produto\/creme-noite-antirrugas-beauty-diamonds\/\" \/>\n<meta property=\"og:locale\" content=\"pt_PT\" \/>\n<meta property=\"og:type\" content=\"article\" \/>\n<meta property=\"og:title\" content=\"Creme Noite Antirrugas Beauty Diamonds\" \/>\n<meta property=\"og:description\" content=\"Mais jovem e bonita enquanto dorme. O Creme Noite Antirrugas Beauty Diamonds ajuda a sua pele a reduzir os sinais vis\u00edveis de envelhecimento durante a noite\" \/>\n<meta property=\"og:url\" content=\"https:\/\/www.lraloeverashop.eu\/pt-pt\/produto\/creme-noite-antirrugas-beauty-diamonds\/\" \/>\n<meta property=\"og:site_name\" content=\"Lr Loja Aloe Vera\" \/>\n<meta property=\"article:publisher\" content=\"https:\/\/www.facebook.com\/lraloeverashop.eu\" \/>\n<meta property=\"article:modified_time\" content=\"2026-02-08T09:01:44+00:00\" \/>\n<meta property=\"og:image\" content=\"https:\/\/www.lraloeverashop.eu\/wp-content\/uploads\/2022\/10\/Beauty-Diamonds-Night-Cream.jpg\" \/>\n\t<meta property=\"og:image:width\" content=\"1200\" \/>\n\t<meta property=\"og:image:height\" content=\"1200\" \/>\n\t<meta property=\"og:image:type\" content=\"image\/jpeg\" \/>\n<meta name=\"twitter:card\" content=\"summary_large_image\" \/>\n<meta name=\"twitter:site\" content=\"@natur__kosmetik\" \/>\n<script type=\"application\/ld+json\" class=\"yoast-schema-graph\">{\"@context\":\"https:\\\/\\\/schema.org\",\"@graph\":[{\"@type\":[\"WebPage\",\"ItemPage\"],\"@id\":\"https:\\\/\\\/www.lraloeverashop.eu\\\/pt-pt\\\/produto\\\/creme-noite-antirrugas-beauty-diamonds\\\/\",\"url\":\"https:\\\/\\\/www.lraloeverashop.eu\\\/pt-pt\\\/produto\\\/creme-noite-antirrugas-beauty-diamonds\\\/\",\"name\":\"Creme Noite Antirrugas Beauty Diamonds com F\u00f3rmula reafirmante\",\"isPartOf\":{\"@id\":\"https:\\\/\\\/www.lraloeverashop.eu\\\/pt-pt\\\/#website\"},\"primaryImageOfPage\":{\"@id\":\"https:\\\/\\\/www.lraloeverashop.eu\\\/pt-pt\\\/produto\\\/creme-noite-antirrugas-beauty-diamonds\\\/#primaryimage\"},\"image\":{\"@id\":\"https:\\\/\\\/www.lraloeverashop.eu\\\/pt-pt\\\/produto\\\/creme-noite-antirrugas-beauty-diamonds\\\/#primaryimage\"},\"thumbnailUrl\":\"https:\\\/\\\/www.lraloeverashop.eu\\\/wp-content\\\/uploads\\\/2022\\\/10\\\/Beauty-Diamonds-Night-Cream.jpg\",\"datePublished\":\"2022-10-20T05:28:09+00:00\",\"dateModified\":\"2026-02-08T09:01:44+00:00\",\"description\":\"Mais jovem e bonita enquanto dorme. O Creme Noite Antirrugas Beauty Diamonds ajuda a sua pele a reduzir os sinais vis\u00edveis de envelhecimento durante a noite\",\"breadcrumb\":{\"@id\":\"https:\\\/\\\/www.lraloeverashop.eu\\\/pt-pt\\\/produto\\\/creme-noite-antirrugas-beauty-diamonds\\\/#breadcrumb\"},\"inLanguage\":\"pt-PT\",\"potentialAction\":[{\"@type\":\"ReadAction\",\"target\":[\"https:\\\/\\\/www.lraloeverashop.eu\\\/pt-pt\\\/produto\\\/creme-noite-antirrugas-beauty-diamonds\\\/\"]}]},{\"@type\":\"ImageObject\",\"inLanguage\":\"pt-PT\",\"@id\":\"https:\\\/\\\/www.lraloeverashop.eu\\\/pt-pt\\\/produto\\\/creme-noite-antirrugas-beauty-diamonds\\\/#primaryimage\",\"url\":\"https:\\\/\\\/www.lraloeverashop.eu\\\/wp-content\\\/uploads\\\/2022\\\/10\\\/Beauty-Diamonds-Night-Cream.jpg\",\"contentUrl\":\"https:\\\/\\\/www.lraloeverashop.eu\\\/wp-content\\\/uploads\\\/2022\\\/10\\\/Beauty-Diamonds-Night-Cream.jpg\",\"width\":1200,\"height\":1200,\"caption\":\"Beauty Diamonds creme de noite anti-idade\"},{\"@type\":\"BreadcrumbList\",\"@id\":\"https:\\\/\\\/www.lraloeverashop.eu\\\/pt-pt\\\/produto\\\/creme-noite-antirrugas-beauty-diamonds\\\/#breadcrumb\",\"itemListElement\":[{\"@type\":\"ListItem\",\"position\":1,\"name\":\"Home\",\"item\":\"https:\\\/\\\/www.lraloeverashop.eu\\\/pt-pt\\\/\"},{\"@type\":\"ListItem\",\"position\":2,\"name\":\"Loja\",\"item\":\"https:\\\/\\\/www.lraloeverashop.eu\\\/pt-pt\\\/loja\\\/\"},{\"@type\":\"ListItem\",\"position\":3,\"name\":\"Creme Noite Antirrugas Beauty Diamonds\"}]},{\"@type\":\"WebSite\",\"@id\":\"https:\\\/\\\/www.lraloeverashop.eu\\\/pt-pt\\\/#website\",\"url\":\"https:\\\/\\\/www.lraloeverashop.eu\\\/pt-pt\\\/\",\"name\":\"Lr Loja Aloe Vera\",\"description\":\"High Quality Lr Aloe Vera Gel, Aloe Vera Cream and Shampoo\",\"publisher\":{\"@id\":\"https:\\\/\\\/www.lraloeverashop.eu\\\/pt-pt\\\/#organization\"},\"potentialAction\":[{\"@type\":\"SearchAction\",\"target\":{\"@type\":\"EntryPoint\",\"urlTemplate\":\"https:\\\/\\\/www.lraloeverashop.eu\\\/pt-pt\\\/?s={search_term_string}\"},\"query-input\":{\"@type\":\"PropertyValueSpecification\",\"valueRequired\":true,\"valueName\":\"search_term_string\"}}],\"inLanguage\":\"pt-PT\"},{\"@type\":\"Organization\",\"@id\":\"https:\\\/\\\/www.lraloeverashop.eu\\\/pt-pt\\\/#organization\",\"name\":\"Lr Loja Aloe Vera\",\"alternateName\":\"LR\",\"url\":\"https:\\\/\\\/www.lraloeverashop.eu\\\/pt-pt\\\/\",\"logo\":{\"@type\":\"ImageObject\",\"inLanguage\":\"pt-PT\",\"@id\":\"https:\\\/\\\/www.lraloeverashop.eu\\\/pt-pt\\\/#\\\/schema\\\/logo\\\/image\\\/\",\"url\":\"https:\\\/\\\/www.lraloeverashop.eu\\\/wp-content\\\/uploads\\\/2022\\\/09\\\/cropped-Lr-Aloe-Vera-Shop.jpg\",\"contentUrl\":\"https:\\\/\\\/www.lraloeverashop.eu\\\/wp-content\\\/uploads\\\/2022\\\/09\\\/cropped-Lr-Aloe-Vera-Shop.jpg\",\"width\":228,\"height\":76,\"caption\":\"Lr Loja Aloe Vera\"},\"image\":{\"@id\":\"https:\\\/\\\/www.lraloeverashop.eu\\\/pt-pt\\\/#\\\/schema\\\/logo\\\/image\\\/\"},\"sameAs\":[\"https:\\\/\\\/www.facebook.com\\\/lraloeverashop.eu\",\"https:\\\/\\\/x.com\\\/natur__kosmetik\",\"https:\\\/\\\/www.youtube.com\\\/channel\\\/UC5oN7BJ8nfYb8RpVtjwDEBA\",\"https:\\\/\\\/www.instagram.com\\\/lrbeautyeu\\\/\"]}]}<\/script>\n<meta property=\"product:price:amount\" content=\"53.79\" \/>\n<meta property=\"product:price:currency\" content=\"EUR\" \/>\n<meta property=\"og:availability\" content=\"instock\" \/>\n<meta property=\"product:availability\" content=\"instock\" \/>\n<meta property=\"product:retailer_item_id\" content=\"28318-101PT\" \/>\n<meta property=\"product:condition\" content=\"new\" \/>\n<!-- \/ Yoast SEO Premium plugin. -->","yoast_head_json":{"title":"Creme Noite Antirrugas Beauty Diamonds com F\u00f3rmula reafirmante","description":"Mais jovem e bonita enquanto dorme. O Creme Noite Antirrugas Beauty Diamonds ajuda a sua pele a reduzir os sinais vis\u00edveis de envelhecimento durante a noite","robots":{"index":"index","follow":"follow","max-snippet":"max-snippet:-1","max-image-preview":"max-image-preview:large","max-video-preview":"max-video-preview:-1"},"canonical":"https:\/\/www.lraloeverashop.eu\/pt-pt\/produto\/creme-noite-antirrugas-beauty-diamonds\/","og_locale":"pt_PT","og_type":"article","og_title":"Creme Noite Antirrugas Beauty Diamonds","og_description":"Mais jovem e bonita enquanto dorme. O Creme Noite Antirrugas Beauty Diamonds ajuda a sua pele a reduzir os sinais vis\u00edveis de envelhecimento durante a noite","og_url":"https:\/\/www.lraloeverashop.eu\/pt-pt\/produto\/creme-noite-antirrugas-beauty-diamonds\/","og_site_name":"Lr Loja Aloe Vera","article_publisher":"https:\/\/www.facebook.com\/lraloeverashop.eu","article_modified_time":"2026-02-08T09:01:44+00:00","og_image":[{"width":1200,"height":1200,"url":"https:\/\/www.lraloeverashop.eu\/wp-content\/uploads\/2022\/10\/Beauty-Diamonds-Night-Cream.jpg","type":"image\/jpeg"}],"twitter_card":"summary_large_image","twitter_site":"@natur__kosmetik","schema":{"@context":"https:\/\/schema.org","@graph":[{"@type":["WebPage","ItemPage"],"@id":"https:\/\/www.lraloeverashop.eu\/pt-pt\/produto\/creme-noite-antirrugas-beauty-diamonds\/","url":"https:\/\/www.lraloeverashop.eu\/pt-pt\/produto\/creme-noite-antirrugas-beauty-diamonds\/","name":"Creme Noite Antirrugas Beauty Diamonds com F\u00f3rmula reafirmante","isPartOf":{"@id":"https:\/\/www.lraloeverashop.eu\/pt-pt\/#website"},"primaryImageOfPage":{"@id":"https:\/\/www.lraloeverashop.eu\/pt-pt\/produto\/creme-noite-antirrugas-beauty-diamonds\/#primaryimage"},"image":{"@id":"https:\/\/www.lraloeverashop.eu\/pt-pt\/produto\/creme-noite-antirrugas-beauty-diamonds\/#primaryimage"},"thumbnailUrl":"https:\/\/www.lraloeverashop.eu\/wp-content\/uploads\/2022\/10\/Beauty-Diamonds-Night-Cream.jpg","datePublished":"2022-10-20T05:28:09+00:00","dateModified":"2026-02-08T09:01:44+00:00","description":"Mais jovem e bonita enquanto dorme. O Creme Noite Antirrugas Beauty Diamonds ajuda a sua pele a reduzir os sinais vis\u00edveis de envelhecimento durante a noite","breadcrumb":{"@id":"https:\/\/www.lraloeverashop.eu\/pt-pt\/produto\/creme-noite-antirrugas-beauty-diamonds\/#breadcrumb"},"inLanguage":"pt-PT","potentialAction":[{"@type":"ReadAction","target":["https:\/\/www.lraloeverashop.eu\/pt-pt\/produto\/creme-noite-antirrugas-beauty-diamonds\/"]}]},{"@type":"ImageObject","inLanguage":"pt-PT","@id":"https:\/\/www.lraloeverashop.eu\/pt-pt\/produto\/creme-noite-antirrugas-beauty-diamonds\/#primaryimage","url":"https:\/\/www.lraloeverashop.eu\/wp-content\/uploads\/2022\/10\/Beauty-Diamonds-Night-Cream.jpg","contentUrl":"https:\/\/www.lraloeverashop.eu\/wp-content\/uploads\/2022\/10\/Beauty-Diamonds-Night-Cream.jpg","width":1200,"height":1200,"caption":"Beauty Diamonds creme de noite anti-idade"},{"@type":"BreadcrumbList","@id":"https:\/\/www.lraloeverashop.eu\/pt-pt\/produto\/creme-noite-antirrugas-beauty-diamonds\/#breadcrumb","itemListElement":[{"@type":"ListItem","position":1,"name":"Home","item":"https:\/\/www.lraloeverashop.eu\/pt-pt\/"},{"@type":"ListItem","position":2,"name":"Loja","item":"https:\/\/www.lraloeverashop.eu\/pt-pt\/loja\/"},{"@type":"ListItem","position":3,"name":"Creme Noite Antirrugas Beauty Diamonds"}]},{"@type":"WebSite","@id":"https:\/\/www.lraloeverashop.eu\/pt-pt\/#website","url":"https:\/\/www.lraloeverashop.eu\/pt-pt\/","name":"Lr Loja Aloe Vera","description":"High Quality Lr Aloe Vera Gel, Aloe Vera Cream and Shampoo","publisher":{"@id":"https:\/\/www.lraloeverashop.eu\/pt-pt\/#organization"},"potentialAction":[{"@type":"SearchAction","target":{"@type":"EntryPoint","urlTemplate":"https:\/\/www.lraloeverashop.eu\/pt-pt\/?s={search_term_string}"},"query-input":{"@type":"PropertyValueSpecification","valueRequired":true,"valueName":"search_term_string"}}],"inLanguage":"pt-PT"},{"@type":"Organization","@id":"https:\/\/www.lraloeverashop.eu\/pt-pt\/#organization","name":"Lr Loja Aloe Vera","alternateName":"LR","url":"https:\/\/www.lraloeverashop.eu\/pt-pt\/","logo":{"@type":"ImageObject","inLanguage":"pt-PT","@id":"https:\/\/www.lraloeverashop.eu\/pt-pt\/#\/schema\/logo\/image\/","url":"https:\/\/www.lraloeverashop.eu\/wp-content\/uploads\/2022\/09\/cropped-Lr-Aloe-Vera-Shop.jpg","contentUrl":"https:\/\/www.lraloeverashop.eu\/wp-content\/uploads\/2022\/09\/cropped-Lr-Aloe-Vera-Shop.jpg","width":228,"height":76,"caption":"Lr Loja Aloe Vera"},"image":{"@id":"https:\/\/www.lraloeverashop.eu\/pt-pt\/#\/schema\/logo\/image\/"},"sameAs":["https:\/\/www.facebook.com\/lraloeverashop.eu","https:\/\/x.com\/natur__kosmetik","https:\/\/www.youtube.com\/channel\/UC5oN7BJ8nfYb8RpVtjwDEBA","https:\/\/www.instagram.com\/lrbeautyeu\/"]}]},"product_price_amount":"53.79","product_price_currency":"EUR","og_availability":"instock","product_availability":"instock","product_retailer_item_id":"28318-101PT","product_condition":"new"},"taxonomy_info":{"product_cat":[{"value":365,"label":"Beauty Diamonds"},{"value":269,"label":"Cuidado Anti-idade"},{"value":281,"label":"Mulheres acima de 40"},{"value":330,"label":"Produtos anti-idade"}],"product_tag":[{"value":704,"label":"para rugas no rosto"}]},"featured_image_src_large":["https:\/\/www.lraloeverashop.eu\/wp-content\/uploads\/2022\/10\/Beauty-Diamonds-Night-Cream-1024x1024.jpg",1024,1024,true],"author_info":[],"comment_info":0,"_links":{"self":[{"href":"https:\/\/www.lraloeverashop.eu\/pt-pt\/wp-json\/wp\/v2\/product\/8834","targetHints":{"allow":["GET"]}}],"collection":[{"href":"https:\/\/www.lraloeverashop.eu\/pt-pt\/wp-json\/wp\/v2\/product"}],"about":[{"href":"https:\/\/www.lraloeverashop.eu\/pt-pt\/wp-json\/wp\/v2\/types\/product"}],"replies":[{"embeddable":true,"href":"https:\/\/www.lraloeverashop.eu\/pt-pt\/wp-json\/wp\/v2\/comments?post=8834"}],"wp:featuredmedia":[{"embeddable":true,"href":"https:\/\/www.lraloeverashop.eu\/pt-pt\/wp-json\/wp\/v2\/media\/5979"}],"wp:attachment":[{"href":"https:\/\/www.lraloeverashop.eu\/pt-pt\/wp-json\/wp\/v2\/media?parent=8834"}],"wp:term":[{"taxonomy":"product_brand","embeddable":true,"href":"https:\/\/www.lraloeverashop.eu\/pt-pt\/wp-json\/wp\/v2\/product_brand?post=8834"},{"taxonomy":"product_cat","embeddable":true,"href":"https:\/\/www.lraloeverashop.eu\/pt-pt\/wp-json\/wp\/v2\/product_cat?post=8834"},{"taxonomy":"product_tag","embeddable":true,"href":"https:\/\/www.lraloeverashop.eu\/pt-pt\/wp-json\/wp\/v2\/product_tag?post=8834"}],"curies":[{"name":"wp","href":"https:\/\/api.w.org\/{rel}","templated":true}]}}