{"id":8745,"date":"2022-10-21T14:19:21","date_gmt":"2022-10-21T12:19:21","guid":{"rendered":"https:\/\/www.lraloeverashop.eu\/product\/zeitgard-pro-kit-peeling-facial\/"},"modified":"2026-02-08T10:00:14","modified_gmt":"2026-02-08T09:00:14","slug":"zeitgard-pro-kit-peeling-facial","status":"publish","type":"product","link":"https:\/\/www.lraloeverashop.eu\/pt-pt\/produto\/zeitgard-pro-kit-peeling-facial\/","title":{"rendered":"Peeling Ultrass\u00f4nico Facial Zeitgard Pro"},"content":{"rendered":"<h2><span style=\"font-size: 16pt; color: #000000;\"><strong>Peeling Ultrass\u00f4nico Facial Zeitgard Pro<\/strong><\/span><\/h2>\n<p><span style=\"font-size: 14pt;\"><strong>Peeling Ultrass\u00f4nico Facial Zeitgard Pro faz o seu rosto brilhar!<\/strong><\/span><\/p>\n<p>Sua pele se renova a cada 28 dias! As c\u00e9lulas mortas da pele tornam rapidamente a sua tez p\u00e1lida e cansada.<\/p>\n<p>Esfoliar \u00e9 uma das melhores maneiras de obter uma pele absolutamente clara. O Peeling Ultrass\u00f4nico Facial Zeitgard Pro funciona com vibra\u00e7\u00f5es de ultrassom, que agem no contato com a pele, removendo efetivamente sujeira, espinhas, c\u00e9lulas mortas da camada c\u00f3rnea da epiderme e excesso de sebo na superf\u00edcie.<\/p>\n<p>A esfolia\u00e7\u00e3o funciona melhor se voc\u00ea fizer isso regularmente e integr\u00e1-la aos processos regenerativos naturais da pele. A sua pele <a href=\"https:\/\/www.lraloeverashop.eu\/pt-pt\/produto\/acessorio-de-esfoliacao-zeitgard-pro\/\">regenera-se constantemente<\/a>. Ao formar novas c\u00e9lulas basais na camada mais baixa da epiderme, as c\u00e9lulas acima s\u00e3o continuamente empurradas para cima, onde lentamente secam, cornificam e formam a camada superior da pele.<\/p>\n<p>Todos os dias, a pele elimina at\u00e9 14 gramas de c\u00e9lulas cornificadas mortas. Voc\u00ea pode remov\u00ea-los usando regularmente o Kit de Peeling Ultrass\u00f4nico Facial Zeitgard Pro a cada 2-3 dias. Isso evita o ac\u00famulo de sujeira nos <a href=\"https:\/\/www.lraloeverashop.eu\/pt-pt\/produto\/aloe-vera-esfoliante-facial-aperfeicoador\/\">poros de suor<\/a>.<\/p>\n<p>Use o Kit de Peeling Facial 2-3 vezes por semana como alternativa \u00e0 escova de Limpeza Facial para remover as c\u00e9lulas velhas da pele e <a href=\"https:\/\/www.lraloeverashop.eu\/pt-pt\/produto\/aperfeicoador-de-pele-instantaneo-serox\/\">fazer seu rosto brilhar<\/a>!<\/p>\n<p>&nbsp;<\/p>\n<h3><span style=\"font-size: 16pt;\"><strong>Como usar<\/strong><\/span><\/h3>\n<p>Prepare a sua pele limpando-a manualmente com o <a href=\"https:\/\/www.lraloeverashop.eu\/pt-pt\/produto\/creme-limpeza-rosto-zeitgard-pro\/\">Creme de limpeza Lr<\/a> \u2013 isto n\u00e3o \u00e9 essencial, mas o extrato de harungana no Creme de limpeza \u00e9 conhecido por apoiar a regenera\u00e7\u00e3o da pele e melhorar a sua apar\u00eancia.<\/p>\n<p>Umede\u00e7a generosamente o rosto com \u00e1gua ou o T\u00f4nico Facial. A \u00e1gua vai melhorar o efeito detox.<\/p>\n<p>\u00datil: se voc\u00ea usar o <a href=\"https:\/\/www.lraloeverashop.eu\/pt-pt\/produto\/tonico-rosto-zeitgard-pro\/\">Lr Zeitgard T\u00f4nico Facial<\/a>, poder\u00e1 ver quais \u00e1reas do rosto j\u00e1 tratou.<\/p>\n<p>Mova o Zeitgard Pro em um \u00e2ngulo de 45\u00b0 do nariz em dire\u00e7\u00e3o \u00e0s bordas do rosto. Trabalhe em todas as se\u00e7\u00f5es do seu rosto sucessivamente.<\/p>\n<p><img loading=\"lazy\" decoding=\"async\" class=\"aligncenter wp-image-3132\" src=\"https:\/\/www.lraloeverashop.eu\/wp-content\/uploads\/2022\/10\/Lr-Zeitgard-Pro-Face-Peeling-Device-in-use-1024x292.jpg\" alt=\"Lr Zeitgard Pro Face Peeling Device in use\" width=\"1164\" height=\"332\" srcset=\"https:\/\/www.lraloeverashop.eu\/wp-content\/uploads\/2022\/10\/Lr-Zeitgard-Pro-Face-Peeling-Device-in-use-1024x292.jpg 1024w, https:\/\/www.lraloeverashop.eu\/wp-content\/uploads\/2022\/10\/Lr-Zeitgard-Pro-Face-Peeling-Device-in-use-600x171.jpg 600w, https:\/\/www.lraloeverashop.eu\/wp-content\/uploads\/2022\/10\/Lr-Zeitgard-Pro-Face-Peeling-Device-in-use-300x85.jpg 300w, https:\/\/www.lraloeverashop.eu\/wp-content\/uploads\/2022\/10\/Lr-Zeitgard-Pro-Face-Peeling-Device-in-use-768x219.jpg 768w, https:\/\/www.lraloeverashop.eu\/wp-content\/uploads\/2022\/10\/Lr-Zeitgard-Pro-Face-Peeling-Device-in-use-1536x438.jpg 1536w, https:\/\/www.lraloeverashop.eu\/wp-content\/uploads\/2022\/10\/Lr-Zeitgard-Pro-Face-Peeling-Device-in-use-2048x583.jpg 2048w\" sizes=\"auto, (max-width: 1164px) 100vw, 1164px\" \/><\/p>\n<p>Sempre que encontrar mais \u201cpontos negros\u201d, aumente ligeiramente a press\u00e3o e deslize o aparelho algumas vezes sobre essa sec\u00e7\u00e3o.<br \/>\nComplete o seu tratamento de esfolia\u00e7\u00e3o aplicando mais T\u00f4nico Facial. Isto ir\u00e1 acalmar a sua pele, revitaliz\u00e1-la e restabelecer o manto \u00e1cido protetor natural da pele.<\/p>\n","protected":false},"excerpt":{"rendered":"<ul>\n<li>O kit inclui 1 dispositivo cosm\u00e9tico Zeitgard Pro, 1 acess\u00f3rio de peeling<\/li>\n<li>Acalma e revitaliza<\/li>\n<li>Remova as c\u00e9lulas cornificadas mortas.<\/li>\n<li>Da s\u00e9rie Zeitgard Pro cuidados com a pele<\/li>\n<li>Est\u00fadio de beleza em casa<\/li>\n<li>Feito na Alemanha<\/li>\n<\/ul>\n<p><span style=\"color: #ff0000;\"><a style=\"color: #ff0000;\" href=\"https:\/\/shop.lrworld.com\/openpao?PHP=0vFlt7jT938BEnBI3a6e9w%3D%3D\"><span style=\"font-size: 14pt;\"><strong>Registe-se aqui e poupe 35% em todos os pedidos<\/strong><\/span><\/a><\/span><\/p>\n","protected":false},"featured_media":6009,"comment_status":"open","ping_status":"closed","template":"","meta":{"_kad_blocks_custom_css":"","_kad_blocks_head_custom_js":"","_kad_blocks_body_custom_js":"","_kad_blocks_footer_custom_js":"","_kadence_starter_templates_imported_post":false,"_kad_post_transparent":"default","_kad_post_title":"","_kad_post_layout":"default","_kad_post_sidebar_id":"","_kad_post_content_style":"default","_kad_post_vertical_padding":"default","_kad_post_feature":"","_kad_post_feature_position":"","_kad_post_header":false,"_kad_post_footer":false,"_kad_post_classname":""},"product_brand":[],"product_cat":[269,275,281,287,354,359],"product_tag":[704],"class_list":{"0":"post-8745","1":"product","2":"type-product","3":"status-publish","4":"has-post-thumbnail","6":"product_cat-cuidado-anti-idade","7":"product_cat-homens-a-partir-de-25-anos","8":"product_cat-mulheres-acima-de-40","9":"product_cat-mulheres-ate-40","10":"product_cat-promocoes","11":"product_cat-zeitgard-pro-pt-pt","12":"product_tag-para-rugas-no-rosto","14":"first","15":"instock","16":"sale","17":"taxable","18":"shipping-taxable","19":"purchasable","20":"product-type-simple","21":"entry","22":"content-bg","23":"loop-entry"},"yoast_head":"<!-- This site is optimized with the Yoast SEO Premium plugin v27.5 (Yoast SEO v27.5) - https:\/\/yoast.com\/product\/yoast-seo-premium-wordpress\/ -->\n<title>Peeling Ultrass\u00f4nico Facial Zeitgard Pro faz o seu rosto brilhar<\/title>\n<meta name=\"description\" content=\"O Peeling Ultrass\u00f4nico Facial Zeitgard Pro funciona removera efetivamente sujeira, espinhas, c\u00e9lulas mortas da camada c\u00f3rnea da epiderme e excesso de sebo\" \/>\n<meta name=\"robots\" content=\"index, follow, max-snippet:-1, max-image-preview:large, max-video-preview:-1\" \/>\n<link rel=\"canonical\" href=\"https:\/\/www.lraloeverashop.eu\/pt-pt\/produto\/zeitgard-pro-kit-peeling-facial\/\" \/>\n<meta property=\"og:locale\" content=\"pt_PT\" \/>\n<meta property=\"og:type\" content=\"article\" \/>\n<meta property=\"og:title\" content=\"Peeling Ultrass\u00f4nico Facial Zeitgard Pro\" \/>\n<meta property=\"og:description\" content=\"O Peeling Ultrass\u00f4nico Facial Zeitgard Pro funciona removera efetivamente sujeira, espinhas, c\u00e9lulas mortas da camada c\u00f3rnea da epiderme e excesso de sebo\" \/>\n<meta property=\"og:url\" content=\"https:\/\/www.lraloeverashop.eu\/pt-pt\/produto\/zeitgard-pro-kit-peeling-facial\/\" \/>\n<meta property=\"og:site_name\" content=\"Lr Loja Aloe Vera\" \/>\n<meta property=\"article:publisher\" content=\"https:\/\/www.facebook.com\/lraloeverashop.eu\" \/>\n<meta property=\"article:modified_time\" content=\"2026-02-08T09:00:14+00:00\" \/>\n<meta property=\"og:image\" content=\"https:\/\/www.lraloeverashop.eu\/wp-content\/uploads\/2022\/10\/Zeitgard-Skin-Peeling-Kit.jpg\" \/>\n\t<meta property=\"og:image:width\" content=\"1200\" \/>\n\t<meta property=\"og:image:height\" content=\"1200\" \/>\n\t<meta property=\"og:image:type\" content=\"image\/jpeg\" \/>\n<meta name=\"twitter:card\" content=\"summary_large_image\" \/>\n<meta name=\"twitter:site\" content=\"@natur__kosmetik\" \/>\n<script type=\"application\/ld+json\" class=\"yoast-schema-graph\">{\"@context\":\"https:\\\/\\\/schema.org\",\"@graph\":[{\"@type\":[\"WebPage\",\"ItemPage\"],\"@id\":\"https:\\\/\\\/www.lraloeverashop.eu\\\/pt-pt\\\/produto\\\/zeitgard-pro-kit-peeling-facial\\\/\",\"url\":\"https:\\\/\\\/www.lraloeverashop.eu\\\/pt-pt\\\/produto\\\/zeitgard-pro-kit-peeling-facial\\\/\",\"name\":\"Peeling Ultrass\u00f4nico Facial Zeitgard Pro faz o seu rosto brilhar\",\"isPartOf\":{\"@id\":\"https:\\\/\\\/www.lraloeverashop.eu\\\/pt-pt\\\/#website\"},\"primaryImageOfPage\":{\"@id\":\"https:\\\/\\\/www.lraloeverashop.eu\\\/pt-pt\\\/produto\\\/zeitgard-pro-kit-peeling-facial\\\/#primaryimage\"},\"image\":{\"@id\":\"https:\\\/\\\/www.lraloeverashop.eu\\\/pt-pt\\\/produto\\\/zeitgard-pro-kit-peeling-facial\\\/#primaryimage\"},\"thumbnailUrl\":\"https:\\\/\\\/www.lraloeverashop.eu\\\/wp-content\\\/uploads\\\/2022\\\/10\\\/Zeitgard-Skin-Peeling-Kit.jpg\",\"datePublished\":\"2022-10-21T12:19:21+00:00\",\"dateModified\":\"2026-02-08T09:00:14+00:00\",\"description\":\"O Peeling Ultrass\u00f4nico Facial Zeitgard Pro funciona removera efetivamente sujeira, espinhas, c\u00e9lulas mortas da camada c\u00f3rnea da epiderme e excesso de sebo\",\"breadcrumb\":{\"@id\":\"https:\\\/\\\/www.lraloeverashop.eu\\\/pt-pt\\\/produto\\\/zeitgard-pro-kit-peeling-facial\\\/#breadcrumb\"},\"inLanguage\":\"pt-PT\",\"potentialAction\":[{\"@type\":\"ReadAction\",\"target\":[\"https:\\\/\\\/www.lraloeverashop.eu\\\/pt-pt\\\/produto\\\/zeitgard-pro-kit-peeling-facial\\\/\"]}]},{\"@type\":\"ImageObject\",\"inLanguage\":\"pt-PT\",\"@id\":\"https:\\\/\\\/www.lraloeverashop.eu\\\/pt-pt\\\/produto\\\/zeitgard-pro-kit-peeling-facial\\\/#primaryimage\",\"url\":\"https:\\\/\\\/www.lraloeverashop.eu\\\/wp-content\\\/uploads\\\/2022\\\/10\\\/Zeitgard-Skin-Peeling-Kit.jpg\",\"contentUrl\":\"https:\\\/\\\/www.lraloeverashop.eu\\\/wp-content\\\/uploads\\\/2022\\\/10\\\/Zeitgard-Skin-Peeling-Kit.jpg\",\"width\":1200,\"height\":1200,\"caption\":\"Kit de peeling facial Zeitgard Pro\"},{\"@type\":\"BreadcrumbList\",\"@id\":\"https:\\\/\\\/www.lraloeverashop.eu\\\/pt-pt\\\/produto\\\/zeitgard-pro-kit-peeling-facial\\\/#breadcrumb\",\"itemListElement\":[{\"@type\":\"ListItem\",\"position\":1,\"name\":\"Home\",\"item\":\"https:\\\/\\\/www.lraloeverashop.eu\\\/pt-pt\\\/\"},{\"@type\":\"ListItem\",\"position\":2,\"name\":\"Loja\",\"item\":\"https:\\\/\\\/www.lraloeverashop.eu\\\/pt-pt\\\/loja\\\/\"},{\"@type\":\"ListItem\",\"position\":3,\"name\":\"Peeling Ultrass\u00f4nico Facial Zeitgard Pro\"}]},{\"@type\":\"WebSite\",\"@id\":\"https:\\\/\\\/www.lraloeverashop.eu\\\/pt-pt\\\/#website\",\"url\":\"https:\\\/\\\/www.lraloeverashop.eu\\\/pt-pt\\\/\",\"name\":\"Lr Loja Aloe Vera\",\"description\":\"High Quality Lr Aloe Vera Gel, Aloe Vera Cream and Shampoo\",\"publisher\":{\"@id\":\"https:\\\/\\\/www.lraloeverashop.eu\\\/pt-pt\\\/#organization\"},\"alternateName\":\"LR\",\"potentialAction\":[{\"@type\":\"SearchAction\",\"target\":{\"@type\":\"EntryPoint\",\"urlTemplate\":\"https:\\\/\\\/www.lraloeverashop.eu\\\/pt-pt\\\/?s={search_term_string}\"},\"query-input\":{\"@type\":\"PropertyValueSpecification\",\"valueRequired\":true,\"valueName\":\"search_term_string\"}}],\"inLanguage\":\"pt-PT\"},{\"@type\":\"Organization\",\"@id\":\"https:\\\/\\\/www.lraloeverashop.eu\\\/pt-pt\\\/#organization\",\"name\":\"Loja Lr Aloe Vera\",\"alternateName\":\"LR\",\"url\":\"https:\\\/\\\/www.lraloeverashop.eu\\\/pt-pt\\\/\",\"logo\":{\"@type\":\"ImageObject\",\"inLanguage\":\"pt-PT\",\"@id\":\"https:\\\/\\\/www.lraloeverashop.eu\\\/pt-pt\\\/#\\\/schema\\\/logo\\\/image\\\/\",\"url\":\"https:\\\/\\\/www.lraloeverashop.eu\\\/wp-content\\\/uploads\\\/2022\\\/09\\\/cropped-Lr-Aloe-Vera-Shop.jpg\",\"contentUrl\":\"https:\\\/\\\/www.lraloeverashop.eu\\\/wp-content\\\/uploads\\\/2022\\\/09\\\/cropped-Lr-Aloe-Vera-Shop.jpg\",\"width\":228,\"height\":76,\"caption\":\"Loja Lr Aloe Vera\"},\"image\":{\"@id\":\"https:\\\/\\\/www.lraloeverashop.eu\\\/pt-pt\\\/#\\\/schema\\\/logo\\\/image\\\/\"},\"sameAs\":[\"https:\\\/\\\/www.facebook.com\\\/lraloeverashop.eu\",\"https:\\\/\\\/x.com\\\/natur__kosmetik\",\"https:\\\/\\\/www.youtube.com\\\/channel\\\/UC5oN7BJ8nfYb8RpVtjwDEBA\",\"https:\\\/\\\/www.instagram.com\\\/lrbeautyeu\\\/\"],\"description\":\"Loja Lr Aloe Vera \u00e9 o seu destino de confian\u00e7a para os produtos de sa\u00fade e beleza premium da LR, fabricados na Alemanha. Oferecemos solu\u00e7\u00f5es de alta qualidade para o cuidado da pele, nutri\u00e7\u00e3o e antienvelhecimento \u00e0 base de Alo\u00e9 Vera, elaboradas com ingredientes puros e apoiadas em investiga\u00e7\u00e3o cient\u00edfica. Descubra o cuidado natural que regenera, protege e revitaliza a sua pele \u2014 e aproveite as ofertas mensais exclusivas nos nossos produtos LR Alo\u00e9 Vera mais vendidos.\\nComece hoje mesmo a sua jornada de cuidados naturais com a pele e sinta a diferen\u00e7a.\",\"email\":\"info@lraloeverashop.eu\",\"telephone\":\"+49 17670609653\",\"legalName\":\"Lr Aloe Vera Shop\",\"foundingDate\":\"2018-04-21\",\"numberOfEmployees\":{\"@type\":\"QuantitativeValue\",\"minValue\":\"1\",\"maxValue\":\"10\"}}]}<\/script>\n<meta property=\"product:price:amount\" content=\"175.99\" \/>\n<meta property=\"product:price:currency\" content=\"EUR\" \/>\n<meta property=\"og:availability\" content=\"instock\" \/>\n<meta property=\"product:availability\" content=\"instock\" \/>\n<meta property=\"product:retailer_item_id\" content=\"70110-2PT\" \/>\n<meta property=\"product:condition\" content=\"new\" \/>\n<!-- \/ Yoast SEO Premium plugin. -->","yoast_head_json":{"title":"Peeling Ultrass\u00f4nico Facial Zeitgard Pro faz o seu rosto brilhar","description":"O Peeling Ultrass\u00f4nico Facial Zeitgard Pro funciona removera efetivamente sujeira, espinhas, c\u00e9lulas mortas da camada c\u00f3rnea da epiderme e excesso de sebo","robots":{"index":"index","follow":"follow","max-snippet":"max-snippet:-1","max-image-preview":"max-image-preview:large","max-video-preview":"max-video-preview:-1"},"canonical":"https:\/\/www.lraloeverashop.eu\/pt-pt\/produto\/zeitgard-pro-kit-peeling-facial\/","og_locale":"pt_PT","og_type":"article","og_title":"Peeling Ultrass\u00f4nico Facial Zeitgard Pro","og_description":"O Peeling Ultrass\u00f4nico Facial Zeitgard Pro funciona removera efetivamente sujeira, espinhas, c\u00e9lulas mortas da camada c\u00f3rnea da epiderme e excesso de sebo","og_url":"https:\/\/www.lraloeverashop.eu\/pt-pt\/produto\/zeitgard-pro-kit-peeling-facial\/","og_site_name":"Lr Loja Aloe Vera","article_publisher":"https:\/\/www.facebook.com\/lraloeverashop.eu","article_modified_time":"2026-02-08T09:00:14+00:00","og_image":[{"width":1200,"height":1200,"url":"https:\/\/www.lraloeverashop.eu\/wp-content\/uploads\/2022\/10\/Zeitgard-Skin-Peeling-Kit.jpg","type":"image\/jpeg"}],"twitter_card":"summary_large_image","twitter_site":"@natur__kosmetik","schema":{"@context":"https:\/\/schema.org","@graph":[{"@type":["WebPage","ItemPage"],"@id":"https:\/\/www.lraloeverashop.eu\/pt-pt\/produto\/zeitgard-pro-kit-peeling-facial\/","url":"https:\/\/www.lraloeverashop.eu\/pt-pt\/produto\/zeitgard-pro-kit-peeling-facial\/","name":"Peeling Ultrass\u00f4nico Facial Zeitgard Pro faz o seu rosto brilhar","isPartOf":{"@id":"https:\/\/www.lraloeverashop.eu\/pt-pt\/#website"},"primaryImageOfPage":{"@id":"https:\/\/www.lraloeverashop.eu\/pt-pt\/produto\/zeitgard-pro-kit-peeling-facial\/#primaryimage"},"image":{"@id":"https:\/\/www.lraloeverashop.eu\/pt-pt\/produto\/zeitgard-pro-kit-peeling-facial\/#primaryimage"},"thumbnailUrl":"https:\/\/www.lraloeverashop.eu\/wp-content\/uploads\/2022\/10\/Zeitgard-Skin-Peeling-Kit.jpg","datePublished":"2022-10-21T12:19:21+00:00","dateModified":"2026-02-08T09:00:14+00:00","description":"O Peeling Ultrass\u00f4nico Facial Zeitgard Pro funciona removera efetivamente sujeira, espinhas, c\u00e9lulas mortas da camada c\u00f3rnea da epiderme e excesso de sebo","breadcrumb":{"@id":"https:\/\/www.lraloeverashop.eu\/pt-pt\/produto\/zeitgard-pro-kit-peeling-facial\/#breadcrumb"},"inLanguage":"pt-PT","potentialAction":[{"@type":"ReadAction","target":["https:\/\/www.lraloeverashop.eu\/pt-pt\/produto\/zeitgard-pro-kit-peeling-facial\/"]}]},{"@type":"ImageObject","inLanguage":"pt-PT","@id":"https:\/\/www.lraloeverashop.eu\/pt-pt\/produto\/zeitgard-pro-kit-peeling-facial\/#primaryimage","url":"https:\/\/www.lraloeverashop.eu\/wp-content\/uploads\/2022\/10\/Zeitgard-Skin-Peeling-Kit.jpg","contentUrl":"https:\/\/www.lraloeverashop.eu\/wp-content\/uploads\/2022\/10\/Zeitgard-Skin-Peeling-Kit.jpg","width":1200,"height":1200,"caption":"Kit de peeling facial Zeitgard Pro"},{"@type":"BreadcrumbList","@id":"https:\/\/www.lraloeverashop.eu\/pt-pt\/produto\/zeitgard-pro-kit-peeling-facial\/#breadcrumb","itemListElement":[{"@type":"ListItem","position":1,"name":"Home","item":"https:\/\/www.lraloeverashop.eu\/pt-pt\/"},{"@type":"ListItem","position":2,"name":"Loja","item":"https:\/\/www.lraloeverashop.eu\/pt-pt\/loja\/"},{"@type":"ListItem","position":3,"name":"Peeling Ultrass\u00f4nico Facial Zeitgard Pro"}]},{"@type":"WebSite","@id":"https:\/\/www.lraloeverashop.eu\/pt-pt\/#website","url":"https:\/\/www.lraloeverashop.eu\/pt-pt\/","name":"Lr Loja Aloe Vera","description":"High Quality Lr Aloe Vera Gel, Aloe Vera Cream and Shampoo","publisher":{"@id":"https:\/\/www.lraloeverashop.eu\/pt-pt\/#organization"},"alternateName":"LR","potentialAction":[{"@type":"SearchAction","target":{"@type":"EntryPoint","urlTemplate":"https:\/\/www.lraloeverashop.eu\/pt-pt\/?s={search_term_string}"},"query-input":{"@type":"PropertyValueSpecification","valueRequired":true,"valueName":"search_term_string"}}],"inLanguage":"pt-PT"},{"@type":"Organization","@id":"https:\/\/www.lraloeverashop.eu\/pt-pt\/#organization","name":"Loja Lr Aloe Vera","alternateName":"LR","url":"https:\/\/www.lraloeverashop.eu\/pt-pt\/","logo":{"@type":"ImageObject","inLanguage":"pt-PT","@id":"https:\/\/www.lraloeverashop.eu\/pt-pt\/#\/schema\/logo\/image\/","url":"https:\/\/www.lraloeverashop.eu\/wp-content\/uploads\/2022\/09\/cropped-Lr-Aloe-Vera-Shop.jpg","contentUrl":"https:\/\/www.lraloeverashop.eu\/wp-content\/uploads\/2022\/09\/cropped-Lr-Aloe-Vera-Shop.jpg","width":228,"height":76,"caption":"Loja Lr Aloe Vera"},"image":{"@id":"https:\/\/www.lraloeverashop.eu\/pt-pt\/#\/schema\/logo\/image\/"},"sameAs":["https:\/\/www.facebook.com\/lraloeverashop.eu","https:\/\/x.com\/natur__kosmetik","https:\/\/www.youtube.com\/channel\/UC5oN7BJ8nfYb8RpVtjwDEBA","https:\/\/www.instagram.com\/lrbeautyeu\/"],"description":"Loja Lr Aloe Vera \u00e9 o seu destino de confian\u00e7a para os produtos de sa\u00fade e beleza premium da LR, fabricados na Alemanha. Oferecemos solu\u00e7\u00f5es de alta qualidade para o cuidado da pele, nutri\u00e7\u00e3o e antienvelhecimento \u00e0 base de Alo\u00e9 Vera, elaboradas com ingredientes puros e apoiadas em investiga\u00e7\u00e3o cient\u00edfica. Descubra o cuidado natural que regenera, protege e revitaliza a sua pele \u2014 e aproveite as ofertas mensais exclusivas nos nossos produtos LR Alo\u00e9 Vera mais vendidos.\nComece hoje mesmo a sua jornada de cuidados naturais com a pele e sinta a diferen\u00e7a.","email":"info@lraloeverashop.eu","telephone":"+49 17670609653","legalName":"Lr Aloe Vera Shop","foundingDate":"2018-04-21","numberOfEmployees":{"@type":"QuantitativeValue","minValue":"1","maxValue":"10"}}]},"product_price_amount":"175.99","product_price_currency":"EUR","og_availability":"instock","product_availability":"instock","product_retailer_item_id":"70110-2PT","product_condition":"new"},"taxonomy_info":{"product_cat":[{"value":269,"label":"Cuidado Anti-idade"},{"value":275,"label":"Homens a partir de 25 anos"},{"value":281,"label":"Mulheres acima de 40"},{"value":287,"label":"Mulheres at\u00e9 40"},{"value":354,"label":"Promo\u00e7\u00f5es"},{"value":359,"label":"Zeitgard Pro"}],"product_tag":[{"value":704,"label":"para rugas no rosto"}]},"featured_image_src_large":["https:\/\/www.lraloeverashop.eu\/wp-content\/uploads\/2022\/10\/Zeitgard-Skin-Peeling-Kit-1024x1024.jpg",1024,1024,true],"author_info":[],"comment_info":0,"_links":{"self":[{"href":"https:\/\/www.lraloeverashop.eu\/pt-pt\/wp-json\/wp\/v2\/product\/8745","targetHints":{"allow":["GET"]}}],"collection":[{"href":"https:\/\/www.lraloeverashop.eu\/pt-pt\/wp-json\/wp\/v2\/product"}],"about":[{"href":"https:\/\/www.lraloeverashop.eu\/pt-pt\/wp-json\/wp\/v2\/types\/product"}],"replies":[{"embeddable":true,"href":"https:\/\/www.lraloeverashop.eu\/pt-pt\/wp-json\/wp\/v2\/comments?post=8745"}],"wp:featuredmedia":[{"embeddable":true,"href":"https:\/\/www.lraloeverashop.eu\/pt-pt\/wp-json\/wp\/v2\/media\/6009"}],"wp:attachment":[{"href":"https:\/\/www.lraloeverashop.eu\/pt-pt\/wp-json\/wp\/v2\/media?parent=8745"}],"wp:term":[{"taxonomy":"product_brand","embeddable":true,"href":"https:\/\/www.lraloeverashop.eu\/pt-pt\/wp-json\/wp\/v2\/product_brand?post=8745"},{"taxonomy":"product_cat","embeddable":true,"href":"https:\/\/www.lraloeverashop.eu\/pt-pt\/wp-json\/wp\/v2\/product_cat?post=8745"},{"taxonomy":"product_tag","embeddable":true,"href":"https:\/\/www.lraloeverashop.eu\/pt-pt\/wp-json\/wp\/v2\/product_tag?post=8745"}],"curies":[{"name":"wp","href":"https:\/\/api.w.org\/{rel}","templated":true}]}}