{"id":8735,"date":"2022-10-22T05:50:49","date_gmt":"2022-10-22T03:50:49","guid":{"rendered":"https:\/\/www.lraloeverashop.eu\/product\/zeitgard-pro-kit-de-massagem-corporal\/"},"modified":"2026-02-08T10:00:03","modified_gmt":"2026-02-08T09:00:03","slug":"zeitgard-pro-kit-de-massagem-corporal","status":"publish","type":"product","link":"https:\/\/www.lraloeverashop.eu\/pt-pt\/produto\/zeitgard-pro-kit-de-massagem-corporal\/","title":{"rendered":"Zeitgard Pro Kit de Massagem Corporal"},"content":{"rendered":"<h2><span style=\"font-size: 16pt; color: #000000;\"><strong>Kit de Massagem Corporal Zeitgard Pro<\/strong><\/span><\/h2>\n<p><span style=\"font-size: 14pt;\"><strong>Kit de Massagem Corporal Zeitgard Pro para uma pele lisa sem celulite.<\/strong><\/span><\/p>\n<p>O Kit Massagem Corporal foi projetado principalmente para esticar a pele na <a href=\"https:\/\/www.lraloeverashop.eu\/pt-pt\/produto\/aloe-vera-creme-corporal-corretor\/\">parte superior dos bra\u00e7os<\/a>, est\u00f4mago, pernas e bumbum. Recomendamos o Kit Massagem Corporal Zeitgard Pro para mulheres a partir dos 25 anos que desejam ter uma pele lisinha e sem sinais de celulite.<br \/>\nTensiona a pele, d\u00e1-lhe firmeza e promove a capacidade natural do corpo de eliminar poluentes atrav\u00e9s do sistema vascular e linf\u00e1tico.<\/p>\n<p>O tratamento de ultrassom com o Kit de Massagem Corporal pode melhorar a apar\u00eancia da celulite. Os produtos residuais alojados entre as c\u00e9lulas adiposas s\u00e3o soltos pelo tratamento de ultrassom, e o fluido linf\u00e1tico pode carreg\u00e1-los.<\/p>\n<p>Falando figurativamente, as <a href=\"https:\/\/www.lraloeverashop.eu\/pt-pt\/produto\/lr-aloe-vera-gel-modelador-corporal\/\">c\u00e9lulas de gordura<\/a> s\u00e3o \u201cliquefeitas\u201d semelhante a quando voc\u00ea deixa os cubos de gelo derreterem e depois os congela novamente, ent\u00e3o eles formam uma superf\u00edcie mais uniforme. O ultrassom age como uma massagem profunda nos tecidos.<\/p>\n<p>O fluxo sangu\u00edneo \u00e9 estimulado e os fios de elastina e col\u00e1geno relaxam.<br \/>\nTamb\u00e9m recomendamos uma dieta saud\u00e1vel e alcalina, ingest\u00e3o suficiente de l\u00edquidos e evitar bebidas, doces e tabaco.<\/p>\n<p>Tomar o <a href=\"https:\/\/www.lraloeverashop.eu\/pt-pt\/produto\/lr-beauty-elixir-5-em-1\/\">Lr 5in1 Beauty Elixir<\/a> tamb\u00e9m pode ajudar a promover a capacidade do corpo de gerar col\u00e1geno e melhorar a elasticidade da pele.<\/p>\n<p><strong>Se voc\u00ea est\u00e1 gr\u00e1vida, sofre de doen\u00e7as card\u00edacas, tem marca-passo, tumores, c\u00e2ncer de pele, queimaduras solares, feridas abertas, dist\u00farbios circulat\u00f3rios, trombose, dist\u00farbio de coagula\u00e7\u00e3o do sangue, epilepsia ou doen\u00e7as infecciosas (febre, AIDS etc.), voc\u00ea deve discutir permanente , uso regular com o seu m\u00e9dico.<\/strong><\/p>\n<p>&nbsp;<\/p>\n<h3><span style=\"font-size: 16pt;\"><strong>Como usar o kit<\/strong><\/span><\/h3>\n<p>Aplique um pouco do <a href=\"https:\/\/www.lraloeverashop.eu\/pt-pt\/produto\/creme-corporal-zeitgard-pro\/\">Creme Refirmante Lr Zeitgard<\/a> na pele e massageie essa se\u00e7\u00e3o com movimentos circulares suaves usando o Zeitgard Pro Kit de Massagem Corporal.<\/p>\n<p>Voc\u00ea deve sempre <a href=\"https:\/\/www.lraloeverashop.eu\/pt-pt\/produto\/acessorio-de-massagem-corporal-zeitgard-pro\/\">massagear<\/a> em dire\u00e7\u00e3o aos g\u00e2nglios linf\u00e1ticos. Trate as pernas (massagem na virilha), o est\u00f4mago (massagem na virilha ou axilas), o bumbum (massagem na virilha ou a parte de tr\u00e1s do joelho) e os bra\u00e7os (massagem nas axilas).<\/p>\n<p>Proceda zona a zona e aplique o creme apenas na zona que vai massajar. Para obter os melhores resultados poss\u00edveis, fa\u00e7a este tratamento at\u00e9 duas vezes ao dia.<\/p>\n<p>&nbsp;<\/p>\n<p><img loading=\"lazy\" decoding=\"async\" class=\"aligncenter wp-image-3129\" src=\"https:\/\/www.lraloeverashop.eu\/wp-content\/uploads\/2022\/10\/Lr-Zeitgard-Pro-Body-massage-Device-in-use-1024x536.jpg\" alt=\"Lr Zeitgard Pro Body massage Device in use\" width=\"1229\" height=\"644\" srcset=\"https:\/\/www.lraloeverashop.eu\/wp-content\/uploads\/2022\/10\/Lr-Zeitgard-Pro-Body-massage-Device-in-use-1024x536.jpg 1024w, https:\/\/www.lraloeverashop.eu\/wp-content\/uploads\/2022\/10\/Lr-Zeitgard-Pro-Body-massage-Device-in-use-600x314.jpg 600w, https:\/\/www.lraloeverashop.eu\/wp-content\/uploads\/2022\/10\/Lr-Zeitgard-Pro-Body-massage-Device-in-use-300x157.jpg 300w, https:\/\/www.lraloeverashop.eu\/wp-content\/uploads\/2022\/10\/Lr-Zeitgard-Pro-Body-massage-Device-in-use-768x402.jpg 768w, https:\/\/www.lraloeverashop.eu\/wp-content\/uploads\/2022\/10\/Lr-Zeitgard-Pro-Body-massage-Device-in-use-1536x804.jpg 1536w, https:\/\/www.lraloeverashop.eu\/wp-content\/uploads\/2022\/10\/Lr-Zeitgard-Pro-Body-massage-Device-in-use-2048x1072.jpg 2048w\" sizes=\"auto, (max-width: 1229px) 100vw, 1229px\" \/><\/p>\n","protected":false},"excerpt":{"rendered":"<ul>\n<li>O kit inclui 1 dispositivo cosm\u00e9tico Zeitgard Pro, 1 acess\u00f3rio de massagem<\/li>\n<li>Firme e alise a pele dos bra\u00e7os, barriga, coxas e n\u00e1degas<\/li>\n<li>Apoia a remo\u00e7\u00e3o das c\u00e9lulas de gordura<\/li>\n<li>Da s\u00e9rie Zeitgard Pro Skin Care<\/li>\n<li>Est\u00fadio de beleza em casa<\/li>\n<li>Feito na Alemanha<\/li>\n<\/ul>\n<p><span style=\"color: #ff0000;\"><a style=\"color: #ff0000;\" href=\"https:\/\/shop.lrworld.com\/openpao?PHP=0vFlt7jT938BEnBI3a6e9w%3D%3D\"><span style=\"font-size: 14pt;\"><strong>Registe-se aqui e poupe 35% em todos os pedidos<\/strong><\/span><\/a><\/span><\/p>\n","protected":false},"featured_media":6033,"comment_status":"open","ping_status":"closed","template":"","meta":{"_kad_blocks_custom_css":"","_kad_blocks_head_custom_js":"","_kad_blocks_body_custom_js":"","_kad_blocks_footer_custom_js":"","_kadence_starter_templates_imported_post":false,"_kad_post_transparent":"default","_kad_post_title":"","_kad_post_layout":"default","_kad_post_sidebar_id":"","_kad_post_content_style":"default","_kad_post_vertical_padding":"default","_kad_post_feature":"","_kad_post_feature_position":"","_kad_post_header":false,"_kad_post_footer":false,"_kad_post_classname":""},"product_brand":[],"product_cat":[269,275,281,287,359],"product_tag":[704],"class_list":{"0":"post-8735","1":"product","2":"type-product","3":"status-publish","4":"has-post-thumbnail","6":"product_cat-cuidado-anti-idade","7":"product_cat-homens-a-partir-de-25-anos","8":"product_cat-mulheres-acima-de-40","9":"product_cat-mulheres-ate-40","10":"product_cat-zeitgard-pro-pt-pt","11":"product_tag-para-rugas-no-rosto","13":"first","14":"instock","15":"taxable","16":"shipping-taxable","17":"purchasable","18":"product-type-simple","19":"entry","20":"content-bg","21":"loop-entry"},"yoast_head":"<!-- This site is optimized with the Yoast SEO Premium plugin v27.4 (Yoast SEO v27.4) - https:\/\/yoast.com\/product\/yoast-seo-premium-wordpress\/ -->\n<title>Kit de Massagem Corporal Zeitgard Pro para uma pele sem celulite<\/title>\n<meta name=\"description\" content=\"Kit de Massagem Corporal Zeitgard Pro firme e alise a pele dos bra\u00e7os, barriga, coxas e n\u00e1degas. Apoia a remo\u00e7\u00e3o das c\u00e9lulas de gordura. Feito na Alemanha\" \/>\n<meta name=\"robots\" content=\"index, follow, max-snippet:-1, max-image-preview:large, max-video-preview:-1\" \/>\n<link rel=\"canonical\" href=\"https:\/\/www.lraloeverashop.eu\/pt-pt\/produto\/zeitgard-pro-kit-de-massagem-corporal\/\" \/>\n<meta property=\"og:locale\" content=\"pt_PT\" \/>\n<meta property=\"og:type\" content=\"article\" \/>\n<meta property=\"og:title\" content=\"Zeitgard Pro Kit de Massagem Corporal\" \/>\n<meta property=\"og:description\" content=\"Kit de Massagem Corporal Zeitgard Pro firme e alise a pele dos bra\u00e7os, barriga, coxas e n\u00e1degas. Apoia a remo\u00e7\u00e3o das c\u00e9lulas de gordura. Feito na Alemanha\" \/>\n<meta property=\"og:url\" content=\"https:\/\/www.lraloeverashop.eu\/pt-pt\/produto\/zeitgard-pro-kit-de-massagem-corporal\/\" \/>\n<meta property=\"og:site_name\" content=\"Lr Loja Aloe Vera\" \/>\n<meta property=\"article:publisher\" content=\"https:\/\/www.facebook.com\/lraloeverashop.eu\" \/>\n<meta property=\"article:modified_time\" content=\"2026-02-08T09:00:03+00:00\" \/>\n<meta property=\"og:image\" content=\"https:\/\/www.lraloeverashop.eu\/wp-content\/uploads\/2022\/10\/Zeitgard-Pro-Body-Massage-Kit.jpg\" \/>\n\t<meta property=\"og:image:width\" content=\"1200\" \/>\n\t<meta property=\"og:image:height\" content=\"1200\" \/>\n\t<meta property=\"og:image:type\" content=\"image\/jpeg\" \/>\n<meta name=\"twitter:card\" content=\"summary_large_image\" \/>\n<meta name=\"twitter:site\" content=\"@natur__kosmetik\" \/>\n<script type=\"application\/ld+json\" class=\"yoast-schema-graph\">{\"@context\":\"https:\\\/\\\/schema.org\",\"@graph\":[{\"@type\":[\"WebPage\",\"ItemPage\"],\"@id\":\"https:\\\/\\\/www.lraloeverashop.eu\\\/pt-pt\\\/produto\\\/zeitgard-pro-kit-de-massagem-corporal\\\/\",\"url\":\"https:\\\/\\\/www.lraloeverashop.eu\\\/pt-pt\\\/produto\\\/zeitgard-pro-kit-de-massagem-corporal\\\/\",\"name\":\"Kit de Massagem Corporal Zeitgard Pro para uma pele sem celulite\",\"isPartOf\":{\"@id\":\"https:\\\/\\\/www.lraloeverashop.eu\\\/pt-pt\\\/#website\"},\"primaryImageOfPage\":{\"@id\":\"https:\\\/\\\/www.lraloeverashop.eu\\\/pt-pt\\\/produto\\\/zeitgard-pro-kit-de-massagem-corporal\\\/#primaryimage\"},\"image\":{\"@id\":\"https:\\\/\\\/www.lraloeverashop.eu\\\/pt-pt\\\/produto\\\/zeitgard-pro-kit-de-massagem-corporal\\\/#primaryimage\"},\"thumbnailUrl\":\"https:\\\/\\\/www.lraloeverashop.eu\\\/wp-content\\\/uploads\\\/2022\\\/10\\\/Zeitgard-Pro-Body-Massage-Kit.jpg\",\"datePublished\":\"2022-10-22T03:50:49+00:00\",\"dateModified\":\"2026-02-08T09:00:03+00:00\",\"description\":\"Kit de Massagem Corporal Zeitgard Pro firme e alise a pele dos bra\u00e7os, barriga, coxas e n\u00e1degas. Apoia a remo\u00e7\u00e3o das c\u00e9lulas de gordura. Feito na Alemanha\",\"breadcrumb\":{\"@id\":\"https:\\\/\\\/www.lraloeverashop.eu\\\/pt-pt\\\/produto\\\/zeitgard-pro-kit-de-massagem-corporal\\\/#breadcrumb\"},\"inLanguage\":\"pt-PT\",\"potentialAction\":[{\"@type\":\"ReadAction\",\"target\":[\"https:\\\/\\\/www.lraloeverashop.eu\\\/pt-pt\\\/produto\\\/zeitgard-pro-kit-de-massagem-corporal\\\/\"]}]},{\"@type\":\"ImageObject\",\"inLanguage\":\"pt-PT\",\"@id\":\"https:\\\/\\\/www.lraloeverashop.eu\\\/pt-pt\\\/produto\\\/zeitgard-pro-kit-de-massagem-corporal\\\/#primaryimage\",\"url\":\"https:\\\/\\\/www.lraloeverashop.eu\\\/wp-content\\\/uploads\\\/2022\\\/10\\\/Zeitgard-Pro-Body-Massage-Kit.jpg\",\"contentUrl\":\"https:\\\/\\\/www.lraloeverashop.eu\\\/wp-content\\\/uploads\\\/2022\\\/10\\\/Zeitgard-Pro-Body-Massage-Kit.jpg\",\"width\":1200,\"height\":1200,\"caption\":\"Kit de massagem corporal Zeitgard Pro\"},{\"@type\":\"BreadcrumbList\",\"@id\":\"https:\\\/\\\/www.lraloeverashop.eu\\\/pt-pt\\\/produto\\\/zeitgard-pro-kit-de-massagem-corporal\\\/#breadcrumb\",\"itemListElement\":[{\"@type\":\"ListItem\",\"position\":1,\"name\":\"Home\",\"item\":\"https:\\\/\\\/www.lraloeverashop.eu\\\/pt-pt\\\/\"},{\"@type\":\"ListItem\",\"position\":2,\"name\":\"Loja\",\"item\":\"https:\\\/\\\/www.lraloeverashop.eu\\\/pt-pt\\\/loja\\\/\"},{\"@type\":\"ListItem\",\"position\":3,\"name\":\"Zeitgard Pro Kit de Massagem Corporal\"}]},{\"@type\":\"WebSite\",\"@id\":\"https:\\\/\\\/www.lraloeverashop.eu\\\/pt-pt\\\/#website\",\"url\":\"https:\\\/\\\/www.lraloeverashop.eu\\\/pt-pt\\\/\",\"name\":\"Lr Loja Aloe Vera\",\"description\":\"High Quality Lr Aloe Vera Gel, Aloe Vera Cream and Shampoo\",\"publisher\":{\"@id\":\"https:\\\/\\\/www.lraloeverashop.eu\\\/pt-pt\\\/#organization\"},\"potentialAction\":[{\"@type\":\"SearchAction\",\"target\":{\"@type\":\"EntryPoint\",\"urlTemplate\":\"https:\\\/\\\/www.lraloeverashop.eu\\\/pt-pt\\\/?s={search_term_string}\"},\"query-input\":{\"@type\":\"PropertyValueSpecification\",\"valueRequired\":true,\"valueName\":\"search_term_string\"}}],\"inLanguage\":\"pt-PT\"},{\"@type\":\"Organization\",\"@id\":\"https:\\\/\\\/www.lraloeverashop.eu\\\/pt-pt\\\/#organization\",\"name\":\"Loja Lr Aloe Vera\",\"alternateName\":\"LR\",\"url\":\"https:\\\/\\\/www.lraloeverashop.eu\\\/pt-pt\\\/\",\"logo\":{\"@type\":\"ImageObject\",\"inLanguage\":\"pt-PT\",\"@id\":\"https:\\\/\\\/www.lraloeverashop.eu\\\/pt-pt\\\/#\\\/schema\\\/logo\\\/image\\\/\",\"url\":\"https:\\\/\\\/www.lraloeverashop.eu\\\/wp-content\\\/uploads\\\/2022\\\/09\\\/cropped-Lr-Aloe-Vera-Shop.jpg\",\"contentUrl\":\"https:\\\/\\\/www.lraloeverashop.eu\\\/wp-content\\\/uploads\\\/2022\\\/09\\\/cropped-Lr-Aloe-Vera-Shop.jpg\",\"width\":228,\"height\":76,\"caption\":\"Loja Lr Aloe Vera\"},\"image\":{\"@id\":\"https:\\\/\\\/www.lraloeverashop.eu\\\/pt-pt\\\/#\\\/schema\\\/logo\\\/image\\\/\"},\"sameAs\":[\"https:\\\/\\\/www.facebook.com\\\/lraloeverashop.eu\",\"https:\\\/\\\/x.com\\\/natur__kosmetik\",\"https:\\\/\\\/www.youtube.com\\\/channel\\\/UC5oN7BJ8nfYb8RpVtjwDEBA\",\"https:\\\/\\\/www.instagram.com\\\/lrbeautyeu\\\/\"],\"description\":\"Loja Lr Aloe Vera \u00e9 o seu destino de confian\u00e7a para os produtos de sa\u00fade e beleza premium da LR, fabricados na Alemanha. Oferecemos solu\u00e7\u00f5es de alta qualidade para o cuidado da pele, nutri\u00e7\u00e3o e antienvelhecimento \u00e0 base de Alo\u00e9 Vera, elaboradas com ingredientes puros e apoiadas em investiga\u00e7\u00e3o cient\u00edfica. Descubra o cuidado natural que regenera, protege e revitaliza a sua pele \u2014 e aproveite as ofertas mensais exclusivas nos nossos produtos LR Alo\u00e9 Vera mais vendidos.\\nComece hoje mesmo a sua jornada de cuidados naturais com a pele e sinta a diferen\u00e7a.\",\"email\":\"info@lraloeverashop.eu\",\"telephone\":\"+49 17670609653\",\"legalName\":\"Lr Aloe Vera Shop\",\"foundingDate\":\"2018-04-21\",\"numberOfEmployees\":{\"@type\":\"QuantitativeValue\",\"minValue\":\"1\",\"maxValue\":\"10\"}}]}<\/script>\n<meta property=\"product:price:amount\" content=\"335.99\" \/>\n<meta property=\"product:price:currency\" content=\"EUR\" \/>\n<meta property=\"og:availability\" content=\"instock\" \/>\n<meta property=\"product:availability\" content=\"instock\" \/>\n<meta property=\"product:retailer_item_id\" content=\"70110-4PT\" \/>\n<meta property=\"product:condition\" content=\"new\" \/>\n<!-- \/ Yoast SEO Premium plugin. -->","yoast_head_json":{"title":"Kit de Massagem Corporal Zeitgard Pro para uma pele sem celulite","description":"Kit de Massagem Corporal Zeitgard Pro firme e alise a pele dos bra\u00e7os, barriga, coxas e n\u00e1degas. Apoia a remo\u00e7\u00e3o das c\u00e9lulas de gordura. Feito na Alemanha","robots":{"index":"index","follow":"follow","max-snippet":"max-snippet:-1","max-image-preview":"max-image-preview:large","max-video-preview":"max-video-preview:-1"},"canonical":"https:\/\/www.lraloeverashop.eu\/pt-pt\/produto\/zeitgard-pro-kit-de-massagem-corporal\/","og_locale":"pt_PT","og_type":"article","og_title":"Zeitgard Pro Kit de Massagem Corporal","og_description":"Kit de Massagem Corporal Zeitgard Pro firme e alise a pele dos bra\u00e7os, barriga, coxas e n\u00e1degas. Apoia a remo\u00e7\u00e3o das c\u00e9lulas de gordura. Feito na Alemanha","og_url":"https:\/\/www.lraloeverashop.eu\/pt-pt\/produto\/zeitgard-pro-kit-de-massagem-corporal\/","og_site_name":"Lr Loja Aloe Vera","article_publisher":"https:\/\/www.facebook.com\/lraloeverashop.eu","article_modified_time":"2026-02-08T09:00:03+00:00","og_image":[{"width":1200,"height":1200,"url":"https:\/\/www.lraloeverashop.eu\/wp-content\/uploads\/2022\/10\/Zeitgard-Pro-Body-Massage-Kit.jpg","type":"image\/jpeg"}],"twitter_card":"summary_large_image","twitter_site":"@natur__kosmetik","schema":{"@context":"https:\/\/schema.org","@graph":[{"@type":["WebPage","ItemPage"],"@id":"https:\/\/www.lraloeverashop.eu\/pt-pt\/produto\/zeitgard-pro-kit-de-massagem-corporal\/","url":"https:\/\/www.lraloeverashop.eu\/pt-pt\/produto\/zeitgard-pro-kit-de-massagem-corporal\/","name":"Kit de Massagem Corporal Zeitgard Pro para uma pele sem celulite","isPartOf":{"@id":"https:\/\/www.lraloeverashop.eu\/pt-pt\/#website"},"primaryImageOfPage":{"@id":"https:\/\/www.lraloeverashop.eu\/pt-pt\/produto\/zeitgard-pro-kit-de-massagem-corporal\/#primaryimage"},"image":{"@id":"https:\/\/www.lraloeverashop.eu\/pt-pt\/produto\/zeitgard-pro-kit-de-massagem-corporal\/#primaryimage"},"thumbnailUrl":"https:\/\/www.lraloeverashop.eu\/wp-content\/uploads\/2022\/10\/Zeitgard-Pro-Body-Massage-Kit.jpg","datePublished":"2022-10-22T03:50:49+00:00","dateModified":"2026-02-08T09:00:03+00:00","description":"Kit de Massagem Corporal Zeitgard Pro firme e alise a pele dos bra\u00e7os, barriga, coxas e n\u00e1degas. Apoia a remo\u00e7\u00e3o das c\u00e9lulas de gordura. Feito na Alemanha","breadcrumb":{"@id":"https:\/\/www.lraloeverashop.eu\/pt-pt\/produto\/zeitgard-pro-kit-de-massagem-corporal\/#breadcrumb"},"inLanguage":"pt-PT","potentialAction":[{"@type":"ReadAction","target":["https:\/\/www.lraloeverashop.eu\/pt-pt\/produto\/zeitgard-pro-kit-de-massagem-corporal\/"]}]},{"@type":"ImageObject","inLanguage":"pt-PT","@id":"https:\/\/www.lraloeverashop.eu\/pt-pt\/produto\/zeitgard-pro-kit-de-massagem-corporal\/#primaryimage","url":"https:\/\/www.lraloeverashop.eu\/wp-content\/uploads\/2022\/10\/Zeitgard-Pro-Body-Massage-Kit.jpg","contentUrl":"https:\/\/www.lraloeverashop.eu\/wp-content\/uploads\/2022\/10\/Zeitgard-Pro-Body-Massage-Kit.jpg","width":1200,"height":1200,"caption":"Kit de massagem corporal Zeitgard Pro"},{"@type":"BreadcrumbList","@id":"https:\/\/www.lraloeverashop.eu\/pt-pt\/produto\/zeitgard-pro-kit-de-massagem-corporal\/#breadcrumb","itemListElement":[{"@type":"ListItem","position":1,"name":"Home","item":"https:\/\/www.lraloeverashop.eu\/pt-pt\/"},{"@type":"ListItem","position":2,"name":"Loja","item":"https:\/\/www.lraloeverashop.eu\/pt-pt\/loja\/"},{"@type":"ListItem","position":3,"name":"Zeitgard Pro Kit de Massagem Corporal"}]},{"@type":"WebSite","@id":"https:\/\/www.lraloeverashop.eu\/pt-pt\/#website","url":"https:\/\/www.lraloeverashop.eu\/pt-pt\/","name":"Lr Loja Aloe Vera","description":"High Quality Lr Aloe Vera Gel, Aloe Vera Cream and Shampoo","publisher":{"@id":"https:\/\/www.lraloeverashop.eu\/pt-pt\/#organization"},"potentialAction":[{"@type":"SearchAction","target":{"@type":"EntryPoint","urlTemplate":"https:\/\/www.lraloeverashop.eu\/pt-pt\/?s={search_term_string}"},"query-input":{"@type":"PropertyValueSpecification","valueRequired":true,"valueName":"search_term_string"}}],"inLanguage":"pt-PT"},{"@type":"Organization","@id":"https:\/\/www.lraloeverashop.eu\/pt-pt\/#organization","name":"Loja Lr Aloe Vera","alternateName":"LR","url":"https:\/\/www.lraloeverashop.eu\/pt-pt\/","logo":{"@type":"ImageObject","inLanguage":"pt-PT","@id":"https:\/\/www.lraloeverashop.eu\/pt-pt\/#\/schema\/logo\/image\/","url":"https:\/\/www.lraloeverashop.eu\/wp-content\/uploads\/2022\/09\/cropped-Lr-Aloe-Vera-Shop.jpg","contentUrl":"https:\/\/www.lraloeverashop.eu\/wp-content\/uploads\/2022\/09\/cropped-Lr-Aloe-Vera-Shop.jpg","width":228,"height":76,"caption":"Loja Lr Aloe Vera"},"image":{"@id":"https:\/\/www.lraloeverashop.eu\/pt-pt\/#\/schema\/logo\/image\/"},"sameAs":["https:\/\/www.facebook.com\/lraloeverashop.eu","https:\/\/x.com\/natur__kosmetik","https:\/\/www.youtube.com\/channel\/UC5oN7BJ8nfYb8RpVtjwDEBA","https:\/\/www.instagram.com\/lrbeautyeu\/"],"description":"Loja Lr Aloe Vera \u00e9 o seu destino de confian\u00e7a para os produtos de sa\u00fade e beleza premium da LR, fabricados na Alemanha. Oferecemos solu\u00e7\u00f5es de alta qualidade para o cuidado da pele, nutri\u00e7\u00e3o e antienvelhecimento \u00e0 base de Alo\u00e9 Vera, elaboradas com ingredientes puros e apoiadas em investiga\u00e7\u00e3o cient\u00edfica. Descubra o cuidado natural que regenera, protege e revitaliza a sua pele \u2014 e aproveite as ofertas mensais exclusivas nos nossos produtos LR Alo\u00e9 Vera mais vendidos.\nComece hoje mesmo a sua jornada de cuidados naturais com a pele e sinta a diferen\u00e7a.","email":"info@lraloeverashop.eu","telephone":"+49 17670609653","legalName":"Lr Aloe Vera Shop","foundingDate":"2018-04-21","numberOfEmployees":{"@type":"QuantitativeValue","minValue":"1","maxValue":"10"}}]},"product_price_amount":"335.99","product_price_currency":"EUR","og_availability":"instock","product_availability":"instock","product_retailer_item_id":"70110-4PT","product_condition":"new"},"taxonomy_info":{"product_cat":[{"value":269,"label":"Cuidado Anti-idade"},{"value":275,"label":"Homens a partir de 25 anos"},{"value":281,"label":"Mulheres acima de 40"},{"value":287,"label":"Mulheres at\u00e9 40"},{"value":359,"label":"Zeitgard Pro"}],"product_tag":[{"value":704,"label":"para rugas no rosto"}]},"featured_image_src_large":["https:\/\/www.lraloeverashop.eu\/wp-content\/uploads\/2022\/10\/Zeitgard-Pro-Body-Massage-Kit-1024x1024.jpg",1024,1024,true],"author_info":[],"comment_info":0,"_links":{"self":[{"href":"https:\/\/www.lraloeverashop.eu\/pt-pt\/wp-json\/wp\/v2\/product\/8735","targetHints":{"allow":["GET"]}}],"collection":[{"href":"https:\/\/www.lraloeverashop.eu\/pt-pt\/wp-json\/wp\/v2\/product"}],"about":[{"href":"https:\/\/www.lraloeverashop.eu\/pt-pt\/wp-json\/wp\/v2\/types\/product"}],"replies":[{"embeddable":true,"href":"https:\/\/www.lraloeverashop.eu\/pt-pt\/wp-json\/wp\/v2\/comments?post=8735"}],"wp:featuredmedia":[{"embeddable":true,"href":"https:\/\/www.lraloeverashop.eu\/pt-pt\/wp-json\/wp\/v2\/media\/6033"}],"wp:attachment":[{"href":"https:\/\/www.lraloeverashop.eu\/pt-pt\/wp-json\/wp\/v2\/media?parent=8735"}],"wp:term":[{"taxonomy":"product_brand","embeddable":true,"href":"https:\/\/www.lraloeverashop.eu\/pt-pt\/wp-json\/wp\/v2\/product_brand?post=8735"},{"taxonomy":"product_cat","embeddable":true,"href":"https:\/\/www.lraloeverashop.eu\/pt-pt\/wp-json\/wp\/v2\/product_cat?post=8735"},{"taxonomy":"product_tag","embeddable":true,"href":"https:\/\/www.lraloeverashop.eu\/pt-pt\/wp-json\/wp\/v2\/product_tag?post=8735"}],"curies":[{"name":"wp","href":"https:\/\/api.w.org\/{rel}","templated":true}]}}