{"id":8725,"date":"2022-10-22T07:09:06","date_gmt":"2022-10-22T05:09:06","guid":{"rendered":"https:\/\/www.lraloeverashop.eu\/product\/zeitgard-pro-set-de-limpeza-facial\/"},"modified":"2026-02-08T09:59:51","modified_gmt":"2026-02-08T08:59:51","slug":"zeitgard-pro-set-de-limpeza-facial","status":"publish","type":"product","link":"https:\/\/www.lraloeverashop.eu\/pt-pt\/produto\/zeitgard-pro-set-de-limpeza-facial\/","title":{"rendered":"Zeitgard Pro Set de Limpeza Facial"},"content":{"rendered":"<h2><span style=\"font-size: 16pt; color: #000000;\"><strong>Zeitgard Pro Set de Limpeza Facial<\/strong><\/span><\/h2>\n<p><span style=\"font-size: 14pt;\"><strong>Zeitgard Pro Set de Limpeza Facial limpa at\u00e9 10 vezes mais eficaz do que a limpeza manual<\/strong><\/span><\/p>\n<p>A limpeza manual convencional geralmente deixa as part\u00edculas mais finas de sujeira e res\u00edduos de maquiagem em nosso rosto. O Zeitgard Pro Set de Limpeza Facial otimiza nossa limpeza facial di\u00e1ria, deixando apenas a pele limpa at\u00e9 os poros com um efeito \u201cuau\u201d.<\/p>\n<p>Centenas de filamentos inovadores de escova (cerdas) deslizam sobre a pele, removendo res\u00edduos que podem entupir os poros e deixar a tez p\u00e1lida. O tratamento di\u00e1rio limpa eficazmente a pele e refresca a tez. Sua efic\u00e1cia comprovada \u00e9 at\u00e9 10 vezes maior do que a limpeza manual.*<\/p>\n<p>&nbsp;<\/p>\n<h3><span style=\"font-size: 16pt;\"><strong>Como usar<\/strong><\/span><\/h3>\n<p>Idealmente, voc\u00ea deve come\u00e7ar o dia com o Zeitgard Pro Set de Limpeza Facial. Comece humedecendo o rosto e aplicando o <a href=\"https:\/\/www.lraloeverashop.eu\/pt-pt\/produto\/creme-limpeza-rosto-zeitgard-pro\/\">Creme Limpeza Rosto Zeitgard Pro<\/a>. O Creme Limpeza Rosto Zeitgard Pro foi desenvolvido para funcionar perfeitamente com a Face Cleansing Brush.<\/p>\n<p>Os movimentos oscilantes do aparelho criam uma espuma macia que remove de forma suave e eficaz a sujidade e o excesso de sebo. O Creme Limpeza Rosto \u00e9 suave na camada protetora natural da pele e, em combina\u00e7\u00e3o com a Escova Facial, \u00e9 10 vezes mais eficaz do que a limpeza manual.<\/p>\n<p>Encaixe o <a href=\"https:\/\/www.lraloeverashop.eu\/pt-pt\/produto\/zeitgard-pro-adaptador-com-escova\/\">adaptador da escova<\/a> de limpeza e, em seguida, a escova de limpeza facial no <a href=\"https:\/\/www.lraloeverashop.eu\/pt-pt\/produto\/kit-limpeza-facial-zeitgard-pro\/\">seu dispositivo<\/a>. Os filamentos antibacterianos e arredondados da escova de limpeza facial movem-se para frente e para tr\u00e1s na velocidade da luz, semelhante a uma escova de dentes el\u00e9trica, e proporcionam \u00e0 sua pele uma limpeza profunda, mas suave.<\/p>\n<p>Ligue o seu Zeitgard Pro e use a <a href=\"https:\/\/www.lraloeverashop.eu\/pt-pt\/produto\/escova-limpeza-rosto-zeitgard-pro\/\">escova de limpeza facial<\/a> para tratar suavemente as se\u00e7\u00f5es desejadas do seu rosto.<\/p>\n<p>Cabe a voc\u00ea por quanto tempo e com quanta press\u00e3o voc\u00ea move o pincel sobre o rosto. Se a sensa\u00e7\u00e3o for desagrad\u00e1vel, reduza a press\u00e3o ou passe para a pr\u00f3xima se\u00e7\u00e3o do rosto.<\/p>\n<p>O movimento oscilante e vibrat\u00f3rio da Zeitgard Pro estimula o fluxo sangu\u00edneo, fazendo com que a sua pele irradie e pare\u00e7a saud\u00e1vel. Complete a sua rotina de limpeza com o Lr Zeitgard Facial Toner. Sua pele est\u00e1 acordada agora e pronta para sua rotina di\u00e1ria de cuidados.<\/p>\n<p>\u00c0 noite, deve limpar cada sec\u00e7\u00e3o do rosto durante 20-30 segundos, dependendo da maquilhagem que utilizou. Mais uma vez, complete a sua rotina de limpeza com o T\u00f4nico Rosto Zeitgard Pro, que permitir\u00e1 que qualquer creme noturno que voc\u00ea use tenha pleno efeito em sua pele completamente limpa. Recomendamos que voc\u00ea troque a Escova de Limpeza Facial pelo Acess\u00f3rio Peeling Facial para uma desintoxica\u00e7\u00e3o intensa duas vezes por semana.<\/p>\n<p><img loading=\"lazy\" decoding=\"async\" class=\"aligncenter wp-image-6105 size-full\" src=\"https:\/\/www.lraloeverashop.eu\/wp-content\/uploads\/2022\/10\/Lr-Zeitgard-Pro-Face-Cleansing-Brush-in-use.jpg\" alt=\"Escova de limpeza facial Lr Zeitgard Pro em uso Zeitgard Pro Set de Limpeza Facial limpa at\u00e9 10 vezes mais eficaz\" width=\"2052\" height=\"721\" srcset=\"https:\/\/www.lraloeverashop.eu\/wp-content\/uploads\/2022\/10\/Lr-Zeitgard-Pro-Face-Cleansing-Brush-in-use.jpg 2052w, https:\/\/www.lraloeverashop.eu\/wp-content\/uploads\/2022\/10\/Lr-Zeitgard-Pro-Face-Cleansing-Brush-in-use-600x211.jpg 600w, https:\/\/www.lraloeverashop.eu\/wp-content\/uploads\/2022\/10\/Lr-Zeitgard-Pro-Face-Cleansing-Brush-in-use-300x105.jpg 300w, https:\/\/www.lraloeverashop.eu\/wp-content\/uploads\/2022\/10\/Lr-Zeitgard-Pro-Face-Cleansing-Brush-in-use-1024x360.jpg 1024w, https:\/\/www.lraloeverashop.eu\/wp-content\/uploads\/2022\/10\/Lr-Zeitgard-Pro-Face-Cleansing-Brush-in-use-768x270.jpg 768w, https:\/\/www.lraloeverashop.eu\/wp-content\/uploads\/2022\/10\/Lr-Zeitgard-Pro-Face-Cleansing-Brush-in-use-1536x540.jpg 1536w, https:\/\/www.lraloeverashop.eu\/wp-content\/uploads\/2022\/10\/Lr-Zeitgard-Pro-Face-Cleansing-Brush-in-use-2048x720.jpg 2048w\" sizes=\"auto, (max-width: 2052px) 100vw, 2052px\" \/><\/p>\n<h3><span style=\"font-size: 16pt;\"><strong>O resultado:<\/strong><\/span><\/h3>\n<ul>\n<li>Melhora da textura da pele atrav\u00e9s de limpeza profunda<\/li>\n<li>Melhor prepara\u00e7\u00e3o para as pr\u00f3ximas etapas de cuidado<\/li>\n<li>Pele fresca ap\u00f3s estimula\u00e7\u00e3o da circula\u00e7\u00e3o sangu\u00ednea<\/li>\n<\/ul>\n<p>A tecnologia antibacteriana Microsilver nos filamentos da escova \u00e9 \u00fanica: mant\u00e9m a escova higienicamente limpa por at\u00e9 3 meses<\/p>\n<p>Experimente o efeito de limpeza eficaz com a escova de limpeza Zeitgard Pro para uma beleza atemporal.<\/p>\n<p>*De acordo com um estudo cient\u00edfico realizado pelo renomado Dermatest Institute GmbH. Per\u00edodo de inscri\u00e7\u00e3o: 6 semanas (final de janeiro a in\u00edcio de mar\u00e7o de 2015), n\u00famero de disciplinas: 40<\/p>\n","protected":false},"excerpt":{"rendered":"<ul>\n<li>O conjunto inclui um Zeitgard Pro, Adaptador, Pincel e Creme de Limpeza<\/li>\n<li>Limpa at\u00e9 10 vezes mais eficaz do que a limpeza manual<\/li>\n<li>Atinge uma tez refinada e suavizada<\/li>\n<li>Adequado para limpeza facial di\u00e1ria<\/li>\n<li>Ideal para todos os tipos de pele<\/li>\n<li>Feito na Alemanha<\/li>\n<\/ul>\n<p><span style=\"color: #ff0000;\"><a style=\"color: #ff0000;\" href=\"https:\/\/shop.lrworld.com\/openpao?PHP=0vFlt7jT938BEnBI3a6e9w%3D%3D\"><span style=\"font-size: 14pt;\"><strong>Registe-se aqui e poupe 35% em todos os pedidos<\/strong><\/span><\/a><\/span><\/p>\n","protected":false},"featured_media":6045,"comment_status":"open","ping_status":"closed","template":"","meta":{"_kad_blocks_custom_css":"","_kad_blocks_head_custom_js":"","_kad_blocks_body_custom_js":"","_kad_blocks_footer_custom_js":"","_kadence_starter_templates_imported_post":false,"_kad_post_transparent":"default","_kad_post_title":"","_kad_post_layout":"default","_kad_post_sidebar_id":"","_kad_post_content_style":"default","_kad_post_vertical_padding":"default","_kad_post_feature":"","_kad_post_feature_position":"","_kad_post_header":false,"_kad_post_footer":false,"_kad_post_classname":""},"product_brand":[],"product_cat":[269,275,281,287,395,359],"product_tag":[670],"class_list":{"0":"post-8725","1":"product","2":"type-product","3":"status-publish","4":"has-post-thumbnail","6":"product_cat-cuidado-anti-idade","7":"product_cat-homens-a-partir-de-25-anos","8":"product_cat-mulheres-acima-de-40","9":"product_cat-mulheres-ate-40","10":"product_cat-zeitgard-pt-pt","11":"product_cat-zeitgard-pro-pt-pt","12":"product_tag-limpeza-de-rosto","14":"first","15":"instock","16":"taxable","17":"shipping-taxable","18":"purchasable","19":"product-type-simple","20":"entry","21":"content-bg","22":"loop-entry"},"yoast_head":"<!-- This site is optimized with the Yoast SEO Premium plugin v27.4 (Yoast SEO v27.4) - https:\/\/yoast.com\/product\/yoast-seo-premium-wordpress\/ -->\n<title>Zeitgard Pro Set de Limpeza Facial para tez refinada e suavizada<\/title>\n<meta name=\"description\" content=\"Zeitgard Pro Set de Limpeza Facial Limpa at\u00e9 10 vezes mais eficaz do que a limpeza manual. Ideal para todos os tipos de pele. Produto premium de Lr Beauty\" \/>\n<meta name=\"robots\" content=\"index, follow, max-snippet:-1, max-image-preview:large, max-video-preview:-1\" \/>\n<link rel=\"canonical\" href=\"https:\/\/www.lraloeverashop.eu\/pt-pt\/produto\/zeitgard-pro-set-de-limpeza-facial\/\" \/>\n<meta property=\"og:locale\" content=\"pt_PT\" \/>\n<meta property=\"og:type\" content=\"article\" \/>\n<meta property=\"og:title\" content=\"Zeitgard Pro Set de Limpeza Facial\" \/>\n<meta property=\"og:description\" content=\"Zeitgard Pro Set de Limpeza Facial Limpa at\u00e9 10 vezes mais eficaz do que a limpeza manual. Ideal para todos os tipos de pele. Produto premium de Lr Beauty\" \/>\n<meta property=\"og:url\" content=\"https:\/\/www.lraloeverashop.eu\/pt-pt\/produto\/zeitgard-pro-set-de-limpeza-facial\/\" \/>\n<meta property=\"og:site_name\" content=\"Lr Loja Aloe Vera\" \/>\n<meta property=\"article:publisher\" content=\"https:\/\/www.facebook.com\/lraloeverashop.eu\" \/>\n<meta property=\"article:modified_time\" content=\"2026-02-08T08:59:51+00:00\" \/>\n<meta property=\"og:image\" content=\"https:\/\/www.lraloeverashop.eu\/wp-content\/uploads\/2022\/10\/Zeitgard-Pro-Cleansing-Set.jpg\" \/>\n\t<meta property=\"og:image:width\" content=\"1200\" \/>\n\t<meta property=\"og:image:height\" content=\"1200\" \/>\n\t<meta property=\"og:image:type\" content=\"image\/jpeg\" \/>\n<meta name=\"twitter:card\" content=\"summary_large_image\" \/>\n<meta name=\"twitter:site\" content=\"@natur__kosmetik\" \/>\n<script type=\"application\/ld+json\" class=\"yoast-schema-graph\">{\"@context\":\"https:\\\/\\\/schema.org\",\"@graph\":[{\"@type\":[\"WebPage\",\"ItemPage\"],\"@id\":\"https:\\\/\\\/www.lraloeverashop.eu\\\/pt-pt\\\/produto\\\/zeitgard-pro-set-de-limpeza-facial\\\/\",\"url\":\"https:\\\/\\\/www.lraloeverashop.eu\\\/pt-pt\\\/produto\\\/zeitgard-pro-set-de-limpeza-facial\\\/\",\"name\":\"Zeitgard Pro Set de Limpeza Facial para tez refinada e suavizada\",\"isPartOf\":{\"@id\":\"https:\\\/\\\/www.lraloeverashop.eu\\\/pt-pt\\\/#website\"},\"primaryImageOfPage\":{\"@id\":\"https:\\\/\\\/www.lraloeverashop.eu\\\/pt-pt\\\/produto\\\/zeitgard-pro-set-de-limpeza-facial\\\/#primaryimage\"},\"image\":{\"@id\":\"https:\\\/\\\/www.lraloeverashop.eu\\\/pt-pt\\\/produto\\\/zeitgard-pro-set-de-limpeza-facial\\\/#primaryimage\"},\"thumbnailUrl\":\"https:\\\/\\\/www.lraloeverashop.eu\\\/wp-content\\\/uploads\\\/2022\\\/10\\\/Zeitgard-Pro-Cleansing-Set.jpg\",\"datePublished\":\"2022-10-22T05:09:06+00:00\",\"dateModified\":\"2026-02-08T08:59:51+00:00\",\"description\":\"Zeitgard Pro Set de Limpeza Facial Limpa at\u00e9 10 vezes mais eficaz do que a limpeza manual. Ideal para todos os tipos de pele. Produto premium de Lr Beauty\",\"breadcrumb\":{\"@id\":\"https:\\\/\\\/www.lraloeverashop.eu\\\/pt-pt\\\/produto\\\/zeitgard-pro-set-de-limpeza-facial\\\/#breadcrumb\"},\"inLanguage\":\"pt-PT\",\"potentialAction\":[{\"@type\":\"ReadAction\",\"target\":[\"https:\\\/\\\/www.lraloeverashop.eu\\\/pt-pt\\\/produto\\\/zeitgard-pro-set-de-limpeza-facial\\\/\"]}]},{\"@type\":\"ImageObject\",\"inLanguage\":\"pt-PT\",\"@id\":\"https:\\\/\\\/www.lraloeverashop.eu\\\/pt-pt\\\/produto\\\/zeitgard-pro-set-de-limpeza-facial\\\/#primaryimage\",\"url\":\"https:\\\/\\\/www.lraloeverashop.eu\\\/wp-content\\\/uploads\\\/2022\\\/10\\\/Zeitgard-Pro-Cleansing-Set.jpg\",\"contentUrl\":\"https:\\\/\\\/www.lraloeverashop.eu\\\/wp-content\\\/uploads\\\/2022\\\/10\\\/Zeitgard-Pro-Cleansing-Set.jpg\",\"width\":1200,\"height\":1200,\"caption\":\"Conjunto de limpeza facial Zeitgard Pro\"},{\"@type\":\"BreadcrumbList\",\"@id\":\"https:\\\/\\\/www.lraloeverashop.eu\\\/pt-pt\\\/produto\\\/zeitgard-pro-set-de-limpeza-facial\\\/#breadcrumb\",\"itemListElement\":[{\"@type\":\"ListItem\",\"position\":1,\"name\":\"Home\",\"item\":\"https:\\\/\\\/www.lraloeverashop.eu\\\/pt-pt\\\/\"},{\"@type\":\"ListItem\",\"position\":2,\"name\":\"Loja\",\"item\":\"https:\\\/\\\/www.lraloeverashop.eu\\\/pt-pt\\\/loja\\\/\"},{\"@type\":\"ListItem\",\"position\":3,\"name\":\"Zeitgard Pro Set de Limpeza Facial\"}]},{\"@type\":\"WebSite\",\"@id\":\"https:\\\/\\\/www.lraloeverashop.eu\\\/pt-pt\\\/#website\",\"url\":\"https:\\\/\\\/www.lraloeverashop.eu\\\/pt-pt\\\/\",\"name\":\"Lr Loja Aloe Vera\",\"description\":\"High Quality Lr Aloe Vera Gel, Aloe Vera Cream and Shampoo\",\"publisher\":{\"@id\":\"https:\\\/\\\/www.lraloeverashop.eu\\\/pt-pt\\\/#organization\"},\"potentialAction\":[{\"@type\":\"SearchAction\",\"target\":{\"@type\":\"EntryPoint\",\"urlTemplate\":\"https:\\\/\\\/www.lraloeverashop.eu\\\/pt-pt\\\/?s={search_term_string}\"},\"query-input\":{\"@type\":\"PropertyValueSpecification\",\"valueRequired\":true,\"valueName\":\"search_term_string\"}}],\"inLanguage\":\"pt-PT\"},{\"@type\":\"Organization\",\"@id\":\"https:\\\/\\\/www.lraloeverashop.eu\\\/pt-pt\\\/#organization\",\"name\":\"Loja Lr Aloe Vera\",\"alternateName\":\"LR\",\"url\":\"https:\\\/\\\/www.lraloeverashop.eu\\\/pt-pt\\\/\",\"logo\":{\"@type\":\"ImageObject\",\"inLanguage\":\"pt-PT\",\"@id\":\"https:\\\/\\\/www.lraloeverashop.eu\\\/pt-pt\\\/#\\\/schema\\\/logo\\\/image\\\/\",\"url\":\"https:\\\/\\\/www.lraloeverashop.eu\\\/wp-content\\\/uploads\\\/2022\\\/09\\\/cropped-Lr-Aloe-Vera-Shop.jpg\",\"contentUrl\":\"https:\\\/\\\/www.lraloeverashop.eu\\\/wp-content\\\/uploads\\\/2022\\\/09\\\/cropped-Lr-Aloe-Vera-Shop.jpg\",\"width\":228,\"height\":76,\"caption\":\"Loja Lr Aloe Vera\"},\"image\":{\"@id\":\"https:\\\/\\\/www.lraloeverashop.eu\\\/pt-pt\\\/#\\\/schema\\\/logo\\\/image\\\/\"},\"sameAs\":[\"https:\\\/\\\/www.facebook.com\\\/lraloeverashop.eu\",\"https:\\\/\\\/x.com\\\/natur__kosmetik\",\"https:\\\/\\\/www.youtube.com\\\/channel\\\/UC5oN7BJ8nfYb8RpVtjwDEBA\",\"https:\\\/\\\/www.instagram.com\\\/lrbeautyeu\\\/\"],\"description\":\"Loja Lr Aloe Vera \u00e9 o seu destino de confian\u00e7a para os produtos de sa\u00fade e beleza premium da LR, fabricados na Alemanha. Oferecemos solu\u00e7\u00f5es de alta qualidade para o cuidado da pele, nutri\u00e7\u00e3o e antienvelhecimento \u00e0 base de Alo\u00e9 Vera, elaboradas com ingredientes puros e apoiadas em investiga\u00e7\u00e3o cient\u00edfica. Descubra o cuidado natural que regenera, protege e revitaliza a sua pele \u2014 e aproveite as ofertas mensais exclusivas nos nossos produtos LR Alo\u00e9 Vera mais vendidos.\\nComece hoje mesmo a sua jornada de cuidados naturais com a pele e sinta a diferen\u00e7a.\",\"email\":\"info@lraloeverashop.eu\",\"telephone\":\"+49 17670609653\",\"legalName\":\"Lr Aloe Vera Shop\",\"foundingDate\":\"2018-04-21\",\"numberOfEmployees\":{\"@type\":\"QuantitativeValue\",\"minValue\":\"1\",\"maxValue\":\"10\"}}]}<\/script>\n<meta property=\"product:price:amount\" content=\"340.99\" \/>\n<meta property=\"product:price:currency\" content=\"EUR\" \/>\n<meta property=\"og:availability\" content=\"instock\" \/>\n<meta property=\"product:availability\" content=\"instock\" \/>\n<meta property=\"product:retailer_item_id\" content=\"70106-1PT\" \/>\n<meta property=\"product:condition\" content=\"new\" \/>\n<!-- \/ Yoast SEO Premium plugin. -->","yoast_head_json":{"title":"Zeitgard Pro Set de Limpeza Facial para tez refinada e suavizada","description":"Zeitgard Pro Set de Limpeza Facial Limpa at\u00e9 10 vezes mais eficaz do que a limpeza manual. Ideal para todos os tipos de pele. Produto premium de Lr Beauty","robots":{"index":"index","follow":"follow","max-snippet":"max-snippet:-1","max-image-preview":"max-image-preview:large","max-video-preview":"max-video-preview:-1"},"canonical":"https:\/\/www.lraloeverashop.eu\/pt-pt\/produto\/zeitgard-pro-set-de-limpeza-facial\/","og_locale":"pt_PT","og_type":"article","og_title":"Zeitgard Pro Set de Limpeza Facial","og_description":"Zeitgard Pro Set de Limpeza Facial Limpa at\u00e9 10 vezes mais eficaz do que a limpeza manual. Ideal para todos os tipos de pele. Produto premium de Lr Beauty","og_url":"https:\/\/www.lraloeverashop.eu\/pt-pt\/produto\/zeitgard-pro-set-de-limpeza-facial\/","og_site_name":"Lr Loja Aloe Vera","article_publisher":"https:\/\/www.facebook.com\/lraloeverashop.eu","article_modified_time":"2026-02-08T08:59:51+00:00","og_image":[{"width":1200,"height":1200,"url":"https:\/\/www.lraloeverashop.eu\/wp-content\/uploads\/2022\/10\/Zeitgard-Pro-Cleansing-Set.jpg","type":"image\/jpeg"}],"twitter_card":"summary_large_image","twitter_site":"@natur__kosmetik","schema":{"@context":"https:\/\/schema.org","@graph":[{"@type":["WebPage","ItemPage"],"@id":"https:\/\/www.lraloeverashop.eu\/pt-pt\/produto\/zeitgard-pro-set-de-limpeza-facial\/","url":"https:\/\/www.lraloeverashop.eu\/pt-pt\/produto\/zeitgard-pro-set-de-limpeza-facial\/","name":"Zeitgard Pro Set de Limpeza Facial para tez refinada e suavizada","isPartOf":{"@id":"https:\/\/www.lraloeverashop.eu\/pt-pt\/#website"},"primaryImageOfPage":{"@id":"https:\/\/www.lraloeverashop.eu\/pt-pt\/produto\/zeitgard-pro-set-de-limpeza-facial\/#primaryimage"},"image":{"@id":"https:\/\/www.lraloeverashop.eu\/pt-pt\/produto\/zeitgard-pro-set-de-limpeza-facial\/#primaryimage"},"thumbnailUrl":"https:\/\/www.lraloeverashop.eu\/wp-content\/uploads\/2022\/10\/Zeitgard-Pro-Cleansing-Set.jpg","datePublished":"2022-10-22T05:09:06+00:00","dateModified":"2026-02-08T08:59:51+00:00","description":"Zeitgard Pro Set de Limpeza Facial Limpa at\u00e9 10 vezes mais eficaz do que a limpeza manual. Ideal para todos os tipos de pele. Produto premium de Lr Beauty","breadcrumb":{"@id":"https:\/\/www.lraloeverashop.eu\/pt-pt\/produto\/zeitgard-pro-set-de-limpeza-facial\/#breadcrumb"},"inLanguage":"pt-PT","potentialAction":[{"@type":"ReadAction","target":["https:\/\/www.lraloeverashop.eu\/pt-pt\/produto\/zeitgard-pro-set-de-limpeza-facial\/"]}]},{"@type":"ImageObject","inLanguage":"pt-PT","@id":"https:\/\/www.lraloeverashop.eu\/pt-pt\/produto\/zeitgard-pro-set-de-limpeza-facial\/#primaryimage","url":"https:\/\/www.lraloeverashop.eu\/wp-content\/uploads\/2022\/10\/Zeitgard-Pro-Cleansing-Set.jpg","contentUrl":"https:\/\/www.lraloeverashop.eu\/wp-content\/uploads\/2022\/10\/Zeitgard-Pro-Cleansing-Set.jpg","width":1200,"height":1200,"caption":"Conjunto de limpeza facial Zeitgard Pro"},{"@type":"BreadcrumbList","@id":"https:\/\/www.lraloeverashop.eu\/pt-pt\/produto\/zeitgard-pro-set-de-limpeza-facial\/#breadcrumb","itemListElement":[{"@type":"ListItem","position":1,"name":"Home","item":"https:\/\/www.lraloeverashop.eu\/pt-pt\/"},{"@type":"ListItem","position":2,"name":"Loja","item":"https:\/\/www.lraloeverashop.eu\/pt-pt\/loja\/"},{"@type":"ListItem","position":3,"name":"Zeitgard Pro Set de Limpeza Facial"}]},{"@type":"WebSite","@id":"https:\/\/www.lraloeverashop.eu\/pt-pt\/#website","url":"https:\/\/www.lraloeverashop.eu\/pt-pt\/","name":"Lr Loja Aloe Vera","description":"High Quality Lr Aloe Vera Gel, Aloe Vera Cream and Shampoo","publisher":{"@id":"https:\/\/www.lraloeverashop.eu\/pt-pt\/#organization"},"potentialAction":[{"@type":"SearchAction","target":{"@type":"EntryPoint","urlTemplate":"https:\/\/www.lraloeverashop.eu\/pt-pt\/?s={search_term_string}"},"query-input":{"@type":"PropertyValueSpecification","valueRequired":true,"valueName":"search_term_string"}}],"inLanguage":"pt-PT"},{"@type":"Organization","@id":"https:\/\/www.lraloeverashop.eu\/pt-pt\/#organization","name":"Loja Lr Aloe Vera","alternateName":"LR","url":"https:\/\/www.lraloeverashop.eu\/pt-pt\/","logo":{"@type":"ImageObject","inLanguage":"pt-PT","@id":"https:\/\/www.lraloeverashop.eu\/pt-pt\/#\/schema\/logo\/image\/","url":"https:\/\/www.lraloeverashop.eu\/wp-content\/uploads\/2022\/09\/cropped-Lr-Aloe-Vera-Shop.jpg","contentUrl":"https:\/\/www.lraloeverashop.eu\/wp-content\/uploads\/2022\/09\/cropped-Lr-Aloe-Vera-Shop.jpg","width":228,"height":76,"caption":"Loja Lr Aloe Vera"},"image":{"@id":"https:\/\/www.lraloeverashop.eu\/pt-pt\/#\/schema\/logo\/image\/"},"sameAs":["https:\/\/www.facebook.com\/lraloeverashop.eu","https:\/\/x.com\/natur__kosmetik","https:\/\/www.youtube.com\/channel\/UC5oN7BJ8nfYb8RpVtjwDEBA","https:\/\/www.instagram.com\/lrbeautyeu\/"],"description":"Loja Lr Aloe Vera \u00e9 o seu destino de confian\u00e7a para os produtos de sa\u00fade e beleza premium da LR, fabricados na Alemanha. Oferecemos solu\u00e7\u00f5es de alta qualidade para o cuidado da pele, nutri\u00e7\u00e3o e antienvelhecimento \u00e0 base de Alo\u00e9 Vera, elaboradas com ingredientes puros e apoiadas em investiga\u00e7\u00e3o cient\u00edfica. Descubra o cuidado natural que regenera, protege e revitaliza a sua pele \u2014 e aproveite as ofertas mensais exclusivas nos nossos produtos LR Alo\u00e9 Vera mais vendidos.\nComece hoje mesmo a sua jornada de cuidados naturais com a pele e sinta a diferen\u00e7a.","email":"info@lraloeverashop.eu","telephone":"+49 17670609653","legalName":"Lr Aloe Vera Shop","foundingDate":"2018-04-21","numberOfEmployees":{"@type":"QuantitativeValue","minValue":"1","maxValue":"10"}}]},"product_price_amount":"340.99","product_price_currency":"EUR","og_availability":"instock","product_availability":"instock","product_retailer_item_id":"70106-1PT","product_condition":"new"},"taxonomy_info":{"product_cat":[{"value":269,"label":"Cuidado Anti-idade"},{"value":275,"label":"Homens a partir de 25 anos"},{"value":281,"label":"Mulheres acima de 40"},{"value":287,"label":"Mulheres at\u00e9 40"},{"value":395,"label":"Zeitgard"},{"value":359,"label":"Zeitgard Pro"}],"product_tag":[{"value":670,"label":"Limpeza de rosto"}]},"featured_image_src_large":["https:\/\/www.lraloeverashop.eu\/wp-content\/uploads\/2022\/10\/Zeitgard-Pro-Cleansing-Set-1024x1024.jpg",1024,1024,true],"author_info":[],"comment_info":0,"_links":{"self":[{"href":"https:\/\/www.lraloeverashop.eu\/pt-pt\/wp-json\/wp\/v2\/product\/8725","targetHints":{"allow":["GET"]}}],"collection":[{"href":"https:\/\/www.lraloeverashop.eu\/pt-pt\/wp-json\/wp\/v2\/product"}],"about":[{"href":"https:\/\/www.lraloeverashop.eu\/pt-pt\/wp-json\/wp\/v2\/types\/product"}],"replies":[{"embeddable":true,"href":"https:\/\/www.lraloeverashop.eu\/pt-pt\/wp-json\/wp\/v2\/comments?post=8725"}],"wp:featuredmedia":[{"embeddable":true,"href":"https:\/\/www.lraloeverashop.eu\/pt-pt\/wp-json\/wp\/v2\/media\/6045"}],"wp:attachment":[{"href":"https:\/\/www.lraloeverashop.eu\/pt-pt\/wp-json\/wp\/v2\/media?parent=8725"}],"wp:term":[{"taxonomy":"product_brand","embeddable":true,"href":"https:\/\/www.lraloeverashop.eu\/pt-pt\/wp-json\/wp\/v2\/product_brand?post=8725"},{"taxonomy":"product_cat","embeddable":true,"href":"https:\/\/www.lraloeverashop.eu\/pt-pt\/wp-json\/wp\/v2\/product_cat?post=8725"},{"taxonomy":"product_tag","embeddable":true,"href":"https:\/\/www.lraloeverashop.eu\/pt-pt\/wp-json\/wp\/v2\/product_tag?post=8725"}],"curies":[{"name":"wp","href":"https:\/\/api.w.org\/{rel}","templated":true}]}}