{"id":8715,"date":"2022-10-22T08:09:28","date_gmt":"2022-10-22T06:09:28","guid":{"rendered":"https:\/\/www.lraloeverashop.eu\/product\/set-cuidado-da-pele-zeitgard-pro\/"},"modified":"2026-02-08T09:59:39","modified_gmt":"2026-02-08T08:59:39","slug":"set-cuidado-da-pele-zeitgard-pro","status":"publish","type":"product","link":"https:\/\/www.lraloeverashop.eu\/pt-pt\/produto\/set-cuidado-da-pele-zeitgard-pro\/","title":{"rendered":"Set Cuidado da Pele Zeitgard Pro"},"content":{"rendered":"<h2><span style=\"font-size: 16pt; color: #000000;\"><strong>Set Cuidado da Pele Zeitgard Pro<\/strong><\/span><\/h2>\n<p><span style=\"font-size: 14pt;\"><strong>Set Cuidado da Pele Zeitgard Pro para beleza atemporal<\/strong><\/span><\/p>\n<p>Vamos parar o tempo com nosso sistema de cuidados de sal\u00e3o!<br \/>\nSet Cuidado da Pele Zeitgard Pro \u00e9 uma combina\u00e7\u00e3o de tecnologias inovadoras, agentes de cuidado eficazes, texturas \u00fanicas e qualidade superior \u201cMade in Germany\u201d, para resultados duradouros que garantem que n\u00e3o soframos os efeitos visuais da velhice, mas fiquemos mais bonitos.<\/p>\n<p>O conjunto de cuidados com a pele Zeitgard Pro \u00e9 um excelente dispositivo de alta tecnologia que combina tecnologias avan\u00e7adas, como ultrassom e oscila\u00e7\u00e3o, com quatro acess\u00f3rios de beleza diferentes com qualidade de instituto profissional.<\/p>\n<p>Ao trocar os acess\u00f3rios, o dispositivo inteligente reconhece qual tecnologia est\u00e1 sendo usada.<\/p>\n<p>&nbsp;<\/p>\n<h3><span style=\"font-size: 16pt;\"><strong>Set Zeitgard Pro inclui:<\/strong><\/span><\/h3>\n<h4><span style=\"font-size: 14pt;\"><strong>Dispositivo Cosm\u00e9tico Zeitgard Pro<\/strong><\/span><\/h4>\n<p>O Lr Zeitgard Pro \u00e9 um sistema de limpeza e cuidados individualmente adapt\u00e1vel, cientificamente projetado e, no entanto, simples, que atende \u00e0s necessidades de cuidados com a pele relacionadas \u00e0 idade e individuais.<\/p>\n<h4><span style=\"font-size: 14pt;\"><strong>Acess\u00f3rio de limpeza facial<\/strong><\/span><\/h4>\n<p><a href=\"https:\/\/www.lraloeverashop.eu\/pt-pt\/produto\/escova-limpeza-rosto-zeitgard-pro\/\">Acess\u00f3rio de limpeza profissional<\/a> com oscila\u00e7\u00e3o. Pode ser usado para a limpeza matinal di\u00e1ria do rosto, mas tamb\u00e9m \u00e0 noite para remover a maquilhagem e a sujidade do rosto. Limpar bem o rosto \u00e9 um pr\u00e9-requisito para um cuidado facial eficaz. Porque apenas uma pele limpa e clara pode realmente absorver os preciosos ingredientes dos produtos de cuidado que voc\u00ea aplica posteriormente.<\/p>\n<h4><span style=\"font-size: 14pt;\"><strong>Acess\u00f3rio De Esfolia\u00e7\u00e3o<\/strong><\/span><\/h4>\n<p><a href=\"https:\/\/www.lraloeverashop.eu\/pt-pt\/produto\/acessorio-de-esfoliacao-zeitgard-pro\/\">Acess\u00f3rio De Esfolia\u00e7\u00e3o intensivo<\/a> com ultrassom. O peeling \u00e9 uma das melhores maneiras de obter uma pele absolutamente clara. O Face Peeling Attachment funciona com vibra\u00e7\u00f5es de ultrassom, que agem no contato com a pele, removendo com efic\u00e1cia sujeiras, espinhas, c\u00e9lulas mortas da camada c\u00f3rnea da epiderme e excesso de sebo na<br \/>\nsuperf\u00edcie.<\/p>\n<h4><span style=\"font-size: 14pt;\"><strong>Acess\u00f3rio anti-idade<\/strong><\/span><\/h4>\n<p><a href=\"https:\/\/www.lraloeverashop.eu\/pt-pt\/produto\/acessorio-anti-idade-zeitgard-pro\/\">Acess\u00f3rio antienvelhecimento<\/a> eficaz com ultrassom. As vibra\u00e7\u00f5es ultrass\u00f4nicas agem como um treinamento de contorno passivo para os m\u00fasculos faciais, recuperam a forma das \u00e1reas afundadas da pele, promovem o fluxo sangu\u00edneo, estimulam ativamente os bioprocessos desacelerados do tecido e dobram a forma\u00e7\u00e3o de col\u00e1geno e elastina do pr\u00f3prio corpo.<\/p>\n<p>A sua pele fica mais firme e tonificada. A elasticidade da pele aumenta e o tecido conjuntivo \u00e9 esticado. Linhas de riso e rugas secas s\u00e3o reduzidas.<\/p>\n<h4><span style=\"font-size: 14pt;\"><strong>Acess\u00f3rio de massagem corporal<\/strong><\/span><\/h4>\n<p>Acess\u00f3rio de massagem corporal refirmante com ultrassom e vibra\u00e7\u00e3o<br \/>\nO <a href=\"https:\/\/www.lraloeverashop.eu\/pt-pt\/produto\/acessorio-de-massagem-corporal-zeitgard-pro\/\">acess\u00f3rio de massagem corporal<\/a> no conjunto de cuidados com a pele Zeitgard Pro foi projetado principalmente para esticar a pele na parte superior dos bra\u00e7os, est\u00f4mago, pernas e bumbum. Recomendamos o Body Skincare Attachment para mulheres a partir da idade<br \/>\nde 25 que desejam ter uma pele lisinha e sem sinais de celulite (pele casca de laranja) \u2013 ela estica a pele, d\u00e1 firmeza e promove a capacidade natural do corpo de eliminar poluentes pelo sistema vascular e linf\u00e1tico.<\/p>\n<h4><span style=\"font-size: 14pt;\"><strong>Creme corporal refirmante Zeitgard<\/strong><\/span><\/h4>\n<p>O creme corporal reafirmante com sistema de transporte de subst\u00e2ncias ativas cont\u00e9m uma subst\u00e2ncia ativa encapsulada que firma a pele e reduz a aspereza da pele. Ele reconstr\u00f3i a estrutura natural de col\u00e1geno da pele, hidrata e liga-a \u00e0 pele. O pantenol e a vitamina E fortalecem sua fun\u00e7\u00e3o de barreira, o \u00e1cido hialur\u00f4nico a preenche visivelmente. A pele tem mais elasticidade e resili\u00eancia e sente-se sedosa e suave.<\/p>\n<h4><span style=\"font-size: 14pt;\"><strong>Zeitgard Pro Creme de Limpeza<\/strong><\/span><\/h4>\n<p>O Creme de Limpeza do Conjunto de Cuidados com a Pele Zeitgard Pro limpa suavemente, mas completamente, a pele do rosto em combina\u00e7\u00e3o com o acess\u00f3rio de limpeza facial. O creme delicado com extrato de Harungana auxilia na regenera\u00e7\u00e3o da pele e melhora sua apar\u00eancia. O resultado: uma tez revitalizada e suavemente emaranhada.<\/p>\n<h4><span style=\"font-size: 14pt;\"><strong>T\u00f4nico Facial Zeitgard Pro<\/strong><\/span><\/h4>\n<p>O toner facial clareia e acalma a pele ap\u00f3s o tratamento com a escova de limpeza ou peeling de cavita\u00e7\u00e3o. Fortalece a fun\u00e7\u00e3o protetora natural da pele com zinco, alanto\u00edna e pantenol e tem um efeito revigorante gra\u00e7as ao extrato de Harungana. A f\u00f3rmula sem \u00e1lcool \u00e9 adequada para todos os tipos de pele e restaura o valor de <a href=\"https:\/\/www.lraloeverashop.eu\/pt-pt\/elixir-de-beleza-natural-para-aparencia-jovem\/\">pH natural da pele<\/a>.<\/p>\n<p>Dispositivo cosm\u00e9tico para uso dom\u00e9stico com acess\u00f3rios intercambi\u00e1veis, patente pendente na Alemanha: Patente n\u00ba: 10 2022 200 747.6<\/p>\n","protected":false},"excerpt":{"rendered":"<ul>\n<li>Dispositivo de alta tecnologia com tecnologias avan\u00e7adas, como ultrassom e oscila\u00e7\u00e3o<\/li>\n<li>Com quatro acess\u00f3rios profissionais de beleza para rosto e corpo<\/li>\n<li>Mudan\u00e7a f\u00e1cil de acess\u00f3rios atrav\u00e9s da fun\u00e7\u00e3o de clique<\/li>\n<li>Est\u00fadio de beleza em casa<\/li>\n<li>Feito na Alemanha<\/li>\n<\/ul>\n<p><span style=\"color: #ff0000;\"><a style=\"color: #ff0000;\" href=\"https:\/\/shop.lrworld.com\/openpao?PHP=0vFlt7jT938BEnBI3a6e9w%3D%3D\"><span style=\"font-size: 14pt;\"><strong>Registe-se aqui e poupe 35% em todos os pedidos<\/strong><\/span><\/a><\/span><\/p>\n","protected":false},"featured_media":6063,"comment_status":"open","ping_status":"closed","template":"","meta":{"_kad_blocks_custom_css":"","_kad_blocks_head_custom_js":"","_kad_blocks_body_custom_js":"","_kad_blocks_footer_custom_js":"","_kadence_starter_templates_imported_post":false,"_kad_post_transparent":"default","_kad_post_title":"","_kad_post_layout":"default","_kad_post_sidebar_id":"","_kad_post_content_style":"default","_kad_post_vertical_padding":"default","_kad_post_feature":"","_kad_post_feature_position":"","_kad_post_header":false,"_kad_post_footer":false,"_kad_post_classname":""},"product_brand":[],"product_cat":[269,275,281,287,395,359],"product_tag":[670,704,705],"class_list":{"0":"post-8715","1":"product","2":"type-product","3":"status-publish","4":"has-post-thumbnail","6":"product_cat-cuidado-anti-idade","7":"product_cat-homens-a-partir-de-25-anos","8":"product_cat-mulheres-acima-de-40","9":"product_cat-mulheres-ate-40","10":"product_cat-zeitgard-pt-pt","11":"product_cat-zeitgard-pro-pt-pt","12":"product_tag-limpeza-de-rosto","13":"product_tag-para-rugas-no-rosto","14":"product_tag-para-rugas-sob-os-olhos","16":"first","17":"instock","18":"taxable","19":"shipping-taxable","20":"purchasable","21":"product-type-simple","22":"entry","23":"content-bg","24":"loop-entry"},"yoast_head":"<!-- This site is optimized with the Yoast SEO Premium plugin v27.3 (Yoast SEO v27.3) - https:\/\/yoast.com\/product\/yoast-seo-premium-wordpress\/ -->\n<title>Set Cuidado da pele zeitgard pro - Seu est\u00fadio de beleza em casa<\/title>\n<meta name=\"description\" content=\"Set Cuidado da Pele Zeitgard Pro \u00e9 uma combina\u00e7\u00e3o de tecnologias inovadoras, agentes de cuidado eficazes, texturas \u00fanicas e qualidade Made in Germany\" \/>\n<meta name=\"robots\" content=\"index, follow, max-snippet:-1, max-image-preview:large, max-video-preview:-1\" \/>\n<link rel=\"canonical\" href=\"https:\/\/www.lraloeverashop.eu\/pt-pt\/produto\/set-cuidado-da-pele-zeitgard-pro\/\" \/>\n<meta property=\"og:locale\" content=\"pt_PT\" \/>\n<meta property=\"og:type\" content=\"article\" \/>\n<meta property=\"og:title\" content=\"Set Cuidado da Pele Zeitgard Pro\" \/>\n<meta property=\"og:description\" content=\"Set Cuidado da Pele Zeitgard Pro \u00e9 uma combina\u00e7\u00e3o de tecnologias inovadoras, agentes de cuidado eficazes, texturas \u00fanicas e qualidade Made in Germany\" \/>\n<meta property=\"og:url\" content=\"https:\/\/www.lraloeverashop.eu\/pt-pt\/produto\/set-cuidado-da-pele-zeitgard-pro\/\" \/>\n<meta property=\"og:site_name\" content=\"Lr Loja Aloe Vera\" \/>\n<meta property=\"article:publisher\" content=\"https:\/\/www.facebook.com\/lraloeverashop.eu\" \/>\n<meta property=\"article:modified_time\" content=\"2026-02-08T08:59:39+00:00\" \/>\n<meta property=\"og:image\" content=\"https:\/\/www.lraloeverashop.eu\/wp-content\/uploads\/2022\/10\/Zeitgard-Pro-Skin-Care-Set.jpg\" \/>\n\t<meta property=\"og:image:width\" content=\"1200\" \/>\n\t<meta property=\"og:image:height\" content=\"1200\" \/>\n\t<meta property=\"og:image:type\" content=\"image\/jpeg\" \/>\n<meta name=\"twitter:card\" content=\"summary_large_image\" \/>\n<meta name=\"twitter:site\" content=\"@natur__kosmetik\" \/>\n<script type=\"application\/ld+json\" class=\"yoast-schema-graph\">{\"@context\":\"https:\\\/\\\/schema.org\",\"@graph\":[{\"@type\":[\"WebPage\",\"ItemPage\"],\"@id\":\"https:\\\/\\\/www.lraloeverashop.eu\\\/pt-pt\\\/produto\\\/set-cuidado-da-pele-zeitgard-pro\\\/\",\"url\":\"https:\\\/\\\/www.lraloeverashop.eu\\\/pt-pt\\\/produto\\\/set-cuidado-da-pele-zeitgard-pro\\\/\",\"name\":\"Set Cuidado da pele zeitgard pro - Seu est\u00fadio de beleza em casa\",\"isPartOf\":{\"@id\":\"https:\\\/\\\/www.lraloeverashop.eu\\\/pt-pt\\\/#website\"},\"primaryImageOfPage\":{\"@id\":\"https:\\\/\\\/www.lraloeverashop.eu\\\/pt-pt\\\/produto\\\/set-cuidado-da-pele-zeitgard-pro\\\/#primaryimage\"},\"image\":{\"@id\":\"https:\\\/\\\/www.lraloeverashop.eu\\\/pt-pt\\\/produto\\\/set-cuidado-da-pele-zeitgard-pro\\\/#primaryimage\"},\"thumbnailUrl\":\"https:\\\/\\\/www.lraloeverashop.eu\\\/wp-content\\\/uploads\\\/2022\\\/10\\\/Zeitgard-Pro-Skin-Care-Set.jpg\",\"datePublished\":\"2022-10-22T06:09:28+00:00\",\"dateModified\":\"2026-02-08T08:59:39+00:00\",\"description\":\"Set Cuidado da Pele Zeitgard Pro \u00e9 uma combina\u00e7\u00e3o de tecnologias inovadoras, agentes de cuidado eficazes, texturas \u00fanicas e qualidade Made in Germany\",\"breadcrumb\":{\"@id\":\"https:\\\/\\\/www.lraloeverashop.eu\\\/pt-pt\\\/produto\\\/set-cuidado-da-pele-zeitgard-pro\\\/#breadcrumb\"},\"inLanguage\":\"pt-PT\",\"potentialAction\":[{\"@type\":\"ReadAction\",\"target\":[\"https:\\\/\\\/www.lraloeverashop.eu\\\/pt-pt\\\/produto\\\/set-cuidado-da-pele-zeitgard-pro\\\/\"]}]},{\"@type\":\"ImageObject\",\"inLanguage\":\"pt-PT\",\"@id\":\"https:\\\/\\\/www.lraloeverashop.eu\\\/pt-pt\\\/produto\\\/set-cuidado-da-pele-zeitgard-pro\\\/#primaryimage\",\"url\":\"https:\\\/\\\/www.lraloeverashop.eu\\\/wp-content\\\/uploads\\\/2022\\\/10\\\/Zeitgard-Pro-Skin-Care-Set.jpg\",\"contentUrl\":\"https:\\\/\\\/www.lraloeverashop.eu\\\/wp-content\\\/uploads\\\/2022\\\/10\\\/Zeitgard-Pro-Skin-Care-Set.jpg\",\"width\":1200,\"height\":1200,\"caption\":\"Set Cuidado da Pele Zeitgard Pro\"},{\"@type\":\"BreadcrumbList\",\"@id\":\"https:\\\/\\\/www.lraloeverashop.eu\\\/pt-pt\\\/produto\\\/set-cuidado-da-pele-zeitgard-pro\\\/#breadcrumb\",\"itemListElement\":[{\"@type\":\"ListItem\",\"position\":1,\"name\":\"Home\",\"item\":\"https:\\\/\\\/www.lraloeverashop.eu\\\/pt-pt\\\/\"},{\"@type\":\"ListItem\",\"position\":2,\"name\":\"Loja\",\"item\":\"https:\\\/\\\/www.lraloeverashop.eu\\\/pt-pt\\\/loja\\\/\"},{\"@type\":\"ListItem\",\"position\":3,\"name\":\"Set Cuidado da Pele Zeitgard Pro\"}]},{\"@type\":\"WebSite\",\"@id\":\"https:\\\/\\\/www.lraloeverashop.eu\\\/pt-pt\\\/#website\",\"url\":\"https:\\\/\\\/www.lraloeverashop.eu\\\/pt-pt\\\/\",\"name\":\"Lr Loja Aloe Vera\",\"description\":\"High Quality Lr Aloe Vera Gel, Aloe Vera Cream and Shampoo\",\"publisher\":{\"@id\":\"https:\\\/\\\/www.lraloeverashop.eu\\\/pt-pt\\\/#organization\"},\"potentialAction\":[{\"@type\":\"SearchAction\",\"target\":{\"@type\":\"EntryPoint\",\"urlTemplate\":\"https:\\\/\\\/www.lraloeverashop.eu\\\/pt-pt\\\/?s={search_term_string}\"},\"query-input\":{\"@type\":\"PropertyValueSpecification\",\"valueRequired\":true,\"valueName\":\"search_term_string\"}}],\"inLanguage\":\"pt-PT\"},{\"@type\":\"Organization\",\"@id\":\"https:\\\/\\\/www.lraloeverashop.eu\\\/pt-pt\\\/#organization\",\"name\":\"Lr Loja Aloe Vera\",\"alternateName\":\"LR\",\"url\":\"https:\\\/\\\/www.lraloeverashop.eu\\\/pt-pt\\\/\",\"logo\":{\"@type\":\"ImageObject\",\"inLanguage\":\"pt-PT\",\"@id\":\"https:\\\/\\\/www.lraloeverashop.eu\\\/pt-pt\\\/#\\\/schema\\\/logo\\\/image\\\/\",\"url\":\"https:\\\/\\\/www.lraloeverashop.eu\\\/wp-content\\\/uploads\\\/2022\\\/09\\\/cropped-Lr-Aloe-Vera-Shop.jpg\",\"contentUrl\":\"https:\\\/\\\/www.lraloeverashop.eu\\\/wp-content\\\/uploads\\\/2022\\\/09\\\/cropped-Lr-Aloe-Vera-Shop.jpg\",\"width\":228,\"height\":76,\"caption\":\"Lr Loja Aloe Vera\"},\"image\":{\"@id\":\"https:\\\/\\\/www.lraloeverashop.eu\\\/pt-pt\\\/#\\\/schema\\\/logo\\\/image\\\/\"},\"sameAs\":[\"https:\\\/\\\/www.facebook.com\\\/lraloeverashop.eu\",\"https:\\\/\\\/x.com\\\/natur__kosmetik\",\"https:\\\/\\\/www.youtube.com\\\/channel\\\/UC5oN7BJ8nfYb8RpVtjwDEBA\",\"https:\\\/\\\/www.instagram.com\\\/lrbeautyeu\\\/\"]}]}<\/script>\n<meta property=\"product:price:amount\" content=\"589.99\" \/>\n<meta property=\"product:price:currency\" content=\"EUR\" \/>\n<meta property=\"og:availability\" content=\"instock\" \/>\n<meta property=\"product:availability\" content=\"instock\" \/>\n<meta property=\"product:retailer_item_id\" content=\"70111-1PT\" \/>\n<meta property=\"product:condition\" content=\"new\" \/>\n<!-- \/ Yoast SEO Premium plugin. -->","yoast_head_json":{"title":"Set Cuidado da pele zeitgard pro - Seu est\u00fadio de beleza em casa","description":"Set Cuidado da Pele Zeitgard Pro \u00e9 uma combina\u00e7\u00e3o de tecnologias inovadoras, agentes de cuidado eficazes, texturas \u00fanicas e qualidade Made in Germany","robots":{"index":"index","follow":"follow","max-snippet":"max-snippet:-1","max-image-preview":"max-image-preview:large","max-video-preview":"max-video-preview:-1"},"canonical":"https:\/\/www.lraloeverashop.eu\/pt-pt\/produto\/set-cuidado-da-pele-zeitgard-pro\/","og_locale":"pt_PT","og_type":"article","og_title":"Set Cuidado da Pele Zeitgard Pro","og_description":"Set Cuidado da Pele Zeitgard Pro \u00e9 uma combina\u00e7\u00e3o de tecnologias inovadoras, agentes de cuidado eficazes, texturas \u00fanicas e qualidade Made in Germany","og_url":"https:\/\/www.lraloeverashop.eu\/pt-pt\/produto\/set-cuidado-da-pele-zeitgard-pro\/","og_site_name":"Lr Loja Aloe Vera","article_publisher":"https:\/\/www.facebook.com\/lraloeverashop.eu","article_modified_time":"2026-02-08T08:59:39+00:00","og_image":[{"width":1200,"height":1200,"url":"https:\/\/www.lraloeverashop.eu\/wp-content\/uploads\/2022\/10\/Zeitgard-Pro-Skin-Care-Set.jpg","type":"image\/jpeg"}],"twitter_card":"summary_large_image","twitter_site":"@natur__kosmetik","schema":{"@context":"https:\/\/schema.org","@graph":[{"@type":["WebPage","ItemPage"],"@id":"https:\/\/www.lraloeverashop.eu\/pt-pt\/produto\/set-cuidado-da-pele-zeitgard-pro\/","url":"https:\/\/www.lraloeverashop.eu\/pt-pt\/produto\/set-cuidado-da-pele-zeitgard-pro\/","name":"Set Cuidado da pele zeitgard pro - Seu est\u00fadio de beleza em casa","isPartOf":{"@id":"https:\/\/www.lraloeverashop.eu\/pt-pt\/#website"},"primaryImageOfPage":{"@id":"https:\/\/www.lraloeverashop.eu\/pt-pt\/produto\/set-cuidado-da-pele-zeitgard-pro\/#primaryimage"},"image":{"@id":"https:\/\/www.lraloeverashop.eu\/pt-pt\/produto\/set-cuidado-da-pele-zeitgard-pro\/#primaryimage"},"thumbnailUrl":"https:\/\/www.lraloeverashop.eu\/wp-content\/uploads\/2022\/10\/Zeitgard-Pro-Skin-Care-Set.jpg","datePublished":"2022-10-22T06:09:28+00:00","dateModified":"2026-02-08T08:59:39+00:00","description":"Set Cuidado da Pele Zeitgard Pro \u00e9 uma combina\u00e7\u00e3o de tecnologias inovadoras, agentes de cuidado eficazes, texturas \u00fanicas e qualidade Made in Germany","breadcrumb":{"@id":"https:\/\/www.lraloeverashop.eu\/pt-pt\/produto\/set-cuidado-da-pele-zeitgard-pro\/#breadcrumb"},"inLanguage":"pt-PT","potentialAction":[{"@type":"ReadAction","target":["https:\/\/www.lraloeverashop.eu\/pt-pt\/produto\/set-cuidado-da-pele-zeitgard-pro\/"]}]},{"@type":"ImageObject","inLanguage":"pt-PT","@id":"https:\/\/www.lraloeverashop.eu\/pt-pt\/produto\/set-cuidado-da-pele-zeitgard-pro\/#primaryimage","url":"https:\/\/www.lraloeverashop.eu\/wp-content\/uploads\/2022\/10\/Zeitgard-Pro-Skin-Care-Set.jpg","contentUrl":"https:\/\/www.lraloeverashop.eu\/wp-content\/uploads\/2022\/10\/Zeitgard-Pro-Skin-Care-Set.jpg","width":1200,"height":1200,"caption":"Set Cuidado da Pele Zeitgard Pro"},{"@type":"BreadcrumbList","@id":"https:\/\/www.lraloeverashop.eu\/pt-pt\/produto\/set-cuidado-da-pele-zeitgard-pro\/#breadcrumb","itemListElement":[{"@type":"ListItem","position":1,"name":"Home","item":"https:\/\/www.lraloeverashop.eu\/pt-pt\/"},{"@type":"ListItem","position":2,"name":"Loja","item":"https:\/\/www.lraloeverashop.eu\/pt-pt\/loja\/"},{"@type":"ListItem","position":3,"name":"Set Cuidado da Pele Zeitgard Pro"}]},{"@type":"WebSite","@id":"https:\/\/www.lraloeverashop.eu\/pt-pt\/#website","url":"https:\/\/www.lraloeverashop.eu\/pt-pt\/","name":"Lr Loja Aloe Vera","description":"High Quality Lr Aloe Vera Gel, Aloe Vera Cream and Shampoo","publisher":{"@id":"https:\/\/www.lraloeverashop.eu\/pt-pt\/#organization"},"potentialAction":[{"@type":"SearchAction","target":{"@type":"EntryPoint","urlTemplate":"https:\/\/www.lraloeverashop.eu\/pt-pt\/?s={search_term_string}"},"query-input":{"@type":"PropertyValueSpecification","valueRequired":true,"valueName":"search_term_string"}}],"inLanguage":"pt-PT"},{"@type":"Organization","@id":"https:\/\/www.lraloeverashop.eu\/pt-pt\/#organization","name":"Lr Loja Aloe Vera","alternateName":"LR","url":"https:\/\/www.lraloeverashop.eu\/pt-pt\/","logo":{"@type":"ImageObject","inLanguage":"pt-PT","@id":"https:\/\/www.lraloeverashop.eu\/pt-pt\/#\/schema\/logo\/image\/","url":"https:\/\/www.lraloeverashop.eu\/wp-content\/uploads\/2022\/09\/cropped-Lr-Aloe-Vera-Shop.jpg","contentUrl":"https:\/\/www.lraloeverashop.eu\/wp-content\/uploads\/2022\/09\/cropped-Lr-Aloe-Vera-Shop.jpg","width":228,"height":76,"caption":"Lr Loja Aloe Vera"},"image":{"@id":"https:\/\/www.lraloeverashop.eu\/pt-pt\/#\/schema\/logo\/image\/"},"sameAs":["https:\/\/www.facebook.com\/lraloeverashop.eu","https:\/\/x.com\/natur__kosmetik","https:\/\/www.youtube.com\/channel\/UC5oN7BJ8nfYb8RpVtjwDEBA","https:\/\/www.instagram.com\/lrbeautyeu\/"]}]},"product_price_amount":"589.99","product_price_currency":"EUR","og_availability":"instock","product_availability":"instock","product_retailer_item_id":"70111-1PT","product_condition":"new"},"taxonomy_info":{"product_cat":[{"value":269,"label":"Cuidado Anti-idade"},{"value":275,"label":"Homens a partir de 25 anos"},{"value":281,"label":"Mulheres acima de 40"},{"value":287,"label":"Mulheres at\u00e9 40"},{"value":395,"label":"Zeitgard"},{"value":359,"label":"Zeitgard Pro"}],"product_tag":[{"value":670,"label":"Limpeza de rosto"},{"value":704,"label":"para rugas no rosto"},{"value":705,"label":"para rugas sob os olhos"}]},"featured_image_src_large":["https:\/\/www.lraloeverashop.eu\/wp-content\/uploads\/2022\/10\/Zeitgard-Pro-Skin-Care-Set-1024x1024.jpg",1024,1024,true],"author_info":[],"comment_info":0,"_links":{"self":[{"href":"https:\/\/www.lraloeverashop.eu\/pt-pt\/wp-json\/wp\/v2\/product\/8715","targetHints":{"allow":["GET"]}}],"collection":[{"href":"https:\/\/www.lraloeverashop.eu\/pt-pt\/wp-json\/wp\/v2\/product"}],"about":[{"href":"https:\/\/www.lraloeverashop.eu\/pt-pt\/wp-json\/wp\/v2\/types\/product"}],"replies":[{"embeddable":true,"href":"https:\/\/www.lraloeverashop.eu\/pt-pt\/wp-json\/wp\/v2\/comments?post=8715"}],"wp:featuredmedia":[{"embeddable":true,"href":"https:\/\/www.lraloeverashop.eu\/pt-pt\/wp-json\/wp\/v2\/media\/6063"}],"wp:attachment":[{"href":"https:\/\/www.lraloeverashop.eu\/pt-pt\/wp-json\/wp\/v2\/media?parent=8715"}],"wp:term":[{"taxonomy":"product_brand","embeddable":true,"href":"https:\/\/www.lraloeverashop.eu\/pt-pt\/wp-json\/wp\/v2\/product_brand?post=8715"},{"taxonomy":"product_cat","embeddable":true,"href":"https:\/\/www.lraloeverashop.eu\/pt-pt\/wp-json\/wp\/v2\/product_cat?post=8715"},{"taxonomy":"product_tag","embeddable":true,"href":"https:\/\/www.lraloeverashop.eu\/pt-pt\/wp-json\/wp\/v2\/product_tag?post=8715"}],"curies":[{"name":"wp","href":"https:\/\/api.w.org\/{rel}","templated":true}]}}