{"id":8688,"date":"2022-10-23T09:40:26","date_gmt":"2022-10-23T07:40:26","guid":{"rendered":"https:\/\/www.lraloeverashop.eu\/product\/acessorio-de-massagem-corporal-zeitgard-pro\/"},"modified":"2026-02-08T09:58:40","modified_gmt":"2026-02-08T08:58:40","slug":"acessorio-de-massagem-corporal-zeitgard-pro","status":"publish","type":"product","link":"https:\/\/www.lraloeverashop.eu\/pt-pt\/produto\/acessorio-de-massagem-corporal-zeitgard-pro\/","title":{"rendered":"Acess\u00f3rio de massagem corporal Zeitgard Pro"},"content":{"rendered":"<h2><span style=\"font-size: 16pt; color: #000000;\"><strong>Acess\u00f3rio de massagem corporal Zeitgard Pro<\/strong><\/span><\/h2>\n<p><span style=\"font-size: 14pt;\"><strong>Acess\u00f3rio de massagem corporal Zeitgard Pro para firmar a pele e reduzir a celulite<\/strong><\/span><\/p>\n<p>A massagem ultrass\u00f4nica com o Acess\u00f3rio de massagem corporal d\u00e1 ao seu corpo uma tez mais firme e uniforme. Usado diariamente, garante tecido conjuntivo mais firme e menos pele casca de laranja. Os melhores resultados s\u00e3o alcan\u00e7ados em combina\u00e7\u00e3o com o creme corporal LR ZEITGARD.<\/p>\n<p>As vibra\u00e7\u00f5es ultrass\u00f4nicas penetram alguns cent\u00edmetros na pele. L\u00e1 eles podem ajudar a liquefazer a gordura nas c\u00e9lulas da pele. Gra\u00e7as ao efeito de massagem vibrat\u00f3ria do Zeitgard Pro Body Massage Attachment, a gordura liquefeita nas c\u00e9lulas da pele \u00e9 capaz de se reformar uniformemente, tornando a tez mais lisa e firme.<\/p>\n<p>Al\u00e9m disso, os ingredientes ativos do creme corporal Lr Zeitgard com sistema de transporte de ingredientes ativos podem penetrar mais fundo e mais r\u00e1pido na pele gra\u00e7as \u00e0 tecnologia ultrass\u00f4nica. Com o uso regular, um dep\u00f3sito de ingrediente ativo se acumula nas profundezas das camadas da pele, resultando em um efeito duradouro. Os <a href=\"https:\/\/www.lraloeverashop.eu\/pt-pt\/produto\/set-cuidado-da-pele-zeitgard-pro\/\">melhores resultados<\/a> s\u00e3o alcan\u00e7ados em combina\u00e7\u00e3o com o creme corporal Lr Zeitgard Pro.<\/p>\n<h3><\/h3>\n<h3><span style=\"font-size: 16pt;\"><strong>Como usar<\/strong><\/span><\/h3>\n<p>Aplique o creme corporal Lr Zeitgard 1-2 vezes ao dia. Usando o Lr Acess\u00f3rio para massagem corporal, massageie o creme nas partes individuais do corpo por aprox. 2 minutos um ap\u00f3s o outro.<\/p>\n<p>Conduza o <a href=\"https:\/\/www.lraloeverashop.eu\/pt-pt\/produto\/zeitgard-pro-kit-de-massagem-corporal\/\">Aparelho de Massagem Corporal Zeitgard Pro<\/a> em movimentos circulares suaves na dire\u00e7\u00e3o dos g\u00e2nglios linf\u00e1ticos: nas pernas na dire\u00e7\u00e3o da virilha, no abd\u00f4men na dire\u00e7\u00e3o da virilha, nas n\u00e1degas na dire\u00e7\u00e3o da parte de tr\u00e1s do joelho e nos bra\u00e7os no sentido das axilas.<\/p>\n<p>&nbsp;<\/p>\n<p><img loading=\"lazy\" decoding=\"async\" class=\"aligncenter wp-image-3129\" src=\"https:\/\/www.lraloeverashop.eu\/wp-content\/uploads\/2022\/10\/Lr-Zeitgard-Pro-Body-massage-Device-in-use-1024x536.jpg\" alt=\"Lr Zeitgard Pro Body massage Device in use\" width=\"1221\" height=\"639\" srcset=\"https:\/\/www.lraloeverashop.eu\/wp-content\/uploads\/2022\/10\/Lr-Zeitgard-Pro-Body-massage-Device-in-use-1024x536.jpg 1024w, https:\/\/www.lraloeverashop.eu\/wp-content\/uploads\/2022\/10\/Lr-Zeitgard-Pro-Body-massage-Device-in-use-600x314.jpg 600w, https:\/\/www.lraloeverashop.eu\/wp-content\/uploads\/2022\/10\/Lr-Zeitgard-Pro-Body-massage-Device-in-use-300x157.jpg 300w, https:\/\/www.lraloeverashop.eu\/wp-content\/uploads\/2022\/10\/Lr-Zeitgard-Pro-Body-massage-Device-in-use-768x402.jpg 768w, https:\/\/www.lraloeverashop.eu\/wp-content\/uploads\/2022\/10\/Lr-Zeitgard-Pro-Body-massage-Device-in-use-1536x804.jpg 1536w, https:\/\/www.lraloeverashop.eu\/wp-content\/uploads\/2022\/10\/Lr-Zeitgard-Pro-Body-massage-Device-in-use-2048x1072.jpg 2048w\" sizes=\"auto, (max-width: 1221px) 100vw, 1221px\" \/><\/p>\n","protected":false},"excerpt":{"rendered":"<ul>\n<li>Acess\u00f3rio de massagem corporal reafirmante para Zeitgard Pro<\/li>\n<li>Para uma tez mais firme e uniforme<\/li>\n<li>Tecnologia ultrass\u00f4nica inovadora<\/li>\n<li>Para usar com o creme corporal Lr Zeitgard<\/li>\n<li>Com sistema de transporte de ingrediente ativo<\/li>\n<li>Quantidade: 1 pe\u00e7a<\/li>\n<\/ul>\n<p><span style=\"color: #ff0000;\"><a style=\"color: #ff0000;\" href=\"https:\/\/shop.lrworld.com\/openpao?PHP=0vFlt7jT938BEnBI3a6e9w%3D%3D\"><span style=\"font-size: 14pt;\"><strong>Registe-se aqui e poupe 35% em todos os pedidos<\/strong><\/span><\/a><\/span><\/p>\n","protected":false},"featured_media":6051,"comment_status":"open","ping_status":"closed","template":"","meta":{"_kad_blocks_custom_css":"","_kad_blocks_head_custom_js":"","_kad_blocks_body_custom_js":"","_kad_blocks_footer_custom_js":"","_kadence_starter_templates_imported_post":false,"_kad_post_transparent":"default","_kad_post_title":"","_kad_post_layout":"default","_kad_post_sidebar_id":"","_kad_post_content_style":"default","_kad_post_vertical_padding":"default","_kad_post_feature":"","_kad_post_feature_position":"","_kad_post_header":false,"_kad_post_footer":false,"_kad_post_classname":""},"product_brand":[],"product_cat":[269,359],"product_tag":[610],"class_list":{"0":"post-8688","1":"product","2":"type-product","3":"status-publish","4":"has-post-thumbnail","6":"product_cat-cuidado-anti-idade","7":"product_cat-zeitgard-pro-pt-pt","8":"product_tag-celulite","10":"first","11":"instock","12":"taxable","13":"shipping-taxable","14":"purchasable","15":"product-type-simple","16":"entry","17":"content-bg","18":"loop-entry"},"yoast_head":"<!-- This site is optimized with the Yoast SEO Premium plugin v27.4 (Yoast SEO v27.4) - https:\/\/yoast.com\/product\/yoast-seo-premium-wordpress\/ -->\n<title>Acess\u00f3rio de massagem corporal Zeitgard Pro para firmar a pele.<\/title>\n<meta name=\"description\" content=\"A massagem ultrass\u00f4nica com o Acess\u00f3rio de massagem corporal Zeitgard Pro d\u00e1 ao seu corpo uma tez mais firme e uniforme. Tecnologia ultrass\u00f4nica inovadora\" \/>\n<meta name=\"robots\" content=\"index, follow, max-snippet:-1, max-image-preview:large, max-video-preview:-1\" \/>\n<link rel=\"canonical\" href=\"https:\/\/www.lraloeverashop.eu\/pt-pt\/produto\/acessorio-de-massagem-corporal-zeitgard-pro\/\" \/>\n<meta property=\"og:locale\" content=\"pt_PT\" \/>\n<meta property=\"og:type\" content=\"article\" \/>\n<meta property=\"og:title\" content=\"Acess\u00f3rio de massagem corporal Zeitgard Pro\" \/>\n<meta property=\"og:description\" content=\"A massagem ultrass\u00f4nica com o Acess\u00f3rio de massagem corporal Zeitgard Pro d\u00e1 ao seu corpo uma tez mais firme e uniforme. Tecnologia ultrass\u00f4nica inovadora\" \/>\n<meta property=\"og:url\" content=\"https:\/\/www.lraloeverashop.eu\/pt-pt\/produto\/acessorio-de-massagem-corporal-zeitgard-pro\/\" \/>\n<meta property=\"og:site_name\" content=\"Lr Loja Aloe Vera\" \/>\n<meta property=\"article:publisher\" content=\"https:\/\/www.facebook.com\/lraloeverashop.eu\" \/>\n<meta property=\"article:modified_time\" content=\"2026-02-08T08:58:40+00:00\" \/>\n<meta property=\"og:image\" content=\"https:\/\/www.lraloeverashop.eu\/wp-content\/uploads\/2022\/10\/Zeitgard-Pro-massage-tool.jpg\" \/>\n\t<meta property=\"og:image:width\" content=\"1200\" \/>\n\t<meta property=\"og:image:height\" content=\"1200\" \/>\n\t<meta property=\"og:image:type\" content=\"image\/jpeg\" \/>\n<meta name=\"twitter:card\" content=\"summary_large_image\" \/>\n<meta name=\"twitter:site\" content=\"@natur__kosmetik\" \/>\n<script type=\"application\/ld+json\" class=\"yoast-schema-graph\">{\"@context\":\"https:\\\/\\\/schema.org\",\"@graph\":[{\"@type\":[\"WebPage\",\"ItemPage\"],\"@id\":\"https:\\\/\\\/www.lraloeverashop.eu\\\/pt-pt\\\/produto\\\/acessorio-de-massagem-corporal-zeitgard-pro\\\/\",\"url\":\"https:\\\/\\\/www.lraloeverashop.eu\\\/pt-pt\\\/produto\\\/acessorio-de-massagem-corporal-zeitgard-pro\\\/\",\"name\":\"Acess\u00f3rio de massagem corporal Zeitgard Pro para firmar a pele.\",\"isPartOf\":{\"@id\":\"https:\\\/\\\/www.lraloeverashop.eu\\\/pt-pt\\\/#website\"},\"primaryImageOfPage\":{\"@id\":\"https:\\\/\\\/www.lraloeverashop.eu\\\/pt-pt\\\/produto\\\/acessorio-de-massagem-corporal-zeitgard-pro\\\/#primaryimage\"},\"image\":{\"@id\":\"https:\\\/\\\/www.lraloeverashop.eu\\\/pt-pt\\\/produto\\\/acessorio-de-massagem-corporal-zeitgard-pro\\\/#primaryimage\"},\"thumbnailUrl\":\"https:\\\/\\\/www.lraloeverashop.eu\\\/wp-content\\\/uploads\\\/2022\\\/10\\\/Zeitgard-Pro-massage-tool.jpg\",\"datePublished\":\"2022-10-23T07:40:26+00:00\",\"dateModified\":\"2026-02-08T08:58:40+00:00\",\"description\":\"A massagem ultrass\u00f4nica com o Acess\u00f3rio de massagem corporal Zeitgard Pro d\u00e1 ao seu corpo uma tez mais firme e uniforme. Tecnologia ultrass\u00f4nica inovadora\",\"breadcrumb\":{\"@id\":\"https:\\\/\\\/www.lraloeverashop.eu\\\/pt-pt\\\/produto\\\/acessorio-de-massagem-corporal-zeitgard-pro\\\/#breadcrumb\"},\"inLanguage\":\"pt-PT\",\"potentialAction\":[{\"@type\":\"ReadAction\",\"target\":[\"https:\\\/\\\/www.lraloeverashop.eu\\\/pt-pt\\\/produto\\\/acessorio-de-massagem-corporal-zeitgard-pro\\\/\"]}]},{\"@type\":\"ImageObject\",\"inLanguage\":\"pt-PT\",\"@id\":\"https:\\\/\\\/www.lraloeverashop.eu\\\/pt-pt\\\/produto\\\/acessorio-de-massagem-corporal-zeitgard-pro\\\/#primaryimage\",\"url\":\"https:\\\/\\\/www.lraloeverashop.eu\\\/wp-content\\\/uploads\\\/2022\\\/10\\\/Zeitgard-Pro-massage-tool.jpg\",\"contentUrl\":\"https:\\\/\\\/www.lraloeverashop.eu\\\/wp-content\\\/uploads\\\/2022\\\/10\\\/Zeitgard-Pro-massage-tool.jpg\",\"width\":1200,\"height\":1200,\"caption\":\"Acess\u00f3rio de massagem corporal Zeitgard Pro\"},{\"@type\":\"BreadcrumbList\",\"@id\":\"https:\\\/\\\/www.lraloeverashop.eu\\\/pt-pt\\\/produto\\\/acessorio-de-massagem-corporal-zeitgard-pro\\\/#breadcrumb\",\"itemListElement\":[{\"@type\":\"ListItem\",\"position\":1,\"name\":\"Home\",\"item\":\"https:\\\/\\\/www.lraloeverashop.eu\\\/pt-pt\\\/\"},{\"@type\":\"ListItem\",\"position\":2,\"name\":\"Loja\",\"item\":\"https:\\\/\\\/www.lraloeverashop.eu\\\/pt-pt\\\/loja\\\/\"},{\"@type\":\"ListItem\",\"position\":3,\"name\":\"Acess\u00f3rio de massagem corporal Zeitgard Pro\"}]},{\"@type\":\"WebSite\",\"@id\":\"https:\\\/\\\/www.lraloeverashop.eu\\\/pt-pt\\\/#website\",\"url\":\"https:\\\/\\\/www.lraloeverashop.eu\\\/pt-pt\\\/\",\"name\":\"Lr Loja Aloe Vera\",\"description\":\"High Quality Lr Aloe Vera Gel, Aloe Vera Cream and Shampoo\",\"publisher\":{\"@id\":\"https:\\\/\\\/www.lraloeverashop.eu\\\/pt-pt\\\/#organization\"},\"potentialAction\":[{\"@type\":\"SearchAction\",\"target\":{\"@type\":\"EntryPoint\",\"urlTemplate\":\"https:\\\/\\\/www.lraloeverashop.eu\\\/pt-pt\\\/?s={search_term_string}\"},\"query-input\":{\"@type\":\"PropertyValueSpecification\",\"valueRequired\":true,\"valueName\":\"search_term_string\"}}],\"inLanguage\":\"pt-PT\"},{\"@type\":\"Organization\",\"@id\":\"https:\\\/\\\/www.lraloeverashop.eu\\\/pt-pt\\\/#organization\",\"name\":\"Loja Lr Aloe Vera\",\"alternateName\":\"LR\",\"url\":\"https:\\\/\\\/www.lraloeverashop.eu\\\/pt-pt\\\/\",\"logo\":{\"@type\":\"ImageObject\",\"inLanguage\":\"pt-PT\",\"@id\":\"https:\\\/\\\/www.lraloeverashop.eu\\\/pt-pt\\\/#\\\/schema\\\/logo\\\/image\\\/\",\"url\":\"https:\\\/\\\/www.lraloeverashop.eu\\\/wp-content\\\/uploads\\\/2022\\\/09\\\/cropped-Lr-Aloe-Vera-Shop.jpg\",\"contentUrl\":\"https:\\\/\\\/www.lraloeverashop.eu\\\/wp-content\\\/uploads\\\/2022\\\/09\\\/cropped-Lr-Aloe-Vera-Shop.jpg\",\"width\":228,\"height\":76,\"caption\":\"Loja Lr Aloe Vera\"},\"image\":{\"@id\":\"https:\\\/\\\/www.lraloeverashop.eu\\\/pt-pt\\\/#\\\/schema\\\/logo\\\/image\\\/\"},\"sameAs\":[\"https:\\\/\\\/www.facebook.com\\\/lraloeverashop.eu\",\"https:\\\/\\\/x.com\\\/natur__kosmetik\",\"https:\\\/\\\/www.youtube.com\\\/channel\\\/UC5oN7BJ8nfYb8RpVtjwDEBA\",\"https:\\\/\\\/www.instagram.com\\\/lrbeautyeu\\\/\"],\"description\":\"Loja Lr Aloe Vera \u00e9 o seu destino de confian\u00e7a para os produtos de sa\u00fade e beleza premium da LR, fabricados na Alemanha. Oferecemos solu\u00e7\u00f5es de alta qualidade para o cuidado da pele, nutri\u00e7\u00e3o e antienvelhecimento \u00e0 base de Alo\u00e9 Vera, elaboradas com ingredientes puros e apoiadas em investiga\u00e7\u00e3o cient\u00edfica. Descubra o cuidado natural que regenera, protege e revitaliza a sua pele \u2014 e aproveite as ofertas mensais exclusivas nos nossos produtos LR Alo\u00e9 Vera mais vendidos.\\nComece hoje mesmo a sua jornada de cuidados naturais com a pele e sinta a diferen\u00e7a.\",\"email\":\"info@lraloeverashop.eu\",\"telephone\":\"+49 17670609653\",\"legalName\":\"Lr Aloe Vera Shop\",\"foundingDate\":\"2018-04-21\",\"numberOfEmployees\":{\"@type\":\"QuantitativeValue\",\"minValue\":\"1\",\"maxValue\":\"10\"}}]}<\/script>\n<meta property=\"product:price:amount\" content=\"85.99\" \/>\n<meta property=\"product:price:currency\" content=\"EUR\" \/>\n<meta property=\"og:availability\" content=\"instock\" \/>\n<meta property=\"product:availability\" content=\"instock\" \/>\n<meta property=\"product:retailer_item_id\" content=\"70103-1PT\" \/>\n<meta property=\"product:condition\" content=\"new\" \/>\n<!-- \/ Yoast SEO Premium plugin. -->","yoast_head_json":{"title":"Acess\u00f3rio de massagem corporal Zeitgard Pro para firmar a pele.","description":"A massagem ultrass\u00f4nica com o Acess\u00f3rio de massagem corporal Zeitgard Pro d\u00e1 ao seu corpo uma tez mais firme e uniforme. Tecnologia ultrass\u00f4nica inovadora","robots":{"index":"index","follow":"follow","max-snippet":"max-snippet:-1","max-image-preview":"max-image-preview:large","max-video-preview":"max-video-preview:-1"},"canonical":"https:\/\/www.lraloeverashop.eu\/pt-pt\/produto\/acessorio-de-massagem-corporal-zeitgard-pro\/","og_locale":"pt_PT","og_type":"article","og_title":"Acess\u00f3rio de massagem corporal Zeitgard Pro","og_description":"A massagem ultrass\u00f4nica com o Acess\u00f3rio de massagem corporal Zeitgard Pro d\u00e1 ao seu corpo uma tez mais firme e uniforme. Tecnologia ultrass\u00f4nica inovadora","og_url":"https:\/\/www.lraloeverashop.eu\/pt-pt\/produto\/acessorio-de-massagem-corporal-zeitgard-pro\/","og_site_name":"Lr Loja Aloe Vera","article_publisher":"https:\/\/www.facebook.com\/lraloeverashop.eu","article_modified_time":"2026-02-08T08:58:40+00:00","og_image":[{"width":1200,"height":1200,"url":"https:\/\/www.lraloeverashop.eu\/wp-content\/uploads\/2022\/10\/Zeitgard-Pro-massage-tool.jpg","type":"image\/jpeg"}],"twitter_card":"summary_large_image","twitter_site":"@natur__kosmetik","schema":{"@context":"https:\/\/schema.org","@graph":[{"@type":["WebPage","ItemPage"],"@id":"https:\/\/www.lraloeverashop.eu\/pt-pt\/produto\/acessorio-de-massagem-corporal-zeitgard-pro\/","url":"https:\/\/www.lraloeverashop.eu\/pt-pt\/produto\/acessorio-de-massagem-corporal-zeitgard-pro\/","name":"Acess\u00f3rio de massagem corporal Zeitgard Pro para firmar a pele.","isPartOf":{"@id":"https:\/\/www.lraloeverashop.eu\/pt-pt\/#website"},"primaryImageOfPage":{"@id":"https:\/\/www.lraloeverashop.eu\/pt-pt\/produto\/acessorio-de-massagem-corporal-zeitgard-pro\/#primaryimage"},"image":{"@id":"https:\/\/www.lraloeverashop.eu\/pt-pt\/produto\/acessorio-de-massagem-corporal-zeitgard-pro\/#primaryimage"},"thumbnailUrl":"https:\/\/www.lraloeverashop.eu\/wp-content\/uploads\/2022\/10\/Zeitgard-Pro-massage-tool.jpg","datePublished":"2022-10-23T07:40:26+00:00","dateModified":"2026-02-08T08:58:40+00:00","description":"A massagem ultrass\u00f4nica com o Acess\u00f3rio de massagem corporal Zeitgard Pro d\u00e1 ao seu corpo uma tez mais firme e uniforme. Tecnologia ultrass\u00f4nica inovadora","breadcrumb":{"@id":"https:\/\/www.lraloeverashop.eu\/pt-pt\/produto\/acessorio-de-massagem-corporal-zeitgard-pro\/#breadcrumb"},"inLanguage":"pt-PT","potentialAction":[{"@type":"ReadAction","target":["https:\/\/www.lraloeverashop.eu\/pt-pt\/produto\/acessorio-de-massagem-corporal-zeitgard-pro\/"]}]},{"@type":"ImageObject","inLanguage":"pt-PT","@id":"https:\/\/www.lraloeverashop.eu\/pt-pt\/produto\/acessorio-de-massagem-corporal-zeitgard-pro\/#primaryimage","url":"https:\/\/www.lraloeverashop.eu\/wp-content\/uploads\/2022\/10\/Zeitgard-Pro-massage-tool.jpg","contentUrl":"https:\/\/www.lraloeverashop.eu\/wp-content\/uploads\/2022\/10\/Zeitgard-Pro-massage-tool.jpg","width":1200,"height":1200,"caption":"Acess\u00f3rio de massagem corporal Zeitgard Pro"},{"@type":"BreadcrumbList","@id":"https:\/\/www.lraloeverashop.eu\/pt-pt\/produto\/acessorio-de-massagem-corporal-zeitgard-pro\/#breadcrumb","itemListElement":[{"@type":"ListItem","position":1,"name":"Home","item":"https:\/\/www.lraloeverashop.eu\/pt-pt\/"},{"@type":"ListItem","position":2,"name":"Loja","item":"https:\/\/www.lraloeverashop.eu\/pt-pt\/loja\/"},{"@type":"ListItem","position":3,"name":"Acess\u00f3rio de massagem corporal Zeitgard Pro"}]},{"@type":"WebSite","@id":"https:\/\/www.lraloeverashop.eu\/pt-pt\/#website","url":"https:\/\/www.lraloeverashop.eu\/pt-pt\/","name":"Lr Loja Aloe Vera","description":"High Quality Lr Aloe Vera Gel, Aloe Vera Cream and Shampoo","publisher":{"@id":"https:\/\/www.lraloeverashop.eu\/pt-pt\/#organization"},"potentialAction":[{"@type":"SearchAction","target":{"@type":"EntryPoint","urlTemplate":"https:\/\/www.lraloeverashop.eu\/pt-pt\/?s={search_term_string}"},"query-input":{"@type":"PropertyValueSpecification","valueRequired":true,"valueName":"search_term_string"}}],"inLanguage":"pt-PT"},{"@type":"Organization","@id":"https:\/\/www.lraloeverashop.eu\/pt-pt\/#organization","name":"Loja Lr Aloe Vera","alternateName":"LR","url":"https:\/\/www.lraloeverashop.eu\/pt-pt\/","logo":{"@type":"ImageObject","inLanguage":"pt-PT","@id":"https:\/\/www.lraloeverashop.eu\/pt-pt\/#\/schema\/logo\/image\/","url":"https:\/\/www.lraloeverashop.eu\/wp-content\/uploads\/2022\/09\/cropped-Lr-Aloe-Vera-Shop.jpg","contentUrl":"https:\/\/www.lraloeverashop.eu\/wp-content\/uploads\/2022\/09\/cropped-Lr-Aloe-Vera-Shop.jpg","width":228,"height":76,"caption":"Loja Lr Aloe Vera"},"image":{"@id":"https:\/\/www.lraloeverashop.eu\/pt-pt\/#\/schema\/logo\/image\/"},"sameAs":["https:\/\/www.facebook.com\/lraloeverashop.eu","https:\/\/x.com\/natur__kosmetik","https:\/\/www.youtube.com\/channel\/UC5oN7BJ8nfYb8RpVtjwDEBA","https:\/\/www.instagram.com\/lrbeautyeu\/"],"description":"Loja Lr Aloe Vera \u00e9 o seu destino de confian\u00e7a para os produtos de sa\u00fade e beleza premium da LR, fabricados na Alemanha. Oferecemos solu\u00e7\u00f5es de alta qualidade para o cuidado da pele, nutri\u00e7\u00e3o e antienvelhecimento \u00e0 base de Alo\u00e9 Vera, elaboradas com ingredientes puros e apoiadas em investiga\u00e7\u00e3o cient\u00edfica. Descubra o cuidado natural que regenera, protege e revitaliza a sua pele \u2014 e aproveite as ofertas mensais exclusivas nos nossos produtos LR Alo\u00e9 Vera mais vendidos.\nComece hoje mesmo a sua jornada de cuidados naturais com a pele e sinta a diferen\u00e7a.","email":"info@lraloeverashop.eu","telephone":"+49 17670609653","legalName":"Lr Aloe Vera Shop","foundingDate":"2018-04-21","numberOfEmployees":{"@type":"QuantitativeValue","minValue":"1","maxValue":"10"}}]},"product_price_amount":"85.99","product_price_currency":"EUR","og_availability":"instock","product_availability":"instock","product_retailer_item_id":"70103-1PT","product_condition":"new"},"taxonomy_info":{"product_cat":[{"value":269,"label":"Cuidado Anti-idade"},{"value":359,"label":"Zeitgard Pro"}],"product_tag":[{"value":610,"label":"Celulite"}]},"featured_image_src_large":["https:\/\/www.lraloeverashop.eu\/wp-content\/uploads\/2022\/10\/Zeitgard-Pro-massage-tool-1024x1024.jpg",1024,1024,true],"author_info":[],"comment_info":0,"_links":{"self":[{"href":"https:\/\/www.lraloeverashop.eu\/pt-pt\/wp-json\/wp\/v2\/product\/8688","targetHints":{"allow":["GET"]}}],"collection":[{"href":"https:\/\/www.lraloeverashop.eu\/pt-pt\/wp-json\/wp\/v2\/product"}],"about":[{"href":"https:\/\/www.lraloeverashop.eu\/pt-pt\/wp-json\/wp\/v2\/types\/product"}],"replies":[{"embeddable":true,"href":"https:\/\/www.lraloeverashop.eu\/pt-pt\/wp-json\/wp\/v2\/comments?post=8688"}],"wp:featuredmedia":[{"embeddable":true,"href":"https:\/\/www.lraloeverashop.eu\/pt-pt\/wp-json\/wp\/v2\/media\/6051"}],"wp:attachment":[{"href":"https:\/\/www.lraloeverashop.eu\/pt-pt\/wp-json\/wp\/v2\/media?parent=8688"}],"wp:term":[{"taxonomy":"product_brand","embeddable":true,"href":"https:\/\/www.lraloeverashop.eu\/pt-pt\/wp-json\/wp\/v2\/product_brand?post=8688"},{"taxonomy":"product_cat","embeddable":true,"href":"https:\/\/www.lraloeverashop.eu\/pt-pt\/wp-json\/wp\/v2\/product_cat?post=8688"},{"taxonomy":"product_tag","embeddable":true,"href":"https:\/\/www.lraloeverashop.eu\/pt-pt\/wp-json\/wp\/v2\/product_tag?post=8688"}],"curies":[{"name":"wp","href":"https:\/\/api.w.org\/{rel}","templated":true}]}}