{"id":8656,"date":"2022-12-03T18:43:25","date_gmt":"2022-12-03T17:43:25","guid":{"rendered":"https:\/\/www.lraloeverashop.eu\/product\/soro-facial-hidratante-aloe-vera\/"},"modified":"2026-02-08T09:54:52","modified_gmt":"2026-02-08T08:54:52","slug":"soro-facial-hidratante-aloe-vera","status":"publish","type":"product","link":"https:\/\/www.lraloeverashop.eu\/pt-pt\/produto\/soro-facial-hidratante-aloe-vera\/","title":{"rendered":"Soro Facial Hidratante Aloe Vera"},"content":{"rendered":"<h2><span style=\"font-size: 16pt;\"><strong>Soro Facial Hidratante Aloe Vera<\/strong><\/span><\/h2>\n<p><span style=\"font-size: 16px;\"><strong>Soro Facial Hidratante Aloe Vera para um look fresco durante todo o dia<\/strong><\/span><\/p>\n<p>O soro facial hidratante 24 horas de aloe vera com 50% de gel de folhas de aloe vera garante a hidrata\u00e7\u00e3o ideal da pele. O soro hidratante d\u00e1 \u00e0 pele mais elasticidade, vitalidade e um <a href=\"https:\/\/www.lraloeverashop.eu\/pt-pt\/produto\/serum-facial-skin-balance\/\">brilho fresco<\/a>. A inovadora tecnologia Moisture Trap\u2122 suporta a capacidade da pele de reter a umidade por 24 horas e, portanto, serve como base perfeita para <a href=\"https:\/\/www.lraloeverashop.eu\/pt-pt\/produto\/serum-facial-anti-rugas-serox\/\">cuidados di\u00e1rios<\/a>.<\/p>\n<p>&nbsp;<\/p>\n<h3><strong><span style=\"font-size: 16pt;\">Como usar<\/span><\/strong><\/h3>\n<p><strong>Passo 1:<\/strong> Aplique o Soro Facial Lr Aloe Vera no rosto uma vez por dia ap\u00f3s a limpeza. Se voc\u00ea tem pele bastante desidratada, duas vezes ao dia, por ex. de manh\u00e3 e \u00e0 noite ap\u00f3s a limpeza.<\/p>\n<p><strong>Passo 2:<\/strong> Aplique o <a href=\"https:\/\/www.lraloeverashop.eu\/pt-pt\/produto\/aloe-vera-gel-creme-refrescante\/\">Aloe Vera Gel Creme Refrescante<\/a> ou o Aloe Vera Creme de Dia Multiativo. Para a noite, o Aloe Vera Creme de Noite Regenerador \u00e9 ideal para o cuidado.<\/p>\n<p>&nbsp;<\/p>\n<h4><strong><span style=\"font-size: 16pt;\">Voc\u00ea sabia?<\/span><\/strong><\/h4>\n<p>H\u00e1 alguns anos, o aloe vera tamb\u00e9m foi descoberto para uso em produtos de cuidado. Nesse \u00ednterim, as propriedades positivas da planta tornaram-se parte integrante dos programas de cuidados de muitas pessoas.<\/p>\n<p>Ao longo de nossos muitos anos de experi\u00eancia no processamento desta planta vers\u00e1til, desenvolvemos processos para poder usar os valiosos ingredientes do aloe vera de maneira ideal em nossos produtos de cuidado.<\/p>\n<p>Isso inclui, por exemplo, que a LR processa apenas plantas de <a href=\"https:\/\/www.lraloeverashop.eu\/pt-pt\/produto\/espuma-de-limpeza-aloe-vera\/\">aloe vera<\/a> das terras altas mexicanas, que s\u00e3o cultivadas com aten\u00e7\u00e3o estrita \u00e0s condi\u00e7\u00f5es ideais de crescimento. A colheita \u00e9 feita exclusivamente \u00e0 m\u00e3o para n\u00e3o danificar o valioso filete de folhas.<\/p>\n<p><strong>Os produtos de Aloe Vera s\u00e3o fabricados na Alemanha. \u00c9 assim que garantimos a mais alta qualidade.<\/strong><\/p>\n","protected":false},"excerpt":{"rendered":"<ul>\n<li>Com 50% de gel de folha de aloe vera e extrato org\u00e2nico de azeitona<\/li>\n<li>Garante a penetra\u00e7\u00e3o ideal da umidade na pele<\/li>\n<li>Ajuda a pele a reter a umidade por 24 horas<\/li>\n<li>Para um visual fresco durante todo o dia<\/li>\n<li>Melhorando a elasticidade da pele<\/li>\n<li>Quantidade: 30ml<\/li>\n<\/ul>\n<p><span style=\"color: #ff0000;\"><a style=\"color: #ff0000;\" href=\"https:\/\/shop.lrworld.com\/openpao?PHP=0vFlt7jT938BEnBI3a6e9w%3D%3D\"><span style=\"font-size: 14pt;\"><strong>Registe-se aqui e poupe 35% em todos os pedidos<\/strong><\/span><\/a><\/span><\/p>\n","protected":false},"featured_media":8463,"comment_status":"open","ping_status":"closed","template":"","meta":{"_kad_blocks_custom_css":"","_kad_blocks_head_custom_js":"","_kad_blocks_body_custom_js":"","_kad_blocks_footer_custom_js":"","_kadence_starter_templates_imported_post":false,"_kad_post_transparent":"default","_kad_post_title":"","_kad_post_layout":"default","_kad_post_sidebar_id":"","_kad_post_content_style":"default","_kad_post_vertical_padding":"default","_kad_post_feature":"","_kad_post_feature_position":"","_kad_post_header":false,"_kad_post_footer":false,"_kad_post_classname":""},"product_brand":[],"product_cat":[215,240,354],"product_tag":[614],"class_list":{"0":"post-8656","1":"product","2":"type-product","3":"status-publish","4":"has-post-thumbnail","6":"product_cat-aloe-vera-pt-pt","7":"product_cat-cuidado-de-rosto","8":"product_cat-promocoes","9":"product_tag-rosto-seco","11":"first","12":"outofstock","13":"sale","14":"taxable","15":"shipping-taxable","16":"purchasable","17":"product-type-simple","18":"entry","19":"content-bg","20":"loop-entry"},"yoast_head":"<!-- This site is optimized with the Yoast SEO Premium plugin v27.3 (Yoast SEO v27.3) - https:\/\/yoast.com\/product\/yoast-seo-premium-wordpress\/ -->\n<title>Soro Facial Hidratante Aloe Vera para um look fresco todo o dia<\/title>\n<meta name=\"description\" content=\"Soro Facial Hidratante Aloe Vera com 50% de gel aloe vera e extrato org\u00e2nico de azeitona ajuda a pele a reter a umidade por 24 horas. Penetra\u00e7\u00e3o ideal\" \/>\n<meta name=\"robots\" content=\"index, follow, max-snippet:-1, max-image-preview:large, max-video-preview:-1\" \/>\n<link rel=\"canonical\" href=\"https:\/\/www.lraloeverashop.eu\/pt-pt\/produto\/soro-facial-hidratante-aloe-vera\/\" \/>\n<meta property=\"og:locale\" content=\"pt_PT\" \/>\n<meta property=\"og:type\" content=\"article\" \/>\n<meta property=\"og:title\" content=\"Soro Facial Hidratante Aloe Vera\" \/>\n<meta property=\"og:description\" content=\"Soro Facial Hidratante Aloe Vera com 50% de gel aloe vera e extrato org\u00e2nico de azeitona ajuda a pele a reter a umidade por 24 horas. Penetra\u00e7\u00e3o ideal\" \/>\n<meta property=\"og:url\" content=\"https:\/\/www.lraloeverashop.eu\/pt-pt\/produto\/soro-facial-hidratante-aloe-vera\/\" \/>\n<meta property=\"og:site_name\" content=\"Lr Loja Aloe Vera\" \/>\n<meta property=\"article:publisher\" content=\"https:\/\/www.facebook.com\/lraloeverashop.eu\" \/>\n<meta property=\"article:modified_time\" content=\"2026-02-08T08:54:52+00:00\" \/>\n<meta property=\"og:image\" content=\"https:\/\/www.lraloeverashop.eu\/wp-content\/uploads\/2022\/12\/Aloe-Vera-Face-Serum.jpg\" \/>\n\t<meta property=\"og:image:width\" content=\"1200\" \/>\n\t<meta property=\"og:image:height\" content=\"1200\" \/>\n\t<meta property=\"og:image:type\" content=\"image\/jpeg\" \/>\n<meta name=\"twitter:card\" content=\"summary_large_image\" \/>\n<meta name=\"twitter:site\" content=\"@natur__kosmetik\" \/>\n<script type=\"application\/ld+json\" class=\"yoast-schema-graph\">{\"@context\":\"https:\\\/\\\/schema.org\",\"@graph\":[{\"@type\":[\"WebPage\",\"ItemPage\"],\"@id\":\"https:\\\/\\\/www.lraloeverashop.eu\\\/pt-pt\\\/produto\\\/soro-facial-hidratante-aloe-vera\\\/\",\"url\":\"https:\\\/\\\/www.lraloeverashop.eu\\\/pt-pt\\\/produto\\\/soro-facial-hidratante-aloe-vera\\\/\",\"name\":\"Soro Facial Hidratante Aloe Vera para um look fresco todo o dia\",\"isPartOf\":{\"@id\":\"https:\\\/\\\/www.lraloeverashop.eu\\\/pt-pt\\\/#website\"},\"primaryImageOfPage\":{\"@id\":\"https:\\\/\\\/www.lraloeverashop.eu\\\/pt-pt\\\/produto\\\/soro-facial-hidratante-aloe-vera\\\/#primaryimage\"},\"image\":{\"@id\":\"https:\\\/\\\/www.lraloeverashop.eu\\\/pt-pt\\\/produto\\\/soro-facial-hidratante-aloe-vera\\\/#primaryimage\"},\"thumbnailUrl\":\"https:\\\/\\\/www.lraloeverashop.eu\\\/wp-content\\\/uploads\\\/2022\\\/12\\\/Aloe-Vera-Face-Serum.jpg\",\"datePublished\":\"2022-12-03T17:43:25+00:00\",\"dateModified\":\"2026-02-08T08:54:52+00:00\",\"description\":\"Soro Facial Hidratante Aloe Vera com 50% de gel aloe vera e extrato org\u00e2nico de azeitona ajuda a pele a reter a umidade por 24 horas. Penetra\u00e7\u00e3o ideal\",\"breadcrumb\":{\"@id\":\"https:\\\/\\\/www.lraloeverashop.eu\\\/pt-pt\\\/produto\\\/soro-facial-hidratante-aloe-vera\\\/#breadcrumb\"},\"inLanguage\":\"pt-PT\",\"potentialAction\":[{\"@type\":\"ReadAction\",\"target\":[\"https:\\\/\\\/www.lraloeverashop.eu\\\/pt-pt\\\/produto\\\/soro-facial-hidratante-aloe-vera\\\/\"]}]},{\"@type\":\"ImageObject\",\"inLanguage\":\"pt-PT\",\"@id\":\"https:\\\/\\\/www.lraloeverashop.eu\\\/pt-pt\\\/produto\\\/soro-facial-hidratante-aloe-vera\\\/#primaryimage\",\"url\":\"https:\\\/\\\/www.lraloeverashop.eu\\\/wp-content\\\/uploads\\\/2022\\\/12\\\/Aloe-Vera-Face-Serum.jpg\",\"contentUrl\":\"https:\\\/\\\/www.lraloeverashop.eu\\\/wp-content\\\/uploads\\\/2022\\\/12\\\/Aloe-Vera-Face-Serum.jpg\",\"width\":1200,\"height\":1200,\"caption\":\"S\u00e9rum Facial Hidratante Aloe Vera\"},{\"@type\":\"BreadcrumbList\",\"@id\":\"https:\\\/\\\/www.lraloeverashop.eu\\\/pt-pt\\\/produto\\\/soro-facial-hidratante-aloe-vera\\\/#breadcrumb\",\"itemListElement\":[{\"@type\":\"ListItem\",\"position\":1,\"name\":\"Home\",\"item\":\"https:\\\/\\\/www.lraloeverashop.eu\\\/pt-pt\\\/\"},{\"@type\":\"ListItem\",\"position\":2,\"name\":\"Loja\",\"item\":\"https:\\\/\\\/www.lraloeverashop.eu\\\/pt-pt\\\/loja\\\/\"},{\"@type\":\"ListItem\",\"position\":3,\"name\":\"Soro Facial Hidratante Aloe Vera\"}]},{\"@type\":\"WebSite\",\"@id\":\"https:\\\/\\\/www.lraloeverashop.eu\\\/pt-pt\\\/#website\",\"url\":\"https:\\\/\\\/www.lraloeverashop.eu\\\/pt-pt\\\/\",\"name\":\"Lr Loja Aloe Vera\",\"description\":\"High Quality Lr Aloe Vera Gel, Aloe Vera Cream and Shampoo\",\"publisher\":{\"@id\":\"https:\\\/\\\/www.lraloeverashop.eu\\\/pt-pt\\\/#organization\"},\"potentialAction\":[{\"@type\":\"SearchAction\",\"target\":{\"@type\":\"EntryPoint\",\"urlTemplate\":\"https:\\\/\\\/www.lraloeverashop.eu\\\/pt-pt\\\/?s={search_term_string}\"},\"query-input\":{\"@type\":\"PropertyValueSpecification\",\"valueRequired\":true,\"valueName\":\"search_term_string\"}}],\"inLanguage\":\"pt-PT\"},{\"@type\":\"Organization\",\"@id\":\"https:\\\/\\\/www.lraloeverashop.eu\\\/pt-pt\\\/#organization\",\"name\":\"Lr Loja Aloe Vera\",\"alternateName\":\"LR\",\"url\":\"https:\\\/\\\/www.lraloeverashop.eu\\\/pt-pt\\\/\",\"logo\":{\"@type\":\"ImageObject\",\"inLanguage\":\"pt-PT\",\"@id\":\"https:\\\/\\\/www.lraloeverashop.eu\\\/pt-pt\\\/#\\\/schema\\\/logo\\\/image\\\/\",\"url\":\"https:\\\/\\\/www.lraloeverashop.eu\\\/wp-content\\\/uploads\\\/2022\\\/09\\\/cropped-Lr-Aloe-Vera-Shop.jpg\",\"contentUrl\":\"https:\\\/\\\/www.lraloeverashop.eu\\\/wp-content\\\/uploads\\\/2022\\\/09\\\/cropped-Lr-Aloe-Vera-Shop.jpg\",\"width\":228,\"height\":76,\"caption\":\"Lr Loja Aloe Vera\"},\"image\":{\"@id\":\"https:\\\/\\\/www.lraloeverashop.eu\\\/pt-pt\\\/#\\\/schema\\\/logo\\\/image\\\/\"},\"sameAs\":[\"https:\\\/\\\/www.facebook.com\\\/lraloeverashop.eu\",\"https:\\\/\\\/x.com\\\/natur__kosmetik\",\"https:\\\/\\\/www.youtube.com\\\/channel\\\/UC5oN7BJ8nfYb8RpVtjwDEBA\",\"https:\\\/\\\/www.instagram.com\\\/lrbeautyeu\\\/\"]}]}<\/script>\n<meta property=\"product:price:amount\" content=\"19.99\" \/>\n<meta property=\"product:price:currency\" content=\"EUR\" \/>\n<meta property=\"og:availability\" content=\"out of stock\" \/>\n<meta property=\"product:availability\" content=\"out of stock\" \/>\n<meta property=\"product:retailer_item_id\" content=\"20685-201PT\" \/>\n<meta property=\"product:condition\" content=\"new\" \/>\n<!-- \/ Yoast SEO Premium plugin. -->","yoast_head_json":{"title":"Soro Facial Hidratante Aloe Vera para um look fresco todo o dia","description":"Soro Facial Hidratante Aloe Vera com 50% de gel aloe vera e extrato org\u00e2nico de azeitona ajuda a pele a reter a umidade por 24 horas. Penetra\u00e7\u00e3o ideal","robots":{"index":"index","follow":"follow","max-snippet":"max-snippet:-1","max-image-preview":"max-image-preview:large","max-video-preview":"max-video-preview:-1"},"canonical":"https:\/\/www.lraloeverashop.eu\/pt-pt\/produto\/soro-facial-hidratante-aloe-vera\/","og_locale":"pt_PT","og_type":"article","og_title":"Soro Facial Hidratante Aloe Vera","og_description":"Soro Facial Hidratante Aloe Vera com 50% de gel aloe vera e extrato org\u00e2nico de azeitona ajuda a pele a reter a umidade por 24 horas. Penetra\u00e7\u00e3o ideal","og_url":"https:\/\/www.lraloeverashop.eu\/pt-pt\/produto\/soro-facial-hidratante-aloe-vera\/","og_site_name":"Lr Loja Aloe Vera","article_publisher":"https:\/\/www.facebook.com\/lraloeverashop.eu","article_modified_time":"2026-02-08T08:54:52+00:00","og_image":[{"width":1200,"height":1200,"url":"https:\/\/www.lraloeverashop.eu\/wp-content\/uploads\/2022\/12\/Aloe-Vera-Face-Serum.jpg","type":"image\/jpeg"}],"twitter_card":"summary_large_image","twitter_site":"@natur__kosmetik","schema":{"@context":"https:\/\/schema.org","@graph":[{"@type":["WebPage","ItemPage"],"@id":"https:\/\/www.lraloeverashop.eu\/pt-pt\/produto\/soro-facial-hidratante-aloe-vera\/","url":"https:\/\/www.lraloeverashop.eu\/pt-pt\/produto\/soro-facial-hidratante-aloe-vera\/","name":"Soro Facial Hidratante Aloe Vera para um look fresco todo o dia","isPartOf":{"@id":"https:\/\/www.lraloeverashop.eu\/pt-pt\/#website"},"primaryImageOfPage":{"@id":"https:\/\/www.lraloeverashop.eu\/pt-pt\/produto\/soro-facial-hidratante-aloe-vera\/#primaryimage"},"image":{"@id":"https:\/\/www.lraloeverashop.eu\/pt-pt\/produto\/soro-facial-hidratante-aloe-vera\/#primaryimage"},"thumbnailUrl":"https:\/\/www.lraloeverashop.eu\/wp-content\/uploads\/2022\/12\/Aloe-Vera-Face-Serum.jpg","datePublished":"2022-12-03T17:43:25+00:00","dateModified":"2026-02-08T08:54:52+00:00","description":"Soro Facial Hidratante Aloe Vera com 50% de gel aloe vera e extrato org\u00e2nico de azeitona ajuda a pele a reter a umidade por 24 horas. Penetra\u00e7\u00e3o ideal","breadcrumb":{"@id":"https:\/\/www.lraloeverashop.eu\/pt-pt\/produto\/soro-facial-hidratante-aloe-vera\/#breadcrumb"},"inLanguage":"pt-PT","potentialAction":[{"@type":"ReadAction","target":["https:\/\/www.lraloeverashop.eu\/pt-pt\/produto\/soro-facial-hidratante-aloe-vera\/"]}]},{"@type":"ImageObject","inLanguage":"pt-PT","@id":"https:\/\/www.lraloeverashop.eu\/pt-pt\/produto\/soro-facial-hidratante-aloe-vera\/#primaryimage","url":"https:\/\/www.lraloeverashop.eu\/wp-content\/uploads\/2022\/12\/Aloe-Vera-Face-Serum.jpg","contentUrl":"https:\/\/www.lraloeverashop.eu\/wp-content\/uploads\/2022\/12\/Aloe-Vera-Face-Serum.jpg","width":1200,"height":1200,"caption":"S\u00e9rum Facial Hidratante Aloe Vera"},{"@type":"BreadcrumbList","@id":"https:\/\/www.lraloeverashop.eu\/pt-pt\/produto\/soro-facial-hidratante-aloe-vera\/#breadcrumb","itemListElement":[{"@type":"ListItem","position":1,"name":"Home","item":"https:\/\/www.lraloeverashop.eu\/pt-pt\/"},{"@type":"ListItem","position":2,"name":"Loja","item":"https:\/\/www.lraloeverashop.eu\/pt-pt\/loja\/"},{"@type":"ListItem","position":3,"name":"Soro Facial Hidratante Aloe Vera"}]},{"@type":"WebSite","@id":"https:\/\/www.lraloeverashop.eu\/pt-pt\/#website","url":"https:\/\/www.lraloeverashop.eu\/pt-pt\/","name":"Lr Loja Aloe Vera","description":"High Quality Lr Aloe Vera Gel, Aloe Vera Cream and Shampoo","publisher":{"@id":"https:\/\/www.lraloeverashop.eu\/pt-pt\/#organization"},"potentialAction":[{"@type":"SearchAction","target":{"@type":"EntryPoint","urlTemplate":"https:\/\/www.lraloeverashop.eu\/pt-pt\/?s={search_term_string}"},"query-input":{"@type":"PropertyValueSpecification","valueRequired":true,"valueName":"search_term_string"}}],"inLanguage":"pt-PT"},{"@type":"Organization","@id":"https:\/\/www.lraloeverashop.eu\/pt-pt\/#organization","name":"Lr Loja Aloe Vera","alternateName":"LR","url":"https:\/\/www.lraloeverashop.eu\/pt-pt\/","logo":{"@type":"ImageObject","inLanguage":"pt-PT","@id":"https:\/\/www.lraloeverashop.eu\/pt-pt\/#\/schema\/logo\/image\/","url":"https:\/\/www.lraloeverashop.eu\/wp-content\/uploads\/2022\/09\/cropped-Lr-Aloe-Vera-Shop.jpg","contentUrl":"https:\/\/www.lraloeverashop.eu\/wp-content\/uploads\/2022\/09\/cropped-Lr-Aloe-Vera-Shop.jpg","width":228,"height":76,"caption":"Lr Loja Aloe Vera"},"image":{"@id":"https:\/\/www.lraloeverashop.eu\/pt-pt\/#\/schema\/logo\/image\/"},"sameAs":["https:\/\/www.facebook.com\/lraloeverashop.eu","https:\/\/x.com\/natur__kosmetik","https:\/\/www.youtube.com\/channel\/UC5oN7BJ8nfYb8RpVtjwDEBA","https:\/\/www.instagram.com\/lrbeautyeu\/"]}]},"product_price_amount":"19.99","product_price_currency":"EUR","og_availability":"out of stock","product_availability":"out of stock","product_retailer_item_id":"20685-201PT","product_condition":"new"},"taxonomy_info":{"product_cat":[{"value":215,"label":"Aloe Vera"},{"value":240,"label":"Cuidado Facial"},{"value":354,"label":"Promo\u00e7\u00f5es"}],"product_tag":[{"value":614,"label":"Rosto seco"}]},"featured_image_src_large":["https:\/\/www.lraloeverashop.eu\/wp-content\/uploads\/2022\/12\/Aloe-Vera-Face-Serum-1024x1024.jpg",1024,1024,true],"author_info":[],"comment_info":0,"_links":{"self":[{"href":"https:\/\/www.lraloeverashop.eu\/pt-pt\/wp-json\/wp\/v2\/product\/8656","targetHints":{"allow":["GET"]}}],"collection":[{"href":"https:\/\/www.lraloeverashop.eu\/pt-pt\/wp-json\/wp\/v2\/product"}],"about":[{"href":"https:\/\/www.lraloeverashop.eu\/pt-pt\/wp-json\/wp\/v2\/types\/product"}],"replies":[{"embeddable":true,"href":"https:\/\/www.lraloeverashop.eu\/pt-pt\/wp-json\/wp\/v2\/comments?post=8656"}],"wp:featuredmedia":[{"embeddable":true,"href":"https:\/\/www.lraloeverashop.eu\/pt-pt\/wp-json\/wp\/v2\/media\/8463"}],"wp:attachment":[{"href":"https:\/\/www.lraloeverashop.eu\/pt-pt\/wp-json\/wp\/v2\/media?parent=8656"}],"wp:term":[{"taxonomy":"product_brand","embeddable":true,"href":"https:\/\/www.lraloeverashop.eu\/pt-pt\/wp-json\/wp\/v2\/product_brand?post=8656"},{"taxonomy":"product_cat","embeddable":true,"href":"https:\/\/www.lraloeverashop.eu\/pt-pt\/wp-json\/wp\/v2\/product_cat?post=8656"},{"taxonomy":"product_tag","embeddable":true,"href":"https:\/\/www.lraloeverashop.eu\/pt-pt\/wp-json\/wp\/v2\/product_tag?post=8656"}],"curies":[{"name":"wp","href":"https:\/\/api.w.org\/{rel}","templated":true}]}}