{"id":8632,"date":"2022-12-03T19:35:56","date_gmt":"2022-12-03T18:35:56","guid":{"rendered":"https:\/\/www.lraloeverashop.eu\/product\/protetor-solar-fps-50\/"},"modified":"2026-02-08T09:54:31","modified_gmt":"2026-02-08T08:54:31","slug":"protetor-solar-fps-50","status":"publish","type":"product","link":"https:\/\/www.lraloeverashop.eu\/pt-pt\/produto\/protetor-solar-fps-50\/","title":{"rendered":"Protetor Solar FPS 50"},"content":{"rendered":"<h2><span style=\"font-size: 16pt;\"><strong>Protetor Solar FPS 50 Aloe Vera<\/strong><\/span><\/h2>\n<p><span style=\"font-size: 16px;\"><strong>Protetor Solar FPS 50 Aloe Vera com alta prote\u00e7\u00e3o solar para peles sens\u00edveis<\/strong><\/span><\/p>\n<p>O bom tempo est\u00e1 a chamar, o saco de banho est\u00e1 pronto! Voc\u00ea tamb\u00e9m j\u00e1 pensou em prote\u00e7\u00e3o solar? Pessoas com pele sens\u00edvel propensa a queimaduras solares e crian\u00e7as em particular precisam de prote\u00e7\u00e3o solar confi\u00e1vel com o fator de prote\u00e7\u00e3o solar mais alto poss\u00edvel. O companheiro ideal nos dias quentes de ver\u00e3o: o Protetor Solar FPS 50 Aloe Vera.<\/p>\n<p>Gra\u00e7as ao alto fator de prote\u00e7\u00e3o solar e 40% de componentes de cuidado de aloe vera, a <a href=\"https:\/\/www.lraloeverashop.eu\/pt-pt\/produto\/leite-solar-aloe-vera-spray-fps-30\/\">lo\u00e7\u00e3o solar<\/a> de aloe vera FPS 50 protege e cuida da pele sens\u00edvel idealmente nos dias quentes de ver\u00e3o. O abacaxi \u00e9 conhecido por suas enzimas, minerais e vitaminas que podem ajudar na regenera\u00e7\u00e3o da pele.<\/p>\n<p>A inovadora textura de toque seco garante que a <a href=\"https:\/\/www.lraloeverashop.eu\/pt-pt\/produto\/locao-solar-aloe-vera-fps-30\/\">lo\u00e7\u00e3o<\/a> seja rapidamente absorvida, n\u00e3o brilhe, n\u00e3o grude e n\u00e3o deixe res\u00edduos brancos na pele.<\/p>\n<p>&nbsp;<\/p>\n<h3><strong><span style=\"font-size: 16pt;\">Como usar<\/span><\/strong><\/h3>\n<p>Aplicar generosamente pelo menos 30 minutos antes do banho de sol.<\/p>\n<p>&nbsp;<\/p>\n<h4><strong><span style=\"font-size: 16pt;\">Voc\u00ea sabia?<\/span><\/strong><\/h4>\n<p>O fator de <a href=\"https:\/\/www.lraloeverashop.eu\/pt-pt\/produto\/aloe-vera-creme-solar-anti-idade-fps-50\/\">prote\u00e7\u00e3o solar FPS<\/a> indica quanto tempo voc\u00ea pode, teoricamente, tomar banho de sol com protetor solar sem se queimar do que sem protetor solar.<\/p>\n<p>Voc\u00ea pode calcular: FPS * tempo de autoprote\u00e7\u00e3o. Por exemplo, se o seu tempo de autoprote\u00e7\u00e3o for de 5 minutos, calcule: 20 x 5 minutos = 100 minutos.<br \/>\nImportante: Cada tipo de pele \u00e9 diferente e a exposi\u00e7\u00e3o ao sol tamb\u00e9m. A lo\u00e7\u00e3o solar n\u00e3o substitui um guarda-chuva, camiseta ou chap\u00e9u de sol.<\/p>\n<p>Para se proteger tamb\u00e9m dos danos causados pelo sol a longo prazo, voc\u00ea nunca deve usar totalmente o per\u00edodo de <a href=\"https:\/\/www.lraloeverashop.eu\/pt-pt\/produto\/protetor-solar-spray-para-criancas\/\">prote\u00e7\u00e3o solar<\/a> e procurar a sombra com mais frequ\u00eancia.<\/p>\n","protected":false},"excerpt":{"rendered":"<ul>\n<li>Protetor para peles claras e sens\u00edveis<\/li>\n<li>Com 40% de aloe vera e extrato org\u00e2nico de abacaxi<\/li>\n<li>Protege a pele dos raios UVA e UVB<\/li>\n<li>Nutre e hidrata intensamente<\/li>\n<li>Com efeito de toque seco: absorve rapidamente, n\u00e3o d\u00e1 brilho, n\u00e3o gruda, n\u00e3o embranquece<\/li>\n<li>Quantidade: 75ml<\/li>\n<\/ul>\n<p><span style=\"color: #ff0000;\"><a style=\"color: #ff0000;\" href=\"https:\/\/shop.lrworld.com\/openpao?PHP=0vFlt7jT938BEnBI3a6e9w%3D%3D\"><span style=\"font-size: 14pt;\"><strong>Registe-se aqui e poupe 35% em todos os pedidos<\/strong><\/span><\/a><\/span><\/p>\n","protected":false},"featured_media":8470,"comment_status":"open","ping_status":"closed","template":"","meta":{"_kad_blocks_custom_css":"","_kad_blocks_head_custom_js":"","_kad_blocks_body_custom_js":"","_kad_blocks_footer_custom_js":"","_kadence_starter_templates_imported_post":false,"_kad_post_transparent":"default","_kad_post_title":"","_kad_post_layout":"default","_kad_post_sidebar_id":"","_kad_post_content_style":"default","_kad_post_vertical_padding":"default","_kad_post_feature":"","_kad_post_feature_position":"","_kad_post_header":false,"_kad_post_footer":false,"_kad_post_classname":""},"product_brand":[],"product_cat":[215,1009],"product_tag":[1016],"class_list":{"0":"post-8632","1":"product","2":"type-product","3":"status-publish","4":"has-post-thumbnail","6":"product_cat-aloe-vera-pt-pt","7":"product_cat-protecao-solar","8":"product_tag-protetor-solar","10":"first","11":"instock","12":"taxable","13":"shipping-taxable","14":"purchasable","15":"product-type-simple","16":"entry","17":"content-bg","18":"loop-entry"},"yoast_head":"<!-- This site is optimized with the Yoast SEO Premium plugin v27.3 (Yoast SEO v27.3) - https:\/\/yoast.com\/product\/yoast-seo-premium-wordpress\/ -->\n<title>Protetor Solar FPS 50 Aloe Vera para peles sens\u00edveis<\/title>\n<meta name=\"description\" content=\"Protetor Solar FPS 50 Aloe Vera com alta prote\u00e7\u00e3o solar para peles sens\u00edveis. Com 40% de aloe vera e extrato org\u00e2nico de abacaxi. Nutre e hidrata a pele\" \/>\n<meta name=\"robots\" content=\"index, follow, max-snippet:-1, max-image-preview:large, max-video-preview:-1\" \/>\n<link rel=\"canonical\" href=\"https:\/\/www.lraloeverashop.eu\/pt-pt\/produto\/protetor-solar-fps-50\/\" \/>\n<meta property=\"og:locale\" content=\"pt_PT\" \/>\n<meta property=\"og:type\" content=\"article\" \/>\n<meta property=\"og:title\" content=\"Protetor Solar FPS 50\" \/>\n<meta property=\"og:description\" content=\"Protetor Solar FPS 50 Aloe Vera com alta prote\u00e7\u00e3o solar para peles sens\u00edveis. Com 40% de aloe vera e extrato org\u00e2nico de abacaxi. Nutre e hidrata a pele\" \/>\n<meta property=\"og:url\" content=\"https:\/\/www.lraloeverashop.eu\/pt-pt\/produto\/protetor-solar-fps-50\/\" \/>\n<meta property=\"og:site_name\" content=\"Lr Loja Aloe Vera\" \/>\n<meta property=\"article:publisher\" content=\"https:\/\/www.facebook.com\/lraloeverashop.eu\" \/>\n<meta property=\"article:modified_time\" content=\"2026-02-08T08:54:31+00:00\" \/>\n<meta property=\"og:image\" content=\"https:\/\/www.lraloeverashop.eu\/wp-content\/uploads\/2022\/12\/Aloe-Vera-High-Protection-Sun-Lotion.jpg\" \/>\n\t<meta property=\"og:image:width\" content=\"1200\" \/>\n\t<meta property=\"og:image:height\" content=\"1200\" \/>\n\t<meta property=\"og:image:type\" content=\"image\/jpeg\" \/>\n<meta name=\"twitter:card\" content=\"summary_large_image\" \/>\n<meta name=\"twitter:site\" content=\"@natur__kosmetik\" \/>\n<script type=\"application\/ld+json\" class=\"yoast-schema-graph\">{\"@context\":\"https:\\\/\\\/schema.org\",\"@graph\":[{\"@type\":[\"WebPage\",\"ItemPage\"],\"@id\":\"https:\\\/\\\/www.lraloeverashop.eu\\\/pt-pt\\\/produto\\\/protetor-solar-fps-50\\\/\",\"url\":\"https:\\\/\\\/www.lraloeverashop.eu\\\/pt-pt\\\/produto\\\/protetor-solar-fps-50\\\/\",\"name\":\"Protetor Solar FPS 50 Aloe Vera para peles sens\u00edveis\",\"isPartOf\":{\"@id\":\"https:\\\/\\\/www.lraloeverashop.eu\\\/pt-pt\\\/#website\"},\"primaryImageOfPage\":{\"@id\":\"https:\\\/\\\/www.lraloeverashop.eu\\\/pt-pt\\\/produto\\\/protetor-solar-fps-50\\\/#primaryimage\"},\"image\":{\"@id\":\"https:\\\/\\\/www.lraloeverashop.eu\\\/pt-pt\\\/produto\\\/protetor-solar-fps-50\\\/#primaryimage\"},\"thumbnailUrl\":\"https:\\\/\\\/www.lraloeverashop.eu\\\/wp-content\\\/uploads\\\/2022\\\/12\\\/Aloe-Vera-High-Protection-Sun-Lotion.jpg\",\"datePublished\":\"2022-12-03T18:35:56+00:00\",\"dateModified\":\"2026-02-08T08:54:31+00:00\",\"description\":\"Protetor Solar FPS 50 Aloe Vera com alta prote\u00e7\u00e3o solar para peles sens\u00edveis. Com 40% de aloe vera e extrato org\u00e2nico de abacaxi. Nutre e hidrata a pele\",\"breadcrumb\":{\"@id\":\"https:\\\/\\\/www.lraloeverashop.eu\\\/pt-pt\\\/produto\\\/protetor-solar-fps-50\\\/#breadcrumb\"},\"inLanguage\":\"pt-PT\",\"potentialAction\":[{\"@type\":\"ReadAction\",\"target\":[\"https:\\\/\\\/www.lraloeverashop.eu\\\/pt-pt\\\/produto\\\/protetor-solar-fps-50\\\/\"]}]},{\"@type\":\"ImageObject\",\"inLanguage\":\"pt-PT\",\"@id\":\"https:\\\/\\\/www.lraloeverashop.eu\\\/pt-pt\\\/produto\\\/protetor-solar-fps-50\\\/#primaryimage\",\"url\":\"https:\\\/\\\/www.lraloeverashop.eu\\\/wp-content\\\/uploads\\\/2022\\\/12\\\/Aloe-Vera-High-Protection-Sun-Lotion.jpg\",\"contentUrl\":\"https:\\\/\\\/www.lraloeverashop.eu\\\/wp-content\\\/uploads\\\/2022\\\/12\\\/Aloe-Vera-High-Protection-Sun-Lotion.jpg\",\"width\":1200,\"height\":1200,\"caption\":\"Aloe Vera Lo\u00e7\u00e3o Protetor Solar de Alta Prote\u00e7\u00e3o FPS 50\"},{\"@type\":\"BreadcrumbList\",\"@id\":\"https:\\\/\\\/www.lraloeverashop.eu\\\/pt-pt\\\/produto\\\/protetor-solar-fps-50\\\/#breadcrumb\",\"itemListElement\":[{\"@type\":\"ListItem\",\"position\":1,\"name\":\"Home\",\"item\":\"https:\\\/\\\/www.lraloeverashop.eu\\\/pt-pt\\\/\"},{\"@type\":\"ListItem\",\"position\":2,\"name\":\"Loja\",\"item\":\"https:\\\/\\\/www.lraloeverashop.eu\\\/pt-pt\\\/loja\\\/\"},{\"@type\":\"ListItem\",\"position\":3,\"name\":\"Protetor Solar FPS 50\"}]},{\"@type\":\"WebSite\",\"@id\":\"https:\\\/\\\/www.lraloeverashop.eu\\\/pt-pt\\\/#website\",\"url\":\"https:\\\/\\\/www.lraloeverashop.eu\\\/pt-pt\\\/\",\"name\":\"Lr Loja Aloe Vera\",\"description\":\"High Quality Lr Aloe Vera Gel, Aloe Vera Cream and Shampoo\",\"publisher\":{\"@id\":\"https:\\\/\\\/www.lraloeverashop.eu\\\/pt-pt\\\/#organization\"},\"potentialAction\":[{\"@type\":\"SearchAction\",\"target\":{\"@type\":\"EntryPoint\",\"urlTemplate\":\"https:\\\/\\\/www.lraloeverashop.eu\\\/pt-pt\\\/?s={search_term_string}\"},\"query-input\":{\"@type\":\"PropertyValueSpecification\",\"valueRequired\":true,\"valueName\":\"search_term_string\"}}],\"inLanguage\":\"pt-PT\"},{\"@type\":\"Organization\",\"@id\":\"https:\\\/\\\/www.lraloeverashop.eu\\\/pt-pt\\\/#organization\",\"name\":\"Lr Loja Aloe Vera\",\"alternateName\":\"LR\",\"url\":\"https:\\\/\\\/www.lraloeverashop.eu\\\/pt-pt\\\/\",\"logo\":{\"@type\":\"ImageObject\",\"inLanguage\":\"pt-PT\",\"@id\":\"https:\\\/\\\/www.lraloeverashop.eu\\\/pt-pt\\\/#\\\/schema\\\/logo\\\/image\\\/\",\"url\":\"https:\\\/\\\/www.lraloeverashop.eu\\\/wp-content\\\/uploads\\\/2022\\\/09\\\/cropped-Lr-Aloe-Vera-Shop.jpg\",\"contentUrl\":\"https:\\\/\\\/www.lraloeverashop.eu\\\/wp-content\\\/uploads\\\/2022\\\/09\\\/cropped-Lr-Aloe-Vera-Shop.jpg\",\"width\":228,\"height\":76,\"caption\":\"Lr Loja Aloe Vera\"},\"image\":{\"@id\":\"https:\\\/\\\/www.lraloeverashop.eu\\\/pt-pt\\\/#\\\/schema\\\/logo\\\/image\\\/\"},\"sameAs\":[\"https:\\\/\\\/www.facebook.com\\\/lraloeverashop.eu\",\"https:\\\/\\\/x.com\\\/natur__kosmetik\",\"https:\\\/\\\/www.youtube.com\\\/channel\\\/UC5oN7BJ8nfYb8RpVtjwDEBA\",\"https:\\\/\\\/www.instagram.com\\\/lrbeautyeu\\\/\"]}]}<\/script>\n<meta property=\"product:price:amount\" content=\"33.99\" \/>\n<meta property=\"product:price:currency\" content=\"EUR\" \/>\n<meta property=\"og:availability\" content=\"instock\" \/>\n<meta property=\"product:availability\" content=\"instock\" \/>\n<meta property=\"product:retailer_item_id\" content=\"23113-101PT\" \/>\n<meta property=\"product:condition\" content=\"new\" \/>\n<!-- \/ Yoast SEO Premium plugin. -->","yoast_head_json":{"title":"Protetor Solar FPS 50 Aloe Vera para peles sens\u00edveis","description":"Protetor Solar FPS 50 Aloe Vera com alta prote\u00e7\u00e3o solar para peles sens\u00edveis. Com 40% de aloe vera e extrato org\u00e2nico de abacaxi. Nutre e hidrata a pele","robots":{"index":"index","follow":"follow","max-snippet":"max-snippet:-1","max-image-preview":"max-image-preview:large","max-video-preview":"max-video-preview:-1"},"canonical":"https:\/\/www.lraloeverashop.eu\/pt-pt\/produto\/protetor-solar-fps-50\/","og_locale":"pt_PT","og_type":"article","og_title":"Protetor Solar FPS 50","og_description":"Protetor Solar FPS 50 Aloe Vera com alta prote\u00e7\u00e3o solar para peles sens\u00edveis. Com 40% de aloe vera e extrato org\u00e2nico de abacaxi. Nutre e hidrata a pele","og_url":"https:\/\/www.lraloeverashop.eu\/pt-pt\/produto\/protetor-solar-fps-50\/","og_site_name":"Lr Loja Aloe Vera","article_publisher":"https:\/\/www.facebook.com\/lraloeverashop.eu","article_modified_time":"2026-02-08T08:54:31+00:00","og_image":[{"width":1200,"height":1200,"url":"https:\/\/www.lraloeverashop.eu\/wp-content\/uploads\/2022\/12\/Aloe-Vera-High-Protection-Sun-Lotion.jpg","type":"image\/jpeg"}],"twitter_card":"summary_large_image","twitter_site":"@natur__kosmetik","schema":{"@context":"https:\/\/schema.org","@graph":[{"@type":["WebPage","ItemPage"],"@id":"https:\/\/www.lraloeverashop.eu\/pt-pt\/produto\/protetor-solar-fps-50\/","url":"https:\/\/www.lraloeverashop.eu\/pt-pt\/produto\/protetor-solar-fps-50\/","name":"Protetor Solar FPS 50 Aloe Vera para peles sens\u00edveis","isPartOf":{"@id":"https:\/\/www.lraloeverashop.eu\/pt-pt\/#website"},"primaryImageOfPage":{"@id":"https:\/\/www.lraloeverashop.eu\/pt-pt\/produto\/protetor-solar-fps-50\/#primaryimage"},"image":{"@id":"https:\/\/www.lraloeverashop.eu\/pt-pt\/produto\/protetor-solar-fps-50\/#primaryimage"},"thumbnailUrl":"https:\/\/www.lraloeverashop.eu\/wp-content\/uploads\/2022\/12\/Aloe-Vera-High-Protection-Sun-Lotion.jpg","datePublished":"2022-12-03T18:35:56+00:00","dateModified":"2026-02-08T08:54:31+00:00","description":"Protetor Solar FPS 50 Aloe Vera com alta prote\u00e7\u00e3o solar para peles sens\u00edveis. Com 40% de aloe vera e extrato org\u00e2nico de abacaxi. Nutre e hidrata a pele","breadcrumb":{"@id":"https:\/\/www.lraloeverashop.eu\/pt-pt\/produto\/protetor-solar-fps-50\/#breadcrumb"},"inLanguage":"pt-PT","potentialAction":[{"@type":"ReadAction","target":["https:\/\/www.lraloeverashop.eu\/pt-pt\/produto\/protetor-solar-fps-50\/"]}]},{"@type":"ImageObject","inLanguage":"pt-PT","@id":"https:\/\/www.lraloeverashop.eu\/pt-pt\/produto\/protetor-solar-fps-50\/#primaryimage","url":"https:\/\/www.lraloeverashop.eu\/wp-content\/uploads\/2022\/12\/Aloe-Vera-High-Protection-Sun-Lotion.jpg","contentUrl":"https:\/\/www.lraloeverashop.eu\/wp-content\/uploads\/2022\/12\/Aloe-Vera-High-Protection-Sun-Lotion.jpg","width":1200,"height":1200,"caption":"Aloe Vera Lo\u00e7\u00e3o Protetor Solar de Alta Prote\u00e7\u00e3o FPS 50"},{"@type":"BreadcrumbList","@id":"https:\/\/www.lraloeverashop.eu\/pt-pt\/produto\/protetor-solar-fps-50\/#breadcrumb","itemListElement":[{"@type":"ListItem","position":1,"name":"Home","item":"https:\/\/www.lraloeverashop.eu\/pt-pt\/"},{"@type":"ListItem","position":2,"name":"Loja","item":"https:\/\/www.lraloeverashop.eu\/pt-pt\/loja\/"},{"@type":"ListItem","position":3,"name":"Protetor Solar FPS 50"}]},{"@type":"WebSite","@id":"https:\/\/www.lraloeverashop.eu\/pt-pt\/#website","url":"https:\/\/www.lraloeverashop.eu\/pt-pt\/","name":"Lr Loja Aloe Vera","description":"High Quality Lr Aloe Vera Gel, Aloe Vera Cream and Shampoo","publisher":{"@id":"https:\/\/www.lraloeverashop.eu\/pt-pt\/#organization"},"potentialAction":[{"@type":"SearchAction","target":{"@type":"EntryPoint","urlTemplate":"https:\/\/www.lraloeverashop.eu\/pt-pt\/?s={search_term_string}"},"query-input":{"@type":"PropertyValueSpecification","valueRequired":true,"valueName":"search_term_string"}}],"inLanguage":"pt-PT"},{"@type":"Organization","@id":"https:\/\/www.lraloeverashop.eu\/pt-pt\/#organization","name":"Lr Loja Aloe Vera","alternateName":"LR","url":"https:\/\/www.lraloeverashop.eu\/pt-pt\/","logo":{"@type":"ImageObject","inLanguage":"pt-PT","@id":"https:\/\/www.lraloeverashop.eu\/pt-pt\/#\/schema\/logo\/image\/","url":"https:\/\/www.lraloeverashop.eu\/wp-content\/uploads\/2022\/09\/cropped-Lr-Aloe-Vera-Shop.jpg","contentUrl":"https:\/\/www.lraloeverashop.eu\/wp-content\/uploads\/2022\/09\/cropped-Lr-Aloe-Vera-Shop.jpg","width":228,"height":76,"caption":"Lr Loja Aloe Vera"},"image":{"@id":"https:\/\/www.lraloeverashop.eu\/pt-pt\/#\/schema\/logo\/image\/"},"sameAs":["https:\/\/www.facebook.com\/lraloeverashop.eu","https:\/\/x.com\/natur__kosmetik","https:\/\/www.youtube.com\/channel\/UC5oN7BJ8nfYb8RpVtjwDEBA","https:\/\/www.instagram.com\/lrbeautyeu\/"]}]},"product_price_amount":"33.99","product_price_currency":"EUR","og_availability":"instock","product_availability":"instock","product_retailer_item_id":"23113-101PT","product_condition":"new"},"taxonomy_info":{"product_cat":[{"value":215,"label":"Aloe Vera"},{"value":1009,"label":"Prote\u00e7\u00e3o solar"}],"product_tag":[{"value":1016,"label":"protetor solar"}]},"featured_image_src_large":["https:\/\/www.lraloeverashop.eu\/wp-content\/uploads\/2022\/12\/Aloe-Vera-High-Protection-Sun-Lotion-1024x1024.jpg",1024,1024,true],"author_info":[],"comment_info":0,"_links":{"self":[{"href":"https:\/\/www.lraloeverashop.eu\/pt-pt\/wp-json\/wp\/v2\/product\/8632","targetHints":{"allow":["GET"]}}],"collection":[{"href":"https:\/\/www.lraloeverashop.eu\/pt-pt\/wp-json\/wp\/v2\/product"}],"about":[{"href":"https:\/\/www.lraloeverashop.eu\/pt-pt\/wp-json\/wp\/v2\/types\/product"}],"replies":[{"embeddable":true,"href":"https:\/\/www.lraloeverashop.eu\/pt-pt\/wp-json\/wp\/v2\/comments?post=8632"}],"wp:featuredmedia":[{"embeddable":true,"href":"https:\/\/www.lraloeverashop.eu\/pt-pt\/wp-json\/wp\/v2\/media\/8470"}],"wp:attachment":[{"href":"https:\/\/www.lraloeverashop.eu\/pt-pt\/wp-json\/wp\/v2\/media?parent=8632"}],"wp:term":[{"taxonomy":"product_brand","embeddable":true,"href":"https:\/\/www.lraloeverashop.eu\/pt-pt\/wp-json\/wp\/v2\/product_brand?post=8632"},{"taxonomy":"product_cat","embeddable":true,"href":"https:\/\/www.lraloeverashop.eu\/pt-pt\/wp-json\/wp\/v2\/product_cat?post=8632"},{"taxonomy":"product_tag","embeddable":true,"href":"https:\/\/www.lraloeverashop.eu\/pt-pt\/wp-json\/wp\/v2\/product_tag?post=8632"}],"curies":[{"name":"wp","href":"https:\/\/api.w.org\/{rel}","templated":true}]}}