{"id":8618,"date":"2022-12-03T19:57:24","date_gmt":"2022-12-03T18:57:24","guid":{"rendered":"https:\/\/www.lraloeverashop.eu\/product\/protetor-solar-spray-para-criancas\/"},"modified":"2026-02-08T09:54:22","modified_gmt":"2026-02-08T08:54:22","slug":"protetor-solar-spray-para-criancas","status":"publish","type":"product","link":"https:\/\/www.lraloeverashop.eu\/pt-pt\/produto\/protetor-solar-spray-para-criancas\/","title":{"rendered":"Protetor Solar Spray Para Crian\u00e7as FPS 50"},"content":{"rendered":"<h2><span style=\"font-size: 16pt;\"><strong>Protetor Solar Spray Para Crian\u00e7as FPS 50<\/strong><\/span><\/h2>\n<p><span style=\"font-size: 16px;\"><strong>Protetor Solar Spray Para Crian\u00e7as FPS 50 Nutre e hidrata intensivamente<\/strong><\/span><\/p>\n<p>Prote\u00e7\u00e3o UVA\/UVB \u00e0 prova d&#8217;\u00e1gua com fator de prote\u00e7\u00e3o solar 50, especialmente suave para a pele sens\u00edvel das crian\u00e7as. A f\u00f3rmula leve em spray desliza facilmente sobre a pele molhada ou <a href=\"https:\/\/www.lraloeverashop.eu\/pt-pt\/produto\/protetor-solar-fps-50\/\">seca<\/a>.<\/p>\n<p>Com 40% de aloe vera, \u00e9 particularmente indicado para peles sens\u00edveis: hidrata intensamente e favorece a regenera\u00e7\u00e3o da pele. O abacaxi \u00e9 conhecido por suas enzimas, minerais e vitaminas que podem ajudar na <a href=\"https:\/\/www.lraloeverashop.eu\/pt-pt\/produto\/aloe-vera-creme-solar-anti-idade-fps-50\/\">regenera\u00e7\u00e3o da pele<\/a>.<\/p>\n<p>&nbsp;<\/p>\n<h3><strong><span style=\"font-size: 16pt;\">Aplica\u00e7\u00e3o<\/span><\/strong><\/h3>\n<p>Aplique protetor solar 30 minutos antes do banho de sol. O spray de leite solar infantil tamb\u00e9m pode ser refrescado ao espirrar na pele molhada.<\/p>\n<p>Aten\u00e7\u00e3o: O Aloe Vera Protetor Solar Spray Para Crian\u00e7as FPS 50 est\u00e1 sob press\u00e3o. <a href=\"https:\/\/www.lraloeverashop.eu\/pt-pt\/produto\/leite-solar-aloe-vera-spray-fps-30\/\">Proteger da luz solar direta<\/a> e temperaturas acima de 50\u00b0C. N\u00e3o abra ou ateie fogo ap\u00f3s o uso. N\u00e3o pulverize sobre uma chama nua ou qualquer material incandescente. Manter afastado de fontes de igni\u00e7\u00e3o \u2013 N\u00e3o fumar. Mantenha fora do alcance de crian\u00e7as. N\u00e3o pulverize nos olhos.<\/p>\n<p>&nbsp;<\/p>\n<h4><strong><span style=\"font-size: 16pt;\">Voc\u00ea sabia?<\/span><\/strong><\/h4>\n<p>As crian\u00e7as devem evitar o sol intenso do meio-dia. Beb\u00eas e crian\u00e7as pequenas devem ser protegidos da luz solar direta. Use roupas de prote\u00e7\u00e3o e protetor solar com fator de prote\u00e7\u00e3o solar muito alto para beb\u00eas e crian\u00e7as pequenas.<\/p>\n<p>O fator de <a href=\"https:\/\/www.lraloeverashop.eu\/pt-pt\/produto\/locao-solar-aloe-vera-fps-30\/\">prote\u00e7\u00e3o solar<\/a> especificado para protetores solares e, portanto, o tempo de exposi\u00e7\u00e3o ao sol por dia n\u00e3o pode ser prolongado pelo uso repetido.<\/p>\n","protected":false},"excerpt":{"rendered":"<ul>\n<li>Aloe Vera Spray especialmente para a pele sens\u00edvel das crian\u00e7as<\/li>\n<li>F\u00f3rmula leve para uso em pele molhada e seca<\/li>\n<li>Com 40% de aloe vera e extrato org\u00e2nico de abacaxi<\/li>\n<li>Protege a pele dos raios UVA e UVB<\/li>\n<li>Nutre e hidrata intensamente<\/li>\n<li>Quantidade: 150 ml<\/li>\n<\/ul>\n<p><span style=\"color: #ff0000;\"><a style=\"color: #ff0000;\" href=\"https:\/\/shop.lrworld.com\/openpao?PHP=0vFlt7jT938BEnBI3a6e9w%3D%3D\"><span style=\"font-size: 14pt;\"><strong>Registe-se aqui e poupe 35% em todos os pedidos<\/strong><\/span><\/a><\/span><\/p>\n","protected":false},"featured_media":8442,"comment_status":"open","ping_status":"closed","template":"","meta":{"_kad_blocks_custom_css":"","_kad_blocks_head_custom_js":"","_kad_blocks_body_custom_js":"","_kad_blocks_footer_custom_js":"","_kadence_starter_templates_imported_post":false,"_kad_post_transparent":"default","_kad_post_title":"","_kad_post_layout":"default","_kad_post_sidebar_id":"","_kad_post_content_style":"default","_kad_post_vertical_padding":"default","_kad_post_feature":"","_kad_post_feature_position":"","_kad_post_header":false,"_kad_post_footer":false,"_kad_post_classname":""},"product_brand":[],"product_cat":[215,221,1009],"product_tag":[1016],"class_list":{"0":"post-8618","1":"product","2":"type-product","3":"status-publish","4":"has-post-thumbnail","6":"product_cat-aloe-vera-pt-pt","7":"product_cat-cuidado-do-bebe","8":"product_cat-protecao-solar","9":"product_tag-protetor-solar","11":"first","12":"instock","13":"taxable","14":"shipping-taxable","15":"purchasable","16":"product-type-simple","17":"entry","18":"content-bg","19":"loop-entry"},"yoast_head":"<!-- This site is optimized with the Yoast SEO Premium plugin v27.3 (Yoast SEO v27.3) - https:\/\/yoast.com\/product\/yoast-seo-premium-wordpress\/ -->\n<title>Protetor Solar Spray Para Crian\u00e7as FPS 50 hidrata intensivamente<\/title>\n<meta name=\"description\" content=\"Protetor Solar Spray Para Crian\u00e7as FPS 50 com 40% de aloe vera e extrato org\u00e2nico de abacaxi. Especialmente para a pele sens\u00edvel das crian\u00e7as\" \/>\n<meta name=\"robots\" content=\"index, follow, max-snippet:-1, max-image-preview:large, max-video-preview:-1\" \/>\n<link rel=\"canonical\" href=\"https:\/\/www.lraloeverashop.eu\/pt-pt\/produto\/protetor-solar-spray-para-criancas\/\" \/>\n<meta property=\"og:locale\" content=\"pt_PT\" \/>\n<meta property=\"og:type\" content=\"article\" \/>\n<meta property=\"og:title\" content=\"Protetor Solar Spray Para Crian\u00e7as FPS 50\" \/>\n<meta property=\"og:description\" content=\"Protetor Solar Spray Para Crian\u00e7as FPS 50 com 40% de aloe vera e extrato org\u00e2nico de abacaxi. Especialmente para a pele sens\u00edvel das crian\u00e7as\" \/>\n<meta property=\"og:url\" content=\"https:\/\/www.lraloeverashop.eu\/pt-pt\/produto\/protetor-solar-spray-para-criancas\/\" \/>\n<meta property=\"og:site_name\" content=\"Lr Loja Aloe Vera\" \/>\n<meta property=\"article:publisher\" content=\"https:\/\/www.facebook.com\/lraloeverashop.eu\" \/>\n<meta property=\"article:modified_time\" content=\"2026-02-08T08:54:22+00:00\" \/>\n<meta property=\"og:image\" content=\"https:\/\/www.lraloeverashop.eu\/wp-content\/uploads\/2022\/12\/Aloe-Vera-Sun-Spray-for-kids.jpeg\" \/>\n\t<meta property=\"og:image:width\" content=\"1200\" \/>\n\t<meta property=\"og:image:height\" content=\"1200\" \/>\n\t<meta property=\"og:image:type\" content=\"image\/jpeg\" \/>\n<meta name=\"twitter:card\" content=\"summary_large_image\" \/>\n<meta name=\"twitter:site\" content=\"@natur__kosmetik\" \/>\n<script type=\"application\/ld+json\" class=\"yoast-schema-graph\">{\"@context\":\"https:\\\/\\\/schema.org\",\"@graph\":[{\"@type\":[\"WebPage\",\"ItemPage\"],\"@id\":\"https:\\\/\\\/www.lraloeverashop.eu\\\/pt-pt\\\/produto\\\/protetor-solar-spray-para-criancas\\\/\",\"url\":\"https:\\\/\\\/www.lraloeverashop.eu\\\/pt-pt\\\/produto\\\/protetor-solar-spray-para-criancas\\\/\",\"name\":\"Protetor Solar Spray Para Crian\u00e7as FPS 50 hidrata intensivamente\",\"isPartOf\":{\"@id\":\"https:\\\/\\\/www.lraloeverashop.eu\\\/pt-pt\\\/#website\"},\"primaryImageOfPage\":{\"@id\":\"https:\\\/\\\/www.lraloeverashop.eu\\\/pt-pt\\\/produto\\\/protetor-solar-spray-para-criancas\\\/#primaryimage\"},\"image\":{\"@id\":\"https:\\\/\\\/www.lraloeverashop.eu\\\/pt-pt\\\/produto\\\/protetor-solar-spray-para-criancas\\\/#primaryimage\"},\"thumbnailUrl\":\"https:\\\/\\\/www.lraloeverashop.eu\\\/wp-content\\\/uploads\\\/2022\\\/12\\\/Aloe-Vera-Sun-Spray-for-kids.jpeg\",\"datePublished\":\"2022-12-03T18:57:24+00:00\",\"dateModified\":\"2026-02-08T08:54:22+00:00\",\"description\":\"Protetor Solar Spray Para Crian\u00e7as FPS 50 com 40% de aloe vera e extrato org\u00e2nico de abacaxi. Especialmente para a pele sens\u00edvel das crian\u00e7as\",\"breadcrumb\":{\"@id\":\"https:\\\/\\\/www.lraloeverashop.eu\\\/pt-pt\\\/produto\\\/protetor-solar-spray-para-criancas\\\/#breadcrumb\"},\"inLanguage\":\"pt-PT\",\"potentialAction\":[{\"@type\":\"ReadAction\",\"target\":[\"https:\\\/\\\/www.lraloeverashop.eu\\\/pt-pt\\\/produto\\\/protetor-solar-spray-para-criancas\\\/\"]}]},{\"@type\":\"ImageObject\",\"inLanguage\":\"pt-PT\",\"@id\":\"https:\\\/\\\/www.lraloeverashop.eu\\\/pt-pt\\\/produto\\\/protetor-solar-spray-para-criancas\\\/#primaryimage\",\"url\":\"https:\\\/\\\/www.lraloeverashop.eu\\\/wp-content\\\/uploads\\\/2022\\\/12\\\/Aloe-Vera-Sun-Spray-for-kids.jpeg\",\"contentUrl\":\"https:\\\/\\\/www.lraloeverashop.eu\\\/wp-content\\\/uploads\\\/2022\\\/12\\\/Aloe-Vera-Sun-Spray-for-kids.jpeg\",\"width\":1200,\"height\":1200,\"caption\":\"Protetor Solar Bebe em Spray Aloe Vera de alta prote\u00e7\u00e3o para crian\u00e7as\"},{\"@type\":\"BreadcrumbList\",\"@id\":\"https:\\\/\\\/www.lraloeverashop.eu\\\/pt-pt\\\/produto\\\/protetor-solar-spray-para-criancas\\\/#breadcrumb\",\"itemListElement\":[{\"@type\":\"ListItem\",\"position\":1,\"name\":\"Home\",\"item\":\"https:\\\/\\\/www.lraloeverashop.eu\\\/pt-pt\\\/\"},{\"@type\":\"ListItem\",\"position\":2,\"name\":\"Loja\",\"item\":\"https:\\\/\\\/www.lraloeverashop.eu\\\/pt-pt\\\/loja\\\/\"},{\"@type\":\"ListItem\",\"position\":3,\"name\":\"Protetor Solar Spray Para Crian\u00e7as FPS 50\"}]},{\"@type\":\"WebSite\",\"@id\":\"https:\\\/\\\/www.lraloeverashop.eu\\\/pt-pt\\\/#website\",\"url\":\"https:\\\/\\\/www.lraloeverashop.eu\\\/pt-pt\\\/\",\"name\":\"Lr Loja Aloe Vera\",\"description\":\"High Quality Lr Aloe Vera Gel, Aloe Vera Cream and Shampoo\",\"publisher\":{\"@id\":\"https:\\\/\\\/www.lraloeverashop.eu\\\/pt-pt\\\/#organization\"},\"potentialAction\":[{\"@type\":\"SearchAction\",\"target\":{\"@type\":\"EntryPoint\",\"urlTemplate\":\"https:\\\/\\\/www.lraloeverashop.eu\\\/pt-pt\\\/?s={search_term_string}\"},\"query-input\":{\"@type\":\"PropertyValueSpecification\",\"valueRequired\":true,\"valueName\":\"search_term_string\"}}],\"inLanguage\":\"pt-PT\"},{\"@type\":\"Organization\",\"@id\":\"https:\\\/\\\/www.lraloeverashop.eu\\\/pt-pt\\\/#organization\",\"name\":\"Lr Loja Aloe Vera\",\"alternateName\":\"LR\",\"url\":\"https:\\\/\\\/www.lraloeverashop.eu\\\/pt-pt\\\/\",\"logo\":{\"@type\":\"ImageObject\",\"inLanguage\":\"pt-PT\",\"@id\":\"https:\\\/\\\/www.lraloeverashop.eu\\\/pt-pt\\\/#\\\/schema\\\/logo\\\/image\\\/\",\"url\":\"https:\\\/\\\/www.lraloeverashop.eu\\\/wp-content\\\/uploads\\\/2022\\\/09\\\/cropped-Lr-Aloe-Vera-Shop.jpg\",\"contentUrl\":\"https:\\\/\\\/www.lraloeverashop.eu\\\/wp-content\\\/uploads\\\/2022\\\/09\\\/cropped-Lr-Aloe-Vera-Shop.jpg\",\"width\":228,\"height\":76,\"caption\":\"Lr Loja Aloe Vera\"},\"image\":{\"@id\":\"https:\\\/\\\/www.lraloeverashop.eu\\\/pt-pt\\\/#\\\/schema\\\/logo\\\/image\\\/\"},\"sameAs\":[\"https:\\\/\\\/www.facebook.com\\\/lraloeverashop.eu\",\"https:\\\/\\\/x.com\\\/natur__kosmetik\",\"https:\\\/\\\/www.youtube.com\\\/channel\\\/UC5oN7BJ8nfYb8RpVtjwDEBA\",\"https:\\\/\\\/www.instagram.com\\\/lrbeautyeu\\\/\"]}]}<\/script>\n<meta property=\"product:price:amount\" content=\"29.99\" \/>\n<meta property=\"product:price:currency\" content=\"EUR\" \/>\n<meta property=\"og:availability\" content=\"instock\" \/>\n<meta property=\"product:availability\" content=\"instock\" \/>\n<meta property=\"product:retailer_item_id\" content=\"23110-101PT\" \/>\n<meta property=\"product:condition\" content=\"new\" \/>\n<!-- \/ Yoast SEO Premium plugin. -->","yoast_head_json":{"title":"Protetor Solar Spray Para Crian\u00e7as FPS 50 hidrata intensivamente","description":"Protetor Solar Spray Para Crian\u00e7as FPS 50 com 40% de aloe vera e extrato org\u00e2nico de abacaxi. Especialmente para a pele sens\u00edvel das crian\u00e7as","robots":{"index":"index","follow":"follow","max-snippet":"max-snippet:-1","max-image-preview":"max-image-preview:large","max-video-preview":"max-video-preview:-1"},"canonical":"https:\/\/www.lraloeverashop.eu\/pt-pt\/produto\/protetor-solar-spray-para-criancas\/","og_locale":"pt_PT","og_type":"article","og_title":"Protetor Solar Spray Para Crian\u00e7as FPS 50","og_description":"Protetor Solar Spray Para Crian\u00e7as FPS 50 com 40% de aloe vera e extrato org\u00e2nico de abacaxi. Especialmente para a pele sens\u00edvel das crian\u00e7as","og_url":"https:\/\/www.lraloeverashop.eu\/pt-pt\/produto\/protetor-solar-spray-para-criancas\/","og_site_name":"Lr Loja Aloe Vera","article_publisher":"https:\/\/www.facebook.com\/lraloeverashop.eu","article_modified_time":"2026-02-08T08:54:22+00:00","og_image":[{"width":1200,"height":1200,"url":"https:\/\/www.lraloeverashop.eu\/wp-content\/uploads\/2022\/12\/Aloe-Vera-Sun-Spray-for-kids.jpeg","type":"image\/jpeg"}],"twitter_card":"summary_large_image","twitter_site":"@natur__kosmetik","schema":{"@context":"https:\/\/schema.org","@graph":[{"@type":["WebPage","ItemPage"],"@id":"https:\/\/www.lraloeverashop.eu\/pt-pt\/produto\/protetor-solar-spray-para-criancas\/","url":"https:\/\/www.lraloeverashop.eu\/pt-pt\/produto\/protetor-solar-spray-para-criancas\/","name":"Protetor Solar Spray Para Crian\u00e7as FPS 50 hidrata intensivamente","isPartOf":{"@id":"https:\/\/www.lraloeverashop.eu\/pt-pt\/#website"},"primaryImageOfPage":{"@id":"https:\/\/www.lraloeverashop.eu\/pt-pt\/produto\/protetor-solar-spray-para-criancas\/#primaryimage"},"image":{"@id":"https:\/\/www.lraloeverashop.eu\/pt-pt\/produto\/protetor-solar-spray-para-criancas\/#primaryimage"},"thumbnailUrl":"https:\/\/www.lraloeverashop.eu\/wp-content\/uploads\/2022\/12\/Aloe-Vera-Sun-Spray-for-kids.jpeg","datePublished":"2022-12-03T18:57:24+00:00","dateModified":"2026-02-08T08:54:22+00:00","description":"Protetor Solar Spray Para Crian\u00e7as FPS 50 com 40% de aloe vera e extrato org\u00e2nico de abacaxi. Especialmente para a pele sens\u00edvel das crian\u00e7as","breadcrumb":{"@id":"https:\/\/www.lraloeverashop.eu\/pt-pt\/produto\/protetor-solar-spray-para-criancas\/#breadcrumb"},"inLanguage":"pt-PT","potentialAction":[{"@type":"ReadAction","target":["https:\/\/www.lraloeverashop.eu\/pt-pt\/produto\/protetor-solar-spray-para-criancas\/"]}]},{"@type":"ImageObject","inLanguage":"pt-PT","@id":"https:\/\/www.lraloeverashop.eu\/pt-pt\/produto\/protetor-solar-spray-para-criancas\/#primaryimage","url":"https:\/\/www.lraloeverashop.eu\/wp-content\/uploads\/2022\/12\/Aloe-Vera-Sun-Spray-for-kids.jpeg","contentUrl":"https:\/\/www.lraloeverashop.eu\/wp-content\/uploads\/2022\/12\/Aloe-Vera-Sun-Spray-for-kids.jpeg","width":1200,"height":1200,"caption":"Protetor Solar Bebe em Spray Aloe Vera de alta prote\u00e7\u00e3o para crian\u00e7as"},{"@type":"BreadcrumbList","@id":"https:\/\/www.lraloeverashop.eu\/pt-pt\/produto\/protetor-solar-spray-para-criancas\/#breadcrumb","itemListElement":[{"@type":"ListItem","position":1,"name":"Home","item":"https:\/\/www.lraloeverashop.eu\/pt-pt\/"},{"@type":"ListItem","position":2,"name":"Loja","item":"https:\/\/www.lraloeverashop.eu\/pt-pt\/loja\/"},{"@type":"ListItem","position":3,"name":"Protetor Solar Spray Para Crian\u00e7as FPS 50"}]},{"@type":"WebSite","@id":"https:\/\/www.lraloeverashop.eu\/pt-pt\/#website","url":"https:\/\/www.lraloeverashop.eu\/pt-pt\/","name":"Lr Loja Aloe Vera","description":"High Quality Lr Aloe Vera Gel, Aloe Vera Cream and Shampoo","publisher":{"@id":"https:\/\/www.lraloeverashop.eu\/pt-pt\/#organization"},"potentialAction":[{"@type":"SearchAction","target":{"@type":"EntryPoint","urlTemplate":"https:\/\/www.lraloeverashop.eu\/pt-pt\/?s={search_term_string}"},"query-input":{"@type":"PropertyValueSpecification","valueRequired":true,"valueName":"search_term_string"}}],"inLanguage":"pt-PT"},{"@type":"Organization","@id":"https:\/\/www.lraloeverashop.eu\/pt-pt\/#organization","name":"Lr Loja Aloe Vera","alternateName":"LR","url":"https:\/\/www.lraloeverashop.eu\/pt-pt\/","logo":{"@type":"ImageObject","inLanguage":"pt-PT","@id":"https:\/\/www.lraloeverashop.eu\/pt-pt\/#\/schema\/logo\/image\/","url":"https:\/\/www.lraloeverashop.eu\/wp-content\/uploads\/2022\/09\/cropped-Lr-Aloe-Vera-Shop.jpg","contentUrl":"https:\/\/www.lraloeverashop.eu\/wp-content\/uploads\/2022\/09\/cropped-Lr-Aloe-Vera-Shop.jpg","width":228,"height":76,"caption":"Lr Loja Aloe Vera"},"image":{"@id":"https:\/\/www.lraloeverashop.eu\/pt-pt\/#\/schema\/logo\/image\/"},"sameAs":["https:\/\/www.facebook.com\/lraloeverashop.eu","https:\/\/x.com\/natur__kosmetik","https:\/\/www.youtube.com\/channel\/UC5oN7BJ8nfYb8RpVtjwDEBA","https:\/\/www.instagram.com\/lrbeautyeu\/"]}]},"product_price_amount":"29.99","product_price_currency":"EUR","og_availability":"instock","product_availability":"instock","product_retailer_item_id":"23110-101PT","product_condition":"new"},"taxonomy_info":{"product_cat":[{"value":215,"label":"Aloe Vera"},{"value":221,"label":"Cuidado do beb\u00ea"},{"value":1009,"label":"Prote\u00e7\u00e3o solar"}],"product_tag":[{"value":1016,"label":"protetor solar"}]},"featured_image_src_large":["https:\/\/www.lraloeverashop.eu\/wp-content\/uploads\/2022\/12\/Aloe-Vera-Sun-Spray-for-kids-1024x1024.jpeg",1024,1024,true],"author_info":[],"comment_info":0,"_links":{"self":[{"href":"https:\/\/www.lraloeverashop.eu\/pt-pt\/wp-json\/wp\/v2\/product\/8618","targetHints":{"allow":["GET"]}}],"collection":[{"href":"https:\/\/www.lraloeverashop.eu\/pt-pt\/wp-json\/wp\/v2\/product"}],"about":[{"href":"https:\/\/www.lraloeverashop.eu\/pt-pt\/wp-json\/wp\/v2\/types\/product"}],"replies":[{"embeddable":true,"href":"https:\/\/www.lraloeverashop.eu\/pt-pt\/wp-json\/wp\/v2\/comments?post=8618"}],"wp:featuredmedia":[{"embeddable":true,"href":"https:\/\/www.lraloeverashop.eu\/pt-pt\/wp-json\/wp\/v2\/media\/8442"}],"wp:attachment":[{"href":"https:\/\/www.lraloeverashop.eu\/pt-pt\/wp-json\/wp\/v2\/media?parent=8618"}],"wp:term":[{"taxonomy":"product_brand","embeddable":true,"href":"https:\/\/www.lraloeverashop.eu\/pt-pt\/wp-json\/wp\/v2\/product_brand?post=8618"},{"taxonomy":"product_cat","embeddable":true,"href":"https:\/\/www.lraloeverashop.eu\/pt-pt\/wp-json\/wp\/v2\/product_cat?post=8618"},{"taxonomy":"product_tag","embeddable":true,"href":"https:\/\/www.lraloeverashop.eu\/pt-pt\/wp-json\/wp\/v2\/product_tag?post=8618"}],"curies":[{"name":"wp","href":"https:\/\/api.w.org\/{rel}","templated":true}]}}