{"id":8606,"date":"2022-12-03T20:16:02","date_gmt":"2022-12-03T19:16:02","guid":{"rendered":"https:\/\/www.lraloeverashop.eu\/product\/leite-solar-aloe-vera-spray-fps-30\/"},"modified":"2026-02-08T09:54:14","modified_gmt":"2026-02-08T08:54:14","slug":"leite-solar-aloe-vera-spray-fps-30","status":"publish","type":"product","link":"https:\/\/www.lraloeverashop.eu\/pt-pt\/produto\/leite-solar-aloe-vera-spray-fps-30\/","title":{"rendered":"Leite Solar Aloe Vera Spray FPS 30"},"content":{"rendered":"<h2><span style=\"font-size: 16pt;\"><strong>Leite Solar Aloe Vera Spray FPS 30<\/strong><\/span><\/h2>\n<p><span style=\"font-size: 16px;\"><strong>Leite Solar Aloe Vera Spray FPS 30 Refresca, nutre e hidrata intensamente<\/strong><\/span><\/p>\n<p>Praia, mar e alegria de viver: o ver\u00e3o finalmente est\u00e1 chegando! Agora \u00e9 hora de colocar o mai\u00f4 e sair para o sol. Pare! <a href=\"https:\/\/www.lraloeverashop.eu\/pt-pt\/produto\/aloe-vera-creme-solar-anti-idade-fps-50\/\">Creme<\/a> de antem\u00e3o, por favor! Porque a prote\u00e7\u00e3o solar \u00e9 o A e O para uma pele bonita e saud\u00e1vel e n\u00e3o apenas nas f\u00e9rias de ver\u00e3o. Mesmo em dias nublados, os raios UV penetram na camada de nuvens e podem danificar a pele. O Leite Solar Aloe Vera Spray FPS 30 protege de forma confi\u00e1vel sua pele contra queimaduras solares e auxilia na regenera\u00e7\u00e3o da pele.<\/p>\n<p>Com uma prote\u00e7\u00e3o solar m\u00e9dia de FPS 30, a Leite solar de aloe vera protege especialmente a pele ligeiramente pr\u00e9-bronzeada de clara a bronzeada. 40% de aloe vera nutre a pele e ajuda a melhorar seu pr\u00f3prio equil\u00edbrio de umidade. O abacaxi \u00e9 conhecido por suas enzimas, minerais e vitaminas que podem ajudar na regenera\u00e7\u00e3o da pele.<\/p>\n<p>Ponto positivo brilhante: a <a href=\"https:\/\/www.lraloeverashop.eu\/pt-pt\/produto\/locao-solar-aloe-vera-fps-30\/\">lo\u00e7\u00e3o<\/a> pode ser aplicada tanto na pele seca quanto na molhada. \u00c9 rapidamente absorvido, n\u00e3o deixa brilho, n\u00e3o pegajoso e n\u00e3o deixa res\u00edduo branco na pele. A coisa certa para dias de sol despreocupados na praia, no parque, na piscina e e e. E agora: para o sol!<\/p>\n<p>&nbsp;<\/p>\n<h3><strong><span style=\"font-size: 16pt;\">Como usar<\/span><\/strong><\/h3>\n<p>Pulverize generosamente pelo menos 30 minutos antes do banho de sol e espalhe pelo corpo e rosto, porque o spray de prote\u00e7\u00e3o solar s\u00f3 desenvolve seu efeito total ap\u00f3s aprox. 30 minutos. Importante tamb\u00e9m: Preste aten\u00e7\u00e3o na quantidade, pois pequenas quantidades de aplica\u00e7\u00e3o reduzem o desempenho protetor. O <a href=\"https:\/\/www.lraloeverashop.eu\/pt-pt\/produto\/protetor-solar-spray-para-criancas\/\">fator de prote\u00e7\u00e3o solar<\/a> especificado para protetores solares e, portanto, o tempo de exposi\u00e7\u00e3o ao sol por dia n\u00e3o pode ser prolongado pelo uso repetido.<\/p>\n<p>&nbsp;<\/p>\n<h4><strong><span style=\"font-size: 16pt;\">Voc\u00ea sabia?<\/span><\/strong><\/h4>\n<p>O fator de prote\u00e7\u00e3o solar indica quanto tempo voc\u00ea pode, teoricamente, tomar banho de sol com o spray solar sem se queimar do que sem o spray solar.<\/p>\n<p>Voc\u00ea pode calcular: FPS x tempo de autoprote\u00e7\u00e3o. Por exemplo, se o seu tempo de autoprote\u00e7\u00e3o for de 5 minutos, calcule: 20 x 5 minutos = 100 minutos.<br \/>\nImportante: Cada tipo de pele \u00e9 diferente e a exposi\u00e7\u00e3o ao sol tamb\u00e9m. A lo\u00e7\u00e3o solar n\u00e3o substitui um guarda-chuva, camiseta ou chap\u00e9u de sol.<\/p>\n<p>Para se proteger tamb\u00e9m dos danos causados pelo sol a longo prazo, voc\u00ea nunca deve utilizar totalmente o per\u00edodo de <a href=\"https:\/\/www.lraloeverashop.eu\/pt-pt\/produto\/protetor-solar-fps-50\/\">prote\u00e7\u00e3o solar<\/a>, procurar a sombra com mais frequ\u00eancia e, acima de tudo, evitar o sol do meio-dia.<\/p>\n","protected":false},"excerpt":{"rendered":"<ul>\n<li>Spray solar sem corantes para pele levemente bronzeada com FPS 30<\/li>\n<li>Aplic\u00e1vel na pele seca e molhada<\/li>\n<li>Com 40% de aloe vera e extrato org\u00e2nico de abacaxi<\/li>\n<li>Protege a pele dos raios UVA e UVB<\/li>\n<li>Absorve rapidamente, n\u00e3o brilha, n\u00e3o cola, n\u00e3o embranquece<\/li>\n<li>Quantidade: 150 ml<\/li>\n<\/ul>\n<p><span style=\"color: #ff0000;\"><a style=\"color: #ff0000;\" href=\"https:\/\/shop.lrworld.com\/openpao?PHP=0vFlt7jT938BEnBI3a6e9w%3D%3D\"><span style=\"font-size: 14pt;\"><strong>Registe-se aqui e poupe 35% em todos os pedidos<\/strong><\/span><\/a><\/span><\/p>\n","protected":false},"featured_media":8435,"comment_status":"open","ping_status":"closed","template":"","meta":{"_kad_blocks_custom_css":"","_kad_blocks_head_custom_js":"","_kad_blocks_body_custom_js":"","_kad_blocks_footer_custom_js":"","_kadence_starter_templates_imported_post":false,"_kad_post_transparent":"default","_kad_post_title":"","_kad_post_layout":"default","_kad_post_sidebar_id":"","_kad_post_content_style":"default","_kad_post_vertical_padding":"default","_kad_post_feature":"","_kad_post_feature_position":"","_kad_post_header":false,"_kad_post_footer":false,"_kad_post_classname":""},"product_brand":[],"product_cat":[215,1009],"product_tag":[1016],"class_list":{"0":"post-8606","1":"product","2":"type-product","3":"status-publish","4":"has-post-thumbnail","6":"product_cat-aloe-vera-pt-pt","7":"product_cat-protecao-solar","8":"product_tag-protetor-solar","10":"first","11":"outofstock","12":"taxable","13":"shipping-taxable","14":"purchasable","15":"product-type-simple","16":"entry","17":"content-bg","18":"loop-entry"},"yoast_head":"<!-- This site is optimized with the Yoast SEO Premium plugin v27.4 (Yoast SEO v27.4) - https:\/\/yoast.com\/product\/yoast-seo-premium-wordpress\/ -->\n<title>Leite Solar Aloe Vera Spray FPS 30 Refresca, hidrata intensamente<\/title>\n<meta name=\"description\" content=\"Com uma prote\u00e7\u00e3o solar m\u00e9dia de FPS 30, a Leite solar de aloe vera protege especialmente a pele ligeiramente pr\u00e9-bronzeada de clara a bronzeada.\" \/>\n<meta name=\"robots\" content=\"index, follow, max-snippet:-1, max-image-preview:large, max-video-preview:-1\" \/>\n<link rel=\"canonical\" href=\"https:\/\/www.lraloeverashop.eu\/pt-pt\/produto\/leite-solar-aloe-vera-spray-fps-30\/\" \/>\n<meta property=\"og:locale\" content=\"pt_PT\" \/>\n<meta property=\"og:type\" content=\"article\" \/>\n<meta property=\"og:title\" content=\"Leite Solar Aloe Vera Spray FPS 30\" \/>\n<meta property=\"og:description\" content=\"Com uma prote\u00e7\u00e3o solar m\u00e9dia de FPS 30, a Leite solar de aloe vera protege especialmente a pele ligeiramente pr\u00e9-bronzeada de clara a bronzeada.\" \/>\n<meta property=\"og:url\" content=\"https:\/\/www.lraloeverashop.eu\/pt-pt\/produto\/leite-solar-aloe-vera-spray-fps-30\/\" \/>\n<meta property=\"og:site_name\" content=\"Lr Loja Aloe Vera\" \/>\n<meta property=\"article:publisher\" content=\"https:\/\/www.facebook.com\/lraloeverashop.eu\" \/>\n<meta property=\"article:modified_time\" content=\"2026-02-08T08:54:14+00:00\" \/>\n<meta property=\"og:image\" content=\"https:\/\/www.lraloeverashop.eu\/wp-content\/uploads\/2022\/12\/Aloe-Vera-Sun-Spray.jpeg\" \/>\n\t<meta property=\"og:image:width\" content=\"1200\" \/>\n\t<meta property=\"og:image:height\" content=\"1200\" \/>\n\t<meta property=\"og:image:type\" content=\"image\/jpeg\" \/>\n<meta name=\"twitter:card\" content=\"summary_large_image\" \/>\n<meta name=\"twitter:site\" content=\"@natur__kosmetik\" \/>\n<script type=\"application\/ld+json\" class=\"yoast-schema-graph\">{\"@context\":\"https:\\\/\\\/schema.org\",\"@graph\":[{\"@type\":[\"WebPage\",\"ItemPage\"],\"@id\":\"https:\\\/\\\/www.lraloeverashop.eu\\\/pt-pt\\\/produto\\\/leite-solar-aloe-vera-spray-fps-30\\\/\",\"url\":\"https:\\\/\\\/www.lraloeverashop.eu\\\/pt-pt\\\/produto\\\/leite-solar-aloe-vera-spray-fps-30\\\/\",\"name\":\"Leite Solar Aloe Vera Spray FPS 30 Refresca, hidrata intensamente\",\"isPartOf\":{\"@id\":\"https:\\\/\\\/www.lraloeverashop.eu\\\/pt-pt\\\/#website\"},\"primaryImageOfPage\":{\"@id\":\"https:\\\/\\\/www.lraloeverashop.eu\\\/pt-pt\\\/produto\\\/leite-solar-aloe-vera-spray-fps-30\\\/#primaryimage\"},\"image\":{\"@id\":\"https:\\\/\\\/www.lraloeverashop.eu\\\/pt-pt\\\/produto\\\/leite-solar-aloe-vera-spray-fps-30\\\/#primaryimage\"},\"thumbnailUrl\":\"https:\\\/\\\/www.lraloeverashop.eu\\\/wp-content\\\/uploads\\\/2022\\\/12\\\/Aloe-Vera-Sun-Spray.jpeg\",\"datePublished\":\"2022-12-03T19:16:02+00:00\",\"dateModified\":\"2026-02-08T08:54:14+00:00\",\"description\":\"Com uma prote\u00e7\u00e3o solar m\u00e9dia de FPS 30, a Leite solar de aloe vera protege especialmente a pele ligeiramente pr\u00e9-bronzeada de clara a bronzeada.\",\"breadcrumb\":{\"@id\":\"https:\\\/\\\/www.lraloeverashop.eu\\\/pt-pt\\\/produto\\\/leite-solar-aloe-vera-spray-fps-30\\\/#breadcrumb\"},\"inLanguage\":\"pt-PT\",\"potentialAction\":[{\"@type\":\"ReadAction\",\"target\":[\"https:\\\/\\\/www.lraloeverashop.eu\\\/pt-pt\\\/produto\\\/leite-solar-aloe-vera-spray-fps-30\\\/\"]}]},{\"@type\":\"ImageObject\",\"inLanguage\":\"pt-PT\",\"@id\":\"https:\\\/\\\/www.lraloeverashop.eu\\\/pt-pt\\\/produto\\\/leite-solar-aloe-vera-spray-fps-30\\\/#primaryimage\",\"url\":\"https:\\\/\\\/www.lraloeverashop.eu\\\/wp-content\\\/uploads\\\/2022\\\/12\\\/Aloe-Vera-Sun-Spray.jpeg\",\"contentUrl\":\"https:\\\/\\\/www.lraloeverashop.eu\\\/wp-content\\\/uploads\\\/2022\\\/12\\\/Aloe-Vera-Sun-Spray.jpeg\",\"width\":1200,\"height\":1200,\"caption\":\"Leite solar de prote\u00e7\u00e3o m\u00e9dia Aloe Vera Spray SPF 30\"},{\"@type\":\"BreadcrumbList\",\"@id\":\"https:\\\/\\\/www.lraloeverashop.eu\\\/pt-pt\\\/produto\\\/leite-solar-aloe-vera-spray-fps-30\\\/#breadcrumb\",\"itemListElement\":[{\"@type\":\"ListItem\",\"position\":1,\"name\":\"Home\",\"item\":\"https:\\\/\\\/www.lraloeverashop.eu\\\/pt-pt\\\/\"},{\"@type\":\"ListItem\",\"position\":2,\"name\":\"Loja\",\"item\":\"https:\\\/\\\/www.lraloeverashop.eu\\\/pt-pt\\\/loja\\\/\"},{\"@type\":\"ListItem\",\"position\":3,\"name\":\"Leite Solar Aloe Vera Spray FPS 30\"}]},{\"@type\":\"WebSite\",\"@id\":\"https:\\\/\\\/www.lraloeverashop.eu\\\/pt-pt\\\/#website\",\"url\":\"https:\\\/\\\/www.lraloeverashop.eu\\\/pt-pt\\\/\",\"name\":\"Lr Loja Aloe Vera\",\"description\":\"High Quality Lr Aloe Vera Gel, Aloe Vera Cream and Shampoo\",\"publisher\":{\"@id\":\"https:\\\/\\\/www.lraloeverashop.eu\\\/pt-pt\\\/#organization\"},\"potentialAction\":[{\"@type\":\"SearchAction\",\"target\":{\"@type\":\"EntryPoint\",\"urlTemplate\":\"https:\\\/\\\/www.lraloeverashop.eu\\\/pt-pt\\\/?s={search_term_string}\"},\"query-input\":{\"@type\":\"PropertyValueSpecification\",\"valueRequired\":true,\"valueName\":\"search_term_string\"}}],\"inLanguage\":\"pt-PT\"},{\"@type\":\"Organization\",\"@id\":\"https:\\\/\\\/www.lraloeverashop.eu\\\/pt-pt\\\/#organization\",\"name\":\"Loja Lr Aloe Vera\",\"alternateName\":\"LR\",\"url\":\"https:\\\/\\\/www.lraloeverashop.eu\\\/pt-pt\\\/\",\"logo\":{\"@type\":\"ImageObject\",\"inLanguage\":\"pt-PT\",\"@id\":\"https:\\\/\\\/www.lraloeverashop.eu\\\/pt-pt\\\/#\\\/schema\\\/logo\\\/image\\\/\",\"url\":\"https:\\\/\\\/www.lraloeverashop.eu\\\/wp-content\\\/uploads\\\/2022\\\/09\\\/cropped-Lr-Aloe-Vera-Shop.jpg\",\"contentUrl\":\"https:\\\/\\\/www.lraloeverashop.eu\\\/wp-content\\\/uploads\\\/2022\\\/09\\\/cropped-Lr-Aloe-Vera-Shop.jpg\",\"width\":228,\"height\":76,\"caption\":\"Loja Lr Aloe Vera\"},\"image\":{\"@id\":\"https:\\\/\\\/www.lraloeverashop.eu\\\/pt-pt\\\/#\\\/schema\\\/logo\\\/image\\\/\"},\"sameAs\":[\"https:\\\/\\\/www.facebook.com\\\/lraloeverashop.eu\",\"https:\\\/\\\/x.com\\\/natur__kosmetik\",\"https:\\\/\\\/www.youtube.com\\\/channel\\\/UC5oN7BJ8nfYb8RpVtjwDEBA\",\"https:\\\/\\\/www.instagram.com\\\/lrbeautyeu\\\/\"],\"description\":\"Loja Lr Aloe Vera \u00e9 o seu destino de confian\u00e7a para os produtos de sa\u00fade e beleza premium da LR, fabricados na Alemanha. Oferecemos solu\u00e7\u00f5es de alta qualidade para o cuidado da pele, nutri\u00e7\u00e3o e antienvelhecimento \u00e0 base de Alo\u00e9 Vera, elaboradas com ingredientes puros e apoiadas em investiga\u00e7\u00e3o cient\u00edfica. Descubra o cuidado natural que regenera, protege e revitaliza a sua pele \u2014 e aproveite as ofertas mensais exclusivas nos nossos produtos LR Alo\u00e9 Vera mais vendidos.\\nComece hoje mesmo a sua jornada de cuidados naturais com a pele e sinta a diferen\u00e7a.\",\"email\":\"info@lraloeverashop.eu\",\"telephone\":\"+49 17670609653\",\"legalName\":\"Lr Aloe Vera Shop\",\"foundingDate\":\"2018-04-21\",\"numberOfEmployees\":{\"@type\":\"QuantitativeValue\",\"minValue\":\"1\",\"maxValue\":\"10\"}}]}<\/script>\n<meta property=\"product:price:amount\" content=\"25.69\" \/>\n<meta property=\"product:price:currency\" content=\"EUR\" \/>\n<meta property=\"og:availability\" content=\"out of stock\" \/>\n<meta property=\"product:availability\" content=\"out of stock\" \/>\n<meta property=\"product:retailer_item_id\" content=\"23115-1PT\" \/>\n<meta property=\"product:condition\" content=\"new\" \/>\n<!-- \/ Yoast SEO Premium plugin. -->","yoast_head_json":{"title":"Leite Solar Aloe Vera Spray FPS 30 Refresca, hidrata intensamente","description":"Com uma prote\u00e7\u00e3o solar m\u00e9dia de FPS 30, a Leite solar de aloe vera protege especialmente a pele ligeiramente pr\u00e9-bronzeada de clara a bronzeada.","robots":{"index":"index","follow":"follow","max-snippet":"max-snippet:-1","max-image-preview":"max-image-preview:large","max-video-preview":"max-video-preview:-1"},"canonical":"https:\/\/www.lraloeverashop.eu\/pt-pt\/produto\/leite-solar-aloe-vera-spray-fps-30\/","og_locale":"pt_PT","og_type":"article","og_title":"Leite Solar Aloe Vera Spray FPS 30","og_description":"Com uma prote\u00e7\u00e3o solar m\u00e9dia de FPS 30, a Leite solar de aloe vera protege especialmente a pele ligeiramente pr\u00e9-bronzeada de clara a bronzeada.","og_url":"https:\/\/www.lraloeverashop.eu\/pt-pt\/produto\/leite-solar-aloe-vera-spray-fps-30\/","og_site_name":"Lr Loja Aloe Vera","article_publisher":"https:\/\/www.facebook.com\/lraloeverashop.eu","article_modified_time":"2026-02-08T08:54:14+00:00","og_image":[{"width":1200,"height":1200,"url":"https:\/\/www.lraloeverashop.eu\/wp-content\/uploads\/2022\/12\/Aloe-Vera-Sun-Spray.jpeg","type":"image\/jpeg"}],"twitter_card":"summary_large_image","twitter_site":"@natur__kosmetik","schema":{"@context":"https:\/\/schema.org","@graph":[{"@type":["WebPage","ItemPage"],"@id":"https:\/\/www.lraloeverashop.eu\/pt-pt\/produto\/leite-solar-aloe-vera-spray-fps-30\/","url":"https:\/\/www.lraloeverashop.eu\/pt-pt\/produto\/leite-solar-aloe-vera-spray-fps-30\/","name":"Leite Solar Aloe Vera Spray FPS 30 Refresca, hidrata intensamente","isPartOf":{"@id":"https:\/\/www.lraloeverashop.eu\/pt-pt\/#website"},"primaryImageOfPage":{"@id":"https:\/\/www.lraloeverashop.eu\/pt-pt\/produto\/leite-solar-aloe-vera-spray-fps-30\/#primaryimage"},"image":{"@id":"https:\/\/www.lraloeverashop.eu\/pt-pt\/produto\/leite-solar-aloe-vera-spray-fps-30\/#primaryimage"},"thumbnailUrl":"https:\/\/www.lraloeverashop.eu\/wp-content\/uploads\/2022\/12\/Aloe-Vera-Sun-Spray.jpeg","datePublished":"2022-12-03T19:16:02+00:00","dateModified":"2026-02-08T08:54:14+00:00","description":"Com uma prote\u00e7\u00e3o solar m\u00e9dia de FPS 30, a Leite solar de aloe vera protege especialmente a pele ligeiramente pr\u00e9-bronzeada de clara a bronzeada.","breadcrumb":{"@id":"https:\/\/www.lraloeverashop.eu\/pt-pt\/produto\/leite-solar-aloe-vera-spray-fps-30\/#breadcrumb"},"inLanguage":"pt-PT","potentialAction":[{"@type":"ReadAction","target":["https:\/\/www.lraloeverashop.eu\/pt-pt\/produto\/leite-solar-aloe-vera-spray-fps-30\/"]}]},{"@type":"ImageObject","inLanguage":"pt-PT","@id":"https:\/\/www.lraloeverashop.eu\/pt-pt\/produto\/leite-solar-aloe-vera-spray-fps-30\/#primaryimage","url":"https:\/\/www.lraloeverashop.eu\/wp-content\/uploads\/2022\/12\/Aloe-Vera-Sun-Spray.jpeg","contentUrl":"https:\/\/www.lraloeverashop.eu\/wp-content\/uploads\/2022\/12\/Aloe-Vera-Sun-Spray.jpeg","width":1200,"height":1200,"caption":"Leite solar de prote\u00e7\u00e3o m\u00e9dia Aloe Vera Spray SPF 30"},{"@type":"BreadcrumbList","@id":"https:\/\/www.lraloeverashop.eu\/pt-pt\/produto\/leite-solar-aloe-vera-spray-fps-30\/#breadcrumb","itemListElement":[{"@type":"ListItem","position":1,"name":"Home","item":"https:\/\/www.lraloeverashop.eu\/pt-pt\/"},{"@type":"ListItem","position":2,"name":"Loja","item":"https:\/\/www.lraloeverashop.eu\/pt-pt\/loja\/"},{"@type":"ListItem","position":3,"name":"Leite Solar Aloe Vera Spray FPS 30"}]},{"@type":"WebSite","@id":"https:\/\/www.lraloeverashop.eu\/pt-pt\/#website","url":"https:\/\/www.lraloeverashop.eu\/pt-pt\/","name":"Lr Loja Aloe Vera","description":"High Quality Lr Aloe Vera Gel, Aloe Vera Cream and Shampoo","publisher":{"@id":"https:\/\/www.lraloeverashop.eu\/pt-pt\/#organization"},"potentialAction":[{"@type":"SearchAction","target":{"@type":"EntryPoint","urlTemplate":"https:\/\/www.lraloeverashop.eu\/pt-pt\/?s={search_term_string}"},"query-input":{"@type":"PropertyValueSpecification","valueRequired":true,"valueName":"search_term_string"}}],"inLanguage":"pt-PT"},{"@type":"Organization","@id":"https:\/\/www.lraloeverashop.eu\/pt-pt\/#organization","name":"Loja Lr Aloe Vera","alternateName":"LR","url":"https:\/\/www.lraloeverashop.eu\/pt-pt\/","logo":{"@type":"ImageObject","inLanguage":"pt-PT","@id":"https:\/\/www.lraloeverashop.eu\/pt-pt\/#\/schema\/logo\/image\/","url":"https:\/\/www.lraloeverashop.eu\/wp-content\/uploads\/2022\/09\/cropped-Lr-Aloe-Vera-Shop.jpg","contentUrl":"https:\/\/www.lraloeverashop.eu\/wp-content\/uploads\/2022\/09\/cropped-Lr-Aloe-Vera-Shop.jpg","width":228,"height":76,"caption":"Loja Lr Aloe Vera"},"image":{"@id":"https:\/\/www.lraloeverashop.eu\/pt-pt\/#\/schema\/logo\/image\/"},"sameAs":["https:\/\/www.facebook.com\/lraloeverashop.eu","https:\/\/x.com\/natur__kosmetik","https:\/\/www.youtube.com\/channel\/UC5oN7BJ8nfYb8RpVtjwDEBA","https:\/\/www.instagram.com\/lrbeautyeu\/"],"description":"Loja Lr Aloe Vera \u00e9 o seu destino de confian\u00e7a para os produtos de sa\u00fade e beleza premium da LR, fabricados na Alemanha. Oferecemos solu\u00e7\u00f5es de alta qualidade para o cuidado da pele, nutri\u00e7\u00e3o e antienvelhecimento \u00e0 base de Alo\u00e9 Vera, elaboradas com ingredientes puros e apoiadas em investiga\u00e7\u00e3o cient\u00edfica. Descubra o cuidado natural que regenera, protege e revitaliza a sua pele \u2014 e aproveite as ofertas mensais exclusivas nos nossos produtos LR Alo\u00e9 Vera mais vendidos.\nComece hoje mesmo a sua jornada de cuidados naturais com a pele e sinta a diferen\u00e7a.","email":"info@lraloeverashop.eu","telephone":"+49 17670609653","legalName":"Lr Aloe Vera Shop","foundingDate":"2018-04-21","numberOfEmployees":{"@type":"QuantitativeValue","minValue":"1","maxValue":"10"}}]},"product_price_amount":"25.69","product_price_currency":"EUR","og_availability":"out of stock","product_availability":"out of stock","product_retailer_item_id":"23115-1PT","product_condition":"new"},"taxonomy_info":{"product_cat":[{"value":215,"label":"Aloe Vera"},{"value":1009,"label":"Prote\u00e7\u00e3o solar"}],"product_tag":[{"value":1016,"label":"protetor solar"}]},"featured_image_src_large":["https:\/\/www.lraloeverashop.eu\/wp-content\/uploads\/2022\/12\/Aloe-Vera-Sun-Spray-1024x1024.jpeg",1024,1024,true],"author_info":[],"comment_info":0,"_links":{"self":[{"href":"https:\/\/www.lraloeverashop.eu\/pt-pt\/wp-json\/wp\/v2\/product\/8606","targetHints":{"allow":["GET"]}}],"collection":[{"href":"https:\/\/www.lraloeverashop.eu\/pt-pt\/wp-json\/wp\/v2\/product"}],"about":[{"href":"https:\/\/www.lraloeverashop.eu\/pt-pt\/wp-json\/wp\/v2\/types\/product"}],"replies":[{"embeddable":true,"href":"https:\/\/www.lraloeverashop.eu\/pt-pt\/wp-json\/wp\/v2\/comments?post=8606"}],"wp:featuredmedia":[{"embeddable":true,"href":"https:\/\/www.lraloeverashop.eu\/pt-pt\/wp-json\/wp\/v2\/media\/8435"}],"wp:attachment":[{"href":"https:\/\/www.lraloeverashop.eu\/pt-pt\/wp-json\/wp\/v2\/media?parent=8606"}],"wp:term":[{"taxonomy":"product_brand","embeddable":true,"href":"https:\/\/www.lraloeverashop.eu\/pt-pt\/wp-json\/wp\/v2\/product_brand?post=8606"},{"taxonomy":"product_cat","embeddable":true,"href":"https:\/\/www.lraloeverashop.eu\/pt-pt\/wp-json\/wp\/v2\/product_cat?post=8606"},{"taxonomy":"product_tag","embeddable":true,"href":"https:\/\/www.lraloeverashop.eu\/pt-pt\/wp-json\/wp\/v2\/product_tag?post=8606"}],"curies":[{"name":"wp","href":"https:\/\/api.w.org\/{rel}","templated":true}]}}