{"id":21860,"date":"2025-01-25T09:19:01","date_gmt":"2025-01-25T08:19:01","guid":{"rendered":"https:\/\/www.lraloeverashop.eu\/?post_type=product&#038;p=21860"},"modified":"2026-02-08T09:33:22","modified_gmt":"2026-02-08T08:33:22","slug":"conjunto-anti-rugas-serox","status":"publish","type":"product","link":"https:\/\/www.lraloeverashop.eu\/pt-pt\/produto\/conjunto-anti-rugas-serox\/","title":{"rendered":"Conjunto Anti Rugas Serox"},"content":{"rendered":"<h2><span style=\"font-size: 16pt;\"><strong>Conjunto Anti Rugas Serox<\/strong><\/span><\/h2>\n<p><span style=\"font-size: 14pt;\"><strong>Conjunto Anti Rugas Serox \u2013 Cuidados antienvelhecimento integral<\/strong><\/span><\/p>\n<p>Revitalize a sua pele com o Conjunto Anti Rugas Serox, a sua solu\u00e7\u00e3o completa para combater as rugas do rosto e manter um brilho jovem. Este conjunto inclui o S\u00e9rum Facial Anti-Rugas e o <strong><a href=\"https:\/\/www.lraloeverashop.eu\/pt-pt\/produto\/creme-anti-rugas-serox\/\">Creme Anti Rugas<\/a><\/strong>, dois produtos poderosos concebidos para proporcionar resultados vis\u00edveis, mesmo para as linhas finas e rugas sob os olhos.<\/p>\n<p>O S\u00e9rum Facial Anti-Rugas Serox combina ingredientes inovadores, como Argireline\u00ae, Ameliox\u00ae e Polylift\u00ae, para reduzir visivelmente a apar\u00eancia das linhas de express\u00e3o e rugas. Este s\u00e9rum leve \u00e9 \u200b\u200brapidamente absorvido pela pele, proporcionando uma sensa\u00e7\u00e3o sedosa e uma tez refrescada e suave.<\/p>\n<p>Combine com o Creme Anti Rugas Serox, uma f\u00f3rmula rica e hidratante enriquecida com Hyaluronic Filling Spheres\u00ae. Este creme atua nas rugas mais profundas, repondo a elasticidade perdida e melhorando o volume da pele para um aspeto mais firme e radiante.<\/p>\n<p>&nbsp;<\/p>\n<h3><span style=\"font-size: 16pt;\"><strong>Caracter\u00edsticas e benef\u00edcios<\/strong><\/span><\/h3>\n<ul>\n<li><strong>Reduz as rugas: <\/strong>ambos os produtos atuam em conjunto para diminuir a apar\u00eancia de linhas finas e rugas sob os olhos, na testa e na zona do nariz.<\/li>\n<li><strong>Ingredientes ativos de elevada qualidade: <\/strong>o Conjunto Anti Rugas Serox inclui Argireline\u00ae, Ameliox\u00ae, Polylift\u00ae e Hyaluronic Spheres\u00ae para uma efic\u00e1cia m\u00e1xima.<\/li>\n<li><strong>Absor\u00e7\u00e3o r\u00e1pida: <\/strong>o s\u00e9rum leve penetra na pele instantaneamente, n\u00e3o deixando uma sensa\u00e7\u00e3o oleosa.<\/li>\n<li><strong>Melhora a elasticidade da pele: <\/strong>fortalece e rejuvenesce a pele para um aspeto mais firme e suave.<\/li>\n<li><strong>Hidrata\u00e7\u00e3o profunda: <\/strong>proporciona uma hidrata\u00e7\u00e3o intensiva \u00e0 pele seca e stressada, garantindo uma textura saud\u00e1vel e flex\u00edvel.<\/li>\n<li><strong>Sensa\u00e7\u00e3o de pele relaxada: <\/strong>ambos os produtos deixam a sua pele suave, cuidada e refrescada ap\u00f3s cada utiliza\u00e7\u00e3o.<\/li>\n<\/ul>\n<p>&nbsp;<\/p>\n<h3><span style=\"font-size: 16pt;\"><strong>Como utilizar<\/strong><\/span><\/h3>\n<ol>\n<li>Comece com o <strong><a href=\"https:\/\/www.lraloeverashop.eu\/pt-pt\/produto\/serum-facial-anti-rugas-serox\/\">S\u00e9rum Facial Anti-Rugas Serox<\/a><\/strong>. Aplique uma pequena quantidade na pele limpa, concentrando-se nas zonas propensas a rugas. Massaje suavemente at\u00e9 que seja absorvido.<\/li>\n<li>Continue com o Creme Anti Rugas Serox. Aplique no rosto e pesco\u00e7o para reter a hidrata\u00e7\u00e3o e refor\u00e7ar os benef\u00edcios antienvelhecimento.<\/li>\n<li>Utilize ambos os produtos de manh\u00e3 e \u00e0 noite para obter melhores resultados.<\/li>\n<\/ol>\n<p>&nbsp;<\/p>\n<h3><span style=\"font-size: 16pt;\"><strong>Porqu\u00ea escolher o conjunto anti rugas Serox?<\/strong><\/span><\/h3>\n<p>Concebido para pessoas a partir dos 35 anos, esta dupla de produtos dermatologicamente testados \u00e9 o complemento perfeito para a sua rotina de cuidados com a pele. Seja para reduzir as rugas no contorno dos olhos ou melhorar a firmeza da pele, estes produtos oferecem solu\u00e7\u00f5es direcionadas para o ajudar a ter uma apar\u00eancia e a <strong><a href=\"https:\/\/www.lraloeverashop.eu\/pt-pt\/produto\/lr-beauty-elixir-5-em-1\/\">sentir-se confiante<\/a><\/strong>.<\/p>\n<p>Recupere a elasticidade, a suavidade e o brilho da juventude com o Conjunto Anti Rugas Serox. Obtenha hoje mesmo o seu tratamento antienvelhecimento avan\u00e7ado!<\/p>\n","protected":false},"excerpt":{"rendered":"<ul>\n<li>S\u00e9rum Facial Anti-Rugas Serox, 30ml<\/li>\n<li>Com ingredientes de elevada qualidade: Argireline\u00ae, Ameliox\u00ae e Polylift\u00ae<\/li>\n<li>Creme Anti Rugas Serox, 50ml<\/li>\n<li>Faz com que as express\u00f5es faciais de 35 anos pare\u00e7am mais suaves<\/li>\n<li>Conjunto Tamb\u00e9m adequado para pele seca<\/li>\n<li>Fabricado na Alemanha<\/li>\n<\/ul>\n<p><span style=\"color: #ff0000;\"><a style=\"color: #ff0000;\" href=\"https:\/\/shop.lrworld.com\/openpao?PHP=0vFlt7jT938BEnBI3a6e9w%3D%3D\"><span style=\"font-size: 14pt;\"><strong>Registe-se aqui e poupe 35% em todos os pedidos<\/strong><\/span><\/a><\/span><\/p>\n","protected":false},"featured_media":21850,"comment_status":"open","ping_status":"closed","template":"","meta":{"_kad_blocks_custom_css":"","_kad_blocks_head_custom_js":"","_kad_blocks_body_custom_js":"","_kad_blocks_footer_custom_js":"","_kadence_starter_templates_imported_post":false,"_kad_post_transparent":"default","_kad_post_title":"","_kad_post_layout":"default","_kad_post_sidebar_id":"","_kad_post_content_style":"default","_kad_post_vertical_padding":"default","_kad_post_feature":"","_kad_post_feature_position":"","_kad_post_header":false,"_kad_post_footer":false,"_kad_post_classname":""},"product_brand":[],"product_cat":[269,281,330,354,389],"product_tag":[704],"class_list":{"0":"post-21860","1":"product","2":"type-product","3":"status-publish","4":"has-post-thumbnail","6":"product_cat-cuidado-anti-idade","7":"product_cat-mulheres-acima-de-40","8":"product_cat-produtos-anti-idade","9":"product_cat-promocoes","10":"product_cat-serox-pt-pt","11":"product_tag-para-rugas-no-rosto","13":"first","14":"outofstock","15":"sale","16":"taxable","17":"shipping-taxable","18":"purchasable","19":"product-type-simple","20":"entry","21":"content-bg","22":"loop-entry"},"yoast_head":"<!-- This site is optimized with the Yoast SEO Premium plugin v27.3 (Yoast SEO v27.3) - https:\/\/yoast.com\/product\/yoast-seo-premium-wordpress\/ -->\n<title>Conjunto Anti Rugas Serox para rugas do rosto e dos olhos<\/title>\n<meta name=\"description\" content=\"Obtenha um brilho jovem com o Conjunto Anti Rugas Serox. Diga adeus \u00e0s rugas do rosto e ol\u00e1 a uma pele mais suave e firme.\" \/>\n<meta name=\"robots\" content=\"index, follow, max-snippet:-1, max-image-preview:large, max-video-preview:-1\" \/>\n<link rel=\"canonical\" href=\"https:\/\/www.lraloeverashop.eu\/pt-pt\/produto\/conjunto-anti-rugas-serox\/\" \/>\n<meta property=\"og:locale\" content=\"pt_PT\" \/>\n<meta property=\"og:type\" content=\"article\" \/>\n<meta property=\"og:title\" content=\"Conjunto Anti Rugas Serox\" \/>\n<meta property=\"og:description\" content=\"Obtenha um brilho jovem com o Conjunto Anti Rugas Serox. Diga adeus \u00e0s rugas do rosto e ol\u00e1 a uma pele mais suave e firme.\" \/>\n<meta property=\"og:url\" content=\"https:\/\/www.lraloeverashop.eu\/pt-pt\/produto\/conjunto-anti-rugas-serox\/\" \/>\n<meta property=\"og:site_name\" content=\"Lr Loja Aloe Vera\" \/>\n<meta property=\"article:publisher\" content=\"https:\/\/www.facebook.com\/lraloeverashop.eu\" \/>\n<meta property=\"article:modified_time\" content=\"2026-02-08T08:33:22+00:00\" \/>\n<meta property=\"og:image\" content=\"https:\/\/www.lraloeverashop.eu\/wp-content\/uploads\/2025\/01\/Serox-Anti-Wrinkle-Set.jpg\" \/>\n\t<meta property=\"og:image:width\" content=\"1200\" \/>\n\t<meta property=\"og:image:height\" content=\"1200\" \/>\n\t<meta property=\"og:image:type\" content=\"image\/jpeg\" \/>\n<meta name=\"twitter:card\" content=\"summary_large_image\" \/>\n<meta name=\"twitter:site\" content=\"@natur__kosmetik\" \/>\n<script type=\"application\/ld+json\" class=\"yoast-schema-graph\">{\"@context\":\"https:\\\/\\\/schema.org\",\"@graph\":[{\"@type\":[\"WebPage\",\"ItemPage\"],\"@id\":\"https:\\\/\\\/www.lraloeverashop.eu\\\/pt-pt\\\/produto\\\/conjunto-anti-rugas-serox\\\/\",\"url\":\"https:\\\/\\\/www.lraloeverashop.eu\\\/pt-pt\\\/produto\\\/conjunto-anti-rugas-serox\\\/\",\"name\":\"Conjunto Anti Rugas Serox para rugas do rosto e dos olhos\",\"isPartOf\":{\"@id\":\"https:\\\/\\\/www.lraloeverashop.eu\\\/pt-pt\\\/#website\"},\"primaryImageOfPage\":{\"@id\":\"https:\\\/\\\/www.lraloeverashop.eu\\\/pt-pt\\\/produto\\\/conjunto-anti-rugas-serox\\\/#primaryimage\"},\"image\":{\"@id\":\"https:\\\/\\\/www.lraloeverashop.eu\\\/pt-pt\\\/produto\\\/conjunto-anti-rugas-serox\\\/#primaryimage\"},\"thumbnailUrl\":\"https:\\\/\\\/www.lraloeverashop.eu\\\/wp-content\\\/uploads\\\/2025\\\/01\\\/Serox-Anti-Wrinkle-Set.jpg\",\"datePublished\":\"2025-01-25T08:19:01+00:00\",\"dateModified\":\"2026-02-08T08:33:22+00:00\",\"description\":\"Obtenha um brilho jovem com o Conjunto Anti Rugas Serox. Diga adeus \u00e0s rugas do rosto e ol\u00e1 a uma pele mais suave e firme.\",\"breadcrumb\":{\"@id\":\"https:\\\/\\\/www.lraloeverashop.eu\\\/pt-pt\\\/produto\\\/conjunto-anti-rugas-serox\\\/#breadcrumb\"},\"inLanguage\":\"pt-PT\",\"potentialAction\":[{\"@type\":\"ReadAction\",\"target\":[\"https:\\\/\\\/www.lraloeverashop.eu\\\/pt-pt\\\/produto\\\/conjunto-anti-rugas-serox\\\/\"]}]},{\"@type\":\"ImageObject\",\"inLanguage\":\"pt-PT\",\"@id\":\"https:\\\/\\\/www.lraloeverashop.eu\\\/pt-pt\\\/produto\\\/conjunto-anti-rugas-serox\\\/#primaryimage\",\"url\":\"https:\\\/\\\/www.lraloeverashop.eu\\\/wp-content\\\/uploads\\\/2025\\\/01\\\/Serox-Anti-Wrinkle-Set.jpg\",\"contentUrl\":\"https:\\\/\\\/www.lraloeverashop.eu\\\/wp-content\\\/uploads\\\/2025\\\/01\\\/Serox-Anti-Wrinkle-Set.jpg\",\"width\":1200,\"height\":1200,\"caption\":\"Conjunto Serox Anti Rugas com resultado instant\u00e2neo\"},{\"@type\":\"BreadcrumbList\",\"@id\":\"https:\\\/\\\/www.lraloeverashop.eu\\\/pt-pt\\\/produto\\\/conjunto-anti-rugas-serox\\\/#breadcrumb\",\"itemListElement\":[{\"@type\":\"ListItem\",\"position\":1,\"name\":\"Home\",\"item\":\"https:\\\/\\\/www.lraloeverashop.eu\\\/pt-pt\\\/\"},{\"@type\":\"ListItem\",\"position\":2,\"name\":\"Loja\",\"item\":\"https:\\\/\\\/www.lraloeverashop.eu\\\/pt-pt\\\/loja\\\/\"},{\"@type\":\"ListItem\",\"position\":3,\"name\":\"Conjunto Anti Rugas Serox\"}]},{\"@type\":\"WebSite\",\"@id\":\"https:\\\/\\\/www.lraloeverashop.eu\\\/pt-pt\\\/#website\",\"url\":\"https:\\\/\\\/www.lraloeverashop.eu\\\/pt-pt\\\/\",\"name\":\"Lr Loja Aloe Vera\",\"description\":\"High Quality Lr Aloe Vera Gel, Aloe Vera Cream and Shampoo\",\"publisher\":{\"@id\":\"https:\\\/\\\/www.lraloeverashop.eu\\\/pt-pt\\\/#organization\"},\"potentialAction\":[{\"@type\":\"SearchAction\",\"target\":{\"@type\":\"EntryPoint\",\"urlTemplate\":\"https:\\\/\\\/www.lraloeverashop.eu\\\/pt-pt\\\/?s={search_term_string}\"},\"query-input\":{\"@type\":\"PropertyValueSpecification\",\"valueRequired\":true,\"valueName\":\"search_term_string\"}}],\"inLanguage\":\"pt-PT\"},{\"@type\":\"Organization\",\"@id\":\"https:\\\/\\\/www.lraloeverashop.eu\\\/pt-pt\\\/#organization\",\"name\":\"Lr Loja Aloe Vera\",\"alternateName\":\"LR\",\"url\":\"https:\\\/\\\/www.lraloeverashop.eu\\\/pt-pt\\\/\",\"logo\":{\"@type\":\"ImageObject\",\"inLanguage\":\"pt-PT\",\"@id\":\"https:\\\/\\\/www.lraloeverashop.eu\\\/pt-pt\\\/#\\\/schema\\\/logo\\\/image\\\/\",\"url\":\"https:\\\/\\\/www.lraloeverashop.eu\\\/wp-content\\\/uploads\\\/2022\\\/09\\\/cropped-Lr-Aloe-Vera-Shop.jpg\",\"contentUrl\":\"https:\\\/\\\/www.lraloeverashop.eu\\\/wp-content\\\/uploads\\\/2022\\\/09\\\/cropped-Lr-Aloe-Vera-Shop.jpg\",\"width\":228,\"height\":76,\"caption\":\"Lr Loja Aloe Vera\"},\"image\":{\"@id\":\"https:\\\/\\\/www.lraloeverashop.eu\\\/pt-pt\\\/#\\\/schema\\\/logo\\\/image\\\/\"},\"sameAs\":[\"https:\\\/\\\/www.facebook.com\\\/lraloeverashop.eu\",\"https:\\\/\\\/x.com\\\/natur__kosmetik\",\"https:\\\/\\\/www.youtube.com\\\/channel\\\/UC5oN7BJ8nfYb8RpVtjwDEBA\",\"https:\\\/\\\/www.instagram.com\\\/lrbeautyeu\\\/\"]}]}<\/script>\n<meta property=\"product:price:amount\" content=\"110.89\" \/>\n<meta property=\"product:price:currency\" content=\"EUR\" \/>\n<meta property=\"og:availability\" content=\"out of stock\" \/>\n<meta property=\"product:availability\" content=\"out of stock\" \/>\n<meta property=\"product:retailer_item_id\" content=\"28249-1PT\" \/>\n<meta property=\"product:condition\" content=\"new\" \/>\n<!-- \/ Yoast SEO Premium plugin. -->","yoast_head_json":{"title":"Conjunto Anti Rugas Serox para rugas do rosto e dos olhos","description":"Obtenha um brilho jovem com o Conjunto Anti Rugas Serox. Diga adeus \u00e0s rugas do rosto e ol\u00e1 a uma pele mais suave e firme.","robots":{"index":"index","follow":"follow","max-snippet":"max-snippet:-1","max-image-preview":"max-image-preview:large","max-video-preview":"max-video-preview:-1"},"canonical":"https:\/\/www.lraloeverashop.eu\/pt-pt\/produto\/conjunto-anti-rugas-serox\/","og_locale":"pt_PT","og_type":"article","og_title":"Conjunto Anti Rugas Serox","og_description":"Obtenha um brilho jovem com o Conjunto Anti Rugas Serox. Diga adeus \u00e0s rugas do rosto e ol\u00e1 a uma pele mais suave e firme.","og_url":"https:\/\/www.lraloeverashop.eu\/pt-pt\/produto\/conjunto-anti-rugas-serox\/","og_site_name":"Lr Loja Aloe Vera","article_publisher":"https:\/\/www.facebook.com\/lraloeverashop.eu","article_modified_time":"2026-02-08T08:33:22+00:00","og_image":[{"width":1200,"height":1200,"url":"https:\/\/www.lraloeverashop.eu\/wp-content\/uploads\/2025\/01\/Serox-Anti-Wrinkle-Set.jpg","type":"image\/jpeg"}],"twitter_card":"summary_large_image","twitter_site":"@natur__kosmetik","schema":{"@context":"https:\/\/schema.org","@graph":[{"@type":["WebPage","ItemPage"],"@id":"https:\/\/www.lraloeverashop.eu\/pt-pt\/produto\/conjunto-anti-rugas-serox\/","url":"https:\/\/www.lraloeverashop.eu\/pt-pt\/produto\/conjunto-anti-rugas-serox\/","name":"Conjunto Anti Rugas Serox para rugas do rosto e dos olhos","isPartOf":{"@id":"https:\/\/www.lraloeverashop.eu\/pt-pt\/#website"},"primaryImageOfPage":{"@id":"https:\/\/www.lraloeverashop.eu\/pt-pt\/produto\/conjunto-anti-rugas-serox\/#primaryimage"},"image":{"@id":"https:\/\/www.lraloeverashop.eu\/pt-pt\/produto\/conjunto-anti-rugas-serox\/#primaryimage"},"thumbnailUrl":"https:\/\/www.lraloeverashop.eu\/wp-content\/uploads\/2025\/01\/Serox-Anti-Wrinkle-Set.jpg","datePublished":"2025-01-25T08:19:01+00:00","dateModified":"2026-02-08T08:33:22+00:00","description":"Obtenha um brilho jovem com o Conjunto Anti Rugas Serox. Diga adeus \u00e0s rugas do rosto e ol\u00e1 a uma pele mais suave e firme.","breadcrumb":{"@id":"https:\/\/www.lraloeverashop.eu\/pt-pt\/produto\/conjunto-anti-rugas-serox\/#breadcrumb"},"inLanguage":"pt-PT","potentialAction":[{"@type":"ReadAction","target":["https:\/\/www.lraloeverashop.eu\/pt-pt\/produto\/conjunto-anti-rugas-serox\/"]}]},{"@type":"ImageObject","inLanguage":"pt-PT","@id":"https:\/\/www.lraloeverashop.eu\/pt-pt\/produto\/conjunto-anti-rugas-serox\/#primaryimage","url":"https:\/\/www.lraloeverashop.eu\/wp-content\/uploads\/2025\/01\/Serox-Anti-Wrinkle-Set.jpg","contentUrl":"https:\/\/www.lraloeverashop.eu\/wp-content\/uploads\/2025\/01\/Serox-Anti-Wrinkle-Set.jpg","width":1200,"height":1200,"caption":"Conjunto Serox Anti Rugas com resultado instant\u00e2neo"},{"@type":"BreadcrumbList","@id":"https:\/\/www.lraloeverashop.eu\/pt-pt\/produto\/conjunto-anti-rugas-serox\/#breadcrumb","itemListElement":[{"@type":"ListItem","position":1,"name":"Home","item":"https:\/\/www.lraloeverashop.eu\/pt-pt\/"},{"@type":"ListItem","position":2,"name":"Loja","item":"https:\/\/www.lraloeverashop.eu\/pt-pt\/loja\/"},{"@type":"ListItem","position":3,"name":"Conjunto Anti Rugas Serox"}]},{"@type":"WebSite","@id":"https:\/\/www.lraloeverashop.eu\/pt-pt\/#website","url":"https:\/\/www.lraloeverashop.eu\/pt-pt\/","name":"Lr Loja Aloe Vera","description":"High Quality Lr Aloe Vera Gel, Aloe Vera Cream and Shampoo","publisher":{"@id":"https:\/\/www.lraloeverashop.eu\/pt-pt\/#organization"},"potentialAction":[{"@type":"SearchAction","target":{"@type":"EntryPoint","urlTemplate":"https:\/\/www.lraloeverashop.eu\/pt-pt\/?s={search_term_string}"},"query-input":{"@type":"PropertyValueSpecification","valueRequired":true,"valueName":"search_term_string"}}],"inLanguage":"pt-PT"},{"@type":"Organization","@id":"https:\/\/www.lraloeverashop.eu\/pt-pt\/#organization","name":"Lr Loja Aloe Vera","alternateName":"LR","url":"https:\/\/www.lraloeverashop.eu\/pt-pt\/","logo":{"@type":"ImageObject","inLanguage":"pt-PT","@id":"https:\/\/www.lraloeverashop.eu\/pt-pt\/#\/schema\/logo\/image\/","url":"https:\/\/www.lraloeverashop.eu\/wp-content\/uploads\/2022\/09\/cropped-Lr-Aloe-Vera-Shop.jpg","contentUrl":"https:\/\/www.lraloeverashop.eu\/wp-content\/uploads\/2022\/09\/cropped-Lr-Aloe-Vera-Shop.jpg","width":228,"height":76,"caption":"Lr Loja Aloe Vera"},"image":{"@id":"https:\/\/www.lraloeverashop.eu\/pt-pt\/#\/schema\/logo\/image\/"},"sameAs":["https:\/\/www.facebook.com\/lraloeverashop.eu","https:\/\/x.com\/natur__kosmetik","https:\/\/www.youtube.com\/channel\/UC5oN7BJ8nfYb8RpVtjwDEBA","https:\/\/www.instagram.com\/lrbeautyeu\/"]}]},"product_price_amount":"110.89","product_price_currency":"EUR","og_availability":"out of stock","product_availability":"out of stock","product_retailer_item_id":"28249-1PT","product_condition":"new"},"taxonomy_info":{"product_cat":[{"value":269,"label":"Cuidado Anti-idade"},{"value":281,"label":"Mulheres acima de 40"},{"value":330,"label":"Produtos anti-idade"},{"value":354,"label":"Promo\u00e7\u00f5es"},{"value":389,"label":"Serox"}],"product_tag":[{"value":704,"label":"para rugas no rosto"}]},"featured_image_src_large":["https:\/\/www.lraloeverashop.eu\/wp-content\/uploads\/2025\/01\/Serox-Anti-Wrinkle-Set-1024x1024.jpg",1024,1024,true],"author_info":[],"comment_info":0,"_links":{"self":[{"href":"https:\/\/www.lraloeverashop.eu\/pt-pt\/wp-json\/wp\/v2\/product\/21860","targetHints":{"allow":["GET"]}}],"collection":[{"href":"https:\/\/www.lraloeverashop.eu\/pt-pt\/wp-json\/wp\/v2\/product"}],"about":[{"href":"https:\/\/www.lraloeverashop.eu\/pt-pt\/wp-json\/wp\/v2\/types\/product"}],"replies":[{"embeddable":true,"href":"https:\/\/www.lraloeverashop.eu\/pt-pt\/wp-json\/wp\/v2\/comments?post=21860"}],"wp:featuredmedia":[{"embeddable":true,"href":"https:\/\/www.lraloeverashop.eu\/pt-pt\/wp-json\/wp\/v2\/media\/21850"}],"wp:attachment":[{"href":"https:\/\/www.lraloeverashop.eu\/pt-pt\/wp-json\/wp\/v2\/media?parent=21860"}],"wp:term":[{"taxonomy":"product_brand","embeddable":true,"href":"https:\/\/www.lraloeverashop.eu\/pt-pt\/wp-json\/wp\/v2\/product_brand?post=21860"},{"taxonomy":"product_cat","embeddable":true,"href":"https:\/\/www.lraloeverashop.eu\/pt-pt\/wp-json\/wp\/v2\/product_cat?post=21860"},{"taxonomy":"product_tag","embeddable":true,"href":"https:\/\/www.lraloeverashop.eu\/pt-pt\/wp-json\/wp\/v2\/product_tag?post=21860"}],"curies":[{"name":"wp","href":"https:\/\/api.w.org\/{rel}","templated":true}]}}