{"id":20388,"date":"2025-01-01T18:28:13","date_gmt":"2025-01-01T17:28:13","guid":{"rendered":"https:\/\/www.lraloeverashop.eu\/product\/sopa-de-batata-doce\/"},"modified":"2026-02-08T09:33:36","modified_gmt":"2026-02-08T08:33:36","slug":"sopa-de-batata-doce","status":"publish","type":"product","link":"https:\/\/www.lraloeverashop.eu\/pt-pt\/produto\/sopa-de-batata-doce\/","title":{"rendered":"Sopa de Batata Doce Figu Active"},"content":{"rendered":"<h2><span style=\"font-size: 16pt;\"><strong>Sopa de batata doce Figu Active\u00a0<\/strong><\/span><\/h2>\n<p><span style=\"font-size: 14pt;\"><strong>Sopa de Batata Doce Figu Active torna a perda de peso f\u00e1cil e deliciosa<\/strong><\/span><\/p>\n<p>E se manter um estilo de vida saud\u00e1vel e controlar o seu peso pudesse ser simples e delicioso? A Sopa de Batata Doce Figu Active torna isso poss\u00edvel. Este <strong><span style=\"color: #000000;\"><a style=\"color: #000000;\" href=\"https:\/\/www.lraloeverashop.eu\/pt-pt\/substituto-de-refeicao-figu-active-a-dieta-inteligente-para-emagrecimento\/\">substituto de refei\u00e7\u00e3o<\/a><\/span><\/strong> cuidadosamente elaborado combina ingredientes saud\u00e1veis \u200b\u200be nutrientes valiosos num prato f\u00e1cil de preparar. Da perda de peso ao apoio ao bem-estar, oferece uma forma cremosa e saborosa de assumir o controlo dos seus objetivos de sa\u00fade.<\/p>\n<p>Cada por\u00e7\u00e3o substitui uma refei\u00e7\u00e3o inteira, dando ao seu corpo todos os nutrientes de que necessita sem comprometer o sabor ou a qualidade. Repleta de ingredientes naturais e sem aditivos desnecess\u00e1rios, esta sopa garante uma refei\u00e7\u00e3o sem culpas que abastece o seu dia.<\/p>\n<p>&nbsp;<\/p>\n<h3><span style=\"font-size: 16pt;\"><strong>Porqu\u00ea escolher a sopa de batata doce Figu Active?<\/strong><\/span><\/h3>\n<p><span style=\"font-size: 14pt;\"><strong>Benef\u00edcios excecionais para uma alimenta\u00e7\u00e3o saud\u00e1vel:<\/strong><\/span><\/p>\n<ul>\n<li><strong>Sabor rico:<\/strong> uma mistura delicada de batata doce e ab\u00f3bora com infus\u00e3o de cebola, alho franc\u00eas e pimenta preta para um sabor encorpado e delicioso.<\/li>\n<li><strong>Suporta objetivos de peso:<\/strong> concebido para ajudar na perda ou manuten\u00e7\u00e3o do peso quando utilizado como parte de uma dieta com controlo cal\u00f3rico.<\/li>\n<li><strong>Substituto completo de refei\u00e7\u00e3o:<\/strong> sacia a sua fome ao mesmo tempo que fornece nutrientes essenciais de que o seu corpo necessita.<\/li>\n<li><strong>Rico em fibras e prote\u00ednas:<\/strong> inclui cascas de ps\u00edlio para uma melhor digest\u00e3o e prote\u00ednas vegan de soja e ervilhas para o manter saciado durante mais tempo.<\/li>\n<\/ul>\n<p>&nbsp;<\/p>\n<h3><span style=\"font-size: 16pt;\"><strong><a href=\"https:\/\/www.lraloeverashop.eu\/wp-content\/uploads\/2024\/09\/weight-loss-diet-review-300x300.jpeg\"><img loading=\"lazy\" decoding=\"async\" class=\"alignleft size-medium wp-image-16348\" src=\"https:\/\/www.lraloeverashop.eu\/wp-content\/uploads\/2024\/09\/weight-loss-diet-review-300x300.jpeg\" alt=\"Weight loss diet review\" width=\"300\" height=\"300\" srcset=\"https:\/\/www.lraloeverashop.eu\/wp-content\/uploads\/2024\/09\/weight-loss-diet-review-300x300.jpeg 300w, https:\/\/www.lraloeverashop.eu\/wp-content\/uploads\/2024\/09\/weight-loss-diet-review-1024x1024.jpeg 1024w, https:\/\/www.lraloeverashop.eu\/wp-content\/uploads\/2024\/09\/weight-loss-diet-review-150x150.jpeg 150w, https:\/\/www.lraloeverashop.eu\/wp-content\/uploads\/2024\/09\/weight-loss-diet-review-768x768.jpeg 768w, https:\/\/www.lraloeverashop.eu\/wp-content\/uploads\/2024\/09\/weight-loss-diet-review-600x600.jpeg 600w, https:\/\/www.lraloeverashop.eu\/wp-content\/uploads\/2024\/09\/weight-loss-diet-review-100x100.jpeg 100w, https:\/\/www.lraloeverashop.eu\/wp-content\/uploads\/2024\/09\/weight-loss-diet-review.jpeg 1200w\" sizes=\"auto, (max-width: 300px) 100vw, 300px\" \/><\/a>O que torna esta sopa para emagrecer t\u00e3o especial?<\/strong><\/span><\/h3>\n<p>A Sopa de Batata Doce Figu Active n\u00e3o \u00e9 uma sopa de batata-doce com ab\u00f3bora qualquer. \u00c9 habilmente elaborado para aqueles que querem uma refei\u00e7\u00e3o saud\u00e1vel e indulgente.<\/p>\n<p>Ao substituir uma ou duas refei\u00e7\u00f5es di\u00e1rias por esta <span style=\"color: #000000;\"><strong><a style=\"color: #000000;\" href=\"https:\/\/www.lraloeverashop.eu\/pt-pt\/produto\/figu-active-sopa-de-legumes-e-caril-india\/\">sopa para emagrecer<\/a><\/strong><\/span>, pode reduzir eficazmente a sua ingest\u00e3o de calorias e, ao mesmo tempo, manter o seu corpo nutrido.<\/p>\n<p>Ao contr\u00e1rio das sopas tradicionais, esta vai mais al\u00e9m ao incorporar cascas de ps\u00edlio, ajudando na digest\u00e3o e na sa\u00fade intestinal.<\/p>\n<p>O elevado teor de prote\u00edna proveniente de fontes vegetais mant\u00e9m-no saciado, minimizando os desejos ao longo do dia.<\/p>\n<p>&nbsp;<\/p>\n<p><a href=\"https:\/\/www.lraloeverashop.eu\/wp-content\/uploads\/2024\/09\/man-weight-loss-before-and-after-300x300.jpeg\"><img loading=\"lazy\" decoding=\"async\" class=\"alignleft size-medium wp-image-16355\" src=\"https:\/\/www.lraloeverashop.eu\/wp-content\/uploads\/2024\/09\/man-weight-loss-before-and-after-300x300.jpeg\" alt=\"Man weight loss before and after\" width=\"300\" height=\"300\" srcset=\"https:\/\/www.lraloeverashop.eu\/wp-content\/uploads\/2024\/09\/man-weight-loss-before-and-after-300x300.jpeg 300w, https:\/\/www.lraloeverashop.eu\/wp-content\/uploads\/2024\/09\/man-weight-loss-before-and-after-1024x1024.jpeg 1024w, https:\/\/www.lraloeverashop.eu\/wp-content\/uploads\/2024\/09\/man-weight-loss-before-and-after-150x150.jpeg 150w, https:\/\/www.lraloeverashop.eu\/wp-content\/uploads\/2024\/09\/man-weight-loss-before-and-after-768x768.jpeg 768w, https:\/\/www.lraloeverashop.eu\/wp-content\/uploads\/2024\/09\/man-weight-loss-before-and-after-600x600.jpeg 600w, https:\/\/www.lraloeverashop.eu\/wp-content\/uploads\/2024\/09\/man-weight-loss-before-and-after-100x100.jpeg 100w, https:\/\/www.lraloeverashop.eu\/wp-content\/uploads\/2024\/09\/man-weight-loss-before-and-after.jpeg 1200w\" sizes=\"auto, (max-width: 300px) 100vw, 300px\" \/><\/a><\/p>\n<h3><span style=\"font-size: 16pt;\"><strong>Porque se encaixa no seu estilo de vida<\/strong><\/span><\/h3>\n<p>Quer esteja a controlar o seu peso ou simplesmente \u00e0 procura de uma <span style=\"color: #000000;\"><a style=\"color: #000000;\" href=\"https:\/\/www.lraloeverashop.eu\/pt-pt\/produto\/figu-active-sopa-de-batata-auberge\/\"><strong>boa sopa para emagrecer<\/strong><\/a><\/span> que n\u00e3o sacrifique o sabor, a Sopa de Batata Doce Figu Active oferece uma op\u00e7\u00e3o vers\u00e1til.<\/p>\n<p>\u00c9 perfeito para dias atarefados, quando se quer uma refei\u00e7\u00e3o r\u00e1pida e rica em nutrientes, ou para aqueles momentos em que se deseja algo saud\u00e1vel e nutritivo.<\/p>\n<p>Por ser feito com ingredientes vegetais cuidadosamente selecionados, n\u00e3o s\u00f3 \u00e9 \u00f3timo para si, como tamb\u00e9m \u00e9 bom para o ambiente.<\/p>\n<p>&nbsp;<\/p>\n<h3><\/h3>\n<p>&nbsp;<\/p>\n<h3><span style=\"font-size: 16pt;\"><strong>Ingredientes principais<\/strong><\/span><\/h3>\n<p>A Sopa de Batata Doce Figu Active deve o seu sabor \u00fanico e os seus benef\u00edcios para a sa\u00fade aos ingredientes cuidadosamente escolhidos, que incluem:<\/p>\n<ul>\n<li><strong>Batata-doce:<\/strong> Uma fonte rica em vitaminas (como a A e C), fibras e antioxidantes, a batata-doce \u00e9 conhecida pelo seu papel no apoio \u00e0 imunidade e \u00e0 fun\u00e7\u00e3o digestiva.<\/li>\n<li><strong>Ab\u00f3bora:<\/strong> Proporciona uma nota subtil e cremosa, ao mesmo tempo que contribui com nutrientes essenciais, como o betacaroteno e o pot\u00e1ssio, para melhorar a fun\u00e7\u00e3o geral do corpo.<\/li>\n<li><strong>Prote\u00ednas de origem vegetal (soja e ervilha):<\/strong> prote\u00ednas vegan que s\u00e3o facilmente diger\u00edveis e promovem a sa\u00fade muscular.<\/li>\n<li><strong>Casca de Ps\u00edlio:<\/strong> Uma poderosa fonte de fibra que promove um intestino saud\u00e1vel e auxilia a digest\u00e3o.<\/li>\n<li><strong>Alho franc\u00eas, salsa e pimenta preta:<\/strong> estes ingredientes real\u00e7am o sabor da sopa, ao mesmo tempo que oferecem benef\u00edcios anti-inflamat\u00f3rios e digestivos.<\/li>\n<\/ul>\n<h2><span style=\"font-size: 16pt;\"><strong>Benef\u00edcios nutricionais da sopa de batata doce Figu Active<\/strong><\/span><\/h2>\n<p>Esta sopa para emagrecer vai al\u00e9m de ser saborosa. O seu alto teor de prote\u00edna auxilia na repara\u00e7\u00e3o e crescimento muscular, sendo ideal para indiv\u00edduos ativos, enquanto o alto teor de fibra ajuda a regular a digest\u00e3o e melhora a saciedade. Al\u00e9m disso, a composi\u00e7\u00e3o de baixas calorias alinha-se perfeitamente com os planos de perda de peso, garantindo a ingest\u00e3o de nutrientes sem sobrecarregar com calorias.<\/p>\n<h3><span style=\"font-size: 16pt;\"><strong>Instru\u00e7\u00f5es f\u00e1ceis de prepara\u00e7\u00e3o<\/strong><\/span><\/h3>\n<p>Preparar a Sopa de Batata Doce Figu Active n\u00e3o podia ser mais simples:<\/p>\n<ol>\n<li>Adicione 7 colheres de sopa da sopa numa tigela.<\/li>\n<li>Deite 350 ml de \u00e1gua quente.<\/li>\n<li>Misture com um batedor at\u00e9 ficar homog\u00e9neo.<\/li>\n<li>A sua refei\u00e7\u00e3o substituta saud\u00e1vel e deliciosa fica pronta em minutos!<\/li>\n<\/ol>\n<p>Para melhores resultados, siga as instru\u00e7\u00f5es de prepara\u00e7\u00e3o recomendadas e mantenha-se hidratado, consumindo diariamente 2 a 3 litros de \u00e1gua ou l\u00edquidos isentos de calorias.<\/p>\n<h3><span style=\"font-size: 16pt;\"><strong>Incorporando na dieta di\u00e1ria<\/strong><\/span><\/h3>\n<p>Esta refei\u00e7\u00e3o vers\u00e1til se adapt perfeitamente \u00e0 sua rotina di\u00e1ria:<\/p>\n<ul>\n<li><strong>Alternativa ao pequeno-almo\u00e7o:<\/strong> comece o dia com uma tigela quente para uma manh\u00e3 saud\u00e1vel e cheia de energia.<\/li>\n<li><strong>Substituto do almo\u00e7o:<\/strong> leve-o para o trabalho para uma refei\u00e7\u00e3o saud\u00e1vel e descomplicada a meio do dia.<\/li>\n<li><strong>Op\u00e7\u00e3o da noite:<\/strong> Use-o como um jantar leve e satisfat\u00f3rio para apoiar os seus objetivos de peso.<\/li>\n<\/ul>\n<p>Acompanhe com legumes frescos ou uma pequena salada para dar textura e sabor.<\/p>\n<p>A Sopa de Batata Doce Figu Active \u00e9 mais do que uma simples refei\u00e7\u00e3o: \u00e9 uma forma pr\u00e1tica e agrad\u00e1vel de manter os seus objetivos nutricionais e de peso. Desde os seus ingredientes vegan premium at\u00e9 ao seu perfil nutricional completo, esta sopa mostra que comer de forma saud\u00e1vel n\u00e3o significa abdicar do sabor.<\/p>\n<p>Quer queira perder gordura abdominal, melhorar a sua sa\u00fade geral ou apenas desfrutar de uma refei\u00e7\u00e3o saborosa enquanto mant\u00e9m o controlo, esta sopa de ab\u00f3bora e batata-doce torna isso poss\u00edvel. Porque n\u00e3o experimentar uma ta\u00e7a e sentir a mistura de conveni\u00eancia, nutri\u00e7\u00e3o e indulg\u00eancia?<\/p>\n<p>O seu corpo vai agradecer.<\/p>\n","protected":false},"excerpt":{"rendered":"<ul>\n<li>Uma sopa saborosa com batata doce e ab\u00f3bora.<\/li>\n<li>Uma por\u00e7\u00e3o substitui uma refei\u00e7\u00e3o completa.<\/li>\n<li>100% vegan com apenas ingredientes naturais.<\/li>\n<li>Rico em fibras, incluindo cascas de ps\u00edlio.<\/li>\n<li>Cheio de prote\u00ednas de soja e ervilhas.<\/li>\n<li>Sem gl\u00faten, lactose e intensificadores de sabor.<\/li>\n<li>Quantidade: 488g<\/li>\n<\/ul>\n<p><span style=\"color: #ff0000;\"><a style=\"color: #ff0000;\" href=\"https:\/\/shop.lrworld.com\/openpao?PHP=0vFlt7jT938BEnBI3a6e9w%3D%3D\"><span style=\"font-size: 14pt;\"><strong>Registe-se aqui e poupe 35% em todos os pedidos<\/strong><\/span><\/a><\/span><\/p>\n","protected":false},"featured_media":20324,"comment_status":"open","ping_status":"closed","template":"","meta":{"_kad_blocks_custom_css":"","_kad_blocks_head_custom_js":"","_kad_blocks_body_custom_js":"","_kad_blocks_footer_custom_js":"","_kadence_starter_templates_imported_post":false,"_kad_post_transparent":"default","_kad_post_title":"","_kad_post_layout":"default","_kad_post_sidebar_id":"","_kad_post_content_style":"default","_kad_post_vertical_padding":"default","_kad_post_feature":"","_kad_post_feature_position":"","_kad_post_header":false,"_kad_post_footer":false,"_kad_post_classname":""},"product_brand":[],"product_cat":[306,336],"product_tag":[613],"class_list":{"0":"post-20388","1":"product","2":"type-product","3":"status-publish","4":"has-post-thumbnail","6":"product_cat-bodymission-sopas","7":"product_cat-suplementosdieteticos","8":"product_tag-dieta-pt-pt","10":"first","11":"instock","12":"taxable","13":"shipping-taxable","14":"purchasable","15":"product-type-simple","16":"entry","17":"content-bg","18":"loop-entry"},"yoast_head":"<!-- This site is optimized with the Yoast SEO Premium plugin v27.3 (Yoast SEO v27.3) - https:\/\/yoast.com\/product\/yoast-seo-premium-wordpress\/ -->\n<title>Sopa de Batata Doce para perda de peso e vida saud\u00e1vel<\/title>\n<meta name=\"description\" content=\"Sopa de Batata Doce Figu Active \u00e9 um substituto de refei\u00e7\u00e3o cremoso e vegan. Rico em fibra, prote\u00edna vegan. Sem gl\u00faten, lactose e intensificadores de sabor\" \/>\n<meta name=\"robots\" content=\"index, follow, max-snippet:-1, max-image-preview:large, max-video-preview:-1\" \/>\n<link rel=\"canonical\" href=\"https:\/\/www.lraloeverashop.eu\/pt-pt\/produto\/sopa-de-batata-doce\/\" \/>\n<meta property=\"og:locale\" content=\"pt_PT\" \/>\n<meta property=\"og:type\" content=\"article\" \/>\n<meta property=\"og:title\" content=\"Sopa de Batata Doce Figu Active\" \/>\n<meta property=\"og:description\" content=\"Sopa de Batata Doce Figu Active \u00e9 um substituto de refei\u00e7\u00e3o cremoso e vegan. Rico em fibra, prote\u00edna vegan. Sem gl\u00faten, lactose e intensificadores de sabor\" \/>\n<meta property=\"og:url\" content=\"https:\/\/www.lraloeverashop.eu\/pt-pt\/produto\/sopa-de-batata-doce\/\" \/>\n<meta property=\"og:site_name\" content=\"Lr Loja Aloe Vera\" \/>\n<meta property=\"article:publisher\" content=\"https:\/\/www.facebook.com\/lraloeverashop.eu\" \/>\n<meta property=\"article:modified_time\" content=\"2026-02-08T08:33:36+00:00\" \/>\n<meta property=\"og:image\" content=\"https:\/\/www.lraloeverashop.eu\/wp-content\/uploads\/2025\/01\/Sweet-Potato-Soup.jpg\" \/>\n\t<meta property=\"og:image:width\" content=\"1200\" \/>\n\t<meta property=\"og:image:height\" content=\"1200\" \/>\n\t<meta property=\"og:image:type\" content=\"image\/jpeg\" \/>\n<meta name=\"twitter:card\" content=\"summary_large_image\" \/>\n<meta name=\"twitter:site\" content=\"@natur__kosmetik\" \/>\n<script type=\"application\/ld+json\" class=\"yoast-schema-graph\">{\"@context\":\"https:\\\/\\\/schema.org\",\"@graph\":[{\"@type\":[\"WebPage\",\"ItemPage\"],\"@id\":\"https:\\\/\\\/www.lraloeverashop.eu\\\/pt-pt\\\/produto\\\/sopa-de-batata-doce\\\/\",\"url\":\"https:\\\/\\\/www.lraloeverashop.eu\\\/pt-pt\\\/produto\\\/sopa-de-batata-doce\\\/\",\"name\":\"Sopa de Batata Doce para perda de peso e vida saud\u00e1vel\",\"isPartOf\":{\"@id\":\"https:\\\/\\\/www.lraloeverashop.eu\\\/pt-pt\\\/#website\"},\"primaryImageOfPage\":{\"@id\":\"https:\\\/\\\/www.lraloeverashop.eu\\\/pt-pt\\\/produto\\\/sopa-de-batata-doce\\\/#primaryimage\"},\"image\":{\"@id\":\"https:\\\/\\\/www.lraloeverashop.eu\\\/pt-pt\\\/produto\\\/sopa-de-batata-doce\\\/#primaryimage\"},\"thumbnailUrl\":\"https:\\\/\\\/www.lraloeverashop.eu\\\/wp-content\\\/uploads\\\/2025\\\/01\\\/Sweet-Potato-Soup.jpg\",\"datePublished\":\"2025-01-01T17:28:13+00:00\",\"dateModified\":\"2026-02-08T08:33:36+00:00\",\"description\":\"Sopa de Batata Doce Figu Active \u00e9 um substituto de refei\u00e7\u00e3o cremoso e vegan. Rico em fibra, prote\u00edna vegan. Sem gl\u00faten, lactose e intensificadores de sabor\",\"breadcrumb\":{\"@id\":\"https:\\\/\\\/www.lraloeverashop.eu\\\/pt-pt\\\/produto\\\/sopa-de-batata-doce\\\/#breadcrumb\"},\"inLanguage\":\"pt-PT\",\"potentialAction\":[{\"@type\":\"ReadAction\",\"target\":[\"https:\\\/\\\/www.lraloeverashop.eu\\\/pt-pt\\\/produto\\\/sopa-de-batata-doce\\\/\"]}]},{\"@type\":\"ImageObject\",\"inLanguage\":\"pt-PT\",\"@id\":\"https:\\\/\\\/www.lraloeverashop.eu\\\/pt-pt\\\/produto\\\/sopa-de-batata-doce\\\/#primaryimage\",\"url\":\"https:\\\/\\\/www.lraloeverashop.eu\\\/wp-content\\\/uploads\\\/2025\\\/01\\\/Sweet-Potato-Soup.jpg\",\"contentUrl\":\"https:\\\/\\\/www.lraloeverashop.eu\\\/wp-content\\\/uploads\\\/2025\\\/01\\\/Sweet-Potato-Soup.jpg\",\"width\":1200,\"height\":1200,\"caption\":\"Sopa de batata doce como substituto de refei\u00e7\u00e3o\"},{\"@type\":\"BreadcrumbList\",\"@id\":\"https:\\\/\\\/www.lraloeverashop.eu\\\/pt-pt\\\/produto\\\/sopa-de-batata-doce\\\/#breadcrumb\",\"itemListElement\":[{\"@type\":\"ListItem\",\"position\":1,\"name\":\"Home\",\"item\":\"https:\\\/\\\/www.lraloeverashop.eu\\\/pt-pt\\\/\"},{\"@type\":\"ListItem\",\"position\":2,\"name\":\"Loja\",\"item\":\"https:\\\/\\\/www.lraloeverashop.eu\\\/pt-pt\\\/loja\\\/\"},{\"@type\":\"ListItem\",\"position\":3,\"name\":\"Sopa de Batata Doce Figu Active\"}]},{\"@type\":\"WebSite\",\"@id\":\"https:\\\/\\\/www.lraloeverashop.eu\\\/pt-pt\\\/#website\",\"url\":\"https:\\\/\\\/www.lraloeverashop.eu\\\/pt-pt\\\/\",\"name\":\"Lr Loja Aloe Vera\",\"description\":\"High Quality Lr Aloe Vera Gel, Aloe Vera Cream and Shampoo\",\"publisher\":{\"@id\":\"https:\\\/\\\/www.lraloeverashop.eu\\\/pt-pt\\\/#organization\"},\"potentialAction\":[{\"@type\":\"SearchAction\",\"target\":{\"@type\":\"EntryPoint\",\"urlTemplate\":\"https:\\\/\\\/www.lraloeverashop.eu\\\/pt-pt\\\/?s={search_term_string}\"},\"query-input\":{\"@type\":\"PropertyValueSpecification\",\"valueRequired\":true,\"valueName\":\"search_term_string\"}}],\"inLanguage\":\"pt-PT\"},{\"@type\":\"Organization\",\"@id\":\"https:\\\/\\\/www.lraloeverashop.eu\\\/pt-pt\\\/#organization\",\"name\":\"Lr Loja Aloe Vera\",\"alternateName\":\"LR\",\"url\":\"https:\\\/\\\/www.lraloeverashop.eu\\\/pt-pt\\\/\",\"logo\":{\"@type\":\"ImageObject\",\"inLanguage\":\"pt-PT\",\"@id\":\"https:\\\/\\\/www.lraloeverashop.eu\\\/pt-pt\\\/#\\\/schema\\\/logo\\\/image\\\/\",\"url\":\"https:\\\/\\\/www.lraloeverashop.eu\\\/wp-content\\\/uploads\\\/2022\\\/09\\\/cropped-Lr-Aloe-Vera-Shop.jpg\",\"contentUrl\":\"https:\\\/\\\/www.lraloeverashop.eu\\\/wp-content\\\/uploads\\\/2022\\\/09\\\/cropped-Lr-Aloe-Vera-Shop.jpg\",\"width\":228,\"height\":76,\"caption\":\"Lr Loja Aloe Vera\"},\"image\":{\"@id\":\"https:\\\/\\\/www.lraloeverashop.eu\\\/pt-pt\\\/#\\\/schema\\\/logo\\\/image\\\/\"},\"sameAs\":[\"https:\\\/\\\/www.facebook.com\\\/lraloeverashop.eu\",\"https:\\\/\\\/x.com\\\/natur__kosmetik\",\"https:\\\/\\\/www.youtube.com\\\/channel\\\/UC5oN7BJ8nfYb8RpVtjwDEBA\",\"https:\\\/\\\/www.instagram.com\\\/lrbeautyeu\\\/\"]}]}<\/script>\n<meta property=\"product:price:amount\" content=\"48.59\" \/>\n<meta property=\"product:price:currency\" content=\"EUR\" \/>\n<meta property=\"og:availability\" content=\"instock\" \/>\n<meta property=\"product:availability\" content=\"instock\" \/>\n<meta property=\"product:retailer_item_id\" content=\"81251-1PT\" \/>\n<meta property=\"product:condition\" content=\"new\" \/>\n<!-- \/ Yoast SEO Premium plugin. -->","yoast_head_json":{"title":"Sopa de Batata Doce para perda de peso e vida saud\u00e1vel","description":"Sopa de Batata Doce Figu Active \u00e9 um substituto de refei\u00e7\u00e3o cremoso e vegan. Rico em fibra, prote\u00edna vegan. Sem gl\u00faten, lactose e intensificadores de sabor","robots":{"index":"index","follow":"follow","max-snippet":"max-snippet:-1","max-image-preview":"max-image-preview:large","max-video-preview":"max-video-preview:-1"},"canonical":"https:\/\/www.lraloeverashop.eu\/pt-pt\/produto\/sopa-de-batata-doce\/","og_locale":"pt_PT","og_type":"article","og_title":"Sopa de Batata Doce Figu Active","og_description":"Sopa de Batata Doce Figu Active \u00e9 um substituto de refei\u00e7\u00e3o cremoso e vegan. Rico em fibra, prote\u00edna vegan. Sem gl\u00faten, lactose e intensificadores de sabor","og_url":"https:\/\/www.lraloeverashop.eu\/pt-pt\/produto\/sopa-de-batata-doce\/","og_site_name":"Lr Loja Aloe Vera","article_publisher":"https:\/\/www.facebook.com\/lraloeverashop.eu","article_modified_time":"2026-02-08T08:33:36+00:00","og_image":[{"width":1200,"height":1200,"url":"https:\/\/www.lraloeverashop.eu\/wp-content\/uploads\/2025\/01\/Sweet-Potato-Soup.jpg","type":"image\/jpeg"}],"twitter_card":"summary_large_image","twitter_site":"@natur__kosmetik","schema":{"@context":"https:\/\/schema.org","@graph":[{"@type":["WebPage","ItemPage"],"@id":"https:\/\/www.lraloeverashop.eu\/pt-pt\/produto\/sopa-de-batata-doce\/","url":"https:\/\/www.lraloeverashop.eu\/pt-pt\/produto\/sopa-de-batata-doce\/","name":"Sopa de Batata Doce para perda de peso e vida saud\u00e1vel","isPartOf":{"@id":"https:\/\/www.lraloeverashop.eu\/pt-pt\/#website"},"primaryImageOfPage":{"@id":"https:\/\/www.lraloeverashop.eu\/pt-pt\/produto\/sopa-de-batata-doce\/#primaryimage"},"image":{"@id":"https:\/\/www.lraloeverashop.eu\/pt-pt\/produto\/sopa-de-batata-doce\/#primaryimage"},"thumbnailUrl":"https:\/\/www.lraloeverashop.eu\/wp-content\/uploads\/2025\/01\/Sweet-Potato-Soup.jpg","datePublished":"2025-01-01T17:28:13+00:00","dateModified":"2026-02-08T08:33:36+00:00","description":"Sopa de Batata Doce Figu Active \u00e9 um substituto de refei\u00e7\u00e3o cremoso e vegan. Rico em fibra, prote\u00edna vegan. Sem gl\u00faten, lactose e intensificadores de sabor","breadcrumb":{"@id":"https:\/\/www.lraloeverashop.eu\/pt-pt\/produto\/sopa-de-batata-doce\/#breadcrumb"},"inLanguage":"pt-PT","potentialAction":[{"@type":"ReadAction","target":["https:\/\/www.lraloeverashop.eu\/pt-pt\/produto\/sopa-de-batata-doce\/"]}]},{"@type":"ImageObject","inLanguage":"pt-PT","@id":"https:\/\/www.lraloeverashop.eu\/pt-pt\/produto\/sopa-de-batata-doce\/#primaryimage","url":"https:\/\/www.lraloeverashop.eu\/wp-content\/uploads\/2025\/01\/Sweet-Potato-Soup.jpg","contentUrl":"https:\/\/www.lraloeverashop.eu\/wp-content\/uploads\/2025\/01\/Sweet-Potato-Soup.jpg","width":1200,"height":1200,"caption":"Sopa de batata doce como substituto de refei\u00e7\u00e3o"},{"@type":"BreadcrumbList","@id":"https:\/\/www.lraloeverashop.eu\/pt-pt\/produto\/sopa-de-batata-doce\/#breadcrumb","itemListElement":[{"@type":"ListItem","position":1,"name":"Home","item":"https:\/\/www.lraloeverashop.eu\/pt-pt\/"},{"@type":"ListItem","position":2,"name":"Loja","item":"https:\/\/www.lraloeverashop.eu\/pt-pt\/loja\/"},{"@type":"ListItem","position":3,"name":"Sopa de Batata Doce Figu Active"}]},{"@type":"WebSite","@id":"https:\/\/www.lraloeverashop.eu\/pt-pt\/#website","url":"https:\/\/www.lraloeverashop.eu\/pt-pt\/","name":"Lr Loja Aloe Vera","description":"High Quality Lr Aloe Vera Gel, Aloe Vera Cream and Shampoo","publisher":{"@id":"https:\/\/www.lraloeverashop.eu\/pt-pt\/#organization"},"potentialAction":[{"@type":"SearchAction","target":{"@type":"EntryPoint","urlTemplate":"https:\/\/www.lraloeverashop.eu\/pt-pt\/?s={search_term_string}"},"query-input":{"@type":"PropertyValueSpecification","valueRequired":true,"valueName":"search_term_string"}}],"inLanguage":"pt-PT"},{"@type":"Organization","@id":"https:\/\/www.lraloeverashop.eu\/pt-pt\/#organization","name":"Lr Loja Aloe Vera","alternateName":"LR","url":"https:\/\/www.lraloeverashop.eu\/pt-pt\/","logo":{"@type":"ImageObject","inLanguage":"pt-PT","@id":"https:\/\/www.lraloeverashop.eu\/pt-pt\/#\/schema\/logo\/image\/","url":"https:\/\/www.lraloeverashop.eu\/wp-content\/uploads\/2022\/09\/cropped-Lr-Aloe-Vera-Shop.jpg","contentUrl":"https:\/\/www.lraloeverashop.eu\/wp-content\/uploads\/2022\/09\/cropped-Lr-Aloe-Vera-Shop.jpg","width":228,"height":76,"caption":"Lr Loja Aloe Vera"},"image":{"@id":"https:\/\/www.lraloeverashop.eu\/pt-pt\/#\/schema\/logo\/image\/"},"sameAs":["https:\/\/www.facebook.com\/lraloeverashop.eu","https:\/\/x.com\/natur__kosmetik","https:\/\/www.youtube.com\/channel\/UC5oN7BJ8nfYb8RpVtjwDEBA","https:\/\/www.instagram.com\/lrbeautyeu\/"]}]},"product_price_amount":"48.59","product_price_currency":"EUR","og_availability":"instock","product_availability":"instock","product_retailer_item_id":"81251-1PT","product_condition":"new"},"taxonomy_info":{"product_cat":[{"value":306,"label":"Sopas"},{"value":336,"label":"Substituto de refei\u00e7\u00e3o"}],"product_tag":[{"value":613,"label":"Dieta"}]},"featured_image_src_large":["https:\/\/www.lraloeverashop.eu\/wp-content\/uploads\/2025\/01\/Sweet-Potato-Soup-1024x1024.jpg",1024,1024,true],"author_info":[],"comment_info":0,"_links":{"self":[{"href":"https:\/\/www.lraloeverashop.eu\/pt-pt\/wp-json\/wp\/v2\/product\/20388","targetHints":{"allow":["GET"]}}],"collection":[{"href":"https:\/\/www.lraloeverashop.eu\/pt-pt\/wp-json\/wp\/v2\/product"}],"about":[{"href":"https:\/\/www.lraloeverashop.eu\/pt-pt\/wp-json\/wp\/v2\/types\/product"}],"replies":[{"embeddable":true,"href":"https:\/\/www.lraloeverashop.eu\/pt-pt\/wp-json\/wp\/v2\/comments?post=20388"}],"wp:featuredmedia":[{"embeddable":true,"href":"https:\/\/www.lraloeverashop.eu\/pt-pt\/wp-json\/wp\/v2\/media\/20324"}],"wp:attachment":[{"href":"https:\/\/www.lraloeverashop.eu\/pt-pt\/wp-json\/wp\/v2\/media?parent=20388"}],"wp:term":[{"taxonomy":"product_brand","embeddable":true,"href":"https:\/\/www.lraloeverashop.eu\/pt-pt\/wp-json\/wp\/v2\/product_brand?post=20388"},{"taxonomy":"product_cat","embeddable":true,"href":"https:\/\/www.lraloeverashop.eu\/pt-pt\/wp-json\/wp\/v2\/product_cat?post=20388"},{"taxonomy":"product_tag","embeddable":true,"href":"https:\/\/www.lraloeverashop.eu\/pt-pt\/wp-json\/wp\/v2\/product_tag?post=20388"}],"curies":[{"name":"wp","href":"https:\/\/api.w.org\/{rel}","templated":true}]}}