{"id":18337,"date":"2024-11-04T18:29:02","date_gmt":"2024-11-04T17:29:02","guid":{"rendered":"https:\/\/www.lraloeverashop.eu\/product\/conjunto-de-cuidados-faciais-nanogold\/"},"modified":"2026-02-08T09:33:59","modified_gmt":"2026-02-08T08:33:59","slug":"conjunto-de-cuidados-faciais-nanogold","status":"publish","type":"product","link":"https:\/\/www.lraloeverashop.eu\/pt-pt\/produto\/conjunto-de-cuidados-faciais-nanogold\/","title":{"rendered":"Conjunto de cuidados faciais Nanogold"},"content":{"rendered":"<h2><span style=\"font-size: 16pt;\"><strong>Conjunto de cuidados faciais Nanogold<\/strong><\/span><\/h2>\n<p><span style=\"font-size: 14pt;\"><strong>Conjunto de cuidados faciais Nanogold para um Cuidado Facial de Alta Qualidade<\/strong><\/span><\/p>\n<p>O Creme de Dia Nanogold protege a pele e previne o envelhecimento prematuro. A textura luxuosa e sedosa do creme aumenta a elasticidade e a resist\u00eancia da pele e refor\u00e7a a sua barreira de hidrata\u00e7\u00e3o. \u00d3leo de caro\u00e7o de alperce, prote\u00ednas, glicoprote\u00ednas e polissacar\u00eddeos da soja estimulam as fun\u00e7\u00f5es regenerativas da pele e promovem a forma\u00e7\u00e3o de colag\u00e9nio, o que melhora a resist\u00eancia da pele.<\/p>\n<p>O Creme de Noite Nanogold \u00e9 um creme de alta qualidade que nutre e regenera a pele durante a noite. Gra\u00e7as ao extrato de Euglena Gracilis, da microalga, o rico creme de noite ajuda a suportar a regenera\u00e7\u00e3o natural da pele e melhora a sua estrutura, reduzindo visivelmente as rugas e linhas finas.<\/p>\n<p>O Creme &amp; M\u00e1scara de Olhos Nanogold, com part\u00edculas de ouro e seda, para pele at\u00e9 aos 40 anos, reduz visivelmente as rugas. As part\u00edculas de ouro, com base num potenciador de colag\u00e9nio, melhoram a elasticidade da pele. As prote\u00ednas da seda garantem uma sensa\u00e7\u00e3o de pele macia e protegem a pele dos fatores ambientais.<\/p>\n<p>A combina\u00e7\u00e3o de \u00f3leo de jojoba, \u00f3leo de oliva, manteiga de karit\u00e9 e vitamina E deixa a sua pele mais lisa, fresca e relaxada \u2013 como se tivesse dormido um pouco mais. Para uma pele regenerada e alisada, com uma tez fresca.<\/p>\n<h3><span style=\"font-size: 16pt;\"><strong>Conjunto Anti-Envelhecimento para Mulheres<\/strong><\/span><\/h3>\n<p>\u2026 a partir dos 30 anos<br \/>\n\u2026 que querem prevenir as primeiras rugas<br \/>\n\u2026 que pretendem proteger a pele do rosto contra o envelhecimento<br \/>\n\u2026 que valorizam cuidados de rosto de alta qualidade<\/p>\n<p>&nbsp;<\/p>\n<h4><strong><span style=\"font-size: 16pt;\">Modo de Utiliza\u00e7\u00e3o<\/span><\/strong><\/h4>\n<p>Aplique o Creme de Dia Anti-Envelhecimento Nanogold todas as manh\u00e3s ap\u00f3s a limpeza do rosto. De seguida, pode continuar com a maquilhagem.<br \/>\nO Creme de Noite Nanogold deve ser aplicado generosamente todas as noites no rosto limpo.<\/p>\n<p><span style=\"font-size: 14pt;\"><strong>Para uma efic\u00e1cia m\u00e1xima do Conjunto de cuidados faciais Nanogold, utilize-o em combina\u00e7\u00e3o com o Ferramenta de Alisamento Facial:<\/strong><\/span><\/p>\n<p><strong>PASSO 1:<\/strong> Limpe a pele do rosto com a Ferramenta de Limpeza Facial ou a Ferramenta de Esfolia\u00e7\u00e3o Facial.<\/p>\n<p><strong>PASSO 2:<\/strong> Aplique o seu Creme Nanogold e massaje-o com a Ferramenta de Alisamento Facial. Trate os lados esquerdo e direito do rosto e a testa durante 30 segundos cada. Preste aten\u00e7\u00e3o aos movimentos circulares de dentro para fora e de baixo para cima.<\/p>\n","protected":false},"excerpt":{"rendered":"<ul>\n<li><strong><span style=\"color: #ff0000;\">Edi\u00e7\u00e3o Limitada<\/span><\/strong><\/li>\n<li>Luxuoso Conjunto de Cuidados Anti-Envelhecimento para o Rosto<\/li>\n<li>Contra o envelhecimento prematuro da pele<\/li>\n<li>Cont\u00e9m 1 x creme de dia, 1 x creme de noite e 1 x creme de olhos<\/li>\n<li>Cuidados de alta qualidade com prote\u00ednas de ouro e seda<\/li>\n<li>Fabricado na Alemanha<\/li>\n<\/ul>\n<p><span style=\"color: #ff0000;\"><a style=\"color: #ff0000;\" href=\"https:\/\/shop.lrworld.com\/openpao?PHP=0vFlt7jT938BEnBI3a6e9w%3D%3D\"><span style=\"font-size: 14pt;\"><strong>Registe-se aqui e poupe 35% em todos os pedidos<\/strong><\/span><\/a><\/span><\/p>\n","protected":false},"featured_media":18293,"comment_status":"open","ping_status":"closed","template":"","meta":{"_kad_blocks_custom_css":"","_kad_blocks_head_custom_js":"","_kad_blocks_body_custom_js":"","_kad_blocks_footer_custom_js":"","_kadence_starter_templates_imported_post":false,"_kad_post_transparent":"default","_kad_post_title":"","_kad_post_layout":"default","_kad_post_sidebar_id":"","_kad_post_content_style":"default","_kad_post_vertical_padding":"default","_kad_post_feature":"","_kad_post_feature_position":"","_kad_post_header":false,"_kad_post_footer":false,"_kad_post_classname":""},"product_brand":[],"product_cat":[269,287,371],"product_tag":[704,705],"class_list":{"0":"post-18337","1":"product","2":"type-product","3":"status-publish","4":"has-post-thumbnail","6":"product_cat-cuidado-anti-idade","7":"product_cat-mulheres-ate-40","8":"product_cat-nano-gold-pt-pt","9":"product_tag-para-rugas-no-rosto","10":"product_tag-para-rugas-sob-os-olhos","12":"first","13":"instock","14":"taxable","15":"shipping-taxable","16":"purchasable","17":"product-type-simple","18":"entry","19":"content-bg","20":"loop-entry"},"yoast_head":"<!-- This site is optimized with the Yoast SEO Premium plugin v27.4 (Yoast SEO v27.4) - https:\/\/yoast.com\/product\/yoast-seo-premium-wordpress\/ -->\n<title>Conjunto de cuidados faciais Nanogold para um cuidado facial de alta qualidade<\/title>\n<meta name=\"description\" content=\"Experimente cuidados de rosto de alta qualidade com o Conjunto de cuidados faciais Nanogold. Proteja a sua pele, estimule a regenera\u00e7\u00e3o e reduza as rugas. Compre j\u00e1 o seu!\" \/>\n<meta name=\"robots\" content=\"index, follow, max-snippet:-1, max-image-preview:large, max-video-preview:-1\" \/>\n<link rel=\"canonical\" href=\"https:\/\/www.lraloeverashop.eu\/pt-pt\/produto\/conjunto-de-cuidados-faciais-nanogold\/\" \/>\n<meta property=\"og:locale\" content=\"pt_PT\" \/>\n<meta property=\"og:type\" content=\"article\" \/>\n<meta property=\"og:title\" content=\"Conjunto de cuidados faciais Nanogold\" \/>\n<meta property=\"og:description\" content=\"Experimente cuidados de rosto de alta qualidade com o Conjunto de cuidados faciais Nanogold. Proteja a sua pele, estimule a regenera\u00e7\u00e3o e reduza as rugas. Compre j\u00e1 o seu!\" \/>\n<meta property=\"og:url\" content=\"https:\/\/www.lraloeverashop.eu\/pt-pt\/produto\/conjunto-de-cuidados-faciais-nanogold\/\" \/>\n<meta property=\"og:site_name\" content=\"Lr Loja Aloe Vera\" \/>\n<meta property=\"article:publisher\" content=\"https:\/\/www.facebook.com\/lraloeverashop.eu\" \/>\n<meta property=\"article:modified_time\" content=\"2026-02-08T08:33:59+00:00\" \/>\n<meta property=\"og:image\" content=\"https:\/\/www.lraloeverashop.eu\/wp-content\/uploads\/2024\/11\/Nano-Gold-Face-Care.jpg\" \/>\n\t<meta property=\"og:image:width\" content=\"1200\" \/>\n\t<meta property=\"og:image:height\" content=\"1200\" \/>\n\t<meta property=\"og:image:type\" content=\"image\/jpeg\" \/>\n<meta name=\"twitter:card\" content=\"summary_large_image\" \/>\n<meta name=\"twitter:site\" content=\"@natur__kosmetik\" \/>\n<script type=\"application\/ld+json\" class=\"yoast-schema-graph\">{\"@context\":\"https:\\\/\\\/schema.org\",\"@graph\":[{\"@type\":[\"WebPage\",\"ItemPage\"],\"@id\":\"https:\\\/\\\/www.lraloeverashop.eu\\\/pt-pt\\\/produto\\\/conjunto-de-cuidados-faciais-nanogold\\\/\",\"url\":\"https:\\\/\\\/www.lraloeverashop.eu\\\/pt-pt\\\/produto\\\/conjunto-de-cuidados-faciais-nanogold\\\/\",\"name\":\"Conjunto de cuidados faciais Nanogold para um cuidado facial de alta qualidade\",\"isPartOf\":{\"@id\":\"https:\\\/\\\/www.lraloeverashop.eu\\\/pt-pt\\\/#website\"},\"primaryImageOfPage\":{\"@id\":\"https:\\\/\\\/www.lraloeverashop.eu\\\/pt-pt\\\/produto\\\/conjunto-de-cuidados-faciais-nanogold\\\/#primaryimage\"},\"image\":{\"@id\":\"https:\\\/\\\/www.lraloeverashop.eu\\\/pt-pt\\\/produto\\\/conjunto-de-cuidados-faciais-nanogold\\\/#primaryimage\"},\"thumbnailUrl\":\"https:\\\/\\\/www.lraloeverashop.eu\\\/wp-content\\\/uploads\\\/2024\\\/11\\\/Nano-Gold-Face-Care.jpg\",\"datePublished\":\"2024-11-04T17:29:02+00:00\",\"dateModified\":\"2026-02-08T08:33:59+00:00\",\"description\":\"Experimente cuidados de rosto de alta qualidade com o Conjunto de cuidados faciais Nanogold. Proteja a sua pele, estimule a regenera\u00e7\u00e3o e reduza as rugas. Compre j\u00e1 o seu!\",\"breadcrumb\":{\"@id\":\"https:\\\/\\\/www.lraloeverashop.eu\\\/pt-pt\\\/produto\\\/conjunto-de-cuidados-faciais-nanogold\\\/#breadcrumb\"},\"inLanguage\":\"pt-PT\",\"potentialAction\":[{\"@type\":\"ReadAction\",\"target\":[\"https:\\\/\\\/www.lraloeverashop.eu\\\/pt-pt\\\/produto\\\/conjunto-de-cuidados-faciais-nanogold\\\/\"]}]},{\"@type\":\"ImageObject\",\"inLanguage\":\"pt-PT\",\"@id\":\"https:\\\/\\\/www.lraloeverashop.eu\\\/pt-pt\\\/produto\\\/conjunto-de-cuidados-faciais-nanogold\\\/#primaryimage\",\"url\":\"https:\\\/\\\/www.lraloeverashop.eu\\\/wp-content\\\/uploads\\\/2024\\\/11\\\/Nano-Gold-Face-Care.jpg\",\"contentUrl\":\"https:\\\/\\\/www.lraloeverashop.eu\\\/wp-content\\\/uploads\\\/2024\\\/11\\\/Nano-Gold-Face-Care.jpg\",\"width\":1200,\"height\":1200,\"caption\":\"Cuidados Faciais Nano Gold\"},{\"@type\":\"BreadcrumbList\",\"@id\":\"https:\\\/\\\/www.lraloeverashop.eu\\\/pt-pt\\\/produto\\\/conjunto-de-cuidados-faciais-nanogold\\\/#breadcrumb\",\"itemListElement\":[{\"@type\":\"ListItem\",\"position\":1,\"name\":\"Home\",\"item\":\"https:\\\/\\\/www.lraloeverashop.eu\\\/pt-pt\\\/\"},{\"@type\":\"ListItem\",\"position\":2,\"name\":\"Loja\",\"item\":\"https:\\\/\\\/www.lraloeverashop.eu\\\/pt-pt\\\/loja\\\/\"},{\"@type\":\"ListItem\",\"position\":3,\"name\":\"Conjunto de cuidados faciais Nanogold\"}]},{\"@type\":\"WebSite\",\"@id\":\"https:\\\/\\\/www.lraloeverashop.eu\\\/pt-pt\\\/#website\",\"url\":\"https:\\\/\\\/www.lraloeverashop.eu\\\/pt-pt\\\/\",\"name\":\"Lr Loja Aloe Vera\",\"description\":\"High Quality Lr Aloe Vera Gel, Aloe Vera Cream and Shampoo\",\"publisher\":{\"@id\":\"https:\\\/\\\/www.lraloeverashop.eu\\\/pt-pt\\\/#organization\"},\"potentialAction\":[{\"@type\":\"SearchAction\",\"target\":{\"@type\":\"EntryPoint\",\"urlTemplate\":\"https:\\\/\\\/www.lraloeverashop.eu\\\/pt-pt\\\/?s={search_term_string}\"},\"query-input\":{\"@type\":\"PropertyValueSpecification\",\"valueRequired\":true,\"valueName\":\"search_term_string\"}}],\"inLanguage\":\"pt-PT\"},{\"@type\":\"Organization\",\"@id\":\"https:\\\/\\\/www.lraloeverashop.eu\\\/pt-pt\\\/#organization\",\"name\":\"Loja Lr Aloe Vera\",\"alternateName\":\"LR\",\"url\":\"https:\\\/\\\/www.lraloeverashop.eu\\\/pt-pt\\\/\",\"logo\":{\"@type\":\"ImageObject\",\"inLanguage\":\"pt-PT\",\"@id\":\"https:\\\/\\\/www.lraloeverashop.eu\\\/pt-pt\\\/#\\\/schema\\\/logo\\\/image\\\/\",\"url\":\"https:\\\/\\\/www.lraloeverashop.eu\\\/wp-content\\\/uploads\\\/2022\\\/09\\\/cropped-Lr-Aloe-Vera-Shop.jpg\",\"contentUrl\":\"https:\\\/\\\/www.lraloeverashop.eu\\\/wp-content\\\/uploads\\\/2022\\\/09\\\/cropped-Lr-Aloe-Vera-Shop.jpg\",\"width\":228,\"height\":76,\"caption\":\"Loja Lr Aloe Vera\"},\"image\":{\"@id\":\"https:\\\/\\\/www.lraloeverashop.eu\\\/pt-pt\\\/#\\\/schema\\\/logo\\\/image\\\/\"},\"sameAs\":[\"https:\\\/\\\/www.facebook.com\\\/lraloeverashop.eu\",\"https:\\\/\\\/x.com\\\/natur__kosmetik\",\"https:\\\/\\\/www.youtube.com\\\/channel\\\/UC5oN7BJ8nfYb8RpVtjwDEBA\",\"https:\\\/\\\/www.instagram.com\\\/lrbeautyeu\\\/\"],\"description\":\"Loja Lr Aloe Vera \u00e9 o seu destino de confian\u00e7a para os produtos de sa\u00fade e beleza premium da LR, fabricados na Alemanha. Oferecemos solu\u00e7\u00f5es de alta qualidade para o cuidado da pele, nutri\u00e7\u00e3o e antienvelhecimento \u00e0 base de Alo\u00e9 Vera, elaboradas com ingredientes puros e apoiadas em investiga\u00e7\u00e3o cient\u00edfica. Descubra o cuidado natural que regenera, protege e revitaliza a sua pele \u2014 e aproveite as ofertas mensais exclusivas nos nossos produtos LR Alo\u00e9 Vera mais vendidos.\\nComece hoje mesmo a sua jornada de cuidados naturais com a pele e sinta a diferen\u00e7a.\",\"email\":\"info@lraloeverashop.eu\",\"telephone\":\"+49 17670609653\",\"legalName\":\"Lr Aloe Vera Shop\",\"foundingDate\":\"2018-04-21\",\"numberOfEmployees\":{\"@type\":\"QuantitativeValue\",\"minValue\":\"1\",\"maxValue\":\"10\"}}]}<\/script>\n<meta property=\"product:price:amount\" content=\"129.99\" \/>\n<meta property=\"product:price:currency\" content=\"EUR\" \/>\n<meta property=\"og:availability\" content=\"instock\" \/>\n<meta property=\"product:availability\" content=\"instock\" \/>\n<meta property=\"product:retailer_item_id\" content=\"28195-1PT\" \/>\n<meta property=\"product:condition\" content=\"new\" \/>\n<!-- \/ Yoast SEO Premium plugin. -->","yoast_head_json":{"title":"Conjunto de cuidados faciais Nanogold para um cuidado facial de alta qualidade","description":"Experimente cuidados de rosto de alta qualidade com o Conjunto de cuidados faciais Nanogold. Proteja a sua pele, estimule a regenera\u00e7\u00e3o e reduza as rugas. Compre j\u00e1 o seu!","robots":{"index":"index","follow":"follow","max-snippet":"max-snippet:-1","max-image-preview":"max-image-preview:large","max-video-preview":"max-video-preview:-1"},"canonical":"https:\/\/www.lraloeverashop.eu\/pt-pt\/produto\/conjunto-de-cuidados-faciais-nanogold\/","og_locale":"pt_PT","og_type":"article","og_title":"Conjunto de cuidados faciais Nanogold","og_description":"Experimente cuidados de rosto de alta qualidade com o Conjunto de cuidados faciais Nanogold. Proteja a sua pele, estimule a regenera\u00e7\u00e3o e reduza as rugas. Compre j\u00e1 o seu!","og_url":"https:\/\/www.lraloeverashop.eu\/pt-pt\/produto\/conjunto-de-cuidados-faciais-nanogold\/","og_site_name":"Lr Loja Aloe Vera","article_publisher":"https:\/\/www.facebook.com\/lraloeverashop.eu","article_modified_time":"2026-02-08T08:33:59+00:00","og_image":[{"width":1200,"height":1200,"url":"https:\/\/www.lraloeverashop.eu\/wp-content\/uploads\/2024\/11\/Nano-Gold-Face-Care.jpg","type":"image\/jpeg"}],"twitter_card":"summary_large_image","twitter_site":"@natur__kosmetik","schema":{"@context":"https:\/\/schema.org","@graph":[{"@type":["WebPage","ItemPage"],"@id":"https:\/\/www.lraloeverashop.eu\/pt-pt\/produto\/conjunto-de-cuidados-faciais-nanogold\/","url":"https:\/\/www.lraloeverashop.eu\/pt-pt\/produto\/conjunto-de-cuidados-faciais-nanogold\/","name":"Conjunto de cuidados faciais Nanogold para um cuidado facial de alta qualidade","isPartOf":{"@id":"https:\/\/www.lraloeverashop.eu\/pt-pt\/#website"},"primaryImageOfPage":{"@id":"https:\/\/www.lraloeverashop.eu\/pt-pt\/produto\/conjunto-de-cuidados-faciais-nanogold\/#primaryimage"},"image":{"@id":"https:\/\/www.lraloeverashop.eu\/pt-pt\/produto\/conjunto-de-cuidados-faciais-nanogold\/#primaryimage"},"thumbnailUrl":"https:\/\/www.lraloeverashop.eu\/wp-content\/uploads\/2024\/11\/Nano-Gold-Face-Care.jpg","datePublished":"2024-11-04T17:29:02+00:00","dateModified":"2026-02-08T08:33:59+00:00","description":"Experimente cuidados de rosto de alta qualidade com o Conjunto de cuidados faciais Nanogold. Proteja a sua pele, estimule a regenera\u00e7\u00e3o e reduza as rugas. Compre j\u00e1 o seu!","breadcrumb":{"@id":"https:\/\/www.lraloeverashop.eu\/pt-pt\/produto\/conjunto-de-cuidados-faciais-nanogold\/#breadcrumb"},"inLanguage":"pt-PT","potentialAction":[{"@type":"ReadAction","target":["https:\/\/www.lraloeverashop.eu\/pt-pt\/produto\/conjunto-de-cuidados-faciais-nanogold\/"]}]},{"@type":"ImageObject","inLanguage":"pt-PT","@id":"https:\/\/www.lraloeverashop.eu\/pt-pt\/produto\/conjunto-de-cuidados-faciais-nanogold\/#primaryimage","url":"https:\/\/www.lraloeverashop.eu\/wp-content\/uploads\/2024\/11\/Nano-Gold-Face-Care.jpg","contentUrl":"https:\/\/www.lraloeverashop.eu\/wp-content\/uploads\/2024\/11\/Nano-Gold-Face-Care.jpg","width":1200,"height":1200,"caption":"Cuidados Faciais Nano Gold"},{"@type":"BreadcrumbList","@id":"https:\/\/www.lraloeverashop.eu\/pt-pt\/produto\/conjunto-de-cuidados-faciais-nanogold\/#breadcrumb","itemListElement":[{"@type":"ListItem","position":1,"name":"Home","item":"https:\/\/www.lraloeverashop.eu\/pt-pt\/"},{"@type":"ListItem","position":2,"name":"Loja","item":"https:\/\/www.lraloeverashop.eu\/pt-pt\/loja\/"},{"@type":"ListItem","position":3,"name":"Conjunto de cuidados faciais Nanogold"}]},{"@type":"WebSite","@id":"https:\/\/www.lraloeverashop.eu\/pt-pt\/#website","url":"https:\/\/www.lraloeverashop.eu\/pt-pt\/","name":"Lr Loja Aloe Vera","description":"High Quality Lr Aloe Vera Gel, Aloe Vera Cream and Shampoo","publisher":{"@id":"https:\/\/www.lraloeverashop.eu\/pt-pt\/#organization"},"potentialAction":[{"@type":"SearchAction","target":{"@type":"EntryPoint","urlTemplate":"https:\/\/www.lraloeverashop.eu\/pt-pt\/?s={search_term_string}"},"query-input":{"@type":"PropertyValueSpecification","valueRequired":true,"valueName":"search_term_string"}}],"inLanguage":"pt-PT"},{"@type":"Organization","@id":"https:\/\/www.lraloeverashop.eu\/pt-pt\/#organization","name":"Loja Lr Aloe Vera","alternateName":"LR","url":"https:\/\/www.lraloeverashop.eu\/pt-pt\/","logo":{"@type":"ImageObject","inLanguage":"pt-PT","@id":"https:\/\/www.lraloeverashop.eu\/pt-pt\/#\/schema\/logo\/image\/","url":"https:\/\/www.lraloeverashop.eu\/wp-content\/uploads\/2022\/09\/cropped-Lr-Aloe-Vera-Shop.jpg","contentUrl":"https:\/\/www.lraloeverashop.eu\/wp-content\/uploads\/2022\/09\/cropped-Lr-Aloe-Vera-Shop.jpg","width":228,"height":76,"caption":"Loja Lr Aloe Vera"},"image":{"@id":"https:\/\/www.lraloeverashop.eu\/pt-pt\/#\/schema\/logo\/image\/"},"sameAs":["https:\/\/www.facebook.com\/lraloeverashop.eu","https:\/\/x.com\/natur__kosmetik","https:\/\/www.youtube.com\/channel\/UC5oN7BJ8nfYb8RpVtjwDEBA","https:\/\/www.instagram.com\/lrbeautyeu\/"],"description":"Loja Lr Aloe Vera \u00e9 o seu destino de confian\u00e7a para os produtos de sa\u00fade e beleza premium da LR, fabricados na Alemanha. Oferecemos solu\u00e7\u00f5es de alta qualidade para o cuidado da pele, nutri\u00e7\u00e3o e antienvelhecimento \u00e0 base de Alo\u00e9 Vera, elaboradas com ingredientes puros e apoiadas em investiga\u00e7\u00e3o cient\u00edfica. Descubra o cuidado natural que regenera, protege e revitaliza a sua pele \u2014 e aproveite as ofertas mensais exclusivas nos nossos produtos LR Alo\u00e9 Vera mais vendidos.\nComece hoje mesmo a sua jornada de cuidados naturais com a pele e sinta a diferen\u00e7a.","email":"info@lraloeverashop.eu","telephone":"+49 17670609653","legalName":"Lr Aloe Vera Shop","foundingDate":"2018-04-21","numberOfEmployees":{"@type":"QuantitativeValue","minValue":"1","maxValue":"10"}}]},"product_price_amount":"129.99","product_price_currency":"EUR","og_availability":"instock","product_availability":"instock","product_retailer_item_id":"28195-1PT","product_condition":"new"},"taxonomy_info":{"product_cat":[{"value":269,"label":"Cuidado Anti-idade"},{"value":287,"label":"Mulheres at\u00e9 40"},{"value":371,"label":"Nano Gold"}],"product_tag":[{"value":704,"label":"para rugas no rosto"},{"value":705,"label":"para rugas sob os olhos"}]},"featured_image_src_large":["https:\/\/www.lraloeverashop.eu\/wp-content\/uploads\/2024\/11\/Nano-Gold-Face-Care-1024x1024.jpg",1024,1024,true],"author_info":[],"comment_info":0,"_links":{"self":[{"href":"https:\/\/www.lraloeverashop.eu\/pt-pt\/wp-json\/wp\/v2\/product\/18337","targetHints":{"allow":["GET"]}}],"collection":[{"href":"https:\/\/www.lraloeverashop.eu\/pt-pt\/wp-json\/wp\/v2\/product"}],"about":[{"href":"https:\/\/www.lraloeverashop.eu\/pt-pt\/wp-json\/wp\/v2\/types\/product"}],"replies":[{"embeddable":true,"href":"https:\/\/www.lraloeverashop.eu\/pt-pt\/wp-json\/wp\/v2\/comments?post=18337"}],"wp:featuredmedia":[{"embeddable":true,"href":"https:\/\/www.lraloeverashop.eu\/pt-pt\/wp-json\/wp\/v2\/media\/18293"}],"wp:attachment":[{"href":"https:\/\/www.lraloeverashop.eu\/pt-pt\/wp-json\/wp\/v2\/media?parent=18337"}],"wp:term":[{"taxonomy":"product_brand","embeddable":true,"href":"https:\/\/www.lraloeverashop.eu\/pt-pt\/wp-json\/wp\/v2\/product_brand?post=18337"},{"taxonomy":"product_cat","embeddable":true,"href":"https:\/\/www.lraloeverashop.eu\/pt-pt\/wp-json\/wp\/v2\/product_cat?post=18337"},{"taxonomy":"product_tag","embeddable":true,"href":"https:\/\/www.lraloeverashop.eu\/pt-pt\/wp-json\/wp\/v2\/product_tag?post=18337"}],"curies":[{"name":"wp","href":"https:\/\/api.w.org\/{rel}","templated":true}]}}