{"id":15756,"date":"2024-06-16T12:17:12","date_gmt":"2024-06-16T10:17:12","guid":{"rendered":"https:\/\/www.lraloeverashop.eu\/product\/serum-facial-zeitgard-niacinamida\/"},"modified":"2026-02-08T09:37:01","modified_gmt":"2026-02-08T08:37:01","slug":"serum-facial-zeitgard-niacinamida","status":"publish","type":"product","link":"https:\/\/www.lraloeverashop.eu\/pt-pt\/produto\/serum-facial-zeitgard-niacinamida\/","title":{"rendered":"S\u00e9rum Facial Zeitgard Niacinamida"},"content":{"rendered":"<h2><span style=\"font-size: 16pt;\"><strong>S\u00e9rum facial Zeitgard Niacinamida<\/strong><\/span><\/h2>\n<p><span style=\"font-size: 14pt;\"><strong>S\u00e9rum Facial Zeitgard Niacinamida Minimiza Poros e Aumenta a Elasticidade<\/strong><\/span><\/p>\n<p>Experimente o poder transformador do S\u00e9rum Facial Zeitgard Niacinamida, especialmente formulado para refinar a textura da sua pele e minimizar os poros. Infundido com uma potente concentra\u00e7\u00e3o de 10% de niacinamida, este s\u00e9rum estimula a produ\u00e7\u00e3o de ceramidas e lip\u00eddios, regulando o sebo e dando \u00e0 sua pele um brilho saud\u00e1vel e radiante. Diga adeus \u00e0 pele p\u00e1lida e sem vida e ol\u00e1 a uma <a href=\"https:\/\/www.lraloeverashop.eu\/pt-pt\/produto\/serum-facial-skin-balance\/\">tez equilibrada<\/a> e uniforme que irradia confian\u00e7a.<\/p>\n<ul>\n<li><strong>Equilibra a Hiperpigmenta\u00e7\u00e3o:<\/strong> A niacinamida ajuda a equilibrar a hiperpigmenta\u00e7\u00e3o, uniformizando texturas de pele \u00e1speras e rugosas.<\/li>\n<li><strong>Regula a Produ\u00e7\u00e3o de \u00d3leo:<\/strong> Perfeito para pele oleosa, este s\u00e9rum matifica e controla o excesso de sebo.<\/li>\n<li><strong>Aumenta a Elasticidade:<\/strong> Melhora a elasticidade da pele e ativa a renova\u00e7\u00e3o celular para um aspecto jovem e firme.<\/li>\n<\/ul>\n<p>&nbsp;<\/p>\n<h3><span style=\"font-size: 16pt;\"><strong>Perfeita Simbiose de Niacinamida e Extrato de Arnica Mexicana<\/strong><\/span><\/h3>\n<p>Alcance uma pele mais firme e suave com a poderosa combina\u00e7\u00e3o de niacinamida e extrato de arnica mexicana. Este duo din\u00e2mico do S\u00e9rum Facial Zeitgard Niacinamida garante visivelmente <a href=\"https:\/\/www.lraloeverashop.eu\/pt-pt\/produto\/set-cuidado-da-pele-zeitgard-pro\/\">menos rugas<\/a> e significativamente menos irrita\u00e7\u00e3o na pele, tornando-o ideal para todos os tipos de pele, especialmente aquelas com poros vis\u00edveis e <a href=\"https:\/\/www.lraloeverashop.eu\/pt-pt\/produto\/aperfeicoador-de-pele-instantaneo-serox\/\">texturas irregulares<\/a>.<\/p>\n<ul>\n<li><strong>Reduz Rugas:<\/strong> O uso regular diminui a apar\u00eancia de linhas finas e rugas.<\/li>\n<li><strong>Acalma a Irrita\u00e7\u00e3o:<\/strong> O extrato de arnica mexicana acalma e suaviza a pele, reduzindo a vermelhid\u00e3o e irrita\u00e7\u00e3o.<\/li>\n<li><strong>Promove a Regenera\u00e7\u00e3o da Pele:<\/strong> Acelera a regenera\u00e7\u00e3o celular para uma tez mais fresca e jovem.<\/li>\n<\/ul>\n<p>&nbsp;<\/p>\n<h3><span style=\"font-size: 16pt;\"><strong>Integre o S\u00e9rum facial Zeitgard Niacinamida Facilmente na Sua Rotina de Cuidados com a Pele<\/strong><\/span><\/h3>\n<p>Seja voc\u00ea um novato em cuidados com a pele ou um profissional experiente, integrar o S\u00e9rum Facial Zeitgard Niacinamida na sua rotina \u00e9 simples e eficaz. Comece com 1-2 gotas para uma introdu\u00e7\u00e3o suave e aumente gradualmente para 3-4 gotas para benef\u00edcios avan\u00e7ados de cuidados com a pele. Para melhores resultados, aplique na pele limpa antes dos seus produtos de cuidados diurnos ou noturnos.<\/p>\n<p>&nbsp;<\/p>\n<h3><span style=\"font-size: 16pt;\"><strong>Como Usar<\/strong><\/span><\/h3>\n<p>Recomendamos integrar lentamente o extremamente eficaz S\u00e9rum Facial Zeitgard Niacinamida na sua rotina de cuidados faciais para que sua pele possa se acostumar gradualmente ao ingrediente ativo. Por qu\u00ea? O s\u00e9rum de niacinamida cont\u00e9m uma alta concentra\u00e7\u00e3o de 10%, que \u00e9, claro, inofensiva para a pele. No entanto, cada pele reage de maneira diferente a altas concentra\u00e7\u00f5es, por isso \u00e9 aconselh\u00e1vel introduzir o ingrediente ativo lentamente.<\/p>\n<ul>\n<li><strong>Iniciantes:<\/strong> Comece com 1-2 gotas uma vez ao dia.<\/li>\n<li><strong>Usu\u00e1rios Avan\u00e7ados:<\/strong> Use 3-4 gotas de manh\u00e3 e\/ou \u00e0 noite.<\/li>\n<\/ul>\n<p>&nbsp;<\/p>\n<p><strong>Dica Pro:<\/strong> Siga com Lr Zeitgard Beauty Diamonds, Nanogold, ou cuidados Platinum, conforme suas necessidades de pele relacionadas \u00e0 idade para resultados aprimorados.<\/p>\n","protected":false},"excerpt":{"rendered":"<ul>\n<li>Refina a textura da pele e os poros<\/li>\n<li>Estimula a produ\u00e7\u00e3o de ceramidas, lip\u00eddios e regula a produ\u00e7\u00e3o de sebo<\/li>\n<li>D\u00e1 \u00e0 pele facial p\u00e1lida um brilho saud\u00e1vel<\/li>\n<li>Suaviza a pele \u00e1spera e rugosa<\/li>\n<li>Matifica a pele oleosa<\/li>\n<li>Aumenta a elasticidade da pele<\/li>\n<li>Conte\u00fado: 30 ml<\/li>\n<\/ul>\n<p><span style=\"color: #ff0000;\"><a style=\"color: #ff0000;\" href=\"https:\/\/shop.lrworld.com\/openpao?PHP=0vFlt7jT938BEnBI3a6e9w%3D%3D\"><span style=\"font-size: 14pt;\"><strong>Registe-se aqui e poupe 35% em todos os pedidos<\/strong><\/span><\/a><\/span><\/p>\n","protected":false},"featured_media":15741,"comment_status":"open","ping_status":"closed","template":"","meta":{"_kad_blocks_custom_css":"","_kad_blocks_head_custom_js":"","_kad_blocks_body_custom_js":"","_kad_blocks_footer_custom_js":"","_kadence_starter_templates_imported_post":false,"_kad_post_transparent":"default","_kad_post_title":"","_kad_post_layout":"default","_kad_post_sidebar_id":"","_kad_post_content_style":"default","_kad_post_vertical_padding":"default","_kad_post_feature":"","_kad_post_feature_position":"","_kad_post_header":false,"_kad_post_footer":false,"_kad_post_classname":""},"product_brand":[],"product_cat":[269,275,281,287,330,395],"product_tag":[704],"class_list":{"0":"post-15756","1":"product","2":"type-product","3":"status-publish","4":"has-post-thumbnail","6":"product_cat-cuidado-anti-idade","7":"product_cat-homens-a-partir-de-25-anos","8":"product_cat-mulheres-acima-de-40","9":"product_cat-mulheres-ate-40","10":"product_cat-produtos-anti-idade","11":"product_cat-zeitgard-pt-pt","12":"product_tag-para-rugas-no-rosto","14":"first","15":"instock","16":"taxable","17":"shipping-taxable","18":"purchasable","19":"product-type-simple","20":"entry","21":"content-bg","22":"loop-entry"},"yoast_head":"<!-- This site is optimized with the Yoast SEO Premium plugin v27.4 (Yoast SEO v27.4) - https:\/\/yoast.com\/product\/yoast-seo-premium-wordpress\/ -->\n<title>S\u00e9rum Facial Zeitgard Niacinamida para pele perfeita e brilhante<\/title>\n<meta name=\"description\" content=\"Experimente um brilho saud\u00e1vel e radiante com o nosso S\u00e9rum facial Zeitgard Niacinamida. Minimize os poros, reduz rugas, acalma irrita\u00e7\u00f5es e regenera\" \/>\n<meta name=\"robots\" content=\"index, follow, max-snippet:-1, max-image-preview:large, max-video-preview:-1\" \/>\n<link rel=\"canonical\" href=\"https:\/\/www.lraloeverashop.eu\/pt-pt\/produto\/serum-facial-zeitgard-niacinamida\/\" \/>\n<meta property=\"og:locale\" content=\"pt_PT\" \/>\n<meta property=\"og:type\" content=\"article\" \/>\n<meta property=\"og:title\" content=\"S\u00e9rum Facial Zeitgard Niacinamida\" \/>\n<meta property=\"og:description\" content=\"Experimente um brilho saud\u00e1vel e radiante com o nosso S\u00e9rum facial Zeitgard Niacinamida. Minimize os poros, reduz rugas, acalma irrita\u00e7\u00f5es e regenera\" \/>\n<meta property=\"og:url\" content=\"https:\/\/www.lraloeverashop.eu\/pt-pt\/produto\/serum-facial-zeitgard-niacinamida\/\" \/>\n<meta property=\"og:site_name\" content=\"Lr Loja Aloe Vera\" \/>\n<meta property=\"article:publisher\" content=\"https:\/\/www.facebook.com\/lraloeverashop.eu\" \/>\n<meta property=\"article:modified_time\" content=\"2026-02-08T08:37:01+00:00\" \/>\n<meta property=\"og:image\" content=\"https:\/\/www.lraloeverashop.eu\/wp-content\/uploads\/2024\/06\/Zeitgard-Niacinamide-Face-Serum.jpg\" \/>\n\t<meta property=\"og:image:width\" content=\"1200\" \/>\n\t<meta property=\"og:image:height\" content=\"1200\" \/>\n\t<meta property=\"og:image:type\" content=\"image\/jpeg\" \/>\n<meta name=\"twitter:card\" content=\"summary_large_image\" \/>\n<meta name=\"twitter:site\" content=\"@natur__kosmetik\" \/>\n<script type=\"application\/ld+json\" class=\"yoast-schema-graph\">{\"@context\":\"https:\\\/\\\/schema.org\",\"@graph\":[{\"@type\":[\"WebPage\",\"ItemPage\"],\"@id\":\"https:\\\/\\\/www.lraloeverashop.eu\\\/pt-pt\\\/produto\\\/serum-facial-zeitgard-niacinamida\\\/\",\"url\":\"https:\\\/\\\/www.lraloeverashop.eu\\\/pt-pt\\\/produto\\\/serum-facial-zeitgard-niacinamida\\\/\",\"name\":\"S\u00e9rum Facial Zeitgard Niacinamida para pele perfeita e brilhante\",\"isPartOf\":{\"@id\":\"https:\\\/\\\/www.lraloeverashop.eu\\\/pt-pt\\\/#website\"},\"primaryImageOfPage\":{\"@id\":\"https:\\\/\\\/www.lraloeverashop.eu\\\/pt-pt\\\/produto\\\/serum-facial-zeitgard-niacinamida\\\/#primaryimage\"},\"image\":{\"@id\":\"https:\\\/\\\/www.lraloeverashop.eu\\\/pt-pt\\\/produto\\\/serum-facial-zeitgard-niacinamida\\\/#primaryimage\"},\"thumbnailUrl\":\"https:\\\/\\\/www.lraloeverashop.eu\\\/wp-content\\\/uploads\\\/2024\\\/06\\\/Zeitgard-Niacinamide-Face-Serum.jpg\",\"datePublished\":\"2024-06-16T10:17:12+00:00\",\"dateModified\":\"2026-02-08T08:37:01+00:00\",\"description\":\"Experimente um brilho saud\u00e1vel e radiante com o nosso S\u00e9rum facial Zeitgard Niacinamida. Minimize os poros, reduz rugas, acalma irrita\u00e7\u00f5es e regenera\",\"breadcrumb\":{\"@id\":\"https:\\\/\\\/www.lraloeverashop.eu\\\/pt-pt\\\/produto\\\/serum-facial-zeitgard-niacinamida\\\/#breadcrumb\"},\"inLanguage\":\"pt-PT\",\"potentialAction\":[{\"@type\":\"ReadAction\",\"target\":[\"https:\\\/\\\/www.lraloeverashop.eu\\\/pt-pt\\\/produto\\\/serum-facial-zeitgard-niacinamida\\\/\"]}]},{\"@type\":\"ImageObject\",\"inLanguage\":\"pt-PT\",\"@id\":\"https:\\\/\\\/www.lraloeverashop.eu\\\/pt-pt\\\/produto\\\/serum-facial-zeitgard-niacinamida\\\/#primaryimage\",\"url\":\"https:\\\/\\\/www.lraloeverashop.eu\\\/wp-content\\\/uploads\\\/2024\\\/06\\\/Zeitgard-Niacinamide-Face-Serum.jpg\",\"contentUrl\":\"https:\\\/\\\/www.lraloeverashop.eu\\\/wp-content\\\/uploads\\\/2024\\\/06\\\/Zeitgard-Niacinamide-Face-Serum.jpg\",\"width\":1200,\"height\":1200,\"caption\":\"S\u00e9rum facial Zeitgard Niacinamida minimiza os poros e aumenta a elasticidade\"},{\"@type\":\"BreadcrumbList\",\"@id\":\"https:\\\/\\\/www.lraloeverashop.eu\\\/pt-pt\\\/produto\\\/serum-facial-zeitgard-niacinamida\\\/#breadcrumb\",\"itemListElement\":[{\"@type\":\"ListItem\",\"position\":1,\"name\":\"Home\",\"item\":\"https:\\\/\\\/www.lraloeverashop.eu\\\/pt-pt\\\/\"},{\"@type\":\"ListItem\",\"position\":2,\"name\":\"Loja\",\"item\":\"https:\\\/\\\/www.lraloeverashop.eu\\\/pt-pt\\\/loja\\\/\"},{\"@type\":\"ListItem\",\"position\":3,\"name\":\"S\u00e9rum Facial Zeitgard Niacinamida\"}]},{\"@type\":\"WebSite\",\"@id\":\"https:\\\/\\\/www.lraloeverashop.eu\\\/pt-pt\\\/#website\",\"url\":\"https:\\\/\\\/www.lraloeverashop.eu\\\/pt-pt\\\/\",\"name\":\"Lr Loja Aloe Vera\",\"description\":\"High Quality Lr Aloe Vera Gel, Aloe Vera Cream and Shampoo\",\"publisher\":{\"@id\":\"https:\\\/\\\/www.lraloeverashop.eu\\\/pt-pt\\\/#organization\"},\"potentialAction\":[{\"@type\":\"SearchAction\",\"target\":{\"@type\":\"EntryPoint\",\"urlTemplate\":\"https:\\\/\\\/www.lraloeverashop.eu\\\/pt-pt\\\/?s={search_term_string}\"},\"query-input\":{\"@type\":\"PropertyValueSpecification\",\"valueRequired\":true,\"valueName\":\"search_term_string\"}}],\"inLanguage\":\"pt-PT\"},{\"@type\":\"Organization\",\"@id\":\"https:\\\/\\\/www.lraloeverashop.eu\\\/pt-pt\\\/#organization\",\"name\":\"Loja Lr Aloe Vera\",\"alternateName\":\"LR\",\"url\":\"https:\\\/\\\/www.lraloeverashop.eu\\\/pt-pt\\\/\",\"logo\":{\"@type\":\"ImageObject\",\"inLanguage\":\"pt-PT\",\"@id\":\"https:\\\/\\\/www.lraloeverashop.eu\\\/pt-pt\\\/#\\\/schema\\\/logo\\\/image\\\/\",\"url\":\"https:\\\/\\\/www.lraloeverashop.eu\\\/wp-content\\\/uploads\\\/2022\\\/09\\\/cropped-Lr-Aloe-Vera-Shop.jpg\",\"contentUrl\":\"https:\\\/\\\/www.lraloeverashop.eu\\\/wp-content\\\/uploads\\\/2022\\\/09\\\/cropped-Lr-Aloe-Vera-Shop.jpg\",\"width\":228,\"height\":76,\"caption\":\"Loja Lr Aloe Vera\"},\"image\":{\"@id\":\"https:\\\/\\\/www.lraloeverashop.eu\\\/pt-pt\\\/#\\\/schema\\\/logo\\\/image\\\/\"},\"sameAs\":[\"https:\\\/\\\/www.facebook.com\\\/lraloeverashop.eu\",\"https:\\\/\\\/x.com\\\/natur__kosmetik\",\"https:\\\/\\\/www.youtube.com\\\/channel\\\/UC5oN7BJ8nfYb8RpVtjwDEBA\",\"https:\\\/\\\/www.instagram.com\\\/lrbeautyeu\\\/\"],\"description\":\"Loja Lr Aloe Vera \u00e9 o seu destino de confian\u00e7a para os produtos de sa\u00fade e beleza premium da LR, fabricados na Alemanha. Oferecemos solu\u00e7\u00f5es de alta qualidade para o cuidado da pele, nutri\u00e7\u00e3o e antienvelhecimento \u00e0 base de Alo\u00e9 Vera, elaboradas com ingredientes puros e apoiadas em investiga\u00e7\u00e3o cient\u00edfica. Descubra o cuidado natural que regenera, protege e revitaliza a sua pele \u2014 e aproveite as ofertas mensais exclusivas nos nossos produtos LR Alo\u00e9 Vera mais vendidos.\\nComece hoje mesmo a sua jornada de cuidados naturais com a pele e sinta a diferen\u00e7a.\",\"email\":\"info@lraloeverashop.eu\",\"telephone\":\"+49 17670609653\",\"legalName\":\"Lr Aloe Vera Shop\",\"foundingDate\":\"2018-04-21\",\"numberOfEmployees\":{\"@type\":\"QuantitativeValue\",\"minValue\":\"1\",\"maxValue\":\"10\"}}]}<\/script>\n<meta property=\"product:price:amount\" content=\"48.59\" \/>\n<meta property=\"product:price:currency\" content=\"EUR\" \/>\n<meta property=\"og:availability\" content=\"instock\" \/>\n<meta property=\"product:availability\" content=\"instock\" \/>\n<meta property=\"product:retailer_item_id\" content=\"28280-1PT\" \/>\n<meta property=\"product:condition\" content=\"new\" \/>\n<!-- \/ Yoast SEO Premium plugin. -->","yoast_head_json":{"title":"S\u00e9rum Facial Zeitgard Niacinamida para pele perfeita e brilhante","description":"Experimente um brilho saud\u00e1vel e radiante com o nosso S\u00e9rum facial Zeitgard Niacinamida. Minimize os poros, reduz rugas, acalma irrita\u00e7\u00f5es e regenera","robots":{"index":"index","follow":"follow","max-snippet":"max-snippet:-1","max-image-preview":"max-image-preview:large","max-video-preview":"max-video-preview:-1"},"canonical":"https:\/\/www.lraloeverashop.eu\/pt-pt\/produto\/serum-facial-zeitgard-niacinamida\/","og_locale":"pt_PT","og_type":"article","og_title":"S\u00e9rum Facial Zeitgard Niacinamida","og_description":"Experimente um brilho saud\u00e1vel e radiante com o nosso S\u00e9rum facial Zeitgard Niacinamida. Minimize os poros, reduz rugas, acalma irrita\u00e7\u00f5es e regenera","og_url":"https:\/\/www.lraloeverashop.eu\/pt-pt\/produto\/serum-facial-zeitgard-niacinamida\/","og_site_name":"Lr Loja Aloe Vera","article_publisher":"https:\/\/www.facebook.com\/lraloeverashop.eu","article_modified_time":"2026-02-08T08:37:01+00:00","og_image":[{"width":1200,"height":1200,"url":"https:\/\/www.lraloeverashop.eu\/wp-content\/uploads\/2024\/06\/Zeitgard-Niacinamide-Face-Serum.jpg","type":"image\/jpeg"}],"twitter_card":"summary_large_image","twitter_site":"@natur__kosmetik","schema":{"@context":"https:\/\/schema.org","@graph":[{"@type":["WebPage","ItemPage"],"@id":"https:\/\/www.lraloeverashop.eu\/pt-pt\/produto\/serum-facial-zeitgard-niacinamida\/","url":"https:\/\/www.lraloeverashop.eu\/pt-pt\/produto\/serum-facial-zeitgard-niacinamida\/","name":"S\u00e9rum Facial Zeitgard Niacinamida para pele perfeita e brilhante","isPartOf":{"@id":"https:\/\/www.lraloeverashop.eu\/pt-pt\/#website"},"primaryImageOfPage":{"@id":"https:\/\/www.lraloeverashop.eu\/pt-pt\/produto\/serum-facial-zeitgard-niacinamida\/#primaryimage"},"image":{"@id":"https:\/\/www.lraloeverashop.eu\/pt-pt\/produto\/serum-facial-zeitgard-niacinamida\/#primaryimage"},"thumbnailUrl":"https:\/\/www.lraloeverashop.eu\/wp-content\/uploads\/2024\/06\/Zeitgard-Niacinamide-Face-Serum.jpg","datePublished":"2024-06-16T10:17:12+00:00","dateModified":"2026-02-08T08:37:01+00:00","description":"Experimente um brilho saud\u00e1vel e radiante com o nosso S\u00e9rum facial Zeitgard Niacinamida. Minimize os poros, reduz rugas, acalma irrita\u00e7\u00f5es e regenera","breadcrumb":{"@id":"https:\/\/www.lraloeverashop.eu\/pt-pt\/produto\/serum-facial-zeitgard-niacinamida\/#breadcrumb"},"inLanguage":"pt-PT","potentialAction":[{"@type":"ReadAction","target":["https:\/\/www.lraloeverashop.eu\/pt-pt\/produto\/serum-facial-zeitgard-niacinamida\/"]}]},{"@type":"ImageObject","inLanguage":"pt-PT","@id":"https:\/\/www.lraloeverashop.eu\/pt-pt\/produto\/serum-facial-zeitgard-niacinamida\/#primaryimage","url":"https:\/\/www.lraloeverashop.eu\/wp-content\/uploads\/2024\/06\/Zeitgard-Niacinamide-Face-Serum.jpg","contentUrl":"https:\/\/www.lraloeverashop.eu\/wp-content\/uploads\/2024\/06\/Zeitgard-Niacinamide-Face-Serum.jpg","width":1200,"height":1200,"caption":"S\u00e9rum facial Zeitgard Niacinamida minimiza os poros e aumenta a elasticidade"},{"@type":"BreadcrumbList","@id":"https:\/\/www.lraloeverashop.eu\/pt-pt\/produto\/serum-facial-zeitgard-niacinamida\/#breadcrumb","itemListElement":[{"@type":"ListItem","position":1,"name":"Home","item":"https:\/\/www.lraloeverashop.eu\/pt-pt\/"},{"@type":"ListItem","position":2,"name":"Loja","item":"https:\/\/www.lraloeverashop.eu\/pt-pt\/loja\/"},{"@type":"ListItem","position":3,"name":"S\u00e9rum Facial Zeitgard Niacinamida"}]},{"@type":"WebSite","@id":"https:\/\/www.lraloeverashop.eu\/pt-pt\/#website","url":"https:\/\/www.lraloeverashop.eu\/pt-pt\/","name":"Lr Loja Aloe Vera","description":"High Quality Lr Aloe Vera Gel, Aloe Vera Cream and Shampoo","publisher":{"@id":"https:\/\/www.lraloeverashop.eu\/pt-pt\/#organization"},"potentialAction":[{"@type":"SearchAction","target":{"@type":"EntryPoint","urlTemplate":"https:\/\/www.lraloeverashop.eu\/pt-pt\/?s={search_term_string}"},"query-input":{"@type":"PropertyValueSpecification","valueRequired":true,"valueName":"search_term_string"}}],"inLanguage":"pt-PT"},{"@type":"Organization","@id":"https:\/\/www.lraloeverashop.eu\/pt-pt\/#organization","name":"Loja Lr Aloe Vera","alternateName":"LR","url":"https:\/\/www.lraloeverashop.eu\/pt-pt\/","logo":{"@type":"ImageObject","inLanguage":"pt-PT","@id":"https:\/\/www.lraloeverashop.eu\/pt-pt\/#\/schema\/logo\/image\/","url":"https:\/\/www.lraloeverashop.eu\/wp-content\/uploads\/2022\/09\/cropped-Lr-Aloe-Vera-Shop.jpg","contentUrl":"https:\/\/www.lraloeverashop.eu\/wp-content\/uploads\/2022\/09\/cropped-Lr-Aloe-Vera-Shop.jpg","width":228,"height":76,"caption":"Loja Lr Aloe Vera"},"image":{"@id":"https:\/\/www.lraloeverashop.eu\/pt-pt\/#\/schema\/logo\/image\/"},"sameAs":["https:\/\/www.facebook.com\/lraloeverashop.eu","https:\/\/x.com\/natur__kosmetik","https:\/\/www.youtube.com\/channel\/UC5oN7BJ8nfYb8RpVtjwDEBA","https:\/\/www.instagram.com\/lrbeautyeu\/"],"description":"Loja Lr Aloe Vera \u00e9 o seu destino de confian\u00e7a para os produtos de sa\u00fade e beleza premium da LR, fabricados na Alemanha. Oferecemos solu\u00e7\u00f5es de alta qualidade para o cuidado da pele, nutri\u00e7\u00e3o e antienvelhecimento \u00e0 base de Alo\u00e9 Vera, elaboradas com ingredientes puros e apoiadas em investiga\u00e7\u00e3o cient\u00edfica. Descubra o cuidado natural que regenera, protege e revitaliza a sua pele \u2014 e aproveite as ofertas mensais exclusivas nos nossos produtos LR Alo\u00e9 Vera mais vendidos.\nComece hoje mesmo a sua jornada de cuidados naturais com a pele e sinta a diferen\u00e7a.","email":"info@lraloeverashop.eu","telephone":"+49 17670609653","legalName":"Lr Aloe Vera Shop","foundingDate":"2018-04-21","numberOfEmployees":{"@type":"QuantitativeValue","minValue":"1","maxValue":"10"}}]},"product_price_amount":"48.59","product_price_currency":"EUR","og_availability":"instock","product_availability":"instock","product_retailer_item_id":"28280-1PT","product_condition":"new"},"taxonomy_info":{"product_cat":[{"value":269,"label":"Cuidado Anti-idade"},{"value":275,"label":"Homens a partir de 25 anos"},{"value":281,"label":"Mulheres acima de 40"},{"value":287,"label":"Mulheres at\u00e9 40"},{"value":330,"label":"Produtos anti-idade"},{"value":395,"label":"Zeitgard"}],"product_tag":[{"value":704,"label":"para rugas no rosto"}]},"featured_image_src_large":["https:\/\/www.lraloeverashop.eu\/wp-content\/uploads\/2024\/06\/Zeitgard-Niacinamide-Face-Serum-1024x1024.jpg",1024,1024,true],"author_info":[],"comment_info":0,"_links":{"self":[{"href":"https:\/\/www.lraloeverashop.eu\/pt-pt\/wp-json\/wp\/v2\/product\/15756","targetHints":{"allow":["GET"]}}],"collection":[{"href":"https:\/\/www.lraloeverashop.eu\/pt-pt\/wp-json\/wp\/v2\/product"}],"about":[{"href":"https:\/\/www.lraloeverashop.eu\/pt-pt\/wp-json\/wp\/v2\/types\/product"}],"replies":[{"embeddable":true,"href":"https:\/\/www.lraloeverashop.eu\/pt-pt\/wp-json\/wp\/v2\/comments?post=15756"}],"wp:featuredmedia":[{"embeddable":true,"href":"https:\/\/www.lraloeverashop.eu\/pt-pt\/wp-json\/wp\/v2\/media\/15741"}],"wp:attachment":[{"href":"https:\/\/www.lraloeverashop.eu\/pt-pt\/wp-json\/wp\/v2\/media?parent=15756"}],"wp:term":[{"taxonomy":"product_brand","embeddable":true,"href":"https:\/\/www.lraloeverashop.eu\/pt-pt\/wp-json\/wp\/v2\/product_brand?post=15756"},{"taxonomy":"product_cat","embeddable":true,"href":"https:\/\/www.lraloeverashop.eu\/pt-pt\/wp-json\/wp\/v2\/product_cat?post=15756"},{"taxonomy":"product_tag","embeddable":true,"href":"https:\/\/www.lraloeverashop.eu\/pt-pt\/wp-json\/wp\/v2\/product_tag?post=15756"}],"curies":[{"name":"wp","href":"https:\/\/api.w.org\/{rel}","templated":true}]}}