{"id":15352,"date":"2024-05-25T14:36:04","date_gmt":"2024-05-25T12:36:04","guid":{"rendered":"https:\/\/www.lraloeverashop.eu\/?post_type=product&#038;p=15352"},"modified":"2026-02-08T09:37:51","modified_gmt":"2026-02-08T08:37:51","slug":"lr-liver-support-capsulas","status":"publish","type":"product","link":"https:\/\/www.lraloeverashop.eu\/pt-pt\/produto\/lr-liver-support-capsulas\/","title":{"rendered":"Lr Liver Support Capsulas"},"content":{"rendered":"<h2><strong><span style=\"font-size: 16pt; color: #000000;\">Lr Liver Support Capsulas<\/span><\/strong><\/h2>\n<p><span style=\"font-size: 14pt;\"><strong>Lr Liver Support Capsulas apoiam os pr\u00f3prios processos do corpo<\/strong><\/span><\/p>\n<p>Revitalize o seu f\u00edgado com Lr Liver Support Capsulas da <a href=\"https:\/\/lrworld.com\/join-me\">Lr Health &amp; Beauty<\/a>. Formuladas com ingredientes premium, estas c\u00e1psulas s\u00e3o projetadas para promover a fun\u00e7\u00e3o hep\u00e1tica saud\u00e1vel, auxiliando na desintoxica\u00e7\u00e3o e no bem-estar geral. O <a href=\"https:\/\/www.lraloeverashop.eu\/pt-pt\/produto\/liver-support-capsulas\/\">Lr Lifetakt Liver Capsulas<\/a> apoia os pr\u00f3prios processos do corpo\u00b9\u00b2 com uma combina\u00e7\u00e3o tripla \u00fanica:<\/p>\n<p><strong>1. Abastecimento e Metabolismo\u00b9:<\/strong><br \/>\nApoiar o f\u00edgado na sua fun\u00e7\u00e3o de regula\u00e7\u00e3o de nutrientes\u00b9 &#8211; isto inclui, por exemplo, B. o metabolismo de nutrientes como hidratos de carbono, prote\u00ednas e gorduras e o armazenamento de vitaminas (como A, D, B12) e <a href=\"https:\/\/www.lraloeverashop.eu\/pt-pt\/produto\/pro-balance-set-3-pecas\/\">minerais<\/a> (como ferro, cobre, zinco e sel\u00eanio).<\/p>\n<p><strong>2. Desintoxica\u00e7\u00e3o\u00b9<\/strong><br \/>\nApoiar o f\u00edgado na elimina\u00e7\u00e3o\u00b9, decomposi\u00e7\u00e3o, concentra\u00e7\u00e3o e excre\u00e7\u00e3o de subst\u00e2ncias nocivas, nomeadamente apoiando a s\u00edntese de ciste\u00edna\u00b3\u2074 nos processos de desintoxica\u00e7\u00e3o do f\u00edgado\u00b9.<\/p>\n<p><strong>3. Prote\u00e7\u00e3o<\/strong><br \/>\nO mineral mangan\u00eas protege as c\u00e9lulas do <a href=\"https:\/\/www.lraloeverashop.eu\/pt-pt\/produto\/lr-mind-master-berbida-gold\/\">estresse oxidativo<\/a> por meio de processos metab\u00f3licos e desintoxica\u00e7\u00e3o\u00b2. Ao apoiar a s\u00edntese de ciste\u00edna\u00b3\u2074, o f\u00edgado fica protegido (gra\u00e7as \u00e0 forma\u00e7\u00e3o dos antioxidantes glutationa e taurina\u00b3).<\/p>\n<p>Lr Liver Support Capsulas cont\u00e9m, entre outras coisas, artem\u00edsia, cardo leiteiro e chlorella. Cada planta ou ingrediente tem suas vantagens especiais e, quando combinados, podem desenvolver efeitos sin\u00e9rgicos ideais. Os ingredientes do tratamento do metabolismo intestinal LR funcionam de forma mais eficaz em equipe e promovem um equil\u00edbrio saud\u00e1vel no corpo.<\/p>\n<p>&nbsp;<\/p>\n<h3><strong><span style=\"font-size: 16pt; color: #000000;\">Como utilizar<\/span><\/strong><\/h3>\n<p>Dosagem recomendada: Tome uma capsula de Lr Liver Support Capsulas uma vez ao dia &#8211; de prefer\u00eancia \u00e0 noite &#8211; juntamente com um copo de l\u00edquido. O uso consistente a longo prazo \u00e9 a chave para atingir seu objetivo.<\/p>\n<p>A dose di\u00e1ria recomendada n\u00e3o deve ser excedida. Os suplementos diet\u00e9ticos n\u00e3o substituem uma alimenta\u00e7\u00e3o variada e equilibrada, o que \u00e9 importante juntamente com um estilo de vida saud\u00e1vel. Armazene o produto fora do alcance de crian\u00e7as pequenas<\/p>\n<p>Armazenar bem fechado, seco e em temperatura ambiente. Feche bem novamente ap\u00f3s abrir.<\/p>\n<p>&nbsp;<\/p>\n<h4><strong><span style=\"font-size: 16pt; color: #000000;\">Voc\u00ea sabia?<\/span><\/strong><\/h4>\n<p>Cada planta ou ingrediente tem as suas vantagens especiais, alguns at\u00e9 s\u00e3o verdadeiros especialistas. Em intera\u00e7\u00e3o, no entanto, podem desenvolver-se efeitos sin\u00e9rgicos particularmente eficazes que apoiam a manuten\u00e7\u00e3o natural da sa\u00fade. Os ingredientes do tratamento do metabolismo intestinal Lr Liver Support Capsulas funcionam de forma mais eficaz em conjunto e promovem o equil\u00edbrio do corpo.<\/p>\n<p>&nbsp;<\/p>\n<p><strong>CARDO MARIANO<\/strong><br \/>\n<strong>Prote\u00e7\u00e3o do f\u00edgado:<\/strong> O cardo mariano \u00e9 mais conhecido por seu efeito positivo na sa\u00fade do f\u00edgado\u00b9. Acredita-se que a silimarina, principal ingrediente do cardo leiteiro, pode apoiar a regenera\u00e7\u00e3o das c\u00e9lulas do f\u00edgado.<\/p>\n<p><strong>Desintoxica\u00e7\u00e3o do f\u00edgado:<\/strong> O cardo mariano tamb\u00e9m pode promover a fun\u00e7\u00e3o de desintoxica\u00e7\u00e3o\u00b9 do f\u00edgado, aumentando a atividade das enzimas envolvidas na degrada\u00e7\u00e3o de toxinas e poluentes.<br \/>\nApoio: Tomar cardo leiteiro ou silimarina \u00e9 frequentemente usado como suplemento para apoiar a fun\u00e7\u00e3o hep\u00e1tica.<\/p>\n<p>&nbsp;<\/p>\n<p><strong>ARTEM\u00cdSIA<\/strong><br \/>\nArtemisia absinthium, comumente conhecida como absinto, tem diversas aplica\u00e7\u00f5es devido \u00e0s suas vers\u00e1teis propriedades e benef\u00edcios.<\/p>\n<p><strong>Suporte digestivo:<\/strong> A artem\u00edsia tem sido tradicionalmente usada para promover a digest\u00e3o. Acredita-se que a Artem\u00edsia pode estimular a produ\u00e7\u00e3o de sucos digestivos e, portanto, ser \u00fatil para <a href=\"https:\/\/www.lraloeverashop.eu\/pt-pt\/produto\/probioticos-intestinal-pro-12-plus\/\">problemas gastrointestinais<\/a>, como gases e distens\u00e3o abdominal.<\/p>\n<p><strong>Efeito antioxidante:<\/strong> Artem\u00edsia cont\u00e9m naturalmente antioxidantes\u00b2, como polifen\u00f3is, flavon\u00f3ides e terpenos. Os antioxidantes s\u00e3o conhecidos por ajudar a proteger as c\u00e9lulas do estresse oxidativo e dos danos dos radicais livres.<\/p>\n<p>&nbsp;<\/p>\n<p><strong>CISTE\u00cdNA<\/strong><br \/>\nA ciste\u00edna nas Lr Liver Support Capsulas \u00e9 um amino\u00e1cido essencial que desempenha um papel em muitas fun\u00e7\u00f5es vitais. A defici\u00eancia de ciste\u00edna ou de seus precursores pode afetar negativamente v\u00e1rios aspectos do metabolismo do corpo e prejudicar as fun\u00e7\u00f5es do f\u00edgado e de outros \u00f3rg\u00e3os. Portanto, a capacidade do f\u00edgado de sintetizar ciste\u00edna \u00e9 importante para manter o metabolismo saud\u00e1vel e a fun\u00e7\u00e3o de <a href=\"https:\/\/www.lraloeverashop.eu\/pt-pt\/produto\/aloe-vera-gel-bebivel-acai\/\">desintoxica\u00e7\u00e3o adequada<\/a>.<\/p>\n<p>&nbsp;<\/p>\n<p><strong>CLORELA<\/strong><br \/>\nA Clorela \u00e9 uma alga de \u00e1gua doce valorizada como suplemento diet\u00e9tico por suas propriedades nutricionais e potenciais benef\u00edcios \u00e0 sa\u00fade.<\/p>\n<p><strong>Propriedades antioxidantes:<\/strong> A Clorela nas Lr Liver Support Capsulas cont\u00e9m antioxidantes naturais, como vitamina C, vitamina E e caroten\u00f3ides. Os antioxidantes protegem o corpo do estresse oxidativo e podem ajudar a minimizar os danos celulares causados \u200b\u200bpelos radicais livres.<\/p>\n<p><strong>Rica em nutrientes:<\/strong> A Clorela \u00e9 rica em v\u00e1rios nutrientes, incluindo prote\u00ednas, <a href=\"https:\/\/www.lraloeverashop.eu\/pt-pt\/produto\/vita-active-frutos-vermelhos\/\">vitaminas<\/a> (como vitaminas B, vitamina C e vitamina K), minerais (como ferro, magn\u00e9sio e zinco), fibras e fitoqu\u00edmicos. Esta composi\u00e7\u00e3o nutricional faz da chlorella um suplemento potencialmente nutritivo para apoiar a sa\u00fade.<\/p>\n<p>D\u00ea o primeiro passo para uma vida mais saud\u00e1vel. Encomende hoje as Lr Liver Support Capsulas e comece a sua jornada para melhorar a sa\u00fade do f\u00edgado!<\/p>\n<p>&nbsp;<\/p>\n<p>1. A colina contribui para manter a fun\u00e7\u00e3o hep\u00e1tica normal.<br \/>\n2. O mangan\u00eas ajuda a proteger as c\u00e9lulas do estresse oxidativo.<br \/>\n3. A vitamina B6 contribui para a s\u00edntese normal de ciste\u00edna.<br \/>\n4. O molibd\u00eanio contribui para o metabolismo normal do enxofre e dos amino\u00e1cidos.<\/p>\n","protected":false},"excerpt":{"rendered":"<ul>\n<li>Desintoxica\u00e7\u00e3o: apoiando o f\u00edgado na elimina\u00e7\u00e3o\u00b9<\/li>\n<li>O mangan\u00eas protege as c\u00e9lulas do estresse oxidativo\u00b2<\/li>\n<li>A vitamina B6 contribui para a s\u00edntese do importante amino\u00e1cido ciste\u00edna<\/li>\n<li>Cont\u00e9m artem\u00edsia, cardo leiteiro, chlorella, colina, mangan\u00eas, molibd\u00eanio e vitamina B6<\/li>\n<li>Conte\u00fado: 3 x 30 c\u00e1psulas<\/li>\n<\/ul>\n<p><span style=\"color: #ff0000;\"><a style=\"color: #ff0000;\" href=\"https:\/\/shop.lrworld.com\/openpao?PHP=0vFlt7jT938BEnBI3a6e9w%3D%3D\"><span style=\"font-size: 14pt;\"><strong>Registe-se aqui e poupe 35% em todos os pedidos<\/strong><\/span><\/a><\/span><\/p>\n","protected":false},"featured_media":15007,"comment_status":"open","ping_status":"closed","template":"","meta":{"_kad_blocks_custom_css":"","_kad_blocks_head_custom_js":"","_kad_blocks_body_custom_js":"","_kad_blocks_footer_custom_js":"","_kadence_starter_templates_imported_post":false,"_kad_post_transparent":"default","_kad_post_title":"","_kad_post_layout":"default","_kad_post_sidebar_id":"","_kad_post_content_style":"default","_kad_post_vertical_padding":"default","_kad_post_feature":"","_kad_post_feature_position":"","_kad_post_header":false,"_kad_post_footer":false,"_kad_post_classname":""},"product_brand":[],"product_cat":[460,467,437,449],"product_tag":[673],"class_list":{"0":"post-15352","1":"product","2":"type-product","3":"status-publish","4":"has-post-thumbnail","6":"product_cat-economize-em-conjuntos","7":"product_cat-lr-especialistas","8":"product_cat-intestino-e-digestao","9":"product_cat-relaxamento","10":"product_tag-reforco-imunologico","12":"first","13":"instock","14":"taxable","15":"shipping-taxable","16":"purchasable","17":"product-type-simple","18":"entry","19":"content-bg","20":"loop-entry"},"yoast_head":"<!-- This site is optimized with the Yoast SEO Premium plugin v27.4 (Yoast SEO v27.4) - https:\/\/yoast.com\/product\/yoast-seo-premium-wordpress\/ -->\n<title>Lr Liver Support Capsulas apoiam os pr\u00f3prios processos do corpo<\/title>\n<meta name=\"description\" content=\"Lr Liver Support Capsulas apoia o f\u00edgado na elimina\u00e7\u00e3o de subst\u00e2ncias indesejadas: decomposi\u00e7\u00e3o, concentra\u00e7\u00e3o e excre\u00e7\u00e3o. Contra o estresse oxidativo\" \/>\n<meta name=\"robots\" content=\"index, follow, max-snippet:-1, max-image-preview:large, max-video-preview:-1\" \/>\n<link rel=\"canonical\" href=\"https:\/\/www.lraloeverashop.eu\/pt-pt\/produto\/lr-liver-support-capsulas\/\" \/>\n<meta property=\"og:locale\" content=\"pt_PT\" \/>\n<meta property=\"og:type\" content=\"article\" \/>\n<meta property=\"og:title\" content=\"Lr Liver Support Capsulas\" \/>\n<meta property=\"og:description\" content=\"Lr Liver Support Capsulas apoia o f\u00edgado na elimina\u00e7\u00e3o de subst\u00e2ncias indesejadas: decomposi\u00e7\u00e3o, concentra\u00e7\u00e3o e excre\u00e7\u00e3o. Contra o estresse oxidativo\" \/>\n<meta property=\"og:url\" content=\"https:\/\/www.lraloeverashop.eu\/pt-pt\/produto\/lr-liver-support-capsulas\/\" \/>\n<meta property=\"og:site_name\" content=\"Lr Loja Aloe Vera\" \/>\n<meta property=\"article:publisher\" content=\"https:\/\/www.facebook.com\/lraloeverashop.eu\" \/>\n<meta property=\"article:modified_time\" content=\"2026-02-08T08:37:51+00:00\" \/>\n<meta property=\"og:image\" content=\"https:\/\/www.lraloeverashop.eu\/wp-content\/uploads\/2024\/05\/Lr-Liver-Support-Capsules.jpg\" \/>\n\t<meta property=\"og:image:width\" content=\"1200\" \/>\n\t<meta property=\"og:image:height\" content=\"1200\" \/>\n\t<meta property=\"og:image:type\" content=\"image\/jpeg\" \/>\n<meta name=\"twitter:card\" content=\"summary_large_image\" \/>\n<meta name=\"twitter:site\" content=\"@natur__kosmetik\" \/>\n<script type=\"application\/ld+json\" class=\"yoast-schema-graph\">{\"@context\":\"https:\\\/\\\/schema.org\",\"@graph\":[{\"@type\":[\"WebPage\",\"ItemPage\"],\"@id\":\"https:\\\/\\\/www.lraloeverashop.eu\\\/pt-pt\\\/produto\\\/lr-liver-support-capsulas\\\/\",\"url\":\"https:\\\/\\\/www.lraloeverashop.eu\\\/pt-pt\\\/produto\\\/lr-liver-support-capsulas\\\/\",\"name\":\"Lr Liver Support Capsulas apoiam os pr\u00f3prios processos do corpo\",\"isPartOf\":{\"@id\":\"https:\\\/\\\/www.lraloeverashop.eu\\\/pt-pt\\\/#website\"},\"primaryImageOfPage\":{\"@id\":\"https:\\\/\\\/www.lraloeverashop.eu\\\/pt-pt\\\/produto\\\/lr-liver-support-capsulas\\\/#primaryimage\"},\"image\":{\"@id\":\"https:\\\/\\\/www.lraloeverashop.eu\\\/pt-pt\\\/produto\\\/lr-liver-support-capsulas\\\/#primaryimage\"},\"thumbnailUrl\":\"https:\\\/\\\/www.lraloeverashop.eu\\\/wp-content\\\/uploads\\\/2024\\\/05\\\/Lr-Liver-Support-Capsules.jpg\",\"datePublished\":\"2024-05-25T12:36:04+00:00\",\"dateModified\":\"2026-02-08T08:37:51+00:00\",\"description\":\"Lr Liver Support Capsulas apoia o f\u00edgado na elimina\u00e7\u00e3o de subst\u00e2ncias indesejadas: decomposi\u00e7\u00e3o, concentra\u00e7\u00e3o e excre\u00e7\u00e3o. Contra o estresse oxidativo\",\"breadcrumb\":{\"@id\":\"https:\\\/\\\/www.lraloeverashop.eu\\\/pt-pt\\\/produto\\\/lr-liver-support-capsulas\\\/#breadcrumb\"},\"inLanguage\":\"pt-PT\",\"potentialAction\":[{\"@type\":\"ReadAction\",\"target\":[\"https:\\\/\\\/www.lraloeverashop.eu\\\/pt-pt\\\/produto\\\/lr-liver-support-capsulas\\\/\"]}]},{\"@type\":\"ImageObject\",\"inLanguage\":\"pt-PT\",\"@id\":\"https:\\\/\\\/www.lraloeverashop.eu\\\/pt-pt\\\/produto\\\/lr-liver-support-capsulas\\\/#primaryimage\",\"url\":\"https:\\\/\\\/www.lraloeverashop.eu\\\/wp-content\\\/uploads\\\/2024\\\/05\\\/Lr-Liver-Support-Capsules.jpg\",\"contentUrl\":\"https:\\\/\\\/www.lraloeverashop.eu\\\/wp-content\\\/uploads\\\/2024\\\/05\\\/Lr-Liver-Support-Capsules.jpg\",\"width\":1200,\"height\":1200,\"caption\":\"Lr Liver Support Comprimidos apoiam os pr\u00f3prios processos do corpo\"},{\"@type\":\"BreadcrumbList\",\"@id\":\"https:\\\/\\\/www.lraloeverashop.eu\\\/pt-pt\\\/produto\\\/lr-liver-support-capsulas\\\/#breadcrumb\",\"itemListElement\":[{\"@type\":\"ListItem\",\"position\":1,\"name\":\"Home\",\"item\":\"https:\\\/\\\/www.lraloeverashop.eu\\\/pt-pt\\\/\"},{\"@type\":\"ListItem\",\"position\":2,\"name\":\"Loja\",\"item\":\"https:\\\/\\\/www.lraloeverashop.eu\\\/pt-pt\\\/loja\\\/\"},{\"@type\":\"ListItem\",\"position\":3,\"name\":\"Lr Liver Support Capsulas\"}]},{\"@type\":\"WebSite\",\"@id\":\"https:\\\/\\\/www.lraloeverashop.eu\\\/pt-pt\\\/#website\",\"url\":\"https:\\\/\\\/www.lraloeverashop.eu\\\/pt-pt\\\/\",\"name\":\"Lr Loja Aloe Vera\",\"description\":\"High Quality Lr Aloe Vera Gel, Aloe Vera Cream and Shampoo\",\"publisher\":{\"@id\":\"https:\\\/\\\/www.lraloeverashop.eu\\\/pt-pt\\\/#organization\"},\"potentialAction\":[{\"@type\":\"SearchAction\",\"target\":{\"@type\":\"EntryPoint\",\"urlTemplate\":\"https:\\\/\\\/www.lraloeverashop.eu\\\/pt-pt\\\/?s={search_term_string}\"},\"query-input\":{\"@type\":\"PropertyValueSpecification\",\"valueRequired\":true,\"valueName\":\"search_term_string\"}}],\"inLanguage\":\"pt-PT\"},{\"@type\":\"Organization\",\"@id\":\"https:\\\/\\\/www.lraloeverashop.eu\\\/pt-pt\\\/#organization\",\"name\":\"Loja Lr Aloe Vera\",\"alternateName\":\"LR\",\"url\":\"https:\\\/\\\/www.lraloeverashop.eu\\\/pt-pt\\\/\",\"logo\":{\"@type\":\"ImageObject\",\"inLanguage\":\"pt-PT\",\"@id\":\"https:\\\/\\\/www.lraloeverashop.eu\\\/pt-pt\\\/#\\\/schema\\\/logo\\\/image\\\/\",\"url\":\"https:\\\/\\\/www.lraloeverashop.eu\\\/wp-content\\\/uploads\\\/2022\\\/09\\\/cropped-Lr-Aloe-Vera-Shop.jpg\",\"contentUrl\":\"https:\\\/\\\/www.lraloeverashop.eu\\\/wp-content\\\/uploads\\\/2022\\\/09\\\/cropped-Lr-Aloe-Vera-Shop.jpg\",\"width\":228,\"height\":76,\"caption\":\"Loja Lr Aloe Vera\"},\"image\":{\"@id\":\"https:\\\/\\\/www.lraloeverashop.eu\\\/pt-pt\\\/#\\\/schema\\\/logo\\\/image\\\/\"},\"sameAs\":[\"https:\\\/\\\/www.facebook.com\\\/lraloeverashop.eu\",\"https:\\\/\\\/x.com\\\/natur__kosmetik\",\"https:\\\/\\\/www.youtube.com\\\/channel\\\/UC5oN7BJ8nfYb8RpVtjwDEBA\",\"https:\\\/\\\/www.instagram.com\\\/lrbeautyeu\\\/\"],\"description\":\"Loja Lr Aloe Vera \u00e9 o seu destino de confian\u00e7a para os produtos de sa\u00fade e beleza premium da LR, fabricados na Alemanha. Oferecemos solu\u00e7\u00f5es de alta qualidade para o cuidado da pele, nutri\u00e7\u00e3o e antienvelhecimento \u00e0 base de Alo\u00e9 Vera, elaboradas com ingredientes puros e apoiadas em investiga\u00e7\u00e3o cient\u00edfica. Descubra o cuidado natural que regenera, protege e revitaliza a sua pele \u2014 e aproveite as ofertas mensais exclusivas nos nossos produtos LR Alo\u00e9 Vera mais vendidos.\\nComece hoje mesmo a sua jornada de cuidados naturais com a pele e sinta a diferen\u00e7a.\",\"email\":\"info@lraloeverashop.eu\",\"telephone\":\"+49 17670609653\",\"legalName\":\"Lr Aloe Vera Shop\",\"foundingDate\":\"2018-04-21\",\"numberOfEmployees\":{\"@type\":\"QuantitativeValue\",\"minValue\":\"1\",\"maxValue\":\"10\"}}]}<\/script>\n<meta property=\"product:price:amount\" content=\"103.71\" \/>\n<meta property=\"product:price:currency\" content=\"EUR\" \/>\n<meta property=\"og:availability\" content=\"instock\" \/>\n<meta property=\"product:availability\" content=\"instock\" \/>\n<meta property=\"product:retailer_item_id\" content=\"97329-99PT\" \/>\n<meta property=\"product:condition\" content=\"new\" \/>\n<!-- \/ Yoast SEO Premium plugin. -->","yoast_head_json":{"title":"Lr Liver Support Capsulas apoiam os pr\u00f3prios processos do corpo","description":"Lr Liver Support Capsulas apoia o f\u00edgado na elimina\u00e7\u00e3o de subst\u00e2ncias indesejadas: decomposi\u00e7\u00e3o, concentra\u00e7\u00e3o e excre\u00e7\u00e3o. Contra o estresse oxidativo","robots":{"index":"index","follow":"follow","max-snippet":"max-snippet:-1","max-image-preview":"max-image-preview:large","max-video-preview":"max-video-preview:-1"},"canonical":"https:\/\/www.lraloeverashop.eu\/pt-pt\/produto\/lr-liver-support-capsulas\/","og_locale":"pt_PT","og_type":"article","og_title":"Lr Liver Support Capsulas","og_description":"Lr Liver Support Capsulas apoia o f\u00edgado na elimina\u00e7\u00e3o de subst\u00e2ncias indesejadas: decomposi\u00e7\u00e3o, concentra\u00e7\u00e3o e excre\u00e7\u00e3o. Contra o estresse oxidativo","og_url":"https:\/\/www.lraloeverashop.eu\/pt-pt\/produto\/lr-liver-support-capsulas\/","og_site_name":"Lr Loja Aloe Vera","article_publisher":"https:\/\/www.facebook.com\/lraloeverashop.eu","article_modified_time":"2026-02-08T08:37:51+00:00","og_image":[{"width":1200,"height":1200,"url":"https:\/\/www.lraloeverashop.eu\/wp-content\/uploads\/2024\/05\/Lr-Liver-Support-Capsules.jpg","type":"image\/jpeg"}],"twitter_card":"summary_large_image","twitter_site":"@natur__kosmetik","schema":{"@context":"https:\/\/schema.org","@graph":[{"@type":["WebPage","ItemPage"],"@id":"https:\/\/www.lraloeverashop.eu\/pt-pt\/produto\/lr-liver-support-capsulas\/","url":"https:\/\/www.lraloeverashop.eu\/pt-pt\/produto\/lr-liver-support-capsulas\/","name":"Lr Liver Support Capsulas apoiam os pr\u00f3prios processos do corpo","isPartOf":{"@id":"https:\/\/www.lraloeverashop.eu\/pt-pt\/#website"},"primaryImageOfPage":{"@id":"https:\/\/www.lraloeverashop.eu\/pt-pt\/produto\/lr-liver-support-capsulas\/#primaryimage"},"image":{"@id":"https:\/\/www.lraloeverashop.eu\/pt-pt\/produto\/lr-liver-support-capsulas\/#primaryimage"},"thumbnailUrl":"https:\/\/www.lraloeverashop.eu\/wp-content\/uploads\/2024\/05\/Lr-Liver-Support-Capsules.jpg","datePublished":"2024-05-25T12:36:04+00:00","dateModified":"2026-02-08T08:37:51+00:00","description":"Lr Liver Support Capsulas apoia o f\u00edgado na elimina\u00e7\u00e3o de subst\u00e2ncias indesejadas: decomposi\u00e7\u00e3o, concentra\u00e7\u00e3o e excre\u00e7\u00e3o. Contra o estresse oxidativo","breadcrumb":{"@id":"https:\/\/www.lraloeverashop.eu\/pt-pt\/produto\/lr-liver-support-capsulas\/#breadcrumb"},"inLanguage":"pt-PT","potentialAction":[{"@type":"ReadAction","target":["https:\/\/www.lraloeverashop.eu\/pt-pt\/produto\/lr-liver-support-capsulas\/"]}]},{"@type":"ImageObject","inLanguage":"pt-PT","@id":"https:\/\/www.lraloeverashop.eu\/pt-pt\/produto\/lr-liver-support-capsulas\/#primaryimage","url":"https:\/\/www.lraloeverashop.eu\/wp-content\/uploads\/2024\/05\/Lr-Liver-Support-Capsules.jpg","contentUrl":"https:\/\/www.lraloeverashop.eu\/wp-content\/uploads\/2024\/05\/Lr-Liver-Support-Capsules.jpg","width":1200,"height":1200,"caption":"Lr Liver Support Comprimidos apoiam os pr\u00f3prios processos do corpo"},{"@type":"BreadcrumbList","@id":"https:\/\/www.lraloeverashop.eu\/pt-pt\/produto\/lr-liver-support-capsulas\/#breadcrumb","itemListElement":[{"@type":"ListItem","position":1,"name":"Home","item":"https:\/\/www.lraloeverashop.eu\/pt-pt\/"},{"@type":"ListItem","position":2,"name":"Loja","item":"https:\/\/www.lraloeverashop.eu\/pt-pt\/loja\/"},{"@type":"ListItem","position":3,"name":"Lr Liver Support Capsulas"}]},{"@type":"WebSite","@id":"https:\/\/www.lraloeverashop.eu\/pt-pt\/#website","url":"https:\/\/www.lraloeverashop.eu\/pt-pt\/","name":"Lr Loja Aloe Vera","description":"High Quality Lr Aloe Vera Gel, Aloe Vera Cream and Shampoo","publisher":{"@id":"https:\/\/www.lraloeverashop.eu\/pt-pt\/#organization"},"potentialAction":[{"@type":"SearchAction","target":{"@type":"EntryPoint","urlTemplate":"https:\/\/www.lraloeverashop.eu\/pt-pt\/?s={search_term_string}"},"query-input":{"@type":"PropertyValueSpecification","valueRequired":true,"valueName":"search_term_string"}}],"inLanguage":"pt-PT"},{"@type":"Organization","@id":"https:\/\/www.lraloeverashop.eu\/pt-pt\/#organization","name":"Loja Lr Aloe Vera","alternateName":"LR","url":"https:\/\/www.lraloeverashop.eu\/pt-pt\/","logo":{"@type":"ImageObject","inLanguage":"pt-PT","@id":"https:\/\/www.lraloeverashop.eu\/pt-pt\/#\/schema\/logo\/image\/","url":"https:\/\/www.lraloeverashop.eu\/wp-content\/uploads\/2022\/09\/cropped-Lr-Aloe-Vera-Shop.jpg","contentUrl":"https:\/\/www.lraloeverashop.eu\/wp-content\/uploads\/2022\/09\/cropped-Lr-Aloe-Vera-Shop.jpg","width":228,"height":76,"caption":"Loja Lr Aloe Vera"},"image":{"@id":"https:\/\/www.lraloeverashop.eu\/pt-pt\/#\/schema\/logo\/image\/"},"sameAs":["https:\/\/www.facebook.com\/lraloeverashop.eu","https:\/\/x.com\/natur__kosmetik","https:\/\/www.youtube.com\/channel\/UC5oN7BJ8nfYb8RpVtjwDEBA","https:\/\/www.instagram.com\/lrbeautyeu\/"],"description":"Loja Lr Aloe Vera \u00e9 o seu destino de confian\u00e7a para os produtos de sa\u00fade e beleza premium da LR, fabricados na Alemanha. Oferecemos solu\u00e7\u00f5es de alta qualidade para o cuidado da pele, nutri\u00e7\u00e3o e antienvelhecimento \u00e0 base de Alo\u00e9 Vera, elaboradas com ingredientes puros e apoiadas em investiga\u00e7\u00e3o cient\u00edfica. Descubra o cuidado natural que regenera, protege e revitaliza a sua pele \u2014 e aproveite as ofertas mensais exclusivas nos nossos produtos LR Alo\u00e9 Vera mais vendidos.\nComece hoje mesmo a sua jornada de cuidados naturais com a pele e sinta a diferen\u00e7a.","email":"info@lraloeverashop.eu","telephone":"+49 17670609653","legalName":"Lr Aloe Vera Shop","foundingDate":"2018-04-21","numberOfEmployees":{"@type":"QuantitativeValue","minValue":"1","maxValue":"10"}}]},"product_price_amount":"103.71","product_price_currency":"EUR","og_availability":"instock","product_availability":"instock","product_retailer_item_id":"97329-99PT","product_condition":"new"},"taxonomy_info":{"product_cat":[{"value":460,"label":"Economize em conjuntos"},{"value":467,"label":"Especialistas"},{"value":437,"label":"Intestino e Digest\u00e3o"},{"value":449,"label":"Relaxamento"}],"product_tag":[{"value":673,"label":"Refor\u00e7o imunol\u00f3gico"}]},"featured_image_src_large":["https:\/\/www.lraloeverashop.eu\/wp-content\/uploads\/2024\/05\/Lr-Liver-Support-Capsules-1024x1024.jpg",1024,1024,true],"author_info":[],"comment_info":0,"_links":{"self":[{"href":"https:\/\/www.lraloeverashop.eu\/pt-pt\/wp-json\/wp\/v2\/product\/15352","targetHints":{"allow":["GET"]}}],"collection":[{"href":"https:\/\/www.lraloeverashop.eu\/pt-pt\/wp-json\/wp\/v2\/product"}],"about":[{"href":"https:\/\/www.lraloeverashop.eu\/pt-pt\/wp-json\/wp\/v2\/types\/product"}],"replies":[{"embeddable":true,"href":"https:\/\/www.lraloeverashop.eu\/pt-pt\/wp-json\/wp\/v2\/comments?post=15352"}],"wp:featuredmedia":[{"embeddable":true,"href":"https:\/\/www.lraloeverashop.eu\/pt-pt\/wp-json\/wp\/v2\/media\/15007"}],"wp:attachment":[{"href":"https:\/\/www.lraloeverashop.eu\/pt-pt\/wp-json\/wp\/v2\/media?parent=15352"}],"wp:term":[{"taxonomy":"product_brand","embeddable":true,"href":"https:\/\/www.lraloeverashop.eu\/pt-pt\/wp-json\/wp\/v2\/product_brand?post=15352"},{"taxonomy":"product_cat","embeddable":true,"href":"https:\/\/www.lraloeverashop.eu\/pt-pt\/wp-json\/wp\/v2\/product_cat?post=15352"},{"taxonomy":"product_tag","embeddable":true,"href":"https:\/\/www.lraloeverashop.eu\/pt-pt\/wp-json\/wp\/v2\/product_tag?post=15352"}],"curies":[{"name":"wp","href":"https:\/\/api.w.org\/{rel}","templated":true}]}}