{"id":15330,"date":"2024-05-25T07:03:53","date_gmt":"2024-05-25T05:03:53","guid":{"rendered":"https:\/\/www.lraloeverashop.eu\/?post_type=product&#038;p=15330"},"modified":"2026-02-08T09:38:05","modified_gmt":"2026-02-08T08:38:05","slug":"mind-master-gold-bebida-de-performance","status":"publish","type":"product","link":"https:\/\/www.lraloeverashop.eu\/pt-pt\/produto\/mind-master-gold-bebida-de-performance\/","title":{"rendered":"Mind Master Gold Bebida De Performance"},"content":{"rendered":"<h2><span style=\"font-size: 16pt;\"><strong>Mind Master Gold Bebida De Performance<\/strong><\/span><\/h2>\n<p><span style=\"font-size: 14pt;\"><strong>Mind Master Gold Bebida De Performance aumenta seu foco e energia <\/strong><\/span><\/p>\n<p>Descubra o poder do Mind Master Gold em <a href=\"https:\/\/lrworld.com\/join-me\">LR Health &amp; Beleza<\/a>, a solu\u00e7\u00e3o definitiva para melhorar seu desempenho mental e <a href=\"https:\/\/www.lraloeverashop.eu\/pt-pt\/produto\/lr-colostro-em-capsulas\/\">bem-estar geral<\/a>. Esteja voc\u00ea enfrentando um dia desafiador no trabalho, estudando para os exames ou simplesmente precisando de um est\u00edmulo, a Mind Master Gold Bebida De Performance foi projetada para apoiar sua vitalidade f\u00edsica e mental.<\/p>\n<p>&nbsp;<\/p>\n<h3><span style=\"font-size: 16pt;\"><strong>Principais benef\u00edcios da Mind Master Gold Bebida De Performance<\/strong><\/span><\/h3>\n<ul>\n<li><strong>Aumenta os n\u00edveis de energia:<\/strong> sinta-se com mais energia e pronto para enfrentar o seu dia com facilidade.<\/li>\n<li><strong>Melhora a concentra\u00e7\u00e3o:<\/strong> melhore seu foco e <a href=\"https:\/\/www.lraloeverashop.eu\/pt-pt\/produto\/lr-mind-master-berbida-gold\/\">mantenha-se atento<\/a> em todas as suas tarefas.<\/li>\n<li><strong>Reduz o estresse:<\/strong> Combate o estresse e mant\u00e9m um estado de esp\u00edrito equilibrado.<\/li>\n<li><strong>Apoia o bem-estar geral:<\/strong> repleto de nutrientes essenciais para <a href=\"https:\/\/www.lraloeverashop.eu\/pt-pt\/produto\/mind-master-bebida-de-performance-verde\/\">apoiar o seu sa\u00fade<\/a>.<\/li>\n<\/ul>\n<p>&nbsp;<\/p>\n<h3><strong><span style=\"font-size: 16pt;\">Como usar\u00a0<\/span><\/strong><\/h3>\n<p><strong>Dose di\u00e1ria recomendada:<\/strong><br \/>\nAgite bem o frasco antes de usar. Tome 80 ml de Mind Master Gold Bebida De Performance uma vez ao dia, de prefer\u00eancia ap\u00f3s uma refei\u00e7\u00e3o. Dependendo das suas prefer\u00eancias, pode ser consumido puro ou dissolvido em \u00e1gua ou suco. Agite antes de usar. Ap\u00f3s aberto, guarde na geladeira.<\/p>\n<p>Para melhores resultados, incorpore Mind Master Gold em sua rotina di\u00e1ria. A consist\u00eancia \u00e9 a chave para desbloquear todo o seu potencial.<\/p>\n<p><strong>N\u00e3o exceda a dose di\u00e1ria recomendada.<\/strong><br \/>\nOs suplementos diet\u00e9ticos n\u00e3o substituem uma alimenta\u00e7\u00e3o variada e equilibrada, aliada a um estilo de vida saud\u00e1vel. Mantenha fora do alcance de crian\u00e7as.<\/p>\n<p>&nbsp;<\/p>\n<h4><span style=\"font-size: 16pt;\"><strong>Por que escolher Mind Master Gold?<\/strong><\/span><\/h4>\n<ul>\n<li><strong>Ingredientes Naturais:<\/strong> Formulados com ingredientes naturais de alta qualidade para garantir seguran\u00e7a e efic\u00e1cia.<\/li>\n<li><strong>Apoiado Cientificamente:<\/strong> Desenvolvido com base em pesquisas cient\u00edficas para maximizar os benef\u00edcios.<\/li>\n<li><strong>Sabor Delicioso:<\/strong> Aprecie o sabor agrad\u00e1vel que torna a sua dose di\u00e1ria uma del\u00edcia.<\/li>\n<li><strong>Conveniente:<\/strong> f\u00e1cil de usar e integrar ao seu estilo de vida agitado.<\/li>\n<\/ul>\n<p>&nbsp;<\/p>\n<p>Assuma o controle de sua sa\u00fade f\u00edsica e mental hoje com Mind Master Gold. N\u00e3o deixe que o cansa\u00e7o ou o estresse o impe\u00e7am de alcan\u00e7ar seus objetivos. Experimente a diferen\u00e7a e sinta os benef\u00edcios a cada uso.<\/p>\n<p>Pronto para elevar sua energia e foco? Experimente Mind Master Gold Bebida De Performance agora e libere todo o seu potencial!<\/p>\n<p>1. A vitamina E ajuda a proteger as c\u00e9lulas de <span style=\"color: #000000;\"><a style=\"color: #000000;\" href=\"https:\/\/www.lraloeverashop.eu\/pt-pt\/produto\/mind-master-bebida-de-performance\/\">estresse oxidativo<\/a><\/span>.<br \/>\n2. A vitamina B12 contribui para o metabolismo energ\u00e9tico normal, o funcionamento normal do sistema nervoso e a redu\u00e7\u00e3o do cansa\u00e7o e da fadiga. O ferro contribui para a fun\u00e7\u00e3o cognitiva normal e para o transporte normal de oxig\u00eanio no corpo. A vitamina D contribui para a manuten\u00e7\u00e3o de ossos normais e fun\u00e7\u00e3o muscular normal.<br \/>\n3. A vitamina B12 contribui para o normal funcionamento psicol\u00f3gico e para o normal funcionamento do sistema nervoso. O ferro contribui para a fun\u00e7\u00e3o cognitiva normal.<\/p>\n","protected":false},"excerpt":{"rendered":"<ul>\n<li>Protege contra o estresse oxidativo\u00b9<\/li>\n<li>Suporta contra cansa\u00e7o e fadiga. exaust\u00e3o\u00b2<\/li>\n<li>Com nutrientes valiosos para a psique e o bem-estar mental\u00b3<\/li>\n<li>Com Q10, vitaminas D e K, ch\u00e1 branco, c\u00farcuma, aloe vera e L-carnitina<\/li>\n<li>Sabor frutado e fresco de laranja sangu\u00ednea, mel\u00e3o e lim\u00e3o<\/li>\n<li>Quantidade: 5 x 500ml<\/li>\n<\/ul>\n<p><span style=\"color: #ff0000;\"><a style=\"color: #ff0000;\" href=\"https:\/\/shop.lrworld.com\/openpao?PHP=0vFlt7jT938BEnBI3a6e9w%3D%3D\"><span style=\"font-size: 14pt;\"><strong>Registe-se aqui e poupe 35% em todos os pedidos<\/strong><\/span><\/a><\/span><\/p>\n","protected":false},"featured_media":15285,"comment_status":"open","ping_status":"closed","template":"","meta":{"_kad_blocks_custom_css":"","_kad_blocks_head_custom_js":"","_kad_blocks_body_custom_js":"","_kad_blocks_footer_custom_js":"","_kadence_starter_templates_imported_post":false,"_kad_post_transparent":"default","_kad_post_title":"","_kad_post_layout":"default","_kad_post_sidebar_id":"","_kad_post_content_style":"default","_kad_post_vertical_padding":"default","_kad_post_feature":"","_kad_post_feature_position":"","_kad_post_header":false,"_kad_post_footer":false,"_kad_post_classname":""},"product_brand":[],"product_cat":[443,460,467,503,413,354],"product_tag":[668],"class_list":{"0":"post-15330","1":"product","2":"type-product","3":"status-publish","4":"has-post-thumbnail","6":"product_cat-desempenho-e-energia","7":"product_cat-economize-em-conjuntos","8":"product_cat-lr-especialistas","9":"product_cat-mind-master-pt-pt","10":"product_cat-produtos-especiais","11":"product_cat-promocoes","12":"product_tag-energia-pt-pt","14":"first","15":"instock","16":"sale","17":"taxable","18":"shipping-taxable","19":"purchasable","20":"product-type-simple","21":"entry","22":"content-bg","23":"loop-entry"},"yoast_head":"<!-- This site is optimized with the Yoast SEO Premium plugin v27.5 (Yoast SEO v27.5) - https:\/\/yoast.com\/product\/yoast-seo-premium-wordpress\/ -->\n<title>Mind Master Gold Bebida De Performance aumenta seu energia<\/title>\n<meta name=\"description\" content=\"Aumente seu foco e energia com Mind Master Gold Bebida de Performance. Aumente a vitalidade f\u00edsica e mental com a solu\u00e7\u00e3o definitiva da Lr Health &amp; Beauty\" \/>\n<meta name=\"robots\" content=\"index, follow, max-snippet:-1, max-image-preview:large, max-video-preview:-1\" \/>\n<link rel=\"canonical\" href=\"https:\/\/www.lraloeverashop.eu\/pt-pt\/produto\/mind-master-gold-bebida-de-performance\/\" \/>\n<meta property=\"og:locale\" content=\"pt_PT\" \/>\n<meta property=\"og:type\" content=\"article\" \/>\n<meta property=\"og:title\" content=\"Mind Master Gold Bebida De Performance\" \/>\n<meta property=\"og:description\" content=\"Aumente seu foco e energia com Mind Master Gold Bebida de Performance. Aumente a vitalidade f\u00edsica e mental com a solu\u00e7\u00e3o definitiva da Lr Health &amp; Beauty\" \/>\n<meta property=\"og:url\" content=\"https:\/\/www.lraloeverashop.eu\/pt-pt\/produto\/mind-master-gold-bebida-de-performance\/\" \/>\n<meta property=\"og:site_name\" content=\"Lr Loja Aloe Vera\" \/>\n<meta property=\"article:publisher\" content=\"https:\/\/www.facebook.com\/lraloeverashop.eu\" \/>\n<meta property=\"article:modified_time\" content=\"2026-02-08T08:38:05+00:00\" \/>\n<meta property=\"og:image\" content=\"https:\/\/www.lraloeverashop.eu\/wp-content\/uploads\/2024\/05\/Lr-Lifetakt-Mind-Master-Gold.jpeg\" \/>\n\t<meta property=\"og:image:width\" content=\"1200\" \/>\n\t<meta property=\"og:image:height\" content=\"1200\" \/>\n\t<meta property=\"og:image:type\" content=\"image\/jpeg\" \/>\n<meta name=\"twitter:card\" content=\"summary_large_image\" \/>\n<meta name=\"twitter:site\" content=\"@natur__kosmetik\" \/>\n<script type=\"application\/ld+json\" class=\"yoast-schema-graph\">{\"@context\":\"https:\\\/\\\/schema.org\",\"@graph\":[{\"@type\":[\"WebPage\",\"ItemPage\"],\"@id\":\"https:\\\/\\\/www.lraloeverashop.eu\\\/pt-pt\\\/produto\\\/mind-master-gold-bebida-de-performance\\\/\",\"url\":\"https:\\\/\\\/www.lraloeverashop.eu\\\/pt-pt\\\/produto\\\/mind-master-gold-bebida-de-performance\\\/\",\"name\":\"Mind Master Gold Bebida De Performance aumenta seu energia\",\"isPartOf\":{\"@id\":\"https:\\\/\\\/www.lraloeverashop.eu\\\/pt-pt\\\/#website\"},\"primaryImageOfPage\":{\"@id\":\"https:\\\/\\\/www.lraloeverashop.eu\\\/pt-pt\\\/produto\\\/mind-master-gold-bebida-de-performance\\\/#primaryimage\"},\"image\":{\"@id\":\"https:\\\/\\\/www.lraloeverashop.eu\\\/pt-pt\\\/produto\\\/mind-master-gold-bebida-de-performance\\\/#primaryimage\"},\"thumbnailUrl\":\"https:\\\/\\\/www.lraloeverashop.eu\\\/wp-content\\\/uploads\\\/2024\\\/05\\\/Lr-Lifetakt-Mind-Master-Gold.jpeg\",\"datePublished\":\"2024-05-25T05:03:53+00:00\",\"dateModified\":\"2026-02-08T08:38:05+00:00\",\"description\":\"Aumente seu foco e energia com Mind Master Gold Bebida de Performance. Aumente a vitalidade f\u00edsica e mental com a solu\u00e7\u00e3o definitiva da Lr Health & Beauty\",\"breadcrumb\":{\"@id\":\"https:\\\/\\\/www.lraloeverashop.eu\\\/pt-pt\\\/produto\\\/mind-master-gold-bebida-de-performance\\\/#breadcrumb\"},\"inLanguage\":\"pt-PT\",\"potentialAction\":[{\"@type\":\"ReadAction\",\"target\":[\"https:\\\/\\\/www.lraloeverashop.eu\\\/pt-pt\\\/produto\\\/mind-master-gold-bebida-de-performance\\\/\"]}]},{\"@type\":\"ImageObject\",\"inLanguage\":\"pt-PT\",\"@id\":\"https:\\\/\\\/www.lraloeverashop.eu\\\/pt-pt\\\/produto\\\/mind-master-gold-bebida-de-performance\\\/#primaryimage\",\"url\":\"https:\\\/\\\/www.lraloeverashop.eu\\\/wp-content\\\/uploads\\\/2024\\\/05\\\/Lr-Lifetakt-Mind-Master-Gold.jpeg\",\"contentUrl\":\"https:\\\/\\\/www.lraloeverashop.eu\\\/wp-content\\\/uploads\\\/2024\\\/05\\\/Lr-Lifetakt-Mind-Master-Gold.jpeg\",\"width\":1200,\"height\":1200,\"caption\":\"Mind Master Bebida De Performance Gold apoia a mem\u00f3ria e a concentra\u00e7\u00e3o\"},{\"@type\":\"BreadcrumbList\",\"@id\":\"https:\\\/\\\/www.lraloeverashop.eu\\\/pt-pt\\\/produto\\\/mind-master-gold-bebida-de-performance\\\/#breadcrumb\",\"itemListElement\":[{\"@type\":\"ListItem\",\"position\":1,\"name\":\"Home\",\"item\":\"https:\\\/\\\/www.lraloeverashop.eu\\\/pt-pt\\\/\"},{\"@type\":\"ListItem\",\"position\":2,\"name\":\"Loja\",\"item\":\"https:\\\/\\\/www.lraloeverashop.eu\\\/pt-pt\\\/loja\\\/\"},{\"@type\":\"ListItem\",\"position\":3,\"name\":\"Mind Master Gold Bebida De Performance\"}]},{\"@type\":\"WebSite\",\"@id\":\"https:\\\/\\\/www.lraloeverashop.eu\\\/pt-pt\\\/#website\",\"url\":\"https:\\\/\\\/www.lraloeverashop.eu\\\/pt-pt\\\/\",\"name\":\"Lr Loja Aloe Vera\",\"description\":\"High Quality Lr Aloe Vera Gel, Aloe Vera Cream and Shampoo\",\"publisher\":{\"@id\":\"https:\\\/\\\/www.lraloeverashop.eu\\\/pt-pt\\\/#organization\"},\"alternateName\":\"LR\",\"potentialAction\":[{\"@type\":\"SearchAction\",\"target\":{\"@type\":\"EntryPoint\",\"urlTemplate\":\"https:\\\/\\\/www.lraloeverashop.eu\\\/pt-pt\\\/?s={search_term_string}\"},\"query-input\":{\"@type\":\"PropertyValueSpecification\",\"valueRequired\":true,\"valueName\":\"search_term_string\"}}],\"inLanguage\":\"pt-PT\"},{\"@type\":\"Organization\",\"@id\":\"https:\\\/\\\/www.lraloeverashop.eu\\\/pt-pt\\\/#organization\",\"name\":\"Loja Lr Aloe Vera\",\"alternateName\":\"LR\",\"url\":\"https:\\\/\\\/www.lraloeverashop.eu\\\/pt-pt\\\/\",\"logo\":{\"@type\":\"ImageObject\",\"inLanguage\":\"pt-PT\",\"@id\":\"https:\\\/\\\/www.lraloeverashop.eu\\\/pt-pt\\\/#\\\/schema\\\/logo\\\/image\\\/\",\"url\":\"https:\\\/\\\/www.lraloeverashop.eu\\\/wp-content\\\/uploads\\\/2022\\\/09\\\/cropped-Lr-Aloe-Vera-Shop.jpg\",\"contentUrl\":\"https:\\\/\\\/www.lraloeverashop.eu\\\/wp-content\\\/uploads\\\/2022\\\/09\\\/cropped-Lr-Aloe-Vera-Shop.jpg\",\"width\":228,\"height\":76,\"caption\":\"Loja Lr Aloe Vera\"},\"image\":{\"@id\":\"https:\\\/\\\/www.lraloeverashop.eu\\\/pt-pt\\\/#\\\/schema\\\/logo\\\/image\\\/\"},\"sameAs\":[\"https:\\\/\\\/www.facebook.com\\\/lraloeverashop.eu\",\"https:\\\/\\\/x.com\\\/natur__kosmetik\",\"https:\\\/\\\/www.youtube.com\\\/channel\\\/UC5oN7BJ8nfYb8RpVtjwDEBA\",\"https:\\\/\\\/www.instagram.com\\\/lrbeautyeu\\\/\"],\"description\":\"Loja Lr Aloe Vera \u00e9 o seu destino de confian\u00e7a para os produtos de sa\u00fade e beleza premium da LR, fabricados na Alemanha. Oferecemos solu\u00e7\u00f5es de alta qualidade para o cuidado da pele, nutri\u00e7\u00e3o e antienvelhecimento \u00e0 base de Alo\u00e9 Vera, elaboradas com ingredientes puros e apoiadas em investiga\u00e7\u00e3o cient\u00edfica. Descubra o cuidado natural que regenera, protege e revitaliza a sua pele \u2014 e aproveite as ofertas mensais exclusivas nos nossos produtos LR Alo\u00e9 Vera mais vendidos.\\nComece hoje mesmo a sua jornada de cuidados naturais com a pele e sinta a diferen\u00e7a.\",\"email\":\"info@lraloeverashop.eu\",\"telephone\":\"+49 17670609653\",\"legalName\":\"Lr Aloe Vera Shop\",\"foundingDate\":\"2018-04-21\",\"numberOfEmployees\":{\"@type\":\"QuantitativeValue\",\"minValue\":\"1\",\"maxValue\":\"10\"}}]}<\/script>\n<meta property=\"product:price:amount\" content=\"117.60\" \/>\n<meta property=\"product:price:currency\" content=\"EUR\" \/>\n<meta property=\"og:availability\" content=\"instock\" \/>\n<meta property=\"product:availability\" content=\"instock\" \/>\n<meta property=\"product:retailer_item_id\" content=\"80945-1PT\" \/>\n<meta property=\"product:condition\" content=\"new\" \/>\n<!-- \/ Yoast SEO Premium plugin. -->","yoast_head_json":{"title":"Mind Master Gold Bebida De Performance aumenta seu energia","description":"Aumente seu foco e energia com Mind Master Gold Bebida de Performance. Aumente a vitalidade f\u00edsica e mental com a solu\u00e7\u00e3o definitiva da Lr Health & Beauty","robots":{"index":"index","follow":"follow","max-snippet":"max-snippet:-1","max-image-preview":"max-image-preview:large","max-video-preview":"max-video-preview:-1"},"canonical":"https:\/\/www.lraloeverashop.eu\/pt-pt\/produto\/mind-master-gold-bebida-de-performance\/","og_locale":"pt_PT","og_type":"article","og_title":"Mind Master Gold Bebida De Performance","og_description":"Aumente seu foco e energia com Mind Master Gold Bebida de Performance. Aumente a vitalidade f\u00edsica e mental com a solu\u00e7\u00e3o definitiva da Lr Health & Beauty","og_url":"https:\/\/www.lraloeverashop.eu\/pt-pt\/produto\/mind-master-gold-bebida-de-performance\/","og_site_name":"Lr Loja Aloe Vera","article_publisher":"https:\/\/www.facebook.com\/lraloeverashop.eu","article_modified_time":"2026-02-08T08:38:05+00:00","og_image":[{"width":1200,"height":1200,"url":"https:\/\/www.lraloeverashop.eu\/wp-content\/uploads\/2024\/05\/Lr-Lifetakt-Mind-Master-Gold.jpeg","type":"image\/jpeg"}],"twitter_card":"summary_large_image","twitter_site":"@natur__kosmetik","schema":{"@context":"https:\/\/schema.org","@graph":[{"@type":["WebPage","ItemPage"],"@id":"https:\/\/www.lraloeverashop.eu\/pt-pt\/produto\/mind-master-gold-bebida-de-performance\/","url":"https:\/\/www.lraloeverashop.eu\/pt-pt\/produto\/mind-master-gold-bebida-de-performance\/","name":"Mind Master Gold Bebida De Performance aumenta seu energia","isPartOf":{"@id":"https:\/\/www.lraloeverashop.eu\/pt-pt\/#website"},"primaryImageOfPage":{"@id":"https:\/\/www.lraloeverashop.eu\/pt-pt\/produto\/mind-master-gold-bebida-de-performance\/#primaryimage"},"image":{"@id":"https:\/\/www.lraloeverashop.eu\/pt-pt\/produto\/mind-master-gold-bebida-de-performance\/#primaryimage"},"thumbnailUrl":"https:\/\/www.lraloeverashop.eu\/wp-content\/uploads\/2024\/05\/Lr-Lifetakt-Mind-Master-Gold.jpeg","datePublished":"2024-05-25T05:03:53+00:00","dateModified":"2026-02-08T08:38:05+00:00","description":"Aumente seu foco e energia com Mind Master Gold Bebida de Performance. Aumente a vitalidade f\u00edsica e mental com a solu\u00e7\u00e3o definitiva da Lr Health & Beauty","breadcrumb":{"@id":"https:\/\/www.lraloeverashop.eu\/pt-pt\/produto\/mind-master-gold-bebida-de-performance\/#breadcrumb"},"inLanguage":"pt-PT","potentialAction":[{"@type":"ReadAction","target":["https:\/\/www.lraloeverashop.eu\/pt-pt\/produto\/mind-master-gold-bebida-de-performance\/"]}]},{"@type":"ImageObject","inLanguage":"pt-PT","@id":"https:\/\/www.lraloeverashop.eu\/pt-pt\/produto\/mind-master-gold-bebida-de-performance\/#primaryimage","url":"https:\/\/www.lraloeverashop.eu\/wp-content\/uploads\/2024\/05\/Lr-Lifetakt-Mind-Master-Gold.jpeg","contentUrl":"https:\/\/www.lraloeverashop.eu\/wp-content\/uploads\/2024\/05\/Lr-Lifetakt-Mind-Master-Gold.jpeg","width":1200,"height":1200,"caption":"Mind Master Bebida De Performance Gold apoia a mem\u00f3ria e a concentra\u00e7\u00e3o"},{"@type":"BreadcrumbList","@id":"https:\/\/www.lraloeverashop.eu\/pt-pt\/produto\/mind-master-gold-bebida-de-performance\/#breadcrumb","itemListElement":[{"@type":"ListItem","position":1,"name":"Home","item":"https:\/\/www.lraloeverashop.eu\/pt-pt\/"},{"@type":"ListItem","position":2,"name":"Loja","item":"https:\/\/www.lraloeverashop.eu\/pt-pt\/loja\/"},{"@type":"ListItem","position":3,"name":"Mind Master Gold Bebida De Performance"}]},{"@type":"WebSite","@id":"https:\/\/www.lraloeverashop.eu\/pt-pt\/#website","url":"https:\/\/www.lraloeverashop.eu\/pt-pt\/","name":"Lr Loja Aloe Vera","description":"High Quality Lr Aloe Vera Gel, Aloe Vera Cream and Shampoo","publisher":{"@id":"https:\/\/www.lraloeverashop.eu\/pt-pt\/#organization"},"alternateName":"LR","potentialAction":[{"@type":"SearchAction","target":{"@type":"EntryPoint","urlTemplate":"https:\/\/www.lraloeverashop.eu\/pt-pt\/?s={search_term_string}"},"query-input":{"@type":"PropertyValueSpecification","valueRequired":true,"valueName":"search_term_string"}}],"inLanguage":"pt-PT"},{"@type":"Organization","@id":"https:\/\/www.lraloeverashop.eu\/pt-pt\/#organization","name":"Loja Lr Aloe Vera","alternateName":"LR","url":"https:\/\/www.lraloeverashop.eu\/pt-pt\/","logo":{"@type":"ImageObject","inLanguage":"pt-PT","@id":"https:\/\/www.lraloeverashop.eu\/pt-pt\/#\/schema\/logo\/image\/","url":"https:\/\/www.lraloeverashop.eu\/wp-content\/uploads\/2022\/09\/cropped-Lr-Aloe-Vera-Shop.jpg","contentUrl":"https:\/\/www.lraloeverashop.eu\/wp-content\/uploads\/2022\/09\/cropped-Lr-Aloe-Vera-Shop.jpg","width":228,"height":76,"caption":"Loja Lr Aloe Vera"},"image":{"@id":"https:\/\/www.lraloeverashop.eu\/pt-pt\/#\/schema\/logo\/image\/"},"sameAs":["https:\/\/www.facebook.com\/lraloeverashop.eu","https:\/\/x.com\/natur__kosmetik","https:\/\/www.youtube.com\/channel\/UC5oN7BJ8nfYb8RpVtjwDEBA","https:\/\/www.instagram.com\/lrbeautyeu\/"],"description":"Loja Lr Aloe Vera \u00e9 o seu destino de confian\u00e7a para os produtos de sa\u00fade e beleza premium da LR, fabricados na Alemanha. Oferecemos solu\u00e7\u00f5es de alta qualidade para o cuidado da pele, nutri\u00e7\u00e3o e antienvelhecimento \u00e0 base de Alo\u00e9 Vera, elaboradas com ingredientes puros e apoiadas em investiga\u00e7\u00e3o cient\u00edfica. Descubra o cuidado natural que regenera, protege e revitaliza a sua pele \u2014 e aproveite as ofertas mensais exclusivas nos nossos produtos LR Alo\u00e9 Vera mais vendidos.\nComece hoje mesmo a sua jornada de cuidados naturais com a pele e sinta a diferen\u00e7a.","email":"info@lraloeverashop.eu","telephone":"+49 17670609653","legalName":"Lr Aloe Vera Shop","foundingDate":"2018-04-21","numberOfEmployees":{"@type":"QuantitativeValue","minValue":"1","maxValue":"10"}}]},"product_price_amount":"117.60","product_price_currency":"EUR","og_availability":"instock","product_availability":"instock","product_retailer_item_id":"80945-1PT","product_condition":"new"},"taxonomy_info":{"product_cat":[{"value":443,"label":"Desempenho e Energia"},{"value":460,"label":"Economize em conjuntos"},{"value":467,"label":"Especialistas"},{"value":503,"label":"Mind Master"},{"value":413,"label":"Produtos Especiais"},{"value":354,"label":"Promo\u00e7\u00f5es"}],"product_tag":[{"value":668,"label":"Energia"}]},"featured_image_src_large":["https:\/\/www.lraloeverashop.eu\/wp-content\/uploads\/2024\/05\/Lr-Lifetakt-Mind-Master-Gold-1024x1024.jpeg",1024,1024,true],"author_info":[],"comment_info":0,"_links":{"self":[{"href":"https:\/\/www.lraloeverashop.eu\/pt-pt\/wp-json\/wp\/v2\/product\/15330","targetHints":{"allow":["GET"]}}],"collection":[{"href":"https:\/\/www.lraloeverashop.eu\/pt-pt\/wp-json\/wp\/v2\/product"}],"about":[{"href":"https:\/\/www.lraloeverashop.eu\/pt-pt\/wp-json\/wp\/v2\/types\/product"}],"replies":[{"embeddable":true,"href":"https:\/\/www.lraloeverashop.eu\/pt-pt\/wp-json\/wp\/v2\/comments?post=15330"}],"wp:featuredmedia":[{"embeddable":true,"href":"https:\/\/www.lraloeverashop.eu\/pt-pt\/wp-json\/wp\/v2\/media\/15285"}],"wp:attachment":[{"href":"https:\/\/www.lraloeverashop.eu\/pt-pt\/wp-json\/wp\/v2\/media?parent=15330"}],"wp:term":[{"taxonomy":"product_brand","embeddable":true,"href":"https:\/\/www.lraloeverashop.eu\/pt-pt\/wp-json\/wp\/v2\/product_brand?post=15330"},{"taxonomy":"product_cat","embeddable":true,"href":"https:\/\/www.lraloeverashop.eu\/pt-pt\/wp-json\/wp\/v2\/product_cat?post=15330"},{"taxonomy":"product_tag","embeddable":true,"href":"https:\/\/www.lraloeverashop.eu\/pt-pt\/wp-json\/wp\/v2\/product_tag?post=15330"}],"curies":[{"name":"wp","href":"https:\/\/api.w.org\/{rel}","templated":true}]}}