{"id":15309,"date":"2024-05-23T10:30:42","date_gmt":"2024-05-23T08:30:42","guid":{"rendered":"https:\/\/www.lraloeverashop.eu\/product\/lr-mind-master-berbida-gold\/"},"modified":"2026-02-08T09:38:15","modified_gmt":"2026-02-08T08:38:15","slug":"lr-mind-master-berbida-gold","status":"publish","type":"product","link":"https:\/\/www.lraloeverashop.eu\/pt-pt\/produto\/lr-mind-master-berbida-gold\/","title":{"rendered":"Lr Mind Master Bebida Gold"},"content":{"rendered":"<h2><span style=\"font-size: 16pt;\"><strong>Lr Mind Master Bebida Gold<\/strong><\/span><\/h2>\n<p><span style=\"font-size: 14pt;\"><strong>Lr Mind Master Bebida Gold apoia a mem\u00f3ria e a concentra\u00e7\u00e3o<\/strong><\/span><\/p>\n<p>Aumente o seu desempenho mental e conquiste o seu dia com Lr Mind Master Gold. Projetada para melhorar a fun\u00e7\u00e3o cognitiva e reduzir o estresse, esta f\u00f3rmula premium \u00e9 a chave para desbloquear o potencial mental m\u00e1ximo. Esteja voc\u00ea enfrentando um dia agitado de trabalho, estudando para exames ou gerenciando tarefas di\u00e1rias, Lr Mind Master Bebida Gold apoia seu c\u00e9rebro em cada etapa do caminho.<\/p>\n<p>&nbsp;<\/p>\n<p><span style=\"font-size: 16pt;\"><strong>Por que escolher Lr Mind Master Bebida Gold?<\/strong><\/span><\/p>\n<ul>\n<li><strong>Fun\u00e7\u00e3o cognitiva aprimorada:<\/strong> experimente foco, clareza e resist\u00eancia mental aprimorados.<\/li>\n<li><strong>Redu\u00e7\u00e3o do Estresse:<\/strong> Formulado com ingredientes que ajudam a controlar e reduzir o estresse.<\/li>\n<li><strong>Ingredientes Naturais:<\/strong> Feito com componentes naturais de alta qualidade para uma sa\u00fade cerebral ideal.<\/li>\n<li><strong>F\u00e1cil de usar:<\/strong> incorpore sem esfor\u00e7o \u00e0 sua rotina di\u00e1ria com uma f\u00f3rmula l\u00edquida conveniente.<\/li>\n<\/ul>\n<p>&nbsp;<\/p>\n<p><span style=\"font-size: 16pt;\"><strong>Resumo dos principais benef\u00edcios:<\/strong><\/span><\/p>\n<ul>\n<li><strong>Suporta mem\u00f3ria e concentra\u00e7\u00e3o:<\/strong> Perfeito para estudantes, profissionais e qualquer pessoa que precise de uma vantagem mental.<\/li>\n<li><strong>Lr Mind Master Gold promove o bem-estar geral:<\/strong> Ajuda a manter o humor equilibrado e a <a href=\"https:\/\/www.lraloeverashop.eu\/pt-pt\/produto\/lr-mind-master-bebida-verde\/\">reduzir a ansiedade<\/a>.<\/li>\n<li><strong>Aumenta os n\u00edveis de energia:<\/strong> Fornece um aumento de energia natural sem o nervosismo da cafe\u00edna.<\/li>\n<li><strong>Prote\u00e7\u00e3o Antioxidante:<\/strong> Protege seu c\u00e9rebro do <a href=\"https:\/\/www.lraloeverashop.eu\/pt-pt\/bebida-aloe-vera-da-lr-health-beauty\/\">estresse oxidativo<\/a> e do envelhecimento.<\/li>\n<\/ul>\n<p>&nbsp;<\/p>\n<h3><strong><span style=\"font-size: 16pt;\">Como Usar\u00a0<\/span><\/strong><\/h3>\n<p><strong>Dose di\u00e1ria recomendada:<\/strong><br \/>\nTome 80ml de Lr Mind Master Bebida Gold uma vez ao dia, de prefer\u00eancia ap\u00f3s uma refei\u00e7\u00e3o. Dependendo de suas prefer\u00eancias, pode ser consumido puro ou dissolvido em \u00e1gua ou suco. Agite antes de usar. Depois de aberto, guarda-se no frigor\u00edfico.<\/p>\n<p><strong>N\u00e3o exceda a dosagem di\u00e1ria recomendada.<\/strong><br \/>\nOs suplementos alimentares n\u00e3o substituem uma alimenta\u00e7\u00e3o variada e equilibrada, aliada a um estilo de vida saud\u00e1vel. Mantenha fora do alcance de crian\u00e7as.<\/p>\n<p>&nbsp;<\/p>\n<p><span style=\"font-size: 16pt;\"><strong>Pr\u00f3s do Lr Mind Master Bebida Gold:<\/strong><\/span><\/p>\n<ul>\n<li>Melhora a clareza mental e o foco<\/li>\n<li>Reduz o estresse e a ansiedade<\/li>\n<li>Melhora a mem\u00f3ria e a capacidade de aprendizagem<\/li>\n<li>Fornece energia sustentada ao longo do dia<\/li>\n<li>Feito com ingredientes naturais e de alta qualidade<\/li>\n<\/ul>\n<p>Voc\u00ea est\u00e1 pronto para assumir o controle de seu <a href=\"https:\/\/www.lraloeverashop.eu\/pt-pt\/produto\/mind-master-po-com-guarana\/\">desempenho mental<\/a> e bem-estar? Experimente hoje mesmo o Lr Mind Master Bebida Gold e sinta a diferen\u00e7a. Liberte todo o seu potencial e conquiste o seu dia com confian\u00e7a. N\u00e3o espere \u2013 fa\u00e7a a escolha inteligente para sua mente e corpo agora!<\/p>\n<p>1. A vitamina E ajuda a proteger as c\u00e9lulas do <a href=\"https:\/\/www.lraloeverashop.eu\/pt-pt\/produto\/mind-master-bebida-vermelha\/\">estresse oxidativo<\/a>.<br \/>\n2. A vitamina B12 contribui para o metabolismo energ\u00e9tico normal, o funcionamento normal do sistema nervoso e a redu\u00e7\u00e3o do cansa\u00e7o e da fadiga. O ferro contribui para a fun\u00e7\u00e3o cognitiva normal e para o transporte normal de oxig\u00eanio no corpo. A vitamina D contribui para a manuten\u00e7\u00e3o de ossos normais e fun\u00e7\u00e3o muscular normal.<br \/>\n3. A vitamina B12 contribui para o normal funcionamento psicol\u00f3gico e para o normal funcionamento do sistema nervoso. O ferro contribui para a fun\u00e7\u00e3o cognitiva normal.<\/p>\n","protected":false},"excerpt":{"rendered":"<ul>\n<li>Protege do estresse oxidativo\u00b9<\/li>\n<li>Suporta cansa\u00e7o e exaust\u00e3o\u00b2<\/li>\n<li>Fornece nutrientes valiosos para a psique e o bem-estar mental\u00b3<\/li>\n<li>Com coenzima Q10, vitaminas D e K, bem como extrato de ch\u00e1 branco, a\u00e7afr\u00e3o, aloe vera e L-carnitina<\/li>\n<li>Sabor frutado e fresco de laranja sangu\u00ednea, mel\u00e3o e lim\u00e3o<\/li>\n<li>Quantidade: 500ml<\/li>\n<\/ul>\n<p><span style=\"color: #ff0000;\"><a style=\"color: #ff0000;\" href=\"https:\/\/shop.lrworld.com\/openpao?PHP=0vFlt7jT938BEnBI3a6e9w%3D%3D\"><span style=\"font-size: 14pt;\"><strong>Registe-se aqui e poupe 35% em todos os pedidos<\/strong><\/span><\/a><\/span><\/p>\n","protected":false},"featured_media":15278,"comment_status":"open","ping_status":"closed","template":"","meta":{"_kad_blocks_custom_css":"","_kad_blocks_head_custom_js":"","_kad_blocks_body_custom_js":"","_kad_blocks_footer_custom_js":"","_kadence_starter_templates_imported_post":false,"_kad_post_transparent":"default","_kad_post_title":"","_kad_post_layout":"default","_kad_post_sidebar_id":"","_kad_post_content_style":"default","_kad_post_vertical_padding":"default","_kad_post_feature":"","_kad_post_feature_position":"","_kad_post_header":false,"_kad_post_footer":false,"_kad_post_classname":""},"product_brand":[],"product_cat":[443,467,503,413],"product_tag":[668],"class_list":{"0":"post-15309","1":"product","2":"type-product","3":"status-publish","4":"has-post-thumbnail","6":"product_cat-desempenho-e-energia","7":"product_cat-lr-especialistas","8":"product_cat-mind-master-pt-pt","9":"product_cat-produtos-especiais","10":"product_tag-energia-pt-pt","12":"first","13":"instock","14":"taxable","15":"shipping-taxable","16":"purchasable","17":"product-type-simple","18":"entry","19":"content-bg","20":"loop-entry"},"yoast_head":"<!-- This site is optimized with the Yoast SEO Premium plugin v27.3 (Yoast SEO v27.3) - https:\/\/yoast.com\/product\/yoast-seo-premium-wordpress\/ -->\n<title>Lr Mind Master Bebida Gold apoia a mem\u00f3ria e a concentra\u00e7\u00e3o<\/title>\n<meta name=\"description\" content=\"Lr Mind Master Bebida Gold ir\u00e1 aumentar o seu desempenho mental. Desbloqueie o potencial mental m\u00e1ximo com esta f\u00f3rmula premium. Concentre-se agora!\" \/>\n<meta name=\"robots\" content=\"index, follow, max-snippet:-1, max-image-preview:large, max-video-preview:-1\" \/>\n<link rel=\"canonical\" href=\"https:\/\/www.lraloeverashop.eu\/pt-pt\/produto\/lr-mind-master-berbida-gold\/\" \/>\n<meta property=\"og:locale\" content=\"pt_PT\" \/>\n<meta property=\"og:type\" content=\"article\" \/>\n<meta property=\"og:title\" content=\"Lr Mind Master Bebida Gold\" \/>\n<meta property=\"og:description\" content=\"Lr Mind Master Bebida Gold ir\u00e1 aumentar o seu desempenho mental. Desbloqueie o potencial mental m\u00e1ximo com esta f\u00f3rmula premium. Concentre-se agora!\" \/>\n<meta property=\"og:url\" content=\"https:\/\/www.lraloeverashop.eu\/pt-pt\/produto\/lr-mind-master-berbida-gold\/\" \/>\n<meta property=\"og:site_name\" content=\"Lr Loja Aloe Vera\" \/>\n<meta property=\"article:publisher\" content=\"https:\/\/www.facebook.com\/lraloeverashop.eu\" \/>\n<meta property=\"article:modified_time\" content=\"2026-02-08T08:38:15+00:00\" \/>\n<meta property=\"og:image\" content=\"https:\/\/www.lraloeverashop.eu\/wp-content\/uploads\/2024\/05\/Mind-Master-Gold.jpeg\" \/>\n\t<meta property=\"og:image:width\" content=\"1200\" \/>\n\t<meta property=\"og:image:height\" content=\"1200\" \/>\n\t<meta property=\"og:image:type\" content=\"image\/jpeg\" \/>\n<meta name=\"twitter:card\" content=\"summary_large_image\" \/>\n<meta name=\"twitter:site\" content=\"@natur__kosmetik\" \/>\n<script type=\"application\/ld+json\" class=\"yoast-schema-graph\">{\"@context\":\"https:\\\/\\\/schema.org\",\"@graph\":[{\"@type\":[\"WebPage\",\"ItemPage\"],\"@id\":\"https:\\\/\\\/www.lraloeverashop.eu\\\/pt-pt\\\/produto\\\/lr-mind-master-berbida-gold\\\/\",\"url\":\"https:\\\/\\\/www.lraloeverashop.eu\\\/pt-pt\\\/produto\\\/lr-mind-master-berbida-gold\\\/\",\"name\":\"Lr Mind Master Bebida Gold apoia a mem\u00f3ria e a concentra\u00e7\u00e3o\",\"isPartOf\":{\"@id\":\"https:\\\/\\\/www.lraloeverashop.eu\\\/pt-pt\\\/#website\"},\"primaryImageOfPage\":{\"@id\":\"https:\\\/\\\/www.lraloeverashop.eu\\\/pt-pt\\\/produto\\\/lr-mind-master-berbida-gold\\\/#primaryimage\"},\"image\":{\"@id\":\"https:\\\/\\\/www.lraloeverashop.eu\\\/pt-pt\\\/produto\\\/lr-mind-master-berbida-gold\\\/#primaryimage\"},\"thumbnailUrl\":\"https:\\\/\\\/www.lraloeverashop.eu\\\/wp-content\\\/uploads\\\/2024\\\/05\\\/Mind-Master-Gold.jpeg\",\"datePublished\":\"2024-05-23T08:30:42+00:00\",\"dateModified\":\"2026-02-08T08:38:15+00:00\",\"description\":\"Lr Mind Master Bebida Gold ir\u00e1 aumentar o seu desempenho mental. Desbloqueie o potencial mental m\u00e1ximo com esta f\u00f3rmula premium. Concentre-se agora!\",\"breadcrumb\":{\"@id\":\"https:\\\/\\\/www.lraloeverashop.eu\\\/pt-pt\\\/produto\\\/lr-mind-master-berbida-gold\\\/#breadcrumb\"},\"inLanguage\":\"pt-PT\",\"potentialAction\":[{\"@type\":\"ReadAction\",\"target\":[\"https:\\\/\\\/www.lraloeverashop.eu\\\/pt-pt\\\/produto\\\/lr-mind-master-berbida-gold\\\/\"]}]},{\"@type\":\"ImageObject\",\"inLanguage\":\"pt-PT\",\"@id\":\"https:\\\/\\\/www.lraloeverashop.eu\\\/pt-pt\\\/produto\\\/lr-mind-master-berbida-gold\\\/#primaryimage\",\"url\":\"https:\\\/\\\/www.lraloeverashop.eu\\\/wp-content\\\/uploads\\\/2024\\\/05\\\/Mind-Master-Gold.jpeg\",\"contentUrl\":\"https:\\\/\\\/www.lraloeverashop.eu\\\/wp-content\\\/uploads\\\/2024\\\/05\\\/Mind-Master-Gold.jpeg\",\"width\":1200,\"height\":1200,\"caption\":\"Lr Mind Master Bebida Gold melhora a fun\u00e7\u00e3o cognitiva\"},{\"@type\":\"BreadcrumbList\",\"@id\":\"https:\\\/\\\/www.lraloeverashop.eu\\\/pt-pt\\\/produto\\\/lr-mind-master-berbida-gold\\\/#breadcrumb\",\"itemListElement\":[{\"@type\":\"ListItem\",\"position\":1,\"name\":\"Home\",\"item\":\"https:\\\/\\\/www.lraloeverashop.eu\\\/pt-pt\\\/\"},{\"@type\":\"ListItem\",\"position\":2,\"name\":\"Loja\",\"item\":\"https:\\\/\\\/www.lraloeverashop.eu\\\/pt-pt\\\/loja\\\/\"},{\"@type\":\"ListItem\",\"position\":3,\"name\":\"Lr Mind Master Bebida Gold\"}]},{\"@type\":\"WebSite\",\"@id\":\"https:\\\/\\\/www.lraloeverashop.eu\\\/pt-pt\\\/#website\",\"url\":\"https:\\\/\\\/www.lraloeverashop.eu\\\/pt-pt\\\/\",\"name\":\"Lr Loja Aloe Vera\",\"description\":\"High Quality Lr Aloe Vera Gel, Aloe Vera Cream and Shampoo\",\"publisher\":{\"@id\":\"https:\\\/\\\/www.lraloeverashop.eu\\\/pt-pt\\\/#organization\"},\"potentialAction\":[{\"@type\":\"SearchAction\",\"target\":{\"@type\":\"EntryPoint\",\"urlTemplate\":\"https:\\\/\\\/www.lraloeverashop.eu\\\/pt-pt\\\/?s={search_term_string}\"},\"query-input\":{\"@type\":\"PropertyValueSpecification\",\"valueRequired\":true,\"valueName\":\"search_term_string\"}}],\"inLanguage\":\"pt-PT\"},{\"@type\":\"Organization\",\"@id\":\"https:\\\/\\\/www.lraloeverashop.eu\\\/pt-pt\\\/#organization\",\"name\":\"Lr Loja Aloe Vera\",\"alternateName\":\"LR\",\"url\":\"https:\\\/\\\/www.lraloeverashop.eu\\\/pt-pt\\\/\",\"logo\":{\"@type\":\"ImageObject\",\"inLanguage\":\"pt-PT\",\"@id\":\"https:\\\/\\\/www.lraloeverashop.eu\\\/pt-pt\\\/#\\\/schema\\\/logo\\\/image\\\/\",\"url\":\"https:\\\/\\\/www.lraloeverashop.eu\\\/wp-content\\\/uploads\\\/2022\\\/09\\\/cropped-Lr-Aloe-Vera-Shop.jpg\",\"contentUrl\":\"https:\\\/\\\/www.lraloeverashop.eu\\\/wp-content\\\/uploads\\\/2022\\\/09\\\/cropped-Lr-Aloe-Vera-Shop.jpg\",\"width\":228,\"height\":76,\"caption\":\"Lr Loja Aloe Vera\"},\"image\":{\"@id\":\"https:\\\/\\\/www.lraloeverashop.eu\\\/pt-pt\\\/#\\\/schema\\\/logo\\\/image\\\/\"},\"sameAs\":[\"https:\\\/\\\/www.facebook.com\\\/lraloeverashop.eu\",\"https:\\\/\\\/x.com\\\/natur__kosmetik\",\"https:\\\/\\\/www.youtube.com\\\/channel\\\/UC5oN7BJ8nfYb8RpVtjwDEBA\",\"https:\\\/\\\/www.instagram.com\\\/lrbeautyeu\\\/\"]}]}<\/script>\n<meta property=\"product:price:amount\" content=\"25.59\" \/>\n<meta property=\"product:price:currency\" content=\"EUR\" \/>\n<meta property=\"og:availability\" content=\"instock\" \/>\n<meta property=\"product:availability\" content=\"instock\" \/>\n<meta property=\"product:retailer_item_id\" content=\"80940-1PT\" \/>\n<meta property=\"product:condition\" content=\"new\" \/>\n<!-- \/ Yoast SEO Premium plugin. -->","yoast_head_json":{"title":"Lr Mind Master Bebida Gold apoia a mem\u00f3ria e a concentra\u00e7\u00e3o","description":"Lr Mind Master Bebida Gold ir\u00e1 aumentar o seu desempenho mental. Desbloqueie o potencial mental m\u00e1ximo com esta f\u00f3rmula premium. Concentre-se agora!","robots":{"index":"index","follow":"follow","max-snippet":"max-snippet:-1","max-image-preview":"max-image-preview:large","max-video-preview":"max-video-preview:-1"},"canonical":"https:\/\/www.lraloeverashop.eu\/pt-pt\/produto\/lr-mind-master-berbida-gold\/","og_locale":"pt_PT","og_type":"article","og_title":"Lr Mind Master Bebida Gold","og_description":"Lr Mind Master Bebida Gold ir\u00e1 aumentar o seu desempenho mental. Desbloqueie o potencial mental m\u00e1ximo com esta f\u00f3rmula premium. Concentre-se agora!","og_url":"https:\/\/www.lraloeverashop.eu\/pt-pt\/produto\/lr-mind-master-berbida-gold\/","og_site_name":"Lr Loja Aloe Vera","article_publisher":"https:\/\/www.facebook.com\/lraloeverashop.eu","article_modified_time":"2026-02-08T08:38:15+00:00","og_image":[{"width":1200,"height":1200,"url":"https:\/\/www.lraloeverashop.eu\/wp-content\/uploads\/2024\/05\/Mind-Master-Gold.jpeg","type":"image\/jpeg"}],"twitter_card":"summary_large_image","twitter_site":"@natur__kosmetik","schema":{"@context":"https:\/\/schema.org","@graph":[{"@type":["WebPage","ItemPage"],"@id":"https:\/\/www.lraloeverashop.eu\/pt-pt\/produto\/lr-mind-master-berbida-gold\/","url":"https:\/\/www.lraloeverashop.eu\/pt-pt\/produto\/lr-mind-master-berbida-gold\/","name":"Lr Mind Master Bebida Gold apoia a mem\u00f3ria e a concentra\u00e7\u00e3o","isPartOf":{"@id":"https:\/\/www.lraloeverashop.eu\/pt-pt\/#website"},"primaryImageOfPage":{"@id":"https:\/\/www.lraloeverashop.eu\/pt-pt\/produto\/lr-mind-master-berbida-gold\/#primaryimage"},"image":{"@id":"https:\/\/www.lraloeverashop.eu\/pt-pt\/produto\/lr-mind-master-berbida-gold\/#primaryimage"},"thumbnailUrl":"https:\/\/www.lraloeverashop.eu\/wp-content\/uploads\/2024\/05\/Mind-Master-Gold.jpeg","datePublished":"2024-05-23T08:30:42+00:00","dateModified":"2026-02-08T08:38:15+00:00","description":"Lr Mind Master Bebida Gold ir\u00e1 aumentar o seu desempenho mental. Desbloqueie o potencial mental m\u00e1ximo com esta f\u00f3rmula premium. Concentre-se agora!","breadcrumb":{"@id":"https:\/\/www.lraloeverashop.eu\/pt-pt\/produto\/lr-mind-master-berbida-gold\/#breadcrumb"},"inLanguage":"pt-PT","potentialAction":[{"@type":"ReadAction","target":["https:\/\/www.lraloeverashop.eu\/pt-pt\/produto\/lr-mind-master-berbida-gold\/"]}]},{"@type":"ImageObject","inLanguage":"pt-PT","@id":"https:\/\/www.lraloeverashop.eu\/pt-pt\/produto\/lr-mind-master-berbida-gold\/#primaryimage","url":"https:\/\/www.lraloeverashop.eu\/wp-content\/uploads\/2024\/05\/Mind-Master-Gold.jpeg","contentUrl":"https:\/\/www.lraloeverashop.eu\/wp-content\/uploads\/2024\/05\/Mind-Master-Gold.jpeg","width":1200,"height":1200,"caption":"Lr Mind Master Bebida Gold melhora a fun\u00e7\u00e3o cognitiva"},{"@type":"BreadcrumbList","@id":"https:\/\/www.lraloeverashop.eu\/pt-pt\/produto\/lr-mind-master-berbida-gold\/#breadcrumb","itemListElement":[{"@type":"ListItem","position":1,"name":"Home","item":"https:\/\/www.lraloeverashop.eu\/pt-pt\/"},{"@type":"ListItem","position":2,"name":"Loja","item":"https:\/\/www.lraloeverashop.eu\/pt-pt\/loja\/"},{"@type":"ListItem","position":3,"name":"Lr Mind Master Bebida Gold"}]},{"@type":"WebSite","@id":"https:\/\/www.lraloeverashop.eu\/pt-pt\/#website","url":"https:\/\/www.lraloeverashop.eu\/pt-pt\/","name":"Lr Loja Aloe Vera","description":"High Quality Lr Aloe Vera Gel, Aloe Vera Cream and Shampoo","publisher":{"@id":"https:\/\/www.lraloeverashop.eu\/pt-pt\/#organization"},"potentialAction":[{"@type":"SearchAction","target":{"@type":"EntryPoint","urlTemplate":"https:\/\/www.lraloeverashop.eu\/pt-pt\/?s={search_term_string}"},"query-input":{"@type":"PropertyValueSpecification","valueRequired":true,"valueName":"search_term_string"}}],"inLanguage":"pt-PT"},{"@type":"Organization","@id":"https:\/\/www.lraloeverashop.eu\/pt-pt\/#organization","name":"Lr Loja Aloe Vera","alternateName":"LR","url":"https:\/\/www.lraloeverashop.eu\/pt-pt\/","logo":{"@type":"ImageObject","inLanguage":"pt-PT","@id":"https:\/\/www.lraloeverashop.eu\/pt-pt\/#\/schema\/logo\/image\/","url":"https:\/\/www.lraloeverashop.eu\/wp-content\/uploads\/2022\/09\/cropped-Lr-Aloe-Vera-Shop.jpg","contentUrl":"https:\/\/www.lraloeverashop.eu\/wp-content\/uploads\/2022\/09\/cropped-Lr-Aloe-Vera-Shop.jpg","width":228,"height":76,"caption":"Lr Loja Aloe Vera"},"image":{"@id":"https:\/\/www.lraloeverashop.eu\/pt-pt\/#\/schema\/logo\/image\/"},"sameAs":["https:\/\/www.facebook.com\/lraloeverashop.eu","https:\/\/x.com\/natur__kosmetik","https:\/\/www.youtube.com\/channel\/UC5oN7BJ8nfYb8RpVtjwDEBA","https:\/\/www.instagram.com\/lrbeautyeu\/"]}]},"product_price_amount":"25.59","product_price_currency":"EUR","og_availability":"instock","product_availability":"instock","product_retailer_item_id":"80940-1PT","product_condition":"new"},"taxonomy_info":{"product_cat":[{"value":443,"label":"Desempenho e Energia"},{"value":467,"label":"Especialistas"},{"value":503,"label":"Mind Master"},{"value":413,"label":"Produtos Especiais"}],"product_tag":[{"value":668,"label":"Energia"}]},"featured_image_src_large":["https:\/\/www.lraloeverashop.eu\/wp-content\/uploads\/2024\/05\/Mind-Master-Gold-1024x1024.jpeg",1024,1024,true],"author_info":[],"comment_info":0,"_links":{"self":[{"href":"https:\/\/www.lraloeverashop.eu\/pt-pt\/wp-json\/wp\/v2\/product\/15309","targetHints":{"allow":["GET"]}}],"collection":[{"href":"https:\/\/www.lraloeverashop.eu\/pt-pt\/wp-json\/wp\/v2\/product"}],"about":[{"href":"https:\/\/www.lraloeverashop.eu\/pt-pt\/wp-json\/wp\/v2\/types\/product"}],"replies":[{"embeddable":true,"href":"https:\/\/www.lraloeverashop.eu\/pt-pt\/wp-json\/wp\/v2\/comments?post=15309"}],"wp:featuredmedia":[{"embeddable":true,"href":"https:\/\/www.lraloeverashop.eu\/pt-pt\/wp-json\/wp\/v2\/media\/15278"}],"wp:attachment":[{"href":"https:\/\/www.lraloeverashop.eu\/pt-pt\/wp-json\/wp\/v2\/media?parent=15309"}],"wp:term":[{"taxonomy":"product_brand","embeddable":true,"href":"https:\/\/www.lraloeverashop.eu\/pt-pt\/wp-json\/wp\/v2\/product_brand?post=15309"},{"taxonomy":"product_cat","embeddable":true,"href":"https:\/\/www.lraloeverashop.eu\/pt-pt\/wp-json\/wp\/v2\/product_cat?post=15309"},{"taxonomy":"product_tag","embeddable":true,"href":"https:\/\/www.lraloeverashop.eu\/pt-pt\/wp-json\/wp\/v2\/product_tag?post=15309"}],"curies":[{"name":"wp","href":"https:\/\/api.w.org\/{rel}","templated":true}]}}