{"id":14764,"date":"2024-04-21T15:19:37","date_gmt":"2024-04-21T13:19:37","guid":{"rendered":"https:\/\/www.lraloeverashop.eu\/?post_type=product&#038;p=14764"},"modified":"2026-02-08T09:38:57","modified_gmt":"2026-02-08T08:38:57","slug":"aloe-vera-gel-bebivel-acai","status":"publish","type":"product","link":"https:\/\/www.lraloeverashop.eu\/pt-pt\/produto\/aloe-vera-gel-bebivel-acai\/","title":{"rendered":"Aloe Vera Gel Beb\u00edvel Acai"},"content":{"rendered":"<h2><span style=\"font-size: 16pt;\"><strong>Aloe Vera Gel Beb\u00edvel Acai<\/strong><\/span><\/h2>\n<p><span style=\"font-size: 14pt;\"><strong>Aloe Vera Gel Beb\u00edvel Acai com groselhas, frutas silvestres e mel<\/strong><\/span><\/p>\n<p><strong>A TRIPLA PROTE\u00c7\u00c3O PARA O SEU VER\u00c3O<\/strong><\/p>\n<p>ACAI \u2013 agora voc\u00ea pode beber o popular superalimento na LR! O a\u00e7a\u00ed \u00e9 conhecido por seu alto teor de antioxidantes, bem como por in\u00fameras vitaminas e minerais.<\/p>\n<p><strong>EQUIL\u00cdBRIO ELETROL\u00cdTICO:<\/strong> Garante um equil\u00edbrio eletrol\u00edtico e metabolismo equilibrado\u00b9<br \/>\n<strong>PROTE\u00c7\u00c3O SOLAR:<\/strong> Apoia a prote\u00e7\u00e3o da pele do pr\u00f3prio corpo e garante a pigmenta\u00e7\u00e3o natural da pele.\u00b2<br \/>\n<strong>PROTE\u00c7\u00c3O DE DEFESA:<\/strong> Apoia o sistema imunol\u00f3gico.\u00b3<\/p>\n<p>&nbsp;<\/p>\n<h3><span style=\"font-size: 16pt;\"><strong>O Aloe Vera Gel Beb\u00edvel Acai Pro \u00e9 o seu elixir da vida para mais prote\u00e7\u00e3o no ver\u00e3o!<\/strong><\/span><\/h3>\n<p>Garante um equil\u00edbrio eletrol\u00edtico e metabolismo\u00b9, apoia a prote\u00e7\u00e3o solar do pr\u00f3prio corpo\u00b2 e garante a pigmenta\u00e7\u00e3o natural da pele\u00b2. Tamb\u00e9m apoia o <a href=\"https:\/\/www.lraloeverashop.eu\/pt-pt\/categoria-produto\/base-pt-pt\/sistema-imunologico-e-equilibrio\/\">sistema imunol\u00f3gico<\/a>\u00b3. O power drink de ver\u00e3o com 85% de fil\u00e9 de folhas de aloe vera, a\u00e7a\u00ed, groselha, frutas silvestres e <a href=\"https:\/\/www.lraloeverashop.eu\/pt-pt\/produto\/aloe-vera-gel-bebivel-de-mel\/\">mel<\/a> impressiona pelo sabor natural, frutado e fresco do a\u00e7a\u00ed.<\/p>\n<p>A excelente qualidade \u201cmade in Germany\u201d foi certificada pelo SGS Institut Fresenius e pelo IASC (International Aloe Science Council).<\/p>\n<p>1. A vitamina C contribui para o metabolismo energ\u00e9tico normal; O zinco contribui para o metabolismo normal da vitamina A; O magn\u00e9sio contribui para o equil\u00edbrio eletrol\u00edtico.<br \/>\n2. O cobre e o zinco ajudam a proteger as c\u00e9lulas do estresse oxidativo; O zinco ajuda a <a href=\"https:\/\/www.lraloeverashop.eu\/pt-pt\/bebida-aloe-vera-da-lr-health-beauty\/\">manter a pele normal<\/a>; O cobre contribui para a pigmenta\u00e7\u00e3o normal da pele.<br \/>\n3. O zinco, a vitamina C e o cobre contribuem para o funcionamento normal do sistema imunit\u00e1rio.<\/p>\n<p>&nbsp;<\/p>\n<h3><span style=\"font-size: 16pt;\"><strong>Como usar<\/strong><\/span><\/h3>\n<p><strong>Consumo recomendado:<\/strong> Recomendamos consumir 3 x 30 ml de Aloe Vera Gel Beb\u00edvel Acai diariamente..<\/p>\n<p><strong>Nota:<\/strong> Agite antes de usar. Ap\u00f3s aberto, guarde na geladeira e use rapidamente. A dose di\u00e1ria recomendada n\u00e3o deve ser excedida. Os <a href=\"https:\/\/www.lraloeverashop.eu\/pt-pt\/categoria-produto\/suplementosdieteticos\/\">suplementos diet\u00e9ticos<\/a> n\u00e3o substituem uma alimenta\u00e7\u00e3o variada e equilibrada, o que \u00e9 importante juntamente com um estilo de vida saud\u00e1vel.<br \/>\nMantenha o produto fora do alcance de crian\u00e7as pequenas.<\/p>\n<p>&nbsp;<\/p>\n<h4><span style=\"font-size: 16pt;\"><strong>Voc\u00ea sabia?<\/strong><\/span><\/h4>\n<p><span style=\"font-size: 14pt;\"><strong>Na LR, a qualidade encontra a compet\u00eancia<\/strong><\/span><\/p>\n<p><strong>Exclusivamente de alta qualidade<\/strong><br \/>\nApenas os g\u00e9is beb\u00edveis LR Aloe Vera receberam o selo SGS INSTITUT FRESENIUS e o selo IASC por:<\/p>\n<p>\u2022 Produto de alta qualidade \u2013 feito de gel puro de folhas de aloe vera, sem alo\u00edna*<br \/>\n\u2022 Cultivo sustent\u00e1vel no M\u00e9xico (testado pela IASC)<br \/>\n\u2022 Processamento suave<br \/>\n\u2022 altos padr\u00f5es de produ\u00e7\u00e3o<\/p>\n<p><strong>Anos de experi\u00eancia<\/strong><br \/>\nOs g\u00e9is beb\u00edveis LR Aloe Vera representam qualidade fabricada na Alemanha:<\/p>\n<p>\u2022 A LR \u00e9 especialista em aloe vera h\u00e1 mais de 17 anos<br \/>\n\u2022 Produ\u00e7\u00e3o pr\u00f3pria em uma das mais modernas instala\u00e7\u00f5es de produ\u00e7\u00e3o de aloe vera na Alemanha<br \/>\n\u2022 Coopera\u00e7\u00e3o com especialistas renomados<\/p>\n<p><strong>N\u00e3o s\u00f3 saud\u00e1vel, mas tamb\u00e9m delicioso<\/strong><br \/>\nOs <a href=\"https:\/\/www.lraloeverashop.eu\/pt-pt\/categoria-produto\/base-pt-pt\/geis-bebiveis\/\">G\u00e9is beb\u00edveis LR Aloe Vera<\/a> n\u00e3o s\u00f3 oferecem suporte em uma ampla variedade de situa\u00e7\u00f5es, mas tamb\u00e9m em uma ampla gama de sabores. Seja com uma nota natural de urtiga ou um agrad\u00e1vel sabor de mel &#8211; aqui h\u00e1 algo para todos os gostos.<\/p>\n<p>O Aloe Vera Gel Beb\u00edvel Acai \u00e9 um produto natural e com o tempo a cor do gel pode mudar. Isto n\u00e3o tem impacto na qualidade.<\/p>\n","protected":false},"excerpt":{"rendered":"<ul>\n<li>Suplemento diet\u00e9tico com vitamina C e minerais<\/li>\n<li>A prote\u00e7\u00e3o tripla para o seu ver\u00e3o: equil\u00edbrio eletrol\u00edtico\u00b9, prote\u00e7\u00e3o solar\u00b2 e prote\u00e7\u00e3o de defesa\u00b3<\/li>\n<li>Natural: 85% fil\u00e9 de folhas de Aloe Vera<\/li>\n<li>Ver\u00e3o: Com a\u00e7a\u00ed, groselha, frutas silvestres e mel<\/li>\n<li>Excelente qualidade \u2013 fabricado na Alemanha<\/li>\n<li>Conte\u00fado: 1000 ml<\/li>\n<\/ul>\n<p><span style=\"color: #ff0000;\"><a style=\"color: #ff0000;\" href=\"https:\/\/shop.lrworld.com\/openpao?PHP=0vFlt7jT938BEnBI3a6e9w%3D%3D\"><span style=\"font-size: 14pt;\"><strong>Registe-se aqui e poupe 35% em todos os pedidos<\/strong><\/span><\/a><\/span><\/p>\n","protected":false},"featured_media":14740,"comment_status":"open","ping_status":"closed","template":"","meta":{"_kad_blocks_custom_css":"","_kad_blocks_head_custom_js":"","_kad_blocks_body_custom_js":"","_kad_blocks_footer_custom_js":"","_kadence_starter_templates_imported_post":false,"_kad_post_transparent":"default","_kad_post_title":"","_kad_post_layout":"default","_kad_post_sidebar_id":"","_kad_post_content_style":"default","_kad_post_vertical_padding":"default","_kad_post_feature":"","_kad_post_feature_position":"","_kad_post_header":false,"_kad_post_footer":false,"_kad_post_classname":""},"product_brand":[],"product_cat":[401,467,294,437,419],"product_tag":[612],"class_list":{"0":"post-14764","1":"product","2":"type-product","3":"status-publish","4":"has-post-thumbnail","6":"product_cat-base-pt-pt","7":"product_cat-lr-especialistas","8":"product_cat-geis-bebiveis","9":"product_cat-intestino-e-digestao","10":"product_cat-ossos-articulacoes-e-musculos","11":"product_tag-bebidas-desintoxicantes","13":"first","14":"instock","15":"taxable","16":"shipping-taxable","17":"purchasable","18":"product-type-simple","19":"entry","20":"content-bg","21":"loop-entry"},"yoast_head":"<!-- This site is optimized with the Yoast SEO Premium plugin v27.4 (Yoast SEO v27.4) - https:\/\/yoast.com\/product\/yoast-seo-premium-wordpress\/ -->\n<title>Aloe Vera Gel Beb\u00edvel Acai com groselhas, frutas silvestres e mel<\/title>\n<meta name=\"description\" content=\"Aloe Vera Gel Beb\u00edvel Acai Pro de Lr Health &amp; beauty \u00e9 conhecido por seu alto teor incomum de antioxidantes, bem como por in\u00fameras vitaminas e minerais.\" \/>\n<meta name=\"robots\" content=\"index, follow, max-snippet:-1, max-image-preview:large, max-video-preview:-1\" \/>\n<link rel=\"canonical\" href=\"https:\/\/www.lraloeverashop.eu\/pt-pt\/produto\/aloe-vera-gel-bebivel-acai\/\" \/>\n<meta property=\"og:locale\" content=\"pt_PT\" \/>\n<meta property=\"og:type\" content=\"article\" \/>\n<meta property=\"og:title\" content=\"Aloe Vera Gel Beb\u00edvel Acai\" \/>\n<meta property=\"og:description\" content=\"Aloe Vera Gel Beb\u00edvel Acai Pro de Lr Health &amp; beauty \u00e9 conhecido por seu alto teor incomum de antioxidantes, bem como por in\u00fameras vitaminas e minerais.\" \/>\n<meta property=\"og:url\" content=\"https:\/\/www.lraloeverashop.eu\/pt-pt\/produto\/aloe-vera-gel-bebivel-acai\/\" \/>\n<meta property=\"og:site_name\" content=\"Lr Loja Aloe Vera\" \/>\n<meta property=\"article:publisher\" content=\"https:\/\/www.facebook.com\/lraloeverashop.eu\" \/>\n<meta property=\"article:modified_time\" content=\"2026-02-08T08:38:57+00:00\" \/>\n<meta property=\"og:image\" content=\"https:\/\/www.lraloeverashop.eu\/wp-content\/uploads\/2024\/04\/Aloe-Vera-Drinking-Gel-Acai.jpeg\" \/>\n\t<meta property=\"og:image:width\" content=\"1200\" \/>\n\t<meta property=\"og:image:height\" content=\"1200\" \/>\n\t<meta property=\"og:image:type\" content=\"image\/jpeg\" \/>\n<meta name=\"twitter:card\" content=\"summary_large_image\" \/>\n<meta name=\"twitter:site\" content=\"@natur__kosmetik\" \/>\n<script type=\"application\/ld+json\" class=\"yoast-schema-graph\">{\"@context\":\"https:\\\/\\\/schema.org\",\"@graph\":[{\"@type\":[\"WebPage\",\"ItemPage\"],\"@id\":\"https:\\\/\\\/www.lraloeverashop.eu\\\/pt-pt\\\/produto\\\/aloe-vera-gel-bebivel-acai\\\/\",\"url\":\"https:\\\/\\\/www.lraloeverashop.eu\\\/pt-pt\\\/produto\\\/aloe-vera-gel-bebivel-acai\\\/\",\"name\":\"Aloe Vera Gel Beb\u00edvel Acai com groselhas, frutas silvestres e mel\",\"isPartOf\":{\"@id\":\"https:\\\/\\\/www.lraloeverashop.eu\\\/pt-pt\\\/#website\"},\"primaryImageOfPage\":{\"@id\":\"https:\\\/\\\/www.lraloeverashop.eu\\\/pt-pt\\\/produto\\\/aloe-vera-gel-bebivel-acai\\\/#primaryimage\"},\"image\":{\"@id\":\"https:\\\/\\\/www.lraloeverashop.eu\\\/pt-pt\\\/produto\\\/aloe-vera-gel-bebivel-acai\\\/#primaryimage\"},\"thumbnailUrl\":\"https:\\\/\\\/www.lraloeverashop.eu\\\/wp-content\\\/uploads\\\/2024\\\/04\\\/Aloe-Vera-Drinking-Gel-Acai.jpeg\",\"datePublished\":\"2024-04-21T13:19:37+00:00\",\"dateModified\":\"2026-02-08T08:38:57+00:00\",\"description\":\"Aloe Vera Gel Beb\u00edvel Acai Pro de Lr Health & beauty \u00e9 conhecido por seu alto teor incomum de antioxidantes, bem como por in\u00fameras vitaminas e minerais.\",\"breadcrumb\":{\"@id\":\"https:\\\/\\\/www.lraloeverashop.eu\\\/pt-pt\\\/produto\\\/aloe-vera-gel-bebivel-acai\\\/#breadcrumb\"},\"inLanguage\":\"pt-PT\",\"potentialAction\":[{\"@type\":\"ReadAction\",\"target\":[\"https:\\\/\\\/www.lraloeverashop.eu\\\/pt-pt\\\/produto\\\/aloe-vera-gel-bebivel-acai\\\/\"]}]},{\"@type\":\"ImageObject\",\"inLanguage\":\"pt-PT\",\"@id\":\"https:\\\/\\\/www.lraloeverashop.eu\\\/pt-pt\\\/produto\\\/aloe-vera-gel-bebivel-acai\\\/#primaryimage\",\"url\":\"https:\\\/\\\/www.lraloeverashop.eu\\\/wp-content\\\/uploads\\\/2024\\\/04\\\/Aloe-Vera-Drinking-Gel-Acai.jpeg\",\"contentUrl\":\"https:\\\/\\\/www.lraloeverashop.eu\\\/wp-content\\\/uploads\\\/2024\\\/04\\\/Aloe-Vera-Drinking-Gel-Acai.jpeg\",\"width\":1200,\"height\":1200,\"caption\":\"Aloe Vera Gel Beb\u00edvel A\u00e7a\u00ed Pro com groselhas, frutas silvestres e mel\"},{\"@type\":\"BreadcrumbList\",\"@id\":\"https:\\\/\\\/www.lraloeverashop.eu\\\/pt-pt\\\/produto\\\/aloe-vera-gel-bebivel-acai\\\/#breadcrumb\",\"itemListElement\":[{\"@type\":\"ListItem\",\"position\":1,\"name\":\"Home\",\"item\":\"https:\\\/\\\/www.lraloeverashop.eu\\\/pt-pt\\\/\"},{\"@type\":\"ListItem\",\"position\":2,\"name\":\"Loja\",\"item\":\"https:\\\/\\\/www.lraloeverashop.eu\\\/pt-pt\\\/loja\\\/\"},{\"@type\":\"ListItem\",\"position\":3,\"name\":\"Aloe Vera Gel Beb\u00edvel Acai\"}]},{\"@type\":\"WebSite\",\"@id\":\"https:\\\/\\\/www.lraloeverashop.eu\\\/pt-pt\\\/#website\",\"url\":\"https:\\\/\\\/www.lraloeverashop.eu\\\/pt-pt\\\/\",\"name\":\"Lr Loja Aloe Vera\",\"description\":\"High Quality Lr Aloe Vera Gel, Aloe Vera Cream and Shampoo\",\"publisher\":{\"@id\":\"https:\\\/\\\/www.lraloeverashop.eu\\\/pt-pt\\\/#organization\"},\"potentialAction\":[{\"@type\":\"SearchAction\",\"target\":{\"@type\":\"EntryPoint\",\"urlTemplate\":\"https:\\\/\\\/www.lraloeverashop.eu\\\/pt-pt\\\/?s={search_term_string}\"},\"query-input\":{\"@type\":\"PropertyValueSpecification\",\"valueRequired\":true,\"valueName\":\"search_term_string\"}}],\"inLanguage\":\"pt-PT\"},{\"@type\":\"Organization\",\"@id\":\"https:\\\/\\\/www.lraloeverashop.eu\\\/pt-pt\\\/#organization\",\"name\":\"Loja Lr Aloe Vera\",\"alternateName\":\"LR\",\"url\":\"https:\\\/\\\/www.lraloeverashop.eu\\\/pt-pt\\\/\",\"logo\":{\"@type\":\"ImageObject\",\"inLanguage\":\"pt-PT\",\"@id\":\"https:\\\/\\\/www.lraloeverashop.eu\\\/pt-pt\\\/#\\\/schema\\\/logo\\\/image\\\/\",\"url\":\"https:\\\/\\\/www.lraloeverashop.eu\\\/wp-content\\\/uploads\\\/2022\\\/09\\\/cropped-Lr-Aloe-Vera-Shop.jpg\",\"contentUrl\":\"https:\\\/\\\/www.lraloeverashop.eu\\\/wp-content\\\/uploads\\\/2022\\\/09\\\/cropped-Lr-Aloe-Vera-Shop.jpg\",\"width\":228,\"height\":76,\"caption\":\"Loja Lr Aloe Vera\"},\"image\":{\"@id\":\"https:\\\/\\\/www.lraloeverashop.eu\\\/pt-pt\\\/#\\\/schema\\\/logo\\\/image\\\/\"},\"sameAs\":[\"https:\\\/\\\/www.facebook.com\\\/lraloeverashop.eu\",\"https:\\\/\\\/x.com\\\/natur__kosmetik\",\"https:\\\/\\\/www.youtube.com\\\/channel\\\/UC5oN7BJ8nfYb8RpVtjwDEBA\",\"https:\\\/\\\/www.instagram.com\\\/lrbeautyeu\\\/\"],\"description\":\"Loja Lr Aloe Vera \u00e9 o seu destino de confian\u00e7a para os produtos de sa\u00fade e beleza premium da LR, fabricados na Alemanha. Oferecemos solu\u00e7\u00f5es de alta qualidade para o cuidado da pele, nutri\u00e7\u00e3o e antienvelhecimento \u00e0 base de Alo\u00e9 Vera, elaboradas com ingredientes puros e apoiadas em investiga\u00e7\u00e3o cient\u00edfica. Descubra o cuidado natural que regenera, protege e revitaliza a sua pele \u2014 e aproveite as ofertas mensais exclusivas nos nossos produtos LR Alo\u00e9 Vera mais vendidos.\\nComece hoje mesmo a sua jornada de cuidados naturais com a pele e sinta a diferen\u00e7a.\",\"email\":\"info@lraloeverashop.eu\",\"telephone\":\"+49 17670609653\",\"legalName\":\"Lr Aloe Vera Shop\",\"foundingDate\":\"2018-04-21\",\"numberOfEmployees\":{\"@type\":\"QuantitativeValue\",\"minValue\":\"1\",\"maxValue\":\"10\"}}]}<\/script>\n<meta property=\"product:price:amount\" content=\"45.79\" \/>\n<meta property=\"product:price:currency\" content=\"EUR\" \/>\n<meta property=\"og:availability\" content=\"instock\" \/>\n<meta property=\"product:availability\" content=\"instock\" \/>\n<meta property=\"product:retailer_item_id\" content=\"81100-1PT\" \/>\n<meta property=\"product:condition\" content=\"new\" \/>\n<!-- \/ Yoast SEO Premium plugin. -->","yoast_head_json":{"title":"Aloe Vera Gel Beb\u00edvel Acai com groselhas, frutas silvestres e mel","description":"Aloe Vera Gel Beb\u00edvel Acai Pro de Lr Health & beauty \u00e9 conhecido por seu alto teor incomum de antioxidantes, bem como por in\u00fameras vitaminas e minerais.","robots":{"index":"index","follow":"follow","max-snippet":"max-snippet:-1","max-image-preview":"max-image-preview:large","max-video-preview":"max-video-preview:-1"},"canonical":"https:\/\/www.lraloeverashop.eu\/pt-pt\/produto\/aloe-vera-gel-bebivel-acai\/","og_locale":"pt_PT","og_type":"article","og_title":"Aloe Vera Gel Beb\u00edvel Acai","og_description":"Aloe Vera Gel Beb\u00edvel Acai Pro de Lr Health & beauty \u00e9 conhecido por seu alto teor incomum de antioxidantes, bem como por in\u00fameras vitaminas e minerais.","og_url":"https:\/\/www.lraloeverashop.eu\/pt-pt\/produto\/aloe-vera-gel-bebivel-acai\/","og_site_name":"Lr Loja Aloe Vera","article_publisher":"https:\/\/www.facebook.com\/lraloeverashop.eu","article_modified_time":"2026-02-08T08:38:57+00:00","og_image":[{"width":1200,"height":1200,"url":"https:\/\/www.lraloeverashop.eu\/wp-content\/uploads\/2024\/04\/Aloe-Vera-Drinking-Gel-Acai.jpeg","type":"image\/jpeg"}],"twitter_card":"summary_large_image","twitter_site":"@natur__kosmetik","schema":{"@context":"https:\/\/schema.org","@graph":[{"@type":["WebPage","ItemPage"],"@id":"https:\/\/www.lraloeverashop.eu\/pt-pt\/produto\/aloe-vera-gel-bebivel-acai\/","url":"https:\/\/www.lraloeverashop.eu\/pt-pt\/produto\/aloe-vera-gel-bebivel-acai\/","name":"Aloe Vera Gel Beb\u00edvel Acai com groselhas, frutas silvestres e mel","isPartOf":{"@id":"https:\/\/www.lraloeverashop.eu\/pt-pt\/#website"},"primaryImageOfPage":{"@id":"https:\/\/www.lraloeverashop.eu\/pt-pt\/produto\/aloe-vera-gel-bebivel-acai\/#primaryimage"},"image":{"@id":"https:\/\/www.lraloeverashop.eu\/pt-pt\/produto\/aloe-vera-gel-bebivel-acai\/#primaryimage"},"thumbnailUrl":"https:\/\/www.lraloeverashop.eu\/wp-content\/uploads\/2024\/04\/Aloe-Vera-Drinking-Gel-Acai.jpeg","datePublished":"2024-04-21T13:19:37+00:00","dateModified":"2026-02-08T08:38:57+00:00","description":"Aloe Vera Gel Beb\u00edvel Acai Pro de Lr Health & beauty \u00e9 conhecido por seu alto teor incomum de antioxidantes, bem como por in\u00fameras vitaminas e minerais.","breadcrumb":{"@id":"https:\/\/www.lraloeverashop.eu\/pt-pt\/produto\/aloe-vera-gel-bebivel-acai\/#breadcrumb"},"inLanguage":"pt-PT","potentialAction":[{"@type":"ReadAction","target":["https:\/\/www.lraloeverashop.eu\/pt-pt\/produto\/aloe-vera-gel-bebivel-acai\/"]}]},{"@type":"ImageObject","inLanguage":"pt-PT","@id":"https:\/\/www.lraloeverashop.eu\/pt-pt\/produto\/aloe-vera-gel-bebivel-acai\/#primaryimage","url":"https:\/\/www.lraloeverashop.eu\/wp-content\/uploads\/2024\/04\/Aloe-Vera-Drinking-Gel-Acai.jpeg","contentUrl":"https:\/\/www.lraloeverashop.eu\/wp-content\/uploads\/2024\/04\/Aloe-Vera-Drinking-Gel-Acai.jpeg","width":1200,"height":1200,"caption":"Aloe Vera Gel Beb\u00edvel A\u00e7a\u00ed Pro com groselhas, frutas silvestres e mel"},{"@type":"BreadcrumbList","@id":"https:\/\/www.lraloeverashop.eu\/pt-pt\/produto\/aloe-vera-gel-bebivel-acai\/#breadcrumb","itemListElement":[{"@type":"ListItem","position":1,"name":"Home","item":"https:\/\/www.lraloeverashop.eu\/pt-pt\/"},{"@type":"ListItem","position":2,"name":"Loja","item":"https:\/\/www.lraloeverashop.eu\/pt-pt\/loja\/"},{"@type":"ListItem","position":3,"name":"Aloe Vera Gel Beb\u00edvel Acai"}]},{"@type":"WebSite","@id":"https:\/\/www.lraloeverashop.eu\/pt-pt\/#website","url":"https:\/\/www.lraloeverashop.eu\/pt-pt\/","name":"Lr Loja Aloe Vera","description":"High Quality Lr Aloe Vera Gel, Aloe Vera Cream and Shampoo","publisher":{"@id":"https:\/\/www.lraloeverashop.eu\/pt-pt\/#organization"},"potentialAction":[{"@type":"SearchAction","target":{"@type":"EntryPoint","urlTemplate":"https:\/\/www.lraloeverashop.eu\/pt-pt\/?s={search_term_string}"},"query-input":{"@type":"PropertyValueSpecification","valueRequired":true,"valueName":"search_term_string"}}],"inLanguage":"pt-PT"},{"@type":"Organization","@id":"https:\/\/www.lraloeverashop.eu\/pt-pt\/#organization","name":"Loja Lr Aloe Vera","alternateName":"LR","url":"https:\/\/www.lraloeverashop.eu\/pt-pt\/","logo":{"@type":"ImageObject","inLanguage":"pt-PT","@id":"https:\/\/www.lraloeverashop.eu\/pt-pt\/#\/schema\/logo\/image\/","url":"https:\/\/www.lraloeverashop.eu\/wp-content\/uploads\/2022\/09\/cropped-Lr-Aloe-Vera-Shop.jpg","contentUrl":"https:\/\/www.lraloeverashop.eu\/wp-content\/uploads\/2022\/09\/cropped-Lr-Aloe-Vera-Shop.jpg","width":228,"height":76,"caption":"Loja Lr Aloe Vera"},"image":{"@id":"https:\/\/www.lraloeverashop.eu\/pt-pt\/#\/schema\/logo\/image\/"},"sameAs":["https:\/\/www.facebook.com\/lraloeverashop.eu","https:\/\/x.com\/natur__kosmetik","https:\/\/www.youtube.com\/channel\/UC5oN7BJ8nfYb8RpVtjwDEBA","https:\/\/www.instagram.com\/lrbeautyeu\/"],"description":"Loja Lr Aloe Vera \u00e9 o seu destino de confian\u00e7a para os produtos de sa\u00fade e beleza premium da LR, fabricados na Alemanha. Oferecemos solu\u00e7\u00f5es de alta qualidade para o cuidado da pele, nutri\u00e7\u00e3o e antienvelhecimento \u00e0 base de Alo\u00e9 Vera, elaboradas com ingredientes puros e apoiadas em investiga\u00e7\u00e3o cient\u00edfica. Descubra o cuidado natural que regenera, protege e revitaliza a sua pele \u2014 e aproveite as ofertas mensais exclusivas nos nossos produtos LR Alo\u00e9 Vera mais vendidos.\nComece hoje mesmo a sua jornada de cuidados naturais com a pele e sinta a diferen\u00e7a.","email":"info@lraloeverashop.eu","telephone":"+49 17670609653","legalName":"Lr Aloe Vera Shop","foundingDate":"2018-04-21","numberOfEmployees":{"@type":"QuantitativeValue","minValue":"1","maxValue":"10"}}]},"product_price_amount":"45.79","product_price_currency":"EUR","og_availability":"instock","product_availability":"instock","product_retailer_item_id":"81100-1PT","product_condition":"new"},"taxonomy_info":{"product_cat":[{"value":401,"label":"Base"},{"value":467,"label":"Especialistas"},{"value":294,"label":"Gel Beb\u00edvel Aloe Vera"},{"value":437,"label":"Intestino e Digest\u00e3o"},{"value":419,"label":"Ossos, Articula\u00e7\u00f5es e M\u00fasculos"}],"product_tag":[{"value":612,"label":"Bebidas desintoxicantes"}]},"featured_image_src_large":["https:\/\/www.lraloeverashop.eu\/wp-content\/uploads\/2024\/04\/Aloe-Vera-Drinking-Gel-Acai-1024x1024.jpeg",1024,1024,true],"author_info":[],"comment_info":0,"_links":{"self":[{"href":"https:\/\/www.lraloeverashop.eu\/pt-pt\/wp-json\/wp\/v2\/product\/14764","targetHints":{"allow":["GET"]}}],"collection":[{"href":"https:\/\/www.lraloeverashop.eu\/pt-pt\/wp-json\/wp\/v2\/product"}],"about":[{"href":"https:\/\/www.lraloeverashop.eu\/pt-pt\/wp-json\/wp\/v2\/types\/product"}],"replies":[{"embeddable":true,"href":"https:\/\/www.lraloeverashop.eu\/pt-pt\/wp-json\/wp\/v2\/comments?post=14764"}],"wp:featuredmedia":[{"embeddable":true,"href":"https:\/\/www.lraloeverashop.eu\/pt-pt\/wp-json\/wp\/v2\/media\/14740"}],"wp:attachment":[{"href":"https:\/\/www.lraloeverashop.eu\/pt-pt\/wp-json\/wp\/v2\/media?parent=14764"}],"wp:term":[{"taxonomy":"product_brand","embeddable":true,"href":"https:\/\/www.lraloeverashop.eu\/pt-pt\/wp-json\/wp\/v2\/product_brand?post=14764"},{"taxonomy":"product_cat","embeddable":true,"href":"https:\/\/www.lraloeverashop.eu\/pt-pt\/wp-json\/wp\/v2\/product_cat?post=14764"},{"taxonomy":"product_tag","embeddable":true,"href":"https:\/\/www.lraloeverashop.eu\/pt-pt\/wp-json\/wp\/v2\/product_tag?post=14764"}],"curies":[{"name":"wp","href":"https:\/\/api.w.org\/{rel}","templated":true}]}}