{"id":13716,"date":"2023-11-01T06:28:15","date_gmt":"2023-11-01T05:28:15","guid":{"rendered":"https:\/\/www.lraloeverashop.eu\/?post_type=product&#038;p=13716"},"modified":"2026-02-08T09:51:51","modified_gmt":"2026-02-08T08:51:51","slug":"bebida-de-gel-sivera-set-2-pecas-oferta-limitada","status":"publish","type":"product","link":"https:\/\/www.lraloeverashop.eu\/pt-pt\/produto\/bebida-de-gel-sivera-set-2-pecas-oferta-limitada\/","title":{"rendered":"Bebida De Gel Sivera Set 2 Pe\u00e7as Oferta limitada"},"content":{"rendered":"<h2><span style=\"font-size: 16pt;\"><strong>Bebida De Gel Sivera Set 2 Pe\u00e7as Oferta limitada<\/strong><\/span><\/h2>\n<p><span style=\"font-size: 14pt;\"><strong>Bebida De Gel Sivera Set 2 Pe\u00e7as Com 90% gel de aloe vera<\/strong><\/span><\/p>\n<p>Bebida De Gel Sivera combina as qualidades positivas do Aloe Vera com o extrato natural da urtiga. A Aloe vera \u00e9 considerada nossa planta desintoxicante mais importante para a purifica\u00e7\u00e3o do sangue, o metabolismo, a digest\u00e3o e a excre\u00e7\u00e3o urin\u00e1rio.<\/p>\n<p>Bebida De Gel Sivera com <a href=\"https:\/\/pt.wikipedia.org\/wiki\/Urtica\">urtiga<\/a> \u00e9 uma fonte de vitamina A, C, E, ferro, magn\u00e9sio, c\u00e1lcio, histamina e lute\u00edna. O sil\u00edcio \u00e9 o segundo elemento mais difundido no mundo depois do oxig\u00eanio. Em geral, temos falta de sil\u00edcio em nossa dieta. O conte\u00fado de sil\u00edcio do solo diminuiu pelo menos 80% nos \u00faltimos 20 anos.<\/p>\n<p>A Sivera cont\u00e9m monometilsilano trivalente. O sil\u00edcio \u00e9 capaz de reter fluido na c\u00e9lula, protege a pele da flacidez, e \u00e9 um componente importante de todos os m\u00fasculos, tend\u00f5es, cartilagens, ossos, ligamentos, paredes vasculares e col\u00e1geno da pele. \u00c9 ado\u00e7ado com 7% de n\u00e9ctar de mel.<\/p>\n<p>&nbsp;<\/p>\n<p><iframe loading=\"lazy\" src=\"\/\/www.youtube.com\/embed\/Am2AEByfuX0?rel=0&amp;showinfo=0\" width=\"1280\" height=\"720\" frameborder=\"0\" allowfullscreen=\"allowfullscreen\"><\/iframe><\/p>\n<p>&nbsp;<\/p>\n<h3><span style=\"font-size: 16pt;\"><strong>Efeitos<\/strong><\/span><\/h3>\n<p>\u2022\u00a0 A sivera \u00e9 recomendada para todos na casa dos quarenta<br \/>\n\u2022\u00a0 Desintoxica, modula a imunidade e regenera o corpo.<br \/>\n\u2022\u00a0 Reduz o colesterol LDL e os n\u00edveis de gordura.<br \/>\n\u2022\u00a0 Reduz o a\u00e7\u00facar no sangue.<br \/>\n\u2022\u00a0 Modula a press\u00e3o arterial.<br \/>\n\u2022\u00a0 Devido ao conte\u00fado de histamina \u00e9 muito eficaz para quem sofre de alergias<br \/>\n\u2022\u00a0 Efetivo onde houver problemas com a elasticidade da parede vascular (varizes, hemorroidas, grandes hematomas, ros\u00e1cea, sangramento nas gengivas)<br \/>\n\u2022\u00a0 uma prepara\u00e7\u00e3o eficaz para doen\u00e7as cardiovasculares e aterosclerose<br \/>\n\u2022\u00a0 No glaucoma (press\u00e3o intraocular), muitas plantas funcionam aqui, mas a <a href=\"https:\/\/www.lraloeverashop.eu\/pt-pt\/produto\/aloe-vera-gel-bebivel-sivera\/\">Sivera<\/a> tem os efeitos mais r\u00e1pidos nos problemas de vis\u00e3o.<br \/>\n\u2022\u00a0 Em pessoas com carga gen\u00e9tica de trombose (<strong>n\u00e3o recomendado para pacientes em uso de varfarina, um anticoagulante<\/strong>), a vitamina K contida no gel Sivera reduziria o efeito do medicamento. Os outros 3 tipos de g\u00e9is de Aloe Vera s\u00e3o mais recomend\u00e1veis!<br \/>\npara crian\u00e7as em crescimento (especialmente adolescentes, se eles est\u00e3o a crescer com dores de crescimento)<br \/>\n\u2022\u00a0 para fins cosm\u00e9ticos (para melhorar a pele, cabelo, unhas)<br \/>\n\u2022\u00a0 para m\u00fasculos, tend\u00f5es, discos intervertebrais (pode ser substitu\u00eddo pelo <a href=\"https:\/\/www.lraloeverashop.eu\/pt-pt\/produto\/aloe-vera-gel-bebivel-freedom\/\">Gel Freedom<\/a>)<br \/>\n\u2022\u00a0 Na osteoporose, deve mudar para Lr Aloe Vera Gel Beb\u00edvel Freedom<\/p>\n<p>&nbsp;<\/p>\n<h4><span style=\"font-size: 16pt;\"><strong>Como usar<\/strong><\/span><\/h4>\n<p><strong>Ingest\u00e3o recomendada:<\/strong> 30 ml de Aloe Vera Sivera 3 vezes ao dia, de prefer\u00eancia antes das refei\u00e7\u00f5es (se necess\u00e1rio diluir com \u00e1gua ou suco de frutas). Agitar antes de usar.<\/p>\n<p><strong>Ideia de receita:<\/strong> experimente <a href=\"https:\/\/www.lraloeverashop.eu\/pt-pt\/produto\/aloe-vera-para-beber-sivera\/\">Aloe Vera Gel Sivera<\/a> com um copo de suco de laranja ou misture o gel em um smoothie rec\u00e9m-misturado com muitas frutas e vegetais saud\u00e1veis.<\/p>\n<p>Agitar antes de usar. Conservar na geladeira ap\u00f3s aberto e consumir rapidamente. A dose di\u00e1ria recomendada n\u00e3o deve ser excedida. Os suplementos diet\u00e9ticos n\u00e3o substituem uma dieta variada e equilibrada, o que \u00e9 importante em conjunto com um estilo de vida saud\u00e1vel. Mantenha o produto fora do alcance de crian\u00e7as pequenas.<\/p>\n<p><strong>A Bebida De Gel Sivera n\u00e3o tem no mercado um produto equivalente que seja superado por seus efeitos.<\/strong><\/p>\n<p>A pesquisa cient\u00edfica \u00e9 a base para conceitos inovadores dos produtos. \u00c9 por isso que a LR investe muito tempo e dinheiro para acompanhar a ci\u00eancia e a pesquisa. Bebida De Aloe Vera Sivera \u00e9 s\u00f3 um exemplo de como Lr combina ingredientes naturais valiosos e produz produtos de Aloe Vera da mais alta qualidade para si.<\/p>\n","protected":false},"excerpt":{"rendered":"<ul>\n<li><strong><span style=\"color: #ff0000;\">Oferta limitada<\/span><\/strong><\/li>\n<li>90% Gel de folha de Aloe Vera puro<\/li>\n<li>7% flor mel<\/li>\n<li>Afeta a qualidade da pele, unhas e cabelo<\/li>\n<li>Com extrato de urtiga para um alto teor de sil\u00edcio natural<\/li>\n<li>Conte\u00fado: 2 x 1000 ml<\/li>\n<\/ul>\n<p><span style=\"color: #ff0000;\"><a style=\"color: #ff0000;\" href=\"https:\/\/shop.lrworld.com\/openpao?PHP=0vFlt7jT938BEnBI3a6e9w%3D%3D\"><span style=\"font-size: 14pt;\"><strong>Registe-se aqui e poupe 35% em todos os pedidos<\/strong><\/span><\/a><\/span><\/p>\n","protected":false},"featured_media":13727,"comment_status":"open","ping_status":"closed","template":"","meta":{"_kad_blocks_custom_css":"","_kad_blocks_head_custom_js":"","_kad_blocks_body_custom_js":"","_kad_blocks_footer_custom_js":"","_kadence_starter_templates_imported_post":false,"_kad_post_transparent":"default","_kad_post_title":"","_kad_post_layout":"default","_kad_post_sidebar_id":"","_kad_post_content_style":"default","_kad_post_vertical_padding":"default","_kad_post_feature":"","_kad_post_feature_position":"","_kad_post_header":false,"_kad_post_footer":false,"_kad_post_classname":""},"product_brand":[],"product_cat":[401,425,460,467,294,437,354],"product_tag":[612],"class_list":{"0":"post-13716","1":"product","2":"type-product","3":"status-publish","4":"has-post-thumbnail","6":"product_cat-base-pt-pt","7":"product_cat-coracao-e-circulacao","8":"product_cat-economize-em-conjuntos","9":"product_cat-lr-especialistas","10":"product_cat-geis-bebiveis","11":"product_cat-intestino-e-digestao","12":"product_cat-promocoes","13":"product_tag-bebidas-desintoxicantes","15":"first","16":"instock","17":"sale","18":"taxable","19":"shipping-taxable","20":"purchasable","21":"product-type-simple","22":"entry","23":"content-bg","24":"loop-entry"},"yoast_head":"<!-- This site is optimized with the Yoast SEO Premium plugin v27.4 (Yoast SEO v27.4) - https:\/\/yoast.com\/product\/yoast-seo-premium-wordpress\/ -->\n<title>Bebida De Gel Sivera com 90% de Aloe Vera. Oferta limitada<\/title>\n<meta name=\"description\" content=\"Bebida De Gel Sivera com urtiga \u00e9 uma fonte de vitamina A, C, E, ferro, magn\u00e9sio, c\u00e1lcio, histamina e lute\u00edna. Gel \u00fanico no mercado.\" \/>\n<meta name=\"robots\" content=\"index, follow, max-snippet:-1, max-image-preview:large, max-video-preview:-1\" \/>\n<link rel=\"canonical\" href=\"https:\/\/www.lraloeverashop.eu\/pt-pt\/produto\/bebida-de-gel-sivera-set-2-pecas-oferta-limitada\/\" \/>\n<meta property=\"og:locale\" content=\"pt_PT\" \/>\n<meta property=\"og:type\" content=\"article\" \/>\n<meta property=\"og:title\" content=\"Bebida De Gel Sivera Set 2 Pe\u00e7as Oferta limitada\" \/>\n<meta property=\"og:description\" content=\"Bebida De Gel Sivera com urtiga \u00e9 uma fonte de vitamina A, C, E, ferro, magn\u00e9sio, c\u00e1lcio, histamina e lute\u00edna. Gel \u00fanico no mercado.\" \/>\n<meta property=\"og:url\" content=\"https:\/\/www.lraloeverashop.eu\/pt-pt\/produto\/bebida-de-gel-sivera-set-2-pecas-oferta-limitada\/\" \/>\n<meta property=\"og:site_name\" content=\"Lr Loja Aloe Vera\" \/>\n<meta property=\"article:publisher\" content=\"https:\/\/www.facebook.com\/lraloeverashop.eu\" \/>\n<meta property=\"article:modified_time\" content=\"2026-02-08T08:51:51+00:00\" \/>\n<meta property=\"og:image\" content=\"https:\/\/www.lraloeverashop.eu\/wp-content\/uploads\/2023\/11\/Drinking-gel-sivera-2-er-set-limited.jpg\" \/>\n\t<meta property=\"og:image:width\" content=\"1200\" \/>\n\t<meta property=\"og:image:height\" content=\"1200\" \/>\n\t<meta property=\"og:image:type\" content=\"image\/jpeg\" \/>\n<meta name=\"twitter:card\" content=\"summary_large_image\" \/>\n<meta name=\"twitter:site\" content=\"@natur__kosmetik\" \/>\n<script type=\"application\/ld+json\" class=\"yoast-schema-graph\">{\"@context\":\"https:\\\/\\\/schema.org\",\"@graph\":[{\"@type\":[\"WebPage\",\"ItemPage\"],\"@id\":\"https:\\\/\\\/www.lraloeverashop.eu\\\/pt-pt\\\/produto\\\/bebida-de-gel-sivera-set-2-pecas-oferta-limitada\\\/\",\"url\":\"https:\\\/\\\/www.lraloeverashop.eu\\\/pt-pt\\\/produto\\\/bebida-de-gel-sivera-set-2-pecas-oferta-limitada\\\/\",\"name\":\"Bebida De Gel Sivera com 90% de Aloe Vera. Oferta limitada\",\"isPartOf\":{\"@id\":\"https:\\\/\\\/www.lraloeverashop.eu\\\/pt-pt\\\/#website\"},\"primaryImageOfPage\":{\"@id\":\"https:\\\/\\\/www.lraloeverashop.eu\\\/pt-pt\\\/produto\\\/bebida-de-gel-sivera-set-2-pecas-oferta-limitada\\\/#primaryimage\"},\"image\":{\"@id\":\"https:\\\/\\\/www.lraloeverashop.eu\\\/pt-pt\\\/produto\\\/bebida-de-gel-sivera-set-2-pecas-oferta-limitada\\\/#primaryimage\"},\"thumbnailUrl\":\"https:\\\/\\\/www.lraloeverashop.eu\\\/wp-content\\\/uploads\\\/2023\\\/11\\\/Drinking-gel-sivera-2-er-set-limited.jpg\",\"datePublished\":\"2023-11-01T05:28:15+00:00\",\"dateModified\":\"2026-02-08T08:51:51+00:00\",\"description\":\"Bebida De Gel Sivera com urtiga \u00e9 uma fonte de vitamina A, C, E, ferro, magn\u00e9sio, c\u00e1lcio, histamina e lute\u00edna. Gel \u00fanico no mercado.\",\"breadcrumb\":{\"@id\":\"https:\\\/\\\/www.lraloeverashop.eu\\\/pt-pt\\\/produto\\\/bebida-de-gel-sivera-set-2-pecas-oferta-limitada\\\/#breadcrumb\"},\"inLanguage\":\"pt-PT\",\"potentialAction\":[{\"@type\":\"ReadAction\",\"target\":[\"https:\\\/\\\/www.lraloeverashop.eu\\\/pt-pt\\\/produto\\\/bebida-de-gel-sivera-set-2-pecas-oferta-limitada\\\/\"]}]},{\"@type\":\"ImageObject\",\"inLanguage\":\"pt-PT\",\"@id\":\"https:\\\/\\\/www.lraloeverashop.eu\\\/pt-pt\\\/produto\\\/bebida-de-gel-sivera-set-2-pecas-oferta-limitada\\\/#primaryimage\",\"url\":\"https:\\\/\\\/www.lraloeverashop.eu\\\/wp-content\\\/uploads\\\/2023\\\/11\\\/Drinking-gel-sivera-2-er-set-limited.jpg\",\"contentUrl\":\"https:\\\/\\\/www.lraloeverashop.eu\\\/wp-content\\\/uploads\\\/2023\\\/11\\\/Drinking-gel-sivera-2-er-set-limited.jpg\",\"width\":1200,\"height\":1200,\"caption\":\"Drinking gel sivera 2 er set limited\"},{\"@type\":\"BreadcrumbList\",\"@id\":\"https:\\\/\\\/www.lraloeverashop.eu\\\/pt-pt\\\/produto\\\/bebida-de-gel-sivera-set-2-pecas-oferta-limitada\\\/#breadcrumb\",\"itemListElement\":[{\"@type\":\"ListItem\",\"position\":1,\"name\":\"Home\",\"item\":\"https:\\\/\\\/www.lraloeverashop.eu\\\/pt-pt\\\/\"},{\"@type\":\"ListItem\",\"position\":2,\"name\":\"Loja\",\"item\":\"https:\\\/\\\/www.lraloeverashop.eu\\\/pt-pt\\\/loja\\\/\"},{\"@type\":\"ListItem\",\"position\":3,\"name\":\"Bebida De Gel Sivera Set 2 Pe\u00e7as Oferta limitada\"}]},{\"@type\":\"WebSite\",\"@id\":\"https:\\\/\\\/www.lraloeverashop.eu\\\/pt-pt\\\/#website\",\"url\":\"https:\\\/\\\/www.lraloeverashop.eu\\\/pt-pt\\\/\",\"name\":\"Lr Loja Aloe Vera\",\"description\":\"High Quality Lr Aloe Vera Gel, Aloe Vera Cream and Shampoo\",\"publisher\":{\"@id\":\"https:\\\/\\\/www.lraloeverashop.eu\\\/pt-pt\\\/#organization\"},\"potentialAction\":[{\"@type\":\"SearchAction\",\"target\":{\"@type\":\"EntryPoint\",\"urlTemplate\":\"https:\\\/\\\/www.lraloeverashop.eu\\\/pt-pt\\\/?s={search_term_string}\"},\"query-input\":{\"@type\":\"PropertyValueSpecification\",\"valueRequired\":true,\"valueName\":\"search_term_string\"}}],\"inLanguage\":\"pt-PT\"},{\"@type\":\"Organization\",\"@id\":\"https:\\\/\\\/www.lraloeverashop.eu\\\/pt-pt\\\/#organization\",\"name\":\"Loja Lr Aloe Vera\",\"alternateName\":\"LR\",\"url\":\"https:\\\/\\\/www.lraloeverashop.eu\\\/pt-pt\\\/\",\"logo\":{\"@type\":\"ImageObject\",\"inLanguage\":\"pt-PT\",\"@id\":\"https:\\\/\\\/www.lraloeverashop.eu\\\/pt-pt\\\/#\\\/schema\\\/logo\\\/image\\\/\",\"url\":\"https:\\\/\\\/www.lraloeverashop.eu\\\/wp-content\\\/uploads\\\/2022\\\/09\\\/cropped-Lr-Aloe-Vera-Shop.jpg\",\"contentUrl\":\"https:\\\/\\\/www.lraloeverashop.eu\\\/wp-content\\\/uploads\\\/2022\\\/09\\\/cropped-Lr-Aloe-Vera-Shop.jpg\",\"width\":228,\"height\":76,\"caption\":\"Loja Lr Aloe Vera\"},\"image\":{\"@id\":\"https:\\\/\\\/www.lraloeverashop.eu\\\/pt-pt\\\/#\\\/schema\\\/logo\\\/image\\\/\"},\"sameAs\":[\"https:\\\/\\\/www.facebook.com\\\/lraloeverashop.eu\",\"https:\\\/\\\/x.com\\\/natur__kosmetik\",\"https:\\\/\\\/www.youtube.com\\\/channel\\\/UC5oN7BJ8nfYb8RpVtjwDEBA\",\"https:\\\/\\\/www.instagram.com\\\/lrbeautyeu\\\/\"],\"description\":\"Loja Lr Aloe Vera \u00e9 o seu destino de confian\u00e7a para os produtos de sa\u00fade e beleza premium da LR, fabricados na Alemanha. Oferecemos solu\u00e7\u00f5es de alta qualidade para o cuidado da pele, nutri\u00e7\u00e3o e antienvelhecimento \u00e0 base de Alo\u00e9 Vera, elaboradas com ingredientes puros e apoiadas em investiga\u00e7\u00e3o cient\u00edfica. Descubra o cuidado natural que regenera, protege e revitaliza a sua pele \u2014 e aproveite as ofertas mensais exclusivas nos nossos produtos LR Alo\u00e9 Vera mais vendidos.\\nComece hoje mesmo a sua jornada de cuidados naturais com a pele e sinta a diferen\u00e7a.\",\"email\":\"info@lraloeverashop.eu\",\"telephone\":\"+49 17670609653\",\"legalName\":\"Lr Aloe Vera Shop\",\"foundingDate\":\"2018-04-21\",\"numberOfEmployees\":{\"@type\":\"QuantitativeValue\",\"minValue\":\"1\",\"maxValue\":\"10\"}}]}<\/script>\n<meta property=\"product:price:amount\" content=\"86.99\" \/>\n<meta property=\"product:price:currency\" content=\"EUR\" \/>\n<meta property=\"og:availability\" content=\"instock\" \/>\n<meta property=\"product:availability\" content=\"instock\" \/>\n<meta property=\"product:retailer_item_id\" content=\"80802-781PT\" \/>\n<meta property=\"product:condition\" content=\"new\" \/>\n<!-- \/ Yoast SEO Premium plugin. -->","yoast_head_json":{"title":"Bebida De Gel Sivera com 90% de Aloe Vera. Oferta limitada","description":"Bebida De Gel Sivera com urtiga \u00e9 uma fonte de vitamina A, C, E, ferro, magn\u00e9sio, c\u00e1lcio, histamina e lute\u00edna. Gel \u00fanico no mercado.","robots":{"index":"index","follow":"follow","max-snippet":"max-snippet:-1","max-image-preview":"max-image-preview:large","max-video-preview":"max-video-preview:-1"},"canonical":"https:\/\/www.lraloeverashop.eu\/pt-pt\/produto\/bebida-de-gel-sivera-set-2-pecas-oferta-limitada\/","og_locale":"pt_PT","og_type":"article","og_title":"Bebida De Gel Sivera Set 2 Pe\u00e7as Oferta limitada","og_description":"Bebida De Gel Sivera com urtiga \u00e9 uma fonte de vitamina A, C, E, ferro, magn\u00e9sio, c\u00e1lcio, histamina e lute\u00edna. Gel \u00fanico no mercado.","og_url":"https:\/\/www.lraloeverashop.eu\/pt-pt\/produto\/bebida-de-gel-sivera-set-2-pecas-oferta-limitada\/","og_site_name":"Lr Loja Aloe Vera","article_publisher":"https:\/\/www.facebook.com\/lraloeverashop.eu","article_modified_time":"2026-02-08T08:51:51+00:00","og_image":[{"width":1200,"height":1200,"url":"https:\/\/www.lraloeverashop.eu\/wp-content\/uploads\/2023\/11\/Drinking-gel-sivera-2-er-set-limited.jpg","type":"image\/jpeg"}],"twitter_card":"summary_large_image","twitter_site":"@natur__kosmetik","schema":{"@context":"https:\/\/schema.org","@graph":[{"@type":["WebPage","ItemPage"],"@id":"https:\/\/www.lraloeverashop.eu\/pt-pt\/produto\/bebida-de-gel-sivera-set-2-pecas-oferta-limitada\/","url":"https:\/\/www.lraloeverashop.eu\/pt-pt\/produto\/bebida-de-gel-sivera-set-2-pecas-oferta-limitada\/","name":"Bebida De Gel Sivera com 90% de Aloe Vera. Oferta limitada","isPartOf":{"@id":"https:\/\/www.lraloeverashop.eu\/pt-pt\/#website"},"primaryImageOfPage":{"@id":"https:\/\/www.lraloeverashop.eu\/pt-pt\/produto\/bebida-de-gel-sivera-set-2-pecas-oferta-limitada\/#primaryimage"},"image":{"@id":"https:\/\/www.lraloeverashop.eu\/pt-pt\/produto\/bebida-de-gel-sivera-set-2-pecas-oferta-limitada\/#primaryimage"},"thumbnailUrl":"https:\/\/www.lraloeverashop.eu\/wp-content\/uploads\/2023\/11\/Drinking-gel-sivera-2-er-set-limited.jpg","datePublished":"2023-11-01T05:28:15+00:00","dateModified":"2026-02-08T08:51:51+00:00","description":"Bebida De Gel Sivera com urtiga \u00e9 uma fonte de vitamina A, C, E, ferro, magn\u00e9sio, c\u00e1lcio, histamina e lute\u00edna. Gel \u00fanico no mercado.","breadcrumb":{"@id":"https:\/\/www.lraloeverashop.eu\/pt-pt\/produto\/bebida-de-gel-sivera-set-2-pecas-oferta-limitada\/#breadcrumb"},"inLanguage":"pt-PT","potentialAction":[{"@type":"ReadAction","target":["https:\/\/www.lraloeverashop.eu\/pt-pt\/produto\/bebida-de-gel-sivera-set-2-pecas-oferta-limitada\/"]}]},{"@type":"ImageObject","inLanguage":"pt-PT","@id":"https:\/\/www.lraloeverashop.eu\/pt-pt\/produto\/bebida-de-gel-sivera-set-2-pecas-oferta-limitada\/#primaryimage","url":"https:\/\/www.lraloeverashop.eu\/wp-content\/uploads\/2023\/11\/Drinking-gel-sivera-2-er-set-limited.jpg","contentUrl":"https:\/\/www.lraloeverashop.eu\/wp-content\/uploads\/2023\/11\/Drinking-gel-sivera-2-er-set-limited.jpg","width":1200,"height":1200,"caption":"Drinking gel sivera 2 er set limited"},{"@type":"BreadcrumbList","@id":"https:\/\/www.lraloeverashop.eu\/pt-pt\/produto\/bebida-de-gel-sivera-set-2-pecas-oferta-limitada\/#breadcrumb","itemListElement":[{"@type":"ListItem","position":1,"name":"Home","item":"https:\/\/www.lraloeverashop.eu\/pt-pt\/"},{"@type":"ListItem","position":2,"name":"Loja","item":"https:\/\/www.lraloeverashop.eu\/pt-pt\/loja\/"},{"@type":"ListItem","position":3,"name":"Bebida De Gel Sivera Set 2 Pe\u00e7as Oferta limitada"}]},{"@type":"WebSite","@id":"https:\/\/www.lraloeverashop.eu\/pt-pt\/#website","url":"https:\/\/www.lraloeverashop.eu\/pt-pt\/","name":"Lr Loja Aloe Vera","description":"High Quality Lr Aloe Vera Gel, Aloe Vera Cream and Shampoo","publisher":{"@id":"https:\/\/www.lraloeverashop.eu\/pt-pt\/#organization"},"potentialAction":[{"@type":"SearchAction","target":{"@type":"EntryPoint","urlTemplate":"https:\/\/www.lraloeverashop.eu\/pt-pt\/?s={search_term_string}"},"query-input":{"@type":"PropertyValueSpecification","valueRequired":true,"valueName":"search_term_string"}}],"inLanguage":"pt-PT"},{"@type":"Organization","@id":"https:\/\/www.lraloeverashop.eu\/pt-pt\/#organization","name":"Loja Lr Aloe Vera","alternateName":"LR","url":"https:\/\/www.lraloeverashop.eu\/pt-pt\/","logo":{"@type":"ImageObject","inLanguage":"pt-PT","@id":"https:\/\/www.lraloeverashop.eu\/pt-pt\/#\/schema\/logo\/image\/","url":"https:\/\/www.lraloeverashop.eu\/wp-content\/uploads\/2022\/09\/cropped-Lr-Aloe-Vera-Shop.jpg","contentUrl":"https:\/\/www.lraloeverashop.eu\/wp-content\/uploads\/2022\/09\/cropped-Lr-Aloe-Vera-Shop.jpg","width":228,"height":76,"caption":"Loja Lr Aloe Vera"},"image":{"@id":"https:\/\/www.lraloeverashop.eu\/pt-pt\/#\/schema\/logo\/image\/"},"sameAs":["https:\/\/www.facebook.com\/lraloeverashop.eu","https:\/\/x.com\/natur__kosmetik","https:\/\/www.youtube.com\/channel\/UC5oN7BJ8nfYb8RpVtjwDEBA","https:\/\/www.instagram.com\/lrbeautyeu\/"],"description":"Loja Lr Aloe Vera \u00e9 o seu destino de confian\u00e7a para os produtos de sa\u00fade e beleza premium da LR, fabricados na Alemanha. Oferecemos solu\u00e7\u00f5es de alta qualidade para o cuidado da pele, nutri\u00e7\u00e3o e antienvelhecimento \u00e0 base de Alo\u00e9 Vera, elaboradas com ingredientes puros e apoiadas em investiga\u00e7\u00e3o cient\u00edfica. Descubra o cuidado natural que regenera, protege e revitaliza a sua pele \u2014 e aproveite as ofertas mensais exclusivas nos nossos produtos LR Alo\u00e9 Vera mais vendidos.\nComece hoje mesmo a sua jornada de cuidados naturais com a pele e sinta a diferen\u00e7a.","email":"info@lraloeverashop.eu","telephone":"+49 17670609653","legalName":"Lr Aloe Vera Shop","foundingDate":"2018-04-21","numberOfEmployees":{"@type":"QuantitativeValue","minValue":"1","maxValue":"10"}}]},"product_price_amount":"86.99","product_price_currency":"EUR","og_availability":"instock","product_availability":"instock","product_retailer_item_id":"80802-781PT","product_condition":"new"},"taxonomy_info":{"product_cat":[{"value":401,"label":"Base"},{"value":425,"label":"Cora\u00e7\u00e3o e Circula\u00e7\u00e3o"},{"value":460,"label":"Economize em conjuntos"},{"value":467,"label":"Especialistas"},{"value":294,"label":"Gel Beb\u00edvel Aloe Vera"},{"value":437,"label":"Intestino e Digest\u00e3o"},{"value":354,"label":"Promo\u00e7\u00f5es"}],"product_tag":[{"value":612,"label":"Bebidas desintoxicantes"}]},"featured_image_src_large":["https:\/\/www.lraloeverashop.eu\/wp-content\/uploads\/2023\/11\/Drinking-gel-sivera-2-er-set-limited-1024x1024.jpg",1024,1024,true],"author_info":[],"comment_info":0,"_links":{"self":[{"href":"https:\/\/www.lraloeverashop.eu\/pt-pt\/wp-json\/wp\/v2\/product\/13716","targetHints":{"allow":["GET"]}}],"collection":[{"href":"https:\/\/www.lraloeverashop.eu\/pt-pt\/wp-json\/wp\/v2\/product"}],"about":[{"href":"https:\/\/www.lraloeverashop.eu\/pt-pt\/wp-json\/wp\/v2\/types\/product"}],"replies":[{"embeddable":true,"href":"https:\/\/www.lraloeverashop.eu\/pt-pt\/wp-json\/wp\/v2\/comments?post=13716"}],"wp:featuredmedia":[{"embeddable":true,"href":"https:\/\/www.lraloeverashop.eu\/pt-pt\/wp-json\/wp\/v2\/media\/13727"}],"wp:attachment":[{"href":"https:\/\/www.lraloeverashop.eu\/pt-pt\/wp-json\/wp\/v2\/media?parent=13716"}],"wp:term":[{"taxonomy":"product_brand","embeddable":true,"href":"https:\/\/www.lraloeverashop.eu\/pt-pt\/wp-json\/wp\/v2\/product_brand?post=13716"},{"taxonomy":"product_cat","embeddable":true,"href":"https:\/\/www.lraloeverashop.eu\/pt-pt\/wp-json\/wp\/v2\/product_cat?post=13716"},{"taxonomy":"product_tag","embeddable":true,"href":"https:\/\/www.lraloeverashop.eu\/pt-pt\/wp-json\/wp\/v2\/product_tag?post=13716"}],"curies":[{"name":"wp","href":"https:\/\/api.w.org\/{rel}","templated":true}]}}