{"id":11940,"date":"2023-04-02T17:59:18","date_gmt":"2023-04-02T15:59:18","guid":{"rendered":"https:\/\/www.lraloeverashop.eu\/?post_type=product&#038;p=11940"},"modified":"2026-02-08T09:52:26","modified_gmt":"2026-02-08T08:52:26","slug":"cha-verde-para-emagrecer","status":"publish","type":"product","link":"https:\/\/www.lraloeverashop.eu\/pt-pt\/produto\/cha-verde-para-emagrecer\/","title":{"rendered":"Ch\u00e1 Verde Para Emagrecer"},"content":{"rendered":"<h2><span style=\"font-size: 16pt;\"><strong>Ch\u00e1 Verde Para Emagrecer<\/strong><\/span><\/h2>\n<p><span style=\"font-size: 14pt;\"><strong>Ch\u00e1 Verde Para Emagrecer ajuda a eliminar gorduras.<\/strong><\/span><\/p>\n<p>Beber muito l\u00edquido \u00e9 especialmente importante durante o dia. O Ch\u00e1 Verde Para Emagrecer \u00e9 o companheiro ideal, pois o seu sabor delicioso facilita a ingest\u00e3o de l\u00edquido suficiente ao longo do dia. Al\u00e9m disso, o consumo em abund\u00e2ncia pode estimular o <a href=\"https:\/\/pt.wikipedia.org\/wiki\/Metabolismo\">metabolismo<\/a> e, apoi\u00e1-lo ativamente.<\/p>\n<p>Quando est\u00e1 a fazer dieta, \u00e9 muito importante beber suficientes l\u00edquidos. O Ch\u00e1 Verde Para Emagrecer em jejum ajuda-o totalmente nesta fase.<\/p>\n<p>Para aquelas pessoas que desejam <a href=\"https:\/\/www.lraloeverashop.eu\/pt-pt\/produto\/cha-para-emagrecer\/\">perder peso<\/a> com a ajuda de uma dieta ou que desejam seguir uma dieta saud\u00e1vel.<\/p>\n<p>&nbsp;<\/p>\n<h3><strong><span style=\"font-size: 16pt;\">Recomenda\u00e7\u00e3o de consumo<\/span><\/strong><\/h3>\n<p>1 ou 2 colheres de ch\u00e1 cheias em uma caneca com \u00e1gua fervente (aproximadamente 200ml), ponha uma tampa, deixe atuar a infus\u00e3o de 5 a 7 minutos e depois coe. Beba 3 ou 4 canecas por dia.<\/p>\n<p>Ent\u00e3o vai <a href=\"https:\/\/www.lraloeverashop.eu\/pt-pt\/produto\/batido-para-emagrecer-sabor-baunilha\/\">poder beber<\/a> a quantidade sugerida de 1,5 litros de l\u00edquido: Parab\u00e9ns! Pode se acarinhar cada vez que quiser com uma nova caneca de ch\u00e1 daquele que gosta. Quando preparar sua caneca de ch\u00e1 deve prestar aten\u00e7\u00e3o aos tempos de prepara\u00e7\u00e3o. Se deixar o ch\u00e1 pouco ou muito tempo, ele pode ter um sabor diferente.<\/p>\n<p>Certifique-se de ter uma <a href=\"https:\/\/www.lraloeverashop.eu\/pt-pt\/pode-o-cha-para-emagrecimento-ajudar-lhe-a-perder-peso\/\">alimenta\u00e7\u00e3o variada<\/a> e equilibrada e um estilo de vida saud\u00e1vel.<\/p>\n<p>&nbsp;<\/p>\n<h4><span style=\"font-size: 16pt;\"><strong>Voc\u00ea Sabia?<\/strong><\/span><\/h4>\n<p>A Sociedade Alem\u00e3 de Nutri\u00e7\u00e3o recomenda beber diariamente aproximadamente 1,5 litro de \u00e1gua ou ch\u00e1s sem a\u00e7\u00facar. Dependendo da temperatura externa e das atividades, e especialmente quando se est\u00e1 a fazer <a href=\"https:\/\/www.lraloeverashop.eu\/pt-pt\/produto\/batido-para-emagrecer-latte-macchiato\/\">dieta<\/a>, ent\u00e3o deve beber um pouco mais.<\/p>\n","protected":false},"excerpt":{"rendered":"<ul>\n<li><strong><span style=\"color: #ff0000;\">Oferta limitada<\/span><\/strong><\/li>\n<li>Ch\u00e1 seca barrigas<\/li>\n<li>Produto natural sem contra indica\u00e7\u00f5es<\/li>\n<li>Ajuda a eliminar gorduras<\/li>\n<li>Ajuda a eliminar a reten\u00e7\u00e3o de l\u00edquidos<\/li>\n<li>Atua de forma natural na digest\u00e3o e na flora instestinal<\/li>\n<li>Quantidade: 2 x 250 g<\/li>\n<\/ul>\n<p><span style=\"color: #ff0000;\"><a style=\"color: #ff0000;\" href=\"https:\/\/shop.lrworld.com\/openpao?PHP=0vFlt7jT938BEnBI3a6e9w%3D%3D\"><span style=\"font-size: 14pt;\"><strong>Registe-se aqui e poupe 35% em todos os pedidos<\/strong><\/span><\/a><\/span><\/p>\n","protected":false},"featured_media":11871,"comment_status":"open","ping_status":"closed","template":"","meta":{"_kad_blocks_custom_css":"","_kad_blocks_head_custom_js":"","_kad_blocks_body_custom_js":"","_kad_blocks_footer_custom_js":"","_kadence_starter_templates_imported_post":false,"_kad_post_transparent":"default","_kad_post_title":"","_kad_post_layout":"default","_kad_post_sidebar_id":"","_kad_post_content_style":"default","_kad_post_vertical_padding":"default","_kad_post_feature":"","_kad_post_feature_position":"","_kad_post_header":false,"_kad_post_footer":false,"_kad_post_classname":""},"product_brand":[],"product_cat":[342,467,437,354,336],"product_tag":[613],"class_list":{"0":"post-11940","1":"product","2":"type-product","3":"status-publish","4":"has-post-thumbnail","6":"product_cat-companheiro-de-dieta","7":"product_cat-lr-especialistas","8":"product_cat-intestino-e-digestao","9":"product_cat-promocoes","10":"product_cat-suplementosdieteticos","11":"product_tag-dieta-pt-pt","13":"first","14":"outofstock","15":"sale","16":"taxable","17":"shipping-taxable","18":"purchasable","19":"product-type-simple","20":"entry","21":"content-bg","22":"loop-entry"},"yoast_head":"<!-- This site is optimized with the Yoast SEO Premium plugin v27.6 (Yoast SEO v27.6) - https:\/\/yoast.com\/product\/yoast-seo-premium-wordpress\/ -->\n<title>Ch\u00e1 Verde Para Emagrecer ajuda a eliminar gorduras.<\/title>\n<meta name=\"description\" content=\"Ch\u00e1 Verde Para Emagrecer com folhas de erva-mate, casca de lapacho, folhas de urtiga, rooibos, capim-lim\u00e3o e alca\u00e7uz faz do ch\u00e1 um produto para emagrecer.\" \/>\n<meta name=\"robots\" content=\"index, follow, max-snippet:-1, max-image-preview:large, max-video-preview:-1\" \/>\n<link rel=\"canonical\" href=\"https:\/\/www.lraloeverashop.eu\/pt-pt\/produto\/cha-verde-para-emagrecer\/\" \/>\n<meta property=\"og:locale\" content=\"pt_PT\" \/>\n<meta property=\"og:type\" content=\"article\" \/>\n<meta property=\"og:title\" content=\"Ch\u00e1 Verde Para Emagrecer\" \/>\n<meta property=\"og:description\" content=\"Ch\u00e1 Verde Para Emagrecer com folhas de erva-mate, casca de lapacho, folhas de urtiga, rooibos, capim-lim\u00e3o e alca\u00e7uz faz do ch\u00e1 um produto para emagrecer.\" \/>\n<meta property=\"og:url\" content=\"https:\/\/www.lraloeverashop.eu\/pt-pt\/produto\/cha-verde-para-emagrecer\/\" \/>\n<meta property=\"og:site_name\" content=\"Lr Loja Aloe Vera\" \/>\n<meta property=\"article:publisher\" content=\"https:\/\/www.facebook.com\/lraloeverashop.eu\" \/>\n<meta property=\"article:modified_time\" content=\"2026-02-08T08:52:26+00:00\" \/>\n<meta property=\"og:image\" content=\"https:\/\/www.lraloeverashop.eu\/wp-content\/uploads\/2023\/04\/Weigh-Loss-Tea-Set.jpg\" \/>\n\t<meta property=\"og:image:width\" content=\"1200\" \/>\n\t<meta property=\"og:image:height\" content=\"1200\" \/>\n\t<meta property=\"og:image:type\" content=\"image\/jpeg\" \/>\n<meta name=\"twitter:card\" content=\"summary_large_image\" \/>\n<meta name=\"twitter:site\" content=\"@natur__kosmetik\" \/>\n<script type=\"application\/ld+json\" class=\"yoast-schema-graph\">{\"@context\":\"https:\\\/\\\/schema.org\",\"@graph\":[{\"@type\":[\"WebPage\",\"ItemPage\"],\"@id\":\"https:\\\/\\\/www.lraloeverashop.eu\\\/pt-pt\\\/produto\\\/cha-verde-para-emagrecer\\\/\",\"url\":\"https:\\\/\\\/www.lraloeverashop.eu\\\/pt-pt\\\/produto\\\/cha-verde-para-emagrecer\\\/\",\"name\":\"Ch\u00e1 Verde Para Emagrecer ajuda a eliminar gorduras.\",\"isPartOf\":{\"@id\":\"https:\\\/\\\/www.lraloeverashop.eu\\\/pt-pt\\\/#website\"},\"primaryImageOfPage\":{\"@id\":\"https:\\\/\\\/www.lraloeverashop.eu\\\/pt-pt\\\/produto\\\/cha-verde-para-emagrecer\\\/#primaryimage\"},\"image\":{\"@id\":\"https:\\\/\\\/www.lraloeverashop.eu\\\/pt-pt\\\/produto\\\/cha-verde-para-emagrecer\\\/#primaryimage\"},\"thumbnailUrl\":\"https:\\\/\\\/www.lraloeverashop.eu\\\/wp-content\\\/uploads\\\/2023\\\/04\\\/Weigh-Loss-Tea-Set.jpg\",\"datePublished\":\"2023-04-02T15:59:18+00:00\",\"dateModified\":\"2026-02-08T08:52:26+00:00\",\"description\":\"Ch\u00e1 Verde Para Emagrecer com folhas de erva-mate, casca de lapacho, folhas de urtiga, rooibos, capim-lim\u00e3o e alca\u00e7uz faz do ch\u00e1 um produto para emagrecer.\",\"breadcrumb\":{\"@id\":\"https:\\\/\\\/www.lraloeverashop.eu\\\/pt-pt\\\/produto\\\/cha-verde-para-emagrecer\\\/#breadcrumb\"},\"inLanguage\":\"pt-PT\",\"potentialAction\":[{\"@type\":\"ReadAction\",\"target\":[\"https:\\\/\\\/www.lraloeverashop.eu\\\/pt-pt\\\/produto\\\/cha-verde-para-emagrecer\\\/\"]}]},{\"@type\":\"ImageObject\",\"inLanguage\":\"pt-PT\",\"@id\":\"https:\\\/\\\/www.lraloeverashop.eu\\\/pt-pt\\\/produto\\\/cha-verde-para-emagrecer\\\/#primaryimage\",\"url\":\"https:\\\/\\\/www.lraloeverashop.eu\\\/wp-content\\\/uploads\\\/2023\\\/04\\\/Weigh-Loss-Tea-Set.jpg\",\"contentUrl\":\"https:\\\/\\\/www.lraloeverashop.eu\\\/wp-content\\\/uploads\\\/2023\\\/04\\\/Weigh-Loss-Tea-Set.jpg\",\"width\":1200,\"height\":1200,\"caption\":\"Ch\u00e1 de Ervas para perder barriga\"},{\"@type\":\"BreadcrumbList\",\"@id\":\"https:\\\/\\\/www.lraloeverashop.eu\\\/pt-pt\\\/produto\\\/cha-verde-para-emagrecer\\\/#breadcrumb\",\"itemListElement\":[{\"@type\":\"ListItem\",\"position\":1,\"name\":\"Home\",\"item\":\"https:\\\/\\\/www.lraloeverashop.eu\\\/pt-pt\\\/\"},{\"@type\":\"ListItem\",\"position\":2,\"name\":\"Loja\",\"item\":\"https:\\\/\\\/www.lraloeverashop.eu\\\/pt-pt\\\/loja\\\/\"},{\"@type\":\"ListItem\",\"position\":3,\"name\":\"Ch\u00e1 Verde Para Emagrecer\"}]},{\"@type\":\"WebSite\",\"@id\":\"https:\\\/\\\/www.lraloeverashop.eu\\\/pt-pt\\\/#website\",\"url\":\"https:\\\/\\\/www.lraloeverashop.eu\\\/pt-pt\\\/\",\"name\":\"Lr Loja Aloe Vera\",\"description\":\"High Quality Lr Aloe Vera Gel, Aloe Vera Cream and Shampoo\",\"publisher\":{\"@id\":\"https:\\\/\\\/www.lraloeverashop.eu\\\/pt-pt\\\/#organization\"},\"alternateName\":\"LR\",\"potentialAction\":[{\"@type\":\"SearchAction\",\"target\":{\"@type\":\"EntryPoint\",\"urlTemplate\":\"https:\\\/\\\/www.lraloeverashop.eu\\\/pt-pt\\\/?s={search_term_string}\"},\"query-input\":{\"@type\":\"PropertyValueSpecification\",\"valueRequired\":true,\"valueName\":\"search_term_string\"}}],\"inLanguage\":\"pt-PT\"},{\"@type\":\"Organization\",\"@id\":\"https:\\\/\\\/www.lraloeverashop.eu\\\/pt-pt\\\/#organization\",\"name\":\"Loja Lr Aloe Vera\",\"alternateName\":\"LR\",\"url\":\"https:\\\/\\\/www.lraloeverashop.eu\\\/pt-pt\\\/\",\"logo\":{\"@type\":\"ImageObject\",\"inLanguage\":\"pt-PT\",\"@id\":\"https:\\\/\\\/www.lraloeverashop.eu\\\/pt-pt\\\/#\\\/schema\\\/logo\\\/image\\\/\",\"url\":\"https:\\\/\\\/www.lraloeverashop.eu\\\/wp-content\\\/uploads\\\/2022\\\/09\\\/cropped-Lr-Aloe-Vera-Shop.jpg\",\"contentUrl\":\"https:\\\/\\\/www.lraloeverashop.eu\\\/wp-content\\\/uploads\\\/2022\\\/09\\\/cropped-Lr-Aloe-Vera-Shop.jpg\",\"width\":228,\"height\":76,\"caption\":\"Loja Lr Aloe Vera\"},\"image\":{\"@id\":\"https:\\\/\\\/www.lraloeverashop.eu\\\/pt-pt\\\/#\\\/schema\\\/logo\\\/image\\\/\"},\"sameAs\":[\"https:\\\/\\\/www.facebook.com\\\/lraloeverashop.eu\",\"https:\\\/\\\/x.com\\\/natur__kosmetik\",\"https:\\\/\\\/www.youtube.com\\\/channel\\\/UC5oN7BJ8nfYb8RpVtjwDEBA\",\"https:\\\/\\\/www.instagram.com\\\/lrbeautyeu\\\/\"],\"description\":\"Loja Lr Aloe Vera \u00e9 o seu destino de confian\u00e7a para os produtos de sa\u00fade e beleza premium da LR, fabricados na Alemanha. Oferecemos solu\u00e7\u00f5es de alta qualidade para o cuidado da pele, nutri\u00e7\u00e3o e antienvelhecimento \u00e0 base de Alo\u00e9 Vera, elaboradas com ingredientes puros e apoiadas em investiga\u00e7\u00e3o cient\u00edfica. Descubra o cuidado natural que regenera, protege e revitaliza a sua pele \u2014 e aproveite as ofertas mensais exclusivas nos nossos produtos LR Alo\u00e9 Vera mais vendidos.\\nComece hoje mesmo a sua jornada de cuidados naturais com a pele e sinta a diferen\u00e7a.\",\"email\":\"info@lraloeverashop.eu\",\"telephone\":\"+49 17670609653\",\"legalName\":\"Lr Aloe Vera Shop\",\"foundingDate\":\"2018-04-21\",\"numberOfEmployees\":{\"@type\":\"QuantitativeValue\",\"minValue\":\"1\",\"maxValue\":\"10\"}}]}<\/script>\n<meta property=\"product:price:amount\" content=\"38.99\" \/>\n<meta property=\"product:price:currency\" content=\"EUR\" \/>\n<meta property=\"og:availability\" content=\"out of stock\" \/>\n<meta property=\"product:availability\" content=\"out of stock\" \/>\n<meta property=\"product:retailer_item_id\" content=\"80399-1PT\" \/>\n<meta property=\"product:condition\" content=\"new\" \/>\n<!-- \/ Yoast SEO Premium plugin. -->","yoast_head_json":{"title":"Ch\u00e1 Verde Para Emagrecer ajuda a eliminar gorduras.","description":"Ch\u00e1 Verde Para Emagrecer com folhas de erva-mate, casca de lapacho, folhas de urtiga, rooibos, capim-lim\u00e3o e alca\u00e7uz faz do ch\u00e1 um produto para emagrecer.","robots":{"index":"index","follow":"follow","max-snippet":"max-snippet:-1","max-image-preview":"max-image-preview:large","max-video-preview":"max-video-preview:-1"},"canonical":"https:\/\/www.lraloeverashop.eu\/pt-pt\/produto\/cha-verde-para-emagrecer\/","og_locale":"pt_PT","og_type":"article","og_title":"Ch\u00e1 Verde Para Emagrecer","og_description":"Ch\u00e1 Verde Para Emagrecer com folhas de erva-mate, casca de lapacho, folhas de urtiga, rooibos, capim-lim\u00e3o e alca\u00e7uz faz do ch\u00e1 um produto para emagrecer.","og_url":"https:\/\/www.lraloeverashop.eu\/pt-pt\/produto\/cha-verde-para-emagrecer\/","og_site_name":"Lr Loja Aloe Vera","article_publisher":"https:\/\/www.facebook.com\/lraloeverashop.eu","article_modified_time":"2026-02-08T08:52:26+00:00","og_image":[{"width":1200,"height":1200,"url":"https:\/\/www.lraloeverashop.eu\/wp-content\/uploads\/2023\/04\/Weigh-Loss-Tea-Set.jpg","type":"image\/jpeg"}],"twitter_card":"summary_large_image","twitter_site":"@natur__kosmetik","schema":{"@context":"https:\/\/schema.org","@graph":[{"@type":["WebPage","ItemPage"],"@id":"https:\/\/www.lraloeverashop.eu\/pt-pt\/produto\/cha-verde-para-emagrecer\/","url":"https:\/\/www.lraloeverashop.eu\/pt-pt\/produto\/cha-verde-para-emagrecer\/","name":"Ch\u00e1 Verde Para Emagrecer ajuda a eliminar gorduras.","isPartOf":{"@id":"https:\/\/www.lraloeverashop.eu\/pt-pt\/#website"},"primaryImageOfPage":{"@id":"https:\/\/www.lraloeverashop.eu\/pt-pt\/produto\/cha-verde-para-emagrecer\/#primaryimage"},"image":{"@id":"https:\/\/www.lraloeverashop.eu\/pt-pt\/produto\/cha-verde-para-emagrecer\/#primaryimage"},"thumbnailUrl":"https:\/\/www.lraloeverashop.eu\/wp-content\/uploads\/2023\/04\/Weigh-Loss-Tea-Set.jpg","datePublished":"2023-04-02T15:59:18+00:00","dateModified":"2026-02-08T08:52:26+00:00","description":"Ch\u00e1 Verde Para Emagrecer com folhas de erva-mate, casca de lapacho, folhas de urtiga, rooibos, capim-lim\u00e3o e alca\u00e7uz faz do ch\u00e1 um produto para emagrecer.","breadcrumb":{"@id":"https:\/\/www.lraloeverashop.eu\/pt-pt\/produto\/cha-verde-para-emagrecer\/#breadcrumb"},"inLanguage":"pt-PT","potentialAction":[{"@type":"ReadAction","target":["https:\/\/www.lraloeverashop.eu\/pt-pt\/produto\/cha-verde-para-emagrecer\/"]}]},{"@type":"ImageObject","inLanguage":"pt-PT","@id":"https:\/\/www.lraloeverashop.eu\/pt-pt\/produto\/cha-verde-para-emagrecer\/#primaryimage","url":"https:\/\/www.lraloeverashop.eu\/wp-content\/uploads\/2023\/04\/Weigh-Loss-Tea-Set.jpg","contentUrl":"https:\/\/www.lraloeverashop.eu\/wp-content\/uploads\/2023\/04\/Weigh-Loss-Tea-Set.jpg","width":1200,"height":1200,"caption":"Ch\u00e1 de Ervas para perder barriga"},{"@type":"BreadcrumbList","@id":"https:\/\/www.lraloeverashop.eu\/pt-pt\/produto\/cha-verde-para-emagrecer\/#breadcrumb","itemListElement":[{"@type":"ListItem","position":1,"name":"Home","item":"https:\/\/www.lraloeverashop.eu\/pt-pt\/"},{"@type":"ListItem","position":2,"name":"Loja","item":"https:\/\/www.lraloeverashop.eu\/pt-pt\/loja\/"},{"@type":"ListItem","position":3,"name":"Ch\u00e1 Verde Para Emagrecer"}]},{"@type":"WebSite","@id":"https:\/\/www.lraloeverashop.eu\/pt-pt\/#website","url":"https:\/\/www.lraloeverashop.eu\/pt-pt\/","name":"Lr Loja Aloe Vera","description":"High Quality Lr Aloe Vera Gel, Aloe Vera Cream and Shampoo","publisher":{"@id":"https:\/\/www.lraloeverashop.eu\/pt-pt\/#organization"},"alternateName":"LR","potentialAction":[{"@type":"SearchAction","target":{"@type":"EntryPoint","urlTemplate":"https:\/\/www.lraloeverashop.eu\/pt-pt\/?s={search_term_string}"},"query-input":{"@type":"PropertyValueSpecification","valueRequired":true,"valueName":"search_term_string"}}],"inLanguage":"pt-PT"},{"@type":"Organization","@id":"https:\/\/www.lraloeverashop.eu\/pt-pt\/#organization","name":"Loja Lr Aloe Vera","alternateName":"LR","url":"https:\/\/www.lraloeverashop.eu\/pt-pt\/","logo":{"@type":"ImageObject","inLanguage":"pt-PT","@id":"https:\/\/www.lraloeverashop.eu\/pt-pt\/#\/schema\/logo\/image\/","url":"https:\/\/www.lraloeverashop.eu\/wp-content\/uploads\/2022\/09\/cropped-Lr-Aloe-Vera-Shop.jpg","contentUrl":"https:\/\/www.lraloeverashop.eu\/wp-content\/uploads\/2022\/09\/cropped-Lr-Aloe-Vera-Shop.jpg","width":228,"height":76,"caption":"Loja Lr Aloe Vera"},"image":{"@id":"https:\/\/www.lraloeverashop.eu\/pt-pt\/#\/schema\/logo\/image\/"},"sameAs":["https:\/\/www.facebook.com\/lraloeverashop.eu","https:\/\/x.com\/natur__kosmetik","https:\/\/www.youtube.com\/channel\/UC5oN7BJ8nfYb8RpVtjwDEBA","https:\/\/www.instagram.com\/lrbeautyeu\/"],"description":"Loja Lr Aloe Vera \u00e9 o seu destino de confian\u00e7a para os produtos de sa\u00fade e beleza premium da LR, fabricados na Alemanha. Oferecemos solu\u00e7\u00f5es de alta qualidade para o cuidado da pele, nutri\u00e7\u00e3o e antienvelhecimento \u00e0 base de Alo\u00e9 Vera, elaboradas com ingredientes puros e apoiadas em investiga\u00e7\u00e3o cient\u00edfica. Descubra o cuidado natural que regenera, protege e revitaliza a sua pele \u2014 e aproveite as ofertas mensais exclusivas nos nossos produtos LR Alo\u00e9 Vera mais vendidos.\nComece hoje mesmo a sua jornada de cuidados naturais com a pele e sinta a diferen\u00e7a.","email":"info@lraloeverashop.eu","telephone":"+49 17670609653","legalName":"Lr Aloe Vera Shop","foundingDate":"2018-04-21","numberOfEmployees":{"@type":"QuantitativeValue","minValue":"1","maxValue":"10"}}]},"product_price_amount":"38.99","product_price_currency":"EUR","og_availability":"out of stock","product_availability":"out of stock","product_retailer_item_id":"80399-1PT","product_condition":"new"},"taxonomy_info":{"product_cat":[{"value":342,"label":"Companheiro de dieta"},{"value":467,"label":"Especialistas"},{"value":437,"label":"Intestino e Digest\u00e3o"},{"value":354,"label":"Promo\u00e7\u00f5es"},{"value":336,"label":"Substituto de refei\u00e7\u00e3o"}],"product_tag":[{"value":613,"label":"Dieta"}]},"featured_image_src_large":["https:\/\/www.lraloeverashop.eu\/wp-content\/uploads\/2023\/04\/Weigh-Loss-Tea-Set-1024x1024.jpg",1024,1024,true],"author_info":[],"comment_info":0,"_links":{"self":[{"href":"https:\/\/www.lraloeverashop.eu\/pt-pt\/wp-json\/wp\/v2\/product\/11940","targetHints":{"allow":["GET"]}}],"collection":[{"href":"https:\/\/www.lraloeverashop.eu\/pt-pt\/wp-json\/wp\/v2\/product"}],"about":[{"href":"https:\/\/www.lraloeverashop.eu\/pt-pt\/wp-json\/wp\/v2\/types\/product"}],"replies":[{"embeddable":true,"href":"https:\/\/www.lraloeverashop.eu\/pt-pt\/wp-json\/wp\/v2\/comments?post=11940"}],"wp:featuredmedia":[{"embeddable":true,"href":"https:\/\/www.lraloeverashop.eu\/pt-pt\/wp-json\/wp\/v2\/media\/11871"}],"wp:attachment":[{"href":"https:\/\/www.lraloeverashop.eu\/pt-pt\/wp-json\/wp\/v2\/media?parent=11940"}],"wp:term":[{"taxonomy":"product_brand","embeddable":true,"href":"https:\/\/www.lraloeverashop.eu\/pt-pt\/wp-json\/wp\/v2\/product_brand?post=11940"},{"taxonomy":"product_cat","embeddable":true,"href":"https:\/\/www.lraloeverashop.eu\/pt-pt\/wp-json\/wp\/v2\/product_cat?post=11940"},{"taxonomy":"product_tag","embeddable":true,"href":"https:\/\/www.lraloeverashop.eu\/pt-pt\/wp-json\/wp\/v2\/product_tag?post=11940"}],"curies":[{"name":"wp","href":"https:\/\/api.w.org\/{rel}","templated":true}]}}