{"id":10919,"date":"2022-10-09T11:01:05","date_gmt":"2022-10-09T09:01:05","guid":{"rendered":"https:\/\/www.lraloeverashop.eu\/product\/aloe-vera-locao-termica-relaxante\/"},"modified":"2026-02-08T10:37:28","modified_gmt":"2026-02-08T09:37:28","slug":"aloe-vera-locao-termica-relaxante","status":"publish","type":"product","link":"https:\/\/www.lraloeverashop.eu\/pt-pt\/produto\/aloe-vera-locao-termica-relaxante\/","title":{"rendered":"Aloe Vera Lo\u00e7\u00e3o T\u00e9rmica Relaxante"},"content":{"rendered":"<h2><span style=\"font-size: 16pt;\"><strong>Aloe Vera Lo\u00e7\u00e3o T\u00e9rmica Relaxante<\/strong><\/span><\/h2>\n<p><span style=\"font-size: 14pt;\"><strong>Aloe Vera Lo\u00e7\u00e3o t\u00e9rmica relaxante &#8211; para um calor agrad\u00e1vel na pele<\/strong><\/span><\/p>\n<p>A Lo\u00e7\u00e3o t\u00e9rmica com os \u00f3leos essenciais que cont\u00e9m oferecem \u00e0 pele uma ligeira sensa\u00e7\u00e3o de frescura e transforma-se aos poucos numa agrad\u00e1vel sensa\u00e7\u00e3o de calor que provoca um relaxamento imediato.<\/p>\n<p>O \u00f3leo de Eucapyptus aumenta a circula\u00e7\u00e3o sangu\u00ednea na \u00e1rea de massagem, ao mesmo tempo que oferece uma agrad\u00e1vel sensa\u00e7\u00e3o de <a href=\"https:\/\/www.lraloeverashop.eu\/pt-pt\/produto\/aloe-vera-locao-termica-set-2-pecas\/\">resfriamento \u00e0 pele<\/a>. Seu alto teor de Aloe Vera e sua textura nutritiva, rica em \u00f3leos de cuidado, s\u00e3o altamente ben\u00e9ficos para a pele.<\/p>\n<p>&nbsp;<\/p>\n<h3><strong><span style=\"font-size: 16pt;\">Modo de uso<\/span><\/strong><\/h3>\n<p>Aplique a Lo\u00e7\u00e3o T\u00e9rmica Aloe Vera na pele e massageie suavemente. Evite o contato com os olhos e lave bem as m\u00e3os ap\u00f3s cada aplica\u00e7\u00e3o!<\/p>\n<div class=\"entry-content-asset videofit\"><iframe loading=\"lazy\" title=\"Aloe Vera Loci\u00f3n T\u00e9rmica Relajante\" width=\"720\" height=\"405\" src=\"https:\/\/www.youtube.com\/embed\/WOUV1nMxPCw?feature=oembed\" frameborder=\"0\" allow=\"accelerometer; autoplay; clipboard-write; encrypted-media; gyroscope; picture-in-picture; web-share\" referrerpolicy=\"strict-origin-when-cross-origin\" allowfullscreen><\/iframe><\/div>\n<p><span style=\"font-size: 14pt;\"><strong>CONSELHO 1: LO\u00c7\u00c3O T\u00c9RMICA PARA MASSAGEM<\/strong><\/span><\/p>\n<p>Gra\u00e7as aos \u00f3leos naturais de jojoba, caro\u00e7o de damasco e gergelim, a Aloe Vera lo\u00e7\u00e3o t\u00e9rmica \u00e9 perfeita como creme de massagem. Para resultados perfeitos, aplique primeiro o <a href=\"https:\/\/www.lraloeverashop.eu\/pt-pt\/produto\/aloe-vera-spray-de-emergencia\/\">spray de emerg\u00eancia<\/a> para aumentar a capacidade de absor\u00e7\u00e3o pela pele.<\/p>\n<p>&nbsp;<\/p>\n<p><span style=\"font-size: 14pt;\"><strong>CONSELHO 2: LO\u00c7\u00c3O T\u00c9RMICA PARA DOR DE CABE\u00c7A<\/strong><\/span><\/p>\n<p>Um pouco de lo\u00e7\u00e3o t\u00e9rmica nas t\u00eamporas e na nuca \u00e9 o suficiente para reduzir a press\u00e3o desconfort\u00e1vel na cabe\u00e7a. Estimula a circula\u00e7\u00e3o sangu\u00ednea e neutraliza bloqueios.<\/p>\n<p>&nbsp;<\/p>\n<h4><strong><span style=\"font-size: 16pt;\">Perguntas Mais Frequentes<\/span><\/strong><\/h4>\n<p><strong>Em que casos \u00e9 recomendado o uso da Lo\u00e7\u00e3o T\u00e9rmica Relaxante?<\/strong><br \/>\nAloe Vera Lo\u00e7\u00e3o T\u00e9rmica Relaxante oferece um <a href=\"https:\/\/www.lraloeverashop.eu\/pt-pt\/a-locao-termica-de-aloe-vera-alivia-a-dor-e-o-desconforto\/\">relaxamento agrad\u00e1vel<\/a> em nosso dia a dia. Ap\u00f3s longas horas sentado ou em p\u00e9, uma massagem com a lo\u00e7\u00e3o acalma pernas e articula\u00e7\u00f5es desgastadas. Ap\u00f3s a sess\u00e3o de massagem, \u00e9 aconselh\u00e1vel deitar um pouco e relaxar com os p\u00e9s para cima.<\/p>\n<p><strong>Lo\u00e7\u00e3o T\u00e9rmica Relaxante \u00e9 adequada para massagens esportivas?<\/strong><br \/>\nA Lo\u00e7\u00e3o T\u00e9rmico Calmante Lr Aloe Vera combina as propriedades hidratantes da Aloe Vera com \u00f3leos naturais, como o \u00f3leo de eucalipto, que melhoram a circula\u00e7\u00e3o sangu\u00ednea. \u00c9 adequado <a href=\"https:\/\/www.lraloeverashop.eu\/pt-pt\/produto\/zeitgard-pro-kit-de-massagem-corporal\/\">para uma massagem<\/a> relaxante e cuidadosa.<\/p>\n<p><strong>Pode Lo\u00e7\u00e3o T\u00e9rmica ser usada para p\u00e9s frios?<\/strong><br \/>\nP\u00e9s frios s\u00e3o um inc\u00f4modo comum, especialmente para as mulheres durante o inverno. Se voc\u00ea tiver esse problema e tiver dificuldade em adormecer, use a Thermo Lotion nos p\u00e9s regularmente.<\/p>\n<p>&nbsp;<\/p>\n","protected":false},"excerpt":{"rendered":"<ul>\n<li>Lo\u00e7\u00e3o curativa para cuidados com a pele e tens\u00e3o muscular<\/li>\n<li>45% de gel de aloe vera e \u00f3leos essenciais naturais<\/li>\n<li>Hidrata e nutre<\/li>\n<li>Promove a circula\u00e7\u00e3o muscular<\/li>\n<li>Os m\u00fasculos est\u00e3o relaxados e a pele \u00e9 flex\u00edvel<\/li>\n<li>Conte\u00fado: 100ml<\/li>\n<\/ul>\n<p><span style=\"color: #ff0000;\"><a style=\"color: #ff0000;\" href=\"https:\/\/shop.lrworld.com\/openpao?PHP=0vFlt7jT938BEnBI3a6e9w%3D%3D\"><span style=\"font-size: 14pt;\"><strong>Registe-se aqui e poupe 35% em todos os pedidos<\/strong><\/span><\/a><\/span><\/p>\n","protected":false},"featured_media":4779,"comment_status":"open","ping_status":"closed","template":"","meta":{"_kad_blocks_custom_css":"","_kad_blocks_head_custom_js":"","_kad_blocks_body_custom_js":"","_kad_blocks_footer_custom_js":"","_kadence_starter_templates_imported_post":false,"_kad_post_transparent":"default","_kad_post_title":"","_kad_post_layout":"default","_kad_post_sidebar_id":"","_kad_post_content_style":"default","_kad_post_vertical_padding":"default","_kad_post_feature":"","_kad_post_feature_position":"","_kad_post_header":false,"_kad_post_footer":false,"_kad_post_classname":""},"product_brand":[],"product_cat":[215,263],"product_tag":[554,555,559,557],"class_list":{"0":"post-10919","1":"product","2":"type-product","3":"status-publish","4":"has-post-thumbnail","6":"product_cat-aloe-vera-pt-pt","7":"product_cat-cuidadosespeciais","8":"product_tag-dor-nas-articulacoes","9":"product_tag-massagem","10":"product_tag-pernas-cansadas","11":"product_tag-tensao-muscular","13":"first","14":"instock","15":"taxable","16":"shipping-taxable","17":"purchasable","18":"product-type-simple","19":"entry","20":"content-bg","21":"loop-entry"},"yoast_head":"<!-- This site is optimized with the Yoast SEO Premium plugin v27.5 (Yoast SEO v27.5) - https:\/\/yoast.com\/product\/yoast-seo-premium-wordpress\/ -->\n<title>Aloe Vera Lo\u00e7\u00e3o t\u00e9rmica relaxante para um calor agrad\u00e1vel na pele<\/title>\n<meta name=\"description\" content=\"Aloe Vera Lo\u00e7\u00e3o T\u00e9rmica Relaxante oferece um relaxamento agrad\u00e1vel em nosso dia a dia. Ap\u00f3s longas horas sentado ou em p\u00e9, uma massagem acalma pernas\" \/>\n<meta name=\"robots\" content=\"index, follow, max-snippet:-1, max-image-preview:large, max-video-preview:-1\" \/>\n<link rel=\"canonical\" href=\"https:\/\/www.lraloeverashop.eu\/pt-pt\/produto\/aloe-vera-locao-termica-relaxante\/\" \/>\n<meta property=\"og:locale\" content=\"pt_PT\" \/>\n<meta property=\"og:type\" content=\"article\" \/>\n<meta property=\"og:title\" content=\"Aloe Vera Lo\u00e7\u00e3o T\u00e9rmica Relaxante\" \/>\n<meta property=\"og:description\" content=\"Aloe Vera Lo\u00e7\u00e3o T\u00e9rmica Relaxante oferece um relaxamento agrad\u00e1vel em nosso dia a dia. Ap\u00f3s longas horas sentado ou em p\u00e9, uma massagem acalma pernas\" \/>\n<meta property=\"og:url\" content=\"https:\/\/www.lraloeverashop.eu\/pt-pt\/produto\/aloe-vera-locao-termica-relaxante\/\" \/>\n<meta property=\"og:site_name\" content=\"Lr Loja Aloe Vera\" \/>\n<meta property=\"article:publisher\" content=\"https:\/\/www.facebook.com\/lraloeverashop.eu\" \/>\n<meta property=\"article:modified_time\" content=\"2026-02-08T09:37:28+00:00\" \/>\n<meta property=\"og:image\" content=\"https:\/\/www.lraloeverashop.eu\/wp-content\/uploads\/2022\/10\/Thermo-Lotion-from-Lr-Aloe-Vera.jpg\" \/>\n\t<meta property=\"og:image:width\" content=\"1200\" \/>\n\t<meta property=\"og:image:height\" content=\"1200\" \/>\n\t<meta property=\"og:image:type\" content=\"image\/jpeg\" \/>\n<meta name=\"twitter:card\" content=\"summary_large_image\" \/>\n<meta name=\"twitter:site\" content=\"@natur__kosmetik\" \/>\n<script type=\"application\/ld+json\" class=\"yoast-schema-graph\">{\"@context\":\"https:\\\/\\\/schema.org\",\"@graph\":[{\"@type\":[\"WebPage\",\"ItemPage\"],\"@id\":\"https:\\\/\\\/www.lraloeverashop.eu\\\/pt-pt\\\/produto\\\/aloe-vera-locao-termica-relaxante\\\/\",\"url\":\"https:\\\/\\\/www.lraloeverashop.eu\\\/pt-pt\\\/produto\\\/aloe-vera-locao-termica-relaxante\\\/\",\"name\":\"Aloe Vera Lo\u00e7\u00e3o t\u00e9rmica relaxante para um calor agrad\u00e1vel na pele\",\"isPartOf\":{\"@id\":\"https:\\\/\\\/www.lraloeverashop.eu\\\/pt-pt\\\/#website\"},\"primaryImageOfPage\":{\"@id\":\"https:\\\/\\\/www.lraloeverashop.eu\\\/pt-pt\\\/produto\\\/aloe-vera-locao-termica-relaxante\\\/#primaryimage\"},\"image\":{\"@id\":\"https:\\\/\\\/www.lraloeverashop.eu\\\/pt-pt\\\/produto\\\/aloe-vera-locao-termica-relaxante\\\/#primaryimage\"},\"thumbnailUrl\":\"https:\\\/\\\/www.lraloeverashop.eu\\\/wp-content\\\/uploads\\\/2022\\\/10\\\/Thermo-Lotion-from-Lr-Aloe-Vera.jpg\",\"datePublished\":\"2022-10-09T09:01:05+00:00\",\"dateModified\":\"2026-02-08T09:37:28+00:00\",\"description\":\"Aloe Vera Lo\u00e7\u00e3o T\u00e9rmica Relaxante oferece um relaxamento agrad\u00e1vel em nosso dia a dia. Ap\u00f3s longas horas sentado ou em p\u00e9, uma massagem acalma pernas\",\"breadcrumb\":{\"@id\":\"https:\\\/\\\/www.lraloeverashop.eu\\\/pt-pt\\\/produto\\\/aloe-vera-locao-termica-relaxante\\\/#breadcrumb\"},\"inLanguage\":\"pt-PT\",\"potentialAction\":[{\"@type\":\"ReadAction\",\"target\":[\"https:\\\/\\\/www.lraloeverashop.eu\\\/pt-pt\\\/produto\\\/aloe-vera-locao-termica-relaxante\\\/\"]}]},{\"@type\":\"ImageObject\",\"inLanguage\":\"pt-PT\",\"@id\":\"https:\\\/\\\/www.lraloeverashop.eu\\\/pt-pt\\\/produto\\\/aloe-vera-locao-termica-relaxante\\\/#primaryimage\",\"url\":\"https:\\\/\\\/www.lraloeverashop.eu\\\/wp-content\\\/uploads\\\/2022\\\/10\\\/Thermo-Lotion-from-Lr-Aloe-Vera.jpg\",\"contentUrl\":\"https:\\\/\\\/www.lraloeverashop.eu\\\/wp-content\\\/uploads\\\/2022\\\/10\\\/Thermo-Lotion-from-Lr-Aloe-Vera.jpg\",\"width\":1200,\"height\":1200,\"caption\":\"Lr Aloe Vera Lo\u00e7\u00e3o T\u00e9rmica Relaxante \u00e9 perfeita como creme de massagem\"},{\"@type\":\"BreadcrumbList\",\"@id\":\"https:\\\/\\\/www.lraloeverashop.eu\\\/pt-pt\\\/produto\\\/aloe-vera-locao-termica-relaxante\\\/#breadcrumb\",\"itemListElement\":[{\"@type\":\"ListItem\",\"position\":1,\"name\":\"Home\",\"item\":\"https:\\\/\\\/www.lraloeverashop.eu\\\/pt-pt\\\/\"},{\"@type\":\"ListItem\",\"position\":2,\"name\":\"Loja\",\"item\":\"https:\\\/\\\/www.lraloeverashop.eu\\\/pt-pt\\\/loja\\\/\"},{\"@type\":\"ListItem\",\"position\":3,\"name\":\"Aloe Vera Lo\u00e7\u00e3o T\u00e9rmica Relaxante\"}]},{\"@type\":\"WebSite\",\"@id\":\"https:\\\/\\\/www.lraloeverashop.eu\\\/pt-pt\\\/#website\",\"url\":\"https:\\\/\\\/www.lraloeverashop.eu\\\/pt-pt\\\/\",\"name\":\"Lr Loja Aloe Vera\",\"description\":\"High Quality Lr Aloe Vera Gel, Aloe Vera Cream and Shampoo\",\"publisher\":{\"@id\":\"https:\\\/\\\/www.lraloeverashop.eu\\\/pt-pt\\\/#organization\"},\"alternateName\":\"LR\",\"potentialAction\":[{\"@type\":\"SearchAction\",\"target\":{\"@type\":\"EntryPoint\",\"urlTemplate\":\"https:\\\/\\\/www.lraloeverashop.eu\\\/pt-pt\\\/?s={search_term_string}\"},\"query-input\":{\"@type\":\"PropertyValueSpecification\",\"valueRequired\":true,\"valueName\":\"search_term_string\"}}],\"inLanguage\":\"pt-PT\"},{\"@type\":\"Organization\",\"@id\":\"https:\\\/\\\/www.lraloeverashop.eu\\\/pt-pt\\\/#organization\",\"name\":\"Loja Lr Aloe Vera\",\"alternateName\":\"LR\",\"url\":\"https:\\\/\\\/www.lraloeverashop.eu\\\/pt-pt\\\/\",\"logo\":{\"@type\":\"ImageObject\",\"inLanguage\":\"pt-PT\",\"@id\":\"https:\\\/\\\/www.lraloeverashop.eu\\\/pt-pt\\\/#\\\/schema\\\/logo\\\/image\\\/\",\"url\":\"https:\\\/\\\/www.lraloeverashop.eu\\\/wp-content\\\/uploads\\\/2022\\\/09\\\/cropped-Lr-Aloe-Vera-Shop.jpg\",\"contentUrl\":\"https:\\\/\\\/www.lraloeverashop.eu\\\/wp-content\\\/uploads\\\/2022\\\/09\\\/cropped-Lr-Aloe-Vera-Shop.jpg\",\"width\":228,\"height\":76,\"caption\":\"Loja Lr Aloe Vera\"},\"image\":{\"@id\":\"https:\\\/\\\/www.lraloeverashop.eu\\\/pt-pt\\\/#\\\/schema\\\/logo\\\/image\\\/\"},\"sameAs\":[\"https:\\\/\\\/www.facebook.com\\\/lraloeverashop.eu\",\"https:\\\/\\\/x.com\\\/natur__kosmetik\",\"https:\\\/\\\/www.youtube.com\\\/channel\\\/UC5oN7BJ8nfYb8RpVtjwDEBA\",\"https:\\\/\\\/www.instagram.com\\\/lrbeautyeu\\\/\"],\"description\":\"Loja Lr Aloe Vera \u00e9 o seu destino de confian\u00e7a para os produtos de sa\u00fade e beleza premium da LR, fabricados na Alemanha. Oferecemos solu\u00e7\u00f5es de alta qualidade para o cuidado da pele, nutri\u00e7\u00e3o e antienvelhecimento \u00e0 base de Alo\u00e9 Vera, elaboradas com ingredientes puros e apoiadas em investiga\u00e7\u00e3o cient\u00edfica. Descubra o cuidado natural que regenera, protege e revitaliza a sua pele \u2014 e aproveite as ofertas mensais exclusivas nos nossos produtos LR Alo\u00e9 Vera mais vendidos.\\nComece hoje mesmo a sua jornada de cuidados naturais com a pele e sinta a diferen\u00e7a.\",\"email\":\"info@lraloeverashop.eu\",\"telephone\":\"+49 17670609653\",\"legalName\":\"Lr Aloe Vera Shop\",\"foundingDate\":\"2018-04-21\",\"numberOfEmployees\":{\"@type\":\"QuantitativeValue\",\"minValue\":\"1\",\"maxValue\":\"10\"}}]}<\/script>\n<meta property=\"product:price:amount\" content=\"19.99\" \/>\n<meta property=\"product:price:currency\" content=\"EUR\" \/>\n<meta property=\"og:availability\" content=\"instock\" \/>\n<meta property=\"product:availability\" content=\"instock\" \/>\n<meta property=\"product:retailer_item_id\" content=\"20603-101PT\" \/>\n<meta property=\"product:condition\" content=\"new\" \/>\n<!-- \/ Yoast SEO Premium plugin. -->","yoast_head_json":{"title":"Aloe Vera Lo\u00e7\u00e3o t\u00e9rmica relaxante para um calor agrad\u00e1vel na pele","description":"Aloe Vera Lo\u00e7\u00e3o T\u00e9rmica Relaxante oferece um relaxamento agrad\u00e1vel em nosso dia a dia. Ap\u00f3s longas horas sentado ou em p\u00e9, uma massagem acalma pernas","robots":{"index":"index","follow":"follow","max-snippet":"max-snippet:-1","max-image-preview":"max-image-preview:large","max-video-preview":"max-video-preview:-1"},"canonical":"https:\/\/www.lraloeverashop.eu\/pt-pt\/produto\/aloe-vera-locao-termica-relaxante\/","og_locale":"pt_PT","og_type":"article","og_title":"Aloe Vera Lo\u00e7\u00e3o T\u00e9rmica Relaxante","og_description":"Aloe Vera Lo\u00e7\u00e3o T\u00e9rmica Relaxante oferece um relaxamento agrad\u00e1vel em nosso dia a dia. Ap\u00f3s longas horas sentado ou em p\u00e9, uma massagem acalma pernas","og_url":"https:\/\/www.lraloeverashop.eu\/pt-pt\/produto\/aloe-vera-locao-termica-relaxante\/","og_site_name":"Lr Loja Aloe Vera","article_publisher":"https:\/\/www.facebook.com\/lraloeverashop.eu","article_modified_time":"2026-02-08T09:37:28+00:00","og_image":[{"width":1200,"height":1200,"url":"https:\/\/www.lraloeverashop.eu\/wp-content\/uploads\/2022\/10\/Thermo-Lotion-from-Lr-Aloe-Vera.jpg","type":"image\/jpeg"}],"twitter_card":"summary_large_image","twitter_site":"@natur__kosmetik","schema":{"@context":"https:\/\/schema.org","@graph":[{"@type":["WebPage","ItemPage"],"@id":"https:\/\/www.lraloeverashop.eu\/pt-pt\/produto\/aloe-vera-locao-termica-relaxante\/","url":"https:\/\/www.lraloeverashop.eu\/pt-pt\/produto\/aloe-vera-locao-termica-relaxante\/","name":"Aloe Vera Lo\u00e7\u00e3o t\u00e9rmica relaxante para um calor agrad\u00e1vel na pele","isPartOf":{"@id":"https:\/\/www.lraloeverashop.eu\/pt-pt\/#website"},"primaryImageOfPage":{"@id":"https:\/\/www.lraloeverashop.eu\/pt-pt\/produto\/aloe-vera-locao-termica-relaxante\/#primaryimage"},"image":{"@id":"https:\/\/www.lraloeverashop.eu\/pt-pt\/produto\/aloe-vera-locao-termica-relaxante\/#primaryimage"},"thumbnailUrl":"https:\/\/www.lraloeverashop.eu\/wp-content\/uploads\/2022\/10\/Thermo-Lotion-from-Lr-Aloe-Vera.jpg","datePublished":"2022-10-09T09:01:05+00:00","dateModified":"2026-02-08T09:37:28+00:00","description":"Aloe Vera Lo\u00e7\u00e3o T\u00e9rmica Relaxante oferece um relaxamento agrad\u00e1vel em nosso dia a dia. Ap\u00f3s longas horas sentado ou em p\u00e9, uma massagem acalma pernas","breadcrumb":{"@id":"https:\/\/www.lraloeverashop.eu\/pt-pt\/produto\/aloe-vera-locao-termica-relaxante\/#breadcrumb"},"inLanguage":"pt-PT","potentialAction":[{"@type":"ReadAction","target":["https:\/\/www.lraloeverashop.eu\/pt-pt\/produto\/aloe-vera-locao-termica-relaxante\/"]}]},{"@type":"ImageObject","inLanguage":"pt-PT","@id":"https:\/\/www.lraloeverashop.eu\/pt-pt\/produto\/aloe-vera-locao-termica-relaxante\/#primaryimage","url":"https:\/\/www.lraloeverashop.eu\/wp-content\/uploads\/2022\/10\/Thermo-Lotion-from-Lr-Aloe-Vera.jpg","contentUrl":"https:\/\/www.lraloeverashop.eu\/wp-content\/uploads\/2022\/10\/Thermo-Lotion-from-Lr-Aloe-Vera.jpg","width":1200,"height":1200,"caption":"Lr Aloe Vera Lo\u00e7\u00e3o T\u00e9rmica Relaxante \u00e9 perfeita como creme de massagem"},{"@type":"BreadcrumbList","@id":"https:\/\/www.lraloeverashop.eu\/pt-pt\/produto\/aloe-vera-locao-termica-relaxante\/#breadcrumb","itemListElement":[{"@type":"ListItem","position":1,"name":"Home","item":"https:\/\/www.lraloeverashop.eu\/pt-pt\/"},{"@type":"ListItem","position":2,"name":"Loja","item":"https:\/\/www.lraloeverashop.eu\/pt-pt\/loja\/"},{"@type":"ListItem","position":3,"name":"Aloe Vera Lo\u00e7\u00e3o T\u00e9rmica Relaxante"}]},{"@type":"WebSite","@id":"https:\/\/www.lraloeverashop.eu\/pt-pt\/#website","url":"https:\/\/www.lraloeverashop.eu\/pt-pt\/","name":"Lr Loja Aloe Vera","description":"High Quality Lr Aloe Vera Gel, Aloe Vera Cream and Shampoo","publisher":{"@id":"https:\/\/www.lraloeverashop.eu\/pt-pt\/#organization"},"alternateName":"LR","potentialAction":[{"@type":"SearchAction","target":{"@type":"EntryPoint","urlTemplate":"https:\/\/www.lraloeverashop.eu\/pt-pt\/?s={search_term_string}"},"query-input":{"@type":"PropertyValueSpecification","valueRequired":true,"valueName":"search_term_string"}}],"inLanguage":"pt-PT"},{"@type":"Organization","@id":"https:\/\/www.lraloeverashop.eu\/pt-pt\/#organization","name":"Loja Lr Aloe Vera","alternateName":"LR","url":"https:\/\/www.lraloeverashop.eu\/pt-pt\/","logo":{"@type":"ImageObject","inLanguage":"pt-PT","@id":"https:\/\/www.lraloeverashop.eu\/pt-pt\/#\/schema\/logo\/image\/","url":"https:\/\/www.lraloeverashop.eu\/wp-content\/uploads\/2022\/09\/cropped-Lr-Aloe-Vera-Shop.jpg","contentUrl":"https:\/\/www.lraloeverashop.eu\/wp-content\/uploads\/2022\/09\/cropped-Lr-Aloe-Vera-Shop.jpg","width":228,"height":76,"caption":"Loja Lr Aloe Vera"},"image":{"@id":"https:\/\/www.lraloeverashop.eu\/pt-pt\/#\/schema\/logo\/image\/"},"sameAs":["https:\/\/www.facebook.com\/lraloeverashop.eu","https:\/\/x.com\/natur__kosmetik","https:\/\/www.youtube.com\/channel\/UC5oN7BJ8nfYb8RpVtjwDEBA","https:\/\/www.instagram.com\/lrbeautyeu\/"],"description":"Loja Lr Aloe Vera \u00e9 o seu destino de confian\u00e7a para os produtos de sa\u00fade e beleza premium da LR, fabricados na Alemanha. Oferecemos solu\u00e7\u00f5es de alta qualidade para o cuidado da pele, nutri\u00e7\u00e3o e antienvelhecimento \u00e0 base de Alo\u00e9 Vera, elaboradas com ingredientes puros e apoiadas em investiga\u00e7\u00e3o cient\u00edfica. Descubra o cuidado natural que regenera, protege e revitaliza a sua pele \u2014 e aproveite as ofertas mensais exclusivas nos nossos produtos LR Alo\u00e9 Vera mais vendidos.\nComece hoje mesmo a sua jornada de cuidados naturais com a pele e sinta a diferen\u00e7a.","email":"info@lraloeverashop.eu","telephone":"+49 17670609653","legalName":"Lr Aloe Vera Shop","foundingDate":"2018-04-21","numberOfEmployees":{"@type":"QuantitativeValue","minValue":"1","maxValue":"10"}}]},"product_price_amount":"19.99","product_price_currency":"EUR","og_availability":"instock","product_availability":"instock","product_retailer_item_id":"20603-101PT","product_condition":"new"},"taxonomy_info":{"product_cat":[{"value":215,"label":"Aloe Vera"},{"value":263,"label":"Cuidados Especiais"}],"product_tag":[{"value":554,"label":"Dor nas articula\u00e7\u00f5es"},{"value":555,"label":"Massagem"},{"value":559,"label":"Pernas cansadas"},{"value":557,"label":"Tens\u00e3o muscular"}]},"featured_image_src_large":["https:\/\/www.lraloeverashop.eu\/wp-content\/uploads\/2022\/10\/Thermo-Lotion-from-Lr-Aloe-Vera-1024x1024.jpg",1024,1024,true],"author_info":[],"comment_info":0,"_links":{"self":[{"href":"https:\/\/www.lraloeverashop.eu\/pt-pt\/wp-json\/wp\/v2\/product\/10919","targetHints":{"allow":["GET"]}}],"collection":[{"href":"https:\/\/www.lraloeverashop.eu\/pt-pt\/wp-json\/wp\/v2\/product"}],"about":[{"href":"https:\/\/www.lraloeverashop.eu\/pt-pt\/wp-json\/wp\/v2\/types\/product"}],"replies":[{"embeddable":true,"href":"https:\/\/www.lraloeverashop.eu\/pt-pt\/wp-json\/wp\/v2\/comments?post=10919"}],"wp:featuredmedia":[{"embeddable":true,"href":"https:\/\/www.lraloeverashop.eu\/pt-pt\/wp-json\/wp\/v2\/media\/4779"}],"wp:attachment":[{"href":"https:\/\/www.lraloeverashop.eu\/pt-pt\/wp-json\/wp\/v2\/media?parent=10919"}],"wp:term":[{"taxonomy":"product_brand","embeddable":true,"href":"https:\/\/www.lraloeverashop.eu\/pt-pt\/wp-json\/wp\/v2\/product_brand?post=10919"},{"taxonomy":"product_cat","embeddable":true,"href":"https:\/\/www.lraloeverashop.eu\/pt-pt\/wp-json\/wp\/v2\/product_cat?post=10919"},{"taxonomy":"product_tag","embeddable":true,"href":"https:\/\/www.lraloeverashop.eu\/pt-pt\/wp-json\/wp\/v2\/product_tag?post=10919"}],"curies":[{"name":"wp","href":"https:\/\/api.w.org\/{rel}","templated":true}]}}