{"id":10883,"date":"2022-10-09T12:39:53","date_gmt":"2022-10-09T10:39:53","guid":{"rendered":"https:\/\/www.lraloeverashop.eu\/product\/aloe-vera-spray-de-emergencia\/"},"modified":"2026-02-08T10:36:58","modified_gmt":"2026-02-08T09:36:58","slug":"aloe-vera-spray-de-emergencia","status":"publish","type":"product","link":"https:\/\/www.lraloeverashop.eu\/pt-pt\/produto\/aloe-vera-spray-de-emergencia\/","title":{"rendered":"Aloe Vera Spray de emerg\u00eancia"},"content":{"rendered":"<h2><span style=\"font-size: 16pt;\"><strong>Aloe Vera Spray de emerg\u00eancia<\/strong><\/span><\/h2>\n<p><span style=\"font-size: 14pt;\"><strong>Aloe Vera Spray de emerg\u00eancia &#8211; Um especialista com poder de Aloe Vera<\/strong><\/span><\/p>\n<p>Sua pele est\u00e1 estressada e precisa de uma combina\u00e7\u00e3o poderosa? Spray de Emerg\u00eancia coloca uma camada protetora nas \u00e1reas exigentes da pele. Por ter 83% de Aloe Vera e 12% de extratos de ervas selecionados e testados, acalma, protege a pele e proporciona a <a href=\"https:\/\/www.lraloeverashop.eu\/pt-pt\/produto\/spray-de-emergencia-lr\/\">m\u00e1xima hidrata\u00e7\u00e3o<\/a>. O atendimento de emerg\u00eancia perfeito com o poder da Aloe Vera.<\/p>\n<p>Beneficie-se da experi\u00eancia dos especialistas em Aloe Vera! Seu alto teor de gel de folha de Aloe Vera puro oferece <a href=\"https:\/\/www.lraloeverashop.eu\/pt-pt\/spray-de-emergencia-aloe-vera-ira-salva-o-dia\/\">hidrata\u00e7\u00e3o m\u00e1xima<\/a>. Com ingredientes org\u00e2nicos de safras certificadas e produtos dermatologicamente testados, livres de parabenos e \u00f3leos minerais, LR Aloe Vera Care oferece cuidado intensivo e efic\u00e1cia.<\/p>\n<div class=\"entry-content-asset videofit\"><iframe loading=\"lazy\" title=\"Aloe Vera Spray Emergencia hidratante\" width=\"720\" height=\"405\" src=\"https:\/\/www.youtube.com\/embed\/5wHewcBH9nM?feature=oembed\" frameborder=\"0\" allow=\"accelerometer; autoplay; clipboard-write; encrypted-media; gyroscope; picture-in-picture; web-share\" referrerpolicy=\"strict-origin-when-cross-origin\" allowfullscreen><\/iframe><\/div>\n<p><strong>ESTUDOS<\/strong><br \/>\nOs volunt\u00e1rios indicaram:<\/p>\n<p>\u2022 100% confirmam que acalma as irrita\u00e7\u00f5es da pele *<br \/>\n\u2022 100% confirmam que o spray reduz a coceira *<br \/>\n\u2022 100% confirmam que acalma a pele *<\/p>\n<p>* O spray de emerg\u00eancia foi testado em 30 mulheres, entre 30 e 50 anos, atrav\u00e9s do Dermatest Institute GmbH e por um per\u00edodo de 2 semanas em outubro de 2007<\/p>\n<p>O spray de emerg\u00eancia tamb\u00e9m est\u00e1 dispon\u00edvel em Aloe Vera Caixa de Emerg\u00eancia que inclui frasco de 150 ml com Aloe Vera Concentrado e Aloe Vera com Pr\u00f3polis.<\/p>\n<div class=\"entry-content-asset videofit\"><iframe loading=\"lazy\" title=\"Healing power of Aloe Vera emergency Spray\" width=\"720\" height=\"405\" src=\"https:\/\/www.youtube.com\/embed\/cHbvBlJ98Kk?feature=oembed\" frameborder=\"0\" allow=\"accelerometer; autoplay; clipboard-write; encrypted-media; gyroscope; picture-in-picture; web-share\" referrerpolicy=\"strict-origin-when-cross-origin\" allowfullscreen><\/iframe><\/div>\n<h3><span style=\"font-size: 16pt;\"><strong>Modo de usar<\/strong><\/span><\/h3>\n<p>Aplique el Spray de emerg\u00eancia instant\u00e2neo preferivelmente ap\u00f3s a limpeza e antes de aplicar o cuidado habitual para a cara e o cuerpo. Es adecuado para v\u00e1rias formas de uso, como o al\u00edvio de la piel seca e estresada ap\u00f3s a exposi\u00e7\u00e3o ao sol o <a href=\"https:\/\/www.lraloeverashop.eu\/pt-pt\/produto\/aloe-vera-caixa-de-cuidado-especial\/\">eczema<\/a>, acn\u00e9 e outro problema de la piel.<\/p>\n<p>&nbsp;<\/p>\n<h4><span style=\"font-size: 16pt;\"><strong>Perguntas mais frequentes<\/strong><\/span><\/h4>\n<p><strong>Onde o spray de emerg\u00eancia Lr Aloe Vera pode ser aplicado?<\/strong><br \/>\nEntre outros, pode ser aplicado em v\u00e1rias \u00e1reas da pele estressada. Borrife diretamente na pele estressada e deixe-a se desfazer.<\/p>\n<p><strong>O spray de emerg\u00eancia pode ajudar os p\u00e9s cansados?<\/strong><br \/>\nEspecialmente durante os meses quentes de ver\u00e3o, os p\u00e9s sofrem de suor e fadiga. Aloe Vera Instant Emergency Spray oferece uma a\u00e7\u00e3o refrescante instant\u00e2nea. Seus extratos de ervas acalmam a pele.<\/p>\n<p><strong>Ingredientes naturais:<\/strong><\/p>\n<p>O barbear frequente irrita a pele dos homens. A melhor solu\u00e7\u00e3o \u00e9 borrifar um pouco de spray de emerg\u00eancia y nas m\u00e3os ap\u00f3s o barbear e aplic\u00e1-lo no rosto, esfregando levemente como um after-shave. Acalma e relaxa a pele irritada.<\/p>\n<p><strong>O Lr Aloe Vera spray de emerg\u00eancia pode ser aplicado no couro cabeludo?<\/strong><br \/>\nSe sentir oleosidade no couro cabeludo, simplesmente borrife o Instant Emergency Spray no couro cabeludo e massageie suavemente a pele com a ponta dos dedos. Oferece uma <a href=\"https:\/\/www.lraloeverashop.eu\/pt-pt\/produto\/zeitgard-pro-kit-peeling-facial\/\">sensa\u00e7\u00e3o de frescura<\/a> no couro cabeludo.<\/p>\n","protected":false},"excerpt":{"rendered":"<ul>\n<li>Com 83% de Aloe Vera<\/li>\n<li>Com 12% de extratos de ervas selecionados e testados<\/li>\n<li>Com gel de alo\u00e9 vera fermentado para mais hidrata\u00e7\u00e3o<\/li>\n<li>Coloca uma camada protetora na pele exigente<\/li>\n<li>Com a\u00e7\u00e3o calmante e refrescante<\/li>\n<li>Quantidade: 400 ml<\/li>\n<\/ul>\n<p><span style=\"color: #ff0000;\"><a style=\"color: #ff0000;\" href=\"https:\/\/shop.lrworld.com\/openpao?PHP=0vFlt7jT938BEnBI3a6e9w%3D%3D\"><span style=\"font-size: 14pt;\"><strong>Registe-se aqui e poupe 35% em todos os pedidos<\/strong><\/span><\/a><\/span><\/p>\n","protected":false},"featured_media":27198,"comment_status":"open","ping_status":"closed","template":"","meta":{"_kad_blocks_custom_css":"","_kad_blocks_head_custom_js":"","_kad_blocks_body_custom_js":"","_kad_blocks_footer_custom_js":"","_kadence_starter_templates_imported_post":false,"_kad_post_transparent":"default","_kad_post_title":"","_kad_post_layout":"default","_kad_post_sidebar_id":"","_kad_post_content_style":"default","_kad_post_vertical_padding":"default","_kad_post_feature":"","_kad_post_feature_position":"","_kad_post_header":false,"_kad_post_footer":false,"_kad_post_classname":""},"product_brand":[],"product_cat":[215,230,263],"product_tag":[551,552,608,1203],"class_list":{"0":"post-10883","1":"product","2":"type-product","3":"status-publish","4":"has-post-thumbnail","6":"product_cat-aloe-vera-pt-pt","7":"product_cat-cuidados-corporal","8":"product_cat-cuidadosespeciais","9":"product_tag-cortes","10":"product_tag-eczema-pt-pt","11":"product_tag-feridas","12":"product_tag-gel-de-aloe-fermentado","14":"first","15":"instock","16":"taxable","17":"shipping-taxable","18":"purchasable","19":"product-type-simple","20":"entry","21":"content-bg","22":"loop-entry"},"yoast_head":"<!-- This site is optimized with the Yoast SEO Premium plugin v27.5 (Yoast SEO v27.5) - https:\/\/yoast.com\/product\/yoast-seo-premium-wordpress\/ -->\n<title>Aloe Vera Spray de emerg\u00eancia - Um especialista de Aloe Vera<\/title>\n<meta name=\"description\" content=\"Sua pele est\u00e1 estressada e precisa de uma combina\u00e7\u00e3o poderosa? Aloe Vera Spray de Emerg\u00eancia coloca uma camada protetora nas \u00e1reas exigentes da pele.\" \/>\n<meta name=\"robots\" content=\"index, follow, max-snippet:-1, max-image-preview:large, max-video-preview:-1\" \/>\n<link rel=\"canonical\" href=\"https:\/\/www.lraloeverashop.eu\/pt-pt\/produto\/aloe-vera-spray-de-emergencia\/\" \/>\n<meta property=\"og:locale\" content=\"pt_PT\" \/>\n<meta property=\"og:type\" content=\"article\" \/>\n<meta property=\"og:title\" content=\"Aloe Vera Spray de emerg\u00eancia\" \/>\n<meta property=\"og:description\" content=\"Sua pele est\u00e1 estressada e precisa de uma combina\u00e7\u00e3o poderosa? Aloe Vera Spray de Emerg\u00eancia coloca uma camada protetora nas \u00e1reas exigentes da pele.\" \/>\n<meta property=\"og:url\" content=\"https:\/\/www.lraloeverashop.eu\/pt-pt\/produto\/aloe-vera-spray-de-emergencia\/\" \/>\n<meta property=\"og:site_name\" content=\"Lr Loja Aloe Vera\" \/>\n<meta property=\"article:publisher\" content=\"https:\/\/www.facebook.com\/lraloeverashop.eu\" \/>\n<meta property=\"article:modified_time\" content=\"2026-02-08T09:36:58+00:00\" \/>\n<meta property=\"og:image\" content=\"https:\/\/www.lraloeverashop.eu\/wp-content\/uploads\/2025\/04\/Lr-Aloe-Vera-emergency-spray-new.jpg\" \/>\n\t<meta property=\"og:image:width\" content=\"1200\" \/>\n\t<meta property=\"og:image:height\" content=\"1200\" \/>\n\t<meta property=\"og:image:type\" content=\"image\/jpeg\" \/>\n<meta name=\"twitter:card\" content=\"summary_large_image\" \/>\n<meta name=\"twitter:site\" content=\"@natur__kosmetik\" \/>\n<script type=\"application\/ld+json\" class=\"yoast-schema-graph\">{\"@context\":\"https:\\\/\\\/schema.org\",\"@graph\":[{\"@type\":[\"WebPage\",\"ItemPage\"],\"@id\":\"https:\\\/\\\/www.lraloeverashop.eu\\\/pt-pt\\\/produto\\\/aloe-vera-spray-de-emergencia\\\/\",\"url\":\"https:\\\/\\\/www.lraloeverashop.eu\\\/pt-pt\\\/produto\\\/aloe-vera-spray-de-emergencia\\\/\",\"name\":\"Aloe Vera Spray de emerg\u00eancia - Um especialista de Aloe Vera\",\"isPartOf\":{\"@id\":\"https:\\\/\\\/www.lraloeverashop.eu\\\/pt-pt\\\/#website\"},\"primaryImageOfPage\":{\"@id\":\"https:\\\/\\\/www.lraloeverashop.eu\\\/pt-pt\\\/produto\\\/aloe-vera-spray-de-emergencia\\\/#primaryimage\"},\"image\":{\"@id\":\"https:\\\/\\\/www.lraloeverashop.eu\\\/pt-pt\\\/produto\\\/aloe-vera-spray-de-emergencia\\\/#primaryimage\"},\"thumbnailUrl\":\"https:\\\/\\\/www.lraloeverashop.eu\\\/wp-content\\\/uploads\\\/2025\\\/04\\\/Lr-Aloe-Vera-emergency-spray-new.jpg\",\"datePublished\":\"2022-10-09T10:39:53+00:00\",\"dateModified\":\"2026-02-08T09:36:58+00:00\",\"description\":\"Sua pele est\u00e1 estressada e precisa de uma combina\u00e7\u00e3o poderosa? Aloe Vera Spray de Emerg\u00eancia coloca uma camada protetora nas \u00e1reas exigentes da pele.\",\"breadcrumb\":{\"@id\":\"https:\\\/\\\/www.lraloeverashop.eu\\\/pt-pt\\\/produto\\\/aloe-vera-spray-de-emergencia\\\/#breadcrumb\"},\"inLanguage\":\"pt-PT\",\"potentialAction\":[{\"@type\":\"ReadAction\",\"target\":[\"https:\\\/\\\/www.lraloeverashop.eu\\\/pt-pt\\\/produto\\\/aloe-vera-spray-de-emergencia\\\/\"]}]},{\"@type\":\"ImageObject\",\"inLanguage\":\"pt-PT\",\"@id\":\"https:\\\/\\\/www.lraloeverashop.eu\\\/pt-pt\\\/produto\\\/aloe-vera-spray-de-emergencia\\\/#primaryimage\",\"url\":\"https:\\\/\\\/www.lraloeverashop.eu\\\/wp-content\\\/uploads\\\/2025\\\/04\\\/Lr-Aloe-Vera-emergency-spray-new.jpg\",\"contentUrl\":\"https:\\\/\\\/www.lraloeverashop.eu\\\/wp-content\\\/uploads\\\/2025\\\/04\\\/Lr-Aloe-Vera-emergency-spray-new.jpg\",\"width\":1200,\"height\":1200,\"caption\":\"Aloe Vera Spray de emergencia Com gel de alo\u00e9 vera fermentado\"},{\"@type\":\"BreadcrumbList\",\"@id\":\"https:\\\/\\\/www.lraloeverashop.eu\\\/pt-pt\\\/produto\\\/aloe-vera-spray-de-emergencia\\\/#breadcrumb\",\"itemListElement\":[{\"@type\":\"ListItem\",\"position\":1,\"name\":\"Home\",\"item\":\"https:\\\/\\\/www.lraloeverashop.eu\\\/pt-pt\\\/\"},{\"@type\":\"ListItem\",\"position\":2,\"name\":\"Loja\",\"item\":\"https:\\\/\\\/www.lraloeverashop.eu\\\/pt-pt\\\/loja\\\/\"},{\"@type\":\"ListItem\",\"position\":3,\"name\":\"Aloe Vera Spray de emerg\u00eancia\"}]},{\"@type\":\"WebSite\",\"@id\":\"https:\\\/\\\/www.lraloeverashop.eu\\\/pt-pt\\\/#website\",\"url\":\"https:\\\/\\\/www.lraloeverashop.eu\\\/pt-pt\\\/\",\"name\":\"Lr Loja Aloe Vera\",\"description\":\"High Quality Lr Aloe Vera Gel, Aloe Vera Cream and Shampoo\",\"publisher\":{\"@id\":\"https:\\\/\\\/www.lraloeverashop.eu\\\/pt-pt\\\/#organization\"},\"alternateName\":\"LR\",\"potentialAction\":[{\"@type\":\"SearchAction\",\"target\":{\"@type\":\"EntryPoint\",\"urlTemplate\":\"https:\\\/\\\/www.lraloeverashop.eu\\\/pt-pt\\\/?s={search_term_string}\"},\"query-input\":{\"@type\":\"PropertyValueSpecification\",\"valueRequired\":true,\"valueName\":\"search_term_string\"}}],\"inLanguage\":\"pt-PT\"},{\"@type\":\"Organization\",\"@id\":\"https:\\\/\\\/www.lraloeverashop.eu\\\/pt-pt\\\/#organization\",\"name\":\"Loja Lr Aloe Vera\",\"alternateName\":\"LR\",\"url\":\"https:\\\/\\\/www.lraloeverashop.eu\\\/pt-pt\\\/\",\"logo\":{\"@type\":\"ImageObject\",\"inLanguage\":\"pt-PT\",\"@id\":\"https:\\\/\\\/www.lraloeverashop.eu\\\/pt-pt\\\/#\\\/schema\\\/logo\\\/image\\\/\",\"url\":\"https:\\\/\\\/www.lraloeverashop.eu\\\/wp-content\\\/uploads\\\/2022\\\/09\\\/cropped-Lr-Aloe-Vera-Shop.jpg\",\"contentUrl\":\"https:\\\/\\\/www.lraloeverashop.eu\\\/wp-content\\\/uploads\\\/2022\\\/09\\\/cropped-Lr-Aloe-Vera-Shop.jpg\",\"width\":228,\"height\":76,\"caption\":\"Loja Lr Aloe Vera\"},\"image\":{\"@id\":\"https:\\\/\\\/www.lraloeverashop.eu\\\/pt-pt\\\/#\\\/schema\\\/logo\\\/image\\\/\"},\"sameAs\":[\"https:\\\/\\\/www.facebook.com\\\/lraloeverashop.eu\",\"https:\\\/\\\/x.com\\\/natur__kosmetik\",\"https:\\\/\\\/www.youtube.com\\\/channel\\\/UC5oN7BJ8nfYb8RpVtjwDEBA\",\"https:\\\/\\\/www.instagram.com\\\/lrbeautyeu\\\/\"],\"description\":\"Loja Lr Aloe Vera \u00e9 o seu destino de confian\u00e7a para os produtos de sa\u00fade e beleza premium da LR, fabricados na Alemanha. Oferecemos solu\u00e7\u00f5es de alta qualidade para o cuidado da pele, nutri\u00e7\u00e3o e antienvelhecimento \u00e0 base de Alo\u00e9 Vera, elaboradas com ingredientes puros e apoiadas em investiga\u00e7\u00e3o cient\u00edfica. Descubra o cuidado natural que regenera, protege e revitaliza a sua pele \u2014 e aproveite as ofertas mensais exclusivas nos nossos produtos LR Alo\u00e9 Vera mais vendidos.\\nComece hoje mesmo a sua jornada de cuidados naturais com a pele e sinta a diferen\u00e7a.\",\"email\":\"info@lraloeverashop.eu\",\"telephone\":\"+49 17670609653\",\"legalName\":\"Lr Aloe Vera Shop\",\"foundingDate\":\"2018-04-21\",\"numberOfEmployees\":{\"@type\":\"QuantitativeValue\",\"minValue\":\"1\",\"maxValue\":\"10\"}}]}<\/script>\n<meta property=\"product:price:amount\" content=\"27.99\" \/>\n<meta property=\"product:price:currency\" content=\"EUR\" \/>\n<meta property=\"og:availability\" content=\"instock\" \/>\n<meta property=\"product:availability\" content=\"instock\" \/>\n<meta property=\"product:retailer_item_id\" content=\"20600-101PT\" \/>\n<meta property=\"product:condition\" content=\"new\" \/>\n<!-- \/ Yoast SEO Premium plugin. -->","yoast_head_json":{"title":"Aloe Vera Spray de emerg\u00eancia - Um especialista de Aloe Vera","description":"Sua pele est\u00e1 estressada e precisa de uma combina\u00e7\u00e3o poderosa? Aloe Vera Spray de Emerg\u00eancia coloca uma camada protetora nas \u00e1reas exigentes da pele.","robots":{"index":"index","follow":"follow","max-snippet":"max-snippet:-1","max-image-preview":"max-image-preview:large","max-video-preview":"max-video-preview:-1"},"canonical":"https:\/\/www.lraloeverashop.eu\/pt-pt\/produto\/aloe-vera-spray-de-emergencia\/","og_locale":"pt_PT","og_type":"article","og_title":"Aloe Vera Spray de emerg\u00eancia","og_description":"Sua pele est\u00e1 estressada e precisa de uma combina\u00e7\u00e3o poderosa? Aloe Vera Spray de Emerg\u00eancia coloca uma camada protetora nas \u00e1reas exigentes da pele.","og_url":"https:\/\/www.lraloeverashop.eu\/pt-pt\/produto\/aloe-vera-spray-de-emergencia\/","og_site_name":"Lr Loja Aloe Vera","article_publisher":"https:\/\/www.facebook.com\/lraloeverashop.eu","article_modified_time":"2026-02-08T09:36:58+00:00","og_image":[{"width":1200,"height":1200,"url":"https:\/\/www.lraloeverashop.eu\/wp-content\/uploads\/2025\/04\/Lr-Aloe-Vera-emergency-spray-new.jpg","type":"image\/jpeg"}],"twitter_card":"summary_large_image","twitter_site":"@natur__kosmetik","schema":{"@context":"https:\/\/schema.org","@graph":[{"@type":["WebPage","ItemPage"],"@id":"https:\/\/www.lraloeverashop.eu\/pt-pt\/produto\/aloe-vera-spray-de-emergencia\/","url":"https:\/\/www.lraloeverashop.eu\/pt-pt\/produto\/aloe-vera-spray-de-emergencia\/","name":"Aloe Vera Spray de emerg\u00eancia - Um especialista de Aloe Vera","isPartOf":{"@id":"https:\/\/www.lraloeverashop.eu\/pt-pt\/#website"},"primaryImageOfPage":{"@id":"https:\/\/www.lraloeverashop.eu\/pt-pt\/produto\/aloe-vera-spray-de-emergencia\/#primaryimage"},"image":{"@id":"https:\/\/www.lraloeverashop.eu\/pt-pt\/produto\/aloe-vera-spray-de-emergencia\/#primaryimage"},"thumbnailUrl":"https:\/\/www.lraloeverashop.eu\/wp-content\/uploads\/2025\/04\/Lr-Aloe-Vera-emergency-spray-new.jpg","datePublished":"2022-10-09T10:39:53+00:00","dateModified":"2026-02-08T09:36:58+00:00","description":"Sua pele est\u00e1 estressada e precisa de uma combina\u00e7\u00e3o poderosa? Aloe Vera Spray de Emerg\u00eancia coloca uma camada protetora nas \u00e1reas exigentes da pele.","breadcrumb":{"@id":"https:\/\/www.lraloeverashop.eu\/pt-pt\/produto\/aloe-vera-spray-de-emergencia\/#breadcrumb"},"inLanguage":"pt-PT","potentialAction":[{"@type":"ReadAction","target":["https:\/\/www.lraloeverashop.eu\/pt-pt\/produto\/aloe-vera-spray-de-emergencia\/"]}]},{"@type":"ImageObject","inLanguage":"pt-PT","@id":"https:\/\/www.lraloeverashop.eu\/pt-pt\/produto\/aloe-vera-spray-de-emergencia\/#primaryimage","url":"https:\/\/www.lraloeverashop.eu\/wp-content\/uploads\/2025\/04\/Lr-Aloe-Vera-emergency-spray-new.jpg","contentUrl":"https:\/\/www.lraloeverashop.eu\/wp-content\/uploads\/2025\/04\/Lr-Aloe-Vera-emergency-spray-new.jpg","width":1200,"height":1200,"caption":"Aloe Vera Spray de emergencia Com gel de alo\u00e9 vera fermentado"},{"@type":"BreadcrumbList","@id":"https:\/\/www.lraloeverashop.eu\/pt-pt\/produto\/aloe-vera-spray-de-emergencia\/#breadcrumb","itemListElement":[{"@type":"ListItem","position":1,"name":"Home","item":"https:\/\/www.lraloeverashop.eu\/pt-pt\/"},{"@type":"ListItem","position":2,"name":"Loja","item":"https:\/\/www.lraloeverashop.eu\/pt-pt\/loja\/"},{"@type":"ListItem","position":3,"name":"Aloe Vera Spray de emerg\u00eancia"}]},{"@type":"WebSite","@id":"https:\/\/www.lraloeverashop.eu\/pt-pt\/#website","url":"https:\/\/www.lraloeverashop.eu\/pt-pt\/","name":"Lr Loja Aloe Vera","description":"High Quality Lr Aloe Vera Gel, Aloe Vera Cream and Shampoo","publisher":{"@id":"https:\/\/www.lraloeverashop.eu\/pt-pt\/#organization"},"alternateName":"LR","potentialAction":[{"@type":"SearchAction","target":{"@type":"EntryPoint","urlTemplate":"https:\/\/www.lraloeverashop.eu\/pt-pt\/?s={search_term_string}"},"query-input":{"@type":"PropertyValueSpecification","valueRequired":true,"valueName":"search_term_string"}}],"inLanguage":"pt-PT"},{"@type":"Organization","@id":"https:\/\/www.lraloeverashop.eu\/pt-pt\/#organization","name":"Loja Lr Aloe Vera","alternateName":"LR","url":"https:\/\/www.lraloeverashop.eu\/pt-pt\/","logo":{"@type":"ImageObject","inLanguage":"pt-PT","@id":"https:\/\/www.lraloeverashop.eu\/pt-pt\/#\/schema\/logo\/image\/","url":"https:\/\/www.lraloeverashop.eu\/wp-content\/uploads\/2022\/09\/cropped-Lr-Aloe-Vera-Shop.jpg","contentUrl":"https:\/\/www.lraloeverashop.eu\/wp-content\/uploads\/2022\/09\/cropped-Lr-Aloe-Vera-Shop.jpg","width":228,"height":76,"caption":"Loja Lr Aloe Vera"},"image":{"@id":"https:\/\/www.lraloeverashop.eu\/pt-pt\/#\/schema\/logo\/image\/"},"sameAs":["https:\/\/www.facebook.com\/lraloeverashop.eu","https:\/\/x.com\/natur__kosmetik","https:\/\/www.youtube.com\/channel\/UC5oN7BJ8nfYb8RpVtjwDEBA","https:\/\/www.instagram.com\/lrbeautyeu\/"],"description":"Loja Lr Aloe Vera \u00e9 o seu destino de confian\u00e7a para os produtos de sa\u00fade e beleza premium da LR, fabricados na Alemanha. Oferecemos solu\u00e7\u00f5es de alta qualidade para o cuidado da pele, nutri\u00e7\u00e3o e antienvelhecimento \u00e0 base de Alo\u00e9 Vera, elaboradas com ingredientes puros e apoiadas em investiga\u00e7\u00e3o cient\u00edfica. Descubra o cuidado natural que regenera, protege e revitaliza a sua pele \u2014 e aproveite as ofertas mensais exclusivas nos nossos produtos LR Alo\u00e9 Vera mais vendidos.\nComece hoje mesmo a sua jornada de cuidados naturais com a pele e sinta a diferen\u00e7a.","email":"info@lraloeverashop.eu","telephone":"+49 17670609653","legalName":"Lr Aloe Vera Shop","foundingDate":"2018-04-21","numberOfEmployees":{"@type":"QuantitativeValue","minValue":"1","maxValue":"10"}}]},"product_price_amount":"27.99","product_price_currency":"EUR","og_availability":"instock","product_availability":"instock","product_retailer_item_id":"20600-101PT","product_condition":"new"},"taxonomy_info":{"product_cat":[{"value":215,"label":"Aloe Vera"},{"value":230,"label":"Cuidado Corporal"},{"value":263,"label":"Cuidados Especiais"}],"product_tag":[{"value":551,"label":"Cortes"},{"value":552,"label":"Eczema"},{"value":608,"label":"Feridas"},{"value":1203,"label":"Gel de Aloe Fermentado"}]},"featured_image_src_large":["https:\/\/www.lraloeverashop.eu\/wp-content\/uploads\/2025\/04\/Lr-Aloe-Vera-emergency-spray-new-1024x1024.jpg",1024,1024,true],"author_info":[],"comment_info":0,"_links":{"self":[{"href":"https:\/\/www.lraloeverashop.eu\/pt-pt\/wp-json\/wp\/v2\/product\/10883","targetHints":{"allow":["GET"]}}],"collection":[{"href":"https:\/\/www.lraloeverashop.eu\/pt-pt\/wp-json\/wp\/v2\/product"}],"about":[{"href":"https:\/\/www.lraloeverashop.eu\/pt-pt\/wp-json\/wp\/v2\/types\/product"}],"replies":[{"embeddable":true,"href":"https:\/\/www.lraloeverashop.eu\/pt-pt\/wp-json\/wp\/v2\/comments?post=10883"}],"wp:featuredmedia":[{"embeddable":true,"href":"https:\/\/www.lraloeverashop.eu\/pt-pt\/wp-json\/wp\/v2\/media\/27198"}],"wp:attachment":[{"href":"https:\/\/www.lraloeverashop.eu\/pt-pt\/wp-json\/wp\/v2\/media?parent=10883"}],"wp:term":[{"taxonomy":"product_brand","embeddable":true,"href":"https:\/\/www.lraloeverashop.eu\/pt-pt\/wp-json\/wp\/v2\/product_brand?post=10883"},{"taxonomy":"product_cat","embeddable":true,"href":"https:\/\/www.lraloeverashop.eu\/pt-pt\/wp-json\/wp\/v2\/product_cat?post=10883"},{"taxonomy":"product_tag","embeddable":true,"href":"https:\/\/www.lraloeverashop.eu\/pt-pt\/wp-json\/wp\/v2\/product_tag?post=10883"}],"curies":[{"name":"wp","href":"https:\/\/api.w.org\/{rel}","templated":true}]}}