{"id":10871,"date":"2022-10-09T13:04:55","date_gmt":"2022-10-09T11:04:55","guid":{"rendered":"https:\/\/www.lraloeverashop.eu\/product\/aloe-vera-creme-protetor-com-propolis\/"},"modified":"2026-02-08T10:36:42","modified_gmt":"2026-02-08T09:36:42","slug":"aloe-vera-creme-protetor-com-propolis","status":"publish","type":"product","link":"https:\/\/www.lraloeverashop.eu\/pt-pt\/produto\/aloe-vera-creme-protetor-com-propolis\/","title":{"rendered":"Aloe Vera Creme Protetor com Prop\u00f3lis"},"content":{"rendered":"<h2><span style=\"font-size: 16pt; color: #000000;\"><strong>Aloe Vera Creme Protetor com Prop\u00f3lis<\/strong><\/span><\/h2>\n<p><span style=\"font-size: 14pt; color: #000000;\"><strong>Aloe Vera Creme Protetor Com Pr\u00f3polis &#8211; creme rico que acalma e nutre a pele extra seca e exigente.<\/strong><\/span><\/p>\n<p>Aloe Vera Creme Protetor Com Pr\u00f3polis com 79% Aloe Vera, indicado para o tratamento de peles secas e exigentes. Aumenta a barreira natural da pele e coloca uma camada protetora na pele. A pr\u00f3polis \u00e9 extra\u00edda do favo de mel e oferece uma sensa\u00e7\u00e3o de cuidado e al\u00edvio \u00e0 pele, devido ao seu isolamento t\u00e9rmico aliado ao efeito hidratante da Aloe Vera.<\/p>\n<div class=\"entry-content-asset videofit\"><iframe loading=\"lazy\" title=\"Caja Aloe Vera - Un \u201cKit de Primeros Auxilios\u201d Para Todos Los Casos\" width=\"720\" height=\"405\" src=\"https:\/\/www.youtube.com\/embed\/Sns537gkO8g?feature=oembed\" frameborder=\"0\" allow=\"accelerometer; autoplay; clipboard-write; encrypted-media; gyroscope; picture-in-picture; web-share\" referrerpolicy=\"strict-origin-when-cross-origin\" allowfullscreen><\/iframe><\/div>\n<p><strong>Indica\u00e7\u00f5es<\/strong><br \/>\nO Creme Protetor Aloe Vera com Pr\u00f3polis \u00e9 um antiinflamat\u00f3rio natural. Regenera e <a href=\"https:\/\/www.lraloeverashop.eu\/pt-pt\/produto\/aloe-vera-desodorizante-roll-on-protetor\/\">hidrata a pele<\/a>.<\/p>\n<p><strong>Deve ser usado para pele escamosa e seca, acne, fur\u00fanculos, cistos seb\u00e1ceos, eczema, hemorr\u00f3idas, Calosidades, manchas na pele, Pele gretada, estrias, Psor\u00edase, queimaduras, dermatire seborr\u00e9ico, pequenas feridas, M\u00e3os e p\u00e9s gretados e danificados, Regenera e acalma os tecidos danificados<\/strong><\/p>\n<p>No caso de pele muito danificada, recomendamos tamb\u00e9m: <a href=\"https:\/\/www.lraloeverashop.eu\/pt-pt\/produto\/aloe-vera-gel-concentrado\/\">Aloe Vera Concentrado<\/a> e Aloe Vera Spray de emerg\u00eancia e para o tratamento especial de \u00e1reas espec\u00edficas da pele Aloe Vera DermaIntense.<\/p>\n<p>&nbsp;<\/p>\n<h3><span style=\"font-size: 16pt;\"><strong>Modo de usar<\/strong><\/span><\/h3>\n<p>O Lr Aloe Vera Creme Protetor Com Pr\u00f3polis \u00e9 especialmente recomendado para a prote\u00e7\u00e3o do rosto e das m\u00e3os. O creme pode ser aplicado em todas as \u00e1reas extremamente secas da pele que requeiram cuidados intensivos. Aplicar na <a href=\"https:\/\/www.lraloeverashop.eu\/pt-pt\/produto\/lr-aloe-vera-creme-protetor-para-bebe\/\">pele exigente<\/a>, massajando suavemente.<\/p>\n<p>&nbsp;<\/p>\n<h4><span style=\"font-size: 16pt;\"><strong>Voc\u00ea sabia?<\/strong><\/span><\/h4>\n<p>Al\u00e9m da Aloe Vera, a pr\u00f3polis \u00e9 um dos ingredientes mais importantes do creme. As abelhas produzem essa subst\u00e2ncia resinosa, para us\u00e1-la como material de constru\u00e7\u00e3o de seu favo de mel.<\/p>\n<p>&nbsp;<\/p>\n<h5><span style=\"font-size: 16pt;\"><strong>Perguntas mais frequentes<\/strong><\/span><\/h5>\n<p><strong>O que \u00e9 pr\u00f3polis?<\/strong><br \/>\nA pr\u00f3polis \u00e9 uma subst\u00e2ncia resinosa produzida pelas abelhas e utilizada como material de constru\u00e7\u00e3o de seu favo de mel. As abelhas o usam para cobrir as superf\u00edcies das colmeias ou selar pequenos buracos e rachaduras.<\/p>\n<p><strong>Quais s\u00e3o os ingredientes da pr\u00f3polis?<\/strong><br \/>\nA pr\u00f3polis \u00e9 composta principalmente de resinas naturais de cascas de \u00e1rvores e brotos e \u00e9 enriquecida com mel, p\u00f3len, \u00f3leos essenciais, oligoelementos e vitaminas.<\/p>\n","protected":false},"excerpt":{"rendered":"<ul>\n<li>Creme rico para manchas na pele e pele seca que precisa de cuidados<\/li>\n<li>Com 79% de Aloe Vera e extrato de cera de abelha<\/li>\n<li>Com gel de alo\u00e9 vera fermentado para mais hidrata\u00e7\u00e3o<\/li>\n<li>Aumenta a barreira natural da pele e coloca uma camada protetora na pele<\/li>\n<li>Relaxa e acalma a pele<\/li>\n<li>Conte\u00fado: 100 ml<\/li>\n<\/ul>\n<p><span style=\"color: #ff0000;\"><a style=\"color: #ff0000;\" href=\"https:\/\/shop.lrworld.com\/openpao?PHP=0vFlt7jT938BEnBI3a6e9w%3D%3D\"><span style=\"font-size: 14pt;\"><strong>Registe-se aqui e poupe 35% em todos os pedidos<\/strong><\/span><\/a><\/span><\/p>\n","protected":false},"featured_media":27230,"comment_status":"open","ping_status":"closed","template":"","meta":{"_kad_blocks_custom_css":"","_kad_blocks_head_custom_js":"","_kad_blocks_body_custom_js":"","_kad_blocks_footer_custom_js":"","_kadence_starter_templates_imported_post":false,"_kad_post_transparent":"default","_kad_post_title":"","_kad_post_layout":"default","_kad_post_sidebar_id":"","_kad_post_content_style":"default","_kad_post_vertical_padding":"default","_kad_post_feature":"","_kad_post_feature_position":"","_kad_post_header":false,"_kad_post_footer":false,"_kad_post_classname":""},"product_brand":[],"product_cat":[215,263],"product_tag":[1203,616,617],"class_list":{"0":"post-10871","1":"product","2":"type-product","3":"status-publish","4":"has-post-thumbnail","6":"product_cat-aloe-vera-pt-pt","7":"product_cat-cuidadosespeciais","8":"product_tag-gel-de-aloe-fermentado","9":"product_tag-maos-secas","10":"product_tag-pele-seca","12":"first","13":"instock","14":"taxable","15":"shipping-taxable","16":"purchasable","17":"product-type-simple","18":"entry","19":"content-bg","20":"loop-entry"},"yoast_head":"<!-- This site is optimized with the Yoast SEO Premium plugin v27.5 (Yoast SEO v27.5) - https:\/\/yoast.com\/product\/yoast-seo-premium-wordpress\/ -->\n<title>Aloe Vera Creme Protetor com Pr\u00f3polis para pele extra seca.<\/title>\n<meta name=\"description\" content=\"Aloe Vera Creme Protetor com Pr\u00f3polis com 79% de Aloe Vera e extrato de cera de abelha. Oferece hidrata\u00e7\u00e3o e cuidados intensivos. Relaxa e acalma a pele.\" \/>\n<meta name=\"robots\" content=\"index, follow, max-snippet:-1, max-image-preview:large, max-video-preview:-1\" \/>\n<link rel=\"canonical\" href=\"https:\/\/www.lraloeverashop.eu\/pt-pt\/produto\/aloe-vera-creme-protetor-com-propolis\/\" \/>\n<meta property=\"og:locale\" content=\"pt_PT\" \/>\n<meta property=\"og:type\" content=\"article\" \/>\n<meta property=\"og:title\" content=\"Aloe Vera Creme Protetor com Prop\u00f3lis\" \/>\n<meta property=\"og:description\" content=\"Aloe Vera Creme Protetor com Pr\u00f3polis com 79% de Aloe Vera e extrato de cera de abelha. Oferece hidrata\u00e7\u00e3o e cuidados intensivos. Relaxa e acalma a pele.\" \/>\n<meta property=\"og:url\" content=\"https:\/\/www.lraloeverashop.eu\/pt-pt\/produto\/aloe-vera-creme-protetor-com-propolis\/\" \/>\n<meta property=\"og:site_name\" content=\"Lr Loja Aloe Vera\" \/>\n<meta property=\"article:publisher\" content=\"https:\/\/www.facebook.com\/lraloeverashop.eu\" \/>\n<meta property=\"article:modified_time\" content=\"2026-02-08T09:36:42+00:00\" \/>\n<meta property=\"og:image\" content=\"https:\/\/www.lraloeverashop.eu\/wp-content\/uploads\/2025\/04\/Aloe-Vera-Cream-with-Propolis.jpg\" \/>\n\t<meta property=\"og:image:width\" content=\"1200\" \/>\n\t<meta property=\"og:image:height\" content=\"1200\" \/>\n\t<meta property=\"og:image:type\" content=\"image\/jpeg\" \/>\n<meta name=\"twitter:card\" content=\"summary_large_image\" \/>\n<meta name=\"twitter:site\" content=\"@natur__kosmetik\" \/>\n<script type=\"application\/ld+json\" class=\"yoast-schema-graph\">{\"@context\":\"https:\\\/\\\/schema.org\",\"@graph\":[{\"@type\":[\"WebPage\",\"ItemPage\"],\"@id\":\"https:\\\/\\\/www.lraloeverashop.eu\\\/pt-pt\\\/produto\\\/aloe-vera-creme-protetor-com-propolis\\\/\",\"url\":\"https:\\\/\\\/www.lraloeverashop.eu\\\/pt-pt\\\/produto\\\/aloe-vera-creme-protetor-com-propolis\\\/\",\"name\":\"Aloe Vera Creme Protetor com Pr\u00f3polis para pele extra seca.\",\"isPartOf\":{\"@id\":\"https:\\\/\\\/www.lraloeverashop.eu\\\/pt-pt\\\/#website\"},\"primaryImageOfPage\":{\"@id\":\"https:\\\/\\\/www.lraloeverashop.eu\\\/pt-pt\\\/produto\\\/aloe-vera-creme-protetor-com-propolis\\\/#primaryimage\"},\"image\":{\"@id\":\"https:\\\/\\\/www.lraloeverashop.eu\\\/pt-pt\\\/produto\\\/aloe-vera-creme-protetor-com-propolis\\\/#primaryimage\"},\"thumbnailUrl\":\"https:\\\/\\\/www.lraloeverashop.eu\\\/wp-content\\\/uploads\\\/2025\\\/04\\\/Aloe-Vera-Cream-with-Propolis.jpg\",\"datePublished\":\"2022-10-09T11:04:55+00:00\",\"dateModified\":\"2026-02-08T09:36:42+00:00\",\"description\":\"Aloe Vera Creme Protetor com Pr\u00f3polis com 79% de Aloe Vera e extrato de cera de abelha. Oferece hidrata\u00e7\u00e3o e cuidados intensivos. Relaxa e acalma a pele.\",\"breadcrumb\":{\"@id\":\"https:\\\/\\\/www.lraloeverashop.eu\\\/pt-pt\\\/produto\\\/aloe-vera-creme-protetor-com-propolis\\\/#breadcrumb\"},\"inLanguage\":\"pt-PT\",\"potentialAction\":[{\"@type\":\"ReadAction\",\"target\":[\"https:\\\/\\\/www.lraloeverashop.eu\\\/pt-pt\\\/produto\\\/aloe-vera-creme-protetor-com-propolis\\\/\"]}]},{\"@type\":\"ImageObject\",\"inLanguage\":\"pt-PT\",\"@id\":\"https:\\\/\\\/www.lraloeverashop.eu\\\/pt-pt\\\/produto\\\/aloe-vera-creme-protetor-com-propolis\\\/#primaryimage\",\"url\":\"https:\\\/\\\/www.lraloeverashop.eu\\\/wp-content\\\/uploads\\\/2025\\\/04\\\/Aloe-Vera-Cream-with-Propolis.jpg\",\"contentUrl\":\"https:\\\/\\\/www.lraloeverashop.eu\\\/wp-content\\\/uploads\\\/2025\\\/04\\\/Aloe-Vera-Cream-with-Propolis.jpg\",\"width\":1200,\"height\":1200,\"caption\":\"Creme de Aloe Vera com Pr\u00f3polis e gel de alo\u00e9 vera fermentado para mais hidrata\u00e7\u00e3o\"},{\"@type\":\"BreadcrumbList\",\"@id\":\"https:\\\/\\\/www.lraloeverashop.eu\\\/pt-pt\\\/produto\\\/aloe-vera-creme-protetor-com-propolis\\\/#breadcrumb\",\"itemListElement\":[{\"@type\":\"ListItem\",\"position\":1,\"name\":\"Home\",\"item\":\"https:\\\/\\\/www.lraloeverashop.eu\\\/pt-pt\\\/\"},{\"@type\":\"ListItem\",\"position\":2,\"name\":\"Loja\",\"item\":\"https:\\\/\\\/www.lraloeverashop.eu\\\/pt-pt\\\/loja\\\/\"},{\"@type\":\"ListItem\",\"position\":3,\"name\":\"Aloe Vera Creme Protetor com Prop\u00f3lis\"}]},{\"@type\":\"WebSite\",\"@id\":\"https:\\\/\\\/www.lraloeverashop.eu\\\/pt-pt\\\/#website\",\"url\":\"https:\\\/\\\/www.lraloeverashop.eu\\\/pt-pt\\\/\",\"name\":\"Lr Loja Aloe Vera\",\"description\":\"High Quality Lr Aloe Vera Gel, Aloe Vera Cream and Shampoo\",\"publisher\":{\"@id\":\"https:\\\/\\\/www.lraloeverashop.eu\\\/pt-pt\\\/#organization\"},\"alternateName\":\"LR\",\"potentialAction\":[{\"@type\":\"SearchAction\",\"target\":{\"@type\":\"EntryPoint\",\"urlTemplate\":\"https:\\\/\\\/www.lraloeverashop.eu\\\/pt-pt\\\/?s={search_term_string}\"},\"query-input\":{\"@type\":\"PropertyValueSpecification\",\"valueRequired\":true,\"valueName\":\"search_term_string\"}}],\"inLanguage\":\"pt-PT\"},{\"@type\":\"Organization\",\"@id\":\"https:\\\/\\\/www.lraloeverashop.eu\\\/pt-pt\\\/#organization\",\"name\":\"Loja Lr Aloe Vera\",\"alternateName\":\"LR\",\"url\":\"https:\\\/\\\/www.lraloeverashop.eu\\\/pt-pt\\\/\",\"logo\":{\"@type\":\"ImageObject\",\"inLanguage\":\"pt-PT\",\"@id\":\"https:\\\/\\\/www.lraloeverashop.eu\\\/pt-pt\\\/#\\\/schema\\\/logo\\\/image\\\/\",\"url\":\"https:\\\/\\\/www.lraloeverashop.eu\\\/wp-content\\\/uploads\\\/2022\\\/09\\\/cropped-Lr-Aloe-Vera-Shop.jpg\",\"contentUrl\":\"https:\\\/\\\/www.lraloeverashop.eu\\\/wp-content\\\/uploads\\\/2022\\\/09\\\/cropped-Lr-Aloe-Vera-Shop.jpg\",\"width\":228,\"height\":76,\"caption\":\"Loja Lr Aloe Vera\"},\"image\":{\"@id\":\"https:\\\/\\\/www.lraloeverashop.eu\\\/pt-pt\\\/#\\\/schema\\\/logo\\\/image\\\/\"},\"sameAs\":[\"https:\\\/\\\/www.facebook.com\\\/lraloeverashop.eu\",\"https:\\\/\\\/x.com\\\/natur__kosmetik\",\"https:\\\/\\\/www.youtube.com\\\/channel\\\/UC5oN7BJ8nfYb8RpVtjwDEBA\",\"https:\\\/\\\/www.instagram.com\\\/lrbeautyeu\\\/\"],\"description\":\"Loja Lr Aloe Vera \u00e9 o seu destino de confian\u00e7a para os produtos de sa\u00fade e beleza premium da LR, fabricados na Alemanha. Oferecemos solu\u00e7\u00f5es de alta qualidade para o cuidado da pele, nutri\u00e7\u00e3o e antienvelhecimento \u00e0 base de Alo\u00e9 Vera, elaboradas com ingredientes puros e apoiadas em investiga\u00e7\u00e3o cient\u00edfica. Descubra o cuidado natural que regenera, protege e revitaliza a sua pele \u2014 e aproveite as ofertas mensais exclusivas nos nossos produtos LR Alo\u00e9 Vera mais vendidos.\\nComece hoje mesmo a sua jornada de cuidados naturais com a pele e sinta a diferen\u00e7a.\",\"email\":\"info@lraloeverashop.eu\",\"telephone\":\"+49 17670609653\",\"legalName\":\"Lr Aloe Vera Shop\",\"foundingDate\":\"2018-04-21\",\"numberOfEmployees\":{\"@type\":\"QuantitativeValue\",\"minValue\":\"1\",\"maxValue\":\"10\"}}]}<\/script>\n<meta property=\"product:price:amount\" content=\"27.99\" \/>\n<meta property=\"product:price:currency\" content=\"EUR\" \/>\n<meta property=\"og:availability\" content=\"instock\" \/>\n<meta property=\"product:availability\" content=\"instock\" \/>\n<meta property=\"product:retailer_item_id\" content=\"20602-201PT\" \/>\n<meta property=\"product:condition\" content=\"new\" \/>\n<!-- \/ Yoast SEO Premium plugin. -->","yoast_head_json":{"title":"Aloe Vera Creme Protetor com Pr\u00f3polis para pele extra seca.","description":"Aloe Vera Creme Protetor com Pr\u00f3polis com 79% de Aloe Vera e extrato de cera de abelha. Oferece hidrata\u00e7\u00e3o e cuidados intensivos. Relaxa e acalma a pele.","robots":{"index":"index","follow":"follow","max-snippet":"max-snippet:-1","max-image-preview":"max-image-preview:large","max-video-preview":"max-video-preview:-1"},"canonical":"https:\/\/www.lraloeverashop.eu\/pt-pt\/produto\/aloe-vera-creme-protetor-com-propolis\/","og_locale":"pt_PT","og_type":"article","og_title":"Aloe Vera Creme Protetor com Prop\u00f3lis","og_description":"Aloe Vera Creme Protetor com Pr\u00f3polis com 79% de Aloe Vera e extrato de cera de abelha. Oferece hidrata\u00e7\u00e3o e cuidados intensivos. Relaxa e acalma a pele.","og_url":"https:\/\/www.lraloeverashop.eu\/pt-pt\/produto\/aloe-vera-creme-protetor-com-propolis\/","og_site_name":"Lr Loja Aloe Vera","article_publisher":"https:\/\/www.facebook.com\/lraloeverashop.eu","article_modified_time":"2026-02-08T09:36:42+00:00","og_image":[{"width":1200,"height":1200,"url":"https:\/\/www.lraloeverashop.eu\/wp-content\/uploads\/2025\/04\/Aloe-Vera-Cream-with-Propolis.jpg","type":"image\/jpeg"}],"twitter_card":"summary_large_image","twitter_site":"@natur__kosmetik","schema":{"@context":"https:\/\/schema.org","@graph":[{"@type":["WebPage","ItemPage"],"@id":"https:\/\/www.lraloeverashop.eu\/pt-pt\/produto\/aloe-vera-creme-protetor-com-propolis\/","url":"https:\/\/www.lraloeverashop.eu\/pt-pt\/produto\/aloe-vera-creme-protetor-com-propolis\/","name":"Aloe Vera Creme Protetor com Pr\u00f3polis para pele extra seca.","isPartOf":{"@id":"https:\/\/www.lraloeverashop.eu\/pt-pt\/#website"},"primaryImageOfPage":{"@id":"https:\/\/www.lraloeverashop.eu\/pt-pt\/produto\/aloe-vera-creme-protetor-com-propolis\/#primaryimage"},"image":{"@id":"https:\/\/www.lraloeverashop.eu\/pt-pt\/produto\/aloe-vera-creme-protetor-com-propolis\/#primaryimage"},"thumbnailUrl":"https:\/\/www.lraloeverashop.eu\/wp-content\/uploads\/2025\/04\/Aloe-Vera-Cream-with-Propolis.jpg","datePublished":"2022-10-09T11:04:55+00:00","dateModified":"2026-02-08T09:36:42+00:00","description":"Aloe Vera Creme Protetor com Pr\u00f3polis com 79% de Aloe Vera e extrato de cera de abelha. Oferece hidrata\u00e7\u00e3o e cuidados intensivos. Relaxa e acalma a pele.","breadcrumb":{"@id":"https:\/\/www.lraloeverashop.eu\/pt-pt\/produto\/aloe-vera-creme-protetor-com-propolis\/#breadcrumb"},"inLanguage":"pt-PT","potentialAction":[{"@type":"ReadAction","target":["https:\/\/www.lraloeverashop.eu\/pt-pt\/produto\/aloe-vera-creme-protetor-com-propolis\/"]}]},{"@type":"ImageObject","inLanguage":"pt-PT","@id":"https:\/\/www.lraloeverashop.eu\/pt-pt\/produto\/aloe-vera-creme-protetor-com-propolis\/#primaryimage","url":"https:\/\/www.lraloeverashop.eu\/wp-content\/uploads\/2025\/04\/Aloe-Vera-Cream-with-Propolis.jpg","contentUrl":"https:\/\/www.lraloeverashop.eu\/wp-content\/uploads\/2025\/04\/Aloe-Vera-Cream-with-Propolis.jpg","width":1200,"height":1200,"caption":"Creme de Aloe Vera com Pr\u00f3polis e gel de alo\u00e9 vera fermentado para mais hidrata\u00e7\u00e3o"},{"@type":"BreadcrumbList","@id":"https:\/\/www.lraloeverashop.eu\/pt-pt\/produto\/aloe-vera-creme-protetor-com-propolis\/#breadcrumb","itemListElement":[{"@type":"ListItem","position":1,"name":"Home","item":"https:\/\/www.lraloeverashop.eu\/pt-pt\/"},{"@type":"ListItem","position":2,"name":"Loja","item":"https:\/\/www.lraloeverashop.eu\/pt-pt\/loja\/"},{"@type":"ListItem","position":3,"name":"Aloe Vera Creme Protetor com Prop\u00f3lis"}]},{"@type":"WebSite","@id":"https:\/\/www.lraloeverashop.eu\/pt-pt\/#website","url":"https:\/\/www.lraloeverashop.eu\/pt-pt\/","name":"Lr Loja Aloe Vera","description":"High Quality Lr Aloe Vera Gel, Aloe Vera Cream and Shampoo","publisher":{"@id":"https:\/\/www.lraloeverashop.eu\/pt-pt\/#organization"},"alternateName":"LR","potentialAction":[{"@type":"SearchAction","target":{"@type":"EntryPoint","urlTemplate":"https:\/\/www.lraloeverashop.eu\/pt-pt\/?s={search_term_string}"},"query-input":{"@type":"PropertyValueSpecification","valueRequired":true,"valueName":"search_term_string"}}],"inLanguage":"pt-PT"},{"@type":"Organization","@id":"https:\/\/www.lraloeverashop.eu\/pt-pt\/#organization","name":"Loja Lr Aloe Vera","alternateName":"LR","url":"https:\/\/www.lraloeverashop.eu\/pt-pt\/","logo":{"@type":"ImageObject","inLanguage":"pt-PT","@id":"https:\/\/www.lraloeverashop.eu\/pt-pt\/#\/schema\/logo\/image\/","url":"https:\/\/www.lraloeverashop.eu\/wp-content\/uploads\/2022\/09\/cropped-Lr-Aloe-Vera-Shop.jpg","contentUrl":"https:\/\/www.lraloeverashop.eu\/wp-content\/uploads\/2022\/09\/cropped-Lr-Aloe-Vera-Shop.jpg","width":228,"height":76,"caption":"Loja Lr Aloe Vera"},"image":{"@id":"https:\/\/www.lraloeverashop.eu\/pt-pt\/#\/schema\/logo\/image\/"},"sameAs":["https:\/\/www.facebook.com\/lraloeverashop.eu","https:\/\/x.com\/natur__kosmetik","https:\/\/www.youtube.com\/channel\/UC5oN7BJ8nfYb8RpVtjwDEBA","https:\/\/www.instagram.com\/lrbeautyeu\/"],"description":"Loja Lr Aloe Vera \u00e9 o seu destino de confian\u00e7a para os produtos de sa\u00fade e beleza premium da LR, fabricados na Alemanha. Oferecemos solu\u00e7\u00f5es de alta qualidade para o cuidado da pele, nutri\u00e7\u00e3o e antienvelhecimento \u00e0 base de Alo\u00e9 Vera, elaboradas com ingredientes puros e apoiadas em investiga\u00e7\u00e3o cient\u00edfica. Descubra o cuidado natural que regenera, protege e revitaliza a sua pele \u2014 e aproveite as ofertas mensais exclusivas nos nossos produtos LR Alo\u00e9 Vera mais vendidos.\nComece hoje mesmo a sua jornada de cuidados naturais com a pele e sinta a diferen\u00e7a.","email":"info@lraloeverashop.eu","telephone":"+49 17670609653","legalName":"Lr Aloe Vera Shop","foundingDate":"2018-04-21","numberOfEmployees":{"@type":"QuantitativeValue","minValue":"1","maxValue":"10"}}]},"product_price_amount":"27.99","product_price_currency":"EUR","og_availability":"instock","product_availability":"instock","product_retailer_item_id":"20602-201PT","product_condition":"new"},"taxonomy_info":{"product_cat":[{"value":215,"label":"Aloe Vera"},{"value":263,"label":"Cuidados Especiais"}],"product_tag":[{"value":1203,"label":"Gel de Aloe Fermentado"},{"value":616,"label":"M\u00e3os secas"},{"value":617,"label":"Pele seca"}]},"featured_image_src_large":["https:\/\/www.lraloeverashop.eu\/wp-content\/uploads\/2025\/04\/Aloe-Vera-Cream-with-Propolis-1024x1024.jpg",1024,1024,true],"author_info":[],"comment_info":0,"_links":{"self":[{"href":"https:\/\/www.lraloeverashop.eu\/pt-pt\/wp-json\/wp\/v2\/product\/10871","targetHints":{"allow":["GET"]}}],"collection":[{"href":"https:\/\/www.lraloeverashop.eu\/pt-pt\/wp-json\/wp\/v2\/product"}],"about":[{"href":"https:\/\/www.lraloeverashop.eu\/pt-pt\/wp-json\/wp\/v2\/types\/product"}],"replies":[{"embeddable":true,"href":"https:\/\/www.lraloeverashop.eu\/pt-pt\/wp-json\/wp\/v2\/comments?post=10871"}],"wp:featuredmedia":[{"embeddable":true,"href":"https:\/\/www.lraloeverashop.eu\/pt-pt\/wp-json\/wp\/v2\/media\/27230"}],"wp:attachment":[{"href":"https:\/\/www.lraloeverashop.eu\/pt-pt\/wp-json\/wp\/v2\/media?parent=10871"}],"wp:term":[{"taxonomy":"product_brand","embeddable":true,"href":"https:\/\/www.lraloeverashop.eu\/pt-pt\/wp-json\/wp\/v2\/product_brand?post=10871"},{"taxonomy":"product_cat","embeddable":true,"href":"https:\/\/www.lraloeverashop.eu\/pt-pt\/wp-json\/wp\/v2\/product_cat?post=10871"},{"taxonomy":"product_tag","embeddable":true,"href":"https:\/\/www.lraloeverashop.eu\/pt-pt\/wp-json\/wp\/v2\/product_tag?post=10871"}],"curies":[{"name":"wp","href":"https:\/\/api.w.org\/{rel}","templated":true}]}}