{"id":10798,"date":"2022-10-09T17:04:18","date_gmt":"2022-10-09T15:04:18","guid":{"rendered":"https:\/\/www.lraloeverashop.eu\/product\/aloe-vera-set-para-homens-iii\/"},"modified":"2026-02-08T10:35:46","modified_gmt":"2026-02-08T09:35:46","slug":"aloe-vera-set-para-homens-iii","status":"publish","type":"product","link":"https:\/\/www.lraloeverashop.eu\/pt-pt\/produto\/aloe-vera-set-para-homens-iii\/","title":{"rendered":"Aloe Vera Set Para Homens III"},"content":{"rendered":"<h2><span style=\"font-size: 16pt;\">Aloe Vera Set Para Homens III<\/span><\/h2>\n<p><strong><span style=\"font-size: 14pt;\">Aloe Vera Set Para Homens III &#8211; Tudo o que um homem precisa para sua limpeza di\u00e1ria!<\/span><\/strong><\/p>\n<p>\u00c9 importante para voc\u00ea sempre dar o melhor de si? Obtenha o m\u00e1ximo de si mesmo com este pacote de cuidados Aloe Vera Set Para Homens III! Rituais de cuidado funcional para homens reais com extrato de l\u00fapulo org\u00e2nico revitalizante, <a href=\"https:\/\/www.lraloeverashop.eu\/pt-pt\/produto\/aloe-vera-set-de-barbeado-para-homens-ii\/\">aloe vera hidratante<\/a> e uma fragr\u00e2ncia masculina amadeirada.<\/p>\n<p><strong>O Set Aloe Vera cont\u00e9m:<\/strong><\/p>\n<p><strong>Aloe Vera Champ\u00f4 Masculino Essencial<\/strong> para Corpo, Rosto, Cabelo e Barba limpa e refresca suavemente todo o seu corpo em um \u00fanico passo. Um produto de banho pr\u00e1tico com 15% de aloe vera e extrato de l\u00fapulo org\u00e2nico. O aroma irresist\u00edvel, fresco e amadeirado completa a experi\u00eancia do banho.<\/p>\n<p>Champ\u00f4 limpa suavemente e de forma confi\u00e1vel a pele, cabelo e barba e remove res\u00edduos de influ\u00eancias ambientais externas e odores. Ele fornece umidade \u00e0 pele e ao cabelo de forma confi\u00e1vel e deixa uma sensa\u00e7\u00e3o refrescante. Perfeito para o banho di\u00e1rio.<\/p>\n<p><a href=\"https:\/\/www.lraloeverashop.eu\/pt-pt\/produto\/oleo-de-aloe-vera-para-barba-e-rosto\/\"><strong>\u00d3leo de Aloe Vera Para Barba e Rosto 2 em 1<\/strong><\/a> para homens com elasticidade imediata para a sua pele e barba! Com Aloe Vera e extrato de l\u00fapulo org\u00e2nico, protege a pele e a barba da perda de umidade. O \u00f3leo barba cuida da pele e do cabelo, alivia a coceira e deixa a pele macia e bem cuidada.<\/p>\n<p><a href=\"https:\/\/www.lraloeverashop.eu\/pt-pt\/produto\/aloe-vera-balsamo-para-o-cabelo-e-barba\/\"><strong>B\u00e1lsamo Modelador Para o Cabelo e Barba<\/strong><\/a> Aloe Vera \u00e9 o melhor styling para cabelo e barba com alo\u00e9 vera e extracto de l\u00fapulo org\u00e2nico. Os estilos de b\u00e1lsamo e hidrata o cabelo e a barba. O uso do restaurador capilar previne a queda prematura do cabelo.<\/p>\n<p>O b\u00e1lsamo para cabelo e barba 2 em 1 d\u00e1 fixa\u00e7\u00e3o ao cabelo e garante um estilo perfeito de barba e penteado. Com 15% de aloe vera e extrato de l\u00fapulo org\u00e2nico, hidrata, disciplina os cabelos crespos e melhora a penteabilidade. Acompanhado por um aroma amadeirado fresco, a barba e o cabelo recebem um brilho natural e um acabamento elegante. Pode prevenir a queda de cabelo heredit\u00e1ria.<\/p>\n<p>&nbsp;<\/p>\n<h3><span style=\"font-size: 16pt;\">Voc\u00ea sabia?<\/span><\/h3>\n<p>O extrato de l\u00fapulo org\u00e2nico \u00e9 conhecido em cosm\u00e9ticos por seus cuidados com a pele e propriedades calmantes. O alto n\u00famero de flavon\u00f3ides oferece boa prote\u00e7\u00e3o geral contra os radicais livres. Os ingredientes Kamperol e Quercetina t\u00eam um forte efeito antioxidante e garantem uma pele macia e bem cuidada. O l\u00fapulo tamb\u00e9m acalma o couro cabeludo e adiciona for\u00e7a e plenitude ao cabelo.<\/p>\n<p>Aloe Vera Set Para Homens III cont\u00e9m gel de banho Aloe Vera 4 em 1 para rosto, corpo, cabelo e barba (250 ml) + Aloe Vera 2 em 1 \u00f3leo para rosto e barba (30 ml) + Aloe Vera 2 em 1 b\u00e1lsamo para cabelo e barba (50 ml)<\/p>\n","protected":false},"excerpt":{"rendered":"<ul>\n<li>Limpeza completa da cabe\u00e7a aos p\u00e9s<\/li>\n<li>Com 15% de aloe vera e extrato de l\u00fapulo org\u00e2nico<\/li>\n<li>1 x \u00d3leo de Aloe Vera Para Barba e Rosto<\/li>\n<li>1 x Aloe Vera Champ\u00f4 Masculino Essencial para Corpo. Rosto. Cabelo e Barba<\/li>\n<li>1 x Aloe Vera B\u00e1lsamo Para o Cabelo e Barba<\/li>\n<\/ul>\n<p><span style=\"color: #ff0000;\"><a style=\"color: #ff0000;\" href=\"https:\/\/shop.lrworld.com\/openpao?PHP=0vFlt7jT938BEnBI3a6e9w%3D%3D\"><span style=\"font-size: 14pt;\"><strong>Registe-se aqui e poupe 35% em todos os pedidos<\/strong><\/span><\/a><\/span><\/p>\n","protected":false},"featured_media":4839,"comment_status":"open","ping_status":"closed","template":"","meta":{"_kad_blocks_custom_css":"","_kad_blocks_head_custom_js":"","_kad_blocks_body_custom_js":"","_kad_blocks_footer_custom_js":"","_kadence_starter_templates_imported_post":false,"_kad_post_transparent":"default","_kad_post_title":"","_kad_post_layout":"default","_kad_post_sidebar_id":"","_kad_post_content_style":"default","_kad_post_vertical_padding":"default","_kad_post_feature":"","_kad_post_feature_position":"","_kad_post_header":false,"_kad_post_footer":false,"_kad_post_classname":""},"product_brand":[],"product_cat":[215,251,354],"product_tag":[521,556],"class_list":{"0":"post-10798","1":"product","2":"type-product","3":"status-publish","4":"has-post-thumbnail","6":"product_cat-aloe-vera-pt-pt","7":"product_cat-cuidados-masculinos","8":"product_cat-promocoes","9":"product_tag-barba-pt-pt","10":"product_tag-produtos-masculinos","12":"first","13":"outofstock","14":"sale","15":"taxable","16":"shipping-taxable","17":"purchasable","18":"product-type-simple","19":"entry","20":"content-bg","21":"loop-entry"},"yoast_head":"<!-- This site is optimized with the Yoast SEO Premium plugin v27.5 (Yoast SEO v27.5) - https:\/\/yoast.com\/product\/yoast-seo-premium-wordpress\/ -->\n<title>Aloe Vera Set Para Homens III - Tudo o que um homem precisa!<\/title>\n<meta name=\"description\" content=\"Aloe Vera Set Para Homens III - Rituais de cuidado funcional para homens reais com uma fragr\u00e2ncia masculina amadeirada. Com \u00d3leo, B\u00e1lsamo e Champ\u00f4\" \/>\n<meta name=\"robots\" content=\"index, follow, max-snippet:-1, max-image-preview:large, max-video-preview:-1\" \/>\n<link rel=\"canonical\" href=\"https:\/\/www.lraloeverashop.eu\/pt-pt\/produto\/aloe-vera-set-para-homens-iii\/\" \/>\n<meta property=\"og:locale\" content=\"pt_PT\" \/>\n<meta property=\"og:type\" content=\"article\" \/>\n<meta property=\"og:title\" content=\"Aloe Vera Set Para Homens III\" \/>\n<meta property=\"og:description\" content=\"Aloe Vera Set Para Homens III - Rituais de cuidado funcional para homens reais com uma fragr\u00e2ncia masculina amadeirada. Com \u00d3leo, B\u00e1lsamo e Champ\u00f4\" \/>\n<meta property=\"og:url\" content=\"https:\/\/www.lraloeverashop.eu\/pt-pt\/produto\/aloe-vera-set-para-homens-iii\/\" \/>\n<meta property=\"og:site_name\" content=\"Lr Loja Aloe Vera\" \/>\n<meta property=\"article:publisher\" content=\"https:\/\/www.facebook.com\/lraloeverashop.eu\" \/>\n<meta property=\"article:modified_time\" content=\"2026-02-08T09:35:46+00:00\" \/>\n<meta property=\"og:image\" content=\"https:\/\/www.lraloeverashop.eu\/wp-content\/uploads\/2022\/10\/Lr-Aloe-Vera-Men-Set-III.jpg\" \/>\n\t<meta property=\"og:image:width\" content=\"1200\" \/>\n\t<meta property=\"og:image:height\" content=\"1200\" \/>\n\t<meta property=\"og:image:type\" content=\"image\/jpeg\" \/>\n<meta name=\"twitter:card\" content=\"summary_large_image\" \/>\n<meta name=\"twitter:site\" content=\"@natur__kosmetik\" \/>\n<script type=\"application\/ld+json\" class=\"yoast-schema-graph\">{\"@context\":\"https:\\\/\\\/schema.org\",\"@graph\":[{\"@type\":[\"WebPage\",\"ItemPage\"],\"@id\":\"https:\\\/\\\/www.lraloeverashop.eu\\\/pt-pt\\\/produto\\\/aloe-vera-set-para-homens-iii\\\/\",\"url\":\"https:\\\/\\\/www.lraloeverashop.eu\\\/pt-pt\\\/produto\\\/aloe-vera-set-para-homens-iii\\\/\",\"name\":\"Aloe Vera Set Para Homens III - Tudo o que um homem precisa!\",\"isPartOf\":{\"@id\":\"https:\\\/\\\/www.lraloeverashop.eu\\\/pt-pt\\\/#website\"},\"primaryImageOfPage\":{\"@id\":\"https:\\\/\\\/www.lraloeverashop.eu\\\/pt-pt\\\/produto\\\/aloe-vera-set-para-homens-iii\\\/#primaryimage\"},\"image\":{\"@id\":\"https:\\\/\\\/www.lraloeverashop.eu\\\/pt-pt\\\/produto\\\/aloe-vera-set-para-homens-iii\\\/#primaryimage\"},\"thumbnailUrl\":\"https:\\\/\\\/www.lraloeverashop.eu\\\/wp-content\\\/uploads\\\/2022\\\/10\\\/Lr-Aloe-Vera-Men-Set-III.jpg\",\"datePublished\":\"2022-10-09T15:04:18+00:00\",\"dateModified\":\"2026-02-08T09:35:46+00:00\",\"description\":\"Aloe Vera Set Para Homens III - Rituais de cuidado funcional para homens reais com uma fragr\u00e2ncia masculina amadeirada. Com \u00d3leo, B\u00e1lsamo e Champ\u00f4\",\"breadcrumb\":{\"@id\":\"https:\\\/\\\/www.lraloeverashop.eu\\\/pt-pt\\\/produto\\\/aloe-vera-set-para-homens-iii\\\/#breadcrumb\"},\"inLanguage\":\"pt-PT\",\"potentialAction\":[{\"@type\":\"ReadAction\",\"target\":[\"https:\\\/\\\/www.lraloeverashop.eu\\\/pt-pt\\\/produto\\\/aloe-vera-set-para-homens-iii\\\/\"]}]},{\"@type\":\"ImageObject\",\"inLanguage\":\"pt-PT\",\"@id\":\"https:\\\/\\\/www.lraloeverashop.eu\\\/pt-pt\\\/produto\\\/aloe-vera-set-para-homens-iii\\\/#primaryimage\",\"url\":\"https:\\\/\\\/www.lraloeverashop.eu\\\/wp-content\\\/uploads\\\/2022\\\/10\\\/Lr-Aloe-Vera-Men-Set-III.jpg\",\"contentUrl\":\"https:\\\/\\\/www.lraloeverashop.eu\\\/wp-content\\\/uploads\\\/2022\\\/10\\\/Lr-Aloe-Vera-Men-Set-III.jpg\",\"width\":1200,\"height\":1200,\"caption\":\"Aloe Vera Set Para Homens III para sua limpeza di\u00e1ria!\"},{\"@type\":\"BreadcrumbList\",\"@id\":\"https:\\\/\\\/www.lraloeverashop.eu\\\/pt-pt\\\/produto\\\/aloe-vera-set-para-homens-iii\\\/#breadcrumb\",\"itemListElement\":[{\"@type\":\"ListItem\",\"position\":1,\"name\":\"Home\",\"item\":\"https:\\\/\\\/www.lraloeverashop.eu\\\/pt-pt\\\/\"},{\"@type\":\"ListItem\",\"position\":2,\"name\":\"Loja\",\"item\":\"https:\\\/\\\/www.lraloeverashop.eu\\\/pt-pt\\\/loja\\\/\"},{\"@type\":\"ListItem\",\"position\":3,\"name\":\"Aloe Vera Set Para Homens III\"}]},{\"@type\":\"WebSite\",\"@id\":\"https:\\\/\\\/www.lraloeverashop.eu\\\/pt-pt\\\/#website\",\"url\":\"https:\\\/\\\/www.lraloeverashop.eu\\\/pt-pt\\\/\",\"name\":\"Lr Loja Aloe Vera\",\"description\":\"High Quality Lr Aloe Vera Gel, Aloe Vera Cream and Shampoo\",\"publisher\":{\"@id\":\"https:\\\/\\\/www.lraloeverashop.eu\\\/pt-pt\\\/#organization\"},\"alternateName\":\"LR\",\"potentialAction\":[{\"@type\":\"SearchAction\",\"target\":{\"@type\":\"EntryPoint\",\"urlTemplate\":\"https:\\\/\\\/www.lraloeverashop.eu\\\/pt-pt\\\/?s={search_term_string}\"},\"query-input\":{\"@type\":\"PropertyValueSpecification\",\"valueRequired\":true,\"valueName\":\"search_term_string\"}}],\"inLanguage\":\"pt-PT\"},{\"@type\":\"Organization\",\"@id\":\"https:\\\/\\\/www.lraloeverashop.eu\\\/pt-pt\\\/#organization\",\"name\":\"Loja Lr Aloe Vera\",\"alternateName\":\"LR\",\"url\":\"https:\\\/\\\/www.lraloeverashop.eu\\\/pt-pt\\\/\",\"logo\":{\"@type\":\"ImageObject\",\"inLanguage\":\"pt-PT\",\"@id\":\"https:\\\/\\\/www.lraloeverashop.eu\\\/pt-pt\\\/#\\\/schema\\\/logo\\\/image\\\/\",\"url\":\"https:\\\/\\\/www.lraloeverashop.eu\\\/wp-content\\\/uploads\\\/2022\\\/09\\\/cropped-Lr-Aloe-Vera-Shop.jpg\",\"contentUrl\":\"https:\\\/\\\/www.lraloeverashop.eu\\\/wp-content\\\/uploads\\\/2022\\\/09\\\/cropped-Lr-Aloe-Vera-Shop.jpg\",\"width\":228,\"height\":76,\"caption\":\"Loja Lr Aloe Vera\"},\"image\":{\"@id\":\"https:\\\/\\\/www.lraloeverashop.eu\\\/pt-pt\\\/#\\\/schema\\\/logo\\\/image\\\/\"},\"sameAs\":[\"https:\\\/\\\/www.facebook.com\\\/lraloeverashop.eu\",\"https:\\\/\\\/x.com\\\/natur__kosmetik\",\"https:\\\/\\\/www.youtube.com\\\/channel\\\/UC5oN7BJ8nfYb8RpVtjwDEBA\",\"https:\\\/\\\/www.instagram.com\\\/lrbeautyeu\\\/\"],\"description\":\"Loja Lr Aloe Vera \u00e9 o seu destino de confian\u00e7a para os produtos de sa\u00fade e beleza premium da LR, fabricados na Alemanha. Oferecemos solu\u00e7\u00f5es de alta qualidade para o cuidado da pele, nutri\u00e7\u00e3o e antienvelhecimento \u00e0 base de Alo\u00e9 Vera, elaboradas com ingredientes puros e apoiadas em investiga\u00e7\u00e3o cient\u00edfica. Descubra o cuidado natural que regenera, protege e revitaliza a sua pele \u2014 e aproveite as ofertas mensais exclusivas nos nossos produtos LR Alo\u00e9 Vera mais vendidos.\\nComece hoje mesmo a sua jornada de cuidados naturais com a pele e sinta a diferen\u00e7a.\",\"email\":\"info@lraloeverashop.eu\",\"telephone\":\"+49 17670609653\",\"legalName\":\"Lr Aloe Vera Shop\",\"foundingDate\":\"2018-04-21\",\"numberOfEmployees\":{\"@type\":\"QuantitativeValue\",\"minValue\":\"1\",\"maxValue\":\"10\"}}]}<\/script>\n<meta property=\"product:price:amount\" content=\"43.99\" \/>\n<meta property=\"product:price:currency\" content=\"EUR\" \/>\n<meta property=\"og:availability\" content=\"out of stock\" \/>\n<meta property=\"product:availability\" content=\"out of stock\" \/>\n<meta property=\"product:retailer_item_id\" content=\"20441-1PT\" \/>\n<meta property=\"product:condition\" content=\"new\" \/>\n<!-- \/ Yoast SEO Premium plugin. -->","yoast_head_json":{"title":"Aloe Vera Set Para Homens III - Tudo o que um homem precisa!","description":"Aloe Vera Set Para Homens III - Rituais de cuidado funcional para homens reais com uma fragr\u00e2ncia masculina amadeirada. Com \u00d3leo, B\u00e1lsamo e Champ\u00f4","robots":{"index":"index","follow":"follow","max-snippet":"max-snippet:-1","max-image-preview":"max-image-preview:large","max-video-preview":"max-video-preview:-1"},"canonical":"https:\/\/www.lraloeverashop.eu\/pt-pt\/produto\/aloe-vera-set-para-homens-iii\/","og_locale":"pt_PT","og_type":"article","og_title":"Aloe Vera Set Para Homens III","og_description":"Aloe Vera Set Para Homens III - Rituais de cuidado funcional para homens reais com uma fragr\u00e2ncia masculina amadeirada. Com \u00d3leo, B\u00e1lsamo e Champ\u00f4","og_url":"https:\/\/www.lraloeverashop.eu\/pt-pt\/produto\/aloe-vera-set-para-homens-iii\/","og_site_name":"Lr Loja Aloe Vera","article_publisher":"https:\/\/www.facebook.com\/lraloeverashop.eu","article_modified_time":"2026-02-08T09:35:46+00:00","og_image":[{"width":1200,"height":1200,"url":"https:\/\/www.lraloeverashop.eu\/wp-content\/uploads\/2022\/10\/Lr-Aloe-Vera-Men-Set-III.jpg","type":"image\/jpeg"}],"twitter_card":"summary_large_image","twitter_site":"@natur__kosmetik","schema":{"@context":"https:\/\/schema.org","@graph":[{"@type":["WebPage","ItemPage"],"@id":"https:\/\/www.lraloeverashop.eu\/pt-pt\/produto\/aloe-vera-set-para-homens-iii\/","url":"https:\/\/www.lraloeverashop.eu\/pt-pt\/produto\/aloe-vera-set-para-homens-iii\/","name":"Aloe Vera Set Para Homens III - Tudo o que um homem precisa!","isPartOf":{"@id":"https:\/\/www.lraloeverashop.eu\/pt-pt\/#website"},"primaryImageOfPage":{"@id":"https:\/\/www.lraloeverashop.eu\/pt-pt\/produto\/aloe-vera-set-para-homens-iii\/#primaryimage"},"image":{"@id":"https:\/\/www.lraloeverashop.eu\/pt-pt\/produto\/aloe-vera-set-para-homens-iii\/#primaryimage"},"thumbnailUrl":"https:\/\/www.lraloeverashop.eu\/wp-content\/uploads\/2022\/10\/Lr-Aloe-Vera-Men-Set-III.jpg","datePublished":"2022-10-09T15:04:18+00:00","dateModified":"2026-02-08T09:35:46+00:00","description":"Aloe Vera Set Para Homens III - Rituais de cuidado funcional para homens reais com uma fragr\u00e2ncia masculina amadeirada. Com \u00d3leo, B\u00e1lsamo e Champ\u00f4","breadcrumb":{"@id":"https:\/\/www.lraloeverashop.eu\/pt-pt\/produto\/aloe-vera-set-para-homens-iii\/#breadcrumb"},"inLanguage":"pt-PT","potentialAction":[{"@type":"ReadAction","target":["https:\/\/www.lraloeverashop.eu\/pt-pt\/produto\/aloe-vera-set-para-homens-iii\/"]}]},{"@type":"ImageObject","inLanguage":"pt-PT","@id":"https:\/\/www.lraloeverashop.eu\/pt-pt\/produto\/aloe-vera-set-para-homens-iii\/#primaryimage","url":"https:\/\/www.lraloeverashop.eu\/wp-content\/uploads\/2022\/10\/Lr-Aloe-Vera-Men-Set-III.jpg","contentUrl":"https:\/\/www.lraloeverashop.eu\/wp-content\/uploads\/2022\/10\/Lr-Aloe-Vera-Men-Set-III.jpg","width":1200,"height":1200,"caption":"Aloe Vera Set Para Homens III para sua limpeza di\u00e1ria!"},{"@type":"BreadcrumbList","@id":"https:\/\/www.lraloeverashop.eu\/pt-pt\/produto\/aloe-vera-set-para-homens-iii\/#breadcrumb","itemListElement":[{"@type":"ListItem","position":1,"name":"Home","item":"https:\/\/www.lraloeverashop.eu\/pt-pt\/"},{"@type":"ListItem","position":2,"name":"Loja","item":"https:\/\/www.lraloeverashop.eu\/pt-pt\/loja\/"},{"@type":"ListItem","position":3,"name":"Aloe Vera Set Para Homens III"}]},{"@type":"WebSite","@id":"https:\/\/www.lraloeverashop.eu\/pt-pt\/#website","url":"https:\/\/www.lraloeverashop.eu\/pt-pt\/","name":"Lr Loja Aloe Vera","description":"High Quality Lr Aloe Vera Gel, Aloe Vera Cream and Shampoo","publisher":{"@id":"https:\/\/www.lraloeverashop.eu\/pt-pt\/#organization"},"alternateName":"LR","potentialAction":[{"@type":"SearchAction","target":{"@type":"EntryPoint","urlTemplate":"https:\/\/www.lraloeverashop.eu\/pt-pt\/?s={search_term_string}"},"query-input":{"@type":"PropertyValueSpecification","valueRequired":true,"valueName":"search_term_string"}}],"inLanguage":"pt-PT"},{"@type":"Organization","@id":"https:\/\/www.lraloeverashop.eu\/pt-pt\/#organization","name":"Loja Lr Aloe Vera","alternateName":"LR","url":"https:\/\/www.lraloeverashop.eu\/pt-pt\/","logo":{"@type":"ImageObject","inLanguage":"pt-PT","@id":"https:\/\/www.lraloeverashop.eu\/pt-pt\/#\/schema\/logo\/image\/","url":"https:\/\/www.lraloeverashop.eu\/wp-content\/uploads\/2022\/09\/cropped-Lr-Aloe-Vera-Shop.jpg","contentUrl":"https:\/\/www.lraloeverashop.eu\/wp-content\/uploads\/2022\/09\/cropped-Lr-Aloe-Vera-Shop.jpg","width":228,"height":76,"caption":"Loja Lr Aloe Vera"},"image":{"@id":"https:\/\/www.lraloeverashop.eu\/pt-pt\/#\/schema\/logo\/image\/"},"sameAs":["https:\/\/www.facebook.com\/lraloeverashop.eu","https:\/\/x.com\/natur__kosmetik","https:\/\/www.youtube.com\/channel\/UC5oN7BJ8nfYb8RpVtjwDEBA","https:\/\/www.instagram.com\/lrbeautyeu\/"],"description":"Loja Lr Aloe Vera \u00e9 o seu destino de confian\u00e7a para os produtos de sa\u00fade e beleza premium da LR, fabricados na Alemanha. Oferecemos solu\u00e7\u00f5es de alta qualidade para o cuidado da pele, nutri\u00e7\u00e3o e antienvelhecimento \u00e0 base de Alo\u00e9 Vera, elaboradas com ingredientes puros e apoiadas em investiga\u00e7\u00e3o cient\u00edfica. Descubra o cuidado natural que regenera, protege e revitaliza a sua pele \u2014 e aproveite as ofertas mensais exclusivas nos nossos produtos LR Alo\u00e9 Vera mais vendidos.\nComece hoje mesmo a sua jornada de cuidados naturais com a pele e sinta a diferen\u00e7a.","email":"info@lraloeverashop.eu","telephone":"+49 17670609653","legalName":"Lr Aloe Vera Shop","foundingDate":"2018-04-21","numberOfEmployees":{"@type":"QuantitativeValue","minValue":"1","maxValue":"10"}}]},"product_price_amount":"43.99","product_price_currency":"EUR","og_availability":"out of stock","product_availability":"out of stock","product_retailer_item_id":"20441-1PT","product_condition":"new"},"taxonomy_info":{"product_cat":[{"value":215,"label":"Aloe Vera"},{"value":251,"label":"Cuidado Masculino"},{"value":354,"label":"Promo\u00e7\u00f5es"}],"product_tag":[{"value":521,"label":"Barba"},{"value":556,"label":"Produtos masculinos"}]},"featured_image_src_large":["https:\/\/www.lraloeverashop.eu\/wp-content\/uploads\/2022\/10\/Lr-Aloe-Vera-Men-Set-III-1024x1024.jpg",1024,1024,true],"author_info":[],"comment_info":0,"_links":{"self":[{"href":"https:\/\/www.lraloeverashop.eu\/pt-pt\/wp-json\/wp\/v2\/product\/10798","targetHints":{"allow":["GET"]}}],"collection":[{"href":"https:\/\/www.lraloeverashop.eu\/pt-pt\/wp-json\/wp\/v2\/product"}],"about":[{"href":"https:\/\/www.lraloeverashop.eu\/pt-pt\/wp-json\/wp\/v2\/types\/product"}],"replies":[{"embeddable":true,"href":"https:\/\/www.lraloeverashop.eu\/pt-pt\/wp-json\/wp\/v2\/comments?post=10798"}],"wp:featuredmedia":[{"embeddable":true,"href":"https:\/\/www.lraloeverashop.eu\/pt-pt\/wp-json\/wp\/v2\/media\/4839"}],"wp:attachment":[{"href":"https:\/\/www.lraloeverashop.eu\/pt-pt\/wp-json\/wp\/v2\/media?parent=10798"}],"wp:term":[{"taxonomy":"product_brand","embeddable":true,"href":"https:\/\/www.lraloeverashop.eu\/pt-pt\/wp-json\/wp\/v2\/product_brand?post=10798"},{"taxonomy":"product_cat","embeddable":true,"href":"https:\/\/www.lraloeverashop.eu\/pt-pt\/wp-json\/wp\/v2\/product_cat?post=10798"},{"taxonomy":"product_tag","embeddable":true,"href":"https:\/\/www.lraloeverashop.eu\/pt-pt\/wp-json\/wp\/v2\/product_tag?post=10798"}],"curies":[{"name":"wp","href":"https:\/\/api.w.org\/{rel}","templated":true}]}}