{"id":10774,"date":"2022-10-09T17:37:46","date_gmt":"2022-10-09T15:37:46","guid":{"rendered":"https:\/\/www.lraloeverashop.eu\/product\/oleo-de-aloe-vera-para-barba-e-rosto\/"},"modified":"2026-02-08T10:35:28","modified_gmt":"2026-02-08T09:35:28","slug":"oleo-de-aloe-vera-para-barba-e-rosto","status":"publish","type":"product","link":"https:\/\/www.lraloeverashop.eu\/pt-pt\/produto\/oleo-de-aloe-vera-para-barba-e-rosto\/","title":{"rendered":"\u00d3leo Barba e Rosto Aloe Vera"},"content":{"rendered":"<h2><strong><span style=\"font-size: 16pt;\">\u00d3leo Barba e Rosto Aloe Vera<\/span><\/strong><\/h2>\n<p><strong><span style=\"font-size: 14pt;\">\u00d3leo Barba e Rosto Aloe Vera para homens com hidrata\u00e7\u00e3o imediata<\/span><\/strong><\/p>\n<p>\u00d3leo de Barba e Rosto 2 em 1 para homens com elasticidade imediata para a sua pele e barba! Com Aloe Vera e extrato de l\u00fapulo org\u00e2nico, protege a pele e a barba da <a href=\"https:\/\/www.lraloeverashop.eu\/pt-pt\/produto\/aloe-vera-mascara-facial-de-hidratacao-imediata\/\">perda de umidade<\/a>. O \u00f3leo barba cuida da pele e do cabelo, alivia a coceira e deixa a pele macia e bem cuidada.<\/p>\n<p>Com aloe vera, extrato de l\u00fapulo org\u00e2nico e \u00f3leos nutritivos como \u00f3leo de argan, am\u00eandoa, jojoba e girassol, protege a pele e o cabelo da <a href=\"https:\/\/www.lraloeverashop.eu\/pt-pt\/produto\/aloe-vera-set-para-homens-iii\/\">perda de umidade<\/a>. Al\u00e9m disso, nutre a pele e os cabelos, deixa uma sensa\u00e7\u00e3o agrad\u00e1vel e bem cuidada, pois \u00e9 rapidamente absorvido sem deixar oleoso.<\/p>\n<p>&nbsp;<\/p>\n<h3><strong><span style=\"font-size: 16pt;\">Como usar<\/span><\/strong><\/h3>\n<p>Aplicar no rosto e barba limpos de manh\u00e3 e \u00e0 noite. Colocar algumas gotas nas m\u00e3os e depois aplicar no rosto e na barba com movimentos suaves.<\/p>\n<p><strong><span style=\"color: #ff0000;\">Aten\u00e7\u00e3o: evite a \u00e1rea dos olhos<\/span><\/strong><\/p>\n","protected":false},"excerpt":{"rendered":"<ul>\n<li>Novo e limitado<\/li>\n<li>Cuidados especiais para pele e barba<\/li>\n<li>Com aloe vera e extrato de l\u00fapulo org\u00e2nico<\/li>\n<li>Feito na Alemanha<\/li>\n<li>Conte\u00fado: 30ml<\/li>\n<\/ul>\n<p><span style=\"color: #ff0000;\"><a style=\"color: #ff0000;\" href=\"https:\/\/shop.lrworld.com\/openpao?PHP=0vFlt7jT938BEnBI3a6e9w%3D%3D\"><span style=\"font-size: 14pt;\"><strong>Registe-se aqui e poupe 35% em todos os pedidos<\/strong><\/span><\/a><\/span><\/p>\n","protected":false},"featured_media":4857,"comment_status":"open","ping_status":"closed","template":"","meta":{"_kad_blocks_custom_css":"","_kad_blocks_head_custom_js":"","_kad_blocks_body_custom_js":"","_kad_blocks_footer_custom_js":"","_kadence_starter_templates_imported_post":false,"_kad_post_transparent":"default","_kad_post_title":"","_kad_post_layout":"default","_kad_post_sidebar_id":"","_kad_post_content_style":"default","_kad_post_vertical_padding":"default","_kad_post_feature":"","_kad_post_feature_position":"","_kad_post_header":false,"_kad_post_footer":false,"_kad_post_classname":""},"product_brand":[],"product_cat":[215,251,354],"product_tag":[521,556],"class_list":{"0":"post-10774","1":"product","2":"type-product","3":"status-publish","4":"has-post-thumbnail","6":"product_cat-aloe-vera-pt-pt","7":"product_cat-cuidados-masculinos","8":"product_cat-promocoes","9":"product_tag-barba-pt-pt","10":"product_tag-produtos-masculinos","12":"first","13":"outofstock","14":"sale","15":"taxable","16":"shipping-taxable","17":"purchasable","18":"product-type-simple","19":"entry","20":"content-bg","21":"loop-entry"},"yoast_head":"<!-- This site is optimized with the Yoast SEO Premium plugin v27.5 (Yoast SEO v27.5) - https:\/\/yoast.com\/product\/yoast-seo-premium-wordpress\/ -->\n<title>\u00d3leo barba e rosto aloe vera para homens com hidrata\u00e7\u00e3o imediata<\/title>\n<meta name=\"description\" content=\"\u00d3leo Barba e Rosto Aloe Vera cuida da pele e do cabelo, alivia a coceira e deixa a pele macia e bem cuidada.. Com \u00f3leo de argan, am\u00eandoa, jojoba e girassol\" \/>\n<meta name=\"robots\" content=\"index, follow, max-snippet:-1, max-image-preview:large, max-video-preview:-1\" \/>\n<link rel=\"canonical\" href=\"https:\/\/www.lraloeverashop.eu\/pt-pt\/produto\/oleo-de-aloe-vera-para-barba-e-rosto\/\" \/>\n<meta property=\"og:locale\" content=\"pt_PT\" \/>\n<meta property=\"og:type\" content=\"article\" \/>\n<meta property=\"og:title\" content=\"\u00d3leo Barba e Rosto Aloe Vera\" \/>\n<meta property=\"og:description\" content=\"\u00d3leo Barba e Rosto Aloe Vera cuida da pele e do cabelo, alivia a coceira e deixa a pele macia e bem cuidada.. Com \u00f3leo de argan, am\u00eandoa, jojoba e girassol\" \/>\n<meta property=\"og:url\" content=\"https:\/\/www.lraloeverashop.eu\/pt-pt\/produto\/oleo-de-aloe-vera-para-barba-e-rosto\/\" \/>\n<meta property=\"og:site_name\" content=\"Lr Loja Aloe Vera\" \/>\n<meta property=\"article:publisher\" content=\"https:\/\/www.facebook.com\/lraloeverashop.eu\" \/>\n<meta property=\"article:modified_time\" content=\"2026-02-08T09:35:28+00:00\" \/>\n<meta property=\"og:image\" content=\"https:\/\/www.lraloeverashop.eu\/wp-content\/uploads\/2022\/10\/Face-Beard-Oil.jpg\" \/>\n\t<meta property=\"og:image:width\" content=\"1200\" \/>\n\t<meta property=\"og:image:height\" content=\"1200\" \/>\n\t<meta property=\"og:image:type\" content=\"image\/jpeg\" \/>\n<meta name=\"twitter:card\" content=\"summary_large_image\" \/>\n<meta name=\"twitter:site\" content=\"@natur__kosmetik\" \/>\n<script type=\"application\/ld+json\" class=\"yoast-schema-graph\">{\"@context\":\"https:\\\/\\\/schema.org\",\"@graph\":[{\"@type\":[\"WebPage\",\"ItemPage\"],\"@id\":\"https:\\\/\\\/www.lraloeverashop.eu\\\/pt-pt\\\/produto\\\/oleo-de-aloe-vera-para-barba-e-rosto\\\/\",\"url\":\"https:\\\/\\\/www.lraloeverashop.eu\\\/pt-pt\\\/produto\\\/oleo-de-aloe-vera-para-barba-e-rosto\\\/\",\"name\":\"\u00d3leo barba e rosto aloe vera para homens com hidrata\u00e7\u00e3o imediata\",\"isPartOf\":{\"@id\":\"https:\\\/\\\/www.lraloeverashop.eu\\\/pt-pt\\\/#website\"},\"primaryImageOfPage\":{\"@id\":\"https:\\\/\\\/www.lraloeverashop.eu\\\/pt-pt\\\/produto\\\/oleo-de-aloe-vera-para-barba-e-rosto\\\/#primaryimage\"},\"image\":{\"@id\":\"https:\\\/\\\/www.lraloeverashop.eu\\\/pt-pt\\\/produto\\\/oleo-de-aloe-vera-para-barba-e-rosto\\\/#primaryimage\"},\"thumbnailUrl\":\"https:\\\/\\\/www.lraloeverashop.eu\\\/wp-content\\\/uploads\\\/2022\\\/10\\\/Face-Beard-Oil.jpg\",\"datePublished\":\"2022-10-09T15:37:46+00:00\",\"dateModified\":\"2026-02-08T09:35:28+00:00\",\"description\":\"\u00d3leo Barba e Rosto Aloe Vera cuida da pele e do cabelo, alivia a coceira e deixa a pele macia e bem cuidada.. Com \u00f3leo de argan, am\u00eandoa, jojoba e girassol\",\"breadcrumb\":{\"@id\":\"https:\\\/\\\/www.lraloeverashop.eu\\\/pt-pt\\\/produto\\\/oleo-de-aloe-vera-para-barba-e-rosto\\\/#breadcrumb\"},\"inLanguage\":\"pt-PT\",\"potentialAction\":[{\"@type\":\"ReadAction\",\"target\":[\"https:\\\/\\\/www.lraloeverashop.eu\\\/pt-pt\\\/produto\\\/oleo-de-aloe-vera-para-barba-e-rosto\\\/\"]}]},{\"@type\":\"ImageObject\",\"inLanguage\":\"pt-PT\",\"@id\":\"https:\\\/\\\/www.lraloeverashop.eu\\\/pt-pt\\\/produto\\\/oleo-de-aloe-vera-para-barba-e-rosto\\\/#primaryimage\",\"url\":\"https:\\\/\\\/www.lraloeverashop.eu\\\/wp-content\\\/uploads\\\/2022\\\/10\\\/Face-Beard-Oil.jpg\",\"contentUrl\":\"https:\\\/\\\/www.lraloeverashop.eu\\\/wp-content\\\/uploads\\\/2022\\\/10\\\/Face-Beard-Oil.jpg\",\"width\":1200,\"height\":1200,\"caption\":\"Lr \u00d3leo de Aloe Vera Para Barba e Rosto\"},{\"@type\":\"BreadcrumbList\",\"@id\":\"https:\\\/\\\/www.lraloeverashop.eu\\\/pt-pt\\\/produto\\\/oleo-de-aloe-vera-para-barba-e-rosto\\\/#breadcrumb\",\"itemListElement\":[{\"@type\":\"ListItem\",\"position\":1,\"name\":\"Home\",\"item\":\"https:\\\/\\\/www.lraloeverashop.eu\\\/pt-pt\\\/\"},{\"@type\":\"ListItem\",\"position\":2,\"name\":\"Loja\",\"item\":\"https:\\\/\\\/www.lraloeverashop.eu\\\/pt-pt\\\/loja\\\/\"},{\"@type\":\"ListItem\",\"position\":3,\"name\":\"\u00d3leo Barba e Rosto Aloe Vera\"}]},{\"@type\":\"WebSite\",\"@id\":\"https:\\\/\\\/www.lraloeverashop.eu\\\/pt-pt\\\/#website\",\"url\":\"https:\\\/\\\/www.lraloeverashop.eu\\\/pt-pt\\\/\",\"name\":\"Lr Loja Aloe Vera\",\"description\":\"High Quality Lr Aloe Vera Gel, Aloe Vera Cream and Shampoo\",\"publisher\":{\"@id\":\"https:\\\/\\\/www.lraloeverashop.eu\\\/pt-pt\\\/#organization\"},\"alternateName\":\"LR\",\"potentialAction\":[{\"@type\":\"SearchAction\",\"target\":{\"@type\":\"EntryPoint\",\"urlTemplate\":\"https:\\\/\\\/www.lraloeverashop.eu\\\/pt-pt\\\/?s={search_term_string}\"},\"query-input\":{\"@type\":\"PropertyValueSpecification\",\"valueRequired\":true,\"valueName\":\"search_term_string\"}}],\"inLanguage\":\"pt-PT\"},{\"@type\":\"Organization\",\"@id\":\"https:\\\/\\\/www.lraloeverashop.eu\\\/pt-pt\\\/#organization\",\"name\":\"Loja Lr Aloe Vera\",\"alternateName\":\"LR\",\"url\":\"https:\\\/\\\/www.lraloeverashop.eu\\\/pt-pt\\\/\",\"logo\":{\"@type\":\"ImageObject\",\"inLanguage\":\"pt-PT\",\"@id\":\"https:\\\/\\\/www.lraloeverashop.eu\\\/pt-pt\\\/#\\\/schema\\\/logo\\\/image\\\/\",\"url\":\"https:\\\/\\\/www.lraloeverashop.eu\\\/wp-content\\\/uploads\\\/2022\\\/09\\\/cropped-Lr-Aloe-Vera-Shop.jpg\",\"contentUrl\":\"https:\\\/\\\/www.lraloeverashop.eu\\\/wp-content\\\/uploads\\\/2022\\\/09\\\/cropped-Lr-Aloe-Vera-Shop.jpg\",\"width\":228,\"height\":76,\"caption\":\"Loja Lr Aloe Vera\"},\"image\":{\"@id\":\"https:\\\/\\\/www.lraloeverashop.eu\\\/pt-pt\\\/#\\\/schema\\\/logo\\\/image\\\/\"},\"sameAs\":[\"https:\\\/\\\/www.facebook.com\\\/lraloeverashop.eu\",\"https:\\\/\\\/x.com\\\/natur__kosmetik\",\"https:\\\/\\\/www.youtube.com\\\/channel\\\/UC5oN7BJ8nfYb8RpVtjwDEBA\",\"https:\\\/\\\/www.instagram.com\\\/lrbeautyeu\\\/\"],\"description\":\"Loja Lr Aloe Vera \u00e9 o seu destino de confian\u00e7a para os produtos de sa\u00fade e beleza premium da LR, fabricados na Alemanha. Oferecemos solu\u00e7\u00f5es de alta qualidade para o cuidado da pele, nutri\u00e7\u00e3o e antienvelhecimento \u00e0 base de Alo\u00e9 Vera, elaboradas com ingredientes puros e apoiadas em investiga\u00e7\u00e3o cient\u00edfica. Descubra o cuidado natural que regenera, protege e revitaliza a sua pele \u2014 e aproveite as ofertas mensais exclusivas nos nossos produtos LR Alo\u00e9 Vera mais vendidos.\\nComece hoje mesmo a sua jornada de cuidados naturais com a pele e sinta a diferen\u00e7a.\",\"email\":\"info@lraloeverashop.eu\",\"telephone\":\"+49 17670609653\",\"legalName\":\"Lr Aloe Vera Shop\",\"foundingDate\":\"2018-04-21\",\"numberOfEmployees\":{\"@type\":\"QuantitativeValue\",\"minValue\":\"1\",\"maxValue\":\"10\"}}]}<\/script>\n<meta property=\"product:price:amount\" content=\"14.50\" \/>\n<meta property=\"product:price:currency\" content=\"EUR\" \/>\n<meta property=\"og:availability\" content=\"out of stock\" \/>\n<meta property=\"product:availability\" content=\"out of stock\" \/>\n<meta property=\"product:retailer_item_id\" content=\"20437-101PT\" \/>\n<meta property=\"product:condition\" content=\"new\" \/>\n<!-- \/ Yoast SEO Premium plugin. -->","yoast_head_json":{"title":"\u00d3leo barba e rosto aloe vera para homens com hidrata\u00e7\u00e3o imediata","description":"\u00d3leo Barba e Rosto Aloe Vera cuida da pele e do cabelo, alivia a coceira e deixa a pele macia e bem cuidada.. Com \u00f3leo de argan, am\u00eandoa, jojoba e girassol","robots":{"index":"index","follow":"follow","max-snippet":"max-snippet:-1","max-image-preview":"max-image-preview:large","max-video-preview":"max-video-preview:-1"},"canonical":"https:\/\/www.lraloeverashop.eu\/pt-pt\/produto\/oleo-de-aloe-vera-para-barba-e-rosto\/","og_locale":"pt_PT","og_type":"article","og_title":"\u00d3leo Barba e Rosto Aloe Vera","og_description":"\u00d3leo Barba e Rosto Aloe Vera cuida da pele e do cabelo, alivia a coceira e deixa a pele macia e bem cuidada.. Com \u00f3leo de argan, am\u00eandoa, jojoba e girassol","og_url":"https:\/\/www.lraloeverashop.eu\/pt-pt\/produto\/oleo-de-aloe-vera-para-barba-e-rosto\/","og_site_name":"Lr Loja Aloe Vera","article_publisher":"https:\/\/www.facebook.com\/lraloeverashop.eu","article_modified_time":"2026-02-08T09:35:28+00:00","og_image":[{"width":1200,"height":1200,"url":"https:\/\/www.lraloeverashop.eu\/wp-content\/uploads\/2022\/10\/Face-Beard-Oil.jpg","type":"image\/jpeg"}],"twitter_card":"summary_large_image","twitter_site":"@natur__kosmetik","schema":{"@context":"https:\/\/schema.org","@graph":[{"@type":["WebPage","ItemPage"],"@id":"https:\/\/www.lraloeverashop.eu\/pt-pt\/produto\/oleo-de-aloe-vera-para-barba-e-rosto\/","url":"https:\/\/www.lraloeverashop.eu\/pt-pt\/produto\/oleo-de-aloe-vera-para-barba-e-rosto\/","name":"\u00d3leo barba e rosto aloe vera para homens com hidrata\u00e7\u00e3o imediata","isPartOf":{"@id":"https:\/\/www.lraloeverashop.eu\/pt-pt\/#website"},"primaryImageOfPage":{"@id":"https:\/\/www.lraloeverashop.eu\/pt-pt\/produto\/oleo-de-aloe-vera-para-barba-e-rosto\/#primaryimage"},"image":{"@id":"https:\/\/www.lraloeverashop.eu\/pt-pt\/produto\/oleo-de-aloe-vera-para-barba-e-rosto\/#primaryimage"},"thumbnailUrl":"https:\/\/www.lraloeverashop.eu\/wp-content\/uploads\/2022\/10\/Face-Beard-Oil.jpg","datePublished":"2022-10-09T15:37:46+00:00","dateModified":"2026-02-08T09:35:28+00:00","description":"\u00d3leo Barba e Rosto Aloe Vera cuida da pele e do cabelo, alivia a coceira e deixa a pele macia e bem cuidada.. Com \u00f3leo de argan, am\u00eandoa, jojoba e girassol","breadcrumb":{"@id":"https:\/\/www.lraloeverashop.eu\/pt-pt\/produto\/oleo-de-aloe-vera-para-barba-e-rosto\/#breadcrumb"},"inLanguage":"pt-PT","potentialAction":[{"@type":"ReadAction","target":["https:\/\/www.lraloeverashop.eu\/pt-pt\/produto\/oleo-de-aloe-vera-para-barba-e-rosto\/"]}]},{"@type":"ImageObject","inLanguage":"pt-PT","@id":"https:\/\/www.lraloeverashop.eu\/pt-pt\/produto\/oleo-de-aloe-vera-para-barba-e-rosto\/#primaryimage","url":"https:\/\/www.lraloeverashop.eu\/wp-content\/uploads\/2022\/10\/Face-Beard-Oil.jpg","contentUrl":"https:\/\/www.lraloeverashop.eu\/wp-content\/uploads\/2022\/10\/Face-Beard-Oil.jpg","width":1200,"height":1200,"caption":"Lr \u00d3leo de Aloe Vera Para Barba e Rosto"},{"@type":"BreadcrumbList","@id":"https:\/\/www.lraloeverashop.eu\/pt-pt\/produto\/oleo-de-aloe-vera-para-barba-e-rosto\/#breadcrumb","itemListElement":[{"@type":"ListItem","position":1,"name":"Home","item":"https:\/\/www.lraloeverashop.eu\/pt-pt\/"},{"@type":"ListItem","position":2,"name":"Loja","item":"https:\/\/www.lraloeverashop.eu\/pt-pt\/loja\/"},{"@type":"ListItem","position":3,"name":"\u00d3leo Barba e Rosto Aloe Vera"}]},{"@type":"WebSite","@id":"https:\/\/www.lraloeverashop.eu\/pt-pt\/#website","url":"https:\/\/www.lraloeverashop.eu\/pt-pt\/","name":"Lr Loja Aloe Vera","description":"High Quality Lr Aloe Vera Gel, Aloe Vera Cream and Shampoo","publisher":{"@id":"https:\/\/www.lraloeverashop.eu\/pt-pt\/#organization"},"alternateName":"LR","potentialAction":[{"@type":"SearchAction","target":{"@type":"EntryPoint","urlTemplate":"https:\/\/www.lraloeverashop.eu\/pt-pt\/?s={search_term_string}"},"query-input":{"@type":"PropertyValueSpecification","valueRequired":true,"valueName":"search_term_string"}}],"inLanguage":"pt-PT"},{"@type":"Organization","@id":"https:\/\/www.lraloeverashop.eu\/pt-pt\/#organization","name":"Loja Lr Aloe Vera","alternateName":"LR","url":"https:\/\/www.lraloeverashop.eu\/pt-pt\/","logo":{"@type":"ImageObject","inLanguage":"pt-PT","@id":"https:\/\/www.lraloeverashop.eu\/pt-pt\/#\/schema\/logo\/image\/","url":"https:\/\/www.lraloeverashop.eu\/wp-content\/uploads\/2022\/09\/cropped-Lr-Aloe-Vera-Shop.jpg","contentUrl":"https:\/\/www.lraloeverashop.eu\/wp-content\/uploads\/2022\/09\/cropped-Lr-Aloe-Vera-Shop.jpg","width":228,"height":76,"caption":"Loja Lr Aloe Vera"},"image":{"@id":"https:\/\/www.lraloeverashop.eu\/pt-pt\/#\/schema\/logo\/image\/"},"sameAs":["https:\/\/www.facebook.com\/lraloeverashop.eu","https:\/\/x.com\/natur__kosmetik","https:\/\/www.youtube.com\/channel\/UC5oN7BJ8nfYb8RpVtjwDEBA","https:\/\/www.instagram.com\/lrbeautyeu\/"],"description":"Loja Lr Aloe Vera \u00e9 o seu destino de confian\u00e7a para os produtos de sa\u00fade e beleza premium da LR, fabricados na Alemanha. Oferecemos solu\u00e7\u00f5es de alta qualidade para o cuidado da pele, nutri\u00e7\u00e3o e antienvelhecimento \u00e0 base de Alo\u00e9 Vera, elaboradas com ingredientes puros e apoiadas em investiga\u00e7\u00e3o cient\u00edfica. Descubra o cuidado natural que regenera, protege e revitaliza a sua pele \u2014 e aproveite as ofertas mensais exclusivas nos nossos produtos LR Alo\u00e9 Vera mais vendidos.\nComece hoje mesmo a sua jornada de cuidados naturais com a pele e sinta a diferen\u00e7a.","email":"info@lraloeverashop.eu","telephone":"+49 17670609653","legalName":"Lr Aloe Vera Shop","foundingDate":"2018-04-21","numberOfEmployees":{"@type":"QuantitativeValue","minValue":"1","maxValue":"10"}}]},"product_price_amount":"14.50","product_price_currency":"EUR","og_availability":"out of stock","product_availability":"out of stock","product_retailer_item_id":"20437-101PT","product_condition":"new"},"taxonomy_info":{"product_cat":[{"value":215,"label":"Aloe Vera"},{"value":251,"label":"Cuidado Masculino"},{"value":354,"label":"Promo\u00e7\u00f5es"}],"product_tag":[{"value":521,"label":"Barba"},{"value":556,"label":"Produtos masculinos"}]},"featured_image_src_large":["https:\/\/www.lraloeverashop.eu\/wp-content\/uploads\/2022\/10\/Face-Beard-Oil-1024x1024.jpg",1024,1024,true],"author_info":[],"comment_info":0,"_links":{"self":[{"href":"https:\/\/www.lraloeverashop.eu\/pt-pt\/wp-json\/wp\/v2\/product\/10774","targetHints":{"allow":["GET"]}}],"collection":[{"href":"https:\/\/www.lraloeverashop.eu\/pt-pt\/wp-json\/wp\/v2\/product"}],"about":[{"href":"https:\/\/www.lraloeverashop.eu\/pt-pt\/wp-json\/wp\/v2\/types\/product"}],"replies":[{"embeddable":true,"href":"https:\/\/www.lraloeverashop.eu\/pt-pt\/wp-json\/wp\/v2\/comments?post=10774"}],"wp:featuredmedia":[{"embeddable":true,"href":"https:\/\/www.lraloeverashop.eu\/pt-pt\/wp-json\/wp\/v2\/media\/4857"}],"wp:attachment":[{"href":"https:\/\/www.lraloeverashop.eu\/pt-pt\/wp-json\/wp\/v2\/media?parent=10774"}],"wp:term":[{"taxonomy":"product_brand","embeddable":true,"href":"https:\/\/www.lraloeverashop.eu\/pt-pt\/wp-json\/wp\/v2\/product_brand?post=10774"},{"taxonomy":"product_cat","embeddable":true,"href":"https:\/\/www.lraloeverashop.eu\/pt-pt\/wp-json\/wp\/v2\/product_cat?post=10774"},{"taxonomy":"product_tag","embeddable":true,"href":"https:\/\/www.lraloeverashop.eu\/pt-pt\/wp-json\/wp\/v2\/product_tag?post=10774"}],"curies":[{"name":"wp","href":"https:\/\/api.w.org\/{rel}","templated":true}]}}