{"id":10680,"date":"2022-10-09T22:02:02","date_gmt":"2022-10-09T20:02:02","guid":{"rendered":"https:\/\/www.lraloeverashop.eu\/product\/aloe-vera-set-nutri-repair-para-cabelos\/"},"modified":"2026-02-08T10:34:17","modified_gmt":"2026-02-08T09:34:17","slug":"aloe-vera-set-nutri-repair-para-cabelos","status":"publish","type":"product","link":"https:\/\/www.lraloeverashop.eu\/pt-pt\/produto\/aloe-vera-set-nutri-repair-para-cabelos\/","title":{"rendered":"Aloe Vera Set Nutri-Repair Para Cabelos"},"content":{"rendered":"<h2><span style=\"font-size: 16pt;\"><strong>Aloe Vera Set Nutri-Repair Para Cabelos<\/strong><\/span><\/h2>\n<p><span style=\"font-size: 14pt;\"><strong>Aloe Vera Set Nutri-Repair Para Cabelos\u00a0&#8211; Espl\u00eandida Conquista a Desta Equipe!<\/strong><\/span><\/p>\n<p>Deseja se sentir forte, e confiante? Descubra o novo Aloe Vera Set Nutri-Repair para cabelos saud\u00e1veis e sedosos, e ganhe autoconfian\u00e7a.<\/p>\n<p>&nbsp;<\/p>\n<h3><span style=\"font-size: 16pt;\"><strong>O Set Para Cabelos cont\u00e9m:<\/strong><\/span><\/h3>\n<p><a href=\"https:\/\/www.lraloeverashop.eu\/pt-pt\/produto\/aloe-vera-nutri-repair-champo\/\"><span style=\"color: #008000;\"><strong>Lr Aloe Vera Nutri-Repair Champ\u00f4 Para Cabelos<\/strong><\/span><\/a> cont\u00e9m ingredientes que agem como um \u00edm\u00e3 para livrar i cabelo da sujeira, deixando-o limpo, fresco e saud\u00e1vel. Com vitamina B5 Pro, o cabelo fica mais forte e mais suave do que nunca. Com 45% de teor de <a href=\"https:\/\/www.lraloeverashop.eu\/pt-pt\/produto\/aloe-vera-nutri-repair-tratamento-leave-in\/\">Aloe Vera<\/a>, ajuda a hidratar os cabelos e torn\u00e1-los saud\u00e1veis. Vai adorar a fragr\u00e2ncia frutada do shampoo que vai estimular seus sentidos.<\/p>\n<p><span style=\"color: #008000;\"><strong>Lr Aloe Vera Condicionador Nutri Repair<\/strong><\/span> rep\u00f5e a perda de hidrata\u00e7\u00e3o e nutrientes do seu cabelo com o complexo de 7 \u00f3leos naturais. Estes ingredientes ativos penetram profundamente nos fios do cabelo e selam a camada externa com <a href=\"https:\/\/www.lraloeverashop.eu\/pt-pt\/lr-aloe-vera-nutri-repair-o-melhor-cuidado-para-cabelos-danificados\/\">nutrientes essenciais<\/a>.<\/p>\n<p>Os 7 \u00f3leos naturais e o gel de Aloe Vera em 15% reestruturam o cabelo enquanto o hidratam. J\u00e1 n\u00e3o tenha d\u00favidas com o seu cabelo. Al\u00e9m disso, vem com um aroma limpo, fresco e frutado!<\/p>\n<p><a href=\"https:\/\/www.lraloeverashop.eu\/pt-pt\/produto\/aloe-vera-mascara-nutri-repair\/\"><span style=\"color: #008000;\"><strong>Lr Aloe Vera M\u00e1scara Nutri Repair<\/strong><\/span><\/a> repara e hidrata o cabelo do interior, gra\u00e7as ao Nutri Oil Repair, que cont\u00e9m 7 \u00f3leos naturais que oferecem um efeito sin\u00e9rgico. Com o uso di\u00e1rio, o cabelo fica mais saud\u00e1vel enquanto restaura o brilho. O seu cabelo tamb\u00e9m se torna mais forte e menos sujeito a quebras; um cabelo mais suave e brilhante ser\u00e1 seu!<\/p>\n<p>&nbsp;<\/p>\n<p><iframe loading=\"lazy\" src=\"\/\/www.youtube.com\/embed\/30799y3MH7A?rel=0&amp;showinfo=0\" width=\"1280\" height=\"720\" frameborder=\"0\" allowfullscreen=\"allowfullscreen\"><\/iframe><\/p>\n<p>&nbsp;<\/p>\n<h4><span style=\"font-size: 16pt;\"><strong>Estudos confirmam a pot\u00eancia do Lr Aloe Vera Set Nutri-Repair a partir destes testes:<\/strong><\/span><\/h4>\n<p>&nbsp;<\/p>\n<ul>\n<li>O cabelo fica macio e sedoso e \u00e9 tr\u00eas vezes mais f\u00e1cil de pentear e manipular*<\/li>\n<li>O cabelo obt\u00e9m mais for\u00e7a e suavidade natural, atingindo uma redu\u00e7\u00e3o de cabelos quebrados em 90%*<\/li>\n<li>90 por cento dos participantes do estudo est\u00e3o encantados com a fragr\u00e2ncia refrescante do shampoo**<\/li>\n<\/ul>\n<p>&nbsp;<\/p>\n<p>O uso di\u00e1rio do Aloe Vera Set Nutri-Repair Para Cabelos &#8211; shampoo, condicionador e m\u00e1scara de cabelo melhora a resili\u00eancia e a elasticidade do cabelo para prevenir a quebra. Os resultados s\u00e3o mais promissores do que aqueles que usam apenas o shampoo. Isso foi baseado no estudo realizado em janeiro de 2018 pela proDERM.<br \/>\n**Com base nos resultados de 40 participantes da pesquisa do Dermatest Institute em dezembro de 2017<\/p>\n","protected":false},"excerpt":{"rendered":"<ul>\n<li>Conjunto com shampoo, condicionador e m\u00e1scara Nutri-Repair<\/li>\n<li>Para cabelos saud\u00e1veis e brilhantes at\u00e9 as pontas<\/li>\n<li>Com at\u00e9 45% de gel de Aloe Vera e complexo reparador de 7 \u00f3leos<\/li>\n<li>Nutre, fortalece e repara o cabelo<\/li>\n<li>Protege contra a quebra do cabelo<\/li>\n<li>Produto fabricado na Alemanha<\/li>\n<\/ul>\n<p><span style=\"color: #ff0000;\"><a style=\"color: #ff0000;\" href=\"https:\/\/shop.lrworld.com\/openpao?PHP=0vFlt7jT938BEnBI3a6e9w%3D%3D\"><span style=\"font-size: 14pt;\"><strong>Registe-se aqui e poupe 35% em todos os pedidos<\/strong><\/span><\/a><\/span><\/p>\n","protected":false},"featured_media":4881,"comment_status":"open","ping_status":"closed","template":"","meta":{"_kad_blocks_custom_css":"","_kad_blocks_head_custom_js":"","_kad_blocks_body_custom_js":"","_kad_blocks_footer_custom_js":"","_kadence_starter_templates_imported_post":false,"_kad_post_transparent":"default","_kad_post_title":"","_kad_post_layout":"default","_kad_post_sidebar_id":"","_kad_post_content_style":"default","_kad_post_vertical_padding":"default","_kad_post_feature":"","_kad_post_feature_position":"","_kad_post_header":false,"_kad_post_footer":false,"_kad_post_classname":""},"product_brand":[],"product_cat":[215,245],"product_tag":[611,615],"class_list":{"0":"post-10680","1":"product","2":"type-product","3":"status-publish","4":"has-post-thumbnail","6":"product_cat-aloe-vera-pt-pt","7":"product_cat-cuidado-do-cabelo","8":"product_tag-cabelo-danificado","9":"product_tag-cabelo-seco","11":"first","12":"instock","13":"taxable","14":"shipping-taxable","15":"purchasable","16":"product-type-simple","17":"entry","18":"content-bg","19":"loop-entry"},"yoast_head":"<!-- This site is optimized with the Yoast SEO Premium plugin v27.5 (Yoast SEO v27.5) - https:\/\/yoast.com\/product\/yoast-seo-premium-wordpress\/ -->\n<title>Aloe Vera Set Nutri-Repair Para cabelos saud\u00e1veis e brilhantes.<\/title>\n<meta name=\"description\" content=\"Voc\u00ea quer se sentir forte, confiante e bonita? Descubra o novo Aloe Vera Set Nutri-Repair Para Cabelos saud\u00e1veis e autoconfian\u00e7a. Com 7 \u00f3leos naturais.\" \/>\n<meta name=\"robots\" content=\"index, follow, max-snippet:-1, max-image-preview:large, max-video-preview:-1\" \/>\n<link rel=\"canonical\" href=\"https:\/\/www.lraloeverashop.eu\/pt-pt\/produto\/aloe-vera-set-nutri-repair-para-cabelos\/\" \/>\n<meta property=\"og:locale\" content=\"pt_PT\" \/>\n<meta property=\"og:type\" content=\"article\" \/>\n<meta property=\"og:title\" content=\"Aloe Vera Set Nutri-Repair Para Cabelos\" \/>\n<meta property=\"og:description\" content=\"Voc\u00ea quer se sentir forte, confiante e bonita? Descubra o novo Aloe Vera Set Nutri-Repair Para Cabelos saud\u00e1veis e autoconfian\u00e7a. Com 7 \u00f3leos naturais.\" \/>\n<meta property=\"og:url\" content=\"https:\/\/www.lraloeverashop.eu\/pt-pt\/produto\/aloe-vera-set-nutri-repair-para-cabelos\/\" \/>\n<meta property=\"og:site_name\" content=\"Lr Loja Aloe Vera\" \/>\n<meta property=\"article:publisher\" content=\"https:\/\/www.facebook.com\/lraloeverashop.eu\" \/>\n<meta property=\"article:modified_time\" content=\"2026-02-08T09:34:17+00:00\" \/>\n<meta property=\"og:image\" content=\"https:\/\/www.lraloeverashop.eu\/wp-content\/uploads\/2022\/10\/Aloe-Vera-Hair-Set.jpg\" \/>\n\t<meta property=\"og:image:width\" content=\"1200\" \/>\n\t<meta property=\"og:image:height\" content=\"1200\" \/>\n\t<meta property=\"og:image:type\" content=\"image\/jpeg\" \/>\n<meta name=\"twitter:card\" content=\"summary_large_image\" \/>\n<meta name=\"twitter:site\" content=\"@natur__kosmetik\" \/>\n<script type=\"application\/ld+json\" class=\"yoast-schema-graph\">{\"@context\":\"https:\\\/\\\/schema.org\",\"@graph\":[{\"@type\":[\"WebPage\",\"ItemPage\"],\"@id\":\"https:\\\/\\\/www.lraloeverashop.eu\\\/pt-pt\\\/produto\\\/aloe-vera-set-nutri-repair-para-cabelos\\\/\",\"url\":\"https:\\\/\\\/www.lraloeverashop.eu\\\/pt-pt\\\/produto\\\/aloe-vera-set-nutri-repair-para-cabelos\\\/\",\"name\":\"Aloe Vera Set Nutri-Repair Para cabelos saud\u00e1veis e brilhantes.\",\"isPartOf\":{\"@id\":\"https:\\\/\\\/www.lraloeverashop.eu\\\/pt-pt\\\/#website\"},\"primaryImageOfPage\":{\"@id\":\"https:\\\/\\\/www.lraloeverashop.eu\\\/pt-pt\\\/produto\\\/aloe-vera-set-nutri-repair-para-cabelos\\\/#primaryimage\"},\"image\":{\"@id\":\"https:\\\/\\\/www.lraloeverashop.eu\\\/pt-pt\\\/produto\\\/aloe-vera-set-nutri-repair-para-cabelos\\\/#primaryimage\"},\"thumbnailUrl\":\"https:\\\/\\\/www.lraloeverashop.eu\\\/wp-content\\\/uploads\\\/2022\\\/10\\\/Aloe-Vera-Hair-Set.jpg\",\"datePublished\":\"2022-10-09T20:02:02+00:00\",\"dateModified\":\"2026-02-08T09:34:17+00:00\",\"description\":\"Voc\u00ea quer se sentir forte, confiante e bonita? Descubra o novo Aloe Vera Set Nutri-Repair Para Cabelos saud\u00e1veis e autoconfian\u00e7a. Com 7 \u00f3leos naturais.\",\"breadcrumb\":{\"@id\":\"https:\\\/\\\/www.lraloeverashop.eu\\\/pt-pt\\\/produto\\\/aloe-vera-set-nutri-repair-para-cabelos\\\/#breadcrumb\"},\"inLanguage\":\"pt-PT\",\"potentialAction\":[{\"@type\":\"ReadAction\",\"target\":[\"https:\\\/\\\/www.lraloeverashop.eu\\\/pt-pt\\\/produto\\\/aloe-vera-set-nutri-repair-para-cabelos\\\/\"]}]},{\"@type\":\"ImageObject\",\"inLanguage\":\"pt-PT\",\"@id\":\"https:\\\/\\\/www.lraloeverashop.eu\\\/pt-pt\\\/produto\\\/aloe-vera-set-nutri-repair-para-cabelos\\\/#primaryimage\",\"url\":\"https:\\\/\\\/www.lraloeverashop.eu\\\/wp-content\\\/uploads\\\/2022\\\/10\\\/Aloe-Vera-Hair-Set.jpg\",\"contentUrl\":\"https:\\\/\\\/www.lraloeverashop.eu\\\/wp-content\\\/uploads\\\/2022\\\/10\\\/Aloe-Vera-Hair-Set.jpg\",\"width\":1200,\"height\":1200,\"caption\":\"Aloe Vera Set Nutri-Repair Para Cabelos Protege, nutre, fortalece e repara o cabelo\"},{\"@type\":\"BreadcrumbList\",\"@id\":\"https:\\\/\\\/www.lraloeverashop.eu\\\/pt-pt\\\/produto\\\/aloe-vera-set-nutri-repair-para-cabelos\\\/#breadcrumb\",\"itemListElement\":[{\"@type\":\"ListItem\",\"position\":1,\"name\":\"Home\",\"item\":\"https:\\\/\\\/www.lraloeverashop.eu\\\/pt-pt\\\/\"},{\"@type\":\"ListItem\",\"position\":2,\"name\":\"Loja\",\"item\":\"https:\\\/\\\/www.lraloeverashop.eu\\\/pt-pt\\\/loja\\\/\"},{\"@type\":\"ListItem\",\"position\":3,\"name\":\"Aloe Vera Set Nutri-Repair Para Cabelos\"}]},{\"@type\":\"WebSite\",\"@id\":\"https:\\\/\\\/www.lraloeverashop.eu\\\/pt-pt\\\/#website\",\"url\":\"https:\\\/\\\/www.lraloeverashop.eu\\\/pt-pt\\\/\",\"name\":\"Lr Loja Aloe Vera\",\"description\":\"High Quality Lr Aloe Vera Gel, Aloe Vera Cream and Shampoo\",\"publisher\":{\"@id\":\"https:\\\/\\\/www.lraloeverashop.eu\\\/pt-pt\\\/#organization\"},\"alternateName\":\"LR\",\"potentialAction\":[{\"@type\":\"SearchAction\",\"target\":{\"@type\":\"EntryPoint\",\"urlTemplate\":\"https:\\\/\\\/www.lraloeverashop.eu\\\/pt-pt\\\/?s={search_term_string}\"},\"query-input\":{\"@type\":\"PropertyValueSpecification\",\"valueRequired\":true,\"valueName\":\"search_term_string\"}}],\"inLanguage\":\"pt-PT\"},{\"@type\":\"Organization\",\"@id\":\"https:\\\/\\\/www.lraloeverashop.eu\\\/pt-pt\\\/#organization\",\"name\":\"Loja Lr Aloe Vera\",\"alternateName\":\"LR\",\"url\":\"https:\\\/\\\/www.lraloeverashop.eu\\\/pt-pt\\\/\",\"logo\":{\"@type\":\"ImageObject\",\"inLanguage\":\"pt-PT\",\"@id\":\"https:\\\/\\\/www.lraloeverashop.eu\\\/pt-pt\\\/#\\\/schema\\\/logo\\\/image\\\/\",\"url\":\"https:\\\/\\\/www.lraloeverashop.eu\\\/wp-content\\\/uploads\\\/2022\\\/09\\\/cropped-Lr-Aloe-Vera-Shop.jpg\",\"contentUrl\":\"https:\\\/\\\/www.lraloeverashop.eu\\\/wp-content\\\/uploads\\\/2022\\\/09\\\/cropped-Lr-Aloe-Vera-Shop.jpg\",\"width\":228,\"height\":76,\"caption\":\"Loja Lr Aloe Vera\"},\"image\":{\"@id\":\"https:\\\/\\\/www.lraloeverashop.eu\\\/pt-pt\\\/#\\\/schema\\\/logo\\\/image\\\/\"},\"sameAs\":[\"https:\\\/\\\/www.facebook.com\\\/lraloeverashop.eu\",\"https:\\\/\\\/x.com\\\/natur__kosmetik\",\"https:\\\/\\\/www.youtube.com\\\/channel\\\/UC5oN7BJ8nfYb8RpVtjwDEBA\",\"https:\\\/\\\/www.instagram.com\\\/lrbeautyeu\\\/\"],\"description\":\"Loja Lr Aloe Vera \u00e9 o seu destino de confian\u00e7a para os produtos de sa\u00fade e beleza premium da LR, fabricados na Alemanha. Oferecemos solu\u00e7\u00f5es de alta qualidade para o cuidado da pele, nutri\u00e7\u00e3o e antienvelhecimento \u00e0 base de Alo\u00e9 Vera, elaboradas com ingredientes puros e apoiadas em investiga\u00e7\u00e3o cient\u00edfica. Descubra o cuidado natural que regenera, protege e revitaliza a sua pele \u2014 e aproveite as ofertas mensais exclusivas nos nossos produtos LR Alo\u00e9 Vera mais vendidos.\\nComece hoje mesmo a sua jornada de cuidados naturais com a pele e sinta a diferen\u00e7a.\",\"email\":\"info@lraloeverashop.eu\",\"telephone\":\"+49 17670609653\",\"legalName\":\"Lr Aloe Vera Shop\",\"foundingDate\":\"2018-04-21\",\"numberOfEmployees\":{\"@type\":\"QuantitativeValue\",\"minValue\":\"1\",\"maxValue\":\"10\"}}]}<\/script>\n<meta property=\"product:price:amount\" content=\"46.99\" \/>\n<meta property=\"product:price:currency\" content=\"EUR\" \/>\n<meta property=\"og:availability\" content=\"instock\" \/>\n<meta property=\"product:availability\" content=\"instock\" \/>\n<meta property=\"product:retailer_item_id\" content=\"20763-1PT\" \/>\n<meta property=\"product:condition\" content=\"new\" \/>\n<!-- \/ Yoast SEO Premium plugin. -->","yoast_head_json":{"title":"Aloe Vera Set Nutri-Repair Para cabelos saud\u00e1veis e brilhantes.","description":"Voc\u00ea quer se sentir forte, confiante e bonita? Descubra o novo Aloe Vera Set Nutri-Repair Para Cabelos saud\u00e1veis e autoconfian\u00e7a. Com 7 \u00f3leos naturais.","robots":{"index":"index","follow":"follow","max-snippet":"max-snippet:-1","max-image-preview":"max-image-preview:large","max-video-preview":"max-video-preview:-1"},"canonical":"https:\/\/www.lraloeverashop.eu\/pt-pt\/produto\/aloe-vera-set-nutri-repair-para-cabelos\/","og_locale":"pt_PT","og_type":"article","og_title":"Aloe Vera Set Nutri-Repair Para Cabelos","og_description":"Voc\u00ea quer se sentir forte, confiante e bonita? Descubra o novo Aloe Vera Set Nutri-Repair Para Cabelos saud\u00e1veis e autoconfian\u00e7a. Com 7 \u00f3leos naturais.","og_url":"https:\/\/www.lraloeverashop.eu\/pt-pt\/produto\/aloe-vera-set-nutri-repair-para-cabelos\/","og_site_name":"Lr Loja Aloe Vera","article_publisher":"https:\/\/www.facebook.com\/lraloeverashop.eu","article_modified_time":"2026-02-08T09:34:17+00:00","og_image":[{"width":1200,"height":1200,"url":"https:\/\/www.lraloeverashop.eu\/wp-content\/uploads\/2022\/10\/Aloe-Vera-Hair-Set.jpg","type":"image\/jpeg"}],"twitter_card":"summary_large_image","twitter_site":"@natur__kosmetik","schema":{"@context":"https:\/\/schema.org","@graph":[{"@type":["WebPage","ItemPage"],"@id":"https:\/\/www.lraloeverashop.eu\/pt-pt\/produto\/aloe-vera-set-nutri-repair-para-cabelos\/","url":"https:\/\/www.lraloeverashop.eu\/pt-pt\/produto\/aloe-vera-set-nutri-repair-para-cabelos\/","name":"Aloe Vera Set Nutri-Repair Para cabelos saud\u00e1veis e brilhantes.","isPartOf":{"@id":"https:\/\/www.lraloeverashop.eu\/pt-pt\/#website"},"primaryImageOfPage":{"@id":"https:\/\/www.lraloeverashop.eu\/pt-pt\/produto\/aloe-vera-set-nutri-repair-para-cabelos\/#primaryimage"},"image":{"@id":"https:\/\/www.lraloeverashop.eu\/pt-pt\/produto\/aloe-vera-set-nutri-repair-para-cabelos\/#primaryimage"},"thumbnailUrl":"https:\/\/www.lraloeverashop.eu\/wp-content\/uploads\/2022\/10\/Aloe-Vera-Hair-Set.jpg","datePublished":"2022-10-09T20:02:02+00:00","dateModified":"2026-02-08T09:34:17+00:00","description":"Voc\u00ea quer se sentir forte, confiante e bonita? Descubra o novo Aloe Vera Set Nutri-Repair Para Cabelos saud\u00e1veis e autoconfian\u00e7a. Com 7 \u00f3leos naturais.","breadcrumb":{"@id":"https:\/\/www.lraloeverashop.eu\/pt-pt\/produto\/aloe-vera-set-nutri-repair-para-cabelos\/#breadcrumb"},"inLanguage":"pt-PT","potentialAction":[{"@type":"ReadAction","target":["https:\/\/www.lraloeverashop.eu\/pt-pt\/produto\/aloe-vera-set-nutri-repair-para-cabelos\/"]}]},{"@type":"ImageObject","inLanguage":"pt-PT","@id":"https:\/\/www.lraloeverashop.eu\/pt-pt\/produto\/aloe-vera-set-nutri-repair-para-cabelos\/#primaryimage","url":"https:\/\/www.lraloeverashop.eu\/wp-content\/uploads\/2022\/10\/Aloe-Vera-Hair-Set.jpg","contentUrl":"https:\/\/www.lraloeverashop.eu\/wp-content\/uploads\/2022\/10\/Aloe-Vera-Hair-Set.jpg","width":1200,"height":1200,"caption":"Aloe Vera Set Nutri-Repair Para Cabelos Protege, nutre, fortalece e repara o cabelo"},{"@type":"BreadcrumbList","@id":"https:\/\/www.lraloeverashop.eu\/pt-pt\/produto\/aloe-vera-set-nutri-repair-para-cabelos\/#breadcrumb","itemListElement":[{"@type":"ListItem","position":1,"name":"Home","item":"https:\/\/www.lraloeverashop.eu\/pt-pt\/"},{"@type":"ListItem","position":2,"name":"Loja","item":"https:\/\/www.lraloeverashop.eu\/pt-pt\/loja\/"},{"@type":"ListItem","position":3,"name":"Aloe Vera Set Nutri-Repair Para Cabelos"}]},{"@type":"WebSite","@id":"https:\/\/www.lraloeverashop.eu\/pt-pt\/#website","url":"https:\/\/www.lraloeverashop.eu\/pt-pt\/","name":"Lr Loja Aloe Vera","description":"High Quality Lr Aloe Vera Gel, Aloe Vera Cream and Shampoo","publisher":{"@id":"https:\/\/www.lraloeverashop.eu\/pt-pt\/#organization"},"alternateName":"LR","potentialAction":[{"@type":"SearchAction","target":{"@type":"EntryPoint","urlTemplate":"https:\/\/www.lraloeverashop.eu\/pt-pt\/?s={search_term_string}"},"query-input":{"@type":"PropertyValueSpecification","valueRequired":true,"valueName":"search_term_string"}}],"inLanguage":"pt-PT"},{"@type":"Organization","@id":"https:\/\/www.lraloeverashop.eu\/pt-pt\/#organization","name":"Loja Lr Aloe Vera","alternateName":"LR","url":"https:\/\/www.lraloeverashop.eu\/pt-pt\/","logo":{"@type":"ImageObject","inLanguage":"pt-PT","@id":"https:\/\/www.lraloeverashop.eu\/pt-pt\/#\/schema\/logo\/image\/","url":"https:\/\/www.lraloeverashop.eu\/wp-content\/uploads\/2022\/09\/cropped-Lr-Aloe-Vera-Shop.jpg","contentUrl":"https:\/\/www.lraloeverashop.eu\/wp-content\/uploads\/2022\/09\/cropped-Lr-Aloe-Vera-Shop.jpg","width":228,"height":76,"caption":"Loja Lr Aloe Vera"},"image":{"@id":"https:\/\/www.lraloeverashop.eu\/pt-pt\/#\/schema\/logo\/image\/"},"sameAs":["https:\/\/www.facebook.com\/lraloeverashop.eu","https:\/\/x.com\/natur__kosmetik","https:\/\/www.youtube.com\/channel\/UC5oN7BJ8nfYb8RpVtjwDEBA","https:\/\/www.instagram.com\/lrbeautyeu\/"],"description":"Loja Lr Aloe Vera \u00e9 o seu destino de confian\u00e7a para os produtos de sa\u00fade e beleza premium da LR, fabricados na Alemanha. Oferecemos solu\u00e7\u00f5es de alta qualidade para o cuidado da pele, nutri\u00e7\u00e3o e antienvelhecimento \u00e0 base de Alo\u00e9 Vera, elaboradas com ingredientes puros e apoiadas em investiga\u00e7\u00e3o cient\u00edfica. Descubra o cuidado natural que regenera, protege e revitaliza a sua pele \u2014 e aproveite as ofertas mensais exclusivas nos nossos produtos LR Alo\u00e9 Vera mais vendidos.\nComece hoje mesmo a sua jornada de cuidados naturais com a pele e sinta a diferen\u00e7a.","email":"info@lraloeverashop.eu","telephone":"+49 17670609653","legalName":"Lr Aloe Vera Shop","foundingDate":"2018-04-21","numberOfEmployees":{"@type":"QuantitativeValue","minValue":"1","maxValue":"10"}}]},"product_price_amount":"46.99","product_price_currency":"EUR","og_availability":"instock","product_availability":"instock","product_retailer_item_id":"20763-1PT","product_condition":"new"},"taxonomy_info":{"product_cat":[{"value":215,"label":"Aloe Vera"},{"value":245,"label":"Cuidado Capilar"}],"product_tag":[{"value":611,"label":"Cabelo danificado"},{"value":615,"label":"Cabelo seco"}]},"featured_image_src_large":["https:\/\/www.lraloeverashop.eu\/wp-content\/uploads\/2022\/10\/Aloe-Vera-Hair-Set-1024x1024.jpg",1024,1024,true],"author_info":[],"comment_info":0,"_links":{"self":[{"href":"https:\/\/www.lraloeverashop.eu\/pt-pt\/wp-json\/wp\/v2\/product\/10680","targetHints":{"allow":["GET"]}}],"collection":[{"href":"https:\/\/www.lraloeverashop.eu\/pt-pt\/wp-json\/wp\/v2\/product"}],"about":[{"href":"https:\/\/www.lraloeverashop.eu\/pt-pt\/wp-json\/wp\/v2\/types\/product"}],"replies":[{"embeddable":true,"href":"https:\/\/www.lraloeverashop.eu\/pt-pt\/wp-json\/wp\/v2\/comments?post=10680"}],"wp:featuredmedia":[{"embeddable":true,"href":"https:\/\/www.lraloeverashop.eu\/pt-pt\/wp-json\/wp\/v2\/media\/4881"}],"wp:attachment":[{"href":"https:\/\/www.lraloeverashop.eu\/pt-pt\/wp-json\/wp\/v2\/media?parent=10680"}],"wp:term":[{"taxonomy":"product_brand","embeddable":true,"href":"https:\/\/www.lraloeverashop.eu\/pt-pt\/wp-json\/wp\/v2\/product_brand?post=10680"},{"taxonomy":"product_cat","embeddable":true,"href":"https:\/\/www.lraloeverashop.eu\/pt-pt\/wp-json\/wp\/v2\/product_cat?post=10680"},{"taxonomy":"product_tag","embeddable":true,"href":"https:\/\/www.lraloeverashop.eu\/pt-pt\/wp-json\/wp\/v2\/product_tag?post=10680"}],"curies":[{"name":"wp","href":"https:\/\/api.w.org\/{rel}","templated":true}]}}