{"id":10653,"date":"2022-10-09T22:46:18","date_gmt":"2022-10-09T20:46:18","guid":{"rendered":"https:\/\/www.lraloeverashop.eu\/product\/aloe-vera-condicionador-nutri-repair\/"},"modified":"2026-02-08T10:33:48","modified_gmt":"2026-02-08T09:33:48","slug":"aloe-vera-condicionador-nutri-repair","status":"publish","type":"product","link":"https:\/\/www.lraloeverashop.eu\/pt-pt\/produto\/aloe-vera-condicionador-nutri-repair\/","title":{"rendered":"Condicionador Aloe Vera Nutri Repair"},"content":{"rendered":"<h2><span style=\"font-size: 16pt;\"><strong>Condicionador Aloe Vera Nutri Repair<\/strong><\/span><\/h2>\n<p><span style=\"font-size: 14pt;\"><strong>Condicionador Aloe Vera Nutri Repair &#8211; Cabelos com Brilho e Movimento. Ol\u00e1, suavidade e brilho!<\/strong><\/span><\/p>\n<p>O Lr Aloe Vera Nutri Repair rep\u00f5e a perda de hidrata\u00e7\u00e3o e nutrientes do seu cabelo com o seu complexo de 7 \u00f3leos naturais. Esses ingredientes ativos penetram profundamente nos fios do cabelo e selam a camada externa com <a href=\"https:\/\/www.lraloeverashop.eu\/pt-pt\/lr-aloe-vera-nutri-repair-o-melhor-cuidado-para-cabelos-danificados\/\">nutrientes essenciais<\/a>.<\/p>\n<p>Os 7 \u00f3leos naturais e o <a href=\"https:\/\/www.lraloeverashop.eu\/pt-pt\/produto\/aloe-vera-nutri-repair-champo\/\">gel de Aloe Vera<\/a> natural em 15% reestruturam o cabelo enquanto o hidratam. J\u00e1 n\u00e3o tenha d\u00favidas com o seu <a href=\"https:\/\/pt.wikipedia.org\/wiki\/Cabelo\">cabelo<\/a>. Al\u00e9m disso, vem com um aroma limpo, fresco e frutado!<\/p>\n<p>&nbsp;<\/p>\n<h3><span style=\"font-size: 20px;\"><strong><span style=\"font-size: 14pt;\">Como usar<\/span><br \/>\n<\/strong><\/span><\/h3>\n<p>Basta p\u00f4r uma por\u00e7\u00e3o do tamanho de uma noz para nutrir da raiz \u00e0s pontas do cabelo. Deixe no cabelo por 2 a 3 minutos antes de enxaguar abundantemente.<\/p>\n<p>&nbsp;<\/p>\n<h4><span style=\"font-size: 14pt;\"><strong>Conselho:<\/strong><\/span><\/h4>\n<p>Lave e condicione o seu cabelo para obter os melhores resultados. Aplique a <a href=\"https:\/\/www.lraloeverashop.eu\/pt-pt\/produto\/aloe-vera-mascara-nutri-repair\/\">M\u00e1scara Capilar<\/a> uma ou duas vezes por semana e, em seguida, aplique o Aloe Vera Nutri-Repair leave-in para melhor prote\u00e7\u00e3o contra os danos causados pelo calor.<\/p>\n","protected":false},"excerpt":{"rendered":"<ul>\n<li>Seu cabelo fica brilhante, macio e irresist\u00edvel<\/li>\n<li>Trata seu cabelo com 7 \u00f3leos naturais que reabastecem cada fio<\/li>\n<li>Aloe vera suaviza e fortalece a superf\u00edcie do cabelo<\/li>\n<li>\u00d3timo para uso di\u00e1rio<\/li>\n<li>Use ap\u00f3s o shampoo<\/li>\n<li>Deixe em seu cabelo por 3 minutos no m\u00e1ximo e depois enx\u00e1gue<\/li>\n<li>Conte\u00fado: 200 ml<\/li>\n<\/ul>\n<p><span style=\"color: #ff0000;\"><a style=\"color: #ff0000;\" href=\"https:\/\/shop.lrworld.com\/openpao?PHP=0vFlt7jT938BEnBI3a6e9w%3D%3D\"><span style=\"font-size: 14pt;\"><strong>Registe-se aqui e poupe 35% em todos os pedidos<\/strong><\/span><\/a><\/span><\/p>\n","protected":false},"featured_media":4377,"comment_status":"open","ping_status":"closed","template":"","meta":{"_kad_blocks_custom_css":"","_kad_blocks_head_custom_js":"","_kad_blocks_body_custom_js":"","_kad_blocks_footer_custom_js":"","_kadence_starter_templates_imported_post":false,"_kad_post_transparent":"default","_kad_post_title":"","_kad_post_layout":"default","_kad_post_sidebar_id":"","_kad_post_content_style":"default","_kad_post_vertical_padding":"default","_kad_post_feature":"","_kad_post_feature_position":"","_kad_post_header":false,"_kad_post_footer":false,"_kad_post_classname":""},"product_brand":[],"product_cat":[215,245],"product_tag":[611,615],"class_list":{"0":"post-10653","1":"product","2":"type-product","3":"status-publish","4":"has-post-thumbnail","6":"product_cat-aloe-vera-pt-pt","7":"product_cat-cuidado-do-cabelo","8":"product_tag-cabelo-danificado","9":"product_tag-cabelo-seco","11":"first","12":"instock","13":"taxable","14":"shipping-taxable","15":"purchasable","16":"product-type-simple","17":"entry","18":"content-bg","19":"loop-entry"},"yoast_head":"<!-- This site is optimized with the Yoast SEO Premium plugin v27.4 (Yoast SEO v27.4) - https:\/\/yoast.com\/product\/yoast-seo-premium-wordpress\/ -->\n<title>Condicionador Aloe Vera Nutri Repair \u2013 Ol\u00e1, suavidade e brilho!<\/title>\n<meta name=\"description\" content=\"O Condicionador Aloe Vera Nutri Repair rep\u00f5e a perda de hidrata\u00e7\u00e3o e nutrientes do seu cabelo com o seu complexo de 7 \u00f3leos naturais.\" \/>\n<meta name=\"robots\" content=\"index, follow, max-snippet:-1, max-image-preview:large, max-video-preview:-1\" \/>\n<link rel=\"canonical\" href=\"https:\/\/www.lraloeverashop.eu\/pt-pt\/produto\/aloe-vera-condicionador-nutri-repair\/\" \/>\n<meta property=\"og:locale\" content=\"pt_PT\" \/>\n<meta property=\"og:type\" content=\"article\" \/>\n<meta property=\"og:title\" content=\"Condicionador Aloe Vera Nutri Repair\" \/>\n<meta property=\"og:description\" content=\"O Condicionador Aloe Vera Nutri Repair rep\u00f5e a perda de hidrata\u00e7\u00e3o e nutrientes do seu cabelo com o seu complexo de 7 \u00f3leos naturais.\" \/>\n<meta property=\"og:url\" content=\"https:\/\/www.lraloeverashop.eu\/pt-pt\/produto\/aloe-vera-condicionador-nutri-repair\/\" \/>\n<meta property=\"og:site_name\" content=\"Lr Loja Aloe Vera\" \/>\n<meta property=\"article:publisher\" content=\"https:\/\/www.facebook.com\/lraloeverashop.eu\" \/>\n<meta property=\"article:modified_time\" content=\"2026-02-08T09:33:48+00:00\" \/>\n<meta property=\"og:image\" content=\"https:\/\/www.lraloeverashop.eu\/wp-content\/uploads\/2022\/10\/Aloe-Vera-Hair-Conditioner.jpg\" \/>\n\t<meta property=\"og:image:width\" content=\"1200\" \/>\n\t<meta property=\"og:image:height\" content=\"1200\" \/>\n\t<meta property=\"og:image:type\" content=\"image\/jpeg\" \/>\n<meta name=\"twitter:card\" content=\"summary_large_image\" \/>\n<meta name=\"twitter:site\" content=\"@natur__kosmetik\" \/>\n<script type=\"application\/ld+json\" class=\"yoast-schema-graph\">{\"@context\":\"https:\\\/\\\/schema.org\",\"@graph\":[{\"@type\":[\"WebPage\",\"ItemPage\"],\"@id\":\"https:\\\/\\\/www.lraloeverashop.eu\\\/pt-pt\\\/produto\\\/aloe-vera-condicionador-nutri-repair\\\/\",\"url\":\"https:\\\/\\\/www.lraloeverashop.eu\\\/pt-pt\\\/produto\\\/aloe-vera-condicionador-nutri-repair\\\/\",\"name\":\"Condicionador Aloe Vera Nutri Repair \u2013 Ol\u00e1, suavidade e brilho!\",\"isPartOf\":{\"@id\":\"https:\\\/\\\/www.lraloeverashop.eu\\\/pt-pt\\\/#website\"},\"primaryImageOfPage\":{\"@id\":\"https:\\\/\\\/www.lraloeverashop.eu\\\/pt-pt\\\/produto\\\/aloe-vera-condicionador-nutri-repair\\\/#primaryimage\"},\"image\":{\"@id\":\"https:\\\/\\\/www.lraloeverashop.eu\\\/pt-pt\\\/produto\\\/aloe-vera-condicionador-nutri-repair\\\/#primaryimage\"},\"thumbnailUrl\":\"https:\\\/\\\/www.lraloeverashop.eu\\\/wp-content\\\/uploads\\\/2022\\\/10\\\/Aloe-Vera-Hair-Conditioner.jpg\",\"datePublished\":\"2022-10-09T20:46:18+00:00\",\"dateModified\":\"2026-02-08T09:33:48+00:00\",\"description\":\"O Condicionador Aloe Vera Nutri Repair rep\u00f5e a perda de hidrata\u00e7\u00e3o e nutrientes do seu cabelo com o seu complexo de 7 \u00f3leos naturais.\",\"breadcrumb\":{\"@id\":\"https:\\\/\\\/www.lraloeverashop.eu\\\/pt-pt\\\/produto\\\/aloe-vera-condicionador-nutri-repair\\\/#breadcrumb\"},\"inLanguage\":\"pt-PT\",\"potentialAction\":[{\"@type\":\"ReadAction\",\"target\":[\"https:\\\/\\\/www.lraloeverashop.eu\\\/pt-pt\\\/produto\\\/aloe-vera-condicionador-nutri-repair\\\/\"]}]},{\"@type\":\"ImageObject\",\"inLanguage\":\"pt-PT\",\"@id\":\"https:\\\/\\\/www.lraloeverashop.eu\\\/pt-pt\\\/produto\\\/aloe-vera-condicionador-nutri-repair\\\/#primaryimage\",\"url\":\"https:\\\/\\\/www.lraloeverashop.eu\\\/wp-content\\\/uploads\\\/2022\\\/10\\\/Aloe-Vera-Hair-Conditioner.jpg\",\"contentUrl\":\"https:\\\/\\\/www.lraloeverashop.eu\\\/wp-content\\\/uploads\\\/2022\\\/10\\\/Aloe-Vera-Hair-Conditioner.jpg\",\"width\":1200,\"height\":1200,\"caption\":\"Aloe Vera Condicionador Nutri Repair com 7 \u00f3leos naturais que reabastecem cada fio\"},{\"@type\":\"BreadcrumbList\",\"@id\":\"https:\\\/\\\/www.lraloeverashop.eu\\\/pt-pt\\\/produto\\\/aloe-vera-condicionador-nutri-repair\\\/#breadcrumb\",\"itemListElement\":[{\"@type\":\"ListItem\",\"position\":1,\"name\":\"Home\",\"item\":\"https:\\\/\\\/www.lraloeverashop.eu\\\/pt-pt\\\/\"},{\"@type\":\"ListItem\",\"position\":2,\"name\":\"Loja\",\"item\":\"https:\\\/\\\/www.lraloeverashop.eu\\\/pt-pt\\\/loja\\\/\"},{\"@type\":\"ListItem\",\"position\":3,\"name\":\"Condicionador Aloe Vera Nutri Repair\"}]},{\"@type\":\"WebSite\",\"@id\":\"https:\\\/\\\/www.lraloeverashop.eu\\\/pt-pt\\\/#website\",\"url\":\"https:\\\/\\\/www.lraloeverashop.eu\\\/pt-pt\\\/\",\"name\":\"Lr Loja Aloe Vera\",\"description\":\"High Quality Lr Aloe Vera Gel, Aloe Vera Cream and Shampoo\",\"publisher\":{\"@id\":\"https:\\\/\\\/www.lraloeverashop.eu\\\/pt-pt\\\/#organization\"},\"alternateName\":\"LR\",\"potentialAction\":[{\"@type\":\"SearchAction\",\"target\":{\"@type\":\"EntryPoint\",\"urlTemplate\":\"https:\\\/\\\/www.lraloeverashop.eu\\\/pt-pt\\\/?s={search_term_string}\"},\"query-input\":{\"@type\":\"PropertyValueSpecification\",\"valueRequired\":true,\"valueName\":\"search_term_string\"}}],\"inLanguage\":\"pt-PT\"},{\"@type\":\"Organization\",\"@id\":\"https:\\\/\\\/www.lraloeverashop.eu\\\/pt-pt\\\/#organization\",\"name\":\"Loja Lr Aloe Vera\",\"alternateName\":\"LR\",\"url\":\"https:\\\/\\\/www.lraloeverashop.eu\\\/pt-pt\\\/\",\"logo\":{\"@type\":\"ImageObject\",\"inLanguage\":\"pt-PT\",\"@id\":\"https:\\\/\\\/www.lraloeverashop.eu\\\/pt-pt\\\/#\\\/schema\\\/logo\\\/image\\\/\",\"url\":\"https:\\\/\\\/www.lraloeverashop.eu\\\/wp-content\\\/uploads\\\/2022\\\/09\\\/cropped-Lr-Aloe-Vera-Shop.jpg\",\"contentUrl\":\"https:\\\/\\\/www.lraloeverashop.eu\\\/wp-content\\\/uploads\\\/2022\\\/09\\\/cropped-Lr-Aloe-Vera-Shop.jpg\",\"width\":228,\"height\":76,\"caption\":\"Loja Lr Aloe Vera\"},\"image\":{\"@id\":\"https:\\\/\\\/www.lraloeverashop.eu\\\/pt-pt\\\/#\\\/schema\\\/logo\\\/image\\\/\"},\"sameAs\":[\"https:\\\/\\\/www.facebook.com\\\/lraloeverashop.eu\",\"https:\\\/\\\/x.com\\\/natur__kosmetik\",\"https:\\\/\\\/www.youtube.com\\\/channel\\\/UC5oN7BJ8nfYb8RpVtjwDEBA\",\"https:\\\/\\\/www.instagram.com\\\/lrbeautyeu\\\/\"],\"description\":\"Loja Lr Aloe Vera \u00e9 o seu destino de confian\u00e7a para os produtos de sa\u00fade e beleza premium da LR, fabricados na Alemanha. Oferecemos solu\u00e7\u00f5es de alta qualidade para o cuidado da pele, nutri\u00e7\u00e3o e antienvelhecimento \u00e0 base de Alo\u00e9 Vera, elaboradas com ingredientes puros e apoiadas em investiga\u00e7\u00e3o cient\u00edfica. Descubra o cuidado natural que regenera, protege e revitaliza a sua pele \u2014 e aproveite as ofertas mensais exclusivas nos nossos produtos LR Alo\u00e9 Vera mais vendidos.\\nComece hoje mesmo a sua jornada de cuidados naturais com a pele e sinta a diferen\u00e7a.\",\"email\":\"info@lraloeverashop.eu\",\"telephone\":\"+49 17670609653\",\"legalName\":\"Lr Aloe Vera Shop\",\"foundingDate\":\"2018-04-21\",\"numberOfEmployees\":{\"@type\":\"QuantitativeValue\",\"minValue\":\"1\",\"maxValue\":\"10\"}}]}<\/script>\n<meta property=\"product:price:amount\" content=\"15.39\" \/>\n<meta property=\"product:price:currency\" content=\"EUR\" \/>\n<meta property=\"og:availability\" content=\"instock\" \/>\n<meta property=\"product:availability\" content=\"instock\" \/>\n<meta property=\"product:retailer_item_id\" content=\"20649-1PT\" \/>\n<meta property=\"product:condition\" content=\"new\" \/>\n<!-- \/ Yoast SEO Premium plugin. -->","yoast_head_json":{"title":"Condicionador Aloe Vera Nutri Repair \u2013 Ol\u00e1, suavidade e brilho!","description":"O Condicionador Aloe Vera Nutri Repair rep\u00f5e a perda de hidrata\u00e7\u00e3o e nutrientes do seu cabelo com o seu complexo de 7 \u00f3leos naturais.","robots":{"index":"index","follow":"follow","max-snippet":"max-snippet:-1","max-image-preview":"max-image-preview:large","max-video-preview":"max-video-preview:-1"},"canonical":"https:\/\/www.lraloeverashop.eu\/pt-pt\/produto\/aloe-vera-condicionador-nutri-repair\/","og_locale":"pt_PT","og_type":"article","og_title":"Condicionador Aloe Vera Nutri Repair","og_description":"O Condicionador Aloe Vera Nutri Repair rep\u00f5e a perda de hidrata\u00e7\u00e3o e nutrientes do seu cabelo com o seu complexo de 7 \u00f3leos naturais.","og_url":"https:\/\/www.lraloeverashop.eu\/pt-pt\/produto\/aloe-vera-condicionador-nutri-repair\/","og_site_name":"Lr Loja Aloe Vera","article_publisher":"https:\/\/www.facebook.com\/lraloeverashop.eu","article_modified_time":"2026-02-08T09:33:48+00:00","og_image":[{"width":1200,"height":1200,"url":"https:\/\/www.lraloeverashop.eu\/wp-content\/uploads\/2022\/10\/Aloe-Vera-Hair-Conditioner.jpg","type":"image\/jpeg"}],"twitter_card":"summary_large_image","twitter_site":"@natur__kosmetik","schema":{"@context":"https:\/\/schema.org","@graph":[{"@type":["WebPage","ItemPage"],"@id":"https:\/\/www.lraloeverashop.eu\/pt-pt\/produto\/aloe-vera-condicionador-nutri-repair\/","url":"https:\/\/www.lraloeverashop.eu\/pt-pt\/produto\/aloe-vera-condicionador-nutri-repair\/","name":"Condicionador Aloe Vera Nutri Repair \u2013 Ol\u00e1, suavidade e brilho!","isPartOf":{"@id":"https:\/\/www.lraloeverashop.eu\/pt-pt\/#website"},"primaryImageOfPage":{"@id":"https:\/\/www.lraloeverashop.eu\/pt-pt\/produto\/aloe-vera-condicionador-nutri-repair\/#primaryimage"},"image":{"@id":"https:\/\/www.lraloeverashop.eu\/pt-pt\/produto\/aloe-vera-condicionador-nutri-repair\/#primaryimage"},"thumbnailUrl":"https:\/\/www.lraloeverashop.eu\/wp-content\/uploads\/2022\/10\/Aloe-Vera-Hair-Conditioner.jpg","datePublished":"2022-10-09T20:46:18+00:00","dateModified":"2026-02-08T09:33:48+00:00","description":"O Condicionador Aloe Vera Nutri Repair rep\u00f5e a perda de hidrata\u00e7\u00e3o e nutrientes do seu cabelo com o seu complexo de 7 \u00f3leos naturais.","breadcrumb":{"@id":"https:\/\/www.lraloeverashop.eu\/pt-pt\/produto\/aloe-vera-condicionador-nutri-repair\/#breadcrumb"},"inLanguage":"pt-PT","potentialAction":[{"@type":"ReadAction","target":["https:\/\/www.lraloeverashop.eu\/pt-pt\/produto\/aloe-vera-condicionador-nutri-repair\/"]}]},{"@type":"ImageObject","inLanguage":"pt-PT","@id":"https:\/\/www.lraloeverashop.eu\/pt-pt\/produto\/aloe-vera-condicionador-nutri-repair\/#primaryimage","url":"https:\/\/www.lraloeverashop.eu\/wp-content\/uploads\/2022\/10\/Aloe-Vera-Hair-Conditioner.jpg","contentUrl":"https:\/\/www.lraloeverashop.eu\/wp-content\/uploads\/2022\/10\/Aloe-Vera-Hair-Conditioner.jpg","width":1200,"height":1200,"caption":"Aloe Vera Condicionador Nutri Repair com 7 \u00f3leos naturais que reabastecem cada fio"},{"@type":"BreadcrumbList","@id":"https:\/\/www.lraloeverashop.eu\/pt-pt\/produto\/aloe-vera-condicionador-nutri-repair\/#breadcrumb","itemListElement":[{"@type":"ListItem","position":1,"name":"Home","item":"https:\/\/www.lraloeverashop.eu\/pt-pt\/"},{"@type":"ListItem","position":2,"name":"Loja","item":"https:\/\/www.lraloeverashop.eu\/pt-pt\/loja\/"},{"@type":"ListItem","position":3,"name":"Condicionador Aloe Vera Nutri Repair"}]},{"@type":"WebSite","@id":"https:\/\/www.lraloeverashop.eu\/pt-pt\/#website","url":"https:\/\/www.lraloeverashop.eu\/pt-pt\/","name":"Lr Loja Aloe Vera","description":"High Quality Lr Aloe Vera Gel, Aloe Vera Cream and Shampoo","publisher":{"@id":"https:\/\/www.lraloeverashop.eu\/pt-pt\/#organization"},"alternateName":"LR","potentialAction":[{"@type":"SearchAction","target":{"@type":"EntryPoint","urlTemplate":"https:\/\/www.lraloeverashop.eu\/pt-pt\/?s={search_term_string}"},"query-input":{"@type":"PropertyValueSpecification","valueRequired":true,"valueName":"search_term_string"}}],"inLanguage":"pt-PT"},{"@type":"Organization","@id":"https:\/\/www.lraloeverashop.eu\/pt-pt\/#organization","name":"Loja Lr Aloe Vera","alternateName":"LR","url":"https:\/\/www.lraloeverashop.eu\/pt-pt\/","logo":{"@type":"ImageObject","inLanguage":"pt-PT","@id":"https:\/\/www.lraloeverashop.eu\/pt-pt\/#\/schema\/logo\/image\/","url":"https:\/\/www.lraloeverashop.eu\/wp-content\/uploads\/2022\/09\/cropped-Lr-Aloe-Vera-Shop.jpg","contentUrl":"https:\/\/www.lraloeverashop.eu\/wp-content\/uploads\/2022\/09\/cropped-Lr-Aloe-Vera-Shop.jpg","width":228,"height":76,"caption":"Loja Lr Aloe Vera"},"image":{"@id":"https:\/\/www.lraloeverashop.eu\/pt-pt\/#\/schema\/logo\/image\/"},"sameAs":["https:\/\/www.facebook.com\/lraloeverashop.eu","https:\/\/x.com\/natur__kosmetik","https:\/\/www.youtube.com\/channel\/UC5oN7BJ8nfYb8RpVtjwDEBA","https:\/\/www.instagram.com\/lrbeautyeu\/"],"description":"Loja Lr Aloe Vera \u00e9 o seu destino de confian\u00e7a para os produtos de sa\u00fade e beleza premium da LR, fabricados na Alemanha. Oferecemos solu\u00e7\u00f5es de alta qualidade para o cuidado da pele, nutri\u00e7\u00e3o e antienvelhecimento \u00e0 base de Alo\u00e9 Vera, elaboradas com ingredientes puros e apoiadas em investiga\u00e7\u00e3o cient\u00edfica. Descubra o cuidado natural que regenera, protege e revitaliza a sua pele \u2014 e aproveite as ofertas mensais exclusivas nos nossos produtos LR Alo\u00e9 Vera mais vendidos.\nComece hoje mesmo a sua jornada de cuidados naturais com a pele e sinta a diferen\u00e7a.","email":"info@lraloeverashop.eu","telephone":"+49 17670609653","legalName":"Lr Aloe Vera Shop","foundingDate":"2018-04-21","numberOfEmployees":{"@type":"QuantitativeValue","minValue":"1","maxValue":"10"}}]},"product_price_amount":"15.39","product_price_currency":"EUR","og_availability":"instock","product_availability":"instock","product_retailer_item_id":"20649-1PT","product_condition":"new"},"taxonomy_info":{"product_cat":[{"value":215,"label":"Aloe Vera"},{"value":245,"label":"Cuidado Capilar"}],"product_tag":[{"value":611,"label":"Cabelo danificado"},{"value":615,"label":"Cabelo seco"}]},"featured_image_src_large":["https:\/\/www.lraloeverashop.eu\/wp-content\/uploads\/2022\/10\/Aloe-Vera-Hair-Conditioner-1024x1024.jpg",1024,1024,true],"author_info":[],"comment_info":0,"_links":{"self":[{"href":"https:\/\/www.lraloeverashop.eu\/pt-pt\/wp-json\/wp\/v2\/product\/10653","targetHints":{"allow":["GET"]}}],"collection":[{"href":"https:\/\/www.lraloeverashop.eu\/pt-pt\/wp-json\/wp\/v2\/product"}],"about":[{"href":"https:\/\/www.lraloeverashop.eu\/pt-pt\/wp-json\/wp\/v2\/types\/product"}],"replies":[{"embeddable":true,"href":"https:\/\/www.lraloeverashop.eu\/pt-pt\/wp-json\/wp\/v2\/comments?post=10653"}],"wp:featuredmedia":[{"embeddable":true,"href":"https:\/\/www.lraloeverashop.eu\/pt-pt\/wp-json\/wp\/v2\/media\/4377"}],"wp:attachment":[{"href":"https:\/\/www.lraloeverashop.eu\/pt-pt\/wp-json\/wp\/v2\/media?parent=10653"}],"wp:term":[{"taxonomy":"product_brand","embeddable":true,"href":"https:\/\/www.lraloeverashop.eu\/pt-pt\/wp-json\/wp\/v2\/product_brand?post=10653"},{"taxonomy":"product_cat","embeddable":true,"href":"https:\/\/www.lraloeverashop.eu\/pt-pt\/wp-json\/wp\/v2\/product_cat?post=10653"},{"taxonomy":"product_tag","embeddable":true,"href":"https:\/\/www.lraloeverashop.eu\/pt-pt\/wp-json\/wp\/v2\/product_tag?post=10653"}],"curies":[{"name":"wp","href":"https:\/\/api.w.org\/{rel}","templated":true}]}}