{"id":10566,"date":"2022-10-10T18:21:56","date_gmt":"2022-10-10T16:21:56","guid":{"rendered":"https:\/\/www.lraloeverashop.eu\/product\/lr-aloe-vera-gel-modelador-corporal\/"},"modified":"2026-02-08T10:32:39","modified_gmt":"2026-02-08T09:32:39","slug":"lr-aloe-vera-gel-modelador-corporal","status":"publish","type":"product","link":"https:\/\/www.lraloeverashop.eu\/pt-pt\/produto\/lr-aloe-vera-gel-modelador-corporal\/","title":{"rendered":"Gel de Aloe Vera Anti Celulite"},"content":{"rendered":"<h2><span style=\"font-size: 16pt;\"><strong>Gel de Aloe Vera Anti Celulite<\/strong><\/span><\/h2>\n<p><span style=\"font-size: 14pt;\"><strong>Gel de Aloe Vera Anti Celulite para a barriga, antebra\u00e7os e coxas<\/strong><\/span><\/p>\n<p>Lr Aloe Vera Gel Modelador Corporal de r\u00e1pida absor\u00e7\u00e3o para a barriga, antebra\u00e7os e coxas fortalece e aperta a pele com a aplica\u00e7\u00e3o regular, melhorando sua elasticidade. A poderosa combina\u00e7\u00e3o de 30% Gel de Aloe Vera, Extrato Org\u00e2nico de <a href=\"https:\/\/www.lraloeverashop.eu\/pt-pt\/produto\/lr-beauty-elixir-5-em-1\/\">Ch\u00e1 Verde<\/a> e o Complexo de Ingredientes Ativos Intenslim (R) lhe ajuda a se sentir completamente confort\u00e1vel na sua pele.<\/p>\n<p>&nbsp;<\/p>\n<h3><strong><span style=\"font-size: 16pt;\">Como usar<\/span><\/strong><\/h3>\n<p>Aplique o Gel de Aloe Vera Anti Celulite suavemente duas vezes ao dia. Massageie o gel corporal depois do banho em movimentos circulares sobre a pele.<\/p>\n<p>\u2022 Apoia a redu\u00e7\u00e3o da circunfer\u00eancia da cintura com uso regular<br \/>\n\u2022 Melhora a <a href=\"https:\/\/www.lraloeverashop.eu\/pt-pt\/produto\/aloe-vera-creme-corporal-corretor\/\">elasticidade dos tecidos<\/a><br \/>\n\u2022 Firma e aperta a pele com o uso regular<\/p>\n<p>&nbsp;<\/p>\n<h4><strong><span style=\"font-size: 16pt;\">Voc\u00ea sabia?<\/span><\/strong><\/h4>\n<p><strong>Estudo cient\u00edfico confirma o efeito do gel corporal:<\/strong><\/p>\n<p>O Gel Anti Celulite auxilia na <a href=\"https:\/\/www.lraloeverashop.eu\/pt-pt\/produto\/zeitgard-pro-kit-de-massagem-corporal\/\">redu\u00e7\u00e3o da circunfer\u00eancia abdominal<\/a> e garante uma estrutura uniforme da pele<\/p>\n<p>\u2022 100% das pessoas testadas confirmam que a pele melhora<br \/>\n\u2022 70% confirmam que a pele parece mais el\u00e1stica<br \/>\n\u2022 70% dizem que a pele parece visivelmente mais esticada e firme<\/p>\n<p>Estudo cient\u00edfico realizado pelo Instituto Dermatest em mar\u00e7o de 2017 em 20 indiv\u00edduos com uso di\u00e1rio na circunfer\u00eancia da cintura.<\/p>\n<p><strong>DICA DO ESPECIALISTA:<\/strong> Use uma luva de banho para massagear para aumentar o fluxo sangu\u00edneo.<\/p>\n","protected":false},"excerpt":{"rendered":"<ul>\n<li>Gel refrescante, de r\u00e1pida absor\u00e7\u00e3o, para a barriga, antebra\u00e7os e coxas<\/li>\n<li>Com 30 por cento gel de aloe vera, bioextrato de ch\u00e1 verde e complexo de princ\u00edpios ativos Intenslim\u00ae<\/li>\n<li>Melhora a elasticidade do tecido<\/li>\n<li>Apoia a redu\u00e7\u00e3o da linha da cintura no caso de uma aplica\u00e7\u00e3o regular<\/li>\n<li>Conte\u00fado: 200ml<\/li>\n<\/ul>\n<p><span style=\"color: #ff0000;\"><a style=\"color: #ff0000;\" href=\"https:\/\/shop.lrworld.com\/openpao?PHP=0vFlt7jT938BEnBI3a6e9w%3D%3D\"><span style=\"font-size: 14pt;\"><strong>Registe-se aqui e poupe 35% em todos os pedidos<\/strong><\/span><\/a><\/span><\/p>\n","protected":false},"featured_media":5079,"comment_status":"open","ping_status":"closed","template":"","meta":{"_kad_blocks_custom_css":"","_kad_blocks_head_custom_js":"","_kad_blocks_body_custom_js":"","_kad_blocks_footer_custom_js":"","_kadence_starter_templates_imported_post":false,"_kad_post_transparent":"default","_kad_post_title":"","_kad_post_layout":"default","_kad_post_sidebar_id":"","_kad_post_content_style":"default","_kad_post_vertical_padding":"default","_kad_post_feature":"","_kad_post_feature_position":"","_kad_post_header":false,"_kad_post_footer":false,"_kad_post_classname":""},"product_brand":[],"product_cat":[215,230],"product_tag":[610],"class_list":{"0":"post-10566","1":"product","2":"type-product","3":"status-publish","4":"has-post-thumbnail","6":"product_cat-aloe-vera-pt-pt","7":"product_cat-cuidados-corporal","8":"product_tag-celulite","10":"first","11":"instock","12":"taxable","13":"shipping-taxable","14":"purchasable","15":"product-type-simple","16":"entry","17":"content-bg","18":"loop-entry"},"yoast_head":"<!-- This site is optimized with the Yoast SEO Premium plugin v27.5 (Yoast SEO v27.5) - https:\/\/yoast.com\/product\/yoast-seo-premium-wordpress\/ -->\n<title>Gel de Aloe Vera Anti Celulite para a barriga, antebra\u00e7os e coxas<\/title>\n<meta name=\"description\" content=\"Gel de Aloe Vera Anti Celulite Apoia a redu\u00e7\u00e3o da linha da cintura e Coxas no caso de uma aplica\u00e7\u00e3o regular. Com 30% gel aloe vera, ch\u00e1 verde e Intenslim\u00ae\" \/>\n<meta name=\"robots\" content=\"index, follow, max-snippet:-1, max-image-preview:large, max-video-preview:-1\" \/>\n<link rel=\"canonical\" href=\"https:\/\/www.lraloeverashop.eu\/pt-pt\/produto\/lr-aloe-vera-gel-modelador-corporal\/\" \/>\n<meta property=\"og:locale\" content=\"pt_PT\" \/>\n<meta property=\"og:type\" content=\"article\" \/>\n<meta property=\"og:title\" content=\"Gel de Aloe Vera Anti Celulite\" \/>\n<meta property=\"og:description\" content=\"Gel de Aloe Vera Anti Celulite Apoia a redu\u00e7\u00e3o da linha da cintura e Coxas no caso de uma aplica\u00e7\u00e3o regular. Com 30% gel aloe vera, ch\u00e1 verde e Intenslim\u00ae\" \/>\n<meta property=\"og:url\" content=\"https:\/\/www.lraloeverashop.eu\/pt-pt\/produto\/lr-aloe-vera-gel-modelador-corporal\/\" \/>\n<meta property=\"og:site_name\" content=\"Lr Loja Aloe Vera\" \/>\n<meta property=\"article:publisher\" content=\"https:\/\/www.facebook.com\/lraloeverashop.eu\" \/>\n<meta property=\"article:modified_time\" content=\"2026-02-08T09:32:39+00:00\" \/>\n<meta property=\"og:image\" content=\"https:\/\/www.lraloeverashop.eu\/wp-content\/uploads\/2022\/10\/Aloe-Vera-Shaping-Body-Gel.jpg\" \/>\n\t<meta property=\"og:image:width\" content=\"1200\" \/>\n\t<meta property=\"og:image:height\" content=\"1200\" \/>\n\t<meta property=\"og:image:type\" content=\"image\/jpeg\" \/>\n<meta name=\"twitter:card\" content=\"summary_large_image\" \/>\n<meta name=\"twitter:site\" content=\"@natur__kosmetik\" \/>\n<script type=\"application\/ld+json\" class=\"yoast-schema-graph\">{\"@context\":\"https:\\\/\\\/schema.org\",\"@graph\":[{\"@type\":[\"WebPage\",\"ItemPage\"],\"@id\":\"https:\\\/\\\/www.lraloeverashop.eu\\\/pt-pt\\\/produto\\\/lr-aloe-vera-gel-modelador-corporal\\\/\",\"url\":\"https:\\\/\\\/www.lraloeverashop.eu\\\/pt-pt\\\/produto\\\/lr-aloe-vera-gel-modelador-corporal\\\/\",\"name\":\"Gel de Aloe Vera Anti Celulite para a barriga, antebra\u00e7os e coxas\",\"isPartOf\":{\"@id\":\"https:\\\/\\\/www.lraloeverashop.eu\\\/pt-pt\\\/#website\"},\"primaryImageOfPage\":{\"@id\":\"https:\\\/\\\/www.lraloeverashop.eu\\\/pt-pt\\\/produto\\\/lr-aloe-vera-gel-modelador-corporal\\\/#primaryimage\"},\"image\":{\"@id\":\"https:\\\/\\\/www.lraloeverashop.eu\\\/pt-pt\\\/produto\\\/lr-aloe-vera-gel-modelador-corporal\\\/#primaryimage\"},\"thumbnailUrl\":\"https:\\\/\\\/www.lraloeverashop.eu\\\/wp-content\\\/uploads\\\/2022\\\/10\\\/Aloe-Vera-Shaping-Body-Gel.jpg\",\"datePublished\":\"2022-10-10T16:21:56+00:00\",\"dateModified\":\"2026-02-08T09:32:39+00:00\",\"description\":\"Gel de Aloe Vera Anti Celulite Apoia a redu\u00e7\u00e3o da linha da cintura e Coxas no caso de uma aplica\u00e7\u00e3o regular. Com 30% gel aloe vera, ch\u00e1 verde e Intenslim\u00ae\",\"breadcrumb\":{\"@id\":\"https:\\\/\\\/www.lraloeverashop.eu\\\/pt-pt\\\/produto\\\/lr-aloe-vera-gel-modelador-corporal\\\/#breadcrumb\"},\"inLanguage\":\"pt-PT\",\"potentialAction\":[{\"@type\":\"ReadAction\",\"target\":[\"https:\\\/\\\/www.lraloeverashop.eu\\\/pt-pt\\\/produto\\\/lr-aloe-vera-gel-modelador-corporal\\\/\"]}]},{\"@type\":\"ImageObject\",\"inLanguage\":\"pt-PT\",\"@id\":\"https:\\\/\\\/www.lraloeverashop.eu\\\/pt-pt\\\/produto\\\/lr-aloe-vera-gel-modelador-corporal\\\/#primaryimage\",\"url\":\"https:\\\/\\\/www.lraloeverashop.eu\\\/wp-content\\\/uploads\\\/2022\\\/10\\\/Aloe-Vera-Shaping-Body-Gel.jpg\",\"contentUrl\":\"https:\\\/\\\/www.lraloeverashop.eu\\\/wp-content\\\/uploads\\\/2022\\\/10\\\/Aloe-Vera-Shaping-Body-Gel.jpg\",\"width\":1200,\"height\":1200,\"caption\":\"Gel Modelador Corporal Aloe Vera fortalece e aperta a pele com a aplica\u00e7\u00e3o regular\"},{\"@type\":\"BreadcrumbList\",\"@id\":\"https:\\\/\\\/www.lraloeverashop.eu\\\/pt-pt\\\/produto\\\/lr-aloe-vera-gel-modelador-corporal\\\/#breadcrumb\",\"itemListElement\":[{\"@type\":\"ListItem\",\"position\":1,\"name\":\"Home\",\"item\":\"https:\\\/\\\/www.lraloeverashop.eu\\\/pt-pt\\\/\"},{\"@type\":\"ListItem\",\"position\":2,\"name\":\"Loja\",\"item\":\"https:\\\/\\\/www.lraloeverashop.eu\\\/pt-pt\\\/loja\\\/\"},{\"@type\":\"ListItem\",\"position\":3,\"name\":\"Gel de Aloe Vera Anti Celulite\"}]},{\"@type\":\"WebSite\",\"@id\":\"https:\\\/\\\/www.lraloeverashop.eu\\\/pt-pt\\\/#website\",\"url\":\"https:\\\/\\\/www.lraloeverashop.eu\\\/pt-pt\\\/\",\"name\":\"Lr Loja Aloe Vera\",\"description\":\"High Quality Lr Aloe Vera Gel, Aloe Vera Cream and Shampoo\",\"publisher\":{\"@id\":\"https:\\\/\\\/www.lraloeverashop.eu\\\/pt-pt\\\/#organization\"},\"alternateName\":\"LR\",\"potentialAction\":[{\"@type\":\"SearchAction\",\"target\":{\"@type\":\"EntryPoint\",\"urlTemplate\":\"https:\\\/\\\/www.lraloeverashop.eu\\\/pt-pt\\\/?s={search_term_string}\"},\"query-input\":{\"@type\":\"PropertyValueSpecification\",\"valueRequired\":true,\"valueName\":\"search_term_string\"}}],\"inLanguage\":\"pt-PT\"},{\"@type\":\"Organization\",\"@id\":\"https:\\\/\\\/www.lraloeverashop.eu\\\/pt-pt\\\/#organization\",\"name\":\"Loja Lr Aloe Vera\",\"alternateName\":\"LR\",\"url\":\"https:\\\/\\\/www.lraloeverashop.eu\\\/pt-pt\\\/\",\"logo\":{\"@type\":\"ImageObject\",\"inLanguage\":\"pt-PT\",\"@id\":\"https:\\\/\\\/www.lraloeverashop.eu\\\/pt-pt\\\/#\\\/schema\\\/logo\\\/image\\\/\",\"url\":\"https:\\\/\\\/www.lraloeverashop.eu\\\/wp-content\\\/uploads\\\/2022\\\/09\\\/cropped-Lr-Aloe-Vera-Shop.jpg\",\"contentUrl\":\"https:\\\/\\\/www.lraloeverashop.eu\\\/wp-content\\\/uploads\\\/2022\\\/09\\\/cropped-Lr-Aloe-Vera-Shop.jpg\",\"width\":228,\"height\":76,\"caption\":\"Loja Lr Aloe Vera\"},\"image\":{\"@id\":\"https:\\\/\\\/www.lraloeverashop.eu\\\/pt-pt\\\/#\\\/schema\\\/logo\\\/image\\\/\"},\"sameAs\":[\"https:\\\/\\\/www.facebook.com\\\/lraloeverashop.eu\",\"https:\\\/\\\/x.com\\\/natur__kosmetik\",\"https:\\\/\\\/www.youtube.com\\\/channel\\\/UC5oN7BJ8nfYb8RpVtjwDEBA\",\"https:\\\/\\\/www.instagram.com\\\/lrbeautyeu\\\/\"],\"description\":\"Loja Lr Aloe Vera \u00e9 o seu destino de confian\u00e7a para os produtos de sa\u00fade e beleza premium da LR, fabricados na Alemanha. Oferecemos solu\u00e7\u00f5es de alta qualidade para o cuidado da pele, nutri\u00e7\u00e3o e antienvelhecimento \u00e0 base de Alo\u00e9 Vera, elaboradas com ingredientes puros e apoiadas em investiga\u00e7\u00e3o cient\u00edfica. Descubra o cuidado natural que regenera, protege e revitaliza a sua pele \u2014 e aproveite as ofertas mensais exclusivas nos nossos produtos LR Alo\u00e9 Vera mais vendidos.\\nComece hoje mesmo a sua jornada de cuidados naturais com a pele e sinta a diferen\u00e7a.\",\"email\":\"info@lraloeverashop.eu\",\"telephone\":\"+49 17670609653\",\"legalName\":\"Lr Aloe Vera Shop\",\"foundingDate\":\"2018-04-21\",\"numberOfEmployees\":{\"@type\":\"QuantitativeValue\",\"minValue\":\"1\",\"maxValue\":\"10\"}}]}<\/script>\n<meta property=\"product:price:amount\" content=\"23.69\" \/>\n<meta property=\"product:price:currency\" content=\"EUR\" \/>\n<meta property=\"og:availability\" content=\"instock\" \/>\n<meta property=\"product:availability\" content=\"instock\" \/>\n<meta property=\"product:retailer_item_id\" content=\"27536-1PT\" \/>\n<meta property=\"product:condition\" content=\"new\" \/>\n<!-- \/ Yoast SEO Premium plugin. -->","yoast_head_json":{"title":"Gel de Aloe Vera Anti Celulite para a barriga, antebra\u00e7os e coxas","description":"Gel de Aloe Vera Anti Celulite Apoia a redu\u00e7\u00e3o da linha da cintura e Coxas no caso de uma aplica\u00e7\u00e3o regular. Com 30% gel aloe vera, ch\u00e1 verde e Intenslim\u00ae","robots":{"index":"index","follow":"follow","max-snippet":"max-snippet:-1","max-image-preview":"max-image-preview:large","max-video-preview":"max-video-preview:-1"},"canonical":"https:\/\/www.lraloeverashop.eu\/pt-pt\/produto\/lr-aloe-vera-gel-modelador-corporal\/","og_locale":"pt_PT","og_type":"article","og_title":"Gel de Aloe Vera Anti Celulite","og_description":"Gel de Aloe Vera Anti Celulite Apoia a redu\u00e7\u00e3o da linha da cintura e Coxas no caso de uma aplica\u00e7\u00e3o regular. Com 30% gel aloe vera, ch\u00e1 verde e Intenslim\u00ae","og_url":"https:\/\/www.lraloeverashop.eu\/pt-pt\/produto\/lr-aloe-vera-gel-modelador-corporal\/","og_site_name":"Lr Loja Aloe Vera","article_publisher":"https:\/\/www.facebook.com\/lraloeverashop.eu","article_modified_time":"2026-02-08T09:32:39+00:00","og_image":[{"width":1200,"height":1200,"url":"https:\/\/www.lraloeverashop.eu\/wp-content\/uploads\/2022\/10\/Aloe-Vera-Shaping-Body-Gel.jpg","type":"image\/jpeg"}],"twitter_card":"summary_large_image","twitter_site":"@natur__kosmetik","schema":{"@context":"https:\/\/schema.org","@graph":[{"@type":["WebPage","ItemPage"],"@id":"https:\/\/www.lraloeverashop.eu\/pt-pt\/produto\/lr-aloe-vera-gel-modelador-corporal\/","url":"https:\/\/www.lraloeverashop.eu\/pt-pt\/produto\/lr-aloe-vera-gel-modelador-corporal\/","name":"Gel de Aloe Vera Anti Celulite para a barriga, antebra\u00e7os e coxas","isPartOf":{"@id":"https:\/\/www.lraloeverashop.eu\/pt-pt\/#website"},"primaryImageOfPage":{"@id":"https:\/\/www.lraloeverashop.eu\/pt-pt\/produto\/lr-aloe-vera-gel-modelador-corporal\/#primaryimage"},"image":{"@id":"https:\/\/www.lraloeverashop.eu\/pt-pt\/produto\/lr-aloe-vera-gel-modelador-corporal\/#primaryimage"},"thumbnailUrl":"https:\/\/www.lraloeverashop.eu\/wp-content\/uploads\/2022\/10\/Aloe-Vera-Shaping-Body-Gel.jpg","datePublished":"2022-10-10T16:21:56+00:00","dateModified":"2026-02-08T09:32:39+00:00","description":"Gel de Aloe Vera Anti Celulite Apoia a redu\u00e7\u00e3o da linha da cintura e Coxas no caso de uma aplica\u00e7\u00e3o regular. Com 30% gel aloe vera, ch\u00e1 verde e Intenslim\u00ae","breadcrumb":{"@id":"https:\/\/www.lraloeverashop.eu\/pt-pt\/produto\/lr-aloe-vera-gel-modelador-corporal\/#breadcrumb"},"inLanguage":"pt-PT","potentialAction":[{"@type":"ReadAction","target":["https:\/\/www.lraloeverashop.eu\/pt-pt\/produto\/lr-aloe-vera-gel-modelador-corporal\/"]}]},{"@type":"ImageObject","inLanguage":"pt-PT","@id":"https:\/\/www.lraloeverashop.eu\/pt-pt\/produto\/lr-aloe-vera-gel-modelador-corporal\/#primaryimage","url":"https:\/\/www.lraloeverashop.eu\/wp-content\/uploads\/2022\/10\/Aloe-Vera-Shaping-Body-Gel.jpg","contentUrl":"https:\/\/www.lraloeverashop.eu\/wp-content\/uploads\/2022\/10\/Aloe-Vera-Shaping-Body-Gel.jpg","width":1200,"height":1200,"caption":"Gel Modelador Corporal Aloe Vera fortalece e aperta a pele com a aplica\u00e7\u00e3o regular"},{"@type":"BreadcrumbList","@id":"https:\/\/www.lraloeverashop.eu\/pt-pt\/produto\/lr-aloe-vera-gel-modelador-corporal\/#breadcrumb","itemListElement":[{"@type":"ListItem","position":1,"name":"Home","item":"https:\/\/www.lraloeverashop.eu\/pt-pt\/"},{"@type":"ListItem","position":2,"name":"Loja","item":"https:\/\/www.lraloeverashop.eu\/pt-pt\/loja\/"},{"@type":"ListItem","position":3,"name":"Gel de Aloe Vera Anti Celulite"}]},{"@type":"WebSite","@id":"https:\/\/www.lraloeverashop.eu\/pt-pt\/#website","url":"https:\/\/www.lraloeverashop.eu\/pt-pt\/","name":"Lr Loja Aloe Vera","description":"High Quality Lr Aloe Vera Gel, Aloe Vera Cream and Shampoo","publisher":{"@id":"https:\/\/www.lraloeverashop.eu\/pt-pt\/#organization"},"alternateName":"LR","potentialAction":[{"@type":"SearchAction","target":{"@type":"EntryPoint","urlTemplate":"https:\/\/www.lraloeverashop.eu\/pt-pt\/?s={search_term_string}"},"query-input":{"@type":"PropertyValueSpecification","valueRequired":true,"valueName":"search_term_string"}}],"inLanguage":"pt-PT"},{"@type":"Organization","@id":"https:\/\/www.lraloeverashop.eu\/pt-pt\/#organization","name":"Loja Lr Aloe Vera","alternateName":"LR","url":"https:\/\/www.lraloeverashop.eu\/pt-pt\/","logo":{"@type":"ImageObject","inLanguage":"pt-PT","@id":"https:\/\/www.lraloeverashop.eu\/pt-pt\/#\/schema\/logo\/image\/","url":"https:\/\/www.lraloeverashop.eu\/wp-content\/uploads\/2022\/09\/cropped-Lr-Aloe-Vera-Shop.jpg","contentUrl":"https:\/\/www.lraloeverashop.eu\/wp-content\/uploads\/2022\/09\/cropped-Lr-Aloe-Vera-Shop.jpg","width":228,"height":76,"caption":"Loja Lr Aloe Vera"},"image":{"@id":"https:\/\/www.lraloeverashop.eu\/pt-pt\/#\/schema\/logo\/image\/"},"sameAs":["https:\/\/www.facebook.com\/lraloeverashop.eu","https:\/\/x.com\/natur__kosmetik","https:\/\/www.youtube.com\/channel\/UC5oN7BJ8nfYb8RpVtjwDEBA","https:\/\/www.instagram.com\/lrbeautyeu\/"],"description":"Loja Lr Aloe Vera \u00e9 o seu destino de confian\u00e7a para os produtos de sa\u00fade e beleza premium da LR, fabricados na Alemanha. Oferecemos solu\u00e7\u00f5es de alta qualidade para o cuidado da pele, nutri\u00e7\u00e3o e antienvelhecimento \u00e0 base de Alo\u00e9 Vera, elaboradas com ingredientes puros e apoiadas em investiga\u00e7\u00e3o cient\u00edfica. Descubra o cuidado natural que regenera, protege e revitaliza a sua pele \u2014 e aproveite as ofertas mensais exclusivas nos nossos produtos LR Alo\u00e9 Vera mais vendidos.\nComece hoje mesmo a sua jornada de cuidados naturais com a pele e sinta a diferen\u00e7a.","email":"info@lraloeverashop.eu","telephone":"+49 17670609653","legalName":"Lr Aloe Vera Shop","foundingDate":"2018-04-21","numberOfEmployees":{"@type":"QuantitativeValue","minValue":"1","maxValue":"10"}}]},"product_price_amount":"23.69","product_price_currency":"EUR","og_availability":"instock","product_availability":"instock","product_retailer_item_id":"27536-1PT","product_condition":"new"},"taxonomy_info":{"product_cat":[{"value":215,"label":"Aloe Vera"},{"value":230,"label":"Cuidado Corporal"}],"product_tag":[{"value":610,"label":"Celulite"}]},"featured_image_src_large":["https:\/\/www.lraloeverashop.eu\/wp-content\/uploads\/2022\/10\/Aloe-Vera-Shaping-Body-Gel-1024x1024.jpg",1024,1024,true],"author_info":[],"comment_info":0,"_links":{"self":[{"href":"https:\/\/www.lraloeverashop.eu\/pt-pt\/wp-json\/wp\/v2\/product\/10566","targetHints":{"allow":["GET"]}}],"collection":[{"href":"https:\/\/www.lraloeverashop.eu\/pt-pt\/wp-json\/wp\/v2\/product"}],"about":[{"href":"https:\/\/www.lraloeverashop.eu\/pt-pt\/wp-json\/wp\/v2\/types\/product"}],"replies":[{"embeddable":true,"href":"https:\/\/www.lraloeverashop.eu\/pt-pt\/wp-json\/wp\/v2\/comments?post=10566"}],"wp:featuredmedia":[{"embeddable":true,"href":"https:\/\/www.lraloeverashop.eu\/pt-pt\/wp-json\/wp\/v2\/media\/5079"}],"wp:attachment":[{"href":"https:\/\/www.lraloeverashop.eu\/pt-pt\/wp-json\/wp\/v2\/media?parent=10566"}],"wp:term":[{"taxonomy":"product_brand","embeddable":true,"href":"https:\/\/www.lraloeverashop.eu\/pt-pt\/wp-json\/wp\/v2\/product_brand?post=10566"},{"taxonomy":"product_cat","embeddable":true,"href":"https:\/\/www.lraloeverashop.eu\/pt-pt\/wp-json\/wp\/v2\/product_cat?post=10566"},{"taxonomy":"product_tag","embeddable":true,"href":"https:\/\/www.lraloeverashop.eu\/pt-pt\/wp-json\/wp\/v2\/product_tag?post=10566"}],"curies":[{"name":"wp","href":"https:\/\/api.w.org\/{rel}","templated":true}]}}