{"id":10544,"date":"2022-10-10T18:37:50","date_gmt":"2022-10-10T16:37:50","guid":{"rendered":"https:\/\/www.lraloeverashop.eu\/product\/aloe-vera-set-de-cuidados-corporais\/"},"modified":"2026-02-08T10:32:17","modified_gmt":"2026-02-08T09:32:17","slug":"aloe-vera-set-de-cuidados-corporais","status":"publish","type":"product","link":"https:\/\/www.lraloeverashop.eu\/pt-pt\/produto\/aloe-vera-set-de-cuidados-corporais\/","title":{"rendered":"Aloe Vera Set de Cuidados Corporais"},"content":{"rendered":"<h2><span style=\"font-size: 16pt;\"><strong>Aloe Vera Set de Cuidados Corporais<\/strong><\/span><\/h2>\n<p><span style=\"font-size: 14pt;\"><strong>Aloe Vera Set de Cuidados Corporais \u2013 Cuidado Integral Para uma Pele Macia e Sedosa<\/strong><\/span><\/p>\n<p>Conjucto de Cuidados Corporais usa o poder do Aloe Vera e proporciona uma limpeza refrescante com cuidado intensivo. Formula\u00e7\u00e3o suave que se adapta a qualquer necessidade, trata suavemente a pele e estabiliza seu teor de umidade.<\/p>\n<p>A textura sedosa e refrescante do Lr Aloe Vera Creme Refrescante oferece \u00e0 pele uma <a href=\"https:\/\/www.lraloeverashop.eu\/pt-pt\/produto\/conjunto-de-cuidado-facial-intensivo\/\">hidrata\u00e7\u00e3o intensa<\/a>. \u00c9 rapidamente absorvido e deixa uma agrad\u00e1vel sensa\u00e7\u00e3o de maciez. Tamb\u00e9m \u00e9 adequado para peles mistas!<\/p>\n<p>O <a href=\"https:\/\/www.lraloeverashop.eu\/pt-pt\/produto\/aloe-vera-creme-suave-de-maos\/\">Aloe Vera Creme Suave de M\u00e3os<\/a> oferece prote\u00e7\u00e3o e cuidado eficazes. Com 35% de Aloe Vera e Extratos de Cal\u00eandula, oferece hidrata\u00e7\u00e3o intensiva \u00e0s m\u00e3os. O creme \u00e9 rapidamente absorvido pela pele, oferecendo m\u00e3os aveludadas e macias.<\/p>\n<p>Aloe Vera Creme Corporal Suave com 35% de Aloe Vera e valioso extrato de Magn\u00f3lia, hidrata a pele e \u00e9 rapidamente absorvido sem deixar vest\u00edgios de \u00f3leo. O uso regular do creme confere \u00e0 pele uma apar\u00eancia lisa e uniforme.<\/p>\n<p>O extrato org\u00e2nico de magn\u00f3lia oferece uma agrad\u00e1vel sensa\u00e7\u00e3o de maciez. As propriedades de equil\u00edbrio do Creme Corporal Suave Aloe Vera s\u00e3o especialmente ben\u00e9ficas para a pele seca e sens\u00edvel, pois ajuda a restaurar a harmonia natural da pele.<\/p>\n<p>Com nosso Aloe Vera Set de Cuidados Corporais perfeitamente personalizado, pode se sentir completamente confort\u00e1vel em uma pele <a href=\"https:\/\/www.lraloeverashop.eu\/pt-pt\/produto\/aloe-vera-sabonete-suave-para-maos\/\">macia e delicada<\/a>.<\/p>\n","protected":false},"excerpt":{"rendered":"<ul>\n<li>Um conjunto perfeito para corpo e rosto.<\/li>\n<li>Creme de Aloe Vera para pele delicada<\/li>\n<li>Lr Aloe Vera Creme de m\u00e3os macio para toques suaves<\/li>\n<li>Lr Aloe Vera Gel Creme Refrescante que revitaliza o rosto<\/li>\n<li>Sem parabenos<\/li>\n<\/ul>\n<p><span style=\"color: #ff0000;\"><a style=\"color: #ff0000;\" href=\"https:\/\/shop.lrworld.com\/openpao?PHP=0vFlt7jT938BEnBI3a6e9w%3D%3D\"><span style=\"font-size: 14pt;\"><strong>Registe-se aqui e poupe 35% em todos os pedidos<\/strong><\/span><\/a><\/span><\/p>\n","protected":false},"featured_media":4911,"comment_status":"open","ping_status":"closed","template":"","meta":{"_kad_blocks_custom_css":"","_kad_blocks_head_custom_js":"","_kad_blocks_body_custom_js":"","_kad_blocks_footer_custom_js":"","_kadence_starter_templates_imported_post":false,"_kad_post_transparent":"default","_kad_post_title":"","_kad_post_layout":"default","_kad_post_sidebar_id":"","_kad_post_content_style":"default","_kad_post_vertical_padding":"default","_kad_post_feature":"","_kad_post_feature_position":"","_kad_post_header":false,"_kad_post_footer":false,"_kad_post_classname":""},"product_brand":[],"product_cat":[215,230],"product_tag":[617],"class_list":{"0":"post-10544","1":"product","2":"type-product","3":"status-publish","4":"has-post-thumbnail","6":"product_cat-aloe-vera-pt-pt","7":"product_cat-cuidados-corporal","8":"product_tag-pele-seca","10":"first","11":"instock","12":"taxable","13":"shipping-taxable","14":"purchasable","15":"product-type-simple","16":"entry","17":"content-bg","18":"loop-entry"},"yoast_head":"<!-- This site is optimized with the Yoast SEO Premium plugin v27.5 (Yoast SEO v27.5) - https:\/\/yoast.com\/product\/yoast-seo-premium-wordpress\/ -->\n<title>Set de cuidados corporais aloe vera para uma pele macia e sedosa<\/title>\n<meta name=\"description\" content=\"Set de Cuidados Corporais Aloe Vera e o conjunto perfeito para corpo e rosto. Com Creme de Aloe Vera para pele, Creme de m\u00e3os e Gel Creme Refrescante\" \/>\n<meta name=\"robots\" content=\"index, follow, max-snippet:-1, max-image-preview:large, max-video-preview:-1\" \/>\n<link rel=\"canonical\" href=\"https:\/\/www.lraloeverashop.eu\/pt-pt\/produto\/aloe-vera-set-de-cuidados-corporais\/\" \/>\n<meta property=\"og:locale\" content=\"pt_PT\" \/>\n<meta property=\"og:type\" content=\"article\" \/>\n<meta property=\"og:title\" content=\"Aloe Vera Set de Cuidados Corporais\" \/>\n<meta property=\"og:description\" content=\"Set de Cuidados Corporais Aloe Vera e o conjunto perfeito para corpo e rosto. Com Creme de Aloe Vera para pele, Creme de m\u00e3os e Gel Creme Refrescante\" \/>\n<meta property=\"og:url\" content=\"https:\/\/www.lraloeverashop.eu\/pt-pt\/produto\/aloe-vera-set-de-cuidados-corporais\/\" \/>\n<meta property=\"og:site_name\" content=\"Lr Loja Aloe Vera\" \/>\n<meta property=\"article:publisher\" content=\"https:\/\/www.facebook.com\/lraloeverashop.eu\" \/>\n<meta property=\"article:modified_time\" content=\"2026-02-08T09:32:17+00:00\" \/>\n<meta property=\"og:image\" content=\"https:\/\/www.lraloeverashop.eu\/wp-content\/uploads\/2022\/10\/Lr-Aloe-Vera-Body-Care-Set.jpg\" \/>\n\t<meta property=\"og:image:width\" content=\"1200\" \/>\n\t<meta property=\"og:image:height\" content=\"1200\" \/>\n\t<meta property=\"og:image:type\" content=\"image\/jpeg\" \/>\n<meta name=\"twitter:card\" content=\"summary_large_image\" \/>\n<meta name=\"twitter:site\" content=\"@natur__kosmetik\" \/>\n<script type=\"application\/ld+json\" class=\"yoast-schema-graph\">{\"@context\":\"https:\\\/\\\/schema.org\",\"@graph\":[{\"@type\":[\"WebPage\",\"ItemPage\"],\"@id\":\"https:\\\/\\\/www.lraloeverashop.eu\\\/pt-pt\\\/produto\\\/aloe-vera-set-de-cuidados-corporais\\\/\",\"url\":\"https:\\\/\\\/www.lraloeverashop.eu\\\/pt-pt\\\/produto\\\/aloe-vera-set-de-cuidados-corporais\\\/\",\"name\":\"Set de cuidados corporais aloe vera para uma pele macia e sedosa\",\"isPartOf\":{\"@id\":\"https:\\\/\\\/www.lraloeverashop.eu\\\/pt-pt\\\/#website\"},\"primaryImageOfPage\":{\"@id\":\"https:\\\/\\\/www.lraloeverashop.eu\\\/pt-pt\\\/produto\\\/aloe-vera-set-de-cuidados-corporais\\\/#primaryimage\"},\"image\":{\"@id\":\"https:\\\/\\\/www.lraloeverashop.eu\\\/pt-pt\\\/produto\\\/aloe-vera-set-de-cuidados-corporais\\\/#primaryimage\"},\"thumbnailUrl\":\"https:\\\/\\\/www.lraloeverashop.eu\\\/wp-content\\\/uploads\\\/2022\\\/10\\\/Lr-Aloe-Vera-Body-Care-Set.jpg\",\"datePublished\":\"2022-10-10T16:37:50+00:00\",\"dateModified\":\"2026-02-08T09:32:17+00:00\",\"description\":\"Set de Cuidados Corporais Aloe Vera e o conjunto perfeito para corpo e rosto. Com Creme de Aloe Vera para pele, Creme de m\u00e3os e Gel Creme Refrescante\",\"breadcrumb\":{\"@id\":\"https:\\\/\\\/www.lraloeverashop.eu\\\/pt-pt\\\/produto\\\/aloe-vera-set-de-cuidados-corporais\\\/#breadcrumb\"},\"inLanguage\":\"pt-PT\",\"potentialAction\":[{\"@type\":\"ReadAction\",\"target\":[\"https:\\\/\\\/www.lraloeverashop.eu\\\/pt-pt\\\/produto\\\/aloe-vera-set-de-cuidados-corporais\\\/\"]}]},{\"@type\":\"ImageObject\",\"inLanguage\":\"pt-PT\",\"@id\":\"https:\\\/\\\/www.lraloeverashop.eu\\\/pt-pt\\\/produto\\\/aloe-vera-set-de-cuidados-corporais\\\/#primaryimage\",\"url\":\"https:\\\/\\\/www.lraloeverashop.eu\\\/wp-content\\\/uploads\\\/2022\\\/10\\\/Lr-Aloe-Vera-Body-Care-Set.jpg\",\"contentUrl\":\"https:\\\/\\\/www.lraloeverashop.eu\\\/wp-content\\\/uploads\\\/2022\\\/10\\\/Lr-Aloe-Vera-Body-Care-Set.jpg\",\"width\":1200,\"height\":1200,\"caption\":\"Lr Aloe Vera Set de Cuidados Corporais para uma Pele Macia e Sedosa\"},{\"@type\":\"BreadcrumbList\",\"@id\":\"https:\\\/\\\/www.lraloeverashop.eu\\\/pt-pt\\\/produto\\\/aloe-vera-set-de-cuidados-corporais\\\/#breadcrumb\",\"itemListElement\":[{\"@type\":\"ListItem\",\"position\":1,\"name\":\"Home\",\"item\":\"https:\\\/\\\/www.lraloeverashop.eu\\\/pt-pt\\\/\"},{\"@type\":\"ListItem\",\"position\":2,\"name\":\"Loja\",\"item\":\"https:\\\/\\\/www.lraloeverashop.eu\\\/pt-pt\\\/loja\\\/\"},{\"@type\":\"ListItem\",\"position\":3,\"name\":\"Aloe Vera Set de Cuidados Corporais\"}]},{\"@type\":\"WebSite\",\"@id\":\"https:\\\/\\\/www.lraloeverashop.eu\\\/pt-pt\\\/#website\",\"url\":\"https:\\\/\\\/www.lraloeverashop.eu\\\/pt-pt\\\/\",\"name\":\"Lr Loja Aloe Vera\",\"description\":\"High Quality Lr Aloe Vera Gel, Aloe Vera Cream and Shampoo\",\"publisher\":{\"@id\":\"https:\\\/\\\/www.lraloeverashop.eu\\\/pt-pt\\\/#organization\"},\"alternateName\":\"LR\",\"potentialAction\":[{\"@type\":\"SearchAction\",\"target\":{\"@type\":\"EntryPoint\",\"urlTemplate\":\"https:\\\/\\\/www.lraloeverashop.eu\\\/pt-pt\\\/?s={search_term_string}\"},\"query-input\":{\"@type\":\"PropertyValueSpecification\",\"valueRequired\":true,\"valueName\":\"search_term_string\"}}],\"inLanguage\":\"pt-PT\"},{\"@type\":\"Organization\",\"@id\":\"https:\\\/\\\/www.lraloeverashop.eu\\\/pt-pt\\\/#organization\",\"name\":\"Loja Lr Aloe Vera\",\"alternateName\":\"LR\",\"url\":\"https:\\\/\\\/www.lraloeverashop.eu\\\/pt-pt\\\/\",\"logo\":{\"@type\":\"ImageObject\",\"inLanguage\":\"pt-PT\",\"@id\":\"https:\\\/\\\/www.lraloeverashop.eu\\\/pt-pt\\\/#\\\/schema\\\/logo\\\/image\\\/\",\"url\":\"https:\\\/\\\/www.lraloeverashop.eu\\\/wp-content\\\/uploads\\\/2022\\\/09\\\/cropped-Lr-Aloe-Vera-Shop.jpg\",\"contentUrl\":\"https:\\\/\\\/www.lraloeverashop.eu\\\/wp-content\\\/uploads\\\/2022\\\/09\\\/cropped-Lr-Aloe-Vera-Shop.jpg\",\"width\":228,\"height\":76,\"caption\":\"Loja Lr Aloe Vera\"},\"image\":{\"@id\":\"https:\\\/\\\/www.lraloeverashop.eu\\\/pt-pt\\\/#\\\/schema\\\/logo\\\/image\\\/\"},\"sameAs\":[\"https:\\\/\\\/www.facebook.com\\\/lraloeverashop.eu\",\"https:\\\/\\\/x.com\\\/natur__kosmetik\",\"https:\\\/\\\/www.youtube.com\\\/channel\\\/UC5oN7BJ8nfYb8RpVtjwDEBA\",\"https:\\\/\\\/www.instagram.com\\\/lrbeautyeu\\\/\"],\"description\":\"Loja Lr Aloe Vera \u00e9 o seu destino de confian\u00e7a para os produtos de sa\u00fade e beleza premium da LR, fabricados na Alemanha. Oferecemos solu\u00e7\u00f5es de alta qualidade para o cuidado da pele, nutri\u00e7\u00e3o e antienvelhecimento \u00e0 base de Alo\u00e9 Vera, elaboradas com ingredientes puros e apoiadas em investiga\u00e7\u00e3o cient\u00edfica. Descubra o cuidado natural que regenera, protege e revitaliza a sua pele \u2014 e aproveite as ofertas mensais exclusivas nos nossos produtos LR Alo\u00e9 Vera mais vendidos.\\nComece hoje mesmo a sua jornada de cuidados naturais com a pele e sinta a diferen\u00e7a.\",\"email\":\"info@lraloeverashop.eu\",\"telephone\":\"+49 17670609653\",\"legalName\":\"Lr Aloe Vera Shop\",\"foundingDate\":\"2018-04-21\",\"numberOfEmployees\":{\"@type\":\"QuantitativeValue\",\"minValue\":\"1\",\"maxValue\":\"10\"}}]}<\/script>\n<meta property=\"product:price:amount\" content=\"49.79\" \/>\n<meta property=\"product:price:currency\" content=\"EUR\" \/>\n<meta property=\"og:availability\" content=\"instock\" \/>\n<meta property=\"product:availability\" content=\"instock\" \/>\n<meta property=\"product:retailer_item_id\" content=\"20708-101PT\" \/>\n<meta property=\"product:condition\" content=\"new\" \/>\n<!-- \/ Yoast SEO Premium plugin. -->","yoast_head_json":{"title":"Set de cuidados corporais aloe vera para uma pele macia e sedosa","description":"Set de Cuidados Corporais Aloe Vera e o conjunto perfeito para corpo e rosto. Com Creme de Aloe Vera para pele, Creme de m\u00e3os e Gel Creme Refrescante","robots":{"index":"index","follow":"follow","max-snippet":"max-snippet:-1","max-image-preview":"max-image-preview:large","max-video-preview":"max-video-preview:-1"},"canonical":"https:\/\/www.lraloeverashop.eu\/pt-pt\/produto\/aloe-vera-set-de-cuidados-corporais\/","og_locale":"pt_PT","og_type":"article","og_title":"Aloe Vera Set de Cuidados Corporais","og_description":"Set de Cuidados Corporais Aloe Vera e o conjunto perfeito para corpo e rosto. Com Creme de Aloe Vera para pele, Creme de m\u00e3os e Gel Creme Refrescante","og_url":"https:\/\/www.lraloeverashop.eu\/pt-pt\/produto\/aloe-vera-set-de-cuidados-corporais\/","og_site_name":"Lr Loja Aloe Vera","article_publisher":"https:\/\/www.facebook.com\/lraloeverashop.eu","article_modified_time":"2026-02-08T09:32:17+00:00","og_image":[{"width":1200,"height":1200,"url":"https:\/\/www.lraloeverashop.eu\/wp-content\/uploads\/2022\/10\/Lr-Aloe-Vera-Body-Care-Set.jpg","type":"image\/jpeg"}],"twitter_card":"summary_large_image","twitter_site":"@natur__kosmetik","schema":{"@context":"https:\/\/schema.org","@graph":[{"@type":["WebPage","ItemPage"],"@id":"https:\/\/www.lraloeverashop.eu\/pt-pt\/produto\/aloe-vera-set-de-cuidados-corporais\/","url":"https:\/\/www.lraloeverashop.eu\/pt-pt\/produto\/aloe-vera-set-de-cuidados-corporais\/","name":"Set de cuidados corporais aloe vera para uma pele macia e sedosa","isPartOf":{"@id":"https:\/\/www.lraloeverashop.eu\/pt-pt\/#website"},"primaryImageOfPage":{"@id":"https:\/\/www.lraloeverashop.eu\/pt-pt\/produto\/aloe-vera-set-de-cuidados-corporais\/#primaryimage"},"image":{"@id":"https:\/\/www.lraloeverashop.eu\/pt-pt\/produto\/aloe-vera-set-de-cuidados-corporais\/#primaryimage"},"thumbnailUrl":"https:\/\/www.lraloeverashop.eu\/wp-content\/uploads\/2022\/10\/Lr-Aloe-Vera-Body-Care-Set.jpg","datePublished":"2022-10-10T16:37:50+00:00","dateModified":"2026-02-08T09:32:17+00:00","description":"Set de Cuidados Corporais Aloe Vera e o conjunto perfeito para corpo e rosto. Com Creme de Aloe Vera para pele, Creme de m\u00e3os e Gel Creme Refrescante","breadcrumb":{"@id":"https:\/\/www.lraloeverashop.eu\/pt-pt\/produto\/aloe-vera-set-de-cuidados-corporais\/#breadcrumb"},"inLanguage":"pt-PT","potentialAction":[{"@type":"ReadAction","target":["https:\/\/www.lraloeverashop.eu\/pt-pt\/produto\/aloe-vera-set-de-cuidados-corporais\/"]}]},{"@type":"ImageObject","inLanguage":"pt-PT","@id":"https:\/\/www.lraloeverashop.eu\/pt-pt\/produto\/aloe-vera-set-de-cuidados-corporais\/#primaryimage","url":"https:\/\/www.lraloeverashop.eu\/wp-content\/uploads\/2022\/10\/Lr-Aloe-Vera-Body-Care-Set.jpg","contentUrl":"https:\/\/www.lraloeverashop.eu\/wp-content\/uploads\/2022\/10\/Lr-Aloe-Vera-Body-Care-Set.jpg","width":1200,"height":1200,"caption":"Lr Aloe Vera Set de Cuidados Corporais para uma Pele Macia e Sedosa"},{"@type":"BreadcrumbList","@id":"https:\/\/www.lraloeverashop.eu\/pt-pt\/produto\/aloe-vera-set-de-cuidados-corporais\/#breadcrumb","itemListElement":[{"@type":"ListItem","position":1,"name":"Home","item":"https:\/\/www.lraloeverashop.eu\/pt-pt\/"},{"@type":"ListItem","position":2,"name":"Loja","item":"https:\/\/www.lraloeverashop.eu\/pt-pt\/loja\/"},{"@type":"ListItem","position":3,"name":"Aloe Vera Set de Cuidados Corporais"}]},{"@type":"WebSite","@id":"https:\/\/www.lraloeverashop.eu\/pt-pt\/#website","url":"https:\/\/www.lraloeverashop.eu\/pt-pt\/","name":"Lr Loja Aloe Vera","description":"High Quality Lr Aloe Vera Gel, Aloe Vera Cream and Shampoo","publisher":{"@id":"https:\/\/www.lraloeverashop.eu\/pt-pt\/#organization"},"alternateName":"LR","potentialAction":[{"@type":"SearchAction","target":{"@type":"EntryPoint","urlTemplate":"https:\/\/www.lraloeverashop.eu\/pt-pt\/?s={search_term_string}"},"query-input":{"@type":"PropertyValueSpecification","valueRequired":true,"valueName":"search_term_string"}}],"inLanguage":"pt-PT"},{"@type":"Organization","@id":"https:\/\/www.lraloeverashop.eu\/pt-pt\/#organization","name":"Loja Lr Aloe Vera","alternateName":"LR","url":"https:\/\/www.lraloeverashop.eu\/pt-pt\/","logo":{"@type":"ImageObject","inLanguage":"pt-PT","@id":"https:\/\/www.lraloeverashop.eu\/pt-pt\/#\/schema\/logo\/image\/","url":"https:\/\/www.lraloeverashop.eu\/wp-content\/uploads\/2022\/09\/cropped-Lr-Aloe-Vera-Shop.jpg","contentUrl":"https:\/\/www.lraloeverashop.eu\/wp-content\/uploads\/2022\/09\/cropped-Lr-Aloe-Vera-Shop.jpg","width":228,"height":76,"caption":"Loja Lr Aloe Vera"},"image":{"@id":"https:\/\/www.lraloeverashop.eu\/pt-pt\/#\/schema\/logo\/image\/"},"sameAs":["https:\/\/www.facebook.com\/lraloeverashop.eu","https:\/\/x.com\/natur__kosmetik","https:\/\/www.youtube.com\/channel\/UC5oN7BJ8nfYb8RpVtjwDEBA","https:\/\/www.instagram.com\/lrbeautyeu\/"],"description":"Loja Lr Aloe Vera \u00e9 o seu destino de confian\u00e7a para os produtos de sa\u00fade e beleza premium da LR, fabricados na Alemanha. Oferecemos solu\u00e7\u00f5es de alta qualidade para o cuidado da pele, nutri\u00e7\u00e3o e antienvelhecimento \u00e0 base de Alo\u00e9 Vera, elaboradas com ingredientes puros e apoiadas em investiga\u00e7\u00e3o cient\u00edfica. Descubra o cuidado natural que regenera, protege e revitaliza a sua pele \u2014 e aproveite as ofertas mensais exclusivas nos nossos produtos LR Alo\u00e9 Vera mais vendidos.\nComece hoje mesmo a sua jornada de cuidados naturais com a pele e sinta a diferen\u00e7a.","email":"info@lraloeverashop.eu","telephone":"+49 17670609653","legalName":"Lr Aloe Vera Shop","foundingDate":"2018-04-21","numberOfEmployees":{"@type":"QuantitativeValue","minValue":"1","maxValue":"10"}}]},"product_price_amount":"49.79","product_price_currency":"EUR","og_availability":"instock","product_availability":"instock","product_retailer_item_id":"20708-101PT","product_condition":"new"},"taxonomy_info":{"product_cat":[{"value":215,"label":"Aloe Vera"},{"value":230,"label":"Cuidado Corporal"}],"product_tag":[{"value":617,"label":"Pele seca"}]},"featured_image_src_large":["https:\/\/www.lraloeverashop.eu\/wp-content\/uploads\/2022\/10\/Lr-Aloe-Vera-Body-Care-Set-1024x1024.jpg",1024,1024,true],"author_info":[],"comment_info":0,"_links":{"self":[{"href":"https:\/\/www.lraloeverashop.eu\/pt-pt\/wp-json\/wp\/v2\/product\/10544","targetHints":{"allow":["GET"]}}],"collection":[{"href":"https:\/\/www.lraloeverashop.eu\/pt-pt\/wp-json\/wp\/v2\/product"}],"about":[{"href":"https:\/\/www.lraloeverashop.eu\/pt-pt\/wp-json\/wp\/v2\/types\/product"}],"replies":[{"embeddable":true,"href":"https:\/\/www.lraloeverashop.eu\/pt-pt\/wp-json\/wp\/v2\/comments?post=10544"}],"wp:featuredmedia":[{"embeddable":true,"href":"https:\/\/www.lraloeverashop.eu\/pt-pt\/wp-json\/wp\/v2\/media\/4911"}],"wp:attachment":[{"href":"https:\/\/www.lraloeverashop.eu\/pt-pt\/wp-json\/wp\/v2\/media?parent=10544"}],"wp:term":[{"taxonomy":"product_brand","embeddable":true,"href":"https:\/\/www.lraloeverashop.eu\/pt-pt\/wp-json\/wp\/v2\/product_brand?post=10544"},{"taxonomy":"product_cat","embeddable":true,"href":"https:\/\/www.lraloeverashop.eu\/pt-pt\/wp-json\/wp\/v2\/product_cat?post=10544"},{"taxonomy":"product_tag","embeddable":true,"href":"https:\/\/www.lraloeverashop.eu\/pt-pt\/wp-json\/wp\/v2\/product_tag?post=10544"}],"curies":[{"name":"wp","href":"https:\/\/api.w.org\/{rel}","templated":true}]}}