{"id":10433,"date":"2022-10-10T22:32:47","date_gmt":"2022-10-10T20:32:47","guid":{"rendered":"https:\/\/www.lraloeverashop.eu\/product\/soro-facial-aloe-vera-cbd\/"},"modified":"2026-02-08T10:30:52","modified_gmt":"2026-02-08T09:30:52","slug":"soro-facial-aloe-vera-cbd","status":"publish","type":"product","link":"https:\/\/www.lraloeverashop.eu\/pt-pt\/produto\/soro-facial-aloe-vera-cbd\/","title":{"rendered":"Soro Facial Aloe Vera CBD"},"content":{"rendered":"<h2><strong><span style=\"font-size: 16pt;\">Soro Facial Aloe Vera CBD<\/span><\/strong><\/h2>\n<p><strong><span style=\"font-size: 14pt;\">Soro Facial Aloe Vera CBD &#8211; Mais bem-estar, mais rituais de cuidado, mais brilho<\/span><\/strong><\/p>\n<p>O Soro Para Rosto Aloe Vera CBD tratar\u00e1 sua pele com 50% de aloe vera, \u00f3leo de semente de cannabis sativa org\u00e2nico e CBD. O segredo do efeito \u00fanico do novo soro de 2 fases \u00e9 a combina\u00e7\u00e3o de 50% de gel hidratante de aloe vera e \u00f3leo de semente de cannabis sativa org\u00e2nico protetor e CBD. Para uma <a href=\"https:\/\/www.lraloeverashop.eu\/pt-pt\/produto\/soro-facial-hidratante-aloe-vera\/\">tez equilibrada<\/a>, hidratada e refinada!<\/p>\n<p>O \u00d3leo de Semente de Cannabis Sativa Org\u00e2nico \u00e9 conhecido por acalmar a <a href=\"https:\/\/www.lraloeverashop.eu\/pt-pt\/produto\/aloe-vera-gel-concentrado\/\">pele irritada<\/a> e reduzir a irrita\u00e7\u00e3o da pele com suas propriedades protetoras. O CBD contido no \u00f3leo de cannabis tem um efeito relaxante na pele estressada e a protege das influ\u00eancias ambientais externas.<\/p>\n<p>&nbsp;<\/p>\n<h3><strong><span style=\"font-size: 16pt;\">Como usar<\/span><\/strong><\/h3>\n<p>Aplicar de manh\u00e3 e \u00e0 noite na pele do rosto limpa e deixar atuar brevemente. Agite bem antes de usar para que as duas fases se misturem.<\/p>\n<p>&nbsp;<\/p>\n<h4><strong><span style=\"font-size: 16pt;\">Voc\u00ea sabia?<\/span><\/strong><\/h4>\n<p>Com o lan\u00e7amento dos produtos LR ALOE VERA CBD, na LR continuamos a apostar na sustentabilidade. Os potes e frascos da s\u00e9rie CBD care s\u00e3o feitos de material sustent\u00e1vel rPET. Como resultado, os frascos podem apresentar uma leve turbidez acinzentada, devido ao processo de reciclagem ecologicamente correto.<\/p>\n<p><strong>O que exatamente significa rPET?<\/strong><br \/>\nPET \u00e9 um pl\u00e1stico geralmente transparente e leve que \u00e9 altamente recicl\u00e1vel. Falamos de rPET quando o pl\u00e1stico \u00e9 constitu\u00eddo total ou parcialmente por recicl\u00e1vel (material reciclado). O reciclado \u00e9 obtido, por exemplo, de garrafas pl\u00e1sticas velhas coletadas.<\/p>\n<p><strong>Por que o rPET \u00e9 mais sustent\u00e1vel que o PET convencional?<\/strong><br \/>\nSustentabilidade e, portanto, reciclagem t\u00eam sido quest\u00f5es importantes por muitos anos. \u00c9 sabido que o pl\u00e1stico n\u00e3o \u00e9 bom para o meio ambiente e tem um impacto negativo na natureza e em todas as criaturas vivas do nosso planeta de v\u00e1rias maneiras. A utiliza\u00e7\u00e3o de PET reciclado e reutiliz\u00e1vel ajuda-nos a poupar recursos naturais e, assim, contribui significativamente para a prote\u00e7\u00e3o do ambiente.<\/p>\n<p>Com o rPET, \u00e9 poss\u00edvel reduzir significativamente a produ\u00e7\u00e3o de grandes quantidades de pl\u00e1stico e, assim, tamb\u00e9m reduzir as emiss\u00f5es de CO2 de forma sustent\u00e1vel. O rPET d\u00e1 assim um importante contributo para melhorar o equil\u00edbrio ecol\u00f3gico das embalagens descart\u00e1veis e aumentar a sua sustentabilidade.<\/p>\n<p><strong>Por que a cor muda?<\/strong><br \/>\nA mudan\u00e7a de cor do material PET \u00e9 causada pela reciclagem. A mat\u00e9ria-prima a ser reciclada, o PET, pode ter diferentes colora\u00e7\u00f5es, por isso a mistura no processo de reciclagem faz com que os recipientes feitos de rPET pare\u00e7am um pouco mais escuros ou acinzentados.<\/p>\n<p>\u00c9 assim que o consumidor final pode saber que uma determinada embalagem foi reciclada. Assim como acontece com o papel reciclado, a colora\u00e7\u00e3o levemente cinza de uma garrafa PET tamb\u00e9m pode se tornar um s\u00edmbolo de sustentabilidade e consci\u00eancia ambiental e atrair cada vez mais grupos-alvo no futuro.<\/p>\n<p>Adquira o seu Soro Facial Aloe Vera CBD e comece a <a href=\"https:\/\/www.lraloeverashop.eu\/pt-pt\/produto\/serum-facial-skin-balance\/\">acalmar e regenerar<\/a> a sua pele hoje mesmo<\/p>\n","protected":false},"excerpt":{"rendered":"<ul>\n<li><strong><span style=\"color: #ff0000;\">OFERTA LIMITADA<\/span><\/strong><\/li>\n<li>Soro de cuidado facial bif\u00e1sico para pele estressada<\/li>\n<li>Fase 1: Cuidados hidratantes<\/li>\n<li>Fase 2: prote\u00e7\u00e3o regeneradora<\/li>\n<li>Com 50% de gel de aloe vera, \u00f3leo de semente de cannabis sativa org\u00e2nico e CBD<\/li>\n<li>Os potes e garrafas s\u00e3o feitos de material sustent\u00e1vel rPET<\/li>\n<li>Quantidade: 30ml<\/li>\n<\/ul>\n<p><span style=\"color: #ff0000;\"><a style=\"color: #ff0000;\" href=\"https:\/\/shop.lrworld.com\/openpao?PHP=0vFlt7jT938BEnBI3a6e9w%3D%3D\"><span style=\"font-size: 14pt;\"><strong>Registe-se aqui e poupe 35% em todos os pedidos<\/strong><\/span><\/a><\/span><\/p>\n","protected":false},"featured_media":4917,"comment_status":"open","ping_status":"closed","template":"","meta":{"_kad_blocks_custom_css":"","_kad_blocks_head_custom_js":"","_kad_blocks_body_custom_js":"","_kad_blocks_footer_custom_js":"","_kadence_starter_templates_imported_post":false,"_kad_post_transparent":"default","_kad_post_title":"","_kad_post_layout":"default","_kad_post_sidebar_id":"","_kad_post_content_style":"default","_kad_post_vertical_padding":"default","_kad_post_feature":"","_kad_post_feature_position":"","_kad_post_header":false,"_kad_post_footer":false,"_kad_post_classname":""},"product_brand":[],"product_cat":[215,235,240,354],"product_tag":[609,669],"class_list":{"0":"post-10433","1":"product","2":"type-product","3":"status-publish","4":"has-post-thumbnail","6":"product_cat-aloe-vera-pt-pt","7":"product_cat-cbd-pt-pt","8":"product_cat-cuidado-de-rosto","9":"product_cat-promocoes","10":"product_tag-produtos-cbd","11":"product_tag-produtos-de-cuidados-faciais","13":"first","14":"outofstock","15":"sale","16":"taxable","17":"shipping-taxable","18":"purchasable","19":"product-type-simple","20":"entry","21":"content-bg","22":"loop-entry"},"yoast_head":"<!-- This site is optimized with the Yoast SEO Premium plugin v27.4 (Yoast SEO v27.4) - https:\/\/yoast.com\/product\/yoast-seo-premium-wordpress\/ -->\n<title>Soro Facial Aloe Vera CBD - Mais rituais de cuidado, mais brilho<\/title>\n<meta name=\"description\" content=\"Soro Facial Aloe Vera CBD com 50% de gel de aloe vera, \u00f3leo de semente de cannabis sativa org\u00e2nico e CBD. Soro facial bif\u00e1sico para pele estressada\" \/>\n<meta name=\"robots\" content=\"index, follow, max-snippet:-1, max-image-preview:large, max-video-preview:-1\" \/>\n<link rel=\"canonical\" href=\"https:\/\/www.lraloeverashop.eu\/pt-pt\/produto\/soro-facial-aloe-vera-cbd\/\" \/>\n<meta property=\"og:locale\" content=\"pt_PT\" \/>\n<meta property=\"og:type\" content=\"article\" \/>\n<meta property=\"og:title\" content=\"Soro Facial Aloe Vera CBD\" \/>\n<meta property=\"og:description\" content=\"Soro Facial Aloe Vera CBD com 50% de gel de aloe vera, \u00f3leo de semente de cannabis sativa org\u00e2nico e CBD. Soro facial bif\u00e1sico para pele estressada\" \/>\n<meta property=\"og:url\" content=\"https:\/\/www.lraloeverashop.eu\/pt-pt\/produto\/soro-facial-aloe-vera-cbd\/\" \/>\n<meta property=\"og:site_name\" content=\"Lr Loja Aloe Vera\" \/>\n<meta property=\"article:publisher\" content=\"https:\/\/www.facebook.com\/lraloeverashop.eu\" \/>\n<meta property=\"article:modified_time\" content=\"2026-02-08T09:30:52+00:00\" \/>\n<meta property=\"og:image\" content=\"https:\/\/www.lraloeverashop.eu\/wp-content\/uploads\/2022\/10\/Lr-Aloe-Vera-CBD-Bi-Phase-Face-Serum.jpg\" \/>\n\t<meta property=\"og:image:width\" content=\"1200\" \/>\n\t<meta property=\"og:image:height\" content=\"1200\" \/>\n\t<meta property=\"og:image:type\" content=\"image\/jpeg\" \/>\n<meta name=\"twitter:card\" content=\"summary_large_image\" \/>\n<meta name=\"twitter:site\" content=\"@natur__kosmetik\" \/>\n<script type=\"application\/ld+json\" class=\"yoast-schema-graph\">{\"@context\":\"https:\\\/\\\/schema.org\",\"@graph\":[{\"@type\":[\"WebPage\",\"ItemPage\"],\"@id\":\"https:\\\/\\\/www.lraloeverashop.eu\\\/pt-pt\\\/produto\\\/soro-facial-aloe-vera-cbd\\\/\",\"url\":\"https:\\\/\\\/www.lraloeverashop.eu\\\/pt-pt\\\/produto\\\/soro-facial-aloe-vera-cbd\\\/\",\"name\":\"Soro Facial Aloe Vera CBD - Mais rituais de cuidado, mais brilho\",\"isPartOf\":{\"@id\":\"https:\\\/\\\/www.lraloeverashop.eu\\\/pt-pt\\\/#website\"},\"primaryImageOfPage\":{\"@id\":\"https:\\\/\\\/www.lraloeverashop.eu\\\/pt-pt\\\/produto\\\/soro-facial-aloe-vera-cbd\\\/#primaryimage\"},\"image\":{\"@id\":\"https:\\\/\\\/www.lraloeverashop.eu\\\/pt-pt\\\/produto\\\/soro-facial-aloe-vera-cbd\\\/#primaryimage\"},\"thumbnailUrl\":\"https:\\\/\\\/www.lraloeverashop.eu\\\/wp-content\\\/uploads\\\/2022\\\/10\\\/Lr-Aloe-Vera-CBD-Bi-Phase-Face-Serum.jpg\",\"datePublished\":\"2022-10-10T20:32:47+00:00\",\"dateModified\":\"2026-02-08T09:30:52+00:00\",\"description\":\"Soro Facial Aloe Vera CBD com 50% de gel de aloe vera, \u00f3leo de semente de cannabis sativa org\u00e2nico e CBD. Soro facial bif\u00e1sico para pele estressada\",\"breadcrumb\":{\"@id\":\"https:\\\/\\\/www.lraloeverashop.eu\\\/pt-pt\\\/produto\\\/soro-facial-aloe-vera-cbd\\\/#breadcrumb\"},\"inLanguage\":\"pt-PT\",\"potentialAction\":[{\"@type\":\"ReadAction\",\"target\":[\"https:\\\/\\\/www.lraloeverashop.eu\\\/pt-pt\\\/produto\\\/soro-facial-aloe-vera-cbd\\\/\"]}]},{\"@type\":\"ImageObject\",\"inLanguage\":\"pt-PT\",\"@id\":\"https:\\\/\\\/www.lraloeverashop.eu\\\/pt-pt\\\/produto\\\/soro-facial-aloe-vera-cbd\\\/#primaryimage\",\"url\":\"https:\\\/\\\/www.lraloeverashop.eu\\\/wp-content\\\/uploads\\\/2022\\\/10\\\/Lr-Aloe-Vera-CBD-Bi-Phase-Face-Serum.jpg\",\"contentUrl\":\"https:\\\/\\\/www.lraloeverashop.eu\\\/wp-content\\\/uploads\\\/2022\\\/10\\\/Lr-Aloe-Vera-CBD-Bi-Phase-Face-Serum.jpg\",\"width\":1200,\"height\":1200,\"caption\":\"S\u00e9rum facial bif\u00e1sico Aloe Vera CBD\"},{\"@type\":\"BreadcrumbList\",\"@id\":\"https:\\\/\\\/www.lraloeverashop.eu\\\/pt-pt\\\/produto\\\/soro-facial-aloe-vera-cbd\\\/#breadcrumb\",\"itemListElement\":[{\"@type\":\"ListItem\",\"position\":1,\"name\":\"Home\",\"item\":\"https:\\\/\\\/www.lraloeverashop.eu\\\/pt-pt\\\/\"},{\"@type\":\"ListItem\",\"position\":2,\"name\":\"Loja\",\"item\":\"https:\\\/\\\/www.lraloeverashop.eu\\\/pt-pt\\\/loja\\\/\"},{\"@type\":\"ListItem\",\"position\":3,\"name\":\"Soro Facial Aloe Vera CBD\"}]},{\"@type\":\"WebSite\",\"@id\":\"https:\\\/\\\/www.lraloeverashop.eu\\\/pt-pt\\\/#website\",\"url\":\"https:\\\/\\\/www.lraloeverashop.eu\\\/pt-pt\\\/\",\"name\":\"Lr Loja Aloe Vera\",\"description\":\"High Quality Lr Aloe Vera Gel, Aloe Vera Cream and Shampoo\",\"publisher\":{\"@id\":\"https:\\\/\\\/www.lraloeverashop.eu\\\/pt-pt\\\/#organization\"},\"potentialAction\":[{\"@type\":\"SearchAction\",\"target\":{\"@type\":\"EntryPoint\",\"urlTemplate\":\"https:\\\/\\\/www.lraloeverashop.eu\\\/pt-pt\\\/?s={search_term_string}\"},\"query-input\":{\"@type\":\"PropertyValueSpecification\",\"valueRequired\":true,\"valueName\":\"search_term_string\"}}],\"inLanguage\":\"pt-PT\"},{\"@type\":\"Organization\",\"@id\":\"https:\\\/\\\/www.lraloeverashop.eu\\\/pt-pt\\\/#organization\",\"name\":\"Loja Lr Aloe Vera\",\"alternateName\":\"LR\",\"url\":\"https:\\\/\\\/www.lraloeverashop.eu\\\/pt-pt\\\/\",\"logo\":{\"@type\":\"ImageObject\",\"inLanguage\":\"pt-PT\",\"@id\":\"https:\\\/\\\/www.lraloeverashop.eu\\\/pt-pt\\\/#\\\/schema\\\/logo\\\/image\\\/\",\"url\":\"https:\\\/\\\/www.lraloeverashop.eu\\\/wp-content\\\/uploads\\\/2022\\\/09\\\/cropped-Lr-Aloe-Vera-Shop.jpg\",\"contentUrl\":\"https:\\\/\\\/www.lraloeverashop.eu\\\/wp-content\\\/uploads\\\/2022\\\/09\\\/cropped-Lr-Aloe-Vera-Shop.jpg\",\"width\":228,\"height\":76,\"caption\":\"Loja Lr Aloe Vera\"},\"image\":{\"@id\":\"https:\\\/\\\/www.lraloeverashop.eu\\\/pt-pt\\\/#\\\/schema\\\/logo\\\/image\\\/\"},\"sameAs\":[\"https:\\\/\\\/www.facebook.com\\\/lraloeverashop.eu\",\"https:\\\/\\\/x.com\\\/natur__kosmetik\",\"https:\\\/\\\/www.youtube.com\\\/channel\\\/UC5oN7BJ8nfYb8RpVtjwDEBA\",\"https:\\\/\\\/www.instagram.com\\\/lrbeautyeu\\\/\"],\"description\":\"Loja Lr Aloe Vera \u00e9 o seu destino de confian\u00e7a para os produtos de sa\u00fade e beleza premium da LR, fabricados na Alemanha. Oferecemos solu\u00e7\u00f5es de alta qualidade para o cuidado da pele, nutri\u00e7\u00e3o e antienvelhecimento \u00e0 base de Alo\u00e9 Vera, elaboradas com ingredientes puros e apoiadas em investiga\u00e7\u00e3o cient\u00edfica. Descubra o cuidado natural que regenera, protege e revitaliza a sua pele \u2014 e aproveite as ofertas mensais exclusivas nos nossos produtos LR Alo\u00e9 Vera mais vendidos.\\nComece hoje mesmo a sua jornada de cuidados naturais com a pele e sinta a diferen\u00e7a.\",\"email\":\"info@lraloeverashop.eu\",\"telephone\":\"+49 17670609653\",\"legalName\":\"Lr Aloe Vera Shop\",\"foundingDate\":\"2018-04-21\",\"numberOfEmployees\":{\"@type\":\"QuantitativeValue\",\"minValue\":\"1\",\"maxValue\":\"10\"}}]}<\/script>\n<meta property=\"product:price:amount\" content=\"18.99\" \/>\n<meta property=\"product:price:currency\" content=\"EUR\" \/>\n<meta property=\"og:availability\" content=\"out of stock\" \/>\n<meta property=\"product:availability\" content=\"out of stock\" \/>\n<meta property=\"product:retailer_item_id\" content=\"20818-1PT\" \/>\n<meta property=\"product:condition\" content=\"new\" \/>\n<!-- \/ Yoast SEO Premium plugin. -->","yoast_head_json":{"title":"Soro Facial Aloe Vera CBD - Mais rituais de cuidado, mais brilho","description":"Soro Facial Aloe Vera CBD com 50% de gel de aloe vera, \u00f3leo de semente de cannabis sativa org\u00e2nico e CBD. Soro facial bif\u00e1sico para pele estressada","robots":{"index":"index","follow":"follow","max-snippet":"max-snippet:-1","max-image-preview":"max-image-preview:large","max-video-preview":"max-video-preview:-1"},"canonical":"https:\/\/www.lraloeverashop.eu\/pt-pt\/produto\/soro-facial-aloe-vera-cbd\/","og_locale":"pt_PT","og_type":"article","og_title":"Soro Facial Aloe Vera CBD","og_description":"Soro Facial Aloe Vera CBD com 50% de gel de aloe vera, \u00f3leo de semente de cannabis sativa org\u00e2nico e CBD. Soro facial bif\u00e1sico para pele estressada","og_url":"https:\/\/www.lraloeverashop.eu\/pt-pt\/produto\/soro-facial-aloe-vera-cbd\/","og_site_name":"Lr Loja Aloe Vera","article_publisher":"https:\/\/www.facebook.com\/lraloeverashop.eu","article_modified_time":"2026-02-08T09:30:52+00:00","og_image":[{"width":1200,"height":1200,"url":"https:\/\/www.lraloeverashop.eu\/wp-content\/uploads\/2022\/10\/Lr-Aloe-Vera-CBD-Bi-Phase-Face-Serum.jpg","type":"image\/jpeg"}],"twitter_card":"summary_large_image","twitter_site":"@natur__kosmetik","schema":{"@context":"https:\/\/schema.org","@graph":[{"@type":["WebPage","ItemPage"],"@id":"https:\/\/www.lraloeverashop.eu\/pt-pt\/produto\/soro-facial-aloe-vera-cbd\/","url":"https:\/\/www.lraloeverashop.eu\/pt-pt\/produto\/soro-facial-aloe-vera-cbd\/","name":"Soro Facial Aloe Vera CBD - Mais rituais de cuidado, mais brilho","isPartOf":{"@id":"https:\/\/www.lraloeverashop.eu\/pt-pt\/#website"},"primaryImageOfPage":{"@id":"https:\/\/www.lraloeverashop.eu\/pt-pt\/produto\/soro-facial-aloe-vera-cbd\/#primaryimage"},"image":{"@id":"https:\/\/www.lraloeverashop.eu\/pt-pt\/produto\/soro-facial-aloe-vera-cbd\/#primaryimage"},"thumbnailUrl":"https:\/\/www.lraloeverashop.eu\/wp-content\/uploads\/2022\/10\/Lr-Aloe-Vera-CBD-Bi-Phase-Face-Serum.jpg","datePublished":"2022-10-10T20:32:47+00:00","dateModified":"2026-02-08T09:30:52+00:00","description":"Soro Facial Aloe Vera CBD com 50% de gel de aloe vera, \u00f3leo de semente de cannabis sativa org\u00e2nico e CBD. Soro facial bif\u00e1sico para pele estressada","breadcrumb":{"@id":"https:\/\/www.lraloeverashop.eu\/pt-pt\/produto\/soro-facial-aloe-vera-cbd\/#breadcrumb"},"inLanguage":"pt-PT","potentialAction":[{"@type":"ReadAction","target":["https:\/\/www.lraloeverashop.eu\/pt-pt\/produto\/soro-facial-aloe-vera-cbd\/"]}]},{"@type":"ImageObject","inLanguage":"pt-PT","@id":"https:\/\/www.lraloeverashop.eu\/pt-pt\/produto\/soro-facial-aloe-vera-cbd\/#primaryimage","url":"https:\/\/www.lraloeverashop.eu\/wp-content\/uploads\/2022\/10\/Lr-Aloe-Vera-CBD-Bi-Phase-Face-Serum.jpg","contentUrl":"https:\/\/www.lraloeverashop.eu\/wp-content\/uploads\/2022\/10\/Lr-Aloe-Vera-CBD-Bi-Phase-Face-Serum.jpg","width":1200,"height":1200,"caption":"S\u00e9rum facial bif\u00e1sico Aloe Vera CBD"},{"@type":"BreadcrumbList","@id":"https:\/\/www.lraloeverashop.eu\/pt-pt\/produto\/soro-facial-aloe-vera-cbd\/#breadcrumb","itemListElement":[{"@type":"ListItem","position":1,"name":"Home","item":"https:\/\/www.lraloeverashop.eu\/pt-pt\/"},{"@type":"ListItem","position":2,"name":"Loja","item":"https:\/\/www.lraloeverashop.eu\/pt-pt\/loja\/"},{"@type":"ListItem","position":3,"name":"Soro Facial Aloe Vera CBD"}]},{"@type":"WebSite","@id":"https:\/\/www.lraloeverashop.eu\/pt-pt\/#website","url":"https:\/\/www.lraloeverashop.eu\/pt-pt\/","name":"Lr Loja Aloe Vera","description":"High Quality Lr Aloe Vera Gel, Aloe Vera Cream and Shampoo","publisher":{"@id":"https:\/\/www.lraloeverashop.eu\/pt-pt\/#organization"},"potentialAction":[{"@type":"SearchAction","target":{"@type":"EntryPoint","urlTemplate":"https:\/\/www.lraloeverashop.eu\/pt-pt\/?s={search_term_string}"},"query-input":{"@type":"PropertyValueSpecification","valueRequired":true,"valueName":"search_term_string"}}],"inLanguage":"pt-PT"},{"@type":"Organization","@id":"https:\/\/www.lraloeverashop.eu\/pt-pt\/#organization","name":"Loja Lr Aloe Vera","alternateName":"LR","url":"https:\/\/www.lraloeverashop.eu\/pt-pt\/","logo":{"@type":"ImageObject","inLanguage":"pt-PT","@id":"https:\/\/www.lraloeverashop.eu\/pt-pt\/#\/schema\/logo\/image\/","url":"https:\/\/www.lraloeverashop.eu\/wp-content\/uploads\/2022\/09\/cropped-Lr-Aloe-Vera-Shop.jpg","contentUrl":"https:\/\/www.lraloeverashop.eu\/wp-content\/uploads\/2022\/09\/cropped-Lr-Aloe-Vera-Shop.jpg","width":228,"height":76,"caption":"Loja Lr Aloe Vera"},"image":{"@id":"https:\/\/www.lraloeverashop.eu\/pt-pt\/#\/schema\/logo\/image\/"},"sameAs":["https:\/\/www.facebook.com\/lraloeverashop.eu","https:\/\/x.com\/natur__kosmetik","https:\/\/www.youtube.com\/channel\/UC5oN7BJ8nfYb8RpVtjwDEBA","https:\/\/www.instagram.com\/lrbeautyeu\/"],"description":"Loja Lr Aloe Vera \u00e9 o seu destino de confian\u00e7a para os produtos de sa\u00fade e beleza premium da LR, fabricados na Alemanha. Oferecemos solu\u00e7\u00f5es de alta qualidade para o cuidado da pele, nutri\u00e7\u00e3o e antienvelhecimento \u00e0 base de Alo\u00e9 Vera, elaboradas com ingredientes puros e apoiadas em investiga\u00e7\u00e3o cient\u00edfica. Descubra o cuidado natural que regenera, protege e revitaliza a sua pele \u2014 e aproveite as ofertas mensais exclusivas nos nossos produtos LR Alo\u00e9 Vera mais vendidos.\nComece hoje mesmo a sua jornada de cuidados naturais com a pele e sinta a diferen\u00e7a.","email":"info@lraloeverashop.eu","telephone":"+49 17670609653","legalName":"Lr Aloe Vera Shop","foundingDate":"2018-04-21","numberOfEmployees":{"@type":"QuantitativeValue","minValue":"1","maxValue":"10"}}]},"product_price_amount":"18.99","product_price_currency":"EUR","og_availability":"out of stock","product_availability":"out of stock","product_retailer_item_id":"20818-1PT","product_condition":"new"},"taxonomy_info":{"product_cat":[{"value":215,"label":"Aloe Vera"},{"value":235,"label":"CBD"},{"value":240,"label":"Cuidado Facial"},{"value":354,"label":"Promo\u00e7\u00f5es"}],"product_tag":[{"value":609,"label":"produtos CBD"},{"value":669,"label":"Produtos de cuidados faciais"}]},"featured_image_src_large":["https:\/\/www.lraloeverashop.eu\/wp-content\/uploads\/2022\/10\/Lr-Aloe-Vera-CBD-Bi-Phase-Face-Serum-1024x1024.jpg",1024,1024,true],"author_info":[],"comment_info":0,"_links":{"self":[{"href":"https:\/\/www.lraloeverashop.eu\/pt-pt\/wp-json\/wp\/v2\/product\/10433","targetHints":{"allow":["GET"]}}],"collection":[{"href":"https:\/\/www.lraloeverashop.eu\/pt-pt\/wp-json\/wp\/v2\/product"}],"about":[{"href":"https:\/\/www.lraloeverashop.eu\/pt-pt\/wp-json\/wp\/v2\/types\/product"}],"replies":[{"embeddable":true,"href":"https:\/\/www.lraloeverashop.eu\/pt-pt\/wp-json\/wp\/v2\/comments?post=10433"}],"wp:featuredmedia":[{"embeddable":true,"href":"https:\/\/www.lraloeverashop.eu\/pt-pt\/wp-json\/wp\/v2\/media\/4917"}],"wp:attachment":[{"href":"https:\/\/www.lraloeverashop.eu\/pt-pt\/wp-json\/wp\/v2\/media?parent=10433"}],"wp:term":[{"taxonomy":"product_brand","embeddable":true,"href":"https:\/\/www.lraloeverashop.eu\/pt-pt\/wp-json\/wp\/v2\/product_brand?post=10433"},{"taxonomy":"product_cat","embeddable":true,"href":"https:\/\/www.lraloeverashop.eu\/pt-pt\/wp-json\/wp\/v2\/product_cat?post=10433"},{"taxonomy":"product_tag","embeddable":true,"href":"https:\/\/www.lraloeverashop.eu\/pt-pt\/wp-json\/wp\/v2\/product_tag?post=10433"}],"curies":[{"name":"wp","href":"https:\/\/api.w.org\/{rel}","templated":true}]}}