{"id":10397,"date":"2022-10-10T23:11:01","date_gmt":"2022-10-10T21:11:01","guid":{"rendered":"https:\/\/www.lraloeverashop.eu\/product\/aloe-vera-esfoliante-facial-aperfeicoador\/"},"modified":"2026-02-08T10:30:23","modified_gmt":"2026-02-08T09:30:23","slug":"aloe-vera-esfoliante-facial-aperfeicoador","status":"publish","type":"product","link":"https:\/\/www.lraloeverashop.eu\/pt-pt\/produto\/aloe-vera-esfoliante-facial-aperfeicoador\/","title":{"rendered":"Esfoliante Para Rosto Aloe Vera"},"content":{"rendered":"<h2><span style=\"font-size: 16pt;\"><strong>Esfoliante Para Rosto Aloe Vera<\/strong><\/span><\/h2>\n<p><span style=\"font-size: 14pt;\"><strong>Esfoliante Para Rosto Aloe Vera Melhora a Apar\u00eancia da Pele<\/strong><\/span><\/p>\n<p>O suave Esfoliante Facial Aperfei\u00e7oador, com 50% de Aloe Vera, oferece uma limpeza delicada mas eficaz para a pele. Suas finas part\u00edculas esfoliantes removem suavemente as c\u00e9lulas mortas e as impurezas.<\/p>\n<p>Gra\u00e7as ao seu alto teor de Aloe Vera, a esfolia\u00e7\u00e3o \u00e9 extremamente refrescante, ao mesmo tempo que oferece uma pele lisa e uniforme. O Extrato de Rosa Selvagem \u00e9 conhecido por sua a\u00e7\u00e3o regenerativa. A <a href=\"https:\/\/www.lraloeverashop.eu\/pt-pt\/produto\/esfoliante-corporal-aloe-vera-cbd\/\">esfolia\u00e7\u00e3o<\/a> fortalece a estrutura da pele, proporcionando m\u00e1xima hidrata\u00e7\u00e3o. As part\u00edculas esfoliantes naturais removem o excesso de sebo, proporcionando um brilho saud\u00e1vel \u00e0 pele.<\/p>\n<p>&nbsp;<\/p>\n<h3><strong><span style=\"font-size: 16pt;\">Modo de uso<\/span><\/strong><\/h3>\n<p>Aplique o Esfoliante Para Rosto Aloe Vera sobre a pele h\u00famida e massaje com <a href=\"https:\/\/www.lraloeverashop.eu\/pt-pt\/produto\/acessorio-de-esfoliacao-zeitgard-pro\/\">movimentos circulares<\/a>. suaves. at\u00e9 absorver. Evite a zona dos olhos. A seguir. remova o esfoliante lavando o rosto com \u00e1gua morna abundante e aplique um creme nutritivo. Para obter um efeito duradouro. no caso da pele normal. fa\u00e7a a esfolia\u00e7\u00e3o uma a duas vezes por semana. Adequado tamb\u00e9m para o pesco\u00e7o e a zona do decote.<\/p>\n<p>&nbsp;<\/p>\n<h4><span style=\"font-size: 16pt;\">Perguntas mais frequentes<\/span><\/h4>\n<p><strong>Qual \u00e9 o efeito do Esfoliante Para Rosto Aloe Vera?<\/strong><br \/>\nO Esfoliante Facial remove as c\u00e9lulas mortas da pele, melhora a elasticidade e melhora a apar\u00eancia da pele.<br \/>\nA massagem facial suave durante a sess\u00e3o esfoliante aumenta a produ\u00e7\u00e3o de col\u00e1geno e elastina, resultando em uma redu\u00e7\u00e3o vis\u00edvel das linhas de express\u00e3o. Al\u00e9m disso, o esfoliante ajuda a aumentar a capacidade da pele de absorver com efic\u00e1cia os ingredientes dos outros <a href=\"https:\/\/www.lraloeverashop.eu\/pt-pt\/produto\/creme-limpeza-rosto-zeitgard-pro\/\">produtos de cuidado<\/a>.<\/p>\n","protected":false},"excerpt":{"rendered":"<ul>\n<li>Com 50% de Aloe Vera<\/li>\n<li>Com extrato de rosa silvestre e gr\u00e3os esfoliantes naturais<\/li>\n<li>Limpeza suave, por\u00e9m profunda, para uma tez brilhante e fresca<\/li>\n<li>Melhora a apar\u00eancia da pele<\/li>\n<li>Conte\u00fado: 50 ml<\/li>\n<\/ul>\n<p><span style=\"color: #ff0000;\"><a style=\"color: #ff0000;\" href=\"https:\/\/shop.lrworld.com\/openpao?PHP=0vFlt7jT938BEnBI3a6e9w%3D%3D\"><span style=\"font-size: 14pt;\"><strong>Registe-se aqui e poupe 35% em todos os pedidos<\/strong><\/span><\/a><\/span><\/p>\n","protected":false},"featured_media":4983,"comment_status":"open","ping_status":"closed","template":"","meta":{"_kad_blocks_custom_css":"","_kad_blocks_head_custom_js":"","_kad_blocks_body_custom_js":"","_kad_blocks_footer_custom_js":"","_kadence_starter_templates_imported_post":false,"_kad_post_transparent":"default","_kad_post_title":"","_kad_post_layout":"default","_kad_post_sidebar_id":"","_kad_post_content_style":"default","_kad_post_vertical_padding":"default","_kad_post_feature":"","_kad_post_feature_position":"","_kad_post_header":false,"_kad_post_footer":false,"_kad_post_classname":""},"product_brand":[],"product_cat":[215,240],"product_tag":[],"class_list":{"0":"post-10397","1":"product","2":"type-product","3":"status-publish","4":"has-post-thumbnail","6":"product_cat-aloe-vera-pt-pt","7":"product_cat-cuidado-de-rosto","9":"first","10":"instock","11":"taxable","12":"shipping-taxable","13":"purchasable","14":"product-type-simple","15":"entry","16":"content-bg","17":"loop-entry"},"yoast_head":"<!-- This site is optimized with the Yoast SEO Premium plugin v27.3 (Yoast SEO v27.3) - https:\/\/yoast.com\/product\/yoast-seo-premium-wordpress\/ -->\n<title>Esfoliante Para Rosto Aloe Vera<\/title>\n<meta name=\"description\" content=\"Esfoliante Para Rosto Aloe Vera oferece uma limpeza mas eficaz para a pele. Gra\u00e7as ao seu alto teor de Aloe Vera, a esfolia\u00e7\u00e3o \u00e9 extremamente refrescante\" \/>\n<meta name=\"robots\" content=\"index, follow, max-snippet:-1, max-image-preview:large, max-video-preview:-1\" \/>\n<link rel=\"canonical\" href=\"https:\/\/www.lraloeverashop.eu\/pt-pt\/produto\/aloe-vera-esfoliante-facial-aperfeicoador\/\" \/>\n<meta property=\"og:locale\" content=\"pt_PT\" \/>\n<meta property=\"og:type\" content=\"article\" \/>\n<meta property=\"og:title\" content=\"Esfoliante Para Rosto Aloe Vera\" \/>\n<meta property=\"og:description\" content=\"Esfoliante Para Rosto Aloe Vera oferece uma limpeza mas eficaz para a pele. Gra\u00e7as ao seu alto teor de Aloe Vera, a esfolia\u00e7\u00e3o \u00e9 extremamente refrescante\" \/>\n<meta property=\"og:url\" content=\"https:\/\/www.lraloeverashop.eu\/pt-pt\/produto\/aloe-vera-esfoliante-facial-aperfeicoador\/\" \/>\n<meta property=\"og:site_name\" content=\"Lr Loja Aloe Vera\" \/>\n<meta property=\"article:publisher\" content=\"https:\/\/www.facebook.com\/lraloeverashop.eu\" \/>\n<meta property=\"article:modified_time\" content=\"2026-02-08T09:30:23+00:00\" \/>\n<meta property=\"og:image\" content=\"https:\/\/www.lraloeverashop.eu\/wp-content\/uploads\/2022\/10\/Lr-Aloe-Vera-Face-Scrub.jpg\" \/>\n\t<meta property=\"og:image:width\" content=\"1200\" \/>\n\t<meta property=\"og:image:height\" content=\"1200\" \/>\n\t<meta property=\"og:image:type\" content=\"image\/jpeg\" \/>\n<meta name=\"twitter:card\" content=\"summary_large_image\" \/>\n<meta name=\"twitter:site\" content=\"@natur__kosmetik\" \/>\n<script type=\"application\/ld+json\" class=\"yoast-schema-graph\">{\"@context\":\"https:\\\/\\\/schema.org\",\"@graph\":[{\"@type\":[\"WebPage\",\"ItemPage\"],\"@id\":\"https:\\\/\\\/www.lraloeverashop.eu\\\/pt-pt\\\/produto\\\/aloe-vera-esfoliante-facial-aperfeicoador\\\/\",\"url\":\"https:\\\/\\\/www.lraloeverashop.eu\\\/pt-pt\\\/produto\\\/aloe-vera-esfoliante-facial-aperfeicoador\\\/\",\"name\":\"Esfoliante Para Rosto Aloe Vera\",\"isPartOf\":{\"@id\":\"https:\\\/\\\/www.lraloeverashop.eu\\\/pt-pt\\\/#website\"},\"primaryImageOfPage\":{\"@id\":\"https:\\\/\\\/www.lraloeverashop.eu\\\/pt-pt\\\/produto\\\/aloe-vera-esfoliante-facial-aperfeicoador\\\/#primaryimage\"},\"image\":{\"@id\":\"https:\\\/\\\/www.lraloeverashop.eu\\\/pt-pt\\\/produto\\\/aloe-vera-esfoliante-facial-aperfeicoador\\\/#primaryimage\"},\"thumbnailUrl\":\"https:\\\/\\\/www.lraloeverashop.eu\\\/wp-content\\\/uploads\\\/2022\\\/10\\\/Lr-Aloe-Vera-Face-Scrub.jpg\",\"datePublished\":\"2022-10-10T21:11:01+00:00\",\"dateModified\":\"2026-02-08T09:30:23+00:00\",\"description\":\"Esfoliante Para Rosto Aloe Vera oferece uma limpeza mas eficaz para a pele. Gra\u00e7as ao seu alto teor de Aloe Vera, a esfolia\u00e7\u00e3o \u00e9 extremamente refrescante\",\"breadcrumb\":{\"@id\":\"https:\\\/\\\/www.lraloeverashop.eu\\\/pt-pt\\\/produto\\\/aloe-vera-esfoliante-facial-aperfeicoador\\\/#breadcrumb\"},\"inLanguage\":\"pt-PT\",\"potentialAction\":[{\"@type\":\"ReadAction\",\"target\":[\"https:\\\/\\\/www.lraloeverashop.eu\\\/pt-pt\\\/produto\\\/aloe-vera-esfoliante-facial-aperfeicoador\\\/\"]}]},{\"@type\":\"ImageObject\",\"inLanguage\":\"pt-PT\",\"@id\":\"https:\\\/\\\/www.lraloeverashop.eu\\\/pt-pt\\\/produto\\\/aloe-vera-esfoliante-facial-aperfeicoador\\\/#primaryimage\",\"url\":\"https:\\\/\\\/www.lraloeverashop.eu\\\/wp-content\\\/uploads\\\/2022\\\/10\\\/Lr-Aloe-Vera-Face-Scrub.jpg\",\"contentUrl\":\"https:\\\/\\\/www.lraloeverashop.eu\\\/wp-content\\\/uploads\\\/2022\\\/10\\\/Lr-Aloe-Vera-Face-Scrub.jpg\",\"width\":1200,\"height\":1200,\"caption\":\"Esfoliante Para Rosto Aloe Vera Aperfei\u00e7oador melhora a apar\u00eancia da pele\"},{\"@type\":\"BreadcrumbList\",\"@id\":\"https:\\\/\\\/www.lraloeverashop.eu\\\/pt-pt\\\/produto\\\/aloe-vera-esfoliante-facial-aperfeicoador\\\/#breadcrumb\",\"itemListElement\":[{\"@type\":\"ListItem\",\"position\":1,\"name\":\"Home\",\"item\":\"https:\\\/\\\/www.lraloeverashop.eu\\\/pt-pt\\\/\"},{\"@type\":\"ListItem\",\"position\":2,\"name\":\"Loja\",\"item\":\"https:\\\/\\\/www.lraloeverashop.eu\\\/pt-pt\\\/loja\\\/\"},{\"@type\":\"ListItem\",\"position\":3,\"name\":\"Esfoliante Para Rosto Aloe Vera\"}]},{\"@type\":\"WebSite\",\"@id\":\"https:\\\/\\\/www.lraloeverashop.eu\\\/pt-pt\\\/#website\",\"url\":\"https:\\\/\\\/www.lraloeverashop.eu\\\/pt-pt\\\/\",\"name\":\"Lr Loja Aloe Vera\",\"description\":\"High Quality Lr Aloe Vera Gel, Aloe Vera Cream and Shampoo\",\"publisher\":{\"@id\":\"https:\\\/\\\/www.lraloeverashop.eu\\\/pt-pt\\\/#organization\"},\"potentialAction\":[{\"@type\":\"SearchAction\",\"target\":{\"@type\":\"EntryPoint\",\"urlTemplate\":\"https:\\\/\\\/www.lraloeverashop.eu\\\/pt-pt\\\/?s={search_term_string}\"},\"query-input\":{\"@type\":\"PropertyValueSpecification\",\"valueRequired\":true,\"valueName\":\"search_term_string\"}}],\"inLanguage\":\"pt-PT\"},{\"@type\":\"Organization\",\"@id\":\"https:\\\/\\\/www.lraloeverashop.eu\\\/pt-pt\\\/#organization\",\"name\":\"Lr Loja Aloe Vera\",\"alternateName\":\"LR\",\"url\":\"https:\\\/\\\/www.lraloeverashop.eu\\\/pt-pt\\\/\",\"logo\":{\"@type\":\"ImageObject\",\"inLanguage\":\"pt-PT\",\"@id\":\"https:\\\/\\\/www.lraloeverashop.eu\\\/pt-pt\\\/#\\\/schema\\\/logo\\\/image\\\/\",\"url\":\"https:\\\/\\\/www.lraloeverashop.eu\\\/wp-content\\\/uploads\\\/2022\\\/09\\\/cropped-Lr-Aloe-Vera-Shop.jpg\",\"contentUrl\":\"https:\\\/\\\/www.lraloeverashop.eu\\\/wp-content\\\/uploads\\\/2022\\\/09\\\/cropped-Lr-Aloe-Vera-Shop.jpg\",\"width\":228,\"height\":76,\"caption\":\"Lr Loja Aloe Vera\"},\"image\":{\"@id\":\"https:\\\/\\\/www.lraloeverashop.eu\\\/pt-pt\\\/#\\\/schema\\\/logo\\\/image\\\/\"},\"sameAs\":[\"https:\\\/\\\/www.facebook.com\\\/lraloeverashop.eu\",\"https:\\\/\\\/x.com\\\/natur__kosmetik\",\"https:\\\/\\\/www.youtube.com\\\/channel\\\/UC5oN7BJ8nfYb8RpVtjwDEBA\",\"https:\\\/\\\/www.instagram.com\\\/lrbeautyeu\\\/\"]}]}<\/script>\n<meta property=\"product:price:amount\" content=\"15.39\" \/>\n<meta property=\"product:price:currency\" content=\"EUR\" \/>\n<meta property=\"og:availability\" content=\"instock\" \/>\n<meta property=\"product:availability\" content=\"instock\" \/>\n<meta property=\"product:retailer_item_id\" content=\"20673-201PT\" \/>\n<meta property=\"product:condition\" content=\"new\" \/>\n<!-- \/ Yoast SEO Premium plugin. -->","yoast_head_json":{"title":"Esfoliante Para Rosto Aloe Vera","description":"Esfoliante Para Rosto Aloe Vera oferece uma limpeza mas eficaz para a pele. Gra\u00e7as ao seu alto teor de Aloe Vera, a esfolia\u00e7\u00e3o \u00e9 extremamente refrescante","robots":{"index":"index","follow":"follow","max-snippet":"max-snippet:-1","max-image-preview":"max-image-preview:large","max-video-preview":"max-video-preview:-1"},"canonical":"https:\/\/www.lraloeverashop.eu\/pt-pt\/produto\/aloe-vera-esfoliante-facial-aperfeicoador\/","og_locale":"pt_PT","og_type":"article","og_title":"Esfoliante Para Rosto Aloe Vera","og_description":"Esfoliante Para Rosto Aloe Vera oferece uma limpeza mas eficaz para a pele. Gra\u00e7as ao seu alto teor de Aloe Vera, a esfolia\u00e7\u00e3o \u00e9 extremamente refrescante","og_url":"https:\/\/www.lraloeverashop.eu\/pt-pt\/produto\/aloe-vera-esfoliante-facial-aperfeicoador\/","og_site_name":"Lr Loja Aloe Vera","article_publisher":"https:\/\/www.facebook.com\/lraloeverashop.eu","article_modified_time":"2026-02-08T09:30:23+00:00","og_image":[{"width":1200,"height":1200,"url":"https:\/\/www.lraloeverashop.eu\/wp-content\/uploads\/2022\/10\/Lr-Aloe-Vera-Face-Scrub.jpg","type":"image\/jpeg"}],"twitter_card":"summary_large_image","twitter_site":"@natur__kosmetik","schema":{"@context":"https:\/\/schema.org","@graph":[{"@type":["WebPage","ItemPage"],"@id":"https:\/\/www.lraloeverashop.eu\/pt-pt\/produto\/aloe-vera-esfoliante-facial-aperfeicoador\/","url":"https:\/\/www.lraloeverashop.eu\/pt-pt\/produto\/aloe-vera-esfoliante-facial-aperfeicoador\/","name":"Esfoliante Para Rosto Aloe Vera","isPartOf":{"@id":"https:\/\/www.lraloeverashop.eu\/pt-pt\/#website"},"primaryImageOfPage":{"@id":"https:\/\/www.lraloeverashop.eu\/pt-pt\/produto\/aloe-vera-esfoliante-facial-aperfeicoador\/#primaryimage"},"image":{"@id":"https:\/\/www.lraloeverashop.eu\/pt-pt\/produto\/aloe-vera-esfoliante-facial-aperfeicoador\/#primaryimage"},"thumbnailUrl":"https:\/\/www.lraloeverashop.eu\/wp-content\/uploads\/2022\/10\/Lr-Aloe-Vera-Face-Scrub.jpg","datePublished":"2022-10-10T21:11:01+00:00","dateModified":"2026-02-08T09:30:23+00:00","description":"Esfoliante Para Rosto Aloe Vera oferece uma limpeza mas eficaz para a pele. Gra\u00e7as ao seu alto teor de Aloe Vera, a esfolia\u00e7\u00e3o \u00e9 extremamente refrescante","breadcrumb":{"@id":"https:\/\/www.lraloeverashop.eu\/pt-pt\/produto\/aloe-vera-esfoliante-facial-aperfeicoador\/#breadcrumb"},"inLanguage":"pt-PT","potentialAction":[{"@type":"ReadAction","target":["https:\/\/www.lraloeverashop.eu\/pt-pt\/produto\/aloe-vera-esfoliante-facial-aperfeicoador\/"]}]},{"@type":"ImageObject","inLanguage":"pt-PT","@id":"https:\/\/www.lraloeverashop.eu\/pt-pt\/produto\/aloe-vera-esfoliante-facial-aperfeicoador\/#primaryimage","url":"https:\/\/www.lraloeverashop.eu\/wp-content\/uploads\/2022\/10\/Lr-Aloe-Vera-Face-Scrub.jpg","contentUrl":"https:\/\/www.lraloeverashop.eu\/wp-content\/uploads\/2022\/10\/Lr-Aloe-Vera-Face-Scrub.jpg","width":1200,"height":1200,"caption":"Esfoliante Para Rosto Aloe Vera Aperfei\u00e7oador melhora a apar\u00eancia da pele"},{"@type":"BreadcrumbList","@id":"https:\/\/www.lraloeverashop.eu\/pt-pt\/produto\/aloe-vera-esfoliante-facial-aperfeicoador\/#breadcrumb","itemListElement":[{"@type":"ListItem","position":1,"name":"Home","item":"https:\/\/www.lraloeverashop.eu\/pt-pt\/"},{"@type":"ListItem","position":2,"name":"Loja","item":"https:\/\/www.lraloeverashop.eu\/pt-pt\/loja\/"},{"@type":"ListItem","position":3,"name":"Esfoliante Para Rosto Aloe Vera"}]},{"@type":"WebSite","@id":"https:\/\/www.lraloeverashop.eu\/pt-pt\/#website","url":"https:\/\/www.lraloeverashop.eu\/pt-pt\/","name":"Lr Loja Aloe Vera","description":"High Quality Lr Aloe Vera Gel, Aloe Vera Cream and Shampoo","publisher":{"@id":"https:\/\/www.lraloeverashop.eu\/pt-pt\/#organization"},"potentialAction":[{"@type":"SearchAction","target":{"@type":"EntryPoint","urlTemplate":"https:\/\/www.lraloeverashop.eu\/pt-pt\/?s={search_term_string}"},"query-input":{"@type":"PropertyValueSpecification","valueRequired":true,"valueName":"search_term_string"}}],"inLanguage":"pt-PT"},{"@type":"Organization","@id":"https:\/\/www.lraloeverashop.eu\/pt-pt\/#organization","name":"Lr Loja Aloe Vera","alternateName":"LR","url":"https:\/\/www.lraloeverashop.eu\/pt-pt\/","logo":{"@type":"ImageObject","inLanguage":"pt-PT","@id":"https:\/\/www.lraloeverashop.eu\/pt-pt\/#\/schema\/logo\/image\/","url":"https:\/\/www.lraloeverashop.eu\/wp-content\/uploads\/2022\/09\/cropped-Lr-Aloe-Vera-Shop.jpg","contentUrl":"https:\/\/www.lraloeverashop.eu\/wp-content\/uploads\/2022\/09\/cropped-Lr-Aloe-Vera-Shop.jpg","width":228,"height":76,"caption":"Lr Loja Aloe Vera"},"image":{"@id":"https:\/\/www.lraloeverashop.eu\/pt-pt\/#\/schema\/logo\/image\/"},"sameAs":["https:\/\/www.facebook.com\/lraloeverashop.eu","https:\/\/x.com\/natur__kosmetik","https:\/\/www.youtube.com\/channel\/UC5oN7BJ8nfYb8RpVtjwDEBA","https:\/\/www.instagram.com\/lrbeautyeu\/"]}]},"product_price_amount":"15.39","product_price_currency":"EUR","og_availability":"instock","product_availability":"instock","product_retailer_item_id":"20673-201PT","product_condition":"new"},"taxonomy_info":{"product_cat":[{"value":215,"label":"Aloe Vera"},{"value":240,"label":"Cuidado Facial"}]},"featured_image_src_large":["https:\/\/www.lraloeverashop.eu\/wp-content\/uploads\/2022\/10\/Lr-Aloe-Vera-Face-Scrub-1024x1024.jpg",1024,1024,true],"author_info":[],"comment_info":0,"_links":{"self":[{"href":"https:\/\/www.lraloeverashop.eu\/pt-pt\/wp-json\/wp\/v2\/product\/10397","targetHints":{"allow":["GET"]}}],"collection":[{"href":"https:\/\/www.lraloeverashop.eu\/pt-pt\/wp-json\/wp\/v2\/product"}],"about":[{"href":"https:\/\/www.lraloeverashop.eu\/pt-pt\/wp-json\/wp\/v2\/types\/product"}],"replies":[{"embeddable":true,"href":"https:\/\/www.lraloeverashop.eu\/pt-pt\/wp-json\/wp\/v2\/comments?post=10397"}],"wp:featuredmedia":[{"embeddable":true,"href":"https:\/\/www.lraloeverashop.eu\/pt-pt\/wp-json\/wp\/v2\/media\/4983"}],"wp:attachment":[{"href":"https:\/\/www.lraloeverashop.eu\/pt-pt\/wp-json\/wp\/v2\/media?parent=10397"}],"wp:term":[{"taxonomy":"product_brand","embeddable":true,"href":"https:\/\/www.lraloeverashop.eu\/pt-pt\/wp-json\/wp\/v2\/product_brand?post=10397"},{"taxonomy":"product_cat","embeddable":true,"href":"https:\/\/www.lraloeverashop.eu\/pt-pt\/wp-json\/wp\/v2\/product_cat?post=10397"},{"taxonomy":"product_tag","embeddable":true,"href":"https:\/\/www.lraloeverashop.eu\/pt-pt\/wp-json\/wp\/v2\/product_tag?post=10397"}],"curies":[{"name":"wp","href":"https:\/\/api.w.org\/{rel}","templated":true}]}}