{"id":10259,"date":"2022-10-11T11:40:01","date_gmt":"2022-10-11T09:40:01","guid":{"rendered":"https:\/\/www.lraloeverashop.eu\/product\/aloe-vera-creme-facial-e-corporal-para-bebes\/"},"modified":"2026-02-08T10:27:49","modified_gmt":"2026-02-08T09:27:49","slug":"aloe-vera-creme-facial-e-corporal-para-bebes","status":"publish","type":"product","link":"https:\/\/www.lraloeverashop.eu\/pt-pt\/produto\/aloe-vera-creme-facial-e-corporal-para-bebes\/","title":{"rendered":"Creme Facial Para Crian\u00e7as Aloe Vera"},"content":{"rendered":"<h2><span style=\"font-size: 16pt;\"><strong>Creme Facial Para Crian\u00e7as Aloe Vera<\/strong><\/span><\/h2>\n<p><span style=\"font-size: 14pt;\"><strong>Creme Facial Para Crian\u00e7as Aloe Vera \u2013 O Melhor Creme de Aloe Vera para o seu Beb\u00ea<\/strong><\/span><\/p>\n<p>A pele de um beb\u00ea \u00e9 ainda mais sens\u00edvel do que a pele de um adulto. Precisa cuidados especiais para mant\u00ea-la macia e protegida. Lr Aloe Vera Creme Facial e Corporal para pele Sens\u00edvel para Beb\u00eas com 40% de Aloe Vera, extrato org\u00e2nico de cal\u00eandula e pantenol, hidrata a pele e refor\u00e7a a barreira natural da pele.<\/p>\n<p>&nbsp;<\/p>\n<h3><strong><span style=\"font-size: 16pt;\">Modo de usar<\/span><\/strong><\/h3>\n<p>Aplique Creme Facial Para Crian\u00e7as Aloe Vera diariamente a lo\u00e7\u00e3o facial e corporal de aloe vera, de acordo com as <a href=\"https:\/\/www.lraloeverashop.eu\/pt-pt\/produto\/aloe-vera-para-criancas-3em1\/\">necessidades do beb\u00ea<\/a>, massageando suavemente na pele.<\/p>\n<p>&nbsp;<\/p>\n<h4><span style=\"font-size: 16pt;\">Voc\u00ea sabia?<\/span><\/h4>\n<p><strong>Aloe Vera<\/strong><br \/>\nAloe Vera \u00e9 um l\u00edrio do deserto e \u00e9 conhecido como um &#8220;Multi talento&#8221; para uso interno e externo. Por causa de suas conhecidas propriedades positivas, por exemplo. Sua capacidade de armazenar \u00e1gua muito bem, assim como seu efeito extremamente positivo no corpo, \u00e9 a base de muitos produtos LR. A LR usa apenas Aloe Vera Barbadensis Miller para sua produ\u00e7\u00e3o.<br \/>\nEla j\u00e1 provou sua \u201chabilidade\u201d nos primeiros tempos: dizem que Nefertiti e Cle\u00f3patra usaram uma pasta de babosa para cuidar da pele e da beleza.<\/p>\n<p><strong>Calendula<\/strong><br \/>\nO cal\u00eandula, \u00e9 comum em toda a Europa Central e Meridional, \u00c1sia Ocidental e Estados Unidos. Seus frutos s\u00e3o em forma de crescente a anelados &#8211; da\u00ed o nome &#8220;cal\u00eandula&#8221;.<br \/>\nA cal\u00eandula tem sido usada para apoiar a pele desde os tempos antigos. Seu efeito \u00e9 variado. Quando usado internamente, pode ter efeito calmante, relaxante e vitalizante. Quando usado externamente, o cal\u00eandula pode ser encontrado em cremes, \u00f3leos ou tinturas e pode ser usado para uma variedade de irrita\u00e7\u00f5es da pele.<\/p>\n<div class=\"entry-content-asset videofit\"><iframe loading=\"lazy\" title=\"Aloe Vera Para Ni\u00f1os\" width=\"720\" height=\"405\" src=\"https:\/\/www.youtube.com\/embed\/e1njgBEYwKQ?feature=oembed\" frameborder=\"0\" allow=\"accelerometer; autoplay; clipboard-write; encrypted-media; gyroscope; picture-in-picture; web-share\" referrerpolicy=\"strict-origin-when-cross-origin\" allowfullscreen><\/iframe><\/div>\n<p>&nbsp;<\/p>\n","protected":false},"excerpt":{"rendered":"<ul>\n<li>Creme extra macio e leve para peles sens\u00edveis<\/li>\n<li>Cont\u00e9m 40% de gel de Aloe Vera, extrato de cal\u00eandula org\u00e2nica e pantenol<\/li>\n<li>Suporta a barreira da pele e protege contra a perda de umidade<\/li>\n<li>Hidrata, nutre e acalma<\/li>\n<li>Sem perfume<\/li>\n<li>Conte\u00fado: 100 ml<\/li>\n<\/ul>\n<p><span style=\"color: #ff0000;\"><a style=\"color: #ff0000;\" href=\"https:\/\/shop.lrworld.com\/openpao?PHP=0vFlt7jT938BEnBI3a6e9w%3D%3D\"><span style=\"font-size: 14pt;\"><strong>Registe-se aqui e poupe 35% em todos os pedidos<\/strong><\/span><\/a><\/span><\/p>\n","protected":false},"featured_media":5055,"comment_status":"open","ping_status":"closed","template":"","meta":{"_kad_blocks_custom_css":"","_kad_blocks_head_custom_js":"","_kad_blocks_body_custom_js":"","_kad_blocks_footer_custom_js":"","_kadence_starter_templates_imported_post":false,"_kad_post_transparent":"default","_kad_post_title":"","_kad_post_layout":"default","_kad_post_sidebar_id":"","_kad_post_content_style":"default","_kad_post_vertical_padding":"default","_kad_post_feature":"","_kad_post_feature_position":"","_kad_post_header":false,"_kad_post_footer":false,"_kad_post_classname":""},"product_brand":[],"product_cat":[215,221],"product_tag":[],"class_list":{"0":"post-10259","1":"product","2":"type-product","3":"status-publish","4":"has-post-thumbnail","6":"product_cat-aloe-vera-pt-pt","7":"product_cat-cuidado-do-bebe","9":"first","10":"outofstock","11":"taxable","12":"shipping-taxable","13":"purchasable","14":"product-type-simple","15":"entry","16":"content-bg","17":"loop-entry"},"yoast_head":"<!-- This site is optimized with the Yoast SEO Premium plugin v27.6 (Yoast SEO v27.6) - https:\/\/yoast.com\/product\/yoast-seo-premium-wordpress\/ -->\n<title>Creme Facial Para Crian\u00e7as Aloe Vera hidrata, nutre e acalma<\/title>\n<meta name=\"description\" content=\"Creme Facial Para Crian\u00e7as cont\u00e9m 40% de gel Aloe Vera, extrato de cal\u00eandula org\u00e2nica e pantenol. Hidrata e refor\u00e7a a barreira natural da pele.\" \/>\n<meta name=\"robots\" content=\"index, follow, max-snippet:-1, max-image-preview:large, max-video-preview:-1\" \/>\n<link rel=\"canonical\" href=\"https:\/\/www.lraloeverashop.eu\/pt-pt\/produto\/aloe-vera-creme-facial-e-corporal-para-bebes\/\" \/>\n<meta property=\"og:locale\" content=\"pt_PT\" \/>\n<meta property=\"og:type\" content=\"article\" \/>\n<meta property=\"og:title\" content=\"Creme Facial Para Crian\u00e7as Aloe Vera\" \/>\n<meta property=\"og:description\" content=\"Creme Facial Para Crian\u00e7as cont\u00e9m 40% de gel Aloe Vera, extrato de cal\u00eandula org\u00e2nica e pantenol. Hidrata e refor\u00e7a a barreira natural da pele.\" \/>\n<meta property=\"og:url\" content=\"https:\/\/www.lraloeverashop.eu\/pt-pt\/produto\/aloe-vera-creme-facial-e-corporal-para-bebes\/\" \/>\n<meta property=\"og:site_name\" content=\"Lr Loja Aloe Vera\" \/>\n<meta property=\"article:publisher\" content=\"https:\/\/www.facebook.com\/lraloeverashop.eu\" \/>\n<meta property=\"article:modified_time\" content=\"2026-02-08T09:27:49+00:00\" \/>\n<meta property=\"og:image\" content=\"https:\/\/www.lraloeverashop.eu\/wp-content\/uploads\/2022\/10\/Lr-baby-face-body-lotion.jpg\" \/>\n\t<meta property=\"og:image:width\" content=\"1200\" \/>\n\t<meta property=\"og:image:height\" content=\"1200\" \/>\n\t<meta property=\"og:image:type\" content=\"image\/jpeg\" \/>\n<meta name=\"twitter:card\" content=\"summary_large_image\" \/>\n<meta name=\"twitter:site\" content=\"@natur__kosmetik\" \/>\n<script type=\"application\/ld+json\" class=\"yoast-schema-graph\">{\"@context\":\"https:\\\/\\\/schema.org\",\"@graph\":[{\"@type\":[\"WebPage\",\"ItemPage\"],\"@id\":\"https:\\\/\\\/www.lraloeverashop.eu\\\/pt-pt\\\/produto\\\/aloe-vera-creme-facial-e-corporal-para-bebes\\\/\",\"url\":\"https:\\\/\\\/www.lraloeverashop.eu\\\/pt-pt\\\/produto\\\/aloe-vera-creme-facial-e-corporal-para-bebes\\\/\",\"name\":\"Creme Facial Para Crian\u00e7as Aloe Vera hidrata, nutre e acalma\",\"isPartOf\":{\"@id\":\"https:\\\/\\\/www.lraloeverashop.eu\\\/pt-pt\\\/#website\"},\"primaryImageOfPage\":{\"@id\":\"https:\\\/\\\/www.lraloeverashop.eu\\\/pt-pt\\\/produto\\\/aloe-vera-creme-facial-e-corporal-para-bebes\\\/#primaryimage\"},\"image\":{\"@id\":\"https:\\\/\\\/www.lraloeverashop.eu\\\/pt-pt\\\/produto\\\/aloe-vera-creme-facial-e-corporal-para-bebes\\\/#primaryimage\"},\"thumbnailUrl\":\"https:\\\/\\\/www.lraloeverashop.eu\\\/wp-content\\\/uploads\\\/2022\\\/10\\\/Lr-baby-face-body-lotion.jpg\",\"datePublished\":\"2022-10-11T09:40:01+00:00\",\"dateModified\":\"2026-02-08T09:27:49+00:00\",\"description\":\"Creme Facial Para Crian\u00e7as cont\u00e9m 40% de gel Aloe Vera, extrato de cal\u00eandula org\u00e2nica e pantenol. Hidrata e refor\u00e7a a barreira natural da pele.\",\"breadcrumb\":{\"@id\":\"https:\\\/\\\/www.lraloeverashop.eu\\\/pt-pt\\\/produto\\\/aloe-vera-creme-facial-e-corporal-para-bebes\\\/#breadcrumb\"},\"inLanguage\":\"pt-PT\",\"potentialAction\":[{\"@type\":\"ReadAction\",\"target\":[\"https:\\\/\\\/www.lraloeverashop.eu\\\/pt-pt\\\/produto\\\/aloe-vera-creme-facial-e-corporal-para-bebes\\\/\"]}]},{\"@type\":\"ImageObject\",\"inLanguage\":\"pt-PT\",\"@id\":\"https:\\\/\\\/www.lraloeverashop.eu\\\/pt-pt\\\/produto\\\/aloe-vera-creme-facial-e-corporal-para-bebes\\\/#primaryimage\",\"url\":\"https:\\\/\\\/www.lraloeverashop.eu\\\/wp-content\\\/uploads\\\/2022\\\/10\\\/Lr-baby-face-body-lotion.jpg\",\"contentUrl\":\"https:\\\/\\\/www.lraloeverashop.eu\\\/wp-content\\\/uploads\\\/2022\\\/10\\\/Lr-baby-face-body-lotion.jpg\",\"width\":1200,\"height\":1200,\"caption\":\"Lr lo\u00e7\u00e3o corporal para rosto de beb\u00ea hidrata, nutre e acalma\"},{\"@type\":\"BreadcrumbList\",\"@id\":\"https:\\\/\\\/www.lraloeverashop.eu\\\/pt-pt\\\/produto\\\/aloe-vera-creme-facial-e-corporal-para-bebes\\\/#breadcrumb\",\"itemListElement\":[{\"@type\":\"ListItem\",\"position\":1,\"name\":\"Home\",\"item\":\"https:\\\/\\\/www.lraloeverashop.eu\\\/pt-pt\\\/\"},{\"@type\":\"ListItem\",\"position\":2,\"name\":\"Loja\",\"item\":\"https:\\\/\\\/www.lraloeverashop.eu\\\/pt-pt\\\/loja\\\/\"},{\"@type\":\"ListItem\",\"position\":3,\"name\":\"Creme Facial Para Crian\u00e7as Aloe Vera\"}]},{\"@type\":\"WebSite\",\"@id\":\"https:\\\/\\\/www.lraloeverashop.eu\\\/pt-pt\\\/#website\",\"url\":\"https:\\\/\\\/www.lraloeverashop.eu\\\/pt-pt\\\/\",\"name\":\"Lr Loja Aloe Vera\",\"description\":\"High Quality Lr Aloe Vera Gel, Aloe Vera Cream and Shampoo\",\"publisher\":{\"@id\":\"https:\\\/\\\/www.lraloeverashop.eu\\\/pt-pt\\\/#organization\"},\"alternateName\":\"LR\",\"potentialAction\":[{\"@type\":\"SearchAction\",\"target\":{\"@type\":\"EntryPoint\",\"urlTemplate\":\"https:\\\/\\\/www.lraloeverashop.eu\\\/pt-pt\\\/?s={search_term_string}\"},\"query-input\":{\"@type\":\"PropertyValueSpecification\",\"valueRequired\":true,\"valueName\":\"search_term_string\"}}],\"inLanguage\":\"pt-PT\"},{\"@type\":\"Organization\",\"@id\":\"https:\\\/\\\/www.lraloeverashop.eu\\\/pt-pt\\\/#organization\",\"name\":\"Loja Lr Aloe Vera\",\"alternateName\":\"LR\",\"url\":\"https:\\\/\\\/www.lraloeverashop.eu\\\/pt-pt\\\/\",\"logo\":{\"@type\":\"ImageObject\",\"inLanguage\":\"pt-PT\",\"@id\":\"https:\\\/\\\/www.lraloeverashop.eu\\\/pt-pt\\\/#\\\/schema\\\/logo\\\/image\\\/\",\"url\":\"https:\\\/\\\/www.lraloeverashop.eu\\\/wp-content\\\/uploads\\\/2022\\\/09\\\/cropped-Lr-Aloe-Vera-Shop.jpg\",\"contentUrl\":\"https:\\\/\\\/www.lraloeverashop.eu\\\/wp-content\\\/uploads\\\/2022\\\/09\\\/cropped-Lr-Aloe-Vera-Shop.jpg\",\"width\":228,\"height\":76,\"caption\":\"Loja Lr Aloe Vera\"},\"image\":{\"@id\":\"https:\\\/\\\/www.lraloeverashop.eu\\\/pt-pt\\\/#\\\/schema\\\/logo\\\/image\\\/\"},\"sameAs\":[\"https:\\\/\\\/www.facebook.com\\\/lraloeverashop.eu\",\"https:\\\/\\\/x.com\\\/natur__kosmetik\",\"https:\\\/\\\/www.youtube.com\\\/channel\\\/UC5oN7BJ8nfYb8RpVtjwDEBA\",\"https:\\\/\\\/www.instagram.com\\\/lrbeautyeu\\\/\"],\"description\":\"Loja Lr Aloe Vera \u00e9 o seu destino de confian\u00e7a para os produtos de sa\u00fade e beleza premium da LR, fabricados na Alemanha. Oferecemos solu\u00e7\u00f5es de alta qualidade para o cuidado da pele, nutri\u00e7\u00e3o e antienvelhecimento \u00e0 base de Alo\u00e9 Vera, elaboradas com ingredientes puros e apoiadas em investiga\u00e7\u00e3o cient\u00edfica. Descubra o cuidado natural que regenera, protege e revitaliza a sua pele \u2014 e aproveite as ofertas mensais exclusivas nos nossos produtos LR Alo\u00e9 Vera mais vendidos.\\nComece hoje mesmo a sua jornada de cuidados naturais com a pele e sinta a diferen\u00e7a.\",\"email\":\"info@lraloeverashop.eu\",\"telephone\":\"+49 17670609653\",\"legalName\":\"Lr Aloe Vera Shop\",\"foundingDate\":\"2018-04-21\",\"numberOfEmployees\":{\"@type\":\"QuantitativeValue\",\"minValue\":\"1\",\"maxValue\":\"10\"}}]}<\/script>\n<meta property=\"product:price:amount\" content=\"12.99\" \/>\n<meta property=\"product:price:currency\" content=\"EUR\" \/>\n<meta property=\"og:availability\" content=\"out of stock\" \/>\n<meta property=\"product:availability\" content=\"out of stock\" \/>\n<meta property=\"product:retailer_item_id\" content=\"20321-1PT\" \/>\n<meta property=\"product:condition\" content=\"new\" \/>\n<!-- \/ Yoast SEO Premium plugin. -->","yoast_head_json":{"title":"Creme Facial Para Crian\u00e7as Aloe Vera hidrata, nutre e acalma","description":"Creme Facial Para Crian\u00e7as cont\u00e9m 40% de gel Aloe Vera, extrato de cal\u00eandula org\u00e2nica e pantenol. Hidrata e refor\u00e7a a barreira natural da pele.","robots":{"index":"index","follow":"follow","max-snippet":"max-snippet:-1","max-image-preview":"max-image-preview:large","max-video-preview":"max-video-preview:-1"},"canonical":"https:\/\/www.lraloeverashop.eu\/pt-pt\/produto\/aloe-vera-creme-facial-e-corporal-para-bebes\/","og_locale":"pt_PT","og_type":"article","og_title":"Creme Facial Para Crian\u00e7as Aloe Vera","og_description":"Creme Facial Para Crian\u00e7as cont\u00e9m 40% de gel Aloe Vera, extrato de cal\u00eandula org\u00e2nica e pantenol. Hidrata e refor\u00e7a a barreira natural da pele.","og_url":"https:\/\/www.lraloeverashop.eu\/pt-pt\/produto\/aloe-vera-creme-facial-e-corporal-para-bebes\/","og_site_name":"Lr Loja Aloe Vera","article_publisher":"https:\/\/www.facebook.com\/lraloeverashop.eu","article_modified_time":"2026-02-08T09:27:49+00:00","og_image":[{"width":1200,"height":1200,"url":"https:\/\/www.lraloeverashop.eu\/wp-content\/uploads\/2022\/10\/Lr-baby-face-body-lotion.jpg","type":"image\/jpeg"}],"twitter_card":"summary_large_image","twitter_site":"@natur__kosmetik","schema":{"@context":"https:\/\/schema.org","@graph":[{"@type":["WebPage","ItemPage"],"@id":"https:\/\/www.lraloeverashop.eu\/pt-pt\/produto\/aloe-vera-creme-facial-e-corporal-para-bebes\/","url":"https:\/\/www.lraloeverashop.eu\/pt-pt\/produto\/aloe-vera-creme-facial-e-corporal-para-bebes\/","name":"Creme Facial Para Crian\u00e7as Aloe Vera hidrata, nutre e acalma","isPartOf":{"@id":"https:\/\/www.lraloeverashop.eu\/pt-pt\/#website"},"primaryImageOfPage":{"@id":"https:\/\/www.lraloeverashop.eu\/pt-pt\/produto\/aloe-vera-creme-facial-e-corporal-para-bebes\/#primaryimage"},"image":{"@id":"https:\/\/www.lraloeverashop.eu\/pt-pt\/produto\/aloe-vera-creme-facial-e-corporal-para-bebes\/#primaryimage"},"thumbnailUrl":"https:\/\/www.lraloeverashop.eu\/wp-content\/uploads\/2022\/10\/Lr-baby-face-body-lotion.jpg","datePublished":"2022-10-11T09:40:01+00:00","dateModified":"2026-02-08T09:27:49+00:00","description":"Creme Facial Para Crian\u00e7as cont\u00e9m 40% de gel Aloe Vera, extrato de cal\u00eandula org\u00e2nica e pantenol. Hidrata e refor\u00e7a a barreira natural da pele.","breadcrumb":{"@id":"https:\/\/www.lraloeverashop.eu\/pt-pt\/produto\/aloe-vera-creme-facial-e-corporal-para-bebes\/#breadcrumb"},"inLanguage":"pt-PT","potentialAction":[{"@type":"ReadAction","target":["https:\/\/www.lraloeverashop.eu\/pt-pt\/produto\/aloe-vera-creme-facial-e-corporal-para-bebes\/"]}]},{"@type":"ImageObject","inLanguage":"pt-PT","@id":"https:\/\/www.lraloeverashop.eu\/pt-pt\/produto\/aloe-vera-creme-facial-e-corporal-para-bebes\/#primaryimage","url":"https:\/\/www.lraloeverashop.eu\/wp-content\/uploads\/2022\/10\/Lr-baby-face-body-lotion.jpg","contentUrl":"https:\/\/www.lraloeverashop.eu\/wp-content\/uploads\/2022\/10\/Lr-baby-face-body-lotion.jpg","width":1200,"height":1200,"caption":"Lr lo\u00e7\u00e3o corporal para rosto de beb\u00ea hidrata, nutre e acalma"},{"@type":"BreadcrumbList","@id":"https:\/\/www.lraloeverashop.eu\/pt-pt\/produto\/aloe-vera-creme-facial-e-corporal-para-bebes\/#breadcrumb","itemListElement":[{"@type":"ListItem","position":1,"name":"Home","item":"https:\/\/www.lraloeverashop.eu\/pt-pt\/"},{"@type":"ListItem","position":2,"name":"Loja","item":"https:\/\/www.lraloeverashop.eu\/pt-pt\/loja\/"},{"@type":"ListItem","position":3,"name":"Creme Facial Para Crian\u00e7as Aloe Vera"}]},{"@type":"WebSite","@id":"https:\/\/www.lraloeverashop.eu\/pt-pt\/#website","url":"https:\/\/www.lraloeverashop.eu\/pt-pt\/","name":"Lr Loja Aloe Vera","description":"High Quality Lr Aloe Vera Gel, Aloe Vera Cream and Shampoo","publisher":{"@id":"https:\/\/www.lraloeverashop.eu\/pt-pt\/#organization"},"alternateName":"LR","potentialAction":[{"@type":"SearchAction","target":{"@type":"EntryPoint","urlTemplate":"https:\/\/www.lraloeverashop.eu\/pt-pt\/?s={search_term_string}"},"query-input":{"@type":"PropertyValueSpecification","valueRequired":true,"valueName":"search_term_string"}}],"inLanguage":"pt-PT"},{"@type":"Organization","@id":"https:\/\/www.lraloeverashop.eu\/pt-pt\/#organization","name":"Loja Lr Aloe Vera","alternateName":"LR","url":"https:\/\/www.lraloeverashop.eu\/pt-pt\/","logo":{"@type":"ImageObject","inLanguage":"pt-PT","@id":"https:\/\/www.lraloeverashop.eu\/pt-pt\/#\/schema\/logo\/image\/","url":"https:\/\/www.lraloeverashop.eu\/wp-content\/uploads\/2022\/09\/cropped-Lr-Aloe-Vera-Shop.jpg","contentUrl":"https:\/\/www.lraloeverashop.eu\/wp-content\/uploads\/2022\/09\/cropped-Lr-Aloe-Vera-Shop.jpg","width":228,"height":76,"caption":"Loja Lr Aloe Vera"},"image":{"@id":"https:\/\/www.lraloeverashop.eu\/pt-pt\/#\/schema\/logo\/image\/"},"sameAs":["https:\/\/www.facebook.com\/lraloeverashop.eu","https:\/\/x.com\/natur__kosmetik","https:\/\/www.youtube.com\/channel\/UC5oN7BJ8nfYb8RpVtjwDEBA","https:\/\/www.instagram.com\/lrbeautyeu\/"],"description":"Loja Lr Aloe Vera \u00e9 o seu destino de confian\u00e7a para os produtos de sa\u00fade e beleza premium da LR, fabricados na Alemanha. Oferecemos solu\u00e7\u00f5es de alta qualidade para o cuidado da pele, nutri\u00e7\u00e3o e antienvelhecimento \u00e0 base de Alo\u00e9 Vera, elaboradas com ingredientes puros e apoiadas em investiga\u00e7\u00e3o cient\u00edfica. Descubra o cuidado natural que regenera, protege e revitaliza a sua pele \u2014 e aproveite as ofertas mensais exclusivas nos nossos produtos LR Alo\u00e9 Vera mais vendidos.\nComece hoje mesmo a sua jornada de cuidados naturais com a pele e sinta a diferen\u00e7a.","email":"info@lraloeverashop.eu","telephone":"+49 17670609653","legalName":"Lr Aloe Vera Shop","foundingDate":"2018-04-21","numberOfEmployees":{"@type":"QuantitativeValue","minValue":"1","maxValue":"10"}}]},"product_price_amount":"12.99","product_price_currency":"EUR","og_availability":"out of stock","product_availability":"out of stock","product_retailer_item_id":"20321-1PT","product_condition":"new"},"taxonomy_info":{"product_cat":[{"value":215,"label":"Aloe Vera"},{"value":221,"label":"Cuidado do beb\u00ea"}]},"featured_image_src_large":["https:\/\/www.lraloeverashop.eu\/wp-content\/uploads\/2022\/10\/Lr-baby-face-body-lotion-1024x1024.jpg",1024,1024,true],"author_info":[],"comment_info":0,"_links":{"self":[{"href":"https:\/\/www.lraloeverashop.eu\/pt-pt\/wp-json\/wp\/v2\/product\/10259","targetHints":{"allow":["GET"]}}],"collection":[{"href":"https:\/\/www.lraloeverashop.eu\/pt-pt\/wp-json\/wp\/v2\/product"}],"about":[{"href":"https:\/\/www.lraloeverashop.eu\/pt-pt\/wp-json\/wp\/v2\/types\/product"}],"replies":[{"embeddable":true,"href":"https:\/\/www.lraloeverashop.eu\/pt-pt\/wp-json\/wp\/v2\/comments?post=10259"}],"wp:featuredmedia":[{"embeddable":true,"href":"https:\/\/www.lraloeverashop.eu\/pt-pt\/wp-json\/wp\/v2\/media\/5055"}],"wp:attachment":[{"href":"https:\/\/www.lraloeverashop.eu\/pt-pt\/wp-json\/wp\/v2\/media?parent=10259"}],"wp:term":[{"taxonomy":"product_brand","embeddable":true,"href":"https:\/\/www.lraloeverashop.eu\/pt-pt\/wp-json\/wp\/v2\/product_brand?post=10259"},{"taxonomy":"product_cat","embeddable":true,"href":"https:\/\/www.lraloeverashop.eu\/pt-pt\/wp-json\/wp\/v2\/product_cat?post=10259"},{"taxonomy":"product_tag","embeddable":true,"href":"https:\/\/www.lraloeverashop.eu\/pt-pt\/wp-json\/wp\/v2\/product_tag?post=10259"}],"curies":[{"name":"wp","href":"https:\/\/api.w.org\/{rel}","templated":true}]}}