{"id":10088,"date":"2022-10-11T20:54:30","date_gmt":"2022-10-11T18:54:30","guid":{"rendered":"https:\/\/www.lraloeverashop.eu\/product\/bebida-de-aloe-vera-6\/"},"modified":"2026-02-08T10:24:23","modified_gmt":"2026-02-08T09:24:23","slug":"bebida-de-aloe-vera-6","status":"publish","type":"product","link":"https:\/\/www.lraloeverashop.eu\/pt-pt\/produto\/bebida-de-aloe-vera-6\/","title":{"rendered":"Bebida de Aloe Vera Mel Set 6 Pe\u00e7as"},"content":{"rendered":"<h2><span style=\"font-size: 16pt;\"><strong>Bebida de Aloe Vera Mel Set 6 Pe\u00e7as<\/strong><\/span><\/h2>\n<p><span style=\"font-size: 14pt;\"><strong>Bebida de Aloe Vera Mel Set 6 Pe\u00e7as Melhora a Sa\u00fade e a Imunidade<\/strong><\/span><\/p>\n<p>Sabia que o Lr Bebida de Aloe Vera Mel pode, de maneira ideal, ajudar a melhorar sua sa\u00fade e bem-estar b\u00e1sicos?<\/p>\n<p>O Aloe Vera \u00e9 um dos produtos mais admirados e eficazes no que diz respeito \u00e0 sa\u00fade e <a href=\"https:\/\/www.lraloeverashop.eu\/pt-pt\/aloe-vera-gel-bebivel-de-mel-90-natural-e-delicioso\/\">bem-estar gera<\/a>l.<\/p>\n<p>Bebida de Aloe Vera Mel consiste em um gel 90% puro e org\u00e2nico de Aloe Vera Barbadensis Miller. O mel puro natural gera outros 9%, enquanto o restante 1% \u00e9 vitamina C e outros componentes. A pesquisa sugere que beber mel em gel cont\u00e9m mais de 200 ingredientes essenciais e naturais que s\u00e3o ben\u00e9ficos para o seu corpo.<\/p>\n<p>&nbsp;<\/p>\n<p>Isso inclui vitaminas, minerais, <a href=\"https:\/\/www.lraloeverashop.eu\/pt-pt\/produto\/aloe-vera-gel-bebivel-de-mel\/\">antioxidantes<\/a>, agentes antiinflamat\u00f3rios, \u00f3leos naturais, mucopolissacar\u00eddeos (a\u00e7\u00facares naturais), enzimas, \u00e1cidos graxos, bioflavon\u00f3ides, antracionia, amino\u00e1cidos, saponinas, antiss\u00e9pticos e muito mais. E como o gel \u00e9 feito pela Lr, pode ter certeza de que todos os ingredientes s\u00e3o puros.<\/p>\n<p>A vitamina C contribui para o funcionamento normal do sistema imunol\u00f3gico. Ela tamb\u00e9m est\u00e1 envolvida em v\u00e1rias outras fun\u00e7\u00f5es no metabolismo do corpo, por exemplo, apoiar a forma\u00e7\u00e3o de col\u00e1geno transportado pelo corpo para o bom <a href=\"https:\/\/www.lraloeverashop.eu\/pt-pt\/produto\/gel-aloe-vera-de-mel-3\/\">funcionamento das articula\u00e7\u00f5es<\/a>.**<\/p>\n<p>**A vitamina C contribui para a forma\u00e7\u00e3o normal de col\u00e1geno para a fun\u00e7\u00e3o normal da cartilagem.<\/p>\n<p>&nbsp;<\/p>\n<p><iframe loading=\"lazy\" src=\"\/\/www.youtube.com\/embed\/HPFSyAeznK0?rel=0&amp;showinfo=0\" width=\"1280\" height=\"720\" frameborder=\"0\" allowfullscreen=\"allowfullscreen\"><\/iframe><\/p>\n<p>&nbsp;<\/p>\n<h3><span style=\"font-size: 14pt;\"><strong>Como usar Bebida<\/strong><\/span><\/h3>\n<p>Dose di\u00e1ria recomendada: 30 ml de Bebida de Aloe Vera Miel 3 vezes ao dia, de prefer\u00eancia antes das refei\u00e7\u00f5es (pode ser misturado com \u00e1gua ou sumo de frutas).<\/p>\n<p>Receita sugerida: experimente o gel de Aloe Vera com um copo de sumo de laranja ou misture com um smoothie de frutas e vegetais frescos.<\/p>\n<p>Agite antes de usar. Refrigerar e consumir imediatamente depois de abrir. N\u00e3o exceda a dose di\u00e1ria recomendada. Os suplementos diet\u00e9ticos n\u00e3o substituem uma dieta rica e equilibrada, combinada com um estilo de <a href=\"https:\/\/www.lraloeverashop.eu\/pt-pt\/produto\/aloe-vera-gel-bebivel-de-pessego\/\">vida saud\u00e1vel<\/a>.<\/p>\n<p>Mantenha fora do alcance das crian\u00e7as.<\/p>\n<p>&nbsp;<\/p>\n<h4><strong><span style=\"font-size: 16pt;\">Voc\u00ea sabia?<\/span><\/strong><\/h4>\n<p>23 milh\u00f5es de folhas de Aloe Vera s\u00e3o coletadas anualmente para LR. Elas s\u00e3o cultivadas exclusivamente em uma \u00e1rea montanhosa do M\u00e9xico com as melhores condi\u00e7\u00f5es de crescimento. Estas culturas s\u00e3o totalmente tratadas sem a adi\u00e7\u00e3o de pesticidas e s\u00e3o colhidas manualmente.<\/p>\n<p><strong>Na LR, a qualidade anda de m\u00e3os dadas com a compet\u00eancia:<\/strong><\/p>\n<ul>\n<li>Produto de alta qualidade \u2013 \u00e0 base de puro gel de folha de Aloe Vera, sem alo\u00edna*<\/li>\n<li>Cultivo sustent\u00e1vel no M\u00e9xico<\/li>\n<li>Respeito pelo meio ambiente e pela legisla\u00e7\u00e3o em vigor<\/li>\n<\/ul>\n<p><strong>Uma \u00f3tima experi\u00eancia:<\/strong><\/p>\n<ul>\n<li>A LR \u00e9 especialista em Alo\u00e9 Vera h\u00e1 mais de 20 anos<\/li>\n<li>Produ\u00e7\u00e3o pr\u00f3pria em um dos locais de produ\u00e7\u00e3o mais modernos dedicados ao Aloe Vera na Alemanha<\/li>\n<li>Colabora\u00e7\u00e3o com especialistas de renome<\/li>\n<\/ul>\n<p><strong>Apoio e Prazer:<\/strong><\/p>\n<p>A Bebida de Aloe Vera Mel lhe da o apoio necess\u00e1rio para enfrentar todas as situa\u00e7\u00f5es da vida. Al\u00e9m disso, os <a href=\"https:\/\/www.lraloeverashop.eu\/pt-pt\/categoria-produto\/base-pt-pt\/geis-bebiveis\/\">g\u00e9is beb\u00edveis LR<\/a> s\u00e3o deliciosos. Varie os prazeres com seus diferentes sabores.<\/p>\n","protected":false},"excerpt":{"rendered":"<ul>\n<li>Consiste em gel de folha de Aloe Vera 90% puro<\/li>\n<li>9% valioso mel de flores<\/li>\n<li>Elimine toxinas do corpo<\/li>\n<li>Melhora a imunidade corporal<\/li>\n<li>A ra\u00e7\u00e3o di\u00e1ria cobre 75% da dose recomendada de vitamina C<\/li>\n<li>Quantidade: 6 x 1000 ml<\/li>\n<\/ul>\n<p><span style=\"color: #ff0000;\"><a style=\"color: #ff0000;\" href=\"https:\/\/shop.lrworld.com\/openpao?PHP=0vFlt7jT938BEnBI3a6e9w%3D%3D\"><span style=\"font-size: 14pt;\"><strong>Registe-se aqui e poupe 35% em todos os pedidos<\/strong><\/span><\/a><\/span><\/p>\n","protected":false},"featured_media":5313,"comment_status":"open","ping_status":"closed","template":"","meta":{"_kad_blocks_custom_css":"","_kad_blocks_head_custom_js":"","_kad_blocks_body_custom_js":"","_kad_blocks_footer_custom_js":"","_kadence_starter_templates_imported_post":false,"_kad_post_transparent":"default","_kad_post_title":"","_kad_post_layout":"default","_kad_post_sidebar_id":"","_kad_post_content_style":"default","_kad_post_vertical_padding":"default","_kad_post_feature":"","_kad_post_feature_position":"","_kad_post_header":false,"_kad_post_footer":false,"_kad_post_classname":""},"product_brand":[],"product_cat":[401,460,467,294,437],"product_tag":[612],"class_list":{"0":"post-10088","1":"product","2":"type-product","3":"status-publish","4":"has-post-thumbnail","6":"product_cat-base-pt-pt","7":"product_cat-economize-em-conjuntos","8":"product_cat-lr-especialistas","9":"product_cat-geis-bebiveis","10":"product_cat-intestino-e-digestao","11":"product_tag-bebidas-desintoxicantes","13":"first","14":"instock","15":"taxable","16":"shipping-taxable","17":"purchasable","18":"product-type-simple","19":"entry","20":"content-bg","21":"loop-entry"},"yoast_head":"<!-- This site is optimized with the Yoast SEO Premium plugin v27.5 (Yoast SEO v27.5) - https:\/\/yoast.com\/product\/yoast-seo-premium-wordpress\/ -->\n<title>Bebida de Aloe Vera Mel Melhora a Sa\u00fade e a Imunidade<\/title>\n<meta name=\"description\" content=\"Bebida de Aloe Vera Mel com 90% gel de aloe vera e 9% de mel natural \u00e9 composto por 200 ingredientes naturais que s\u00e3o ben\u00e9ficos para o corpo.\" \/>\n<meta name=\"robots\" content=\"index, follow, max-snippet:-1, max-image-preview:large, max-video-preview:-1\" \/>\n<link rel=\"canonical\" href=\"https:\/\/www.lraloeverashop.eu\/pt-pt\/produto\/bebida-de-aloe-vera-6\/\" \/>\n<meta property=\"og:locale\" content=\"pt_PT\" \/>\n<meta property=\"og:type\" content=\"article\" \/>\n<meta property=\"og:title\" content=\"Bebida de Aloe Vera Mel Set 6 Pe\u00e7as\" \/>\n<meta property=\"og:description\" content=\"Bebida de Aloe Vera Mel com 90% gel de aloe vera e 9% de mel natural \u00e9 composto por 200 ingredientes naturais que s\u00e3o ben\u00e9ficos para o corpo.\" \/>\n<meta property=\"og:url\" content=\"https:\/\/www.lraloeverashop.eu\/pt-pt\/produto\/bebida-de-aloe-vera-6\/\" \/>\n<meta property=\"og:site_name\" content=\"Lr Loja Aloe Vera\" \/>\n<meta property=\"article:publisher\" content=\"https:\/\/www.facebook.com\/lraloeverashop.eu\" \/>\n<meta property=\"article:modified_time\" content=\"2026-02-08T09:24:23+00:00\" \/>\n<meta property=\"og:image\" content=\"https:\/\/www.lraloeverashop.eu\/wp-content\/uploads\/2022\/10\/Aloe-Vera-Drinking-Gel-Honey-6-Pcs-Set.jpg\" \/>\n\t<meta property=\"og:image:width\" content=\"1200\" \/>\n\t<meta property=\"og:image:height\" content=\"1200\" \/>\n\t<meta property=\"og:image:type\" content=\"image\/jpeg\" \/>\n<meta name=\"twitter:card\" content=\"summary_large_image\" \/>\n<meta name=\"twitter:site\" content=\"@natur__kosmetik\" \/>\n<script type=\"application\/ld+json\" class=\"yoast-schema-graph\">{\"@context\":\"https:\\\/\\\/schema.org\",\"@graph\":[{\"@type\":[\"WebPage\",\"ItemPage\"],\"@id\":\"https:\\\/\\\/www.lraloeverashop.eu\\\/pt-pt\\\/produto\\\/bebida-de-aloe-vera-6\\\/\",\"url\":\"https:\\\/\\\/www.lraloeverashop.eu\\\/pt-pt\\\/produto\\\/bebida-de-aloe-vera-6\\\/\",\"name\":\"Bebida de Aloe Vera Mel Melhora a Sa\u00fade e a Imunidade\",\"isPartOf\":{\"@id\":\"https:\\\/\\\/www.lraloeverashop.eu\\\/pt-pt\\\/#website\"},\"primaryImageOfPage\":{\"@id\":\"https:\\\/\\\/www.lraloeverashop.eu\\\/pt-pt\\\/produto\\\/bebida-de-aloe-vera-6\\\/#primaryimage\"},\"image\":{\"@id\":\"https:\\\/\\\/www.lraloeverashop.eu\\\/pt-pt\\\/produto\\\/bebida-de-aloe-vera-6\\\/#primaryimage\"},\"thumbnailUrl\":\"https:\\\/\\\/www.lraloeverashop.eu\\\/wp-content\\\/uploads\\\/2022\\\/10\\\/Aloe-Vera-Drinking-Gel-Honey-6-Pcs-Set.jpg\",\"datePublished\":\"2022-10-11T18:54:30+00:00\",\"dateModified\":\"2026-02-08T09:24:23+00:00\",\"description\":\"Bebida de Aloe Vera Mel com 90% gel de aloe vera e 9% de mel natural \u00e9 composto por 200 ingredientes naturais que s\u00e3o ben\u00e9ficos para o corpo.\",\"breadcrumb\":{\"@id\":\"https:\\\/\\\/www.lraloeverashop.eu\\\/pt-pt\\\/produto\\\/bebida-de-aloe-vera-6\\\/#breadcrumb\"},\"inLanguage\":\"pt-PT\",\"potentialAction\":[{\"@type\":\"ReadAction\",\"target\":[\"https:\\\/\\\/www.lraloeverashop.eu\\\/pt-pt\\\/produto\\\/bebida-de-aloe-vera-6\\\/\"]}]},{\"@type\":\"ImageObject\",\"inLanguage\":\"pt-PT\",\"@id\":\"https:\\\/\\\/www.lraloeverashop.eu\\\/pt-pt\\\/produto\\\/bebida-de-aloe-vera-6\\\/#primaryimage\",\"url\":\"https:\\\/\\\/www.lraloeverashop.eu\\\/wp-content\\\/uploads\\\/2022\\\/10\\\/Aloe-Vera-Drinking-Gel-Honey-6-Pcs-Set.jpg\",\"contentUrl\":\"https:\\\/\\\/www.lraloeverashop.eu\\\/wp-content\\\/uploads\\\/2022\\\/10\\\/Aloe-Vera-Drinking-Gel-Honey-6-Pcs-Set.jpg\",\"width\":1200,\"height\":1200,\"caption\":\"Aloe Vera Gel Beb\u00edvel de Mel consiste em gel de folha de Aloe Vera 90% puro\"},{\"@type\":\"BreadcrumbList\",\"@id\":\"https:\\\/\\\/www.lraloeverashop.eu\\\/pt-pt\\\/produto\\\/bebida-de-aloe-vera-6\\\/#breadcrumb\",\"itemListElement\":[{\"@type\":\"ListItem\",\"position\":1,\"name\":\"Home\",\"item\":\"https:\\\/\\\/www.lraloeverashop.eu\\\/pt-pt\\\/\"},{\"@type\":\"ListItem\",\"position\":2,\"name\":\"Loja\",\"item\":\"https:\\\/\\\/www.lraloeverashop.eu\\\/pt-pt\\\/loja\\\/\"},{\"@type\":\"ListItem\",\"position\":3,\"name\":\"Bebida de Aloe Vera Mel Set 6 Pe\u00e7as\"}]},{\"@type\":\"WebSite\",\"@id\":\"https:\\\/\\\/www.lraloeverashop.eu\\\/pt-pt\\\/#website\",\"url\":\"https:\\\/\\\/www.lraloeverashop.eu\\\/pt-pt\\\/\",\"name\":\"Lr Loja Aloe Vera\",\"description\":\"High Quality Lr Aloe Vera Gel, Aloe Vera Cream and Shampoo\",\"publisher\":{\"@id\":\"https:\\\/\\\/www.lraloeverashop.eu\\\/pt-pt\\\/#organization\"},\"alternateName\":\"LR\",\"potentialAction\":[{\"@type\":\"SearchAction\",\"target\":{\"@type\":\"EntryPoint\",\"urlTemplate\":\"https:\\\/\\\/www.lraloeverashop.eu\\\/pt-pt\\\/?s={search_term_string}\"},\"query-input\":{\"@type\":\"PropertyValueSpecification\",\"valueRequired\":true,\"valueName\":\"search_term_string\"}}],\"inLanguage\":\"pt-PT\"},{\"@type\":\"Organization\",\"@id\":\"https:\\\/\\\/www.lraloeverashop.eu\\\/pt-pt\\\/#organization\",\"name\":\"Loja Lr Aloe Vera\",\"alternateName\":\"LR\",\"url\":\"https:\\\/\\\/www.lraloeverashop.eu\\\/pt-pt\\\/\",\"logo\":{\"@type\":\"ImageObject\",\"inLanguage\":\"pt-PT\",\"@id\":\"https:\\\/\\\/www.lraloeverashop.eu\\\/pt-pt\\\/#\\\/schema\\\/logo\\\/image\\\/\",\"url\":\"https:\\\/\\\/www.lraloeverashop.eu\\\/wp-content\\\/uploads\\\/2022\\\/09\\\/cropped-Lr-Aloe-Vera-Shop.jpg\",\"contentUrl\":\"https:\\\/\\\/www.lraloeverashop.eu\\\/wp-content\\\/uploads\\\/2022\\\/09\\\/cropped-Lr-Aloe-Vera-Shop.jpg\",\"width\":228,\"height\":76,\"caption\":\"Loja Lr Aloe Vera\"},\"image\":{\"@id\":\"https:\\\/\\\/www.lraloeverashop.eu\\\/pt-pt\\\/#\\\/schema\\\/logo\\\/image\\\/\"},\"sameAs\":[\"https:\\\/\\\/www.facebook.com\\\/lraloeverashop.eu\",\"https:\\\/\\\/x.com\\\/natur__kosmetik\",\"https:\\\/\\\/www.youtube.com\\\/channel\\\/UC5oN7BJ8nfYb8RpVtjwDEBA\",\"https:\\\/\\\/www.instagram.com\\\/lrbeautyeu\\\/\"],\"description\":\"Loja Lr Aloe Vera \u00e9 o seu destino de confian\u00e7a para os produtos de sa\u00fade e beleza premium da LR, fabricados na Alemanha. Oferecemos solu\u00e7\u00f5es de alta qualidade para o cuidado da pele, nutri\u00e7\u00e3o e antienvelhecimento \u00e0 base de Alo\u00e9 Vera, elaboradas com ingredientes puros e apoiadas em investiga\u00e7\u00e3o cient\u00edfica. Descubra o cuidado natural que regenera, protege e revitaliza a sua pele \u2014 e aproveite as ofertas mensais exclusivas nos nossos produtos LR Alo\u00e9 Vera mais vendidos.\\nComece hoje mesmo a sua jornada de cuidados naturais com a pele e sinta a diferen\u00e7a.\",\"email\":\"info@lraloeverashop.eu\",\"telephone\":\"+49 17670609653\",\"legalName\":\"Lr Aloe Vera Shop\",\"foundingDate\":\"2018-04-21\",\"numberOfEmployees\":{\"@type\":\"QuantitativeValue\",\"minValue\":\"1\",\"maxValue\":\"10\"}}]}<\/script>\n<meta property=\"product:price:amount\" content=\"223.99\" \/>\n<meta property=\"product:price:currency\" content=\"EUR\" \/>\n<meta property=\"og:availability\" content=\"instock\" \/>\n<meta property=\"product:availability\" content=\"instock\" \/>\n<meta property=\"product:retailer_item_id\" content=\"80706-481PT\" \/>\n<meta property=\"product:condition\" content=\"new\" \/>\n<!-- \/ Yoast SEO Premium plugin. -->","yoast_head_json":{"title":"Bebida de Aloe Vera Mel Melhora a Sa\u00fade e a Imunidade","description":"Bebida de Aloe Vera Mel com 90% gel de aloe vera e 9% de mel natural \u00e9 composto por 200 ingredientes naturais que s\u00e3o ben\u00e9ficos para o corpo.","robots":{"index":"index","follow":"follow","max-snippet":"max-snippet:-1","max-image-preview":"max-image-preview:large","max-video-preview":"max-video-preview:-1"},"canonical":"https:\/\/www.lraloeverashop.eu\/pt-pt\/produto\/bebida-de-aloe-vera-6\/","og_locale":"pt_PT","og_type":"article","og_title":"Bebida de Aloe Vera Mel Set 6 Pe\u00e7as","og_description":"Bebida de Aloe Vera Mel com 90% gel de aloe vera e 9% de mel natural \u00e9 composto por 200 ingredientes naturais que s\u00e3o ben\u00e9ficos para o corpo.","og_url":"https:\/\/www.lraloeverashop.eu\/pt-pt\/produto\/bebida-de-aloe-vera-6\/","og_site_name":"Lr Loja Aloe Vera","article_publisher":"https:\/\/www.facebook.com\/lraloeverashop.eu","article_modified_time":"2026-02-08T09:24:23+00:00","og_image":[{"width":1200,"height":1200,"url":"https:\/\/www.lraloeverashop.eu\/wp-content\/uploads\/2022\/10\/Aloe-Vera-Drinking-Gel-Honey-6-Pcs-Set.jpg","type":"image\/jpeg"}],"twitter_card":"summary_large_image","twitter_site":"@natur__kosmetik","schema":{"@context":"https:\/\/schema.org","@graph":[{"@type":["WebPage","ItemPage"],"@id":"https:\/\/www.lraloeverashop.eu\/pt-pt\/produto\/bebida-de-aloe-vera-6\/","url":"https:\/\/www.lraloeverashop.eu\/pt-pt\/produto\/bebida-de-aloe-vera-6\/","name":"Bebida de Aloe Vera Mel Melhora a Sa\u00fade e a Imunidade","isPartOf":{"@id":"https:\/\/www.lraloeverashop.eu\/pt-pt\/#website"},"primaryImageOfPage":{"@id":"https:\/\/www.lraloeverashop.eu\/pt-pt\/produto\/bebida-de-aloe-vera-6\/#primaryimage"},"image":{"@id":"https:\/\/www.lraloeverashop.eu\/pt-pt\/produto\/bebida-de-aloe-vera-6\/#primaryimage"},"thumbnailUrl":"https:\/\/www.lraloeverashop.eu\/wp-content\/uploads\/2022\/10\/Aloe-Vera-Drinking-Gel-Honey-6-Pcs-Set.jpg","datePublished":"2022-10-11T18:54:30+00:00","dateModified":"2026-02-08T09:24:23+00:00","description":"Bebida de Aloe Vera Mel com 90% gel de aloe vera e 9% de mel natural \u00e9 composto por 200 ingredientes naturais que s\u00e3o ben\u00e9ficos para o corpo.","breadcrumb":{"@id":"https:\/\/www.lraloeverashop.eu\/pt-pt\/produto\/bebida-de-aloe-vera-6\/#breadcrumb"},"inLanguage":"pt-PT","potentialAction":[{"@type":"ReadAction","target":["https:\/\/www.lraloeverashop.eu\/pt-pt\/produto\/bebida-de-aloe-vera-6\/"]}]},{"@type":"ImageObject","inLanguage":"pt-PT","@id":"https:\/\/www.lraloeverashop.eu\/pt-pt\/produto\/bebida-de-aloe-vera-6\/#primaryimage","url":"https:\/\/www.lraloeverashop.eu\/wp-content\/uploads\/2022\/10\/Aloe-Vera-Drinking-Gel-Honey-6-Pcs-Set.jpg","contentUrl":"https:\/\/www.lraloeverashop.eu\/wp-content\/uploads\/2022\/10\/Aloe-Vera-Drinking-Gel-Honey-6-Pcs-Set.jpg","width":1200,"height":1200,"caption":"Aloe Vera Gel Beb\u00edvel de Mel consiste em gel de folha de Aloe Vera 90% puro"},{"@type":"BreadcrumbList","@id":"https:\/\/www.lraloeverashop.eu\/pt-pt\/produto\/bebida-de-aloe-vera-6\/#breadcrumb","itemListElement":[{"@type":"ListItem","position":1,"name":"Home","item":"https:\/\/www.lraloeverashop.eu\/pt-pt\/"},{"@type":"ListItem","position":2,"name":"Loja","item":"https:\/\/www.lraloeverashop.eu\/pt-pt\/loja\/"},{"@type":"ListItem","position":3,"name":"Bebida de Aloe Vera Mel Set 6 Pe\u00e7as"}]},{"@type":"WebSite","@id":"https:\/\/www.lraloeverashop.eu\/pt-pt\/#website","url":"https:\/\/www.lraloeverashop.eu\/pt-pt\/","name":"Lr Loja Aloe Vera","description":"High Quality Lr Aloe Vera Gel, Aloe Vera Cream and Shampoo","publisher":{"@id":"https:\/\/www.lraloeverashop.eu\/pt-pt\/#organization"},"alternateName":"LR","potentialAction":[{"@type":"SearchAction","target":{"@type":"EntryPoint","urlTemplate":"https:\/\/www.lraloeverashop.eu\/pt-pt\/?s={search_term_string}"},"query-input":{"@type":"PropertyValueSpecification","valueRequired":true,"valueName":"search_term_string"}}],"inLanguage":"pt-PT"},{"@type":"Organization","@id":"https:\/\/www.lraloeverashop.eu\/pt-pt\/#organization","name":"Loja Lr Aloe Vera","alternateName":"LR","url":"https:\/\/www.lraloeverashop.eu\/pt-pt\/","logo":{"@type":"ImageObject","inLanguage":"pt-PT","@id":"https:\/\/www.lraloeverashop.eu\/pt-pt\/#\/schema\/logo\/image\/","url":"https:\/\/www.lraloeverashop.eu\/wp-content\/uploads\/2022\/09\/cropped-Lr-Aloe-Vera-Shop.jpg","contentUrl":"https:\/\/www.lraloeverashop.eu\/wp-content\/uploads\/2022\/09\/cropped-Lr-Aloe-Vera-Shop.jpg","width":228,"height":76,"caption":"Loja Lr Aloe Vera"},"image":{"@id":"https:\/\/www.lraloeverashop.eu\/pt-pt\/#\/schema\/logo\/image\/"},"sameAs":["https:\/\/www.facebook.com\/lraloeverashop.eu","https:\/\/x.com\/natur__kosmetik","https:\/\/www.youtube.com\/channel\/UC5oN7BJ8nfYb8RpVtjwDEBA","https:\/\/www.instagram.com\/lrbeautyeu\/"],"description":"Loja Lr Aloe Vera \u00e9 o seu destino de confian\u00e7a para os produtos de sa\u00fade e beleza premium da LR, fabricados na Alemanha. Oferecemos solu\u00e7\u00f5es de alta qualidade para o cuidado da pele, nutri\u00e7\u00e3o e antienvelhecimento \u00e0 base de Alo\u00e9 Vera, elaboradas com ingredientes puros e apoiadas em investiga\u00e7\u00e3o cient\u00edfica. Descubra o cuidado natural que regenera, protege e revitaliza a sua pele \u2014 e aproveite as ofertas mensais exclusivas nos nossos produtos LR Alo\u00e9 Vera mais vendidos.\nComece hoje mesmo a sua jornada de cuidados naturais com a pele e sinta a diferen\u00e7a.","email":"info@lraloeverashop.eu","telephone":"+49 17670609653","legalName":"Lr Aloe Vera Shop","foundingDate":"2018-04-21","numberOfEmployees":{"@type":"QuantitativeValue","minValue":"1","maxValue":"10"}}]},"product_price_amount":"223.99","product_price_currency":"EUR","og_availability":"instock","product_availability":"instock","product_retailer_item_id":"80706-481PT","product_condition":"new"},"taxonomy_info":{"product_cat":[{"value":401,"label":"Base"},{"value":460,"label":"Economize em conjuntos"},{"value":467,"label":"Especialistas"},{"value":294,"label":"Gel Beb\u00edvel Aloe Vera"},{"value":437,"label":"Intestino e Digest\u00e3o"}],"product_tag":[{"value":612,"label":"Bebidas desintoxicantes"}]},"featured_image_src_large":["https:\/\/www.lraloeverashop.eu\/wp-content\/uploads\/2022\/10\/Aloe-Vera-Drinking-Gel-Honey-6-Pcs-Set-1024x1024.jpg",1024,1024,true],"author_info":[],"comment_info":0,"_links":{"self":[{"href":"https:\/\/www.lraloeverashop.eu\/pt-pt\/wp-json\/wp\/v2\/product\/10088","targetHints":{"allow":["GET"]}}],"collection":[{"href":"https:\/\/www.lraloeverashop.eu\/pt-pt\/wp-json\/wp\/v2\/product"}],"about":[{"href":"https:\/\/www.lraloeverashop.eu\/pt-pt\/wp-json\/wp\/v2\/types\/product"}],"replies":[{"embeddable":true,"href":"https:\/\/www.lraloeverashop.eu\/pt-pt\/wp-json\/wp\/v2\/comments?post=10088"}],"wp:featuredmedia":[{"embeddable":true,"href":"https:\/\/www.lraloeverashop.eu\/pt-pt\/wp-json\/wp\/v2\/media\/5313"}],"wp:attachment":[{"href":"https:\/\/www.lraloeverashop.eu\/pt-pt\/wp-json\/wp\/v2\/media?parent=10088"}],"wp:term":[{"taxonomy":"product_brand","embeddable":true,"href":"https:\/\/www.lraloeverashop.eu\/pt-pt\/wp-json\/wp\/v2\/product_brand?post=10088"},{"taxonomy":"product_cat","embeddable":true,"href":"https:\/\/www.lraloeverashop.eu\/pt-pt\/wp-json\/wp\/v2\/product_cat?post=10088"},{"taxonomy":"product_tag","embeddable":true,"href":"https:\/\/www.lraloeverashop.eu\/pt-pt\/wp-json\/wp\/v2\/product_tag?post=10088"}],"curies":[{"name":"wp","href":"https:\/\/api.w.org\/{rel}","templated":true}]}}