{"id":10084,"date":"2022-10-11T20:44:35","date_gmt":"2022-10-11T18:44:35","guid":{"rendered":"https:\/\/www.lraloeverashop.eu\/product\/aloe-vera-gel-bebivel-de-mel\/"},"modified":"2026-02-08T10:24:51","modified_gmt":"2026-02-08T09:24:51","slug":"aloe-vera-gel-bebivel-de-mel","status":"publish","type":"product","link":"https:\/\/www.lraloeverashop.eu\/pt-pt\/produto\/aloe-vera-gel-bebivel-de-mel\/","title":{"rendered":"Aloe Vera Gel Beb\u00edvel de Mel"},"content":{"rendered":"<h2><span style=\"font-size: 16pt;\"><strong>Aloe Vera Gel Beb\u00edvel de Mel<\/strong><\/span><\/h2>\n<p><span style=\"font-size: 14pt;\"><strong>Aloe Vera Gel Beb\u00edvel de Mel elimina toxinas do corpo<\/strong><\/span><\/p>\n<p>Sabia que o Lr Aloe Vera Gel Beb\u00edvel de Mel pode, de maneira ideal, ajudar a melhorar sua sa\u00fade e bem-estar b\u00e1sicos?<\/p>\n<p>O Aloe Vera \u00e9 um dos produtos mais admirados e eficazes no que diz respeito \u00e0 sa\u00fade e bem-estar geral.<\/p>\n<p>Lr <a href=\"https:\/\/www.lraloeverashop.eu\/pt-pt\/produto\/gel-aloe-vera-de-mel-3\/\">Aloe Vera Gel<\/a> consiste em um gel 90% puro e org\u00e2nico de Aloe Vera Barbadensis Miller. O mel puro natural gera outros 9%, enquanto o restante 1% \u00e9 vitamina C e outros componentes. A pesquisa sugere que beber mel em gel cont\u00e9m mais de 200 ingredientes essenciais e naturais que s\u00e3o ben\u00e9ficos para o seu corpo.<\/p>\n<p>&nbsp;<\/p>\n<p>Isso inclui vitaminas, minerais, antioxidantes, agentes antiinflamat\u00f3rios, \u00f3leos naturais, mucopolissacar\u00eddeos (a\u00e7\u00facares naturais), enzimas, \u00e1cidos graxos, bioflavon\u00f3ides, antracionia, amino\u00e1cidos, saponinas, antiss\u00e9pticos e muito mais. E como o gel \u00e9 feito pela Lr, pode ter certeza de que todos os ingredientes s\u00e3o puros.<\/p>\n<p>A vitamina C contribui para o funcionamento normal do <a href=\"https:\/\/www.lraloeverashop.eu\/pt-pt\/aloe-vera-gel-bebivel-de-mel-90-natural-e-delicioso\/\">sistema imunol\u00f3gico<\/a>. Ela tamb\u00e9m est\u00e1 envolvida em v\u00e1rias outras fun\u00e7\u00f5es no metabolismo do corpo, por exemplo, apoiar a forma\u00e7\u00e3o de col\u00e1geno transportado pelo corpo para o bom funcionamento das articula\u00e7\u00f5es.**<\/p>\n<p>**A vitamina C contribui para a forma\u00e7\u00e3o normal de col\u00e1geno para a fun\u00e7\u00e3o normal da cartilagem.<\/p>\n<p>&nbsp;<\/p>\n<p><iframe loading=\"lazy\" src=\"\/\/www.youtube.com\/embed\/HPFSyAeznK0?rel=0&amp;showinfo=0\" width=\"1280\" height=\"720\" frameborder=\"0\" allowfullscreen=\"allowfullscreen\"><\/iframe><\/p>\n<p>&nbsp;<\/p>\n<h3><span style=\"font-size: 16pt;\"><strong>Como usar<\/strong><\/span><\/h3>\n<p><strong>Dose di\u00e1ria recomendada:<\/strong> 30 ml de Lr Aloe Vera Gel Beb\u00edvel Mel 3 vezes ao dia, de prefer\u00eancia antes das refei\u00e7\u00f5es (pode ser misturado com \u00e1gua ou sumo de frutas).<\/p>\n<p><strong>Receita sugerida:<\/strong> experimente o <a href=\"https:\/\/www.lraloeverashop.eu\/pt-pt\/produto\/bebida-de-aloe-vera-6\/\">gel de Aloe Vera<\/a> com um copo de sumo de laranja ou misture com um smoothie de frutas e vegetais frescos.<\/p>\n<p>Agite antes de usar. Refrigerar e consumir imediatamente depois de abrir. N\u00e3o exceda a dose di\u00e1ria recomendada. Os suplementos diet\u00e9ticos n\u00e3o substituem uma dieta rica e equilibrada, combinada com um estilo de <a href=\"https:\/\/www.lraloeverashop.eu\/pt-pt\/produto\/aloe-vera-gel-bebivel-de-pessego\/\">vida saud\u00e1vel<\/a>.<\/p>\n<p>Mantenha fora do alcance das crian\u00e7as.<\/p>\n<p>&nbsp;<\/p>\n<h4><strong><span style=\"font-size: 16pt;\">Voc\u00ea sabia?<\/span><\/strong><\/h4>\n<p>23 milh\u00f5es de folhas de Aloe Vera s\u00e3o coletadas anualmente para LR. Elas s\u00e3o cultivadas exclusivamente em uma \u00e1rea montanhosa do M\u00e9xico com as melhores condi\u00e7\u00f5es de crescimento. Estas culturas s\u00e3o totalmente tratadas sem a adi\u00e7\u00e3o de pesticidas e s\u00e3o colhidas manualmente.<\/p>\n<p><strong>Na LR, a qualidade anda de m\u00e3os dadas com a compet\u00eancia:<\/strong><\/p>\n<ul>\n<li>Produto de alta qualidade \u2013 \u00e0 base de puro gel de folha de Aloe Vera, sem alo\u00edna*<\/li>\n<li>Cultivo sustent\u00e1vel no M\u00e9xico<\/li>\n<li>Respeito pelo meio ambiente e pela legisla\u00e7\u00e3o em vigor<\/li>\n<\/ul>\n<p><strong>Uma \u00f3tima experi\u00eancia:<\/strong><\/p>\n<ul>\n<li>A LR \u00e9 especialista em Alo\u00e9 Vera h\u00e1 mais de 20 anos<\/li>\n<li>Produ\u00e7\u00e3o pr\u00f3pria em um dos locais de produ\u00e7\u00e3o mais modernos dedicados ao Aloe Vera na Alemanha<\/li>\n<li>Colabora\u00e7\u00e3o com especialistas de renome<\/li>\n<\/ul>\n<p><strong>Apoio e Prazer:<\/strong><\/p>\n<p>O Aloe Vera Gel Beb\u00edvel de Mel lhe da o apoio necess\u00e1rio para enfrentar todas as situa\u00e7\u00f5es da vida. Al\u00e9m disso, os <a href=\"https:\/\/www.lraloeverashop.eu\/pt-pt\/categoria-produto\/base-pt-pt\/geis-bebiveis\/\">g\u00e9is beb\u00edveis LR<\/a> s\u00e3o deliciosos. Varie os prazeres com seus diferentes sabores.<\/p>\n","protected":false},"excerpt":{"rendered":"<ul>\n<li>Consiste em gel de folha de Aloe Vera 90% puro<\/li>\n<li>9% valioso mel de flores<\/li>\n<li>Elimine toxinas do corpo<\/li>\n<li>Melhora a imunidade corporal<\/li>\n<li>A ra\u00e7\u00e3o di\u00e1ria cobre 75% da dose recomendada de vitamina C<\/li>\n<li>Quantidade: 1000 ml<\/li>\n<\/ul>\n<p><span style=\"color: #ff0000;\"><a style=\"color: #ff0000;\" href=\"https:\/\/shop.lrworld.com\/openpao?PHP=0vFlt7jT938BEnBI3a6e9w%3D%3D\"><span style=\"font-size: 14pt;\"><strong>Registe-se aqui e poupe 35% em todos os pedidos<\/strong><\/span><\/a><\/span><\/p>\n","protected":false},"featured_media":4179,"comment_status":"open","ping_status":"closed","template":"","meta":{"_kad_blocks_custom_css":"","_kad_blocks_head_custom_js":"","_kad_blocks_body_custom_js":"","_kad_blocks_footer_custom_js":"","_kadence_starter_templates_imported_post":false,"_kad_post_transparent":"default","_kad_post_title":"","_kad_post_layout":"default","_kad_post_sidebar_id":"","_kad_post_content_style":"default","_kad_post_vertical_padding":"default","_kad_post_feature":"","_kad_post_feature_position":"","_kad_post_header":false,"_kad_post_footer":false,"_kad_post_classname":""},"product_brand":[],"product_cat":[401,467,294,437],"product_tag":[612],"class_list":{"0":"post-10084","1":"product","2":"type-product","3":"status-publish","4":"has-post-thumbnail","6":"product_cat-base-pt-pt","7":"product_cat-lr-especialistas","8":"product_cat-geis-bebiveis","9":"product_cat-intestino-e-digestao","10":"product_tag-bebidas-desintoxicantes","12":"first","13":"instock","14":"taxable","15":"shipping-taxable","16":"purchasable","17":"product-type-simple","18":"entry","19":"content-bg","20":"loop-entry"},"yoast_head":"<!-- This site is optimized with the Yoast SEO Premium plugin v27.3 (Yoast SEO v27.3) - https:\/\/yoast.com\/product\/yoast-seo-premium-wordpress\/ -->\n<title>Aloe Vera Gel Beb\u00edvel de Mel Para Uma Vida Saud\u00e1vel<\/title>\n<meta name=\"description\" content=\"Aloe Vera Gel Beb\u00edvel de Mel consiste em 90% puro e org\u00e2nico de Aloe Vera Gel da Barbadensis Miller. O mel natural puro rende mais 9%.\" \/>\n<meta name=\"robots\" content=\"index, follow, max-snippet:-1, max-image-preview:large, max-video-preview:-1\" \/>\n<link rel=\"canonical\" href=\"https:\/\/www.lraloeverashop.eu\/pt-pt\/produto\/aloe-vera-gel-bebivel-de-mel\/\" \/>\n<meta property=\"og:locale\" content=\"pt_PT\" \/>\n<meta property=\"og:type\" content=\"article\" \/>\n<meta property=\"og:title\" content=\"Aloe Vera Gel Beb\u00edvel de Mel\" \/>\n<meta property=\"og:description\" content=\"Aloe Vera Gel Beb\u00edvel de Mel consiste em 90% puro e org\u00e2nico de Aloe Vera Gel da Barbadensis Miller. O mel natural puro rende mais 9%.\" \/>\n<meta property=\"og:url\" content=\"https:\/\/www.lraloeverashop.eu\/pt-pt\/produto\/aloe-vera-gel-bebivel-de-mel\/\" \/>\n<meta property=\"og:site_name\" content=\"Lr Loja Aloe Vera\" \/>\n<meta property=\"article:publisher\" content=\"https:\/\/www.facebook.com\/lraloeverashop.eu\" \/>\n<meta property=\"article:modified_time\" content=\"2026-02-08T09:24:51+00:00\" \/>\n<meta property=\"og:image\" content=\"https:\/\/www.lraloeverashop.eu\/wp-content\/uploads\/2022\/09\/Aloe-Vera-Drinking-Gel-Honey.jpg\" \/>\n\t<meta property=\"og:image:width\" content=\"1200\" \/>\n\t<meta property=\"og:image:height\" content=\"1200\" \/>\n\t<meta property=\"og:image:type\" content=\"image\/jpeg\" \/>\n<meta name=\"twitter:card\" content=\"summary_large_image\" \/>\n<meta name=\"twitter:site\" content=\"@natur__kosmetik\" \/>\n<script type=\"application\/ld+json\" class=\"yoast-schema-graph\">{\"@context\":\"https:\\\/\\\/schema.org\",\"@graph\":[{\"@type\":[\"WebPage\",\"ItemPage\"],\"@id\":\"https:\\\/\\\/www.lraloeverashop.eu\\\/pt-pt\\\/produto\\\/aloe-vera-gel-bebivel-de-mel\\\/\",\"url\":\"https:\\\/\\\/www.lraloeverashop.eu\\\/pt-pt\\\/produto\\\/aloe-vera-gel-bebivel-de-mel\\\/\",\"name\":\"Aloe Vera Gel Beb\u00edvel de Mel Para Uma Vida Saud\u00e1vel\",\"isPartOf\":{\"@id\":\"https:\\\/\\\/www.lraloeverashop.eu\\\/pt-pt\\\/#website\"},\"primaryImageOfPage\":{\"@id\":\"https:\\\/\\\/www.lraloeverashop.eu\\\/pt-pt\\\/produto\\\/aloe-vera-gel-bebivel-de-mel\\\/#primaryimage\"},\"image\":{\"@id\":\"https:\\\/\\\/www.lraloeverashop.eu\\\/pt-pt\\\/produto\\\/aloe-vera-gel-bebivel-de-mel\\\/#primaryimage\"},\"thumbnailUrl\":\"https:\\\/\\\/www.lraloeverashop.eu\\\/wp-content\\\/uploads\\\/2022\\\/09\\\/Aloe-Vera-Drinking-Gel-Honey.jpg\",\"datePublished\":\"2022-10-11T18:44:35+00:00\",\"dateModified\":\"2026-02-08T09:24:51+00:00\",\"description\":\"Aloe Vera Gel Beb\u00edvel de Mel consiste em 90% puro e org\u00e2nico de Aloe Vera Gel da Barbadensis Miller. O mel natural puro rende mais 9%.\",\"breadcrumb\":{\"@id\":\"https:\\\/\\\/www.lraloeverashop.eu\\\/pt-pt\\\/produto\\\/aloe-vera-gel-bebivel-de-mel\\\/#breadcrumb\"},\"inLanguage\":\"pt-PT\",\"potentialAction\":[{\"@type\":\"ReadAction\",\"target\":[\"https:\\\/\\\/www.lraloeverashop.eu\\\/pt-pt\\\/produto\\\/aloe-vera-gel-bebivel-de-mel\\\/\"]}]},{\"@type\":\"ImageObject\",\"inLanguage\":\"pt-PT\",\"@id\":\"https:\\\/\\\/www.lraloeverashop.eu\\\/pt-pt\\\/produto\\\/aloe-vera-gel-bebivel-de-mel\\\/#primaryimage\",\"url\":\"https:\\\/\\\/www.lraloeverashop.eu\\\/wp-content\\\/uploads\\\/2022\\\/09\\\/Aloe-Vera-Drinking-Gel-Honey.jpg\",\"contentUrl\":\"https:\\\/\\\/www.lraloeverashop.eu\\\/wp-content\\\/uploads\\\/2022\\\/09\\\/Aloe-Vera-Drinking-Gel-Honey.jpg\",\"width\":1200,\"height\":1200,\"caption\":\"Gel Beb\u00edvel de Aloe Vera Mel Ajuda a Sa\u00fade\"},{\"@type\":\"BreadcrumbList\",\"@id\":\"https:\\\/\\\/www.lraloeverashop.eu\\\/pt-pt\\\/produto\\\/aloe-vera-gel-bebivel-de-mel\\\/#breadcrumb\",\"itemListElement\":[{\"@type\":\"ListItem\",\"position\":1,\"name\":\"Home\",\"item\":\"https:\\\/\\\/www.lraloeverashop.eu\\\/pt-pt\\\/\"},{\"@type\":\"ListItem\",\"position\":2,\"name\":\"Loja\",\"item\":\"https:\\\/\\\/www.lraloeverashop.eu\\\/pt-pt\\\/loja\\\/\"},{\"@type\":\"ListItem\",\"position\":3,\"name\":\"Aloe Vera Gel Beb\u00edvel de Mel\"}]},{\"@type\":\"WebSite\",\"@id\":\"https:\\\/\\\/www.lraloeverashop.eu\\\/pt-pt\\\/#website\",\"url\":\"https:\\\/\\\/www.lraloeverashop.eu\\\/pt-pt\\\/\",\"name\":\"Lr Loja Aloe Vera\",\"description\":\"High Quality Lr Aloe Vera Gel, Aloe Vera Cream and Shampoo\",\"publisher\":{\"@id\":\"https:\\\/\\\/www.lraloeverashop.eu\\\/pt-pt\\\/#organization\"},\"potentialAction\":[{\"@type\":\"SearchAction\",\"target\":{\"@type\":\"EntryPoint\",\"urlTemplate\":\"https:\\\/\\\/www.lraloeverashop.eu\\\/pt-pt\\\/?s={search_term_string}\"},\"query-input\":{\"@type\":\"PropertyValueSpecification\",\"valueRequired\":true,\"valueName\":\"search_term_string\"}}],\"inLanguage\":\"pt-PT\"},{\"@type\":\"Organization\",\"@id\":\"https:\\\/\\\/www.lraloeverashop.eu\\\/pt-pt\\\/#organization\",\"name\":\"Lr Loja Aloe Vera\",\"alternateName\":\"LR\",\"url\":\"https:\\\/\\\/www.lraloeverashop.eu\\\/pt-pt\\\/\",\"logo\":{\"@type\":\"ImageObject\",\"inLanguage\":\"pt-PT\",\"@id\":\"https:\\\/\\\/www.lraloeverashop.eu\\\/pt-pt\\\/#\\\/schema\\\/logo\\\/image\\\/\",\"url\":\"https:\\\/\\\/www.lraloeverashop.eu\\\/wp-content\\\/uploads\\\/2022\\\/09\\\/cropped-Lr-Aloe-Vera-Shop.jpg\",\"contentUrl\":\"https:\\\/\\\/www.lraloeverashop.eu\\\/wp-content\\\/uploads\\\/2022\\\/09\\\/cropped-Lr-Aloe-Vera-Shop.jpg\",\"width\":228,\"height\":76,\"caption\":\"Lr Loja Aloe Vera\"},\"image\":{\"@id\":\"https:\\\/\\\/www.lraloeverashop.eu\\\/pt-pt\\\/#\\\/schema\\\/logo\\\/image\\\/\"},\"sameAs\":[\"https:\\\/\\\/www.facebook.com\\\/lraloeverashop.eu\",\"https:\\\/\\\/x.com\\\/natur__kosmetik\",\"https:\\\/\\\/www.youtube.com\\\/channel\\\/UC5oN7BJ8nfYb8RpVtjwDEBA\",\"https:\\\/\\\/www.instagram.com\\\/lrbeautyeu\\\/\"]}]}<\/script>\n<meta property=\"product:price:amount\" content=\"40.89\" \/>\n<meta property=\"product:price:currency\" content=\"EUR\" \/>\n<meta property=\"og:availability\" content=\"instock\" \/>\n<meta property=\"product:availability\" content=\"instock\" \/>\n<meta property=\"product:retailer_item_id\" content=\"80700-481PT\" \/>\n<meta property=\"product:condition\" content=\"new\" \/>\n<!-- \/ Yoast SEO Premium plugin. -->","yoast_head_json":{"title":"Aloe Vera Gel Beb\u00edvel de Mel Para Uma Vida Saud\u00e1vel","description":"Aloe Vera Gel Beb\u00edvel de Mel consiste em 90% puro e org\u00e2nico de Aloe Vera Gel da Barbadensis Miller. O mel natural puro rende mais 9%.","robots":{"index":"index","follow":"follow","max-snippet":"max-snippet:-1","max-image-preview":"max-image-preview:large","max-video-preview":"max-video-preview:-1"},"canonical":"https:\/\/www.lraloeverashop.eu\/pt-pt\/produto\/aloe-vera-gel-bebivel-de-mel\/","og_locale":"pt_PT","og_type":"article","og_title":"Aloe Vera Gel Beb\u00edvel de Mel","og_description":"Aloe Vera Gel Beb\u00edvel de Mel consiste em 90% puro e org\u00e2nico de Aloe Vera Gel da Barbadensis Miller. O mel natural puro rende mais 9%.","og_url":"https:\/\/www.lraloeverashop.eu\/pt-pt\/produto\/aloe-vera-gel-bebivel-de-mel\/","og_site_name":"Lr Loja Aloe Vera","article_publisher":"https:\/\/www.facebook.com\/lraloeverashop.eu","article_modified_time":"2026-02-08T09:24:51+00:00","og_image":[{"width":1200,"height":1200,"url":"https:\/\/www.lraloeverashop.eu\/wp-content\/uploads\/2022\/09\/Aloe-Vera-Drinking-Gel-Honey.jpg","type":"image\/jpeg"}],"twitter_card":"summary_large_image","twitter_site":"@natur__kosmetik","schema":{"@context":"https:\/\/schema.org","@graph":[{"@type":["WebPage","ItemPage"],"@id":"https:\/\/www.lraloeverashop.eu\/pt-pt\/produto\/aloe-vera-gel-bebivel-de-mel\/","url":"https:\/\/www.lraloeverashop.eu\/pt-pt\/produto\/aloe-vera-gel-bebivel-de-mel\/","name":"Aloe Vera Gel Beb\u00edvel de Mel Para Uma Vida Saud\u00e1vel","isPartOf":{"@id":"https:\/\/www.lraloeverashop.eu\/pt-pt\/#website"},"primaryImageOfPage":{"@id":"https:\/\/www.lraloeverashop.eu\/pt-pt\/produto\/aloe-vera-gel-bebivel-de-mel\/#primaryimage"},"image":{"@id":"https:\/\/www.lraloeverashop.eu\/pt-pt\/produto\/aloe-vera-gel-bebivel-de-mel\/#primaryimage"},"thumbnailUrl":"https:\/\/www.lraloeverashop.eu\/wp-content\/uploads\/2022\/09\/Aloe-Vera-Drinking-Gel-Honey.jpg","datePublished":"2022-10-11T18:44:35+00:00","dateModified":"2026-02-08T09:24:51+00:00","description":"Aloe Vera Gel Beb\u00edvel de Mel consiste em 90% puro e org\u00e2nico de Aloe Vera Gel da Barbadensis Miller. O mel natural puro rende mais 9%.","breadcrumb":{"@id":"https:\/\/www.lraloeverashop.eu\/pt-pt\/produto\/aloe-vera-gel-bebivel-de-mel\/#breadcrumb"},"inLanguage":"pt-PT","potentialAction":[{"@type":"ReadAction","target":["https:\/\/www.lraloeverashop.eu\/pt-pt\/produto\/aloe-vera-gel-bebivel-de-mel\/"]}]},{"@type":"ImageObject","inLanguage":"pt-PT","@id":"https:\/\/www.lraloeverashop.eu\/pt-pt\/produto\/aloe-vera-gel-bebivel-de-mel\/#primaryimage","url":"https:\/\/www.lraloeverashop.eu\/wp-content\/uploads\/2022\/09\/Aloe-Vera-Drinking-Gel-Honey.jpg","contentUrl":"https:\/\/www.lraloeverashop.eu\/wp-content\/uploads\/2022\/09\/Aloe-Vera-Drinking-Gel-Honey.jpg","width":1200,"height":1200,"caption":"Gel Beb\u00edvel de Aloe Vera Mel Ajuda a Sa\u00fade"},{"@type":"BreadcrumbList","@id":"https:\/\/www.lraloeverashop.eu\/pt-pt\/produto\/aloe-vera-gel-bebivel-de-mel\/#breadcrumb","itemListElement":[{"@type":"ListItem","position":1,"name":"Home","item":"https:\/\/www.lraloeverashop.eu\/pt-pt\/"},{"@type":"ListItem","position":2,"name":"Loja","item":"https:\/\/www.lraloeverashop.eu\/pt-pt\/loja\/"},{"@type":"ListItem","position":3,"name":"Aloe Vera Gel Beb\u00edvel de Mel"}]},{"@type":"WebSite","@id":"https:\/\/www.lraloeverashop.eu\/pt-pt\/#website","url":"https:\/\/www.lraloeverashop.eu\/pt-pt\/","name":"Lr Loja Aloe Vera","description":"High Quality Lr Aloe Vera Gel, Aloe Vera Cream and Shampoo","publisher":{"@id":"https:\/\/www.lraloeverashop.eu\/pt-pt\/#organization"},"potentialAction":[{"@type":"SearchAction","target":{"@type":"EntryPoint","urlTemplate":"https:\/\/www.lraloeverashop.eu\/pt-pt\/?s={search_term_string}"},"query-input":{"@type":"PropertyValueSpecification","valueRequired":true,"valueName":"search_term_string"}}],"inLanguage":"pt-PT"},{"@type":"Organization","@id":"https:\/\/www.lraloeverashop.eu\/pt-pt\/#organization","name":"Lr Loja Aloe Vera","alternateName":"LR","url":"https:\/\/www.lraloeverashop.eu\/pt-pt\/","logo":{"@type":"ImageObject","inLanguage":"pt-PT","@id":"https:\/\/www.lraloeverashop.eu\/pt-pt\/#\/schema\/logo\/image\/","url":"https:\/\/www.lraloeverashop.eu\/wp-content\/uploads\/2022\/09\/cropped-Lr-Aloe-Vera-Shop.jpg","contentUrl":"https:\/\/www.lraloeverashop.eu\/wp-content\/uploads\/2022\/09\/cropped-Lr-Aloe-Vera-Shop.jpg","width":228,"height":76,"caption":"Lr Loja Aloe Vera"},"image":{"@id":"https:\/\/www.lraloeverashop.eu\/pt-pt\/#\/schema\/logo\/image\/"},"sameAs":["https:\/\/www.facebook.com\/lraloeverashop.eu","https:\/\/x.com\/natur__kosmetik","https:\/\/www.youtube.com\/channel\/UC5oN7BJ8nfYb8RpVtjwDEBA","https:\/\/www.instagram.com\/lrbeautyeu\/"]}]},"product_price_amount":"40.89","product_price_currency":"EUR","og_availability":"instock","product_availability":"instock","product_retailer_item_id":"80700-481PT","product_condition":"new"},"taxonomy_info":{"product_cat":[{"value":401,"label":"Base"},{"value":467,"label":"Especialistas"},{"value":294,"label":"Gel Beb\u00edvel Aloe Vera"},{"value":437,"label":"Intestino e Digest\u00e3o"}],"product_tag":[{"value":612,"label":"Bebidas desintoxicantes"}]},"featured_image_src_large":["https:\/\/www.lraloeverashop.eu\/wp-content\/uploads\/2022\/09\/Aloe-Vera-Drinking-Gel-Honey-1024x1024.jpg",1024,1024,true],"author_info":[],"comment_info":0,"_links":{"self":[{"href":"https:\/\/www.lraloeverashop.eu\/pt-pt\/wp-json\/wp\/v2\/product\/10084","targetHints":{"allow":["GET"]}}],"collection":[{"href":"https:\/\/www.lraloeverashop.eu\/pt-pt\/wp-json\/wp\/v2\/product"}],"about":[{"href":"https:\/\/www.lraloeverashop.eu\/pt-pt\/wp-json\/wp\/v2\/types\/product"}],"replies":[{"embeddable":true,"href":"https:\/\/www.lraloeverashop.eu\/pt-pt\/wp-json\/wp\/v2\/comments?post=10084"}],"wp:featuredmedia":[{"embeddable":true,"href":"https:\/\/www.lraloeverashop.eu\/pt-pt\/wp-json\/wp\/v2\/media\/4179"}],"wp:attachment":[{"href":"https:\/\/www.lraloeverashop.eu\/pt-pt\/wp-json\/wp\/v2\/media?parent=10084"}],"wp:term":[{"taxonomy":"product_brand","embeddable":true,"href":"https:\/\/www.lraloeverashop.eu\/pt-pt\/wp-json\/wp\/v2\/product_brand?post=10084"},{"taxonomy":"product_cat","embeddable":true,"href":"https:\/\/www.lraloeverashop.eu\/pt-pt\/wp-json\/wp\/v2\/product_cat?post=10084"},{"taxonomy":"product_tag","embeddable":true,"href":"https:\/\/www.lraloeverashop.eu\/pt-pt\/wp-json\/wp\/v2\/product_tag?post=10084"}],"curies":[{"name":"wp","href":"https:\/\/api.w.org\/{rel}","templated":true}]}}