{"id":10048,"date":"2022-10-11T20:59:08","date_gmt":"2022-10-11T18:59:08","guid":{"rendered":"https:\/\/www.lraloeverashop.eu\/product\/aloe-vera-gel-bebivel-freedom\/"},"modified":"2026-02-08T10:24:10","modified_gmt":"2026-02-08T09:24:10","slug":"aloe-vera-gel-bebivel-freedom","status":"publish","type":"product","link":"https:\/\/www.lraloeverashop.eu\/pt-pt\/produto\/aloe-vera-gel-bebivel-freedom\/","title":{"rendered":"Aloe Vera Gel Beb\u00edvel Freedom"},"content":{"rendered":"<h2><span style=\"font-size: 16pt;\"><strong>Aloe Vera Gel Beb\u00edvel Freedom<\/strong><\/span><\/h2>\n<p><span style=\"font-size: 14pt;\"><strong>Aloe Vera Gel Beb\u00edvel Freedom &#8211; Nutri\u00e7\u00e3o Articular \u00danica Em Apresenta\u00e7\u00e3o L\u00edquida<\/strong><\/span><\/p>\n<p>Aloe Vera Gel Beb\u00edvel Freedom com nutrientes para as articula\u00e7\u00f5es \u00e9 um excelente suporte. Na sua vida di\u00e1ria, suas articula\u00e7\u00f5es est\u00e3o frequentemente expostas ao estresse e fadiga, especialmente nos joelhos e quadris.<\/p>\n<p>Para manter as articula\u00e7\u00f5es, \u00e9 bom movimentar-se regularmente e fornecer ao corpo os nutrientes mais importantes. Lr Aloe Vera Gel Beb\u00edvel Freedom oferece a combina\u00e7\u00e3o ideal de ingredientes ativos para apoiar o movimento das suas articula\u00e7\u00f5es.<\/p>\n<p>O Gel de Aloe Vera cont\u00e9m sulfato de glucosamina, sulfato de condroitina, hidrolisado de col\u00e1geno e vitaminas C + E.<\/p>\n<p>O <strong>Gel de Aloe vera<\/strong> funciona n\u00e3o s\u00f3 para reduzir o incha\u00e7o, a inflama\u00e7\u00e3o, a dor, e para melhorar a <a href=\"https:\/\/www.lraloeverashop.eu\/pt-pt\/produto\/aloe-vera-gel-bebivel-de-mel\/\">desintoxica\u00e7\u00e3o<\/a> e a regenera\u00e7\u00e3o, sen\u00e3o tamb\u00e9m para transportar efetivamente e com seguran\u00e7a os compostos condroproteicos para a cartilagem (a cartilagem n\u00e3o tem suprimento vascular).<\/p>\n<p>O Lr Aloe Vera Gel Beb\u00edvel Freedom \u00e9 o <a href=\"https:\/\/www.lraloeverashop.eu\/pt-pt\/produto\/aloe-vera-para-beber-freedom\/\">\u00fanico do mercado<\/a> com a certifica\u00e7\u00e3o de qualidade IASC e o selo do prestigiado Instituto Fresenius n\u00e3o s\u00f3 para a mat\u00e9ria-prima mas tamb\u00e9m para o produto.<\/p>\n<p>&nbsp;<\/p>\n<p><iframe loading=\"lazy\" src=\"\/\/www.youtube.com\/embed\/1MPha6yvAAU?rel=0&amp;showinfo=0\" width=\"1280\" height=\"720\" frameborder=\"0\" allowfullscreen=\"allowfullscreen\"><\/iframe><\/p>\n<p>&nbsp;<\/p>\n<h3><strong><span style=\"font-size: 16pt;\">Gel de Aloe Vera = Portador de Condroprotetor Para a Cartilagem!<\/span><\/strong><\/h3>\n<p><strong><span style=\"color: #800000;\">Sulfato de glucosamina:<\/span><\/strong> um componente natural da cartilagem articular e do l\u00edquido sinovial. \u00c9 um bloco de constru\u00e7\u00e3o da lubrifica\u00e7\u00e3o articular e estimulante das c\u00e9lulas articulares que produzem col\u00e1geno. Ajuda a armazenar <a href=\"https:\/\/www.lraloeverashop.eu\/pt-pt\/produto\/bebida-de-aloe-vera-freedom\/\">c\u00e1lcio nos ossos<\/a>. Afeta o balan\u00e7o positivo dos eventos da cartilagem. Alivia a dor, diminui a inflama\u00e7\u00e3o, al\u00e9m dos processos degenerativos nos discos intervertebrais. Interrompe a perda de cartilagem articular durante o uso a longo prazo.<\/p>\n<p><span style=\"color: #800000;\"><strong>Sulfato de condroitina:<\/strong><\/span> \u00e9 encontrado principalmente na massa intercelular. Osmoticamente ret\u00e9m \u00e1gua e aumenta a elasticidade da cartilagem, permitindo a sua nutri\u00e7\u00e3o. Sem ele, a cartilagem fica seca, fina, quebradi\u00e7a e atrofiada. \u00c9 importante para tecidos onde n\u00e3o existem vasos sangu\u00edneos. Ele reduz o colesterol, reduz o risco de co\u00e1gulos sangu\u00edneos e acumula placas nos vasos sangu\u00edneos. Tamb\u00e9m tem um efeito positivo na cicatriza\u00e7\u00e3o. Atua preventivamente em alguns tipos de tumores.<\/p>\n<p><strong><span style=\"color: #800000;\">Hidrolisado de col\u00e1geno:<\/span><\/strong> o hidrolisado de col\u00e1geno \u00e9 uma boa forma de prevenir e tratar a osteoartrite. \u00c9 produzido pela clivagem do col\u00e1geno bovino, absorve-se bem e \u00e9 sol\u00favel em \u00e1gua. A vitamina C fornece a s\u00edntese de col\u00e1geno.<\/p>\n<p>&nbsp;<\/p>\n<p style=\"text-align: center;\"><span style=\"font-size: 16pt;\"><strong><span style=\"color: #ff0000;\">Resultados de pesquisas recentes refutaram a ideia de que o col\u00e1geno n\u00e3o passava pela parede intestinal e, portanto, n\u00e3o entrava nas c\u00e9lulas da cartilagem.<\/span><\/strong><\/span><\/p>\n<p>V\u00e1rios anos atr\u00e1s, foi demonstrado pela primeira vez experimentalmente que o hidrolisado de col\u00e1geno estimula a bioss\u00edntese do col\u00e1geno tipo II nas c\u00e9lulas da cartilagem. Este avan\u00e7o na ortopedia contempor\u00e2nea foi relatado pelo Dr. Ludwig Weh de Berchtesgaden em uma confer\u00eancia em Munique. Isso pode criar tecido de <strong><a href=\"https:\/\/pt.wikipedia.org\/wiki\/Tecido_cartilaginoso\">cartilagem<\/a><\/strong> que evita efetivamente o desgaste e o rompimento das articula\u00e7\u00f5es, conforme foi confirmado pelo Dr. Weh.<\/p>\n<p>Como ningu\u00e9m pode prevenir o desgaste das articula\u00e7\u00f5es devido \u00e0 idade ou estresse, \u00e9 especialmente importante prevenir a osteoartrite, conforme afirma o professor Wolfgang Pf\u00f6rringer de Munique. Isso inclui, em primeiro lugar, a redu\u00e7\u00e3o de peso por meio de dieta e exerc\u00edcios f\u00edsicos regulares. Segundo Pf\u00f6rringer, os suplementos diet\u00e9ticos com hidrolisado de col\u00e1geno podem ser uma op\u00e7\u00e3o significativa para a preven\u00e7\u00e3o e o tratamento da osteoartrite. A necessidade de col\u00e1geno \u00e9 maior, principalmente em atletas, em profiss\u00f5es com alto estresse nas articula\u00e7\u00f5es, durante a reabilita\u00e7\u00e3o e durante o crescimento.<\/p>\n<p>O Dr. Weh observou que os pacientes com artrite leve que foram tratados com hidrolisado de col\u00e1geno confirmaram que, depois de quatro a seis semanas de uso, experimentaram maior mobilidade articular e al\u00edvio da dor. Em um dos estudos, que ele desenvolveu pessoalmente com o Dr. Weh, as propriedades biomec\u00e2nicas das articula\u00e7\u00f5es artr\u00edticas nos dedos de 24 pacientes foram testadas em um tensor de dedo controlado por computador. Uma dose di\u00e1ria de 10 gramas de hidrolisado de col\u00e1geno depois de seis semanas demonstrou aumentar significativamente a resist\u00eancia articular e a capacidade de suporte.<\/p>\n<p>&nbsp;<\/p>\n<h2><strong><span style=\"font-size: 16pt;\">Como usar Aloe Vera Gel Beb\u00edvel Freedom<\/span><\/strong><\/h2>\n<p>Dose di\u00e1ria recomendada: 30 ml de <a href=\"https:\/\/www.lraloeverashop.eu\/pt-pt\/aloe-vera-gel-bebivel-freedom-para-cartilagem\/\">Aloe Vera Active Freedom<\/a> 3 vezes ao dia, de prefer\u00eancia antes das refei\u00e7\u00f5es (pode misturar com \u00e1gua ou sumo de fruta).<\/p>\n<p>Receita recomendada: experimente adicionar Aloe Vera Active Freedom a um copo de suco de frutas ou misture com um smoothie de frutas e vegetais frescos.<br \/>\nAgite antes de usar. Leve \u00e0 geladeira depois de aberto e consuma imediatamente. N\u00e3o exceda a dose di\u00e1ria recomendada.<\/p>\n<p>Os suplementos diet\u00e9ticos n\u00e3o substituem uma dieta rica e equilibrada, combinada com um estilo de vida saud\u00e1vel.<br \/>\nMantenha fora do alcance de crian\u00e7as.<\/p>\n<p>&nbsp;<\/p>\n<p>O Lr Aloe Vera Gel Beb\u00edvel Freedom n\u00e3o tem no mercado um produto equivalente que seja compar\u00e1vel em qualidade ou efeitos.<\/p>\n<p>&nbsp;<\/p>\n<h3><strong><span style=\"font-size: 16pt;\">Perguntas mais frequentes<\/span><\/strong><\/h3>\n<p><strong>Como podemos aumentar a atividade f\u00edsica em nossa vida di\u00e1ria?<\/strong><br \/>\nMais est\u00e3o reduzindo sua atividade f\u00edsica. Passamos muito tempo no escrit\u00f3rio, dirigimos para o trabalho, usamos escadas rolantes ou elevadores. No entanto, podemos aumentar significativamente nossa atividade f\u00edsica di\u00e1ria para melhorar nossa condi\u00e7\u00e3o f\u00edsica. Ele prefere caminhar ou andar de bicicleta para curtas dist\u00e2ncias. Se voc\u00ea usa transporte p\u00fablico, pode descer na parada anterior e caminhar at\u00e9 seu destino. Suba as escadas em vez do elevador e prefira dar um passeio a ficar sentado no sof\u00e1 a ver televis\u00e3o.<\/p>\n<p><strong>O que h\u00e1 no Aloe Vera Gel Beb\u00edvel Freedom?<\/strong><br \/>\nAs folhas de Aloe Vera s\u00e3o principalmente carnudas, enquanto fora da planta s\u00e3o rodeadas por uma espessa casca verde. O interior da folha \u00e9 constitu\u00eddo por uma camada de cola e par\u00eanquima, que \u00e9 a camada em que o gel est\u00e1 presente. Este gel transparente cont\u00e9m todos os ingredientes valiosos e \u00e9 usado para o Gel Bebendo.<\/p>\n<p><strong>Por que a LR usa apenas Aloe Vera Barbadensis Miller para seus g\u00e9is de bebida?<\/strong><br \/>\nAloe Vera Barbadensis Miller Aloe arborescens \u00e9 frequentemente referido como aloin, tornando-o impr\u00f3prio para consumo. A LR usa exclusivamente Aloe Vera Barbadensis Miller para a produ\u00e7\u00e3o de produtos de Aloe Vera.<\/p>\n<p><strong>Posso cortar uma planta de Aloe Vera em casa e beber o gel?<\/strong><br \/>\nO consumo de gel de folha de Aloe Vera puro na forma n\u00e3o processada n\u00e3o \u00e9 recomendado. A crosta deve ser cuidadosamente separada do gel interno. O Aloe se liga sob a pele, que \u00e9 um suco amarelo que deve ser removido com cuidado antes do consumo. A extra\u00e7\u00e3o do gel de Aloe Vera da casca deve ser realizada sob a supervis\u00e3o de especialistas.<\/p>\n<p>Aloin \u00e9 um laxante que pode causar diarreia quando consumido em grandes quantidades. Esta \u00e9 a raz\u00e3o pela qual a quantidade de Aloe Vera nos <a href=\"https:\/\/www.lraloeverashop.eu\/pt-pt\/categoria-produto\/base-pt-pt\/geis-bebiveis\/\">g\u00e9is beb\u00edveis de Aloe Vera LR<\/a> est\u00e1 sujeita a verifica\u00e7\u00f5es regulares. Al\u00e9m disso, o Aloe Vera tem um sabor puro e amargo. Em qualquer dos casos, \u00e9 mais f\u00e1cil consumir Aloe Vera Gel Beb\u00edvel Freedom que tem um sabor excelente.<\/p>\n","protected":false},"excerpt":{"rendered":"<ul>\n<li>Gel de folha de Aloe Vera 88% puro<\/li>\n<li>Para a preven\u00e7\u00e3o da artrite<\/li>\n<li>Melhora a fun\u00e7\u00e3o articular<\/li>\n<li>Com vitamina C para apoiar a forma\u00e7\u00e3o de col\u00e1geno para a fun\u00e7\u00e3o normal da cartilagem<\/li>\n<li>Conte\u00fado: 1000 ml<\/li>\n<li>Feito na Alemanha<\/li>\n<\/ul>\n<p><span style=\"color: #ff0000;\"><a style=\"color: #ff0000;\" href=\"https:\/\/shop.lrworld.com\/openpao?PHP=0vFlt7jT938BEnBI3a6e9w%3D%3D\"><span style=\"font-size: 14pt;\"><strong>Registe-se aqui e poupe 35% em todos os pedidos<\/strong><\/span><\/a><\/span><\/p>\n","protected":false},"featured_media":5301,"comment_status":"open","ping_status":"closed","template":"","meta":{"_kad_blocks_custom_css":"","_kad_blocks_head_custom_js":"","_kad_blocks_body_custom_js":"","_kad_blocks_footer_custom_js":"","_kadence_starter_templates_imported_post":false,"_kad_post_transparent":"default","_kad_post_title":"","_kad_post_layout":"default","_kad_post_sidebar_id":"","_kad_post_content_style":"default","_kad_post_vertical_padding":"default","_kad_post_feature":"","_kad_post_feature_position":"","_kad_post_header":false,"_kad_post_footer":false,"_kad_post_classname":""},"product_brand":[],"product_cat":[401,467,294,437,419],"product_tag":[612,674],"class_list":{"0":"post-10048","1":"product","2":"type-product","3":"status-publish","4":"has-post-thumbnail","6":"product_cat-base-pt-pt","7":"product_cat-lr-especialistas","8":"product_cat-geis-bebiveis","9":"product_cat-intestino-e-digestao","10":"product_cat-ossos-articulacoes-e-musculos","11":"product_tag-bebidas-desintoxicantes","12":"product_tag-dores-nas-articulacoes","14":"first","15":"instock","16":"taxable","17":"shipping-taxable","18":"purchasable","19":"product-type-simple","20":"entry","21":"content-bg","22":"loop-entry"},"yoast_head":"<!-- This site is optimized with the Yoast SEO Premium plugin v27.4 (Yoast SEO v27.4) - https:\/\/yoast.com\/product\/yoast-seo-premium-wordpress\/ -->\n<title>Aloe Vera Gel Beb\u00edvel Freedom - Nutri\u00e7\u00e3o articular \u00fanica.<\/title>\n<meta name=\"description\" content=\"Aloe Vera Gel Beb\u00edvel Freedom com nutrientes para as articula\u00e7\u00f5es \u00e9 um excelente suporte. Nutri\u00e7\u00e3o articular \u00fanica em forma l\u00edquida. Com vitamina C.\" \/>\n<meta name=\"robots\" content=\"index, follow, max-snippet:-1, max-image-preview:large, max-video-preview:-1\" \/>\n<link rel=\"canonical\" href=\"https:\/\/www.lraloeverashop.eu\/pt-pt\/produto\/aloe-vera-gel-bebivel-freedom\/\" \/>\n<meta property=\"og:locale\" content=\"pt_PT\" \/>\n<meta property=\"og:type\" content=\"article\" \/>\n<meta property=\"og:title\" content=\"Aloe Vera Gel Beb\u00edvel Freedom\" \/>\n<meta property=\"og:description\" content=\"Aloe Vera Gel Beb\u00edvel Freedom com nutrientes para as articula\u00e7\u00f5es \u00e9 um excelente suporte. Nutri\u00e7\u00e3o articular \u00fanica em forma l\u00edquida. Com vitamina C.\" \/>\n<meta property=\"og:url\" content=\"https:\/\/www.lraloeverashop.eu\/pt-pt\/produto\/aloe-vera-gel-bebivel-freedom\/\" \/>\n<meta property=\"og:site_name\" content=\"Lr Loja Aloe Vera\" \/>\n<meta property=\"article:publisher\" content=\"https:\/\/www.facebook.com\/lraloeverashop.eu\" \/>\n<meta property=\"article:modified_time\" content=\"2026-02-08T09:24:10+00:00\" \/>\n<meta property=\"og:image\" content=\"https:\/\/www.lraloeverashop.eu\/wp-content\/uploads\/2022\/10\/Aloe-Vera-Drinking-Gel-Active-Freedom.jpg\" \/>\n\t<meta property=\"og:image:width\" content=\"1200\" \/>\n\t<meta property=\"og:image:height\" content=\"1200\" \/>\n\t<meta property=\"og:image:type\" content=\"image\/jpeg\" \/>\n<meta name=\"twitter:card\" content=\"summary_large_image\" \/>\n<meta name=\"twitter:site\" content=\"@natur__kosmetik\" \/>\n<script type=\"application\/ld+json\" class=\"yoast-schema-graph\">{\"@context\":\"https:\\\/\\\/schema.org\",\"@graph\":[{\"@type\":[\"WebPage\",\"ItemPage\"],\"@id\":\"https:\\\/\\\/www.lraloeverashop.eu\\\/pt-pt\\\/produto\\\/aloe-vera-gel-bebivel-freedom\\\/\",\"url\":\"https:\\\/\\\/www.lraloeverashop.eu\\\/pt-pt\\\/produto\\\/aloe-vera-gel-bebivel-freedom\\\/\",\"name\":\"Aloe Vera Gel Beb\u00edvel Freedom - Nutri\u00e7\u00e3o articular \u00fanica.\",\"isPartOf\":{\"@id\":\"https:\\\/\\\/www.lraloeverashop.eu\\\/pt-pt\\\/#website\"},\"primaryImageOfPage\":{\"@id\":\"https:\\\/\\\/www.lraloeverashop.eu\\\/pt-pt\\\/produto\\\/aloe-vera-gel-bebivel-freedom\\\/#primaryimage\"},\"image\":{\"@id\":\"https:\\\/\\\/www.lraloeverashop.eu\\\/pt-pt\\\/produto\\\/aloe-vera-gel-bebivel-freedom\\\/#primaryimage\"},\"thumbnailUrl\":\"https:\\\/\\\/www.lraloeverashop.eu\\\/wp-content\\\/uploads\\\/2022\\\/10\\\/Aloe-Vera-Drinking-Gel-Active-Freedom.jpg\",\"datePublished\":\"2022-10-11T18:59:08+00:00\",\"dateModified\":\"2026-02-08T09:24:10+00:00\",\"description\":\"Aloe Vera Gel Beb\u00edvel Freedom com nutrientes para as articula\u00e7\u00f5es \u00e9 um excelente suporte. Nutri\u00e7\u00e3o articular \u00fanica em forma l\u00edquida. Com vitamina C.\",\"breadcrumb\":{\"@id\":\"https:\\\/\\\/www.lraloeverashop.eu\\\/pt-pt\\\/produto\\\/aloe-vera-gel-bebivel-freedom\\\/#breadcrumb\"},\"inLanguage\":\"pt-PT\",\"potentialAction\":[{\"@type\":\"ReadAction\",\"target\":[\"https:\\\/\\\/www.lraloeverashop.eu\\\/pt-pt\\\/produto\\\/aloe-vera-gel-bebivel-freedom\\\/\"]}]},{\"@type\":\"ImageObject\",\"inLanguage\":\"pt-PT\",\"@id\":\"https:\\\/\\\/www.lraloeverashop.eu\\\/pt-pt\\\/produto\\\/aloe-vera-gel-bebivel-freedom\\\/#primaryimage\",\"url\":\"https:\\\/\\\/www.lraloeverashop.eu\\\/wp-content\\\/uploads\\\/2022\\\/10\\\/Aloe-Vera-Drinking-Gel-Active-Freedom.jpg\",\"contentUrl\":\"https:\\\/\\\/www.lraloeverashop.eu\\\/wp-content\\\/uploads\\\/2022\\\/10\\\/Aloe-Vera-Drinking-Gel-Active-Freedom.jpg\",\"width\":1200,\"height\":1200,\"caption\":\"Aloe Vera Gel Beb\u00edvel Freedom para a preven\u00e7\u00e3o da artrite\"},{\"@type\":\"BreadcrumbList\",\"@id\":\"https:\\\/\\\/www.lraloeverashop.eu\\\/pt-pt\\\/produto\\\/aloe-vera-gel-bebivel-freedom\\\/#breadcrumb\",\"itemListElement\":[{\"@type\":\"ListItem\",\"position\":1,\"name\":\"Home\",\"item\":\"https:\\\/\\\/www.lraloeverashop.eu\\\/pt-pt\\\/\"},{\"@type\":\"ListItem\",\"position\":2,\"name\":\"Loja\",\"item\":\"https:\\\/\\\/www.lraloeverashop.eu\\\/pt-pt\\\/loja\\\/\"},{\"@type\":\"ListItem\",\"position\":3,\"name\":\"Aloe Vera Gel Beb\u00edvel Freedom\"}]},{\"@type\":\"WebSite\",\"@id\":\"https:\\\/\\\/www.lraloeverashop.eu\\\/pt-pt\\\/#website\",\"url\":\"https:\\\/\\\/www.lraloeverashop.eu\\\/pt-pt\\\/\",\"name\":\"Lr Loja Aloe Vera\",\"description\":\"High Quality Lr Aloe Vera Gel, Aloe Vera Cream and Shampoo\",\"publisher\":{\"@id\":\"https:\\\/\\\/www.lraloeverashop.eu\\\/pt-pt\\\/#organization\"},\"potentialAction\":[{\"@type\":\"SearchAction\",\"target\":{\"@type\":\"EntryPoint\",\"urlTemplate\":\"https:\\\/\\\/www.lraloeverashop.eu\\\/pt-pt\\\/?s={search_term_string}\"},\"query-input\":{\"@type\":\"PropertyValueSpecification\",\"valueRequired\":true,\"valueName\":\"search_term_string\"}}],\"inLanguage\":\"pt-PT\"},{\"@type\":\"Organization\",\"@id\":\"https:\\\/\\\/www.lraloeverashop.eu\\\/pt-pt\\\/#organization\",\"name\":\"Loja Lr Aloe Vera\",\"alternateName\":\"LR\",\"url\":\"https:\\\/\\\/www.lraloeverashop.eu\\\/pt-pt\\\/\",\"logo\":{\"@type\":\"ImageObject\",\"inLanguage\":\"pt-PT\",\"@id\":\"https:\\\/\\\/www.lraloeverashop.eu\\\/pt-pt\\\/#\\\/schema\\\/logo\\\/image\\\/\",\"url\":\"https:\\\/\\\/www.lraloeverashop.eu\\\/wp-content\\\/uploads\\\/2022\\\/09\\\/cropped-Lr-Aloe-Vera-Shop.jpg\",\"contentUrl\":\"https:\\\/\\\/www.lraloeverashop.eu\\\/wp-content\\\/uploads\\\/2022\\\/09\\\/cropped-Lr-Aloe-Vera-Shop.jpg\",\"width\":228,\"height\":76,\"caption\":\"Loja Lr Aloe Vera\"},\"image\":{\"@id\":\"https:\\\/\\\/www.lraloeverashop.eu\\\/pt-pt\\\/#\\\/schema\\\/logo\\\/image\\\/\"},\"sameAs\":[\"https:\\\/\\\/www.facebook.com\\\/lraloeverashop.eu\",\"https:\\\/\\\/x.com\\\/natur__kosmetik\",\"https:\\\/\\\/www.youtube.com\\\/channel\\\/UC5oN7BJ8nfYb8RpVtjwDEBA\",\"https:\\\/\\\/www.instagram.com\\\/lrbeautyeu\\\/\"],\"description\":\"Loja Lr Aloe Vera \u00e9 o seu destino de confian\u00e7a para os produtos de sa\u00fade e beleza premium da LR, fabricados na Alemanha. Oferecemos solu\u00e7\u00f5es de alta qualidade para o cuidado da pele, nutri\u00e7\u00e3o e antienvelhecimento \u00e0 base de Alo\u00e9 Vera, elaboradas com ingredientes puros e apoiadas em investiga\u00e7\u00e3o cient\u00edfica. Descubra o cuidado natural que regenera, protege e revitaliza a sua pele \u2014 e aproveite as ofertas mensais exclusivas nos nossos produtos LR Alo\u00e9 Vera mais vendidos.\\nComece hoje mesmo a sua jornada de cuidados naturais com a pele e sinta a diferen\u00e7a.\",\"email\":\"info@lraloeverashop.eu\",\"telephone\":\"+49 17670609653\",\"legalName\":\"Lr Aloe Vera Shop\",\"foundingDate\":\"2018-04-21\",\"numberOfEmployees\":{\"@type\":\"QuantitativeValue\",\"minValue\":\"1\",\"maxValue\":\"10\"}}]}<\/script>\n<meta property=\"product:price:amount\" content=\"45.79\" \/>\n<meta property=\"product:price:currency\" content=\"EUR\" \/>\n<meta property=\"og:availability\" content=\"instock\" \/>\n<meta property=\"product:availability\" content=\"instock\" \/>\n<meta property=\"product:retailer_item_id\" content=\"80850-480PT\" \/>\n<meta property=\"product:condition\" content=\"new\" \/>\n<!-- \/ Yoast SEO Premium plugin. -->","yoast_head_json":{"title":"Aloe Vera Gel Beb\u00edvel Freedom - Nutri\u00e7\u00e3o articular \u00fanica.","description":"Aloe Vera Gel Beb\u00edvel Freedom com nutrientes para as articula\u00e7\u00f5es \u00e9 um excelente suporte. Nutri\u00e7\u00e3o articular \u00fanica em forma l\u00edquida. Com vitamina C.","robots":{"index":"index","follow":"follow","max-snippet":"max-snippet:-1","max-image-preview":"max-image-preview:large","max-video-preview":"max-video-preview:-1"},"canonical":"https:\/\/www.lraloeverashop.eu\/pt-pt\/produto\/aloe-vera-gel-bebivel-freedom\/","og_locale":"pt_PT","og_type":"article","og_title":"Aloe Vera Gel Beb\u00edvel Freedom","og_description":"Aloe Vera Gel Beb\u00edvel Freedom com nutrientes para as articula\u00e7\u00f5es \u00e9 um excelente suporte. Nutri\u00e7\u00e3o articular \u00fanica em forma l\u00edquida. Com vitamina C.","og_url":"https:\/\/www.lraloeverashop.eu\/pt-pt\/produto\/aloe-vera-gel-bebivel-freedom\/","og_site_name":"Lr Loja Aloe Vera","article_publisher":"https:\/\/www.facebook.com\/lraloeverashop.eu","article_modified_time":"2026-02-08T09:24:10+00:00","og_image":[{"width":1200,"height":1200,"url":"https:\/\/www.lraloeverashop.eu\/wp-content\/uploads\/2022\/10\/Aloe-Vera-Drinking-Gel-Active-Freedom.jpg","type":"image\/jpeg"}],"twitter_card":"summary_large_image","twitter_site":"@natur__kosmetik","schema":{"@context":"https:\/\/schema.org","@graph":[{"@type":["WebPage","ItemPage"],"@id":"https:\/\/www.lraloeverashop.eu\/pt-pt\/produto\/aloe-vera-gel-bebivel-freedom\/","url":"https:\/\/www.lraloeverashop.eu\/pt-pt\/produto\/aloe-vera-gel-bebivel-freedom\/","name":"Aloe Vera Gel Beb\u00edvel Freedom - Nutri\u00e7\u00e3o articular \u00fanica.","isPartOf":{"@id":"https:\/\/www.lraloeverashop.eu\/pt-pt\/#website"},"primaryImageOfPage":{"@id":"https:\/\/www.lraloeverashop.eu\/pt-pt\/produto\/aloe-vera-gel-bebivel-freedom\/#primaryimage"},"image":{"@id":"https:\/\/www.lraloeverashop.eu\/pt-pt\/produto\/aloe-vera-gel-bebivel-freedom\/#primaryimage"},"thumbnailUrl":"https:\/\/www.lraloeverashop.eu\/wp-content\/uploads\/2022\/10\/Aloe-Vera-Drinking-Gel-Active-Freedom.jpg","datePublished":"2022-10-11T18:59:08+00:00","dateModified":"2026-02-08T09:24:10+00:00","description":"Aloe Vera Gel Beb\u00edvel Freedom com nutrientes para as articula\u00e7\u00f5es \u00e9 um excelente suporte. Nutri\u00e7\u00e3o articular \u00fanica em forma l\u00edquida. Com vitamina C.","breadcrumb":{"@id":"https:\/\/www.lraloeverashop.eu\/pt-pt\/produto\/aloe-vera-gel-bebivel-freedom\/#breadcrumb"},"inLanguage":"pt-PT","potentialAction":[{"@type":"ReadAction","target":["https:\/\/www.lraloeverashop.eu\/pt-pt\/produto\/aloe-vera-gel-bebivel-freedom\/"]}]},{"@type":"ImageObject","inLanguage":"pt-PT","@id":"https:\/\/www.lraloeverashop.eu\/pt-pt\/produto\/aloe-vera-gel-bebivel-freedom\/#primaryimage","url":"https:\/\/www.lraloeverashop.eu\/wp-content\/uploads\/2022\/10\/Aloe-Vera-Drinking-Gel-Active-Freedom.jpg","contentUrl":"https:\/\/www.lraloeverashop.eu\/wp-content\/uploads\/2022\/10\/Aloe-Vera-Drinking-Gel-Active-Freedom.jpg","width":1200,"height":1200,"caption":"Aloe Vera Gel Beb\u00edvel Freedom para a preven\u00e7\u00e3o da artrite"},{"@type":"BreadcrumbList","@id":"https:\/\/www.lraloeverashop.eu\/pt-pt\/produto\/aloe-vera-gel-bebivel-freedom\/#breadcrumb","itemListElement":[{"@type":"ListItem","position":1,"name":"Home","item":"https:\/\/www.lraloeverashop.eu\/pt-pt\/"},{"@type":"ListItem","position":2,"name":"Loja","item":"https:\/\/www.lraloeverashop.eu\/pt-pt\/loja\/"},{"@type":"ListItem","position":3,"name":"Aloe Vera Gel Beb\u00edvel Freedom"}]},{"@type":"WebSite","@id":"https:\/\/www.lraloeverashop.eu\/pt-pt\/#website","url":"https:\/\/www.lraloeverashop.eu\/pt-pt\/","name":"Lr Loja Aloe Vera","description":"High Quality Lr Aloe Vera Gel, Aloe Vera Cream and Shampoo","publisher":{"@id":"https:\/\/www.lraloeverashop.eu\/pt-pt\/#organization"},"potentialAction":[{"@type":"SearchAction","target":{"@type":"EntryPoint","urlTemplate":"https:\/\/www.lraloeverashop.eu\/pt-pt\/?s={search_term_string}"},"query-input":{"@type":"PropertyValueSpecification","valueRequired":true,"valueName":"search_term_string"}}],"inLanguage":"pt-PT"},{"@type":"Organization","@id":"https:\/\/www.lraloeverashop.eu\/pt-pt\/#organization","name":"Loja Lr Aloe Vera","alternateName":"LR","url":"https:\/\/www.lraloeverashop.eu\/pt-pt\/","logo":{"@type":"ImageObject","inLanguage":"pt-PT","@id":"https:\/\/www.lraloeverashop.eu\/pt-pt\/#\/schema\/logo\/image\/","url":"https:\/\/www.lraloeverashop.eu\/wp-content\/uploads\/2022\/09\/cropped-Lr-Aloe-Vera-Shop.jpg","contentUrl":"https:\/\/www.lraloeverashop.eu\/wp-content\/uploads\/2022\/09\/cropped-Lr-Aloe-Vera-Shop.jpg","width":228,"height":76,"caption":"Loja Lr Aloe Vera"},"image":{"@id":"https:\/\/www.lraloeverashop.eu\/pt-pt\/#\/schema\/logo\/image\/"},"sameAs":["https:\/\/www.facebook.com\/lraloeverashop.eu","https:\/\/x.com\/natur__kosmetik","https:\/\/www.youtube.com\/channel\/UC5oN7BJ8nfYb8RpVtjwDEBA","https:\/\/www.instagram.com\/lrbeautyeu\/"],"description":"Loja Lr Aloe Vera \u00e9 o seu destino de confian\u00e7a para os produtos de sa\u00fade e beleza premium da LR, fabricados na Alemanha. Oferecemos solu\u00e7\u00f5es de alta qualidade para o cuidado da pele, nutri\u00e7\u00e3o e antienvelhecimento \u00e0 base de Alo\u00e9 Vera, elaboradas com ingredientes puros e apoiadas em investiga\u00e7\u00e3o cient\u00edfica. Descubra o cuidado natural que regenera, protege e revitaliza a sua pele \u2014 e aproveite as ofertas mensais exclusivas nos nossos produtos LR Alo\u00e9 Vera mais vendidos.\nComece hoje mesmo a sua jornada de cuidados naturais com a pele e sinta a diferen\u00e7a.","email":"info@lraloeverashop.eu","telephone":"+49 17670609653","legalName":"Lr Aloe Vera Shop","foundingDate":"2018-04-21","numberOfEmployees":{"@type":"QuantitativeValue","minValue":"1","maxValue":"10"}}]},"product_price_amount":"45.79","product_price_currency":"EUR","og_availability":"instock","product_availability":"instock","product_retailer_item_id":"80850-480PT","product_condition":"new"},"taxonomy_info":{"product_cat":[{"value":401,"label":"Base"},{"value":467,"label":"Especialistas"},{"value":294,"label":"Gel Beb\u00edvel Aloe Vera"},{"value":437,"label":"Intestino e Digest\u00e3o"},{"value":419,"label":"Ossos, Articula\u00e7\u00f5es e M\u00fasculos"}],"product_tag":[{"value":612,"label":"Bebidas desintoxicantes"},{"value":674,"label":"Dores nas articula\u00e7\u00f5es"}]},"featured_image_src_large":["https:\/\/www.lraloeverashop.eu\/wp-content\/uploads\/2022\/10\/Aloe-Vera-Drinking-Gel-Active-Freedom-1024x1024.jpg",1024,1024,true],"author_info":[],"comment_info":0,"_links":{"self":[{"href":"https:\/\/www.lraloeverashop.eu\/pt-pt\/wp-json\/wp\/v2\/product\/10048","targetHints":{"allow":["GET"]}}],"collection":[{"href":"https:\/\/www.lraloeverashop.eu\/pt-pt\/wp-json\/wp\/v2\/product"}],"about":[{"href":"https:\/\/www.lraloeverashop.eu\/pt-pt\/wp-json\/wp\/v2\/types\/product"}],"replies":[{"embeddable":true,"href":"https:\/\/www.lraloeverashop.eu\/pt-pt\/wp-json\/wp\/v2\/comments?post=10048"}],"wp:featuredmedia":[{"embeddable":true,"href":"https:\/\/www.lraloeverashop.eu\/pt-pt\/wp-json\/wp\/v2\/media\/5301"}],"wp:attachment":[{"href":"https:\/\/www.lraloeverashop.eu\/pt-pt\/wp-json\/wp\/v2\/media?parent=10048"}],"wp:term":[{"taxonomy":"product_brand","embeddable":true,"href":"https:\/\/www.lraloeverashop.eu\/pt-pt\/wp-json\/wp\/v2\/product_brand?post=10048"},{"taxonomy":"product_cat","embeddable":true,"href":"https:\/\/www.lraloeverashop.eu\/pt-pt\/wp-json\/wp\/v2\/product_cat?post=10048"},{"taxonomy":"product_tag","embeddable":true,"href":"https:\/\/www.lraloeverashop.eu\/pt-pt\/wp-json\/wp\/v2\/product_tag?post=10048"}],"curies":[{"name":"wp","href":"https:\/\/api.w.org\/{rel}","templated":true}]}}