{"id":6442,"date":"2022-09-22T13:07:14","date_gmt":"2022-09-22T11:07:14","guid":{"rendered":"https:\/\/www.lraloeverashop.eu\/politica-de-devolucao\/"},"modified":"2024-10-16T07:52:35","modified_gmt":"2024-10-16T05:52:35","slug":"politica-de-devolucao","status":"publish","type":"page","link":"https:\/\/www.lraloeverashop.eu\/pt-pt\/politica-de-devolucao\/","title":{"rendered":"Pol\u00edtica de devolu\u00e7\u00e3o"},"content":{"rendered":"\n<p class=\"has-medium-font-size\"><strong>NOTA IMPORTANTE<\/strong><\/p>\n\n\n\n<p><strong><mark class=\"has-inline-color\" style=\"background-color: rgba(0, 0, 0, 0); color: #ff0000;\">Nota importante: De acordo com \u00a7 312 g par. 2 n\u00e3o. 3 BGB, o direito de revoga\u00e7\u00e3o n\u00e3o se aplica aos contratos de entrega de mercadorias seladas que n\u00e3o sejam pass\u00edveis de devolu\u00e7\u00e3o por motivos de sa\u00fade ou higiene se o selo tiver sido removido ap\u00f3s a entrega.<\/mark><\/strong><\/p>\n\n\n\n<p>Voc\u00ea pode cancelar ou devolver seu pedido dentro de um per\u00edodo de quatorze dias sem fornecer qualquer motivo. O prazo de rescis\u00e3o ser\u00e1 contado catorze dias a partir da data em que voc\u00ea ou um terceiro que voc\u00ea designar, que n\u00e3o seja o transportador, tenha tomado posse do \u00faltimo produto.<\/p>\n\n\n\n<p>Se voc\u00ea deseja cancelar ou devolver seu pedido, envie-nos um aviso por escrito enviado para Lr Aloe Vera Shop,(Stanislav Rurik) Schillerstr. 8, D-70771 Leinfelden Echterdingen, Alemanha, Telefone: +49 176 70 60 96 53, E-mail: info@lraloeverashop.eu, antes do final do per\u00edodo de rescis\u00e3o.\r\nUma declara\u00e7\u00e3o (por exemplo, uma carta ou e-mail) sobre sua decis\u00e3o de revogar este contrato \u00e9 suficiente.<\/p>\n\n\n\n<p>Forneceremos um reembolso tentando usar o mesmo m\u00e9todo usado para fazer o pagamento o mais r\u00e1pido poss\u00edvel e, no m\u00e1ximo, dentro de 14 dias ap\u00f3s o recebimento do aviso de cancelamento, desde que tenhamos recebido os itens ou evid\u00eancia de que voc\u00ea os enviou de volta. Outra forma de pagamento pode ser usada para o reembolso, desde que voc\u00ea concorde com tal altera\u00e7\u00e3o; em qualquer caso, isso n\u00e3o gerar\u00e1 cobran\u00e7as adicionais. O reembolso que receber\u00e1 excluir\u00e1 os custos de entrega. Reembolsaremos apenas o custo do produto.<\/p>\n\n\n\n<p><strong>FPara todas as remessas que n\u00e3o podem ser entregues ao Cliente, a DHL organiza a devolu\u00e7\u00e3o ao endere\u00e7o original do remetente. O custo de envio n\u00e3o ser\u00e1 reembolsado e a taxa de devolu\u00e7\u00e3o de 4 euros ser\u00e1 cobrada ao Cliente.<\/strong><\/p>\n\n\n\n<p>Isto n\u00e3o se aplica, se o Cliente exercer efetivamente o seu direito de cancelamento, se a entrega n\u00e3o puder ser feita devido a circunst\u00e2ncias fora do controle do Cliente ou se ele tiver sido temporariamente impedido de receber o servi\u00e7o oferecido, a menos que o Vendedor tenha notificado o Cliente sobre a servi\u00e7o com um tempo razo\u00e1vel de anteced\u00eancia.<\/p>\n\n\n\n<p>Se o produto que voc\u00ea recebeu estiver com defeito, notifique imediatamente a Naturkosmetik &amp; Aloe Vera Beratung e devolva o item de acordo com a se\u00e7\u00e3o Devolu\u00e7\u00f5es abaixo. A Naturkosmetik &amp; Aloe Vera Beratung fornecer\u00e1, para quaisquer produtos considerados defeituosos, um reembolso total. As disposi\u00e7\u00f5es aqui estabelecidas n\u00e3o limitam quaisquer direitos estatut\u00e1rios aplic\u00e1veis.<\/p>\n\n\n<style>.wp-block-kadence-advancedheading.kt-adv-heading6442_68ac2e-55, .wp-block-kadence-advancedheading.kt-adv-heading6442_68ac2e-55[data-kb-block=\"kb-adv-heading6442_68ac2e-55\"]{font-size:24px;font-style:normal;}.wp-block-kadence-advancedheading.kt-adv-heading6442_68ac2e-55 mark.kt-highlight, .wp-block-kadence-advancedheading.kt-adv-heading6442_68ac2e-55[data-kb-block=\"kb-adv-heading6442_68ac2e-55\"] mark.kt-highlight{font-style:normal;color:#f76a0c;-webkit-box-decoration-break:clone;box-decoration-break:clone;padding-top:0px;padding-right:0px;padding-bottom:0px;padding-left:0px;}.wp-block-kadence-advancedheading.kt-adv-heading6442_68ac2e-55 img.kb-inline-image, .wp-block-kadence-advancedheading.kt-adv-heading6442_68ac2e-55[data-kb-block=\"kb-adv-heading6442_68ac2e-55\"] img.kb-inline-image{width:150px;vertical-align:baseline;}<\/style>\n<p class=\"kt-adv-heading6442_68ac2e-55 wp-block-kadence-advancedheading\" data-kb-block=\"kb-adv-heading6442_68ac2e-55\"><strong>DEVOLU\u00c7\u00d5ES<\/strong><\/p>\n\n\n\n<p>A Loja Aloe Vera garante o reembolso total dos artigos devolvidos de acordo com a sec\u00e7\u00e3o Retirada de Encomenda, desde que todos os artigos sejam devolvidos nas mesmas condi\u00e7\u00f5es em que se encontravam aquando da sua rece\u00e7\u00e3o. Isso significa que os itens n\u00e3o devem ter sido abertos ou os pacotes danificados. Podemos recusar o reembolso at\u00e9 que tenhamos recebido a mercadoria.<\/p>\n\n\n\n<p><strong><mark style=\"background-color:rgba(0, 0, 0, 0);color:#ff0000\" class=\"has-inline-color\">Aceitamos devolu\u00e7\u00f5es apenas de pa\u00edses da UE.<\/mark><\/strong><\/p>\n","protected":false},"excerpt":{"rendered":"<p>NOTA IMPORTANTE Nota importante: De acordo com \u00a7 312 g par. 2 n\u00e3o. 3 BGB, o direito de revoga\u00e7\u00e3o n\u00e3o se aplica aos contratos de entrega de mercadorias seladas que n\u00e3o sejam pass\u00edveis de devolu\u00e7\u00e3o por motivos de sa\u00fade ou higiene se o selo tiver sido removido ap\u00f3s a entrega. Voc\u00ea pode cancelar ou devolver&#8230;<\/p>\n","protected":false},"author":2,"featured_media":0,"parent":0,"menu_order":0,"comment_status":"closed","ping_status":"closed","template":"","meta":{"_kad_blocks_custom_css":"","_kad_blocks_head_custom_js":"","_kad_blocks_body_custom_js":"","_kad_blocks_footer_custom_js":"","_kadence_starter_templates_imported_post":false,"_kad_post_transparent":"","_kad_post_title":"","_kad_post_layout":"","_kad_post_sidebar_id":"","_kad_post_content_style":"","_kad_post_vertical_padding":"","_kad_post_feature":"","_kad_post_feature_position":"","_kad_post_header":false,"_kad_post_footer":false,"_kad_post_classname":"","footnotes":""},"class_list":["post-6442","page","type-page","status-publish","hentry"],"yoast_head":"<!-- This site is optimized with the Yoast SEO Premium plugin v27.4 (Yoast SEO v27.4) - https:\/\/yoast.com\/product\/yoast-seo-premium-wordpress\/ -->\n<title>Pol\u00edtica de devolu\u00e7\u00e3o para Loja Lr Aloe Vera<\/title>\n<meta name=\"description\" content=\"A Pol\u00edtica de Devolu\u00e7\u00f5es d\u00e1-lhe a possibilidade de cancelar ou devolver a sua encomenda num prazo de catorze dias sem indicar qualquer motivo.\" \/>\n<meta name=\"robots\" content=\"index, follow, max-snippet:-1, max-image-preview:large, max-video-preview:-1\" \/>\n<link rel=\"canonical\" href=\"https:\/\/www.lraloeverashop.eu\/pt-pt\/politica-de-devolucao\/\" \/>\n<meta property=\"og:locale\" content=\"pt_PT\" \/>\n<meta property=\"og:type\" content=\"article\" \/>\n<meta property=\"og:title\" content=\"Pol\u00edtica de devolu\u00e7\u00e3o\" \/>\n<meta property=\"og:description\" content=\"A Pol\u00edtica de Devolu\u00e7\u00f5es d\u00e1-lhe a possibilidade de cancelar ou devolver a sua encomenda num prazo de catorze dias sem indicar qualquer motivo.\" \/>\n<meta property=\"og:url\" content=\"https:\/\/www.lraloeverashop.eu\/pt-pt\/politica-de-devolucao\/\" \/>\n<meta property=\"og:site_name\" content=\"Lr Loja Aloe Vera\" \/>\n<meta property=\"article:publisher\" content=\"https:\/\/www.facebook.com\/lraloeverashop.eu\" \/>\n<meta property=\"article:modified_time\" content=\"2024-10-16T05:52:35+00:00\" \/>\n<meta property=\"og:image\" content=\"https:\/\/www.lraloeverashop.eu\/wp-content\/uploads\/2022\/10\/Zeitgard-Pro-Skin-Care.jpg\" \/>\n\t<meta property=\"og:image:width\" content=\"1607\" \/>\n\t<meta property=\"og:image:height\" content=\"707\" \/>\n\t<meta property=\"og:image:type\" content=\"image\/jpeg\" \/>\n<meta name=\"twitter:card\" content=\"summary_large_image\" \/>\n<meta name=\"twitter:site\" content=\"@natur__kosmetik\" \/>\n<script type=\"application\/ld+json\" class=\"yoast-schema-graph\">{\"@context\":\"https:\\\/\\\/schema.org\",\"@graph\":[{\"@type\":\"WebPage\",\"@id\":\"https:\\\/\\\/www.lraloeverashop.eu\\\/pt-pt\\\/politica-de-devolucao\\\/\",\"url\":\"https:\\\/\\\/www.lraloeverashop.eu\\\/pt-pt\\\/politica-de-devolucao\\\/\",\"name\":\"Pol\u00edtica de devolu\u00e7\u00e3o para Loja Lr Aloe Vera\",\"isPartOf\":{\"@id\":\"https:\\\/\\\/www.lraloeverashop.eu\\\/pt-pt\\\/#website\"},\"datePublished\":\"2022-09-22T11:07:14+00:00\",\"dateModified\":\"2024-10-16T05:52:35+00:00\",\"description\":\"A Pol\u00edtica de Devolu\u00e7\u00f5es d\u00e1-lhe a possibilidade de cancelar ou devolver a sua encomenda num prazo de catorze dias sem indicar qualquer motivo.\",\"breadcrumb\":{\"@id\":\"https:\\\/\\\/www.lraloeverashop.eu\\\/pt-pt\\\/politica-de-devolucao\\\/#breadcrumb\"},\"inLanguage\":\"pt-PT\",\"potentialAction\":[{\"@type\":\"ReadAction\",\"target\":[\"https:\\\/\\\/www.lraloeverashop.eu\\\/pt-pt\\\/politica-de-devolucao\\\/\"]}]},{\"@type\":\"BreadcrumbList\",\"@id\":\"https:\\\/\\\/www.lraloeverashop.eu\\\/pt-pt\\\/politica-de-devolucao\\\/#breadcrumb\",\"itemListElement\":[{\"@type\":\"ListItem\",\"position\":1,\"name\":\"Home\",\"item\":\"https:\\\/\\\/www.lraloeverashop.eu\\\/pt-pt\\\/\"},{\"@type\":\"ListItem\",\"position\":2,\"name\":\"Pol\u00edtica de devolu\u00e7\u00e3o\"}]},{\"@type\":\"WebSite\",\"@id\":\"https:\\\/\\\/www.lraloeverashop.eu\\\/pt-pt\\\/#website\",\"url\":\"https:\\\/\\\/www.lraloeverashop.eu\\\/pt-pt\\\/\",\"name\":\"Lr Loja Aloe Vera\",\"description\":\"High Quality Lr Aloe Vera Gel, Aloe Vera Cream and Shampoo\",\"publisher\":{\"@id\":\"https:\\\/\\\/www.lraloeverashop.eu\\\/pt-pt\\\/#organization\"},\"potentialAction\":[{\"@type\":\"SearchAction\",\"target\":{\"@type\":\"EntryPoint\",\"urlTemplate\":\"https:\\\/\\\/www.lraloeverashop.eu\\\/pt-pt\\\/?s={search_term_string}\"},\"query-input\":{\"@type\":\"PropertyValueSpecification\",\"valueRequired\":true,\"valueName\":\"search_term_string\"}}],\"inLanguage\":\"pt-PT\"},{\"@type\":\"Organization\",\"@id\":\"https:\\\/\\\/www.lraloeverashop.eu\\\/pt-pt\\\/#organization\",\"name\":\"Loja Lr Aloe Vera\",\"alternateName\":\"LR\",\"url\":\"https:\\\/\\\/www.lraloeverashop.eu\\\/pt-pt\\\/\",\"logo\":{\"@type\":\"ImageObject\",\"inLanguage\":\"pt-PT\",\"@id\":\"https:\\\/\\\/www.lraloeverashop.eu\\\/pt-pt\\\/#\\\/schema\\\/logo\\\/image\\\/\",\"url\":\"https:\\\/\\\/www.lraloeverashop.eu\\\/wp-content\\\/uploads\\\/2022\\\/09\\\/cropped-Lr-Aloe-Vera-Shop.jpg\",\"contentUrl\":\"https:\\\/\\\/www.lraloeverashop.eu\\\/wp-content\\\/uploads\\\/2022\\\/09\\\/cropped-Lr-Aloe-Vera-Shop.jpg\",\"width\":228,\"height\":76,\"caption\":\"Loja Lr Aloe Vera\"},\"image\":{\"@id\":\"https:\\\/\\\/www.lraloeverashop.eu\\\/pt-pt\\\/#\\\/schema\\\/logo\\\/image\\\/\"},\"sameAs\":[\"https:\\\/\\\/www.facebook.com\\\/lraloeverashop.eu\",\"https:\\\/\\\/x.com\\\/natur__kosmetik\",\"https:\\\/\\\/www.youtube.com\\\/channel\\\/UC5oN7BJ8nfYb8RpVtjwDEBA\",\"https:\\\/\\\/www.instagram.com\\\/lrbeautyeu\\\/\"],\"description\":\"Loja Lr Aloe Vera \u00e9 o seu destino de confian\u00e7a para os produtos de sa\u00fade e beleza premium da LR, fabricados na Alemanha. Oferecemos solu\u00e7\u00f5es de alta qualidade para o cuidado da pele, nutri\u00e7\u00e3o e antienvelhecimento \u00e0 base de Alo\u00e9 Vera, elaboradas com ingredientes puros e apoiadas em investiga\u00e7\u00e3o cient\u00edfica. Descubra o cuidado natural que regenera, protege e revitaliza a sua pele \u2014 e aproveite as ofertas mensais exclusivas nos nossos produtos LR Alo\u00e9 Vera mais vendidos.\\nComece hoje mesmo a sua jornada de cuidados naturais com a pele e sinta a diferen\u00e7a.\",\"email\":\"info@lraloeverashop.eu\",\"telephone\":\"+49 17670609653\",\"legalName\":\"Lr Aloe Vera Shop\",\"foundingDate\":\"2018-04-21\",\"numberOfEmployees\":{\"@type\":\"QuantitativeValue\",\"minValue\":\"1\",\"maxValue\":\"10\"}}]}<\/script>\n<!-- \/ Yoast SEO Premium plugin. -->","yoast_head_json":{"title":"Pol\u00edtica de devolu\u00e7\u00e3o para Loja Lr Aloe Vera","description":"A Pol\u00edtica de Devolu\u00e7\u00f5es d\u00e1-lhe a possibilidade de cancelar ou devolver a sua encomenda num prazo de catorze dias sem indicar qualquer motivo.","robots":{"index":"index","follow":"follow","max-snippet":"max-snippet:-1","max-image-preview":"max-image-preview:large","max-video-preview":"max-video-preview:-1"},"canonical":"https:\/\/www.lraloeverashop.eu\/pt-pt\/politica-de-devolucao\/","og_locale":"pt_PT","og_type":"article","og_title":"Pol\u00edtica de devolu\u00e7\u00e3o","og_description":"A Pol\u00edtica de Devolu\u00e7\u00f5es d\u00e1-lhe a possibilidade de cancelar ou devolver a sua encomenda num prazo de catorze dias sem indicar qualquer motivo.","og_url":"https:\/\/www.lraloeverashop.eu\/pt-pt\/politica-de-devolucao\/","og_site_name":"Lr Loja Aloe Vera","article_publisher":"https:\/\/www.facebook.com\/lraloeverashop.eu","article_modified_time":"2024-10-16T05:52:35+00:00","og_image":[{"width":1607,"height":707,"url":"https:\/\/www.lraloeverashop.eu\/wp-content\/uploads\/2022\/10\/Zeitgard-Pro-Skin-Care.jpg","type":"image\/jpeg"}],"twitter_card":"summary_large_image","twitter_site":"@natur__kosmetik","schema":{"@context":"https:\/\/schema.org","@graph":[{"@type":"WebPage","@id":"https:\/\/www.lraloeverashop.eu\/pt-pt\/politica-de-devolucao\/","url":"https:\/\/www.lraloeverashop.eu\/pt-pt\/politica-de-devolucao\/","name":"Pol\u00edtica de devolu\u00e7\u00e3o para Loja Lr Aloe Vera","isPartOf":{"@id":"https:\/\/www.lraloeverashop.eu\/pt-pt\/#website"},"datePublished":"2022-09-22T11:07:14+00:00","dateModified":"2024-10-16T05:52:35+00:00","description":"A Pol\u00edtica de Devolu\u00e7\u00f5es d\u00e1-lhe a possibilidade de cancelar ou devolver a sua encomenda num prazo de catorze dias sem indicar qualquer motivo.","breadcrumb":{"@id":"https:\/\/www.lraloeverashop.eu\/pt-pt\/politica-de-devolucao\/#breadcrumb"},"inLanguage":"pt-PT","potentialAction":[{"@type":"ReadAction","target":["https:\/\/www.lraloeverashop.eu\/pt-pt\/politica-de-devolucao\/"]}]},{"@type":"BreadcrumbList","@id":"https:\/\/www.lraloeverashop.eu\/pt-pt\/politica-de-devolucao\/#breadcrumb","itemListElement":[{"@type":"ListItem","position":1,"name":"Home","item":"https:\/\/www.lraloeverashop.eu\/pt-pt\/"},{"@type":"ListItem","position":2,"name":"Pol\u00edtica de devolu\u00e7\u00e3o"}]},{"@type":"WebSite","@id":"https:\/\/www.lraloeverashop.eu\/pt-pt\/#website","url":"https:\/\/www.lraloeverashop.eu\/pt-pt\/","name":"Lr Loja Aloe Vera","description":"High Quality Lr Aloe Vera Gel, Aloe Vera Cream and Shampoo","publisher":{"@id":"https:\/\/www.lraloeverashop.eu\/pt-pt\/#organization"},"potentialAction":[{"@type":"SearchAction","target":{"@type":"EntryPoint","urlTemplate":"https:\/\/www.lraloeverashop.eu\/pt-pt\/?s={search_term_string}"},"query-input":{"@type":"PropertyValueSpecification","valueRequired":true,"valueName":"search_term_string"}}],"inLanguage":"pt-PT"},{"@type":"Organization","@id":"https:\/\/www.lraloeverashop.eu\/pt-pt\/#organization","name":"Loja Lr Aloe Vera","alternateName":"LR","url":"https:\/\/www.lraloeverashop.eu\/pt-pt\/","logo":{"@type":"ImageObject","inLanguage":"pt-PT","@id":"https:\/\/www.lraloeverashop.eu\/pt-pt\/#\/schema\/logo\/image\/","url":"https:\/\/www.lraloeverashop.eu\/wp-content\/uploads\/2022\/09\/cropped-Lr-Aloe-Vera-Shop.jpg","contentUrl":"https:\/\/www.lraloeverashop.eu\/wp-content\/uploads\/2022\/09\/cropped-Lr-Aloe-Vera-Shop.jpg","width":228,"height":76,"caption":"Loja Lr Aloe Vera"},"image":{"@id":"https:\/\/www.lraloeverashop.eu\/pt-pt\/#\/schema\/logo\/image\/"},"sameAs":["https:\/\/www.facebook.com\/lraloeverashop.eu","https:\/\/x.com\/natur__kosmetik","https:\/\/www.youtube.com\/channel\/UC5oN7BJ8nfYb8RpVtjwDEBA","https:\/\/www.instagram.com\/lrbeautyeu\/"],"description":"Loja Lr Aloe Vera \u00e9 o seu destino de confian\u00e7a para os produtos de sa\u00fade e beleza premium da LR, fabricados na Alemanha. Oferecemos solu\u00e7\u00f5es de alta qualidade para o cuidado da pele, nutri\u00e7\u00e3o e antienvelhecimento \u00e0 base de Alo\u00e9 Vera, elaboradas com ingredientes puros e apoiadas em investiga\u00e7\u00e3o cient\u00edfica. Descubra o cuidado natural que regenera, protege e revitaliza a sua pele \u2014 e aproveite as ofertas mensais exclusivas nos nossos produtos LR Alo\u00e9 Vera mais vendidos.\nComece hoje mesmo a sua jornada de cuidados naturais com a pele e sinta a diferen\u00e7a.","email":"info@lraloeverashop.eu","telephone":"+49 17670609653","legalName":"Lr Aloe Vera Shop","foundingDate":"2018-04-21","numberOfEmployees":{"@type":"QuantitativeValue","minValue":"1","maxValue":"10"}}]}},"taxonomy_info":[],"featured_image_src_large":false,"author_info":{"display_name":"Stanislav Rurik","author_link":"https:\/\/www.lraloeverashop.eu\/pt-pt\/author\/admin_stanislavrurik\/"},"comment_info":0,"_links":{"self":[{"href":"https:\/\/www.lraloeverashop.eu\/pt-pt\/wp-json\/wp\/v2\/pages\/6442","targetHints":{"allow":["GET"]}}],"collection":[{"href":"https:\/\/www.lraloeverashop.eu\/pt-pt\/wp-json\/wp\/v2\/pages"}],"about":[{"href":"https:\/\/www.lraloeverashop.eu\/pt-pt\/wp-json\/wp\/v2\/types\/page"}],"author":[{"embeddable":true,"href":"https:\/\/www.lraloeverashop.eu\/pt-pt\/wp-json\/wp\/v2\/users\/2"}],"replies":[{"embeddable":true,"href":"https:\/\/www.lraloeverashop.eu\/pt-pt\/wp-json\/wp\/v2\/comments?post=6442"}],"version-history":[{"count":0,"href":"https:\/\/www.lraloeverashop.eu\/pt-pt\/wp-json\/wp\/v2\/pages\/6442\/revisions"}],"wp:attachment":[{"href":"https:\/\/www.lraloeverashop.eu\/pt-pt\/wp-json\/wp\/v2\/media?parent=6442"}],"curies":[{"name":"wp","href":"https:\/\/api.w.org\/{rel}","templated":true}]}}